{"id":12414,"date":"2024-03-23T13:37:43","date_gmt":"2024-03-23T12:37:43","guid":{"rendered":"https:\/\/locsshop.eu\/da\/shop\/forstoerrelses-clip-on-briller-med-etui-forstoerrer-200\/"},"modified":"2024-10-14T21:37:39","modified_gmt":"2024-10-14T19:37:39","slug":"forstoerrelses-clip-on-briller-med-etui-forstoerrer-200","status":"publish","type":"product","link":"https:\/\/locsshop.eu\/it\/shop\/forstoerrelses-clip-on-briller-med-etui-forstoerrer-200\/","title":{"rendered":"Lenti d&#039;ingrandimento Clip-On con custodia | Lente d&#039;ingrandimento 200%"},"content":{"rendered":"<h2>Occhiali clip-on intelligenti che ingrandiscono 200%<\/h2>\n<p>Puoi usare questi occhiali clip-on intelligenti se hai bisogno di vedere le cose meglio.<br \/>\nSono eccezionali quando si creano gioielli, si legge, si ripara l&#039;orologio o per molti altri scopi.<br \/>\nI fantastici occhiali Clip-On possono essere fissati a quasi tutti gli occhiali con il sistema a molla intelligente. Quindi puoi sollevare facilmente gli occhiali in qualsiasi momento se non desideri l&#039;effetto di ingrandimento per un po&#039;.<\/p>\n<p><span data-text-color=\"secondary\">Gli occhiali da sole sono mostrati nelle immagini su un paio di occhiali (gli occhiali non sono inclusi)<br \/>\n\u00c8 inclusa una custodia in similpelle per riporre in sicurezza gli occhiali da sole in modo che non si graffino.<\/span><\/p>\n<p>Larghezza totale: 11,8 cm.<br \/>\nLarghezza per vetro: 5 cm.<br \/>\nAltezza del vetro: 4 cm.<br \/>\nSpazio tra i bicchieri: 1,8 cm.<\/p>","protected":false},"excerpt":{"rendered":"<ul>\n<li>Lente d&#039;ingrandimento 2X (200%)<\/li>\n<li>Ottimo per la produzione di gioielli o lavori di orologeria<\/li>\n<li>Ottimo per leggere con gli occhiali invece degli occhiali da lettura<\/li>\n<li>Funzione di inclinazione intelligente<\/li>\n<li>Pu\u00f2 essere attaccato alla maggior parte degli occhiali<\/li>\n<\/ul>","protected":false},"featured_media":12411,"comment_status":"open","ping_status":"closed","template":"","meta":{"om_disable_all_campaigns":false,"_monsterinsights_skip_tracking":false,"_monsterinsights_sitenote_active":false,"_monsterinsights_sitenote_note":"","_monsterinsights_sitenote_category":0},"product_brand":[],"product_cat":[1033,1035],"product_tag":[1253,1254,870],"class_list":{"0":"post-12414","1":"product","2":"type-product","3":"status-publish","4":"has-post-thumbnail","6":"product_cat-briller","7":"product_cat-laesebriller-laesesolbriller","8":"product_tag-clip-on","9":"product_tag-clipon","10":"product_tag-p693","12":"first","13":"outofstock","14":"shipping-taxable","15":"purchasable","16":"product-type-simple"},"yoast_head":"<!-- This site is optimized with the Yoast SEO plugin v27.5 - https:\/\/yoast.com\/product\/yoast-seo-wordpress\/ -->\n<title>Forst\u00f8rrelses Clip-On briller med etui | Forst\u00f8rrer 200% | K\u00f8b online her | LOCS<\/title>\n<meta name=\"description\" content=\"K\u00f8b Forst\u00f8rrelses Clip-On briller med etui | Forst\u00f8rrer 200% her | EU&#039;s st\u00f8rste udvalg af LOCS solbriller | Vi sender fra EU - Ingen ekstra import udgifter\" \/>\n<meta name=\"robots\" content=\"index, follow, max-snippet:-1, max-image-preview:large, max-video-preview:-1\" \/>\n<link rel=\"canonical\" href=\"https:\/\/locsshop.eu\/it\/shop\/forstoerrelses-clip-on-briller-med-etui-forstoerrer-200\/\" \/>\n<meta property=\"og:locale\" content=\"it_IT\" \/>\n<meta property=\"og:type\" content=\"article\" \/>\n<meta property=\"og:title\" content=\"Forst\u00f8rrelses Clip-On briller med etui | Forst\u00f8rrer 200% | K\u00f8b online her | LOCS\" \/>\n<meta property=\"og:description\" content=\"K\u00f8b Forst\u00f8rrelses Clip-On briller med etui | Forst\u00f8rrer 200% her | EU&#039;s st\u00f8rste udvalg af LOCS solbriller | Vi sender fra EU - Ingen ekstra import udgifter\" \/>\n<meta property=\"og:url\" content=\"https:\/\/locsshop.eu\/it\/shop\/forstoerrelses-clip-on-briller-med-etui-forstoerrer-200\/\" \/>\n<meta property=\"og:site_name\" content=\"Locs Sunglasses - LOCS Supplier in EU\" \/>\n<meta property=\"article:modified_time\" content=\"2024-10-14T19:37:39+00:00\" \/>\n<meta property=\"og:image\" content=\"https:\/\/locsshop.eu\/wp-content\/uploads\/2024\/03\/09062-3.jpg\" \/>\n\t<meta property=\"og:image:width\" content=\"800\" \/>\n\t<meta property=\"og:image:height\" content=\"800\" \/>\n\t<meta property=\"og:image:type\" content=\"image\/jpeg\" \/>\n<meta name=\"twitter:card\" content=\"summary_large_image\" \/>\n<meta name=\"twitter:label1\" content=\"Tempo di lettura stimato\" \/>\n\t<meta name=\"twitter:data1\" content=\"1 minuto\" \/>\n<script type=\"application\/ld+json\" class=\"yoast-schema-graph\">{\"@context\":\"https:\\\/\\\/schema.org\",\"@graph\":[{\"@type\":\"WebPage\",\"@id\":\"https:\\\/\\\/locsshop.eu\\\/shop\\\/forstoerrelses-clip-on-briller-med-etui-forstoerrer-200\\\/\",\"url\":\"https:\\\/\\\/locsshop.eu\\\/shop\\\/forstoerrelses-clip-on-briller-med-etui-forstoerrer-200\\\/\",\"name\":\"Forst\u00f8rrelses Clip-On briller med etui | Forst\u00f8rrer 200% | K\u00f8b online her | LOCS\",\"isPartOf\":{\"@id\":\"https:\\\/\\\/locsshop.eu\\\/#website\"},\"primaryImageOfPage\":{\"@id\":\"https:\\\/\\\/locsshop.eu\\\/shop\\\/forstoerrelses-clip-on-briller-med-etui-forstoerrer-200\\\/#primaryimage\"},\"image\":{\"@id\":\"https:\\\/\\\/locsshop.eu\\\/shop\\\/forstoerrelses-clip-on-briller-med-etui-forstoerrer-200\\\/#primaryimage\"},\"thumbnailUrl\":\"https:\\\/\\\/locsshop.eu\\\/wp-content\\\/uploads\\\/2024\\\/03\\\/09062-3.jpg\",\"datePublished\":\"2024-03-23T12:37:43+00:00\",\"dateModified\":\"2024-10-14T19:37:39+00:00\",\"description\":\"K\u00f8b Forst\u00f8rrelses Clip-On briller med etui | Forst\u00f8rrer 200% her | EU's st\u00f8rste udvalg af LOCS solbriller | Vi sender fra EU - Ingen ekstra import udgifter\",\"breadcrumb\":{\"@id\":\"https:\\\/\\\/locsshop.eu\\\/shop\\\/forstoerrelses-clip-on-briller-med-etui-forstoerrer-200\\\/#breadcrumb\"},\"inLanguage\":\"it-IT\",\"potentialAction\":[{\"@type\":\"ReadAction\",\"target\":[\"https:\\\/\\\/locsshop.eu\\\/shop\\\/forstoerrelses-clip-on-briller-med-etui-forstoerrer-200\\\/\"]}]},{\"@type\":\"ImageObject\",\"inLanguage\":\"it-IT\",\"@id\":\"https:\\\/\\\/locsshop.eu\\\/shop\\\/forstoerrelses-clip-on-briller-med-etui-forstoerrer-200\\\/#primaryimage\",\"url\":\"https:\\\/\\\/locsshop.eu\\\/wp-content\\\/uploads\\\/2024\\\/03\\\/09062-3.jpg\",\"contentUrl\":\"https:\\\/\\\/locsshop.eu\\\/wp-content\\\/uploads\\\/2024\\\/03\\\/09062-3.jpg\",\"width\":800,\"height\":800},{\"@type\":\"BreadcrumbList\",\"@id\":\"https:\\\/\\\/locsshop.eu\\\/shop\\\/forstoerrelses-clip-on-briller-med-etui-forstoerrer-200\\\/#breadcrumb\",\"itemListElement\":[{\"@type\":\"ListItem\",\"position\":1,\"name\":\"Hjem\",\"item\":\"https:\\\/\\\/locsshop.eu\\\/\"},{\"@type\":\"ListItem\",\"position\":2,\"name\":\"Shop\",\"item\":\"https:\\\/\\\/locsshop.eu\\\/shop\\\/\"},{\"@type\":\"ListItem\",\"position\":3,\"name\":\"Forst\u00f8rrelses Clip-On briller med etui | Forst\u00f8rrer 200%\"}]},{\"@type\":\"WebSite\",\"@id\":\"https:\\\/\\\/locsshop.eu\\\/#website\",\"url\":\"https:\\\/\\\/locsshop.eu\\\/\",\"name\":\"Locs Sunglasses - LOCS Supplier in EU\",\"description\":\"We sell cheap LOCS Sunglasses\",\"publisher\":{\"@id\":\"https:\\\/\\\/locsshop.eu\\\/#organization\"},\"potentialAction\":[{\"@type\":\"SearchAction\",\"target\":{\"@type\":\"EntryPoint\",\"urlTemplate\":\"https:\\\/\\\/locsshop.eu\\\/?s={search_term_string}\"},\"query-input\":{\"@type\":\"PropertyValueSpecification\",\"valueRequired\":true,\"valueName\":\"search_term_string\"}}],\"inLanguage\":\"it-IT\"},{\"@type\":\"Organization\",\"@id\":\"https:\\\/\\\/locsshop.eu\\\/#organization\",\"name\":\"Locsshop.eu\",\"url\":\"https:\\\/\\\/locsshop.eu\\\/\",\"logo\":{\"@type\":\"ImageObject\",\"inLanguage\":\"it-IT\",\"@id\":\"https:\\\/\\\/locsshop.eu\\\/#\\\/schema\\\/logo\\\/image\\\/\",\"url\":\"https:\\\/\\\/locsshop.eu\\\/wp-content\\\/uploads\\\/2022\\\/02\\\/Locsshop-logo.png\",\"contentUrl\":\"https:\\\/\\\/locsshop.eu\\\/wp-content\\\/uploads\\\/2022\\\/02\\\/Locsshop-logo.png\",\"width\":930,\"height\":200,\"caption\":\"Locsshop.eu\"},\"image\":{\"@id\":\"https:\\\/\\\/locsshop.eu\\\/#\\\/schema\\\/logo\\\/image\\\/\"}}]}<\/script>\n<!-- \/ Yoast SEO plugin. -->","yoast_head_json":{"title":"Lenti d&#039;ingrandimento Clip-On con custodia | Lente d&#039;ingrandimento 200% | Acquista online qui | LOC","description":"Acquista Occhiali con clip d&#039;ingrandimento con custodia | Ingrandisci 200% qui | La pi\u00f9 vasta selezione di occhiali da sole LOCS nell&#039;UE | Spediamo dall&#039;UE - Nessun costo di importazione aggiuntivo","robots":{"index":"index","follow":"follow","max-snippet":"max-snippet:-1","max-image-preview":"max-image-preview:large","max-video-preview":"max-video-preview:-1"},"canonical":"https:\/\/locsshop.eu\/it\/shop\/forstoerrelses-clip-on-briller-med-etui-forstoerrer-200\/","og_locale":"it_IT","og_type":"article","og_title":"Forst\u00f8rrelses Clip-On briller med etui | Forst\u00f8rrer 200% | K\u00f8b online her | LOCS","og_description":"K\u00f8b Forst\u00f8rrelses Clip-On briller med etui | Forst\u00f8rrer 200% her | EU's st\u00f8rste udvalg af LOCS solbriller | Vi sender fra EU - Ingen ekstra import udgifter","og_url":"https:\/\/locsshop.eu\/it\/shop\/forstoerrelses-clip-on-briller-med-etui-forstoerrer-200\/","og_site_name":"Locs Sunglasses - LOCS Supplier in EU","article_modified_time":"2024-10-14T19:37:39+00:00","og_image":[{"width":800,"height":800,"url":"https:\/\/locsshop.eu\/wp-content\/uploads\/2024\/03\/09062-3.jpg","type":"image\/jpeg"}],"twitter_card":"summary_large_image","twitter_misc":{"Tempo di lettura stimato":"1 minuto"},"schema":{"@context":"https:\/\/schema.org","@graph":[{"@type":"WebPage","@id":"https:\/\/locsshop.eu\/shop\/forstoerrelses-clip-on-briller-med-etui-forstoerrer-200\/","url":"https:\/\/locsshop.eu\/shop\/forstoerrelses-clip-on-briller-med-etui-forstoerrer-200\/","name":"Lenti d&#039;ingrandimento Clip-On con custodia | Lente d&#039;ingrandimento 200% | Acquista online qui | LOC","isPartOf":{"@id":"https:\/\/locsshop.eu\/#website"},"primaryImageOfPage":{"@id":"https:\/\/locsshop.eu\/shop\/forstoerrelses-clip-on-briller-med-etui-forstoerrer-200\/#primaryimage"},"image":{"@id":"https:\/\/locsshop.eu\/shop\/forstoerrelses-clip-on-briller-med-etui-forstoerrer-200\/#primaryimage"},"thumbnailUrl":"https:\/\/locsshop.eu\/wp-content\/uploads\/2024\/03\/09062-3.jpg","datePublished":"2024-03-23T12:37:43+00:00","dateModified":"2024-10-14T19:37:39+00:00","description":"Acquista Occhiali con clip d&#039;ingrandimento con custodia | Ingrandisci 200% qui | La pi\u00f9 vasta selezione di occhiali da sole LOCS nell&#039;UE | Spediamo dall&#039;UE - Nessun costo di importazione aggiuntivo","breadcrumb":{"@id":"https:\/\/locsshop.eu\/shop\/forstoerrelses-clip-on-briller-med-etui-forstoerrer-200\/#breadcrumb"},"inLanguage":"it-IT","potentialAction":[{"@type":"ReadAction","target":["https:\/\/locsshop.eu\/shop\/forstoerrelses-clip-on-briller-med-etui-forstoerrer-200\/"]}]},{"@type":"ImageObject","inLanguage":"it-IT","@id":"https:\/\/locsshop.eu\/shop\/forstoerrelses-clip-on-briller-med-etui-forstoerrer-200\/#primaryimage","url":"https:\/\/locsshop.eu\/wp-content\/uploads\/2024\/03\/09062-3.jpg","contentUrl":"https:\/\/locsshop.eu\/wp-content\/uploads\/2024\/03\/09062-3.jpg","width":800,"height":800},{"@type":"BreadcrumbList","@id":"https:\/\/locsshop.eu\/shop\/forstoerrelses-clip-on-briller-med-etui-forstoerrer-200\/#breadcrumb","itemListElement":[{"@type":"ListItem","position":1,"name":"Hjem","item":"https:\/\/locsshop.eu\/"},{"@type":"ListItem","position":2,"name":"Shop","item":"https:\/\/locsshop.eu\/shop\/"},{"@type":"ListItem","position":3,"name":"Forst\u00f8rrelses Clip-On briller med etui | Forst\u00f8rrer 200%"}]},{"@type":"WebSite","@id":"https:\/\/locsshop.eu\/#website","url":"https:\/\/locsshop.eu\/","name":"Occhiali da sole Locs - Fornitore LOCS nell&#039;UE","description":"Vendiamo occhiali da sole LOCS economici","publisher":{"@id":"https:\/\/locsshop.eu\/#organization"},"potentialAction":[{"@type":"SearchAction","target":{"@type":"EntryPoint","urlTemplate":"https:\/\/locsshop.eu\/?s={search_term_string}"},"query-input":{"@type":"PropertyValueSpecification","valueRequired":true,"valueName":"search_term_string"}}],"inLanguage":"it-IT"},{"@type":"Organization","@id":"https:\/\/locsshop.eu\/#organization","name":"Locsshop.eu","url":"https:\/\/locsshop.eu\/","logo":{"@type":"ImageObject","inLanguage":"it-IT","@id":"https:\/\/locsshop.eu\/#\/schema\/logo\/image\/","url":"https:\/\/locsshop.eu\/wp-content\/uploads\/2022\/02\/Locsshop-logo.png","contentUrl":"https:\/\/locsshop.eu\/wp-content\/uploads\/2022\/02\/Locsshop-logo.png","width":930,"height":200,"caption":"Locsshop.eu"},"image":{"@id":"https:\/\/locsshop.eu\/#\/schema\/logo\/image\/"}}]}},"_links":{"self":[{"href":"https:\/\/locsshop.eu\/it\/wp-json\/wp\/v2\/product\/12414","targetHints":{"allow":["GET"]}}],"collection":[{"href":"https:\/\/locsshop.eu\/it\/wp-json\/wp\/v2\/product"}],"about":[{"href":"https:\/\/locsshop.eu\/it\/wp-json\/wp\/v2\/types\/product"}],"replies":[{"embeddable":true,"href":"https:\/\/locsshop.eu\/it\/wp-json\/wp\/v2\/comments?post=12414"}],"wp:featuredmedia":[{"embeddable":true,"href":"https:\/\/locsshop.eu\/it\/wp-json\/wp\/v2\/media\/12411"}],"wp:attachment":[{"href":"https:\/\/locsshop.eu\/it\/wp-json\/wp\/v2\/media?parent=12414"}],"wp:term":[{"taxonomy":"product_brand","embeddable":true,"href":"https:\/\/locsshop.eu\/it\/wp-json\/wp\/v2\/product_brand?post=12414"},{"taxonomy":"product_cat","embeddable":true,"href":"https:\/\/locsshop.eu\/it\/wp-json\/wp\/v2\/product_cat?post=12414"},{"taxonomy":"product_tag","embeddable":true,"href":"https:\/\/locsshop.eu\/it\/wp-json\/wp\/v2\/product_tag?post=12414"}],"curies":[{"name":"parola chiave","href":"https:\/\/api.w.org\/{rel}","templated":true}]}}