{"id":13608,"date":"2025-01-15T01:42:09","date_gmt":"2025-01-15T00:42:09","guid":{"rendered":"https:\/\/locsshop.eu\/shop\/bolle-maddox-skibriller-22046-mat-lilla\/"},"modified":"2025-04-13T07:16:27","modified_gmt":"2025-04-13T05:16:27","slug":"bolle-maddox-skibriller-22046-mat-lilla","status":"publish","type":"product","link":"https:\/\/locsshop.eu\/it\/shop\/bolle-maddox-skibriller-22046-mat-lilla\/","title":{"rendered":"Occhiali da sci Boll\u00e9 Maddox \u2013 22046 | Matt Lila"},"content":{"rendered":"<h2><strong>Occhiali da sci Boll\u00e9 Maddox \u2013 22046 | Matt Lila<br \/>\nincl. Custodia in microfibra<\/strong><\/h2>\n<p>&nbsp;<\/p>\n<h1><strong>Dettagli degli occhiali da sci<\/strong><\/h1>\n<ul>\n<li style=\"list-style-type: none\">\n<ul>\n<li>Occhiali da sci super cool di Boll\u00e9 con una lente simile <strong>dona una luce rosa e fresca sulle piste. <\/strong>Inoltre, gli occhiali da sci hanno una superficie riflettente a specchio rosa\/argento che conferisce un aspetto fresco.<\/li>\n<li>Gli occhiali da sci hanno <strong>Lenti Vermillon Gun Cat 2<\/strong> che fornisce una percezione dettagliata del colore e una maggiore precisione visiva schermando e filtrando i raggi UV 100%.<\/li>\n<li><strong>Custodia in microfibra inclusa<\/strong> cos\u00ec puoi riporre delicatamente gli occhiali da sci. La custodia pu\u00f2 essere utilizzata anche per pulire delicatamente la lente.<\/li>\n<li><strong>Boll\u00e9 Flow-Tech<\/strong> il sistema di ventilazione offre una traspirabilit\u00e0 ottimale.<\/li>\n<li><strong>Unisex<\/strong> modello adatto sia agli uomini che alle donne<\/li>\n<li><strong>Lente antiappannamento<\/strong> - Riduce la formazione di condensa all&#039;interno degli occhiali quando vengono indossati.<\/li>\n<li><strong>Obiettivo di categoria 2 \u2013 <\/strong>Se desideri una lente adatta a tutte le condizioni atmosferiche, allora lenti tuttofare come questa sono la soluzione.<strong> Gli obiettivi di categoria 2 filtrano tra 57 e 80% della luce incidente.<\/strong><\/li>\n<li>Noi <strong>garanzie<\/strong> che sono le nostre maschere da sci <strong>100% originale<\/strong>, acquistato dal nostro fornitore di fiducia nell&#039;UE.<\/li>\n<li><img loading=\"lazy\" decoding=\"async\" class=\"alignnone size-medium wp-image-14850\" src=\"https:\/\/bazarsalg.dk\/wp-content\/uploads\/MADDOX_1.webp\" alt=\"\" width=\"720\" height=\"386\" \/> <img loading=\"lazy\" decoding=\"async\" class=\"alignnone size-medium wp-image-14851\" src=\"https:\/\/bazarsalg.dk\/wp-content\/uploads\/MADDOX_2.webp\" alt=\"\" width=\"720\" height=\"386\" \/><img loading=\"lazy\" decoding=\"async\" class=\"alignnone wp-image-14852 size-full\" src=\"https:\/\/bazarsalg.dk\/wp-content\/uploads\/Skaermbillede-2025-01-15-021602.jpg\" alt=\"\" width=\"980\" height=\"288\" \/> <img loading=\"lazy\" decoding=\"async\" class=\"alignnone wp-image-14853 size-full\" src=\"https:\/\/bazarsalg.dk\/wp-content\/uploads\/Skaermbillede-2025-01-15-021648.jpg\" alt=\"\" width=\"1397\" height=\"627\" \/><\/li>\n<\/ul>\n<\/li>\n<\/ul>\n<h3>___________________________________________________________________________________________________________________________________________<\/h3>\n<p>&nbsp;<\/p>\n<h3>Perch\u00e9 dovresti usare gli occhiali da sci e perch\u00e9 siamo il posto migliore per fare acquisti<\/h3>\n<p>Quando si scende sulle piste, \u00e8 importante proteggere gli occhi dal vento, dalla neve e dai forti raggi UV riflessi dalla neve. Gli occhiali da sci non sono solo un accessorio elegante: sono una necessit\u00e0 per ogni sciatore e snowboarder. Ma perch\u00e9 le maschere da sci sono cos\u00ec importanti e perch\u00e9 dovresti sceglierci per il tuo prossimo acquisto?<\/p>\n<h3><\/h3>\n<p>&nbsp;<\/p>\n<h3>L&#039;importanza degli occhiali da sci<\/h3>\n<ol>\n<li><strong>Protegge dai dannosi raggi UV:<\/strong> La neve riflette fino a 80% dei raggi UV del sole, il che pu\u00f2 portare alla cecit\u00e0 da neve. Gli occhiali da sci con protezione UV prevengono questo fenomeno e proteggono efficacemente i tuoi occhi.<\/li>\n<li><strong>Migliora la visibilit\u00e0:<\/strong> Con il giusto set di occhiali da sci, otterrai contrasto e chiarezza migliori, anche in condizioni meteorologiche difficili come nebbia o neve pesante. Ci\u00f2 migliora la tua sicurezza sulle piste.<\/li>\n<li><strong>Schermi contro vento e neve:<\/strong> Senza occhiali da sci, l&#039;aria fredda e la neve possono irritare gli occhi e rendere difficile la vista. Gli occhiali da sci mantengono gli occhi caldi e asciutti.<\/li>\n<li><strong>Riduce il riflesso della neve: <\/strong>Quando il sole splende, taglia gli occhi. Quando c&#039;\u00e8 la neve diventa ancora pi\u00f9 problematico in quanto il sole intensifica l&#039;abbagliamento e qui l&#039;importanza delle maschere da sci \u00e8 molto alta, poich\u00e9 assicurano che i tuoi occhi abbiano una visione piacevole e che non ti tagli negli occhi.<\/li>\n<\/ol>\n<p>&nbsp;<\/p>\n<h3>Perch\u00e8 sceglierci?<\/h3>\n<p>Con <strong>noi<\/strong> troverai un&#039;ampia selezione di maschere da sci di alta qualit\u00e0 a prezzi che non supereranno il budget. Offriamo maschere da sci con la tecnologia pi\u00f9 recente, incluso rivestimento antiappannamento e cinghie regolabili per un comfort ottimale.<\/p>\n<ul>\n<li><strong>Qualit\u00e0 a prezzi convenienti:<\/strong> Selezioniamo attentamente la nostra gamma per assicurarti di ottenere la migliore qualit\u00e0 al prezzo pi\u00f9 basso.<\/li>\n<li><strong>Consegna veloce:<\/strong> Quando ordini da noi, puoi aspettarti una consegna veloce, cos\u00ec sarai pronto per le piste in pochissimo tempo.<\/li>\n<li><strong>Ottimo servizio clienti:<\/strong> Il nostro team dedicato \u00e8 sempre pronto ad aiutarti a trovare la maschera da sci perfetta.<\/li>\n<\/ul>\n<p>Che tu sia uno sciatore esperto o nuovo sulle piste, fallo <strong>Noi<\/strong> il paio di occhiali da sci perfetto per te. Proteggi i tuoi occhi e goditi l&#039;avventura invernale con la tua nuova maschera da sci.<\/p>","protected":false},"excerpt":{"rendered":"<ul>\n<li>Con ampia fascia elastica regolabile e scritta logo 3D<\/li>\n<li>Per lo sci e lo snowboard<\/li>\n<li>Lente reflex a specchio<\/li>\n<li>incl. Custodia in microfibra<\/li>\n<\/ul>","protected":false},"featured_media":13611,"comment_status":"open","ping_status":"closed","template":"","meta":{"om_disable_all_campaigns":false,"_monsterinsights_skip_tracking":false,"_monsterinsights_sitenote_active":false,"_monsterinsights_sitenote_note":"","_monsterinsights_sitenote_category":0},"product_brand":[],"product_cat":[1560],"product_tag":[1574,1575,1559],"class_list":{"0":"post-13608","1":"product","2":"type-product","3":"status-publish","4":"has-post-thumbnail","6":"product_cat-skibriller","7":"product_tag-bolle","8":"product_tag-maddox","9":"product_tag-skibriller","11":"first","12":"instock","13":"sale","14":"purchasable","15":"product-type-simple"},"yoast_head":"<!-- This site is optimized with the Yoast SEO plugin v27.5 - https:\/\/yoast.com\/product\/yoast-seo-wordpress\/ -->\n<title>Boll\u00e9 Maddox skibriller - 22046 | Mat Lilla | K\u00f8b online her | LOCS<\/title>\n<meta name=\"description\" content=\"K\u00f8b Boll\u00e9 Maddox skibriller - 22046 | Mat Lilla her | EU&#039;s st\u00f8rste udvalg af LOCS solbriller | Vi sender fra EU - Ingen ekstra import udgifter\" \/>\n<meta name=\"robots\" content=\"index, follow, max-snippet:-1, max-image-preview:large, max-video-preview:-1\" \/>\n<link rel=\"canonical\" href=\"https:\/\/locsshop.eu\/it\/shop\/bolle-maddox-skibriller-22046-mat-lilla\/\" \/>\n<meta property=\"og:locale\" content=\"it_IT\" \/>\n<meta property=\"og:type\" content=\"article\" \/>\n<meta property=\"og:title\" content=\"Boll\u00e9 Maddox skibriller - 22046 | Mat Lilla | K\u00f8b online her | LOCS\" \/>\n<meta property=\"og:description\" content=\"K\u00f8b Boll\u00e9 Maddox skibriller - 22046 | Mat Lilla her | EU&#039;s st\u00f8rste udvalg af LOCS solbriller | Vi sender fra EU - Ingen ekstra import udgifter\" \/>\n<meta property=\"og:url\" content=\"https:\/\/locsshop.eu\/it\/shop\/bolle-maddox-skibriller-22046-mat-lilla\/\" \/>\n<meta property=\"og:site_name\" content=\"Locs Sunglasses - LOCS Supplier in EU\" \/>\n<meta property=\"article:modified_time\" content=\"2025-04-13T05:16:27+00:00\" \/>\n<meta property=\"og:image\" content=\"https:\/\/locsshop.eu\/wp-content\/uploads\/2025\/01\/54917359324_00-1.jpg\" \/>\n\t<meta property=\"og:image:width\" content=\"800\" \/>\n\t<meta property=\"og:image:height\" content=\"800\" \/>\n\t<meta property=\"og:image:type\" content=\"image\/jpeg\" \/>\n<meta name=\"twitter:card\" content=\"summary_large_image\" \/>\n<meta name=\"twitter:label1\" content=\"Tempo di lettura stimato\" \/>\n\t<meta name=\"twitter:data1\" content=\"3 minuti\" \/>\n<script type=\"application\/ld+json\" class=\"yoast-schema-graph\">{\"@context\":\"https:\\\/\\\/schema.org\",\"@graph\":[{\"@type\":\"WebPage\",\"@id\":\"https:\\\/\\\/locsshop.eu\\\/shop\\\/bolle-maddox-skibriller-22046-mat-lilla\\\/\",\"url\":\"https:\\\/\\\/locsshop.eu\\\/shop\\\/bolle-maddox-skibriller-22046-mat-lilla\\\/\",\"name\":\"Boll\u00e9 Maddox skibriller - 22046 | Mat Lilla | K\u00f8b online her | LOCS\",\"isPartOf\":{\"@id\":\"https:\\\/\\\/locsshop.eu\\\/#website\"},\"primaryImageOfPage\":{\"@id\":\"https:\\\/\\\/locsshop.eu\\\/shop\\\/bolle-maddox-skibriller-22046-mat-lilla\\\/#primaryimage\"},\"image\":{\"@id\":\"https:\\\/\\\/locsshop.eu\\\/shop\\\/bolle-maddox-skibriller-22046-mat-lilla\\\/#primaryimage\"},\"thumbnailUrl\":\"https:\\\/\\\/locsshop.eu\\\/wp-content\\\/uploads\\\/2025\\\/01\\\/54917359324_00-1.jpg\",\"datePublished\":\"2025-01-15T00:42:09+00:00\",\"dateModified\":\"2025-04-13T05:16:27+00:00\",\"description\":\"K\u00f8b Boll\u00e9 Maddox skibriller - 22046 | Mat Lilla her | EU's st\u00f8rste udvalg af LOCS solbriller | Vi sender fra EU - Ingen ekstra import udgifter\",\"breadcrumb\":{\"@id\":\"https:\\\/\\\/locsshop.eu\\\/shop\\\/bolle-maddox-skibriller-22046-mat-lilla\\\/#breadcrumb\"},\"inLanguage\":\"it-IT\",\"potentialAction\":[{\"@type\":\"ReadAction\",\"target\":[\"https:\\\/\\\/locsshop.eu\\\/shop\\\/bolle-maddox-skibriller-22046-mat-lilla\\\/\"]}]},{\"@type\":\"ImageObject\",\"inLanguage\":\"it-IT\",\"@id\":\"https:\\\/\\\/locsshop.eu\\\/shop\\\/bolle-maddox-skibriller-22046-mat-lilla\\\/#primaryimage\",\"url\":\"https:\\\/\\\/locsshop.eu\\\/wp-content\\\/uploads\\\/2025\\\/01\\\/54917359324_00-1.jpg\",\"contentUrl\":\"https:\\\/\\\/locsshop.eu\\\/wp-content\\\/uploads\\\/2025\\\/01\\\/54917359324_00-1.jpg\",\"width\":800,\"height\":800},{\"@type\":\"BreadcrumbList\",\"@id\":\"https:\\\/\\\/locsshop.eu\\\/shop\\\/bolle-maddox-skibriller-22046-mat-lilla\\\/#breadcrumb\",\"itemListElement\":[{\"@type\":\"ListItem\",\"position\":1,\"name\":\"Hjem\",\"item\":\"https:\\\/\\\/locsshop.eu\\\/\"},{\"@type\":\"ListItem\",\"position\":2,\"name\":\"Shop\",\"item\":\"https:\\\/\\\/locsshop.eu\\\/shop\\\/\"},{\"@type\":\"ListItem\",\"position\":3,\"name\":\"Boll\u00e9 Maddox skibriller &#8211; 22046 | Mat Lilla\"}]},{\"@type\":\"WebSite\",\"@id\":\"https:\\\/\\\/locsshop.eu\\\/#website\",\"url\":\"https:\\\/\\\/locsshop.eu\\\/\",\"name\":\"Locs Sunglasses - LOCS Supplier in EU\",\"description\":\"We sell cheap LOCS Sunglasses\",\"publisher\":{\"@id\":\"https:\\\/\\\/locsshop.eu\\\/#organization\"},\"potentialAction\":[{\"@type\":\"SearchAction\",\"target\":{\"@type\":\"EntryPoint\",\"urlTemplate\":\"https:\\\/\\\/locsshop.eu\\\/?s={search_term_string}\"},\"query-input\":{\"@type\":\"PropertyValueSpecification\",\"valueRequired\":true,\"valueName\":\"search_term_string\"}}],\"inLanguage\":\"it-IT\"},{\"@type\":\"Organization\",\"@id\":\"https:\\\/\\\/locsshop.eu\\\/#organization\",\"name\":\"Locsshop.eu\",\"url\":\"https:\\\/\\\/locsshop.eu\\\/\",\"logo\":{\"@type\":\"ImageObject\",\"inLanguage\":\"it-IT\",\"@id\":\"https:\\\/\\\/locsshop.eu\\\/#\\\/schema\\\/logo\\\/image\\\/\",\"url\":\"https:\\\/\\\/locsshop.eu\\\/wp-content\\\/uploads\\\/2022\\\/02\\\/Locsshop-logo.png\",\"contentUrl\":\"https:\\\/\\\/locsshop.eu\\\/wp-content\\\/uploads\\\/2022\\\/02\\\/Locsshop-logo.png\",\"width\":930,\"height\":200,\"caption\":\"Locsshop.eu\"},\"image\":{\"@id\":\"https:\\\/\\\/locsshop.eu\\\/#\\\/schema\\\/logo\\\/image\\\/\"}}]}<\/script>\n<!-- \/ Yoast SEO plugin. -->","yoast_head_json":{"title":"Occhiali da sci Boll\u00e9 Maddox - 22046 | Viola opaco | Acquista online qui | LOC","description":"Acquista la maschera da sci Boll\u00e9 Maddox - 22046 | Mat Viola qui | La pi\u00f9 vasta selezione di occhiali da sole LOCS nell&#039;UE | Spediamo dall&#039;UE - Nessun costo di importazione aggiuntivo","robots":{"index":"index","follow":"follow","max-snippet":"max-snippet:-1","max-image-preview":"max-image-preview:large","max-video-preview":"max-video-preview:-1"},"canonical":"https:\/\/locsshop.eu\/it\/shop\/bolle-maddox-skibriller-22046-mat-lilla\/","og_locale":"it_IT","og_type":"article","og_title":"Boll\u00e9 Maddox skibriller - 22046 | Mat Lilla | K\u00f8b online her | LOCS","og_description":"K\u00f8b Boll\u00e9 Maddox skibriller - 22046 | Mat Lilla her | EU's st\u00f8rste udvalg af LOCS solbriller | Vi sender fra EU - Ingen ekstra import udgifter","og_url":"https:\/\/locsshop.eu\/it\/shop\/bolle-maddox-skibriller-22046-mat-lilla\/","og_site_name":"Locs Sunglasses - LOCS Supplier in EU","article_modified_time":"2025-04-13T05:16:27+00:00","og_image":[{"width":800,"height":800,"url":"https:\/\/locsshop.eu\/wp-content\/uploads\/2025\/01\/54917359324_00-1.jpg","type":"image\/jpeg"}],"twitter_card":"summary_large_image","twitter_misc":{"Tempo di lettura stimato":"3 minuti"},"schema":{"@context":"https:\/\/schema.org","@graph":[{"@type":"WebPage","@id":"https:\/\/locsshop.eu\/shop\/bolle-maddox-skibriller-22046-mat-lilla\/","url":"https:\/\/locsshop.eu\/shop\/bolle-maddox-skibriller-22046-mat-lilla\/","name":"Occhiali da sci Boll\u00e9 Maddox - 22046 | Viola opaco | Acquista online qui | LOC","isPartOf":{"@id":"https:\/\/locsshop.eu\/#website"},"primaryImageOfPage":{"@id":"https:\/\/locsshop.eu\/shop\/bolle-maddox-skibriller-22046-mat-lilla\/#primaryimage"},"image":{"@id":"https:\/\/locsshop.eu\/shop\/bolle-maddox-skibriller-22046-mat-lilla\/#primaryimage"},"thumbnailUrl":"https:\/\/locsshop.eu\/wp-content\/uploads\/2025\/01\/54917359324_00-1.jpg","datePublished":"2025-01-15T00:42:09+00:00","dateModified":"2025-04-13T05:16:27+00:00","description":"Acquista la maschera da sci Boll\u00e9 Maddox - 22046 | Mat Viola qui | La pi\u00f9 vasta selezione di occhiali da sole LOCS nell&#039;UE | Spediamo dall&#039;UE - Nessun costo di importazione aggiuntivo","breadcrumb":{"@id":"https:\/\/locsshop.eu\/shop\/bolle-maddox-skibriller-22046-mat-lilla\/#breadcrumb"},"inLanguage":"it-IT","potentialAction":[{"@type":"ReadAction","target":["https:\/\/locsshop.eu\/shop\/bolle-maddox-skibriller-22046-mat-lilla\/"]}]},{"@type":"ImageObject","inLanguage":"it-IT","@id":"https:\/\/locsshop.eu\/shop\/bolle-maddox-skibriller-22046-mat-lilla\/#primaryimage","url":"https:\/\/locsshop.eu\/wp-content\/uploads\/2025\/01\/54917359324_00-1.jpg","contentUrl":"https:\/\/locsshop.eu\/wp-content\/uploads\/2025\/01\/54917359324_00-1.jpg","width":800,"height":800},{"@type":"BreadcrumbList","@id":"https:\/\/locsshop.eu\/shop\/bolle-maddox-skibriller-22046-mat-lilla\/#breadcrumb","itemListElement":[{"@type":"ListItem","position":1,"name":"Hjem","item":"https:\/\/locsshop.eu\/"},{"@type":"ListItem","position":2,"name":"Shop","item":"https:\/\/locsshop.eu\/shop\/"},{"@type":"ListItem","position":3,"name":"Boll\u00e9 Maddox skibriller &#8211; 22046 | Mat Lilla"}]},{"@type":"WebSite","@id":"https:\/\/locsshop.eu\/#website","url":"https:\/\/locsshop.eu\/","name":"Occhiali da sole Locs - Fornitore LOCS nell&#039;UE","description":"Vendiamo occhiali da sole LOCS economici","publisher":{"@id":"https:\/\/locsshop.eu\/#organization"},"potentialAction":[{"@type":"SearchAction","target":{"@type":"EntryPoint","urlTemplate":"https:\/\/locsshop.eu\/?s={search_term_string}"},"query-input":{"@type":"PropertyValueSpecification","valueRequired":true,"valueName":"search_term_string"}}],"inLanguage":"it-IT"},{"@type":"Organization","@id":"https:\/\/locsshop.eu\/#organization","name":"Locsshop.eu","url":"https:\/\/locsshop.eu\/","logo":{"@type":"ImageObject","inLanguage":"it-IT","@id":"https:\/\/locsshop.eu\/#\/schema\/logo\/image\/","url":"https:\/\/locsshop.eu\/wp-content\/uploads\/2022\/02\/Locsshop-logo.png","contentUrl":"https:\/\/locsshop.eu\/wp-content\/uploads\/2022\/02\/Locsshop-logo.png","width":930,"height":200,"caption":"Locsshop.eu"},"image":{"@id":"https:\/\/locsshop.eu\/#\/schema\/logo\/image\/"}}]}},"_links":{"self":[{"href":"https:\/\/locsshop.eu\/it\/wp-json\/wp\/v2\/product\/13608","targetHints":{"allow":["GET"]}}],"collection":[{"href":"https:\/\/locsshop.eu\/it\/wp-json\/wp\/v2\/product"}],"about":[{"href":"https:\/\/locsshop.eu\/it\/wp-json\/wp\/v2\/types\/product"}],"replies":[{"embeddable":true,"href":"https:\/\/locsshop.eu\/it\/wp-json\/wp\/v2\/comments?post=13608"}],"wp:featuredmedia":[{"embeddable":true,"href":"https:\/\/locsshop.eu\/it\/wp-json\/wp\/v2\/media\/13611"}],"wp:attachment":[{"href":"https:\/\/locsshop.eu\/it\/wp-json\/wp\/v2\/media?parent=13608"}],"wp:term":[{"taxonomy":"product_brand","embeddable":true,"href":"https:\/\/locsshop.eu\/it\/wp-json\/wp\/v2\/product_brand?post=13608"},{"taxonomy":"product_cat","embeddable":true,"href":"https:\/\/locsshop.eu\/it\/wp-json\/wp\/v2\/product_cat?post=13608"},{"taxonomy":"product_tag","embeddable":true,"href":"https:\/\/locsshop.eu\/it\/wp-json\/wp\/v2\/product_tag?post=13608"}],"curies":[{"name":"parola chiave","href":"https:\/\/api.w.org\/{rel}","templated":true}]}}