{"id":14362,"date":"2025-07-17T12:03:00","date_gmt":"2025-07-17T10:03:00","guid":{"rendered":"https:\/\/locsshop.eu\/shop\/sorte-vg-solbriller-san-siro-brune-fade-glas\/"},"modified":"2025-07-17T18:48:36","modified_gmt":"2025-07-17T16:48:36","slug":"sorte-vg-solbriller-san-siro-brune-fade-glas","status":"publish","type":"product","link":"https:\/\/locsshop.eu\/it\/shop\/sorte-vg-solbriller-san-siro-brune-fade-glas\/","title":{"rendered":"Occhiali da sole neri VG \u2013 San Siro | Lenti marroni"},"content":{"rendered":"<h2><strong>Occhiali da sole VG lucidi con bellissimi dettagli in metallo dorato e loghi leopardati in metallo<\/strong><\/h2>\n<h4>Eleganti occhiali da sole grandi e classici da donna con dettagli dorati sulle aste<br \/>\nGli splendidi dettagli dorati conferiscono a questi occhiali da sole un aspetto davvero esclusivo.<br \/>\nHanno lenti con protezione UV400, quindi i tuoi occhi saranno ben protetti dai raggi del sole.<br \/>\nIl modello \u00e8 un occhiale da sole da donna.<\/h4>\n<h4>VG Sunglasses \u00e8 un marchio esclusivo di occhiali da sole firmati dagli Stati Uniti. Gli occhiali da sole VG sono diventati molto popolari nel settore degli occhiali da sole grazie alla loro alta qualit\u00e0, ai bei design e alle varianti popolari.<br \/>\nQuesti bellissimi occhiali da sole sono perfetti per le donne e gli uomini attenti alla moda che vogliono apparire esclusivi senza dover pagare troppo per un costoso marchio di stilisti.<\/h4>\n<p>&nbsp;<\/p>\n<h4><strong><em>Particolari:<br \/>\n<\/em><\/strong><br \/>\nLarghezza interna: 13,7 cm<br \/>\nAltezza: 5,2 cm<br \/>\nLunghezza asta: 14,2 cm<br \/>\nSuperficie: lucida<\/h4>\n<h4>Materiale: plastica e metallo<br \/>\nProtezione UV400<br \/>\nOmologato CE<\/h4>\n<h4><img loading=\"lazy\" decoding=\"async\" class=\"alignnone wp-image-11348 size-full\" src=\"https:\/\/bazarsalg.dk\/wp-content\/uploads\/VG-Logo.jpg\" alt=\"\" width=\"78\" height=\"62\" \/><\/h4>\n<h4><em>Informazioni sugli occhiali da sole VG<\/em><\/h4>\n<p><strong><em>Occhiali da sole dal design alla moda<\/em><\/strong><br \/>\n<em>VG Sunglasses \u00e8 un marchio americano di occhiali da sole che si rivolge principalmente alle donne ma ha anche design per uomini e che trova la sua ispirazione nel settore della moda.<br \/>\nQuesti sono occhiali da sole con design che ricordano i design delle grandi case di moda.<br \/>\nGli occhiali da sole VG sono bellissimi occhiali da sole, con bei dettagli e di una qualit\u00e0 decisamente giusta per il prezzo.<br \/>\nQuindi, se vuoi un paio di occhiali da sole che urli stile ed esclusivit\u00e0 senza pagare troppo, acquista un paio di occhiali da sole VG prima che si esauriscano.<\/em><\/p>","protected":false},"excerpt":{"rendered":"<p><strong>Codice articolo: VG \u2013 8VG29708<\/strong><br \/>\nCornice lucida<br \/>\nDettagli e loghi in metallo color oro<br \/>\nUV400<br \/>\nOmologato CE<\/p>\n<p><img loading=\"lazy\" decoding=\"async\" class=\"alignnone wp-image-11348 size-full\" src=\"https:\/\/bazarsalg.dk\/wp-content\/uploads\/VG-Logo.jpg\" alt=\"\" width=\"78\" height=\"62\" \/><\/p>","protected":false},"featured_media":14361,"comment_status":"open","ping_status":"closed","template":"","meta":{"om_disable_all_campaigns":false,"_monsterinsights_skip_tracking":false,"_monsterinsights_sitenote_active":false,"_monsterinsights_sitenote_note":"","_monsterinsights_sitenote_category":0},"product_brand":[],"product_cat":[1026,1027,1025,1291,1049,1236],"product_tag":[1636,870,1235],"class_list":{"0":"post-14362","1":"product","2":"type-product","3":"status-publish","4":"has-post-thumbnail","6":"product_cat-dame-solbriller","7":"product_cat-andre-dame-solbriller","8":"product_cat-billige-solbriller","9":"product_cat-firkantede-dame-solbriller","10":"product_cat-premium-solbriller","11":"product_cat-vg-solbriller","12":"product_tag-8vg29708","13":"product_tag-p693","14":"product_tag-vg","16":"first","17":"instock","18":"shipping-taxable","19":"purchasable","20":"product-type-simple"},"yoast_head":"<!-- This site is optimized with the Yoast SEO plugin v27.2 - https:\/\/yoast.com\/product\/yoast-seo-wordpress\/ -->\n<title>Sorte VG Solbriller - San Siro | Brune fade glas | K\u00f8b online her | LOCS<\/title>\n<meta name=\"description\" content=\"K\u00f8b Sorte VG Solbriller - San Siro | Brune fade glas her | EU&#039;s st\u00f8rste udvalg af LOCS solbriller | Vi sender fra EU - Ingen ekstra import udgifter\" \/>\n<meta name=\"robots\" content=\"index, follow, max-snippet:-1, max-image-preview:large, max-video-preview:-1\" \/>\n<link rel=\"canonical\" href=\"https:\/\/locsshop.eu\/it\/shop\/sorte-vg-solbriller-san-siro-brune-fade-glas\/\" \/>\n<meta property=\"og:locale\" content=\"it_IT\" \/>\n<meta property=\"og:type\" content=\"article\" \/>\n<meta property=\"og:title\" content=\"Sorte VG Solbriller - San Siro | Brune fade glas | K\u00f8b online her | LOCS\" \/>\n<meta property=\"og:description\" content=\"K\u00f8b Sorte VG Solbriller - San Siro | Brune fade glas her | EU&#039;s st\u00f8rste udvalg af LOCS solbriller | Vi sender fra EU - Ingen ekstra import udgifter\" \/>\n<meta property=\"og:url\" content=\"https:\/\/locsshop.eu\/it\/shop\/sorte-vg-solbriller-san-siro-brune-fade-glas\/\" \/>\n<meta property=\"og:site_name\" content=\"Locs Sunglasses - LOCS Supplier in EU\" \/>\n<meta property=\"article:modified_time\" content=\"2025-07-17T16:48:36+00:00\" \/>\n<meta property=\"og:image\" content=\"https:\/\/locsshop.eu\/wp-content\/uploads\/2025\/07\/8VG29708-BK-BNFE.jpg\" \/>\n\t<meta property=\"og:image:width\" content=\"800\" \/>\n\t<meta property=\"og:image:height\" content=\"800\" \/>\n\t<meta property=\"og:image:type\" content=\"image\/jpeg\" \/>\n<meta name=\"twitter:card\" content=\"summary_large_image\" \/>\n<meta name=\"twitter:label1\" content=\"Tempo di lettura stimato\" \/>\n\t<meta name=\"twitter:data1\" content=\"1 minuto\" \/>\n<script type=\"application\/ld+json\" class=\"yoast-schema-graph\">{\"@context\":\"https:\/\/schema.org\",\"@graph\":[{\"@type\":\"WebPage\",\"@id\":\"https:\/\/locsshop.eu\/shop\/sorte-vg-solbriller-san-siro-brune-fade-glas\/\",\"url\":\"https:\/\/locsshop.eu\/shop\/sorte-vg-solbriller-san-siro-brune-fade-glas\/\",\"name\":\"Sorte VG Solbriller - San Siro | Brune fade glas | K\u00f8b online her | LOCS\",\"isPartOf\":{\"@id\":\"https:\/\/locsshop.eu\/#website\"},\"primaryImageOfPage\":{\"@id\":\"https:\/\/locsshop.eu\/shop\/sorte-vg-solbriller-san-siro-brune-fade-glas\/#primaryimage\"},\"image\":{\"@id\":\"https:\/\/locsshop.eu\/shop\/sorte-vg-solbriller-san-siro-brune-fade-glas\/#primaryimage\"},\"thumbnailUrl\":\"https:\/\/locsshop.eu\/wp-content\/uploads\/2025\/07\/8VG29708-BK-BNFE.jpg\",\"datePublished\":\"2025-07-17T10:03:00+00:00\",\"dateModified\":\"2025-07-17T16:48:36+00:00\",\"description\":\"K\u00f8b Sorte VG Solbriller - San Siro | Brune fade glas her | EU's st\u00f8rste udvalg af LOCS solbriller | Vi sender fra EU - Ingen ekstra import udgifter\",\"breadcrumb\":{\"@id\":\"https:\/\/locsshop.eu\/shop\/sorte-vg-solbriller-san-siro-brune-fade-glas\/#breadcrumb\"},\"inLanguage\":\"it-IT\",\"potentialAction\":[{\"@type\":\"ReadAction\",\"target\":[\"https:\/\/locsshop.eu\/shop\/sorte-vg-solbriller-san-siro-brune-fade-glas\/\"]}]},{\"@type\":\"ImageObject\",\"inLanguage\":\"it-IT\",\"@id\":\"https:\/\/locsshop.eu\/shop\/sorte-vg-solbriller-san-siro-brune-fade-glas\/#primaryimage\",\"url\":\"https:\/\/locsshop.eu\/wp-content\/uploads\/2025\/07\/8VG29708-BK-BNFE.jpg\",\"contentUrl\":\"https:\/\/locsshop.eu\/wp-content\/uploads\/2025\/07\/8VG29708-BK-BNFE.jpg\",\"width\":800,\"height\":800},{\"@type\":\"BreadcrumbList\",\"@id\":\"https:\/\/locsshop.eu\/shop\/sorte-vg-solbriller-san-siro-brune-fade-glas\/#breadcrumb\",\"itemListElement\":[{\"@type\":\"ListItem\",\"position\":1,\"name\":\"Hjem\",\"item\":\"https:\/\/locsshop.eu\/\"},{\"@type\":\"ListItem\",\"position\":2,\"name\":\"Shop\",\"item\":\"https:\/\/locsshop.eu\/shop\/\"},{\"@type\":\"ListItem\",\"position\":3,\"name\":\"Sorte VG Solbriller &#8211; San Siro | Brune fade glas\"}]},{\"@type\":\"WebSite\",\"@id\":\"https:\/\/locsshop.eu\/#website\",\"url\":\"https:\/\/locsshop.eu\/\",\"name\":\"Locs Sunglasses - LOCS Supplier in EU\",\"description\":\"We sell cheap LOCS Sunglasses\",\"publisher\":{\"@id\":\"https:\/\/locsshop.eu\/#organization\"},\"potentialAction\":[{\"@type\":\"SearchAction\",\"target\":{\"@type\":\"EntryPoint\",\"urlTemplate\":\"https:\/\/locsshop.eu\/?s={search_term_string}\"},\"query-input\":{\"@type\":\"PropertyValueSpecification\",\"valueRequired\":true,\"valueName\":\"search_term_string\"}}],\"inLanguage\":\"it-IT\"},{\"@type\":\"Organization\",\"@id\":\"https:\/\/locsshop.eu\/#organization\",\"name\":\"Locsshop.eu\",\"url\":\"https:\/\/locsshop.eu\/\",\"logo\":{\"@type\":\"ImageObject\",\"inLanguage\":\"it-IT\",\"@id\":\"https:\/\/locsshop.eu\/#\/schema\/logo\/image\/\",\"url\":\"https:\/\/locsshop.eu\/wp-content\/uploads\/2022\/02\/Locsshop-logo.png\",\"contentUrl\":\"https:\/\/locsshop.eu\/wp-content\/uploads\/2022\/02\/Locsshop-logo.png\",\"width\":930,\"height\":200,\"caption\":\"Locsshop.eu\"},\"image\":{\"@id\":\"https:\/\/locsshop.eu\/#\/schema\/logo\/image\/\"}}]}<\/script>\n<!-- \/ Yoast SEO plugin. -->","yoast_head_json":{"title":"Sorte VG Solbriller - San Siro | Brune fade glas | K\u00f8b online her | LOCS","description":"K\u00f8b Sorte VG Solbriller - San Siro | Brune fade glas her | EU's st\u00f8rste udvalg af LOCS solbriller | Vi sender fra EU - Ingen ekstra import udgifter","robots":{"index":"index","follow":"follow","max-snippet":"max-snippet:-1","max-image-preview":"max-image-preview:large","max-video-preview":"max-video-preview:-1"},"canonical":"https:\/\/locsshop.eu\/it\/shop\/sorte-vg-solbriller-san-siro-brune-fade-glas\/","og_locale":"it_IT","og_type":"article","og_title":"Sorte VG Solbriller - San Siro | Brune fade glas | K\u00f8b online her | LOCS","og_description":"K\u00f8b Sorte VG Solbriller - San Siro | Brune fade glas her | EU's st\u00f8rste udvalg af LOCS solbriller | Vi sender fra EU - Ingen ekstra import udgifter","og_url":"https:\/\/locsshop.eu\/it\/shop\/sorte-vg-solbriller-san-siro-brune-fade-glas\/","og_site_name":"Locs Sunglasses - LOCS Supplier in EU","article_modified_time":"2025-07-17T16:48:36+00:00","og_image":[{"width":800,"height":800,"url":"https:\/\/locsshop.eu\/wp-content\/uploads\/2025\/07\/8VG29708-BK-BNFE.jpg","type":"image\/jpeg"}],"twitter_card":"summary_large_image","twitter_misc":{"Tempo di lettura stimato":"1 minuto"},"schema":{"@context":"https:\/\/schema.org","@graph":[{"@type":"WebPage","@id":"https:\/\/locsshop.eu\/shop\/sorte-vg-solbriller-san-siro-brune-fade-glas\/","url":"https:\/\/locsshop.eu\/shop\/sorte-vg-solbriller-san-siro-brune-fade-glas\/","name":"Sorte VG Solbriller - San Siro | Brune fade glas | K\u00f8b online her | LOCS","isPartOf":{"@id":"https:\/\/locsshop.eu\/#website"},"primaryImageOfPage":{"@id":"https:\/\/locsshop.eu\/shop\/sorte-vg-solbriller-san-siro-brune-fade-glas\/#primaryimage"},"image":{"@id":"https:\/\/locsshop.eu\/shop\/sorte-vg-solbriller-san-siro-brune-fade-glas\/#primaryimage"},"thumbnailUrl":"https:\/\/locsshop.eu\/wp-content\/uploads\/2025\/07\/8VG29708-BK-BNFE.jpg","datePublished":"2025-07-17T10:03:00+00:00","dateModified":"2025-07-17T16:48:36+00:00","description":"K\u00f8b Sorte VG Solbriller - San Siro | Brune fade glas her | EU's st\u00f8rste udvalg af LOCS solbriller | Vi sender fra EU - Ingen ekstra import udgifter","breadcrumb":{"@id":"https:\/\/locsshop.eu\/shop\/sorte-vg-solbriller-san-siro-brune-fade-glas\/#breadcrumb"},"inLanguage":"it-IT","potentialAction":[{"@type":"ReadAction","target":["https:\/\/locsshop.eu\/shop\/sorte-vg-solbriller-san-siro-brune-fade-glas\/"]}]},{"@type":"ImageObject","inLanguage":"it-IT","@id":"https:\/\/locsshop.eu\/shop\/sorte-vg-solbriller-san-siro-brune-fade-glas\/#primaryimage","url":"https:\/\/locsshop.eu\/wp-content\/uploads\/2025\/07\/8VG29708-BK-BNFE.jpg","contentUrl":"https:\/\/locsshop.eu\/wp-content\/uploads\/2025\/07\/8VG29708-BK-BNFE.jpg","width":800,"height":800},{"@type":"BreadcrumbList","@id":"https:\/\/locsshop.eu\/shop\/sorte-vg-solbriller-san-siro-brune-fade-glas\/#breadcrumb","itemListElement":[{"@type":"ListItem","position":1,"name":"Hjem","item":"https:\/\/locsshop.eu\/"},{"@type":"ListItem","position":2,"name":"Shop","item":"https:\/\/locsshop.eu\/shop\/"},{"@type":"ListItem","position":3,"name":"Sorte VG Solbriller &#8211; San Siro | Brune fade glas"}]},{"@type":"WebSite","@id":"https:\/\/locsshop.eu\/#website","url":"https:\/\/locsshop.eu\/","name":"Occhiali da sole Locs - Fornitore LOCS nell&#039;UE","description":"Vendiamo occhiali da sole LOCS economici","publisher":{"@id":"https:\/\/locsshop.eu\/#organization"},"potentialAction":[{"@type":"SearchAction","target":{"@type":"EntryPoint","urlTemplate":"https:\/\/locsshop.eu\/?s={search_term_string}"},"query-input":{"@type":"PropertyValueSpecification","valueRequired":true,"valueName":"search_term_string"}}],"inLanguage":"it-IT"},{"@type":"Organization","@id":"https:\/\/locsshop.eu\/#organization","name":"Locsshop.eu","url":"https:\/\/locsshop.eu\/","logo":{"@type":"ImageObject","inLanguage":"it-IT","@id":"https:\/\/locsshop.eu\/#\/schema\/logo\/image\/","url":"https:\/\/locsshop.eu\/wp-content\/uploads\/2022\/02\/Locsshop-logo.png","contentUrl":"https:\/\/locsshop.eu\/wp-content\/uploads\/2022\/02\/Locsshop-logo.png","width":930,"height":200,"caption":"Locsshop.eu"},"image":{"@id":"https:\/\/locsshop.eu\/#\/schema\/logo\/image\/"}}]}},"_links":{"self":[{"href":"https:\/\/locsshop.eu\/it\/wp-json\/wp\/v2\/product\/14362","targetHints":{"allow":["GET"]}}],"collection":[{"href":"https:\/\/locsshop.eu\/it\/wp-json\/wp\/v2\/product"}],"about":[{"href":"https:\/\/locsshop.eu\/it\/wp-json\/wp\/v2\/types\/product"}],"replies":[{"embeddable":true,"href":"https:\/\/locsshop.eu\/it\/wp-json\/wp\/v2\/comments?post=14362"}],"wp:featuredmedia":[{"embeddable":true,"href":"https:\/\/locsshop.eu\/it\/wp-json\/wp\/v2\/media\/14361"}],"wp:attachment":[{"href":"https:\/\/locsshop.eu\/it\/wp-json\/wp\/v2\/media?parent=14362"}],"wp:term":[{"taxonomy":"product_brand","embeddable":true,"href":"https:\/\/locsshop.eu\/it\/wp-json\/wp\/v2\/product_brand?post=14362"},{"taxonomy":"product_cat","embeddable":true,"href":"https:\/\/locsshop.eu\/it\/wp-json\/wp\/v2\/product_cat?post=14362"},{"taxonomy":"product_tag","embeddable":true,"href":"https:\/\/locsshop.eu\/it\/wp-json\/wp\/v2\/product_tag?post=14362"}],"curies":[{"name":"parola chiave","href":"https:\/\/api.w.org\/{rel}","templated":true}]}}