{"id":6522,"date":"2020-04-25T16:05:40","date_gmt":"2020-04-25T14:05:40","guid":{"rendered":"https:\/\/locsshop.eu\/shop\/capraia-durella-sort-stel-og-orange-spejlglas\/"},"modified":"2025-07-01T13:17:55","modified_gmt":"2025-07-01T11:17:55","slug":"capraia-durella-sort-stel-og-orange-spejlglas","status":"publish","type":"product","link":"https:\/\/locsshop.eu\/it\/shop\/capraia-durella-sort-stel-og-orange-spejlglas\/","title":{"rendered":"Capraia Durella \u2013 Cornice nera e vetro specchiato arancio"},"content":{"rendered":"<h2><strong>Fantastici occhiali da sole in stile Wayfarer con lenti specchiate arancioni<\/strong><\/h2>\n<p>&nbsp;<\/p>\n<h4>Il modello Durella di Capraia \u00e8 un fantastico occhiale da sole in stile Wayfarer prodotto in TR90, che \u00e8 un materiale leggero, resistente e flessibile.<br \/>\nDurella si adatta a uomini e donne e ha un bell&#039;aspetto.<\/h4>\n<h4>Questo \u00e8 in una montatura nera lucida con lenti a specchio polarizzate arancioni. Inoltre, su una lente si trova il logo dorato di Capraia, che conferisce agli occhiali da sole una finitura davvero bella e un look esclusivo.<\/h4>\n<h4>Gli occhiali da sole Capraia sono buoni occhiali da sole con materiali utilizzati in costosi occhiali firmati. Gli occhiali da sole vengono forniti in una bella scatola contenente una custodia pieghevole, che non occupa molto spazio quando gli occhiali da sole sono in uso. \u00c8 incluso anche un panno per la pulizia. Puoi cos\u00ec mantenere i tuoi occhiali da sole nel modo corretto. Aumenta la durata della vita.<\/h4>\n<h4>Prova un occhiali da sole Capraia - Ottieni davvero molto per i tuoi soldi.<\/h4>\n<h4><\/h4>\n<p>&nbsp;<\/p>\n<h4><strong><em>Particolari:<\/em><\/strong><\/h4>\n<p>Larghezza: 13,6 cm.<br \/>\nAltezza: 4,9 cm.<br \/>\nLunghezza del braccio: 14,7 cm.<br \/>\nMateriale: TR90<br \/>\nOcchiali polarizzati<br \/>\nProtezione UV400<br \/>\nOmologato CE<br \/>\n<img loading=\"lazy\" decoding=\"async\" class=\"alignnone size-full wp-image-4007\" src=\"https:\/\/billigsolbrille.dk\/wp-content\/uploads\/2020\/04\/capraia-logo.jpg\" alt=\"\" width=\"200\" height=\"200\" \/><\/p>","protected":false},"excerpt":{"rendered":"<p><strong>Capraia Durella<\/strong><br \/>\nCornice nera - Vetro a specchio arancione<br \/>\nTR90<br \/>\nOcchiali polarizzati<br \/>\nUV400<br \/>\nOmologato CE<br \/>\n<img loading=\"lazy\" decoding=\"async\" class=\"alignnone size-full wp-image-4017\" src=\"https:\/\/billigsolbrille.dk\/wp-content\/uploads\/2020\/04\/Capraia-logo-black.jpg\" alt=\"\" width=\"200\" height=\"98\" \/><\/p>","protected":false},"featured_media":8076,"comment_status":"closed","ping_status":"closed","template":"","meta":{"om_disable_all_campaigns":false,"_monsterinsights_skip_tracking":false,"_monsterinsights_sitenote_active":false,"_monsterinsights_sitenote_note":"","_monsterinsights_sitenote_category":0},"product_brand":[],"product_cat":[1206,1049],"product_tag":[776,769,635,634,747,529,461],"class_list":{"0":"post-6522","1":"product","2":"type-product","3":"status-publish","4":"has-post-thumbnail","6":"product_cat-capraia-solbriller","7":"product_cat-premium-solbriller","8":"product_tag-giorgio","9":"product_tag-ph4131","10":"product_tag-s2829","11":"product_tag-s2869","12":"product_tag-s470","13":"product_tag-skum","14":"product_tag-sort","16":"first","17":"instock","18":"shipping-taxable","19":"purchasable","20":"product-type-simple"},"yoast_head":"<!-- This site is optimized with the Yoast SEO plugin v27.5 - https:\/\/yoast.com\/product\/yoast-seo-wordpress\/ -->\n<title>Capraia Durella - Sort stel og orange spejlglas | K\u00f8b online her | LOCS<\/title>\n<meta name=\"description\" content=\"K\u00f8b Capraia Durella - Sort stel og orange spejlglas her | EU&#039;s st\u00f8rste udvalg af LOCS solbriller | Vi sender fra EU - Ingen ekstra import udgifter\" \/>\n<meta name=\"robots\" content=\"index, follow, max-snippet:-1, max-image-preview:large, max-video-preview:-1\" \/>\n<link rel=\"canonical\" href=\"https:\/\/locsshop.eu\/it\/shop\/capraia-durella-sort-stel-og-orange-spejlglas\/\" \/>\n<meta property=\"og:locale\" content=\"it_IT\" \/>\n<meta property=\"og:type\" content=\"article\" \/>\n<meta property=\"og:title\" content=\"Capraia Durella - Sort stel og orange spejlglas | K\u00f8b online her | LOCS\" \/>\n<meta property=\"og:description\" content=\"K\u00f8b Capraia Durella - Sort stel og orange spejlglas her | EU&#039;s st\u00f8rste udvalg af LOCS solbriller | Vi sender fra EU - Ingen ekstra import udgifter\" \/>\n<meta property=\"og:url\" content=\"https:\/\/locsshop.eu\/it\/shop\/capraia-durella-sort-stel-og-orange-spejlglas\/\" \/>\n<meta property=\"og:site_name\" content=\"Locs Sunglasses - LOCS Supplier in EU\" \/>\n<meta property=\"article:modified_time\" content=\"2025-07-01T11:17:55+00:00\" \/>\n<meta property=\"og:image\" content=\"https:\/\/locsshop.eu\/wp-content\/uploads\/2020\/04\/Durella2-2-1.jpg\" \/>\n\t<meta property=\"og:image:width\" content=\"1000\" \/>\n\t<meta property=\"og:image:height\" content=\"1000\" \/>\n\t<meta property=\"og:image:type\" content=\"image\/jpeg\" \/>\n<meta name=\"twitter:card\" content=\"summary_large_image\" \/>\n<meta name=\"twitter:label1\" content=\"Tempo di lettura stimato\" \/>\n\t<meta name=\"twitter:data1\" content=\"1 minuto\" \/>\n<script type=\"application\/ld+json\" class=\"yoast-schema-graph\">{\"@context\":\"https:\\\/\\\/schema.org\",\"@graph\":[{\"@type\":\"WebPage\",\"@id\":\"https:\\\/\\\/locsshop.eu\\\/shop\\\/capraia-durella-sort-stel-og-orange-spejlglas\\\/\",\"url\":\"https:\\\/\\\/locsshop.eu\\\/shop\\\/capraia-durella-sort-stel-og-orange-spejlglas\\\/\",\"name\":\"Capraia Durella - Sort stel og orange spejlglas | K\u00f8b online her | LOCS\",\"isPartOf\":{\"@id\":\"https:\\\/\\\/locsshop.eu\\\/#website\"},\"primaryImageOfPage\":{\"@id\":\"https:\\\/\\\/locsshop.eu\\\/shop\\\/capraia-durella-sort-stel-og-orange-spejlglas\\\/#primaryimage\"},\"image\":{\"@id\":\"https:\\\/\\\/locsshop.eu\\\/shop\\\/capraia-durella-sort-stel-og-orange-spejlglas\\\/#primaryimage\"},\"thumbnailUrl\":\"https:\\\/\\\/locsshop.eu\\\/wp-content\\\/uploads\\\/2020\\\/04\\\/Durella2-2-1.jpg\",\"datePublished\":\"2020-04-25T14:05:40+00:00\",\"dateModified\":\"2025-07-01T11:17:55+00:00\",\"description\":\"K\u00f8b Capraia Durella - Sort stel og orange spejlglas her | EU's st\u00f8rste udvalg af LOCS solbriller | Vi sender fra EU - Ingen ekstra import udgifter\",\"breadcrumb\":{\"@id\":\"https:\\\/\\\/locsshop.eu\\\/shop\\\/capraia-durella-sort-stel-og-orange-spejlglas\\\/#breadcrumb\"},\"inLanguage\":\"it-IT\",\"potentialAction\":[{\"@type\":\"ReadAction\",\"target\":[\"https:\\\/\\\/locsshop.eu\\\/shop\\\/capraia-durella-sort-stel-og-orange-spejlglas\\\/\"]}]},{\"@type\":\"ImageObject\",\"inLanguage\":\"it-IT\",\"@id\":\"https:\\\/\\\/locsshop.eu\\\/shop\\\/capraia-durella-sort-stel-og-orange-spejlglas\\\/#primaryimage\",\"url\":\"https:\\\/\\\/locsshop.eu\\\/wp-content\\\/uploads\\\/2020\\\/04\\\/Durella2-2-1.jpg\",\"contentUrl\":\"https:\\\/\\\/locsshop.eu\\\/wp-content\\\/uploads\\\/2020\\\/04\\\/Durella2-2-1.jpg\",\"width\":1000,\"height\":1000},{\"@type\":\"BreadcrumbList\",\"@id\":\"https:\\\/\\\/locsshop.eu\\\/shop\\\/capraia-durella-sort-stel-og-orange-spejlglas\\\/#breadcrumb\",\"itemListElement\":[{\"@type\":\"ListItem\",\"position\":1,\"name\":\"Hjem\",\"item\":\"https:\\\/\\\/locsshop.eu\\\/\"},{\"@type\":\"ListItem\",\"position\":2,\"name\":\"Shop\",\"item\":\"https:\\\/\\\/locsshop.eu\\\/shop\\\/\"},{\"@type\":\"ListItem\",\"position\":3,\"name\":\"Capraia Durella &#8211; Sort stel og orange spejlglas\"}]},{\"@type\":\"WebSite\",\"@id\":\"https:\\\/\\\/locsshop.eu\\\/#website\",\"url\":\"https:\\\/\\\/locsshop.eu\\\/\",\"name\":\"Locs Sunglasses - LOCS Supplier in EU\",\"description\":\"We sell cheap LOCS Sunglasses\",\"publisher\":{\"@id\":\"https:\\\/\\\/locsshop.eu\\\/#organization\"},\"potentialAction\":[{\"@type\":\"SearchAction\",\"target\":{\"@type\":\"EntryPoint\",\"urlTemplate\":\"https:\\\/\\\/locsshop.eu\\\/?s={search_term_string}\"},\"query-input\":{\"@type\":\"PropertyValueSpecification\",\"valueRequired\":true,\"valueName\":\"search_term_string\"}}],\"inLanguage\":\"it-IT\"},{\"@type\":\"Organization\",\"@id\":\"https:\\\/\\\/locsshop.eu\\\/#organization\",\"name\":\"Locsshop.eu\",\"url\":\"https:\\\/\\\/locsshop.eu\\\/\",\"logo\":{\"@type\":\"ImageObject\",\"inLanguage\":\"it-IT\",\"@id\":\"https:\\\/\\\/locsshop.eu\\\/#\\\/schema\\\/logo\\\/image\\\/\",\"url\":\"https:\\\/\\\/locsshop.eu\\\/wp-content\\\/uploads\\\/2022\\\/02\\\/Locsshop-logo.png\",\"contentUrl\":\"https:\\\/\\\/locsshop.eu\\\/wp-content\\\/uploads\\\/2022\\\/02\\\/Locsshop-logo.png\",\"width\":930,\"height\":200,\"caption\":\"Locsshop.eu\"},\"image\":{\"@id\":\"https:\\\/\\\/locsshop.eu\\\/#\\\/schema\\\/logo\\\/image\\\/\"}}]}<\/script>\n<!-- \/ Yoast SEO plugin. -->","yoast_head_json":{"title":"Capraia Durella - Montatura nera e specchio arancio | Acquista online qui | LOC","description":"Acquista Capraia Durella - Cornice nera e vetro a specchio arancione qui | La pi\u00f9 vasta selezione di occhiali da sole LOCS dell&#039;UE | Spediamo dall&#039;UE - Nessun costo di importazione aggiuntivo","robots":{"index":"index","follow":"follow","max-snippet":"max-snippet:-1","max-image-preview":"max-image-preview:large","max-video-preview":"max-video-preview:-1"},"canonical":"https:\/\/locsshop.eu\/it\/shop\/capraia-durella-sort-stel-og-orange-spejlglas\/","og_locale":"it_IT","og_type":"article","og_title":"Capraia Durella - Sort stel og orange spejlglas | K\u00f8b online her | LOCS","og_description":"K\u00f8b Capraia Durella - Sort stel og orange spejlglas her | EU's st\u00f8rste udvalg af LOCS solbriller | Vi sender fra EU - Ingen ekstra import udgifter","og_url":"https:\/\/locsshop.eu\/it\/shop\/capraia-durella-sort-stel-og-orange-spejlglas\/","og_site_name":"Locs Sunglasses - LOCS Supplier in EU","article_modified_time":"2025-07-01T11:17:55+00:00","og_image":[{"width":1000,"height":1000,"url":"https:\/\/locsshop.eu\/wp-content\/uploads\/2020\/04\/Durella2-2-1.jpg","type":"image\/jpeg"}],"twitter_card":"summary_large_image","twitter_misc":{"Tempo di lettura stimato":"1 minuto"},"schema":{"@context":"https:\/\/schema.org","@graph":[{"@type":"WebPage","@id":"https:\/\/locsshop.eu\/shop\/capraia-durella-sort-stel-og-orange-spejlglas\/","url":"https:\/\/locsshop.eu\/shop\/capraia-durella-sort-stel-og-orange-spejlglas\/","name":"Capraia Durella - Montatura nera e specchio arancio | Acquista online qui | LOC","isPartOf":{"@id":"https:\/\/locsshop.eu\/#website"},"primaryImageOfPage":{"@id":"https:\/\/locsshop.eu\/shop\/capraia-durella-sort-stel-og-orange-spejlglas\/#primaryimage"},"image":{"@id":"https:\/\/locsshop.eu\/shop\/capraia-durella-sort-stel-og-orange-spejlglas\/#primaryimage"},"thumbnailUrl":"https:\/\/locsshop.eu\/wp-content\/uploads\/2020\/04\/Durella2-2-1.jpg","datePublished":"2020-04-25T14:05:40+00:00","dateModified":"2025-07-01T11:17:55+00:00","description":"Acquista Capraia Durella - Cornice nera e vetro a specchio arancione qui | La pi\u00f9 vasta selezione di occhiali da sole LOCS dell&#039;UE | Spediamo dall&#039;UE - Nessun costo di importazione aggiuntivo","breadcrumb":{"@id":"https:\/\/locsshop.eu\/shop\/capraia-durella-sort-stel-og-orange-spejlglas\/#breadcrumb"},"inLanguage":"it-IT","potentialAction":[{"@type":"ReadAction","target":["https:\/\/locsshop.eu\/shop\/capraia-durella-sort-stel-og-orange-spejlglas\/"]}]},{"@type":"ImageObject","inLanguage":"it-IT","@id":"https:\/\/locsshop.eu\/shop\/capraia-durella-sort-stel-og-orange-spejlglas\/#primaryimage","url":"https:\/\/locsshop.eu\/wp-content\/uploads\/2020\/04\/Durella2-2-1.jpg","contentUrl":"https:\/\/locsshop.eu\/wp-content\/uploads\/2020\/04\/Durella2-2-1.jpg","width":1000,"height":1000},{"@type":"BreadcrumbList","@id":"https:\/\/locsshop.eu\/shop\/capraia-durella-sort-stel-og-orange-spejlglas\/#breadcrumb","itemListElement":[{"@type":"ListItem","position":1,"name":"Hjem","item":"https:\/\/locsshop.eu\/"},{"@type":"ListItem","position":2,"name":"Shop","item":"https:\/\/locsshop.eu\/shop\/"},{"@type":"ListItem","position":3,"name":"Capraia Durella &#8211; Sort stel og orange spejlglas"}]},{"@type":"WebSite","@id":"https:\/\/locsshop.eu\/#website","url":"https:\/\/locsshop.eu\/","name":"Occhiali da sole Locs - Fornitore LOCS nell&#039;UE","description":"Vendiamo occhiali da sole LOCS economici","publisher":{"@id":"https:\/\/locsshop.eu\/#organization"},"potentialAction":[{"@type":"SearchAction","target":{"@type":"EntryPoint","urlTemplate":"https:\/\/locsshop.eu\/?s={search_term_string}"},"query-input":{"@type":"PropertyValueSpecification","valueRequired":true,"valueName":"search_term_string"}}],"inLanguage":"it-IT"},{"@type":"Organization","@id":"https:\/\/locsshop.eu\/#organization","name":"Locsshop.eu","url":"https:\/\/locsshop.eu\/","logo":{"@type":"ImageObject","inLanguage":"it-IT","@id":"https:\/\/locsshop.eu\/#\/schema\/logo\/image\/","url":"https:\/\/locsshop.eu\/wp-content\/uploads\/2022\/02\/Locsshop-logo.png","contentUrl":"https:\/\/locsshop.eu\/wp-content\/uploads\/2022\/02\/Locsshop-logo.png","width":930,"height":200,"caption":"Locsshop.eu"},"image":{"@id":"https:\/\/locsshop.eu\/#\/schema\/logo\/image\/"}}]}},"_links":{"self":[{"href":"https:\/\/locsshop.eu\/it\/wp-json\/wp\/v2\/product\/6522","targetHints":{"allow":["GET"]}}],"collection":[{"href":"https:\/\/locsshop.eu\/it\/wp-json\/wp\/v2\/product"}],"about":[{"href":"https:\/\/locsshop.eu\/it\/wp-json\/wp\/v2\/types\/product"}],"replies":[{"embeddable":true,"href":"https:\/\/locsshop.eu\/it\/wp-json\/wp\/v2\/comments?post=6522"}],"wp:featuredmedia":[{"embeddable":true,"href":"https:\/\/locsshop.eu\/it\/wp-json\/wp\/v2\/media\/8076"}],"wp:attachment":[{"href":"https:\/\/locsshop.eu\/it\/wp-json\/wp\/v2\/media?parent=6522"}],"wp:term":[{"taxonomy":"product_brand","embeddable":true,"href":"https:\/\/locsshop.eu\/it\/wp-json\/wp\/v2\/product_brand?post=6522"},{"taxonomy":"product_cat","embeddable":true,"href":"https:\/\/locsshop.eu\/it\/wp-json\/wp\/v2\/product_cat?post=6522"},{"taxonomy":"product_tag","embeddable":true,"href":"https:\/\/locsshop.eu\/it\/wp-json\/wp\/v2\/product_tag?post=6522"}],"curies":[{"name":"parola chiave","href":"https:\/\/api.w.org\/{rel}","templated":true}]}}