{"id":9249,"date":"2022-11-07T10:32:29","date_gmt":"2022-11-07T09:32:29","guid":{"rendered":"https:\/\/locsshop.eu\/shop\/locs-solbriller-3-skulls-groen\/"},"modified":"2025-07-02T13:43:07","modified_gmt":"2025-07-02T11:43:07","slug":"locs-solbriller-3-skulls-groen","status":"publish","type":"product","link":"https:\/\/locsshop.eu\/it\/shop\/locs-solbriller-3-skulls-groen\/","title":{"rendered":"Occhiali da sole Locs \u2013 3 teschi | Verde"},"content":{"rendered":"<h2><strong>Occhiali da sole Black Locs con teschi verdi e gialli sulle aste e dettagli in metallo<\/strong><\/h2>\n<h4>Occhiali da sole neri davvero cool in una superficie lucida con stampa teschio sulle aste e con loghi in metallo Locs cool all&#039;estremit\u00e0 delle aste.<\/h4>\n<h4>Locs Sunglasses \u00e8 un famoso marchio di occhiali da sole americano noto per il suo atteggiamento hardcore. Come uno dei marchi di occhiali da sole pi\u00f9 ricercati negli Stati Uniti e a livello internazionale, Locs ha mantenuto il suo design distintivo e lo stile feroce nel corso degli anni.<br \/>\nGli occhiali da sole Locs hanno loghi fantastici, bei dettagli e uno stile che \u00e8 solo un po&#039; pi\u00f9 duro di altri. Perfetto per quelli di voi che hanno un po&#039; di un atteggiamento.<\/h4>\n<p>&nbsp;<\/p>\n<h4><strong><em>Particolari:<br \/>\n<\/em><\/strong><br \/>\nLarghezza interna: 13,5 cm<br \/>\nAltezza: 4,7 cm<br \/>\nLunghezza asta: 13,4 cm<br \/>\nSuperficie: lucida<\/h4>\n<h4>Materiale: plastica<br \/>\nProtezione UV400<br \/>\nOmologato CE<\/h4>\n<h4><img loading=\"lazy\" decoding=\"async\" class=\"alignnone wp-image-10637 size-thumbnail\" src=\"https:\/\/bazarsalg.dk\/wp-content\/uploads\/Locs-Logo-280x280.jpg\" alt=\"\" width=\"280\" height=\"280\" \/><\/h4>\n<h4><em>Storia LOCS<\/em><\/h4>\n<p><em>Negli anni &#039;70 e &#039;80, gli occhiali da sole Locs erano molto popolari tra i giovani e definivano il look di Los Angeles. Influenzati dalla cultura latinoamericana di Los Angeles e derivati dalla parola spagnola &quot;loco&quot; (pazzo), erano originariamente indossati dai cholos e in seguito divennero popolari tra tutti i gangster dell&#039;area di Los Angeles. I membri della banda si riferivano ad alcuni dei loro membri pi\u00f9 selvaggi e attivi o addirittura mentalmente disturbati come &quot;loco&quot;. Successivamente, il termine e il comportamento associato divennero molto popolari tra i Crips in particolare e in misura minore tra i Bloods. Era cos\u00ec comune nel linguaggio Crip che \u00e8 stato abbreviato in Loc e usato come suffisso nei nomi di alcuni membri della banda.<\/em><\/p>\n<p><em>negli anni &#039;90, molti dei pi\u00f9 grandi rapper indossavano anche occhiali da sole Locs, ad esempio Eazy E, Snoop Dogg e molti altri famosi rapper. Cos\u00ec gli occhiali da sole sono diventati famosi e indossati in molti diversi film di gangster americani.<\/em><\/p>\n<p><em>Oggi, gli occhiali da sole Locs non sono popolari solo in California, ma ora anche negli Stati Uniti e nel resto del mondo. Il marchio ora ha un appeal pi\u00f9 ampio in tutti i gruppi di consumatori. Uno dei motivi di questa popolarit\u00e0 \u00e8 la glorificazione del profilo dei gangster di Los Angeles attraverso la musica, i film e, naturalmente, i media. Poich\u00e9 i gangster rapper erano costantemente nei media per la stampa negativa, sono stati visti indossare questi occhiali hardcore e lo stile si \u00e8 rapidamente diffuso per le strade di Los Angeles! Con la crescente popolarit\u00e0, li ha rapidamente aiutati a entrare nel mainstream e ora sono popolari tra artisti e attori famosi.<\/em><\/p>","protected":false},"excerpt":{"rendered":"<p><strong>LOCS \u2013 8LOC91025-SKL<\/strong><br \/>\nCornice nera lucida con teschi verdi e gialli - Vetro scuro<br \/>\nCornice in plastica<br \/>\nUV400<br \/>\nOmologato CE<\/p>\n<p><img loading=\"lazy\" decoding=\"async\" class=\"alignnone wp-image-10637\" src=\"https:\/\/bazarsalg.dk\/wp-content\/uploads\/Locs-Logo.jpg\" alt=\"\" width=\"200\" height=\"200\" \/><\/p>","protected":false},"featured_media":9250,"comment_status":"open","ping_status":"closed","template":"","meta":{"om_disable_all_campaigns":false,"_monsterinsights_skip_tracking":false,"_monsterinsights_sitenote_active":false,"_monsterinsights_sitenote_note":"","_monsterinsights_sitenote_category":0},"product_brand":[],"product_cat":[1101,1049],"product_tag":[1162,1100,870],"class_list":{"0":"post-9249","1":"product","2":"type-product","3":"status-publish","4":"has-post-thumbnail","6":"product_cat-locs-solbriller","7":"product_cat-premium-solbriller","8":"product_tag-8loc91025-skl","9":"product_tag-locs","10":"product_tag-p693","12":"first","13":"instock","14":"shipping-taxable","15":"purchasable","16":"product-type-simple"},"yoast_head":"<!-- This site is optimized with the Yoast SEO plugin v27.2 - https:\/\/yoast.com\/product\/yoast-seo-wordpress\/ -->\n<title>Locs Solbriller - 3 Skulls | Gr\u00f8n | K\u00f8b online her | LOCS<\/title>\n<meta name=\"description\" content=\"K\u00f8b Locs Solbriller - 3 Skulls | Gr\u00f8n her | EU&#039;s st\u00f8rste udvalg af LOCS solbriller | Vi sender fra EU - Ingen ekstra import udgifter\" \/>\n<meta name=\"robots\" content=\"index, follow, max-snippet:-1, max-image-preview:large, max-video-preview:-1\" \/>\n<link rel=\"canonical\" href=\"https:\/\/locsshop.eu\/it\/shop\/locs-solbriller-3-skulls-groen\/\" \/>\n<meta property=\"og:locale\" content=\"it_IT\" \/>\n<meta property=\"og:type\" content=\"article\" \/>\n<meta property=\"og:title\" content=\"Locs Solbriller - 3 Skulls | Gr\u00f8n | K\u00f8b online her | LOCS\" \/>\n<meta property=\"og:description\" content=\"K\u00f8b Locs Solbriller - 3 Skulls | Gr\u00f8n her | EU&#039;s st\u00f8rste udvalg af LOCS solbriller | Vi sender fra EU - Ingen ekstra import udgifter\" \/>\n<meta property=\"og:url\" content=\"https:\/\/locsshop.eu\/it\/shop\/locs-solbriller-3-skulls-groen\/\" \/>\n<meta property=\"og:site_name\" content=\"Locs Sunglasses - LOCS Supplier in EU\" \/>\n<meta property=\"article:modified_time\" content=\"2025-07-02T11:43:07+00:00\" \/>\n<meta property=\"og:image\" content=\"https:\/\/locsshop.eu\/wp-content\/uploads\/2022\/11\/8LOC91025SKLlocsskullsunglasses3.jpg\" \/>\n\t<meta property=\"og:image:width\" content=\"800\" \/>\n\t<meta property=\"og:image:height\" content=\"800\" \/>\n\t<meta property=\"og:image:type\" content=\"image\/jpeg\" \/>\n<meta name=\"twitter:card\" content=\"summary_large_image\" \/>\n<meta name=\"twitter:label1\" content=\"Tempo di lettura stimato\" \/>\n\t<meta name=\"twitter:data1\" content=\"2 minuti\" \/>\n<script type=\"application\/ld+json\" class=\"yoast-schema-graph\">{\"@context\":\"https:\/\/schema.org\",\"@graph\":[{\"@type\":\"WebPage\",\"@id\":\"https:\/\/locsshop.eu\/shop\/locs-solbriller-3-skulls-groen\/\",\"url\":\"https:\/\/locsshop.eu\/shop\/locs-solbriller-3-skulls-groen\/\",\"name\":\"Locs Solbriller - 3 Skulls | Gr\u00f8n | K\u00f8b online her | LOCS\",\"isPartOf\":{\"@id\":\"https:\/\/locsshop.eu\/#website\"},\"primaryImageOfPage\":{\"@id\":\"https:\/\/locsshop.eu\/shop\/locs-solbriller-3-skulls-groen\/#primaryimage\"},\"image\":{\"@id\":\"https:\/\/locsshop.eu\/shop\/locs-solbriller-3-skulls-groen\/#primaryimage\"},\"thumbnailUrl\":\"https:\/\/locsshop.eu\/wp-content\/uploads\/2022\/11\/8LOC91025SKLlocsskullsunglasses3.jpg\",\"datePublished\":\"2022-11-07T09:32:29+00:00\",\"dateModified\":\"2025-07-02T11:43:07+00:00\",\"description\":\"K\u00f8b Locs Solbriller - 3 Skulls | Gr\u00f8n her | EU's st\u00f8rste udvalg af LOCS solbriller | Vi sender fra EU - Ingen ekstra import udgifter\",\"breadcrumb\":{\"@id\":\"https:\/\/locsshop.eu\/shop\/locs-solbriller-3-skulls-groen\/#breadcrumb\"},\"inLanguage\":\"it-IT\",\"potentialAction\":[{\"@type\":\"ReadAction\",\"target\":[\"https:\/\/locsshop.eu\/shop\/locs-solbriller-3-skulls-groen\/\"]}]},{\"@type\":\"ImageObject\",\"inLanguage\":\"it-IT\",\"@id\":\"https:\/\/locsshop.eu\/shop\/locs-solbriller-3-skulls-groen\/#primaryimage\",\"url\":\"https:\/\/locsshop.eu\/wp-content\/uploads\/2022\/11\/8LOC91025SKLlocsskullsunglasses3.jpg\",\"contentUrl\":\"https:\/\/locsshop.eu\/wp-content\/uploads\/2022\/11\/8LOC91025SKLlocsskullsunglasses3.jpg\",\"width\":800,\"height\":800},{\"@type\":\"BreadcrumbList\",\"@id\":\"https:\/\/locsshop.eu\/shop\/locs-solbriller-3-skulls-groen\/#breadcrumb\",\"itemListElement\":[{\"@type\":\"ListItem\",\"position\":1,\"name\":\"Hjem\",\"item\":\"https:\/\/locsshop.eu\/\"},{\"@type\":\"ListItem\",\"position\":2,\"name\":\"Shop\",\"item\":\"https:\/\/locsshop.eu\/shop\/\"},{\"@type\":\"ListItem\",\"position\":3,\"name\":\"Locs Solbriller &#8211; 3 Skulls | Gr\u00f8n\"}]},{\"@type\":\"WebSite\",\"@id\":\"https:\/\/locsshop.eu\/#website\",\"url\":\"https:\/\/locsshop.eu\/\",\"name\":\"Locs Sunglasses - LOCS Supplier in EU\",\"description\":\"We sell cheap LOCS Sunglasses\",\"publisher\":{\"@id\":\"https:\/\/locsshop.eu\/#organization\"},\"potentialAction\":[{\"@type\":\"SearchAction\",\"target\":{\"@type\":\"EntryPoint\",\"urlTemplate\":\"https:\/\/locsshop.eu\/?s={search_term_string}\"},\"query-input\":{\"@type\":\"PropertyValueSpecification\",\"valueRequired\":true,\"valueName\":\"search_term_string\"}}],\"inLanguage\":\"it-IT\"},{\"@type\":\"Organization\",\"@id\":\"https:\/\/locsshop.eu\/#organization\",\"name\":\"Locsshop.eu\",\"url\":\"https:\/\/locsshop.eu\/\",\"logo\":{\"@type\":\"ImageObject\",\"inLanguage\":\"it-IT\",\"@id\":\"https:\/\/locsshop.eu\/#\/schema\/logo\/image\/\",\"url\":\"https:\/\/locsshop.eu\/wp-content\/uploads\/2022\/02\/Locsshop-logo.png\",\"contentUrl\":\"https:\/\/locsshop.eu\/wp-content\/uploads\/2022\/02\/Locsshop-logo.png\",\"width\":930,\"height\":200,\"caption\":\"Locsshop.eu\"},\"image\":{\"@id\":\"https:\/\/locsshop.eu\/#\/schema\/logo\/image\/\"}}]}<\/script>\n<!-- \/ Yoast SEO plugin. -->","yoast_head_json":{"title":"Occhiali da sole Locs - 3 teschi | Verde | Acquista online qui | LOC","description":"Acquista occhiali da sole Locs - 3 teschi | Verde qui | La pi\u00f9 vasta selezione di occhiali da sole LOCS dell&#039;UE | Spediamo dall&#039;UE - Nessun costo di importazione aggiuntivo","robots":{"index":"index","follow":"follow","max-snippet":"max-snippet:-1","max-image-preview":"max-image-preview:large","max-video-preview":"max-video-preview:-1"},"canonical":"https:\/\/locsshop.eu\/it\/shop\/locs-solbriller-3-skulls-groen\/","og_locale":"it_IT","og_type":"article","og_title":"Locs Solbriller - 3 Skulls | Gr\u00f8n | K\u00f8b online her | LOCS","og_description":"K\u00f8b Locs Solbriller - 3 Skulls | Gr\u00f8n her | EU's st\u00f8rste udvalg af LOCS solbriller | Vi sender fra EU - Ingen ekstra import udgifter","og_url":"https:\/\/locsshop.eu\/it\/shop\/locs-solbriller-3-skulls-groen\/","og_site_name":"Locs Sunglasses - LOCS Supplier in EU","article_modified_time":"2025-07-02T11:43:07+00:00","og_image":[{"width":800,"height":800,"url":"https:\/\/locsshop.eu\/wp-content\/uploads\/2022\/11\/8LOC91025SKLlocsskullsunglasses3.jpg","type":"image\/jpeg"}],"twitter_card":"summary_large_image","twitter_misc":{"Tempo di lettura stimato":"2 minuti"},"schema":{"@context":"https:\/\/schema.org","@graph":[{"@type":"WebPage","@id":"https:\/\/locsshop.eu\/shop\/locs-solbriller-3-skulls-groen\/","url":"https:\/\/locsshop.eu\/shop\/locs-solbriller-3-skulls-groen\/","name":"Occhiali da sole Locs - 3 teschi | Verde | Acquista online qui | LOC","isPartOf":{"@id":"https:\/\/locsshop.eu\/#website"},"primaryImageOfPage":{"@id":"https:\/\/locsshop.eu\/shop\/locs-solbriller-3-skulls-groen\/#primaryimage"},"image":{"@id":"https:\/\/locsshop.eu\/shop\/locs-solbriller-3-skulls-groen\/#primaryimage"},"thumbnailUrl":"https:\/\/locsshop.eu\/wp-content\/uploads\/2022\/11\/8LOC91025SKLlocsskullsunglasses3.jpg","datePublished":"2022-11-07T09:32:29+00:00","dateModified":"2025-07-02T11:43:07+00:00","description":"Acquista occhiali da sole Locs - 3 teschi | Verde qui | La pi\u00f9 vasta selezione di occhiali da sole LOCS dell&#039;UE | Spediamo dall&#039;UE - Nessun costo di importazione aggiuntivo","breadcrumb":{"@id":"https:\/\/locsshop.eu\/shop\/locs-solbriller-3-skulls-groen\/#breadcrumb"},"inLanguage":"it-IT","potentialAction":[{"@type":"ReadAction","target":["https:\/\/locsshop.eu\/shop\/locs-solbriller-3-skulls-groen\/"]}]},{"@type":"ImageObject","inLanguage":"it-IT","@id":"https:\/\/locsshop.eu\/shop\/locs-solbriller-3-skulls-groen\/#primaryimage","url":"https:\/\/locsshop.eu\/wp-content\/uploads\/2022\/11\/8LOC91025SKLlocsskullsunglasses3.jpg","contentUrl":"https:\/\/locsshop.eu\/wp-content\/uploads\/2022\/11\/8LOC91025SKLlocsskullsunglasses3.jpg","width":800,"height":800},{"@type":"BreadcrumbList","@id":"https:\/\/locsshop.eu\/shop\/locs-solbriller-3-skulls-groen\/#breadcrumb","itemListElement":[{"@type":"ListItem","position":1,"name":"Hjem","item":"https:\/\/locsshop.eu\/"},{"@type":"ListItem","position":2,"name":"Shop","item":"https:\/\/locsshop.eu\/shop\/"},{"@type":"ListItem","position":3,"name":"Locs Solbriller &#8211; 3 Skulls | Gr\u00f8n"}]},{"@type":"WebSite","@id":"https:\/\/locsshop.eu\/#website","url":"https:\/\/locsshop.eu\/","name":"Occhiali da sole Locs - Fornitore LOCS nell&#039;UE","description":"Vendiamo occhiali da sole LOCS economici","publisher":{"@id":"https:\/\/locsshop.eu\/#organization"},"potentialAction":[{"@type":"SearchAction","target":{"@type":"EntryPoint","urlTemplate":"https:\/\/locsshop.eu\/?s={search_term_string}"},"query-input":{"@type":"PropertyValueSpecification","valueRequired":true,"valueName":"search_term_string"}}],"inLanguage":"it-IT"},{"@type":"Organization","@id":"https:\/\/locsshop.eu\/#organization","name":"Locsshop.eu","url":"https:\/\/locsshop.eu\/","logo":{"@type":"ImageObject","inLanguage":"it-IT","@id":"https:\/\/locsshop.eu\/#\/schema\/logo\/image\/","url":"https:\/\/locsshop.eu\/wp-content\/uploads\/2022\/02\/Locsshop-logo.png","contentUrl":"https:\/\/locsshop.eu\/wp-content\/uploads\/2022\/02\/Locsshop-logo.png","width":930,"height":200,"caption":"Locsshop.eu"},"image":{"@id":"https:\/\/locsshop.eu\/#\/schema\/logo\/image\/"}}]}},"_links":{"self":[{"href":"https:\/\/locsshop.eu\/it\/wp-json\/wp\/v2\/product\/9249","targetHints":{"allow":["GET"]}}],"collection":[{"href":"https:\/\/locsshop.eu\/it\/wp-json\/wp\/v2\/product"}],"about":[{"href":"https:\/\/locsshop.eu\/it\/wp-json\/wp\/v2\/types\/product"}],"replies":[{"embeddable":true,"href":"https:\/\/locsshop.eu\/it\/wp-json\/wp\/v2\/comments?post=9249"}],"wp:featuredmedia":[{"embeddable":true,"href":"https:\/\/locsshop.eu\/it\/wp-json\/wp\/v2\/media\/9250"}],"wp:attachment":[{"href":"https:\/\/locsshop.eu\/it\/wp-json\/wp\/v2\/media?parent=9249"}],"wp:term":[{"taxonomy":"product_brand","embeddable":true,"href":"https:\/\/locsshop.eu\/it\/wp-json\/wp\/v2\/product_brand?post=9249"},{"taxonomy":"product_cat","embeddable":true,"href":"https:\/\/locsshop.eu\/it\/wp-json\/wp\/v2\/product_cat?post=9249"},{"taxonomy":"product_tag","embeddable":true,"href":"https:\/\/locsshop.eu\/it\/wp-json\/wp\/v2\/product_tag?post=9249"}],"curies":[{"name":"parola chiave","href":"https:\/\/api.w.org\/{rel}","templated":true}]}}