{"id":9567,"date":"2023-03-02T19:31:27","date_gmt":"2023-03-02T18:31:27","guid":{"rendered":"https:\/\/locsshop.eu\/shop\/graa-runde-handout-apparel-bambus-solbriller-brune-glas\/"},"modified":"2025-07-05T01:56:07","modified_gmt":"2025-07-04T23:56:07","slug":"graa-runde-handout-apparel-bambus-solbriller-brune-glas","status":"publish","type":"product","link":"https:\/\/locsshop.eu\/it\/shop\/graa-runde-handout-apparel-bambus-solbriller-brune-glas\/","title":{"rendered":"Occhiali da sole rotondi grigi per abbigliamento in bamb\u00f9 | Occhiali marroni"},"content":{"rendered":"<h2><strong>Fantastici occhiali da sole rotondi in bamb\u00f9 grigio con strisce rosse e turchesi - incl. Custodia in bamb\u00f9<\/strong><\/h2>\n<h4>Questi occhiali da sole rotondi in bamb\u00f9 hanno un&#039;elegante montatura grigia e lenti marroni. La cornice ha bellissime strisce nei colori rosso e turchese. Perfetti per ogni occasione, questi eleganti occhiali da sole sono progettati pensando al comfort e alla durata.<br \/>\nIl loro peso leggero li rende facili da trasportare e la loro forma senza tempo aggiunge un aggiornamento fresco ed elegante al tuo look. Con una protezione UV 100 %, questi occhiali da sole ti tengono al sicuro dai raggi nocivi del sole.<br \/>\nGli occhiali da sole hanno aste flessibili per una vestibilit\u00e0 ottimale e perfetta.<br \/>\nI loghi Handout Apparel incisi sulle aste rendono gli occhiali da sole esclusivi e con il logo a cuore segnali che ami la nostra natura e hai fatto una scelta consapevole per prendertene cura nel miglior modo possibile, anche se indossi dei bei occhiali da sole.<\/h4>\n<h4>Una bella custodia in bamb\u00f9 \u00e8 inclusa con i tuoi nuovi occhiali da sole Handout Apparel Bamboo, cos\u00ec puoi portare i tuoi occhiali da sole in bamb\u00f9 con te ovunque senza che si danneggino.<\/p>\n<p><span data-text-color=\"secondary\"><strong>Si prega di notare che gli occhiali da sole sono unici e tagliati da legno diverso e quindi non corrispondono alle immagini 100% poich\u00e9 la trama del legno \u00e8 diversa.<\/strong><\/span><br \/>\n<strong><br \/>\nTi consigliamo di acquistare una custodia aggiuntiva in modo che i tuoi nuovi fantastici occhiali da sole non si graffino quando sono nella custodia di bamb\u00f9.<\/strong><br \/>\n<strong>Trova le nostre custodie nella categoria degli accessori e acquista quelle aggiuntive anche un panno per la pulizia per una pulizia ottimale degli occhiali.<\/strong><\/h4>\n<h4><\/h4>\n<p>&nbsp;<\/p>\n<h4><strong><em>Particolari:<br \/>\n<\/em><\/strong><br \/>\nLarghezza interna: 13,2 cm<br \/>\nAltezza: 4,9 cm<br \/>\nLunghezza asta: 14,3 cm<\/h4>\n<p>Materiale: bamb\u00f9<br \/>\nProtezione UV400<\/p>\n<h4><img loading=\"lazy\" decoding=\"async\" class=\"alignnone wp-image-11258 size-full\" src=\"https:\/\/bazarsalg.dk\/wp-content\/uploads\/handout-apparel-logo-lille.jpg\" alt=\"\" width=\"320\" height=\"218\" \/><\/h4>\n<h4><em>Informazioni sugli occhiali da sole in bamb\u00f9 Handout Apparel<\/em><\/h4>\n<p><strong><em>Occhiali da sole in materiali sostenibili<\/em><\/strong><br \/>\nGli occhiali da sole in bamb\u00f9 sono un&#039;alternativa sostenibile, equa e conveniente agli occhiali da sole in plastica.<br \/>\nGli occhiali da sole in bamb\u00f9 stanno diventando sempre pi\u00f9 popolari. Sono eleganti e leggeri, il che li rende comodi da indossare per lunghi periodi di tempo. Sono naturalmente rispettosi dell&#039;ambiente perch\u00e9 il bamb\u00f9 \u00e8 una risorsa rinnovabile. Forniscono anche una buona protezione solare e sono sorprendentemente durevoli. Gli occhiali da sole in bamb\u00f9 sono davvero unici e sono disponibili in molte forme, dimensioni e colori diversi. Sono perfetti per qualsiasi attivit\u00e0 all&#039;aperto, da una giornata in spiaggia a una passeggiata pomeridiana. La montatura robusta e alla moda li rende l&#039;accessorio perfetto per completare qualsiasi outfit. Se stai cercando un paio di occhiali da sole ecologici ed eleganti, il bamb\u00f9 \u00e8 la soluzione giusta per te.<\/p>","protected":false},"excerpt":{"rendered":"<p><strong>ABBIGLIAMENTO IN DISPENSA \u2013 HA-5<\/strong><br \/>\nMontatura in bamboo grigio con loghi incisi - Occhiale marrone<br \/>\nDettagli rossi e turchesi<br \/>\nBarre flessibili - Per una vestibilit\u00e0 ottimale<br \/>\nMateriale leggero<br \/>\nCustodia in bamb\u00f9 inclusa<br \/>\nProtezione UV400<\/p>\n<p><img loading=\"lazy\" decoding=\"async\" class=\"alignnone wp-image-11257 size-full\" src=\"https:\/\/bazarsalg.dk\/wp-content\/uploads\/Earth-Friendly.png\" alt=\"\" width=\"113\" height=\"148\" \/><\/p>","protected":false},"featured_media":9568,"comment_status":"open","ping_status":"closed","template":"","meta":{"om_disable_all_campaigns":false,"_monsterinsights_skip_tracking":false,"_monsterinsights_sitenote_active":false,"_monsterinsights_sitenote_note":"","_monsterinsights_sitenote_category":0},"product_brand":[],"product_cat":[1026,1029,1025,1227,1049,1038,1039],"product_tag":[1224,503,1231,1226],"class_list":{"0":"post-9567","1":"product","2":"type-product","3":"status-publish","4":"has-post-thumbnail","6":"product_cat-dame-solbriller","7":"product_cat-herre-solbriller","8":"product_cat-billige-solbriller","9":"product_cat-handout-apparel","10":"product_cat-premium-solbriller","11":"product_cat-runde-dame-solbriller","12":"product_cat-runde-herre-solbriller","13":"product_tag-apparel","14":"product_tag-bambus","15":"product_tag-ha-5","16":"product_tag-handout","18":"first","19":"instock","20":"shipping-taxable","21":"purchasable","22":"product-type-simple"},"yoast_head":"<!-- This site is optimized with the Yoast SEO plugin v27.5 - https:\/\/yoast.com\/product\/yoast-seo-wordpress\/ -->\n<title>Gr\u00e5 Runde Handout Apparel Bambus Solbriller | Brune glas | K\u00f8b online her | LOCS<\/title>\n<meta name=\"description\" content=\"K\u00f8b Gr\u00e5 Runde Handout Apparel Bambus Solbriller | Brune glas her | EU&#039;s st\u00f8rste udvalg af LOCS solbriller | Vi sender fra EU - Ingen ekstra import udgifter\" \/>\n<meta name=\"robots\" content=\"index, follow, max-snippet:-1, max-image-preview:large, max-video-preview:-1\" \/>\n<link rel=\"canonical\" href=\"https:\/\/locsshop.eu\/it\/shop\/graa-runde-handout-apparel-bambus-solbriller-brune-glas\/\" \/>\n<meta property=\"og:locale\" content=\"it_IT\" \/>\n<meta property=\"og:type\" content=\"article\" \/>\n<meta property=\"og:title\" content=\"Gr\u00e5 Runde Handout Apparel Bambus Solbriller | Brune glas | K\u00f8b online her | LOCS\" \/>\n<meta property=\"og:description\" content=\"K\u00f8b Gr\u00e5 Runde Handout Apparel Bambus Solbriller | Brune glas her | EU&#039;s st\u00f8rste udvalg af LOCS solbriller | Vi sender fra EU - Ingen ekstra import udgifter\" \/>\n<meta property=\"og:url\" content=\"https:\/\/locsshop.eu\/it\/shop\/graa-runde-handout-apparel-bambus-solbriller-brune-glas\/\" \/>\n<meta property=\"og:site_name\" content=\"Locs Sunglasses - LOCS Supplier in EU\" \/>\n<meta property=\"article:modified_time\" content=\"2025-07-04T23:56:07+00:00\" \/>\n<meta property=\"og:image\" content=\"https:\/\/locsshop.eu\/wp-content\/uploads\/2023\/03\/HA-5-Handout-Apparal-Black6.png\" \/>\n\t<meta property=\"og:image:width\" content=\"800\" \/>\n\t<meta property=\"og:image:height\" content=\"800\" \/>\n\t<meta property=\"og:image:type\" content=\"image\/png\" \/>\n<meta name=\"twitter:card\" content=\"summary_large_image\" \/>\n<meta name=\"twitter:label1\" content=\"Tempo di lettura stimato\" \/>\n\t<meta name=\"twitter:data1\" content=\"2 minuti\" \/>\n<script type=\"application\/ld+json\" class=\"yoast-schema-graph\">{\"@context\":\"https:\\\/\\\/schema.org\",\"@graph\":[{\"@type\":\"WebPage\",\"@id\":\"https:\\\/\\\/locsshop.eu\\\/shop\\\/graa-runde-handout-apparel-bambus-solbriller-brune-glas\\\/\",\"url\":\"https:\\\/\\\/locsshop.eu\\\/shop\\\/graa-runde-handout-apparel-bambus-solbriller-brune-glas\\\/\",\"name\":\"Gr\u00e5 Runde Handout Apparel Bambus Solbriller | Brune glas | K\u00f8b online her | LOCS\",\"isPartOf\":{\"@id\":\"https:\\\/\\\/locsshop.eu\\\/#website\"},\"primaryImageOfPage\":{\"@id\":\"https:\\\/\\\/locsshop.eu\\\/shop\\\/graa-runde-handout-apparel-bambus-solbriller-brune-glas\\\/#primaryimage\"},\"image\":{\"@id\":\"https:\\\/\\\/locsshop.eu\\\/shop\\\/graa-runde-handout-apparel-bambus-solbriller-brune-glas\\\/#primaryimage\"},\"thumbnailUrl\":\"https:\\\/\\\/locsshop.eu\\\/wp-content\\\/uploads\\\/2023\\\/03\\\/HA-5-Handout-Apparal-Black6.png\",\"datePublished\":\"2023-03-02T18:31:27+00:00\",\"dateModified\":\"2025-07-04T23:56:07+00:00\",\"description\":\"K\u00f8b Gr\u00e5 Runde Handout Apparel Bambus Solbriller | Brune glas her | EU's st\u00f8rste udvalg af LOCS solbriller | Vi sender fra EU - Ingen ekstra import udgifter\",\"breadcrumb\":{\"@id\":\"https:\\\/\\\/locsshop.eu\\\/shop\\\/graa-runde-handout-apparel-bambus-solbriller-brune-glas\\\/#breadcrumb\"},\"inLanguage\":\"it-IT\",\"potentialAction\":[{\"@type\":\"ReadAction\",\"target\":[\"https:\\\/\\\/locsshop.eu\\\/shop\\\/graa-runde-handout-apparel-bambus-solbriller-brune-glas\\\/\"]}]},{\"@type\":\"ImageObject\",\"inLanguage\":\"it-IT\",\"@id\":\"https:\\\/\\\/locsshop.eu\\\/shop\\\/graa-runde-handout-apparel-bambus-solbriller-brune-glas\\\/#primaryimage\",\"url\":\"https:\\\/\\\/locsshop.eu\\\/wp-content\\\/uploads\\\/2023\\\/03\\\/HA-5-Handout-Apparal-Black6.png\",\"contentUrl\":\"https:\\\/\\\/locsshop.eu\\\/wp-content\\\/uploads\\\/2023\\\/03\\\/HA-5-Handout-Apparal-Black6.png\",\"width\":800,\"height\":800},{\"@type\":\"BreadcrumbList\",\"@id\":\"https:\\\/\\\/locsshop.eu\\\/shop\\\/graa-runde-handout-apparel-bambus-solbriller-brune-glas\\\/#breadcrumb\",\"itemListElement\":[{\"@type\":\"ListItem\",\"position\":1,\"name\":\"Hjem\",\"item\":\"https:\\\/\\\/locsshop.eu\\\/\"},{\"@type\":\"ListItem\",\"position\":2,\"name\":\"Shop\",\"item\":\"https:\\\/\\\/locsshop.eu\\\/shop\\\/\"},{\"@type\":\"ListItem\",\"position\":3,\"name\":\"Gr\u00e5 Runde Handout Apparel Bambus Solbriller | Brune glas\"}]},{\"@type\":\"WebSite\",\"@id\":\"https:\\\/\\\/locsshop.eu\\\/#website\",\"url\":\"https:\\\/\\\/locsshop.eu\\\/\",\"name\":\"Locs Sunglasses - LOCS Supplier in EU\",\"description\":\"We sell cheap LOCS Sunglasses\",\"publisher\":{\"@id\":\"https:\\\/\\\/locsshop.eu\\\/#organization\"},\"potentialAction\":[{\"@type\":\"SearchAction\",\"target\":{\"@type\":\"EntryPoint\",\"urlTemplate\":\"https:\\\/\\\/locsshop.eu\\\/?s={search_term_string}\"},\"query-input\":{\"@type\":\"PropertyValueSpecification\",\"valueRequired\":true,\"valueName\":\"search_term_string\"}}],\"inLanguage\":\"it-IT\"},{\"@type\":\"Organization\",\"@id\":\"https:\\\/\\\/locsshop.eu\\\/#organization\",\"name\":\"Locsshop.eu\",\"url\":\"https:\\\/\\\/locsshop.eu\\\/\",\"logo\":{\"@type\":\"ImageObject\",\"inLanguage\":\"it-IT\",\"@id\":\"https:\\\/\\\/locsshop.eu\\\/#\\\/schema\\\/logo\\\/image\\\/\",\"url\":\"https:\\\/\\\/locsshop.eu\\\/wp-content\\\/uploads\\\/2022\\\/02\\\/Locsshop-logo.png\",\"contentUrl\":\"https:\\\/\\\/locsshop.eu\\\/wp-content\\\/uploads\\\/2022\\\/02\\\/Locsshop-logo.png\",\"width\":930,\"height\":200,\"caption\":\"Locsshop.eu\"},\"image\":{\"@id\":\"https:\\\/\\\/locsshop.eu\\\/#\\\/schema\\\/logo\\\/image\\\/\"}}]}<\/script>\n<!-- \/ Yoast SEO plugin. -->","yoast_head_json":{"title":"Occhiali da sole rotondi in bamb\u00f9 grigio Handout Apparel | Occhiali marroni | Acquista online qui | LOC","description":"Acquista occhiali da sole in bamb\u00f9 rotondi grigi Handout Apparel | Occhiali marroni qui | La pi\u00f9 vasta selezione di occhiali da sole LOCS dell&#039;UE | Spediamo dall&#039;UE - Nessun costo di importazione aggiuntivo","robots":{"index":"index","follow":"follow","max-snippet":"max-snippet:-1","max-image-preview":"max-image-preview:large","max-video-preview":"max-video-preview:-1"},"canonical":"https:\/\/locsshop.eu\/it\/shop\/graa-runde-handout-apparel-bambus-solbriller-brune-glas\/","og_locale":"it_IT","og_type":"article","og_title":"Gr\u00e5 Runde Handout Apparel Bambus Solbriller | Brune glas | K\u00f8b online her | LOCS","og_description":"K\u00f8b Gr\u00e5 Runde Handout Apparel Bambus Solbriller | Brune glas her | EU's st\u00f8rste udvalg af LOCS solbriller | Vi sender fra EU - Ingen ekstra import udgifter","og_url":"https:\/\/locsshop.eu\/it\/shop\/graa-runde-handout-apparel-bambus-solbriller-brune-glas\/","og_site_name":"Locs Sunglasses - LOCS Supplier in EU","article_modified_time":"2025-07-04T23:56:07+00:00","og_image":[{"width":800,"height":800,"url":"https:\/\/locsshop.eu\/wp-content\/uploads\/2023\/03\/HA-5-Handout-Apparal-Black6.png","type":"image\/png"}],"twitter_card":"summary_large_image","twitter_misc":{"Tempo di lettura stimato":"2 minuti"},"schema":{"@context":"https:\/\/schema.org","@graph":[{"@type":"WebPage","@id":"https:\/\/locsshop.eu\/shop\/graa-runde-handout-apparel-bambus-solbriller-brune-glas\/","url":"https:\/\/locsshop.eu\/shop\/graa-runde-handout-apparel-bambus-solbriller-brune-glas\/","name":"Occhiali da sole rotondi in bamb\u00f9 grigio Handout Apparel | Occhiali marroni | Acquista online qui | LOC","isPartOf":{"@id":"https:\/\/locsshop.eu\/#website"},"primaryImageOfPage":{"@id":"https:\/\/locsshop.eu\/shop\/graa-runde-handout-apparel-bambus-solbriller-brune-glas\/#primaryimage"},"image":{"@id":"https:\/\/locsshop.eu\/shop\/graa-runde-handout-apparel-bambus-solbriller-brune-glas\/#primaryimage"},"thumbnailUrl":"https:\/\/locsshop.eu\/wp-content\/uploads\/2023\/03\/HA-5-Handout-Apparal-Black6.png","datePublished":"2023-03-02T18:31:27+00:00","dateModified":"2025-07-04T23:56:07+00:00","description":"Acquista occhiali da sole in bamb\u00f9 rotondi grigi Handout Apparel | Occhiali marroni qui | La pi\u00f9 vasta selezione di occhiali da sole LOCS dell&#039;UE | Spediamo dall&#039;UE - Nessun costo di importazione aggiuntivo","breadcrumb":{"@id":"https:\/\/locsshop.eu\/shop\/graa-runde-handout-apparel-bambus-solbriller-brune-glas\/#breadcrumb"},"inLanguage":"it-IT","potentialAction":[{"@type":"ReadAction","target":["https:\/\/locsshop.eu\/shop\/graa-runde-handout-apparel-bambus-solbriller-brune-glas\/"]}]},{"@type":"ImageObject","inLanguage":"it-IT","@id":"https:\/\/locsshop.eu\/shop\/graa-runde-handout-apparel-bambus-solbriller-brune-glas\/#primaryimage","url":"https:\/\/locsshop.eu\/wp-content\/uploads\/2023\/03\/HA-5-Handout-Apparal-Black6.png","contentUrl":"https:\/\/locsshop.eu\/wp-content\/uploads\/2023\/03\/HA-5-Handout-Apparal-Black6.png","width":800,"height":800},{"@type":"BreadcrumbList","@id":"https:\/\/locsshop.eu\/shop\/graa-runde-handout-apparel-bambus-solbriller-brune-glas\/#breadcrumb","itemListElement":[{"@type":"ListItem","position":1,"name":"Hjem","item":"https:\/\/locsshop.eu\/"},{"@type":"ListItem","position":2,"name":"Shop","item":"https:\/\/locsshop.eu\/shop\/"},{"@type":"ListItem","position":3,"name":"Gr\u00e5 Runde Handout Apparel Bambus Solbriller | Brune glas"}]},{"@type":"WebSite","@id":"https:\/\/locsshop.eu\/#website","url":"https:\/\/locsshop.eu\/","name":"Occhiali da sole Locs - Fornitore LOCS nell&#039;UE","description":"Vendiamo occhiali da sole LOCS economici","publisher":{"@id":"https:\/\/locsshop.eu\/#organization"},"potentialAction":[{"@type":"SearchAction","target":{"@type":"EntryPoint","urlTemplate":"https:\/\/locsshop.eu\/?s={search_term_string}"},"query-input":{"@type":"PropertyValueSpecification","valueRequired":true,"valueName":"search_term_string"}}],"inLanguage":"it-IT"},{"@type":"Organization","@id":"https:\/\/locsshop.eu\/#organization","name":"Locsshop.eu","url":"https:\/\/locsshop.eu\/","logo":{"@type":"ImageObject","inLanguage":"it-IT","@id":"https:\/\/locsshop.eu\/#\/schema\/logo\/image\/","url":"https:\/\/locsshop.eu\/wp-content\/uploads\/2022\/02\/Locsshop-logo.png","contentUrl":"https:\/\/locsshop.eu\/wp-content\/uploads\/2022\/02\/Locsshop-logo.png","width":930,"height":200,"caption":"Locsshop.eu"},"image":{"@id":"https:\/\/locsshop.eu\/#\/schema\/logo\/image\/"}}]}},"_links":{"self":[{"href":"https:\/\/locsshop.eu\/it\/wp-json\/wp\/v2\/product\/9567","targetHints":{"allow":["GET"]}}],"collection":[{"href":"https:\/\/locsshop.eu\/it\/wp-json\/wp\/v2\/product"}],"about":[{"href":"https:\/\/locsshop.eu\/it\/wp-json\/wp\/v2\/types\/product"}],"replies":[{"embeddable":true,"href":"https:\/\/locsshop.eu\/it\/wp-json\/wp\/v2\/comments?post=9567"}],"wp:featuredmedia":[{"embeddable":true,"href":"https:\/\/locsshop.eu\/it\/wp-json\/wp\/v2\/media\/9568"}],"wp:attachment":[{"href":"https:\/\/locsshop.eu\/it\/wp-json\/wp\/v2\/media?parent=9567"}],"wp:term":[{"taxonomy":"product_brand","embeddable":true,"href":"https:\/\/locsshop.eu\/it\/wp-json\/wp\/v2\/product_brand?post=9567"},{"taxonomy":"product_cat","embeddable":true,"href":"https:\/\/locsshop.eu\/it\/wp-json\/wp\/v2\/product_cat?post=9567"},{"taxonomy":"product_tag","embeddable":true,"href":"https:\/\/locsshop.eu\/it\/wp-json\/wp\/v2\/product_tag?post=9567"}],"curies":[{"name":"parola chiave","href":"https:\/\/api.w.org\/{rel}","templated":true}]}}