{"id":9878,"date":"2023-04-29T23:26:19","date_gmt":"2023-04-29T21:26:19","guid":{"rendered":"https:\/\/locsshop.eu\/shop\/transparente-wayfarer-solbriller-med-farvede-staenger-lyseroed-stribe\/"},"modified":"2024-05-09T12:59:44","modified_gmt":"2024-05-09T10:59:44","slug":"transparente-wayfarer-solbriller-med-farvede-staenger-lyseroed-stribe","status":"publish","type":"product","link":"https:\/\/locsshop.eu\/it\/shop\/transparente-wayfarer-solbriller-med-farvede-staenger-lyseroed-stribe\/","title":{"rendered":"Occhiali da sole Wayfarer trasparenti con barre colorate - Strisce rosa"},"content":{"rendered":"<h2>Occhiali da sole Wayfarer trasparenti con barre colorate - Strisce rosa<\/h2>\n<p>Montatura trasparente lucida, aste rosa e una striscia rosa nella parte superiore della parte anteriore degli occhiali da sole.<\/p>\n<p>Un classico modello di occhiali da sole che \u00e8 stato il preferito di molti sin dal suo lancio.<br \/>\nUna scelta sicura adatta a tutti.<\/p>\n<p>Materiale: plastica<br \/>\nProtezione UV400<br \/>\nOmologato CE<\/p>","protected":false},"excerpt":{"rendered":"<p><strong>Montatura lucida trasparente, aste rosa e una striscia rosa nella parte superiore della parte anteriore degli occhiali da sole.<\/strong><\/p>\n<p>Cornice vuota<br \/>\nOmologato CE<br \/>\nProtezione UV400<\/p>","protected":false},"featured_media":9879,"comment_status":"open","ping_status":"closed","template":"","meta":{"om_disable_all_campaigns":false,"_monsterinsights_skip_tracking":false,"_monsterinsights_sitenote_active":false,"_monsterinsights_sitenote_note":"","_monsterinsights_sitenote_category":0},"product_brand":[],"product_cat":[1026,1029,1025,1037],"product_tag":[870,708,769,876,800,525],"class_list":{"0":"post-9878","1":"product","2":"type-product","3":"status-publish","4":"has-post-thumbnail","6":"product_cat-dame-solbriller","7":"product_cat-herre-solbriller","8":"product_cat-billige-solbriller","9":"product_cat-wayfarer","10":"product_tag-p693","11":"product_tag-p869","12":"product_tag-ph4131","13":"product_tag-stribe","14":"product_tag-timorasso3","15":"product_tag-transparent","17":"first","18":"instock","19":"shipping-taxable","20":"purchasable","21":"product-type-simple"},"yoast_head":"<!-- This site is optimized with the Yoast SEO plugin v27.2 - https:\/\/yoast.com\/product\/yoast-seo-wordpress\/ -->\n<title>Transparente Wayfarer Solbriller med farvede st\u00e6nger - Lyser\u00f8d Stribe | K\u00f8b online her | LOCS<\/title>\n<meta name=\"description\" content=\"K\u00f8b Transparente Wayfarer Solbriller med farvede st\u00e6nger - Lyser\u00f8d Stribe her | EU&#039;s st\u00f8rste udvalg af LOCS solbriller | Vi sender fra EU - Ingen ekstra import udgifter\" \/>\n<meta name=\"robots\" content=\"index, follow, max-snippet:-1, max-image-preview:large, max-video-preview:-1\" \/>\n<link rel=\"canonical\" href=\"https:\/\/locsshop.eu\/it\/shop\/transparente-wayfarer-solbriller-med-farvede-staenger-lyseroed-stribe\/\" \/>\n<meta property=\"og:locale\" content=\"it_IT\" \/>\n<meta property=\"og:type\" content=\"article\" \/>\n<meta property=\"og:title\" content=\"Transparente Wayfarer Solbriller med farvede st\u00e6nger - Lyser\u00f8d Stribe | K\u00f8b online her | LOCS\" \/>\n<meta property=\"og:description\" content=\"K\u00f8b Transparente Wayfarer Solbriller med farvede st\u00e6nger - Lyser\u00f8d Stribe her | EU&#039;s st\u00f8rste udvalg af LOCS solbriller | Vi sender fra EU - Ingen ekstra import udgifter\" \/>\n<meta property=\"og:url\" content=\"https:\/\/locsshop.eu\/it\/shop\/transparente-wayfarer-solbriller-med-farvede-staenger-lyseroed-stribe\/\" \/>\n<meta property=\"og:site_name\" content=\"Locs Sunglasses - LOCS Supplier in EU\" \/>\n<meta property=\"article:modified_time\" content=\"2024-05-09T10:59:44+00:00\" \/>\n<meta property=\"og:image\" content=\"https:\/\/locsshop.eu\/wp-content\/uploads\/2023\/04\/P869-LPK5.jpg\" \/>\n\t<meta property=\"og:image:width\" content=\"800\" \/>\n\t<meta property=\"og:image:height\" content=\"800\" \/>\n\t<meta property=\"og:image:type\" content=\"image\/jpeg\" \/>\n<meta name=\"twitter:card\" content=\"summary_large_image\" \/>\n<script type=\"application\/ld+json\" class=\"yoast-schema-graph\">{\"@context\":\"https:\/\/schema.org\",\"@graph\":[{\"@type\":\"WebPage\",\"@id\":\"https:\/\/locsshop.eu\/shop\/transparente-wayfarer-solbriller-med-farvede-staenger-lyseroed-stribe\/\",\"url\":\"https:\/\/locsshop.eu\/shop\/transparente-wayfarer-solbriller-med-farvede-staenger-lyseroed-stribe\/\",\"name\":\"Transparente Wayfarer Solbriller med farvede st\u00e6nger - Lyser\u00f8d Stribe | K\u00f8b online her | LOCS\",\"isPartOf\":{\"@id\":\"https:\/\/locsshop.eu\/#website\"},\"primaryImageOfPage\":{\"@id\":\"https:\/\/locsshop.eu\/shop\/transparente-wayfarer-solbriller-med-farvede-staenger-lyseroed-stribe\/#primaryimage\"},\"image\":{\"@id\":\"https:\/\/locsshop.eu\/shop\/transparente-wayfarer-solbriller-med-farvede-staenger-lyseroed-stribe\/#primaryimage\"},\"thumbnailUrl\":\"https:\/\/locsshop.eu\/wp-content\/uploads\/2023\/04\/P869-LPK5.jpg\",\"datePublished\":\"2023-04-29T21:26:19+00:00\",\"dateModified\":\"2024-05-09T10:59:44+00:00\",\"description\":\"K\u00f8b Transparente Wayfarer Solbriller med farvede st\u00e6nger - Lyser\u00f8d Stribe her | EU's st\u00f8rste udvalg af LOCS solbriller | Vi sender fra EU - Ingen ekstra import udgifter\",\"breadcrumb\":{\"@id\":\"https:\/\/locsshop.eu\/shop\/transparente-wayfarer-solbriller-med-farvede-staenger-lyseroed-stribe\/#breadcrumb\"},\"inLanguage\":\"it-IT\",\"potentialAction\":[{\"@type\":\"ReadAction\",\"target\":[\"https:\/\/locsshop.eu\/shop\/transparente-wayfarer-solbriller-med-farvede-staenger-lyseroed-stribe\/\"]}]},{\"@type\":\"ImageObject\",\"inLanguage\":\"it-IT\",\"@id\":\"https:\/\/locsshop.eu\/shop\/transparente-wayfarer-solbriller-med-farvede-staenger-lyseroed-stribe\/#primaryimage\",\"url\":\"https:\/\/locsshop.eu\/wp-content\/uploads\/2023\/04\/P869-LPK5.jpg\",\"contentUrl\":\"https:\/\/locsshop.eu\/wp-content\/uploads\/2023\/04\/P869-LPK5.jpg\",\"width\":800,\"height\":800},{\"@type\":\"BreadcrumbList\",\"@id\":\"https:\/\/locsshop.eu\/shop\/transparente-wayfarer-solbriller-med-farvede-staenger-lyseroed-stribe\/#breadcrumb\",\"itemListElement\":[{\"@type\":\"ListItem\",\"position\":1,\"name\":\"Hjem\",\"item\":\"https:\/\/locsshop.eu\/\"},{\"@type\":\"ListItem\",\"position\":2,\"name\":\"Shop\",\"item\":\"https:\/\/locsshop.eu\/shop\/\"},{\"@type\":\"ListItem\",\"position\":3,\"name\":\"Transparente Wayfarer Solbriller med farvede st\u00e6nger &#8211; Lyser\u00f8d Stribe\"}]},{\"@type\":\"WebSite\",\"@id\":\"https:\/\/locsshop.eu\/#website\",\"url\":\"https:\/\/locsshop.eu\/\",\"name\":\"Locs Sunglasses - LOCS Supplier in EU\",\"description\":\"We sell cheap LOCS Sunglasses\",\"publisher\":{\"@id\":\"https:\/\/locsshop.eu\/#organization\"},\"potentialAction\":[{\"@type\":\"SearchAction\",\"target\":{\"@type\":\"EntryPoint\",\"urlTemplate\":\"https:\/\/locsshop.eu\/?s={search_term_string}\"},\"query-input\":{\"@type\":\"PropertyValueSpecification\",\"valueRequired\":true,\"valueName\":\"search_term_string\"}}],\"inLanguage\":\"it-IT\"},{\"@type\":\"Organization\",\"@id\":\"https:\/\/locsshop.eu\/#organization\",\"name\":\"Locsshop.eu\",\"url\":\"https:\/\/locsshop.eu\/\",\"logo\":{\"@type\":\"ImageObject\",\"inLanguage\":\"it-IT\",\"@id\":\"https:\/\/locsshop.eu\/#\/schema\/logo\/image\/\",\"url\":\"https:\/\/locsshop.eu\/wp-content\/uploads\/2022\/02\/Locsshop-logo.png\",\"contentUrl\":\"https:\/\/locsshop.eu\/wp-content\/uploads\/2022\/02\/Locsshop-logo.png\",\"width\":930,\"height\":200,\"caption\":\"Locsshop.eu\"},\"image\":{\"@id\":\"https:\/\/locsshop.eu\/#\/schema\/logo\/image\/\"}}]}<\/script>\n<!-- \/ Yoast SEO plugin. -->","yoast_head_json":{"title":"Occhiali da sole Wayfarer trasparenti con barre colorate - Strisce rosa | Acquista online qui | LOC","description":"Acquista occhiali da sole Wayfarer trasparenti con barre colorate - Strisce rosa qui | La pi\u00f9 vasta selezione di occhiali da sole LOCS dell&#039;UE | Spediamo dall&#039;UE - Nessun costo di importazione aggiuntivo","robots":{"index":"index","follow":"follow","max-snippet":"max-snippet:-1","max-image-preview":"max-image-preview:large","max-video-preview":"max-video-preview:-1"},"canonical":"https:\/\/locsshop.eu\/it\/shop\/transparente-wayfarer-solbriller-med-farvede-staenger-lyseroed-stribe\/","og_locale":"it_IT","og_type":"article","og_title":"Transparente Wayfarer Solbriller med farvede st\u00e6nger - Lyser\u00f8d Stribe | K\u00f8b online her | LOCS","og_description":"K\u00f8b Transparente Wayfarer Solbriller med farvede st\u00e6nger - Lyser\u00f8d Stribe her | EU's st\u00f8rste udvalg af LOCS solbriller | Vi sender fra EU - Ingen ekstra import udgifter","og_url":"https:\/\/locsshop.eu\/it\/shop\/transparente-wayfarer-solbriller-med-farvede-staenger-lyseroed-stribe\/","og_site_name":"Locs Sunglasses - LOCS Supplier in EU","article_modified_time":"2024-05-09T10:59:44+00:00","og_image":[{"width":800,"height":800,"url":"https:\/\/locsshop.eu\/wp-content\/uploads\/2023\/04\/P869-LPK5.jpg","type":"image\/jpeg"}],"twitter_card":"summary_large_image","schema":{"@context":"https:\/\/schema.org","@graph":[{"@type":"WebPage","@id":"https:\/\/locsshop.eu\/shop\/transparente-wayfarer-solbriller-med-farvede-staenger-lyseroed-stribe\/","url":"https:\/\/locsshop.eu\/shop\/transparente-wayfarer-solbriller-med-farvede-staenger-lyseroed-stribe\/","name":"Occhiali da sole Wayfarer trasparenti con barre colorate - Strisce rosa | Acquista online qui | LOC","isPartOf":{"@id":"https:\/\/locsshop.eu\/#website"},"primaryImageOfPage":{"@id":"https:\/\/locsshop.eu\/shop\/transparente-wayfarer-solbriller-med-farvede-staenger-lyseroed-stribe\/#primaryimage"},"image":{"@id":"https:\/\/locsshop.eu\/shop\/transparente-wayfarer-solbriller-med-farvede-staenger-lyseroed-stribe\/#primaryimage"},"thumbnailUrl":"https:\/\/locsshop.eu\/wp-content\/uploads\/2023\/04\/P869-LPK5.jpg","datePublished":"2023-04-29T21:26:19+00:00","dateModified":"2024-05-09T10:59:44+00:00","description":"Acquista occhiali da sole Wayfarer trasparenti con barre colorate - Strisce rosa qui | La pi\u00f9 vasta selezione di occhiali da sole LOCS dell&#039;UE | Spediamo dall&#039;UE - Nessun costo di importazione aggiuntivo","breadcrumb":{"@id":"https:\/\/locsshop.eu\/shop\/transparente-wayfarer-solbriller-med-farvede-staenger-lyseroed-stribe\/#breadcrumb"},"inLanguage":"it-IT","potentialAction":[{"@type":"ReadAction","target":["https:\/\/locsshop.eu\/shop\/transparente-wayfarer-solbriller-med-farvede-staenger-lyseroed-stribe\/"]}]},{"@type":"ImageObject","inLanguage":"it-IT","@id":"https:\/\/locsshop.eu\/shop\/transparente-wayfarer-solbriller-med-farvede-staenger-lyseroed-stribe\/#primaryimage","url":"https:\/\/locsshop.eu\/wp-content\/uploads\/2023\/04\/P869-LPK5.jpg","contentUrl":"https:\/\/locsshop.eu\/wp-content\/uploads\/2023\/04\/P869-LPK5.jpg","width":800,"height":800},{"@type":"BreadcrumbList","@id":"https:\/\/locsshop.eu\/shop\/transparente-wayfarer-solbriller-med-farvede-staenger-lyseroed-stribe\/#breadcrumb","itemListElement":[{"@type":"ListItem","position":1,"name":"Hjem","item":"https:\/\/locsshop.eu\/"},{"@type":"ListItem","position":2,"name":"Shop","item":"https:\/\/locsshop.eu\/shop\/"},{"@type":"ListItem","position":3,"name":"Transparente Wayfarer Solbriller med farvede st\u00e6nger &#8211; Lyser\u00f8d Stribe"}]},{"@type":"WebSite","@id":"https:\/\/locsshop.eu\/#website","url":"https:\/\/locsshop.eu\/","name":"Occhiali da sole Locs - Fornitore LOCS nell&#039;UE","description":"Vendiamo occhiali da sole LOCS economici","publisher":{"@id":"https:\/\/locsshop.eu\/#organization"},"potentialAction":[{"@type":"SearchAction","target":{"@type":"EntryPoint","urlTemplate":"https:\/\/locsshop.eu\/?s={search_term_string}"},"query-input":{"@type":"PropertyValueSpecification","valueRequired":true,"valueName":"search_term_string"}}],"inLanguage":"it-IT"},{"@type":"Organization","@id":"https:\/\/locsshop.eu\/#organization","name":"Locsshop.eu","url":"https:\/\/locsshop.eu\/","logo":{"@type":"ImageObject","inLanguage":"it-IT","@id":"https:\/\/locsshop.eu\/#\/schema\/logo\/image\/","url":"https:\/\/locsshop.eu\/wp-content\/uploads\/2022\/02\/Locsshop-logo.png","contentUrl":"https:\/\/locsshop.eu\/wp-content\/uploads\/2022\/02\/Locsshop-logo.png","width":930,"height":200,"caption":"Locsshop.eu"},"image":{"@id":"https:\/\/locsshop.eu\/#\/schema\/logo\/image\/"}}]}},"_links":{"self":[{"href":"https:\/\/locsshop.eu\/it\/wp-json\/wp\/v2\/product\/9878","targetHints":{"allow":["GET"]}}],"collection":[{"href":"https:\/\/locsshop.eu\/it\/wp-json\/wp\/v2\/product"}],"about":[{"href":"https:\/\/locsshop.eu\/it\/wp-json\/wp\/v2\/types\/product"}],"replies":[{"embeddable":true,"href":"https:\/\/locsshop.eu\/it\/wp-json\/wp\/v2\/comments?post=9878"}],"wp:featuredmedia":[{"embeddable":true,"href":"https:\/\/locsshop.eu\/it\/wp-json\/wp\/v2\/media\/9879"}],"wp:attachment":[{"href":"https:\/\/locsshop.eu\/it\/wp-json\/wp\/v2\/media?parent=9878"}],"wp:term":[{"taxonomy":"product_brand","embeddable":true,"href":"https:\/\/locsshop.eu\/it\/wp-json\/wp\/v2\/product_brand?post=9878"},{"taxonomy":"product_cat","embeddable":true,"href":"https:\/\/locsshop.eu\/it\/wp-json\/wp\/v2\/product_cat?post=9878"},{"taxonomy":"product_tag","embeddable":true,"href":"https:\/\/locsshop.eu\/it\/wp-json\/wp\/v2\/product_tag?post=9878"}],"curies":[{"name":"parola chiave","href":"https:\/\/api.w.org\/{rel}","templated":true}]}}