{"id":9964,"date":"2023-05-01T10:31:22","date_gmt":"2023-05-01T08:31:22","guid":{"rendered":"https:\/\/locsshop.eu\/shop\/smalle-firkantede-matsorte-solbriller-med-guld-urrem-moerke-glas\/"},"modified":"2024-09-14T04:35:15","modified_gmt":"2024-09-14T02:35:15","slug":"smalle-firkantede-matsorte-solbriller-med-guld-urrem-moerke-glas","status":"publish","type":"product","link":"https:\/\/locsshop.eu\/it\/shop\/smalle-firkantede-matsorte-solbriller-med-guld-urrem-moerke-glas\/","title":{"rendered":"Occhiali da sole squadrati stretti nero opaco con cinturino oro - Lenti scure"},"content":{"rendered":"<h2>Occhiali da sole quadrati stretti super trendy con un fantastico cinturino dorato sulle aste<\/h2>\n<p>Occhiali da sole quadrati super cool con una bella montatura nera opaca e lenti scure.<br \/>\nLe barre hanno fantastici cinturini in oro per orologi in metallo. Questo rende questi occhiali da sole piuttosto esclusivi e molto cool.<\/p>\n<p>Perfetto per i tuoi video TikTok o Instagram, viaggi di shopping, visite ai bar, spiaggia e vacanze.<\/p>\n<p>Larghezza interna: 13,7 cm.<br \/>\nAltezza. 4 cm.<br \/>\nLunghezza stelo occhiali: 14,4 cm.<\/p>\n<p>Materiale: plastica e metallo<br \/>\nProtezione UV<br \/>\nOmologato CE<\/p>","protected":false},"excerpt":{"rendered":"<p><strong>Occhiali da sole neri squadrati stretti con bellissimi cinturini in metallo color oro.<\/strong><br \/>\nGli occhiali da sole pi\u00f9 cool, con uno stile in pi\u00f9.<br \/>\nSuperficie opaca<\/p>\n<p>Protezione UV400.<br \/>\nOmologato CE.<\/p>","protected":false},"featured_media":9965,"comment_status":"open","ping_status":"closed","template":"","meta":{"om_disable_all_campaigns":false,"_monsterinsights_skip_tracking":false,"_monsterinsights_sitenote_active":false,"_monsterinsights_sitenote_note":"","_monsterinsights_sitenote_category":0},"product_brand":[],"product_cat":[1026,1029,1025,1291,1292],"product_tag":[1296,1070,1275,870,1277,609,1278],"class_list":{"0":"post-9964","1":"product","2":"type-product","3":"status-publish","4":"has-post-thumbnail","6":"product_cat-dame-solbriller","7":"product_cat-herre-solbriller","8":"product_cat-billige-solbriller","9":"product_cat-firkantede-dame-solbriller","10":"product_cat-firkantede-solbriller","11":"product_tag-23-003","12":"product_tag-firkantede","13":"product_tag-instagram","14":"product_tag-p693","15":"product_tag-snapchat","16":"product_tag-some","17":"product_tag-tiktok","19":"first","20":"instock","21":"shipping-taxable","22":"purchasable","23":"product-type-simple"},"yoast_head":"<!-- This site is optimized with the Yoast SEO plugin v27.2 - https:\/\/yoast.com\/product\/yoast-seo-wordpress\/ -->\n<title>Smalle firkantede matsorte solbriller med guld urrem - M\u00f8rke glas | K\u00f8b online her | LOCS<\/title>\n<meta name=\"description\" content=\"K\u00f8b Smalle firkantede matsorte solbriller med guld urrem - M\u00f8rke glas her | EU&#039;s st\u00f8rste udvalg af LOCS solbriller | Vi sender fra EU - Ingen ekstra import udgifter\" \/>\n<meta name=\"robots\" content=\"index, follow, max-snippet:-1, max-image-preview:large, max-video-preview:-1\" \/>\n<link rel=\"canonical\" href=\"https:\/\/locsshop.eu\/it\/shop\/smalle-firkantede-matsorte-solbriller-med-guld-urrem-moerke-glas\/\" \/>\n<meta property=\"og:locale\" content=\"it_IT\" \/>\n<meta property=\"og:type\" content=\"article\" \/>\n<meta property=\"og:title\" content=\"Smalle firkantede matsorte solbriller med guld urrem - M\u00f8rke glas | K\u00f8b online her | LOCS\" \/>\n<meta property=\"og:description\" content=\"K\u00f8b Smalle firkantede matsorte solbriller med guld urrem - M\u00f8rke glas her | EU&#039;s st\u00f8rste udvalg af LOCS solbriller | Vi sender fra EU - Ingen ekstra import udgifter\" \/>\n<meta property=\"og:url\" content=\"https:\/\/locsshop.eu\/it\/shop\/smalle-firkantede-matsorte-solbriller-med-guld-urrem-moerke-glas\/\" \/>\n<meta property=\"og:site_name\" content=\"Locs Sunglasses - LOCS Supplier in EU\" \/>\n<meta property=\"article:modified_time\" content=\"2024-09-14T02:35:15+00:00\" \/>\n<meta property=\"og:image\" content=\"https:\/\/locsshop.eu\/wp-content\/uploads\/2023\/05\/23-003BK.jpg\" \/>\n\t<meta property=\"og:image:width\" content=\"800\" \/>\n\t<meta property=\"og:image:height\" content=\"800\" \/>\n\t<meta property=\"og:image:type\" content=\"image\/jpeg\" \/>\n<meta name=\"twitter:card\" content=\"summary_large_image\" \/>\n<script type=\"application\/ld+json\" class=\"yoast-schema-graph\">{\"@context\":\"https:\/\/schema.org\",\"@graph\":[{\"@type\":\"WebPage\",\"@id\":\"https:\/\/locsshop.eu\/shop\/smalle-firkantede-matsorte-solbriller-med-guld-urrem-moerke-glas\/\",\"url\":\"https:\/\/locsshop.eu\/shop\/smalle-firkantede-matsorte-solbriller-med-guld-urrem-moerke-glas\/\",\"name\":\"Smalle firkantede matsorte solbriller med guld urrem - M\u00f8rke glas | K\u00f8b online her | LOCS\",\"isPartOf\":{\"@id\":\"https:\/\/locsshop.eu\/#website\"},\"primaryImageOfPage\":{\"@id\":\"https:\/\/locsshop.eu\/shop\/smalle-firkantede-matsorte-solbriller-med-guld-urrem-moerke-glas\/#primaryimage\"},\"image\":{\"@id\":\"https:\/\/locsshop.eu\/shop\/smalle-firkantede-matsorte-solbriller-med-guld-urrem-moerke-glas\/#primaryimage\"},\"thumbnailUrl\":\"https:\/\/locsshop.eu\/wp-content\/uploads\/2023\/05\/23-003BK.jpg\",\"datePublished\":\"2023-05-01T08:31:22+00:00\",\"dateModified\":\"2024-09-14T02:35:15+00:00\",\"description\":\"K\u00f8b Smalle firkantede matsorte solbriller med guld urrem - M\u00f8rke glas her | EU's st\u00f8rste udvalg af LOCS solbriller | Vi sender fra EU - Ingen ekstra import udgifter\",\"breadcrumb\":{\"@id\":\"https:\/\/locsshop.eu\/shop\/smalle-firkantede-matsorte-solbriller-med-guld-urrem-moerke-glas\/#breadcrumb\"},\"inLanguage\":\"it-IT\",\"potentialAction\":[{\"@type\":\"ReadAction\",\"target\":[\"https:\/\/locsshop.eu\/shop\/smalle-firkantede-matsorte-solbriller-med-guld-urrem-moerke-glas\/\"]}]},{\"@type\":\"ImageObject\",\"inLanguage\":\"it-IT\",\"@id\":\"https:\/\/locsshop.eu\/shop\/smalle-firkantede-matsorte-solbriller-med-guld-urrem-moerke-glas\/#primaryimage\",\"url\":\"https:\/\/locsshop.eu\/wp-content\/uploads\/2023\/05\/23-003BK.jpg\",\"contentUrl\":\"https:\/\/locsshop.eu\/wp-content\/uploads\/2023\/05\/23-003BK.jpg\",\"width\":800,\"height\":800},{\"@type\":\"BreadcrumbList\",\"@id\":\"https:\/\/locsshop.eu\/shop\/smalle-firkantede-matsorte-solbriller-med-guld-urrem-moerke-glas\/#breadcrumb\",\"itemListElement\":[{\"@type\":\"ListItem\",\"position\":1,\"name\":\"Hjem\",\"item\":\"https:\/\/locsshop.eu\/\"},{\"@type\":\"ListItem\",\"position\":2,\"name\":\"Shop\",\"item\":\"https:\/\/locsshop.eu\/shop\/\"},{\"@type\":\"ListItem\",\"position\":3,\"name\":\"Smalle firkantede matsorte solbriller med guld urrem &#8211; M\u00f8rke glas\"}]},{\"@type\":\"WebSite\",\"@id\":\"https:\/\/locsshop.eu\/#website\",\"url\":\"https:\/\/locsshop.eu\/\",\"name\":\"Locs Sunglasses - LOCS Supplier in EU\",\"description\":\"We sell cheap LOCS Sunglasses\",\"publisher\":{\"@id\":\"https:\/\/locsshop.eu\/#organization\"},\"potentialAction\":[{\"@type\":\"SearchAction\",\"target\":{\"@type\":\"EntryPoint\",\"urlTemplate\":\"https:\/\/locsshop.eu\/?s={search_term_string}\"},\"query-input\":{\"@type\":\"PropertyValueSpecification\",\"valueRequired\":true,\"valueName\":\"search_term_string\"}}],\"inLanguage\":\"it-IT\"},{\"@type\":\"Organization\",\"@id\":\"https:\/\/locsshop.eu\/#organization\",\"name\":\"Locsshop.eu\",\"url\":\"https:\/\/locsshop.eu\/\",\"logo\":{\"@type\":\"ImageObject\",\"inLanguage\":\"it-IT\",\"@id\":\"https:\/\/locsshop.eu\/#\/schema\/logo\/image\/\",\"url\":\"https:\/\/locsshop.eu\/wp-content\/uploads\/2022\/02\/Locsshop-logo.png\",\"contentUrl\":\"https:\/\/locsshop.eu\/wp-content\/uploads\/2022\/02\/Locsshop-logo.png\",\"width\":930,\"height\":200,\"caption\":\"Locsshop.eu\"},\"image\":{\"@id\":\"https:\/\/locsshop.eu\/#\/schema\/logo\/image\/\"}}]}<\/script>\n<!-- \/ Yoast SEO plugin. -->","yoast_head_json":{"title":"Occhiali da sole squadrati stretti nero opaco con cinturino oro - Lenti scure | Acquista online qui | LOC","description":"Acquista occhiali da sole quadrati neri opachi stretti con cinturino oro - lenti scure qui | La pi\u00f9 vasta selezione di occhiali da sole LOCS dell&#039;UE | Spediamo dall&#039;UE - Nessun costo di importazione aggiuntivo","robots":{"index":"index","follow":"follow","max-snippet":"max-snippet:-1","max-image-preview":"max-image-preview:large","max-video-preview":"max-video-preview:-1"},"canonical":"https:\/\/locsshop.eu\/it\/shop\/smalle-firkantede-matsorte-solbriller-med-guld-urrem-moerke-glas\/","og_locale":"it_IT","og_type":"article","og_title":"Smalle firkantede matsorte solbriller med guld urrem - M\u00f8rke glas | K\u00f8b online her | LOCS","og_description":"K\u00f8b Smalle firkantede matsorte solbriller med guld urrem - M\u00f8rke glas her | EU's st\u00f8rste udvalg af LOCS solbriller | Vi sender fra EU - Ingen ekstra import udgifter","og_url":"https:\/\/locsshop.eu\/it\/shop\/smalle-firkantede-matsorte-solbriller-med-guld-urrem-moerke-glas\/","og_site_name":"Locs Sunglasses - LOCS Supplier in EU","article_modified_time":"2024-09-14T02:35:15+00:00","og_image":[{"width":800,"height":800,"url":"https:\/\/locsshop.eu\/wp-content\/uploads\/2023\/05\/23-003BK.jpg","type":"image\/jpeg"}],"twitter_card":"summary_large_image","schema":{"@context":"https:\/\/schema.org","@graph":[{"@type":"WebPage","@id":"https:\/\/locsshop.eu\/shop\/smalle-firkantede-matsorte-solbriller-med-guld-urrem-moerke-glas\/","url":"https:\/\/locsshop.eu\/shop\/smalle-firkantede-matsorte-solbriller-med-guld-urrem-moerke-glas\/","name":"Occhiali da sole squadrati stretti nero opaco con cinturino oro - Lenti scure | Acquista online qui | LOC","isPartOf":{"@id":"https:\/\/locsshop.eu\/#website"},"primaryImageOfPage":{"@id":"https:\/\/locsshop.eu\/shop\/smalle-firkantede-matsorte-solbriller-med-guld-urrem-moerke-glas\/#primaryimage"},"image":{"@id":"https:\/\/locsshop.eu\/shop\/smalle-firkantede-matsorte-solbriller-med-guld-urrem-moerke-glas\/#primaryimage"},"thumbnailUrl":"https:\/\/locsshop.eu\/wp-content\/uploads\/2023\/05\/23-003BK.jpg","datePublished":"2023-05-01T08:31:22+00:00","dateModified":"2024-09-14T02:35:15+00:00","description":"Acquista occhiali da sole quadrati neri opachi stretti con cinturino oro - lenti scure qui | La pi\u00f9 vasta selezione di occhiali da sole LOCS dell&#039;UE | Spediamo dall&#039;UE - Nessun costo di importazione aggiuntivo","breadcrumb":{"@id":"https:\/\/locsshop.eu\/shop\/smalle-firkantede-matsorte-solbriller-med-guld-urrem-moerke-glas\/#breadcrumb"},"inLanguage":"it-IT","potentialAction":[{"@type":"ReadAction","target":["https:\/\/locsshop.eu\/shop\/smalle-firkantede-matsorte-solbriller-med-guld-urrem-moerke-glas\/"]}]},{"@type":"ImageObject","inLanguage":"it-IT","@id":"https:\/\/locsshop.eu\/shop\/smalle-firkantede-matsorte-solbriller-med-guld-urrem-moerke-glas\/#primaryimage","url":"https:\/\/locsshop.eu\/wp-content\/uploads\/2023\/05\/23-003BK.jpg","contentUrl":"https:\/\/locsshop.eu\/wp-content\/uploads\/2023\/05\/23-003BK.jpg","width":800,"height":800},{"@type":"BreadcrumbList","@id":"https:\/\/locsshop.eu\/shop\/smalle-firkantede-matsorte-solbriller-med-guld-urrem-moerke-glas\/#breadcrumb","itemListElement":[{"@type":"ListItem","position":1,"name":"Hjem","item":"https:\/\/locsshop.eu\/"},{"@type":"ListItem","position":2,"name":"Shop","item":"https:\/\/locsshop.eu\/shop\/"},{"@type":"ListItem","position":3,"name":"Smalle firkantede matsorte solbriller med guld urrem &#8211; M\u00f8rke glas"}]},{"@type":"WebSite","@id":"https:\/\/locsshop.eu\/#website","url":"https:\/\/locsshop.eu\/","name":"Occhiali da sole Locs - Fornitore LOCS nell&#039;UE","description":"Vendiamo occhiali da sole LOCS economici","publisher":{"@id":"https:\/\/locsshop.eu\/#organization"},"potentialAction":[{"@type":"SearchAction","target":{"@type":"EntryPoint","urlTemplate":"https:\/\/locsshop.eu\/?s={search_term_string}"},"query-input":{"@type":"PropertyValueSpecification","valueRequired":true,"valueName":"search_term_string"}}],"inLanguage":"it-IT"},{"@type":"Organization","@id":"https:\/\/locsshop.eu\/#organization","name":"Locsshop.eu","url":"https:\/\/locsshop.eu\/","logo":{"@type":"ImageObject","inLanguage":"it-IT","@id":"https:\/\/locsshop.eu\/#\/schema\/logo\/image\/","url":"https:\/\/locsshop.eu\/wp-content\/uploads\/2022\/02\/Locsshop-logo.png","contentUrl":"https:\/\/locsshop.eu\/wp-content\/uploads\/2022\/02\/Locsshop-logo.png","width":930,"height":200,"caption":"Locsshop.eu"},"image":{"@id":"https:\/\/locsshop.eu\/#\/schema\/logo\/image\/"}}]}},"_links":{"self":[{"href":"https:\/\/locsshop.eu\/it\/wp-json\/wp\/v2\/product\/9964","targetHints":{"allow":["GET"]}}],"collection":[{"href":"https:\/\/locsshop.eu\/it\/wp-json\/wp\/v2\/product"}],"about":[{"href":"https:\/\/locsshop.eu\/it\/wp-json\/wp\/v2\/types\/product"}],"replies":[{"embeddable":true,"href":"https:\/\/locsshop.eu\/it\/wp-json\/wp\/v2\/comments?post=9964"}],"wp:featuredmedia":[{"embeddable":true,"href":"https:\/\/locsshop.eu\/it\/wp-json\/wp\/v2\/media\/9965"}],"wp:attachment":[{"href":"https:\/\/locsshop.eu\/it\/wp-json\/wp\/v2\/media?parent=9964"}],"wp:term":[{"taxonomy":"product_brand","embeddable":true,"href":"https:\/\/locsshop.eu\/it\/wp-json\/wp\/v2\/product_brand?post=9964"},{"taxonomy":"product_cat","embeddable":true,"href":"https:\/\/locsshop.eu\/it\/wp-json\/wp\/v2\/product_cat?post=9964"},{"taxonomy":"product_tag","embeddable":true,"href":"https:\/\/locsshop.eu\/it\/wp-json\/wp\/v2\/product_tag?post=9964"}],"curies":[{"name":"parola chiave","href":"https:\/\/api.w.org\/{rel}","templated":true}]}}