{"id":10000,"date":"2023-05-06T16:49:51","date_gmt":"2023-05-06T14:49:51","guid":{"rendered":"https:\/\/locsshop.eu\/shop\/sikkerhedssolbriller-med-justerbare-arme-moerke-glas\/"},"modified":"2026-03-17T17:03:41","modified_gmt":"2026-03-17T16:03:41","slug":"sikkerhedssolbriller-med-justerbare-arme-moerke-glas","status":"publish","type":"product","link":"https:\/\/locsshop.eu\/nl\/shop\/sikkerhedssolbriller-med-justerbare-arme-moerke-glas\/","title":{"rendered":"Veiligheidszonnebril met verstelbare pootjes | Donkere glazen"},"content":{"rendered":"<h2>Veiligheidszonnebril met verstelbare pootjes | Donkere glazen<\/h2>\n<p>Deze veiligheidsbril is ideaal te gebruiken bij het draaien, frezen, slijpen, monteren etc.<br \/>\nDe veiligheidsbril heeft verstelbare zijsteunen - Optimaal gezichtsveld - ge\u00efntegreerde zijbescherming en wenkbrauwbeschermer - lens met speciale harde coating.<\/p>\n<p>Aan het uiteinde van de stangen zitten kleine gaatjes, waar je b.v. kan een touwtje aanhangen zodat je de bril om je nek kunt hangen.<br \/>\nZe zijn bedoeld om de ogen te beschermen tegen spatten van vaste stoffen die ontstaan bij handmatige en mechanische bewerking van metalen, hout, kunststoffen, keramiek, mijnbouw enz.<br \/>\nvoldoet aan de eisen van <strong>EN166<\/p>\n<p><\/strong>Hoogte: 5,1 cm.<br \/>\nBinnenbreedte: 13,4 cm.<br \/>\nZijlengte: 11 cm. \u2013 13,15cm.<\/p>\n<p><em>Een veiligheidsbril is een soort oogbescherming die wordt gebruikt om de ogen te beschermen tegen gevaarlijke materialen of activiteiten. Ze zijn gemaakt van schokabsorberende materialen en hebben lenzen die bestand zijn tegen schokken, krassen en chemicali\u00ebn. Veiligheidsbrillen kunnen in veel verschillende situaties worden gebruikt, onder meer in industri\u00eble en laboratoriumomgevingen, bouwplaatsen, sportactiviteiten, vuurwerk en zelfs in huis. <\/em><br \/>\n<em>Ze zijn essentieel om het gezichtsvermogen te beschermen en ernstig oogletsel te voorkomen.<\/em><\/p>","protected":false},"excerpt":{"rendered":"<p><strong>Veiligheidszonnebril met donkere glazen<br \/>\n<\/strong>Zijbescherming<br \/>\nVerstelbare staven<br \/>\nvoldoet aan de eisen van EN166 en EN172<br \/>\nCE-goedgekeurd<\/p>","protected":false},"featured_media":10001,"comment_status":"open","ping_status":"closed","template":"","meta":{"om_disable_all_campaigns":false,"_monsterinsights_skip_tracking":false,"_monsterinsights_sitenote_active":false,"_monsterinsights_sitenote_note":"","_monsterinsights_sitenote_category":0},"product_brand":[],"product_cat":[1026,1029,1027,1047,1025,1033,1050],"product_tag":[1303,653,1304],"class_list":{"0":"post-10000","1":"product","2":"type-product","3":"status-publish","4":"has-post-thumbnail","6":"product_cat-dame-solbriller","7":"product_cat-herre-solbriller","8":"product_cat-andre-dame-solbriller","9":"product_cat-andre-herre-solbriller","10":"product_cat-billige-solbriller","11":"product_cat-briller","12":"product_cat-sikkerhedsbriller","13":"product_tag-gog-framber-dark","14":"product_tag-sikkerhedsbriller","15":"product_tag-sikkerhedssolbriller","17":"first","18":"instock","19":"shipping-taxable","20":"purchasable","21":"product-type-simple"},"yoast_head":"<!-- This site is optimized with the Yoast SEO plugin v27.2 - https:\/\/yoast.com\/product\/yoast-seo-wordpress\/ -->\n<title>Sikkerhedssolbriller med justerbare arme | M\u00f8rke glas | K\u00f8b online her | LOCS<\/title>\n<meta name=\"description\" content=\"K\u00f8b Sikkerhedssolbriller med justerbare arme | M\u00f8rke glas her | EU&#039;s st\u00f8rste udvalg af LOCS solbriller | Vi sender fra EU - Ingen ekstra import udgifter\" \/>\n<meta name=\"robots\" content=\"index, follow, max-snippet:-1, max-image-preview:large, max-video-preview:-1\" \/>\n<link rel=\"canonical\" href=\"https:\/\/locsshop.eu\/nl\/shop\/sikkerhedssolbriller-med-justerbare-arme-moerke-glas\/\" \/>\n<meta property=\"og:locale\" content=\"nl_NL\" \/>\n<meta property=\"og:type\" content=\"article\" \/>\n<meta property=\"og:title\" content=\"Sikkerhedssolbriller med justerbare arme | M\u00f8rke glas | K\u00f8b online her | LOCS\" \/>\n<meta property=\"og:description\" content=\"K\u00f8b Sikkerhedssolbriller med justerbare arme | M\u00f8rke glas her | EU&#039;s st\u00f8rste udvalg af LOCS solbriller | Vi sender fra EU - Ingen ekstra import udgifter\" \/>\n<meta property=\"og:url\" content=\"https:\/\/locsshop.eu\/nl\/shop\/sikkerhedssolbriller-med-justerbare-arme-moerke-glas\/\" \/>\n<meta property=\"og:site_name\" content=\"Locs Sunglasses - LOCS Supplier in EU\" \/>\n<meta property=\"article:modified_time\" content=\"2026-03-17T16:03:41+00:00\" \/>\n<meta property=\"og:image\" content=\"https:\/\/locsshop.eu\/wp-content\/uploads\/2023\/05\/085501.jpg\" \/>\n\t<meta property=\"og:image:width\" content=\"800\" \/>\n\t<meta property=\"og:image:height\" content=\"800\" \/>\n\t<meta property=\"og:image:type\" content=\"image\/jpeg\" \/>\n<meta name=\"twitter:card\" content=\"summary_large_image\" \/>\n<meta name=\"twitter:label1\" content=\"Geschatte leestijd\" \/>\n\t<meta name=\"twitter:data1\" content=\"1 minuut\" \/>\n<script type=\"application\/ld+json\" class=\"yoast-schema-graph\">{\"@context\":\"https:\/\/schema.org\",\"@graph\":[{\"@type\":\"WebPage\",\"@id\":\"https:\/\/locsshop.eu\/shop\/sikkerhedssolbriller-med-justerbare-arme-moerke-glas\/\",\"url\":\"https:\/\/locsshop.eu\/shop\/sikkerhedssolbriller-med-justerbare-arme-moerke-glas\/\",\"name\":\"Sikkerhedssolbriller med justerbare arme | M\u00f8rke glas | K\u00f8b online her | LOCS\",\"isPartOf\":{\"@id\":\"https:\/\/locsshop.eu\/#website\"},\"primaryImageOfPage\":{\"@id\":\"https:\/\/locsshop.eu\/shop\/sikkerhedssolbriller-med-justerbare-arme-moerke-glas\/#primaryimage\"},\"image\":{\"@id\":\"https:\/\/locsshop.eu\/shop\/sikkerhedssolbriller-med-justerbare-arme-moerke-glas\/#primaryimage\"},\"thumbnailUrl\":\"https:\/\/locsshop.eu\/wp-content\/uploads\/2023\/05\/085501.jpg\",\"datePublished\":\"2023-05-06T14:49:51+00:00\",\"dateModified\":\"2026-03-17T16:03:41+00:00\",\"description\":\"K\u00f8b Sikkerhedssolbriller med justerbare arme | M\u00f8rke glas her | EU's st\u00f8rste udvalg af LOCS solbriller | Vi sender fra EU - Ingen ekstra import udgifter\",\"breadcrumb\":{\"@id\":\"https:\/\/locsshop.eu\/shop\/sikkerhedssolbriller-med-justerbare-arme-moerke-glas\/#breadcrumb\"},\"inLanguage\":\"nl-NL\",\"potentialAction\":[{\"@type\":\"ReadAction\",\"target\":[\"https:\/\/locsshop.eu\/shop\/sikkerhedssolbriller-med-justerbare-arme-moerke-glas\/\"]}]},{\"@type\":\"ImageObject\",\"inLanguage\":\"nl-NL\",\"@id\":\"https:\/\/locsshop.eu\/shop\/sikkerhedssolbriller-med-justerbare-arme-moerke-glas\/#primaryimage\",\"url\":\"https:\/\/locsshop.eu\/wp-content\/uploads\/2023\/05\/085501.jpg\",\"contentUrl\":\"https:\/\/locsshop.eu\/wp-content\/uploads\/2023\/05\/085501.jpg\",\"width\":800,\"height\":800},{\"@type\":\"BreadcrumbList\",\"@id\":\"https:\/\/locsshop.eu\/shop\/sikkerhedssolbriller-med-justerbare-arme-moerke-glas\/#breadcrumb\",\"itemListElement\":[{\"@type\":\"ListItem\",\"position\":1,\"name\":\"Hjem\",\"item\":\"https:\/\/locsshop.eu\/\"},{\"@type\":\"ListItem\",\"position\":2,\"name\":\"Shop\",\"item\":\"https:\/\/locsshop.eu\/shop\/\"},{\"@type\":\"ListItem\",\"position\":3,\"name\":\"Sikkerhedssolbriller med justerbare arme | M\u00f8rke glas\"}]},{\"@type\":\"WebSite\",\"@id\":\"https:\/\/locsshop.eu\/#website\",\"url\":\"https:\/\/locsshop.eu\/\",\"name\":\"Locs Sunglasses - LOCS Supplier in EU\",\"description\":\"We sell cheap LOCS Sunglasses\",\"publisher\":{\"@id\":\"https:\/\/locsshop.eu\/#organization\"},\"potentialAction\":[{\"@type\":\"SearchAction\",\"target\":{\"@type\":\"EntryPoint\",\"urlTemplate\":\"https:\/\/locsshop.eu\/?s={search_term_string}\"},\"query-input\":{\"@type\":\"PropertyValueSpecification\",\"valueRequired\":true,\"valueName\":\"search_term_string\"}}],\"inLanguage\":\"nl-NL\"},{\"@type\":\"Organization\",\"@id\":\"https:\/\/locsshop.eu\/#organization\",\"name\":\"Locsshop.eu\",\"url\":\"https:\/\/locsshop.eu\/\",\"logo\":{\"@type\":\"ImageObject\",\"inLanguage\":\"nl-NL\",\"@id\":\"https:\/\/locsshop.eu\/#\/schema\/logo\/image\/\",\"url\":\"https:\/\/locsshop.eu\/wp-content\/uploads\/2022\/02\/Locsshop-logo.png\",\"contentUrl\":\"https:\/\/locsshop.eu\/wp-content\/uploads\/2022\/02\/Locsshop-logo.png\",\"width\":930,\"height\":200,\"caption\":\"Locsshop.eu\"},\"image\":{\"@id\":\"https:\/\/locsshop.eu\/#\/schema\/logo\/image\/\"}}]}<\/script>\n<!-- \/ Yoast SEO plugin. -->","yoast_head_json":{"title":"Veiligheidszonnebril met verstelbare pootjes | Donkere bril | Koop hier online | LOCS","description":"Koop een veiligheidszonnebril met verstelbare pootjes | Donkere bril hier | De grootste selectie LOCS-zonnebrillen in de EU | Wij verzenden vanuit de EU - Geen extra invoerkosten","robots":{"index":"index","follow":"follow","max-snippet":"max-snippet:-1","max-image-preview":"max-image-preview:large","max-video-preview":"max-video-preview:-1"},"canonical":"https:\/\/locsshop.eu\/nl\/shop\/sikkerhedssolbriller-med-justerbare-arme-moerke-glas\/","og_locale":"nl_NL","og_type":"article","og_title":"Sikkerhedssolbriller med justerbare arme | M\u00f8rke glas | K\u00f8b online her | LOCS","og_description":"K\u00f8b Sikkerhedssolbriller med justerbare arme | M\u00f8rke glas her | EU's st\u00f8rste udvalg af LOCS solbriller | Vi sender fra EU - Ingen ekstra import udgifter","og_url":"https:\/\/locsshop.eu\/nl\/shop\/sikkerhedssolbriller-med-justerbare-arme-moerke-glas\/","og_site_name":"Locs Sunglasses - LOCS Supplier in EU","article_modified_time":"2026-03-17T16:03:41+00:00","og_image":[{"width":800,"height":800,"url":"https:\/\/locsshop.eu\/wp-content\/uploads\/2023\/05\/085501.jpg","type":"image\/jpeg"}],"twitter_card":"summary_large_image","twitter_misc":{"Geschatte leestijd":"1 minuut"},"schema":{"@context":"https:\/\/schema.org","@graph":[{"@type":"WebPage","@id":"https:\/\/locsshop.eu\/shop\/sikkerhedssolbriller-med-justerbare-arme-moerke-glas\/","url":"https:\/\/locsshop.eu\/shop\/sikkerhedssolbriller-med-justerbare-arme-moerke-glas\/","name":"Veiligheidszonnebril met verstelbare pootjes | Donkere bril | Koop hier online | LOCS","isPartOf":{"@id":"https:\/\/locsshop.eu\/#website"},"primaryImageOfPage":{"@id":"https:\/\/locsshop.eu\/shop\/sikkerhedssolbriller-med-justerbare-arme-moerke-glas\/#primaryimage"},"image":{"@id":"https:\/\/locsshop.eu\/shop\/sikkerhedssolbriller-med-justerbare-arme-moerke-glas\/#primaryimage"},"thumbnailUrl":"https:\/\/locsshop.eu\/wp-content\/uploads\/2023\/05\/085501.jpg","datePublished":"2023-05-06T14:49:51+00:00","dateModified":"2026-03-17T16:03:41+00:00","description":"Koop een veiligheidszonnebril met verstelbare pootjes | Donkere bril hier | De grootste selectie LOCS-zonnebrillen in de EU | Wij verzenden vanuit de EU - Geen extra invoerkosten","breadcrumb":{"@id":"https:\/\/locsshop.eu\/shop\/sikkerhedssolbriller-med-justerbare-arme-moerke-glas\/#breadcrumb"},"inLanguage":"nl-NL","potentialAction":[{"@type":"ReadAction","target":["https:\/\/locsshop.eu\/shop\/sikkerhedssolbriller-med-justerbare-arme-moerke-glas\/"]}]},{"@type":"ImageObject","inLanguage":"nl-NL","@id":"https:\/\/locsshop.eu\/shop\/sikkerhedssolbriller-med-justerbare-arme-moerke-glas\/#primaryimage","url":"https:\/\/locsshop.eu\/wp-content\/uploads\/2023\/05\/085501.jpg","contentUrl":"https:\/\/locsshop.eu\/wp-content\/uploads\/2023\/05\/085501.jpg","width":800,"height":800},{"@type":"BreadcrumbList","@id":"https:\/\/locsshop.eu\/shop\/sikkerhedssolbriller-med-justerbare-arme-moerke-glas\/#breadcrumb","itemListElement":[{"@type":"ListItem","position":1,"name":"Hjem","item":"https:\/\/locsshop.eu\/"},{"@type":"ListItem","position":2,"name":"Shop","item":"https:\/\/locsshop.eu\/shop\/"},{"@type":"ListItem","position":3,"name":"Sikkerhedssolbriller med justerbare arme | M\u00f8rke glas"}]},{"@type":"WebSite","@id":"https:\/\/locsshop.eu\/#website","url":"https:\/\/locsshop.eu\/","name":"Locs zonnebrillen - LOCS leverancier in de EU","description":"Wij verkopen goedkope LOCS zonnebrillen","publisher":{"@id":"https:\/\/locsshop.eu\/#organization"},"potentialAction":[{"@type":"SearchAction","target":{"@type":"EntryPoint","urlTemplate":"https:\/\/locsshop.eu\/?s={search_term_string}"},"query-input":{"@type":"PropertyValueSpecification","valueRequired":true,"valueName":"search_term_string"}}],"inLanguage":"nl-NL"},{"@type":"Organization","@id":"https:\/\/locsshop.eu\/#organization","name":"Locsshop.eu","url":"https:\/\/locsshop.eu\/","logo":{"@type":"ImageObject","inLanguage":"nl-NL","@id":"https:\/\/locsshop.eu\/#\/schema\/logo\/image\/","url":"https:\/\/locsshop.eu\/wp-content\/uploads\/2022\/02\/Locsshop-logo.png","contentUrl":"https:\/\/locsshop.eu\/wp-content\/uploads\/2022\/02\/Locsshop-logo.png","width":930,"height":200,"caption":"Locsshop.eu"},"image":{"@id":"https:\/\/locsshop.eu\/#\/schema\/logo\/image\/"}}]}},"_links":{"self":[{"href":"https:\/\/locsshop.eu\/nl\/wp-json\/wp\/v2\/product\/10000","targetHints":{"allow":["GET"]}}],"collection":[{"href":"https:\/\/locsshop.eu\/nl\/wp-json\/wp\/v2\/product"}],"about":[{"href":"https:\/\/locsshop.eu\/nl\/wp-json\/wp\/v2\/types\/product"}],"replies":[{"embeddable":true,"href":"https:\/\/locsshop.eu\/nl\/wp-json\/wp\/v2\/comments?post=10000"}],"wp:featuredmedia":[{"embeddable":true,"href":"https:\/\/locsshop.eu\/nl\/wp-json\/wp\/v2\/media\/10001"}],"wp:attachment":[{"href":"https:\/\/locsshop.eu\/nl\/wp-json\/wp\/v2\/media?parent=10000"}],"wp:term":[{"taxonomy":"product_brand","embeddable":true,"href":"https:\/\/locsshop.eu\/nl\/wp-json\/wp\/v2\/product_brand?post=10000"},{"taxonomy":"product_cat","embeddable":true,"href":"https:\/\/locsshop.eu\/nl\/wp-json\/wp\/v2\/product_cat?post=10000"},{"taxonomy":"product_tag","embeddable":true,"href":"https:\/\/locsshop.eu\/nl\/wp-json\/wp\/v2\/product_tag?post=10000"}],"curies":[{"name":"wp","href":"https:\/\/api.w.org\/{rel}","templated":true}]}}