{"id":10166,"date":"2023-05-09T10:20:36","date_gmt":"2023-05-09T08:20:36","guid":{"rendered":"https:\/\/locsshop.eu\/shop\/smalle-firkantede-mat-brun-turtle-solbriller-med-guld-urrem-brune-glas\/"},"modified":"2023-11-13T21:52:57","modified_gmt":"2023-11-13T20:52:57","slug":"smalle-firkantede-mat-brun-turtle-solbriller-med-guld-urrem-brune-glas","status":"publish","type":"product","link":"https:\/\/locsshop.eu\/nl\/shop\/smalle-firkantede-mat-brun-turtle-solbriller-med-guld-urrem-brune-glas\/","title":{"rendered":"Smalle vierkante matbruine schildpadzonnebril met gouden band - Bruine glazen"},"content":{"rendered":"<h2>Super trendy smalle vierkante zonnebril met een stoer gouden horlogebandje op de pootjes<\/h2>\n<p>Supercoole vierkante zonnebril met matbruin turtle front en matzwarte pootjes en bruine glazen.<br \/>\nDe stangen hebben stoere gouden horlogebandjes van metaal. Hierdoor ziet deze zonnebril er vrij exclusief en erg stoer uit.<\/p>\n<p>Perfect voor je TikTok- of Instagram-video&#039;s, shoppingtrips, caf\u00e9bezoeken, het strand en vakanties.<\/p>\n<p>Binnenbreedte: 13,7 cm.<br \/>\nHoogte. 4 cm.<br \/>\nLengte brilsteel: 14,4 cm.<\/p>\n<p>Materiaal: kunststof en metaal<br \/>\nUV bescherming<br \/>\nCE goedgekeurd<\/p>","protected":false},"excerpt":{"rendered":"<p><strong>Smalle vierkante bruine turtle zonnebril met mooie gouden horlogebandjes in metaal.<\/strong><br \/>\nDe coolste zonnebrillen, met extra stijl.<br \/>\nMat oppervlak<\/p>\n<p>UV400-bescherming.<br \/>\nCE-goedgekeurd.<\/p>","protected":false},"featured_media":10167,"comment_status":"open","ping_status":"closed","template":"","meta":{"om_disable_all_campaigns":false,"_monsterinsights_skip_tracking":false,"_monsterinsights_sitenote_active":false,"_monsterinsights_sitenote_note":"","_monsterinsights_sitenote_category":0},"product_brand":[],"product_cat":[1026,1029,1025,1291,1292],"product_tag":[1296,1070,1275,870,1277,609,1278],"class_list":{"0":"post-10166","1":"product","2":"type-product","3":"status-publish","4":"has-post-thumbnail","6":"product_cat-dame-solbriller","7":"product_cat-herre-solbriller","8":"product_cat-billige-solbriller","9":"product_cat-firkantede-dame-solbriller","10":"product_cat-firkantede-solbriller","11":"product_tag-23-003","12":"product_tag-firkantede","13":"product_tag-instagram","14":"product_tag-p693","15":"product_tag-snapchat","16":"product_tag-some","17":"product_tag-tiktok","19":"first","20":"outofstock","21":"shipping-taxable","22":"purchasable","23":"product-type-simple"},"yoast_head":"<!-- This site is optimized with the Yoast SEO plugin v27.2 - https:\/\/yoast.com\/product\/yoast-seo-wordpress\/ -->\n<title>Smalle firkantede mat brun turtle solbriller med guld urrem - Brune glas | K\u00f8b online her | LOCS<\/title>\n<meta name=\"description\" content=\"K\u00f8b Smalle firkantede mat brun turtle solbriller med guld urrem - Brune glas her | EU&#039;s st\u00f8rste udvalg af LOCS solbriller | Vi sender fra EU - Ingen ekstra import udgifter\" \/>\n<meta name=\"robots\" content=\"index, follow, max-snippet:-1, max-image-preview:large, max-video-preview:-1\" \/>\n<link rel=\"canonical\" href=\"https:\/\/locsshop.eu\/nl\/shop\/smalle-firkantede-mat-brun-turtle-solbriller-med-guld-urrem-brune-glas\/\" \/>\n<meta property=\"og:locale\" content=\"nl_NL\" \/>\n<meta property=\"og:type\" content=\"article\" \/>\n<meta property=\"og:title\" content=\"Smalle firkantede mat brun turtle solbriller med guld urrem - Brune glas | K\u00f8b online her | LOCS\" \/>\n<meta property=\"og:description\" content=\"K\u00f8b Smalle firkantede mat brun turtle solbriller med guld urrem - Brune glas her | EU&#039;s st\u00f8rste udvalg af LOCS solbriller | Vi sender fra EU - Ingen ekstra import udgifter\" \/>\n<meta property=\"og:url\" content=\"https:\/\/locsshop.eu\/nl\/shop\/smalle-firkantede-mat-brun-turtle-solbriller-med-guld-urrem-brune-glas\/\" \/>\n<meta property=\"og:site_name\" content=\"Locs Sunglasses - LOCS Supplier in EU\" \/>\n<meta property=\"article:modified_time\" content=\"2023-11-13T20:52:57+00:00\" \/>\n<meta property=\"og:image\" content=\"https:\/\/locsshop.eu\/wp-content\/uploads\/2023\/05\/23-003TE.jpg\" \/>\n\t<meta property=\"og:image:width\" content=\"800\" \/>\n\t<meta property=\"og:image:height\" content=\"800\" \/>\n\t<meta property=\"og:image:type\" content=\"image\/jpeg\" \/>\n<meta name=\"twitter:card\" content=\"summary_large_image\" \/>\n<script type=\"application\/ld+json\" class=\"yoast-schema-graph\">{\"@context\":\"https:\/\/schema.org\",\"@graph\":[{\"@type\":\"WebPage\",\"@id\":\"https:\/\/locsshop.eu\/shop\/smalle-firkantede-mat-brun-turtle-solbriller-med-guld-urrem-brune-glas\/\",\"url\":\"https:\/\/locsshop.eu\/shop\/smalle-firkantede-mat-brun-turtle-solbriller-med-guld-urrem-brune-glas\/\",\"name\":\"Smalle firkantede mat brun turtle solbriller med guld urrem - Brune glas | K\u00f8b online her | LOCS\",\"isPartOf\":{\"@id\":\"https:\/\/locsshop.eu\/#website\"},\"primaryImageOfPage\":{\"@id\":\"https:\/\/locsshop.eu\/shop\/smalle-firkantede-mat-brun-turtle-solbriller-med-guld-urrem-brune-glas\/#primaryimage\"},\"image\":{\"@id\":\"https:\/\/locsshop.eu\/shop\/smalle-firkantede-mat-brun-turtle-solbriller-med-guld-urrem-brune-glas\/#primaryimage\"},\"thumbnailUrl\":\"https:\/\/locsshop.eu\/wp-content\/uploads\/2023\/05\/23-003TE.jpg\",\"datePublished\":\"2023-05-09T08:20:36+00:00\",\"dateModified\":\"2023-11-13T20:52:57+00:00\",\"description\":\"K\u00f8b Smalle firkantede mat brun turtle solbriller med guld urrem - Brune glas her | EU's st\u00f8rste udvalg af LOCS solbriller | Vi sender fra EU - Ingen ekstra import udgifter\",\"breadcrumb\":{\"@id\":\"https:\/\/locsshop.eu\/shop\/smalle-firkantede-mat-brun-turtle-solbriller-med-guld-urrem-brune-glas\/#breadcrumb\"},\"inLanguage\":\"nl-NL\",\"potentialAction\":[{\"@type\":\"ReadAction\",\"target\":[\"https:\/\/locsshop.eu\/shop\/smalle-firkantede-mat-brun-turtle-solbriller-med-guld-urrem-brune-glas\/\"]}]},{\"@type\":\"ImageObject\",\"inLanguage\":\"nl-NL\",\"@id\":\"https:\/\/locsshop.eu\/shop\/smalle-firkantede-mat-brun-turtle-solbriller-med-guld-urrem-brune-glas\/#primaryimage\",\"url\":\"https:\/\/locsshop.eu\/wp-content\/uploads\/2023\/05\/23-003TE.jpg\",\"contentUrl\":\"https:\/\/locsshop.eu\/wp-content\/uploads\/2023\/05\/23-003TE.jpg\",\"width\":800,\"height\":800},{\"@type\":\"BreadcrumbList\",\"@id\":\"https:\/\/locsshop.eu\/shop\/smalle-firkantede-mat-brun-turtle-solbriller-med-guld-urrem-brune-glas\/#breadcrumb\",\"itemListElement\":[{\"@type\":\"ListItem\",\"position\":1,\"name\":\"Hjem\",\"item\":\"https:\/\/locsshop.eu\/\"},{\"@type\":\"ListItem\",\"position\":2,\"name\":\"Shop\",\"item\":\"https:\/\/locsshop.eu\/shop\/\"},{\"@type\":\"ListItem\",\"position\":3,\"name\":\"Smalle firkantede mat brun turtle solbriller med guld urrem &#8211; Brune glas\"}]},{\"@type\":\"WebSite\",\"@id\":\"https:\/\/locsshop.eu\/#website\",\"url\":\"https:\/\/locsshop.eu\/\",\"name\":\"Locs Sunglasses - LOCS Supplier in EU\",\"description\":\"We sell cheap LOCS Sunglasses\",\"publisher\":{\"@id\":\"https:\/\/locsshop.eu\/#organization\"},\"potentialAction\":[{\"@type\":\"SearchAction\",\"target\":{\"@type\":\"EntryPoint\",\"urlTemplate\":\"https:\/\/locsshop.eu\/?s={search_term_string}\"},\"query-input\":{\"@type\":\"PropertyValueSpecification\",\"valueRequired\":true,\"valueName\":\"search_term_string\"}}],\"inLanguage\":\"nl-NL\"},{\"@type\":\"Organization\",\"@id\":\"https:\/\/locsshop.eu\/#organization\",\"name\":\"Locsshop.eu\",\"url\":\"https:\/\/locsshop.eu\/\",\"logo\":{\"@type\":\"ImageObject\",\"inLanguage\":\"nl-NL\",\"@id\":\"https:\/\/locsshop.eu\/#\/schema\/logo\/image\/\",\"url\":\"https:\/\/locsshop.eu\/wp-content\/uploads\/2022\/02\/Locsshop-logo.png\",\"contentUrl\":\"https:\/\/locsshop.eu\/wp-content\/uploads\/2022\/02\/Locsshop-logo.png\",\"width\":930,\"height\":200,\"caption\":\"Locsshop.eu\"},\"image\":{\"@id\":\"https:\/\/locsshop.eu\/#\/schema\/logo\/image\/\"}}]}<\/script>\n<!-- \/ Yoast SEO plugin. -->","yoast_head_json":{"title":"Smalle vierkante matbruine turtle zonnebril met gouden horlogebandje - Bruine glazen | Koop hier online | LOCS","description":"Koop hier een smalle vierkante matbruine turtle zonnebril met gouden horlogeband - bruine glazen | De grootste selectie LOCS-zonnebrillen in de EU | Wij verzenden vanuit de EU - Geen extra invoerkosten","robots":{"index":"index","follow":"follow","max-snippet":"max-snippet:-1","max-image-preview":"max-image-preview:large","max-video-preview":"max-video-preview:-1"},"canonical":"https:\/\/locsshop.eu\/nl\/shop\/smalle-firkantede-mat-brun-turtle-solbriller-med-guld-urrem-brune-glas\/","og_locale":"nl_NL","og_type":"article","og_title":"Smalle firkantede mat brun turtle solbriller med guld urrem - Brune glas | K\u00f8b online her | LOCS","og_description":"K\u00f8b Smalle firkantede mat brun turtle solbriller med guld urrem - Brune glas her | EU's st\u00f8rste udvalg af LOCS solbriller | Vi sender fra EU - Ingen ekstra import udgifter","og_url":"https:\/\/locsshop.eu\/nl\/shop\/smalle-firkantede-mat-brun-turtle-solbriller-med-guld-urrem-brune-glas\/","og_site_name":"Locs Sunglasses - LOCS Supplier in EU","article_modified_time":"2023-11-13T20:52:57+00:00","og_image":[{"width":800,"height":800,"url":"https:\/\/locsshop.eu\/wp-content\/uploads\/2023\/05\/23-003TE.jpg","type":"image\/jpeg"}],"twitter_card":"summary_large_image","schema":{"@context":"https:\/\/schema.org","@graph":[{"@type":"WebPage","@id":"https:\/\/locsshop.eu\/shop\/smalle-firkantede-mat-brun-turtle-solbriller-med-guld-urrem-brune-glas\/","url":"https:\/\/locsshop.eu\/shop\/smalle-firkantede-mat-brun-turtle-solbriller-med-guld-urrem-brune-glas\/","name":"Smalle vierkante matbruine turtle zonnebril met gouden horlogebandje - Bruine glazen | Koop hier online | LOCS","isPartOf":{"@id":"https:\/\/locsshop.eu\/#website"},"primaryImageOfPage":{"@id":"https:\/\/locsshop.eu\/shop\/smalle-firkantede-mat-brun-turtle-solbriller-med-guld-urrem-brune-glas\/#primaryimage"},"image":{"@id":"https:\/\/locsshop.eu\/shop\/smalle-firkantede-mat-brun-turtle-solbriller-med-guld-urrem-brune-glas\/#primaryimage"},"thumbnailUrl":"https:\/\/locsshop.eu\/wp-content\/uploads\/2023\/05\/23-003TE.jpg","datePublished":"2023-05-09T08:20:36+00:00","dateModified":"2023-11-13T20:52:57+00:00","description":"Koop hier een smalle vierkante matbruine turtle zonnebril met gouden horlogeband - bruine glazen | De grootste selectie LOCS-zonnebrillen in de EU | Wij verzenden vanuit de EU - Geen extra invoerkosten","breadcrumb":{"@id":"https:\/\/locsshop.eu\/shop\/smalle-firkantede-mat-brun-turtle-solbriller-med-guld-urrem-brune-glas\/#breadcrumb"},"inLanguage":"nl-NL","potentialAction":[{"@type":"ReadAction","target":["https:\/\/locsshop.eu\/shop\/smalle-firkantede-mat-brun-turtle-solbriller-med-guld-urrem-brune-glas\/"]}]},{"@type":"ImageObject","inLanguage":"nl-NL","@id":"https:\/\/locsshop.eu\/shop\/smalle-firkantede-mat-brun-turtle-solbriller-med-guld-urrem-brune-glas\/#primaryimage","url":"https:\/\/locsshop.eu\/wp-content\/uploads\/2023\/05\/23-003TE.jpg","contentUrl":"https:\/\/locsshop.eu\/wp-content\/uploads\/2023\/05\/23-003TE.jpg","width":800,"height":800},{"@type":"BreadcrumbList","@id":"https:\/\/locsshop.eu\/shop\/smalle-firkantede-mat-brun-turtle-solbriller-med-guld-urrem-brune-glas\/#breadcrumb","itemListElement":[{"@type":"ListItem","position":1,"name":"Hjem","item":"https:\/\/locsshop.eu\/"},{"@type":"ListItem","position":2,"name":"Shop","item":"https:\/\/locsshop.eu\/shop\/"},{"@type":"ListItem","position":3,"name":"Smalle firkantede mat brun turtle solbriller med guld urrem &#8211; Brune glas"}]},{"@type":"WebSite","@id":"https:\/\/locsshop.eu\/#website","url":"https:\/\/locsshop.eu\/","name":"Locs zonnebrillen - LOCS leverancier in de EU","description":"Wij verkopen goedkope LOCS zonnebrillen","publisher":{"@id":"https:\/\/locsshop.eu\/#organization"},"potentialAction":[{"@type":"SearchAction","target":{"@type":"EntryPoint","urlTemplate":"https:\/\/locsshop.eu\/?s={search_term_string}"},"query-input":{"@type":"PropertyValueSpecification","valueRequired":true,"valueName":"search_term_string"}}],"inLanguage":"nl-NL"},{"@type":"Organization","@id":"https:\/\/locsshop.eu\/#organization","name":"Locsshop.eu","url":"https:\/\/locsshop.eu\/","logo":{"@type":"ImageObject","inLanguage":"nl-NL","@id":"https:\/\/locsshop.eu\/#\/schema\/logo\/image\/","url":"https:\/\/locsshop.eu\/wp-content\/uploads\/2022\/02\/Locsshop-logo.png","contentUrl":"https:\/\/locsshop.eu\/wp-content\/uploads\/2022\/02\/Locsshop-logo.png","width":930,"height":200,"caption":"Locsshop.eu"},"image":{"@id":"https:\/\/locsshop.eu\/#\/schema\/logo\/image\/"}}]}},"_links":{"self":[{"href":"https:\/\/locsshop.eu\/nl\/wp-json\/wp\/v2\/product\/10166","targetHints":{"allow":["GET"]}}],"collection":[{"href":"https:\/\/locsshop.eu\/nl\/wp-json\/wp\/v2\/product"}],"about":[{"href":"https:\/\/locsshop.eu\/nl\/wp-json\/wp\/v2\/types\/product"}],"replies":[{"embeddable":true,"href":"https:\/\/locsshop.eu\/nl\/wp-json\/wp\/v2\/comments?post=10166"}],"wp:featuredmedia":[{"embeddable":true,"href":"https:\/\/locsshop.eu\/nl\/wp-json\/wp\/v2\/media\/10167"}],"wp:attachment":[{"href":"https:\/\/locsshop.eu\/nl\/wp-json\/wp\/v2\/media?parent=10166"}],"wp:term":[{"taxonomy":"product_brand","embeddable":true,"href":"https:\/\/locsshop.eu\/nl\/wp-json\/wp\/v2\/product_brand?post=10166"},{"taxonomy":"product_cat","embeddable":true,"href":"https:\/\/locsshop.eu\/nl\/wp-json\/wp\/v2\/product_cat?post=10166"},{"taxonomy":"product_tag","embeddable":true,"href":"https:\/\/locsshop.eu\/nl\/wp-json\/wp\/v2\/product_tag?post=10166"}],"curies":[{"name":"wp","href":"https:\/\/api.w.org\/{rel}","templated":true}]}}