{"id":10712,"date":"2023-06-21T15:43:11","date_gmt":"2023-06-21T13:43:11","guid":{"rendered":"https:\/\/locsshop.eu\/shop\/baeredygtige-orange-fade-wayfarer-solbriller-lyon-moerke-glas\/"},"modified":"2025-07-15T14:48:53","modified_gmt":"2025-07-15T12:48:53","slug":"baeredygtige-orange-fade-wayfarer-solbriller-lyon-moerke-glas","status":"publish","type":"product","link":"https:\/\/locsshop.eu\/nl\/shop\/baeredygtige-orange-fade-wayfarer-solbriller-lyon-moerke-glas\/","title":{"rendered":"\ud83c\udf43Sustainable Orange fade Wayfarer zonnebril | Lyon - Donkere bril"},"content":{"rendered":"<h2>\ud83c\udf43Sustainable Orange fade Wayfarer zonnebril | Lyon - Donkere bril<\/h2>\n<p>Klassieke wayfarer zonnebril met een mooie oranje tint op de voorkant en pootjes<br \/>\nDe zonnebril is geschikt voor zowel mannen als vrouwen en is het hele jaar door super gaaf.<\/p>\n<h4>Materiaal: <strong>100% Gerecycled polyester<\/strong><\/h4>\n<p>&nbsp;<\/p>\n<h3 style=\"text-align: center\"><strong><em>\ud83c\udf43Dit is een duurzame zonnebril<\/em><\/strong><\/h3>\n<table style=\"height: 226px;width: 100%;border-collapse: collapse;border-style: hidden;margin-left: auto;margin-right: auto\" border=\"1\">\n<caption>\u00a0<\/caption>\n<tbody>\n<tr style=\"height: 162px\" data-wp-editing=\"1\">\n<td style=\"width: 25%;height: 162px\"><img loading=\"lazy\" decoding=\"async\" class=\"alignnone size-full wp-image-12245 aligncenter\" style=\"margin-left: auto;margin-right: auto\" src=\"https:\/\/bazarsalg.dk\/wp-content\/uploads\/hand.png\" alt=\"\" width=\"80\" height=\"80\" \/><\/td>\n<td style=\"width: 25%;height: 162px\"><img loading=\"lazy\" decoding=\"async\" class=\"wp-image-12250 size-full aligncenter\" style=\"margin-left: auto;margin-right: auto\" src=\"https:\/\/bazarsalg.dk\/wp-content\/uploads\/bottles3.png\" alt=\"\" width=\"80\" height=\"80\" \/><\/td>\n<td style=\"width: 25%;height: 162px\"><img loading=\"lazy\" decoding=\"async\" class=\"size-full wp-image-12248 aligncenter\" style=\"margin-left: auto;margin-right: auto\" src=\"https:\/\/bazarsalg.dk\/wp-content\/uploads\/earth.png\" alt=\"\" width=\"80\" height=\"80\" \/><\/td>\n<\/tr>\n<tr style=\"height: 64px\">\n<td style=\"width: 25%;height: 64px;text-align: center\"><strong>Gemaakt van gerecycled polyester uit zee en land<\/strong><\/td>\n<td style=\"width: 25%;height: 64px;text-align: center\">\n<p style=\"text-align: center\"><strong>Geproduceerd uit hernieuwbare grondstoffen<\/strong><\/p>\n<\/td>\n<td style=\"width: 25%;height: 64px;text-align: center\">\n<p style=\"text-align: center\"><strong>Bevordert duurzame ontwikkeling<\/strong><\/p>\n<\/td>\n<\/tr>\n<\/tbody>\n<\/table>\n<p><em>Duurzame zonnebrillen zijn zonnebrillen die zijn vervaardigd met de nadruk op milieuvriendelijkheid en sociale verantwoordelijkheid. Dit omvat het gebruik van recyclebare materialen, organisch of biologisch afbreekbaar materiaal en een productiesysteem dat afval minimaliseert en minder energie verbruikt. Duurzame zonnebrillen worden geproduceerd met als doel de negatieve milieueffecten te verminderen, zijn functioneel voor de drager en zijn net zo cool als gewone zonnebrillen. Ze zijn ideaal voor diegenen die een keuze willen maken die de planeet respecteert en duurzame ontwikkeling ondersteunt.<\/em><\/p>\n<h2><\/h2>\n<p>&nbsp;<\/p>\n<table style=\"width: 100%;border-collapse: collapse;border-style: dashed\" border=\"1\">\n<tbody>\n<tr>\n<td style=\"width: 100%\">\n<h2 style=\"text-align: center\"><strong>De maat van de zonnebril<\/strong><\/h2>\n<\/td>\n<\/tr>\n<\/tbody>\n<\/table>\n<table style=\"width: 100%;border-collapse: collapse;border-style: hidden;margin-left: auto;margin-right: auto\" border=\"1\" cellspacing=\"20\" cellpadding=\"20\">\n<tbody>\n<tr>\n<td style=\"width: 33.3333%;text-align: center\"><strong><img decoding=\"async\" src=\"https:\/\/bazarsalg.dk\/wp-content\/uploads\/bredde.png\" \/><\/strong><\/td>\n<td style=\"width: 33.3333%;text-align: center\"><strong>Breedte<\/strong><\/td>\n<td style=\"width: 33.3333%;text-align: center\"><strong>14 cm.<\/strong><\/td>\n<\/tr>\n<tr>\n<td style=\"width: 33.3333%;text-align: center\"><strong><img decoding=\"async\" src=\"https:\/\/bazarsalg.dk\/wp-content\/uploads\/hoejde.png\" \/><\/strong><\/td>\n<td style=\"width: 33.3333%;text-align: center\"><strong>Hoogte<\/strong><\/td>\n<td style=\"width: 33.3333%;text-align: center\"><strong>5 cm.<\/strong><\/td>\n<\/tr>\n<tr>\n<td style=\"width: 33.3333%;text-align: center\"><strong><img decoding=\"async\" src=\"https:\/\/bazarsalg.dk\/wp-content\/uploads\/stang.png\" \/><\/strong><\/td>\n<td style=\"width: 33.3333%;text-align: center\"><strong>Lens lengte<\/strong><\/td>\n<td style=\"width: 33.3333%;text-align: center\"><strong>14 cm.<\/strong><\/td>\n<\/tr>\n<tr>\n<td style=\"width: 33.3333%;text-align: center\"><strong><img decoding=\"async\" src=\"https:\/\/bazarsalg.dk\/wp-content\/uploads\/glas-bredde.png\" \/><\/strong><\/td>\n<td style=\"width: 33.3333%;text-align: center\"><strong>Glas Breedte<\/strong><\/td>\n<td style=\"width: 33.3333%;text-align: center\"><strong>6,5 cm.<\/strong><\/td>\n<\/tr>\n<tr>\n<td style=\"width: 33.3333%;text-align: center\"><strong><img decoding=\"async\" src=\"https:\/\/bazarsalg.dk\/wp-content\/uploads\/bredde-naese.png\" \/><\/strong><\/td>\n<td style=\"width: 33.3333%;text-align: center\"><strong>Ruimte tussen glas<\/strong><\/td>\n<td style=\"width: 33.3333%;text-align: center\"><strong>2 cm.<\/strong><\/td>\n<\/tr>\n<\/tbody>\n<\/table>\n<p>&nbsp;<\/p>\n<p><strong>\u00a0<\/strong><\/p>\n<table style=\"width: 100%;border-collapse: collapse;border-style: hidden;margin-left: auto;margin-right: auto\" border=\"1\" cellspacing=\"50\" cellpadding=\"20\">\n<caption>\u00a0<\/caption>\n<caption>\u00a0<\/caption>\n<tbody>\n<tr>\n<td style=\"width: 25%;text-align: center\"><img decoding=\"async\" class=\"aligncenter\" src=\"https:\/\/bazarsalg.dk\/wp-content\/uploads\/UV.png\" \/><\/td>\n<td style=\"width: 25%;text-align: center\"><img decoding=\"async\" src=\"https:\/\/bazarsalg.dk\/wp-content\/uploads\/ce.png\" \/><\/td>\n<td style=\"width: 25%;text-align: center\"><img decoding=\"async\" src=\"https:\/\/bazarsalg.dk\/wp-content\/uploads\/box.png\" \/><\/td>\n<\/tr>\n<tr>\n<td style=\"width: 25%;text-align: center\"><strong>De zonnebril heeft UV400 bescherming<\/strong><\/p>\n<p>Blokkeert 99 tot 100 procent van alle UVA- en UVB-stralen en beschermt je ogen tegen zonnestralen.<\/td>\n<td style=\"width: 25%;text-align: center\"><strong>CE-goedgekeurd <\/strong><\/p>\n<p>De zonnebrillen voldoen aan alle wettelijke eisen in de EU, hierdoor weet je zeker dat je zonnebril getest en goedgekeurd is.<\/td>\n<td style=\"width: 25%;text-align: center\"><strong>Verzonden in een kartonnen doos zodat ze niet breken <\/strong><\/p>\n<p>We verpakken zonnebrillen altijd stevig zodat ze in goede staat aankomen.<\/td>\n<\/tr>\n<\/tbody>\n<\/table>","protected":false},"excerpt":{"rendered":"<p>Donkere glazen<\/p>\n<p>CE-goedgekeurd<br \/>\nUV400-bescherming<\/p>","protected":false},"featured_media":10713,"comment_status":"open","ping_status":"closed","template":"","meta":{"om_disable_all_campaigns":false,"_monsterinsights_skip_tracking":false,"_monsterinsights_sitenote_active":false,"_monsterinsights_sitenote_note":"","_monsterinsights_sitenote_category":0},"product_brand":[],"product_cat":[1026,1029,1025,1037],"product_tag":[605,870,769,1379],"class_list":{"0":"post-10712","1":"product","2":"type-product","3":"status-publish","4":"has-post-thumbnail","6":"product_cat-dame-solbriller","7":"product_cat-herre-solbriller","8":"product_cat-billige-solbriller","9":"product_cat-wayfarer","10":"product_tag-get","11":"product_tag-p693","12":"product_tag-ph4131","13":"product_tag-s2560","15":"first","16":"instock","17":"shipping-taxable","18":"purchasable","19":"product-type-simple"},"yoast_head":"<!-- This site is optimized with the Yoast SEO plugin v27.5 - https:\/\/yoast.com\/product\/yoast-seo-wordpress\/ -->\n<title>\ud83c\udf43B\u00e6redygtige Orange fade Wayfarer solbriller | Lyon - M\u00f8rke glas | K\u00f8b online her | LOCS<\/title>\n<meta name=\"description\" content=\"K\u00f8b \ud83c\udf43B\u00e6redygtige Orange fade Wayfarer solbriller | Lyon - M\u00f8rke glas her | EU&#039;s st\u00f8rste udvalg af LOCS solbriller | Vi sender fra EU - Ingen ekstra import udgifter\" \/>\n<meta name=\"robots\" content=\"index, follow, max-snippet:-1, max-image-preview:large, max-video-preview:-1\" \/>\n<link rel=\"canonical\" href=\"https:\/\/locsshop.eu\/nl\/shop\/baeredygtige-orange-fade-wayfarer-solbriller-lyon-moerke-glas\/\" \/>\n<meta property=\"og:locale\" content=\"nl_NL\" \/>\n<meta property=\"og:type\" content=\"article\" \/>\n<meta property=\"og:title\" content=\"\ud83c\udf43B\u00e6redygtige Orange fade Wayfarer solbriller | Lyon - M\u00f8rke glas | K\u00f8b online her | LOCS\" \/>\n<meta property=\"og:description\" content=\"K\u00f8b \ud83c\udf43B\u00e6redygtige Orange fade Wayfarer solbriller | Lyon - M\u00f8rke glas her | EU&#039;s st\u00f8rste udvalg af LOCS solbriller | Vi sender fra EU - Ingen ekstra import udgifter\" \/>\n<meta property=\"og:url\" content=\"https:\/\/locsshop.eu\/nl\/shop\/baeredygtige-orange-fade-wayfarer-solbriller-lyon-moerke-glas\/\" \/>\n<meta property=\"og:site_name\" content=\"Locs Sunglasses - LOCS Supplier in EU\" \/>\n<meta property=\"article:modified_time\" content=\"2025-07-15T12:48:53+00:00\" \/>\n<meta property=\"og:image\" content=\"https:\/\/locsshop.eu\/wp-content\/uploads\/2023\/06\/2560b.jpg\" \/>\n\t<meta property=\"og:image:width\" content=\"800\" \/>\n\t<meta property=\"og:image:height\" content=\"800\" \/>\n\t<meta property=\"og:image:type\" content=\"image\/jpeg\" \/>\n<meta name=\"twitter:card\" content=\"summary_large_image\" \/>\n<meta name=\"twitter:label1\" content=\"Geschatte leestijd\" \/>\n\t<meta name=\"twitter:data1\" content=\"1 minuut\" \/>\n<script type=\"application\/ld+json\" class=\"yoast-schema-graph\">{\"@context\":\"https:\\\/\\\/schema.org\",\"@graph\":[{\"@type\":\"WebPage\",\"@id\":\"https:\\\/\\\/locsshop.eu\\\/shop\\\/baeredygtige-orange-fade-wayfarer-solbriller-lyon-moerke-glas\\\/\",\"url\":\"https:\\\/\\\/locsshop.eu\\\/shop\\\/baeredygtige-orange-fade-wayfarer-solbriller-lyon-moerke-glas\\\/\",\"name\":\"\ud83c\udf43B\u00e6redygtige Orange fade Wayfarer solbriller | Lyon - M\u00f8rke glas | K\u00f8b online her | LOCS\",\"isPartOf\":{\"@id\":\"https:\\\/\\\/locsshop.eu\\\/#website\"},\"primaryImageOfPage\":{\"@id\":\"https:\\\/\\\/locsshop.eu\\\/shop\\\/baeredygtige-orange-fade-wayfarer-solbriller-lyon-moerke-glas\\\/#primaryimage\"},\"image\":{\"@id\":\"https:\\\/\\\/locsshop.eu\\\/shop\\\/baeredygtige-orange-fade-wayfarer-solbriller-lyon-moerke-glas\\\/#primaryimage\"},\"thumbnailUrl\":\"https:\\\/\\\/locsshop.eu\\\/wp-content\\\/uploads\\\/2023\\\/06\\\/2560b.jpg\",\"datePublished\":\"2023-06-21T13:43:11+00:00\",\"dateModified\":\"2025-07-15T12:48:53+00:00\",\"description\":\"K\u00f8b \ud83c\udf43B\u00e6redygtige Orange fade Wayfarer solbriller | Lyon - M\u00f8rke glas her | EU's st\u00f8rste udvalg af LOCS solbriller | Vi sender fra EU - Ingen ekstra import udgifter\",\"breadcrumb\":{\"@id\":\"https:\\\/\\\/locsshop.eu\\\/shop\\\/baeredygtige-orange-fade-wayfarer-solbriller-lyon-moerke-glas\\\/#breadcrumb\"},\"inLanguage\":\"nl-NL\",\"potentialAction\":[{\"@type\":\"ReadAction\",\"target\":[\"https:\\\/\\\/locsshop.eu\\\/shop\\\/baeredygtige-orange-fade-wayfarer-solbriller-lyon-moerke-glas\\\/\"]}]},{\"@type\":\"ImageObject\",\"inLanguage\":\"nl-NL\",\"@id\":\"https:\\\/\\\/locsshop.eu\\\/shop\\\/baeredygtige-orange-fade-wayfarer-solbriller-lyon-moerke-glas\\\/#primaryimage\",\"url\":\"https:\\\/\\\/locsshop.eu\\\/wp-content\\\/uploads\\\/2023\\\/06\\\/2560b.jpg\",\"contentUrl\":\"https:\\\/\\\/locsshop.eu\\\/wp-content\\\/uploads\\\/2023\\\/06\\\/2560b.jpg\",\"width\":800,\"height\":800},{\"@type\":\"BreadcrumbList\",\"@id\":\"https:\\\/\\\/locsshop.eu\\\/shop\\\/baeredygtige-orange-fade-wayfarer-solbriller-lyon-moerke-glas\\\/#breadcrumb\",\"itemListElement\":[{\"@type\":\"ListItem\",\"position\":1,\"name\":\"Hjem\",\"item\":\"https:\\\/\\\/locsshop.eu\\\/\"},{\"@type\":\"ListItem\",\"position\":2,\"name\":\"Shop\",\"item\":\"https:\\\/\\\/locsshop.eu\\\/shop\\\/\"},{\"@type\":\"ListItem\",\"position\":3,\"name\":\"\ud83c\udf43B\u00e6redygtige Orange fade Wayfarer solbriller | Lyon &#8211; M\u00f8rke glas\"}]},{\"@type\":\"WebSite\",\"@id\":\"https:\\\/\\\/locsshop.eu\\\/#website\",\"url\":\"https:\\\/\\\/locsshop.eu\\\/\",\"name\":\"Locs Sunglasses - LOCS Supplier in EU\",\"description\":\"We sell cheap LOCS Sunglasses\",\"publisher\":{\"@id\":\"https:\\\/\\\/locsshop.eu\\\/#organization\"},\"potentialAction\":[{\"@type\":\"SearchAction\",\"target\":{\"@type\":\"EntryPoint\",\"urlTemplate\":\"https:\\\/\\\/locsshop.eu\\\/?s={search_term_string}\"},\"query-input\":{\"@type\":\"PropertyValueSpecification\",\"valueRequired\":true,\"valueName\":\"search_term_string\"}}],\"inLanguage\":\"nl-NL\"},{\"@type\":\"Organization\",\"@id\":\"https:\\\/\\\/locsshop.eu\\\/#organization\",\"name\":\"Locsshop.eu\",\"url\":\"https:\\\/\\\/locsshop.eu\\\/\",\"logo\":{\"@type\":\"ImageObject\",\"inLanguage\":\"nl-NL\",\"@id\":\"https:\\\/\\\/locsshop.eu\\\/#\\\/schema\\\/logo\\\/image\\\/\",\"url\":\"https:\\\/\\\/locsshop.eu\\\/wp-content\\\/uploads\\\/2022\\\/02\\\/Locsshop-logo.png\",\"contentUrl\":\"https:\\\/\\\/locsshop.eu\\\/wp-content\\\/uploads\\\/2022\\\/02\\\/Locsshop-logo.png\",\"width\":930,\"height\":200,\"caption\":\"Locsshop.eu\"},\"image\":{\"@id\":\"https:\\\/\\\/locsshop.eu\\\/#\\\/schema\\\/logo\\\/image\\\/\"}}]}<\/script>\n<!-- \/ Yoast SEO plugin. -->","yoast_head_json":{"title":"\ud83c\udf43Sustainable Orange fade Wayfarer zonnebril | Lyon - Donkere bril | Koop hier online | LOCS","description":"Koop een \ud83c\udf43Sustainable Orange fade Wayfarer zonnebril | Lyon - Donkere bril hier | De grootste selectie LOCS-zonnebrillen in de EU | Wij verzenden vanuit de EU - Geen extra invoerkosten","robots":{"index":"index","follow":"follow","max-snippet":"max-snippet:-1","max-image-preview":"max-image-preview:large","max-video-preview":"max-video-preview:-1"},"canonical":"https:\/\/locsshop.eu\/nl\/shop\/baeredygtige-orange-fade-wayfarer-solbriller-lyon-moerke-glas\/","og_locale":"nl_NL","og_type":"article","og_title":"\ud83c\udf43B\u00e6redygtige Orange fade Wayfarer solbriller | Lyon - M\u00f8rke glas | K\u00f8b online her | LOCS","og_description":"K\u00f8b \ud83c\udf43B\u00e6redygtige Orange fade Wayfarer solbriller | Lyon - M\u00f8rke glas her | EU's st\u00f8rste udvalg af LOCS solbriller | Vi sender fra EU - Ingen ekstra import udgifter","og_url":"https:\/\/locsshop.eu\/nl\/shop\/baeredygtige-orange-fade-wayfarer-solbriller-lyon-moerke-glas\/","og_site_name":"Locs Sunglasses - LOCS Supplier in EU","article_modified_time":"2025-07-15T12:48:53+00:00","og_image":[{"width":800,"height":800,"url":"https:\/\/locsshop.eu\/wp-content\/uploads\/2023\/06\/2560b.jpg","type":"image\/jpeg"}],"twitter_card":"summary_large_image","twitter_misc":{"Geschatte leestijd":"1 minuut"},"schema":{"@context":"https:\/\/schema.org","@graph":[{"@type":"WebPage","@id":"https:\/\/locsshop.eu\/shop\/baeredygtige-orange-fade-wayfarer-solbriller-lyon-moerke-glas\/","url":"https:\/\/locsshop.eu\/shop\/baeredygtige-orange-fade-wayfarer-solbriller-lyon-moerke-glas\/","name":"\ud83c\udf43Sustainable Orange fade Wayfarer zonnebril | Lyon - Donkere bril | Koop hier online | LOCS","isPartOf":{"@id":"https:\/\/locsshop.eu\/#website"},"primaryImageOfPage":{"@id":"https:\/\/locsshop.eu\/shop\/baeredygtige-orange-fade-wayfarer-solbriller-lyon-moerke-glas\/#primaryimage"},"image":{"@id":"https:\/\/locsshop.eu\/shop\/baeredygtige-orange-fade-wayfarer-solbriller-lyon-moerke-glas\/#primaryimage"},"thumbnailUrl":"https:\/\/locsshop.eu\/wp-content\/uploads\/2023\/06\/2560b.jpg","datePublished":"2023-06-21T13:43:11+00:00","dateModified":"2025-07-15T12:48:53+00:00","description":"Koop een \ud83c\udf43Sustainable Orange fade Wayfarer zonnebril | Lyon - Donkere bril hier | De grootste selectie LOCS-zonnebrillen in de EU | Wij verzenden vanuit de EU - Geen extra invoerkosten","breadcrumb":{"@id":"https:\/\/locsshop.eu\/shop\/baeredygtige-orange-fade-wayfarer-solbriller-lyon-moerke-glas\/#breadcrumb"},"inLanguage":"nl-NL","potentialAction":[{"@type":"ReadAction","target":["https:\/\/locsshop.eu\/shop\/baeredygtige-orange-fade-wayfarer-solbriller-lyon-moerke-glas\/"]}]},{"@type":"ImageObject","inLanguage":"nl-NL","@id":"https:\/\/locsshop.eu\/shop\/baeredygtige-orange-fade-wayfarer-solbriller-lyon-moerke-glas\/#primaryimage","url":"https:\/\/locsshop.eu\/wp-content\/uploads\/2023\/06\/2560b.jpg","contentUrl":"https:\/\/locsshop.eu\/wp-content\/uploads\/2023\/06\/2560b.jpg","width":800,"height":800},{"@type":"BreadcrumbList","@id":"https:\/\/locsshop.eu\/shop\/baeredygtige-orange-fade-wayfarer-solbriller-lyon-moerke-glas\/#breadcrumb","itemListElement":[{"@type":"ListItem","position":1,"name":"Hjem","item":"https:\/\/locsshop.eu\/"},{"@type":"ListItem","position":2,"name":"Shop","item":"https:\/\/locsshop.eu\/shop\/"},{"@type":"ListItem","position":3,"name":"\ud83c\udf43B\u00e6redygtige Orange fade Wayfarer solbriller | Lyon &#8211; M\u00f8rke glas"}]},{"@type":"WebSite","@id":"https:\/\/locsshop.eu\/#website","url":"https:\/\/locsshop.eu\/","name":"Locs zonnebrillen - LOCS leverancier in de EU","description":"Wij verkopen goedkope LOCS zonnebrillen","publisher":{"@id":"https:\/\/locsshop.eu\/#organization"},"potentialAction":[{"@type":"SearchAction","target":{"@type":"EntryPoint","urlTemplate":"https:\/\/locsshop.eu\/?s={search_term_string}"},"query-input":{"@type":"PropertyValueSpecification","valueRequired":true,"valueName":"search_term_string"}}],"inLanguage":"nl-NL"},{"@type":"Organization","@id":"https:\/\/locsshop.eu\/#organization","name":"Locsshop.eu","url":"https:\/\/locsshop.eu\/","logo":{"@type":"ImageObject","inLanguage":"nl-NL","@id":"https:\/\/locsshop.eu\/#\/schema\/logo\/image\/","url":"https:\/\/locsshop.eu\/wp-content\/uploads\/2022\/02\/Locsshop-logo.png","contentUrl":"https:\/\/locsshop.eu\/wp-content\/uploads\/2022\/02\/Locsshop-logo.png","width":930,"height":200,"caption":"Locsshop.eu"},"image":{"@id":"https:\/\/locsshop.eu\/#\/schema\/logo\/image\/"}}]}},"_links":{"self":[{"href":"https:\/\/locsshop.eu\/nl\/wp-json\/wp\/v2\/product\/10712","targetHints":{"allow":["GET"]}}],"collection":[{"href":"https:\/\/locsshop.eu\/nl\/wp-json\/wp\/v2\/product"}],"about":[{"href":"https:\/\/locsshop.eu\/nl\/wp-json\/wp\/v2\/types\/product"}],"replies":[{"embeddable":true,"href":"https:\/\/locsshop.eu\/nl\/wp-json\/wp\/v2\/comments?post=10712"}],"wp:featuredmedia":[{"embeddable":true,"href":"https:\/\/locsshop.eu\/nl\/wp-json\/wp\/v2\/media\/10713"}],"wp:attachment":[{"href":"https:\/\/locsshop.eu\/nl\/wp-json\/wp\/v2\/media?parent=10712"}],"wp:term":[{"taxonomy":"product_brand","embeddable":true,"href":"https:\/\/locsshop.eu\/nl\/wp-json\/wp\/v2\/product_brand?post=10712"},{"taxonomy":"product_cat","embeddable":true,"href":"https:\/\/locsshop.eu\/nl\/wp-json\/wp\/v2\/product_cat?post=10712"},{"taxonomy":"product_tag","embeddable":true,"href":"https:\/\/locsshop.eu\/nl\/wp-json\/wp\/v2\/product_tag?post=10712"}],"curies":[{"name":"wp","href":"https:\/\/api.w.org\/{rel}","templated":true}]}}