{"id":11217,"date":"2023-09-25T09:01:45","date_gmt":"2023-09-25T07:01:45","guid":{"rendered":"https:\/\/locsshop.eu\/da\/shop\/brun-turtle-fit-over-solbriller-toledo-brune-glas\/"},"modified":"2025-06-29T22:06:54","modified_gmt":"2025-06-29T20:06:54","slug":"brun-turtle-fit-over-solbriller-toledo-brune-glas","status":"publish","type":"product","link":"https:\/\/locsshop.eu\/nl\/shop\/brun-turtle-fit-over-solbriller-toledo-brune-glas\/","title":{"rendered":"Bruine Turtle Fit-Over-zonnebril \u2013 Toledo | Bruine bril"},"content":{"rendered":"<h2>Brown Turtle Fit-Over zonnebril die je buiten je normale kleding kunt dragen. bril<\/h2>\n<p>Als u een bril draagt en een zonnebril wilt die u naast uw bril kunt opzetten, moet u een overzetzonnebril kopen.<br \/>\nDeze zijn met comfortabele bruine lenzen<\/p>\n<p><strong>De pasvorm over de bril is zo ontworpen dat u deze over uw normale bril kunt dragen.<br \/>\nGebruik de onderstaande afmetingen en kijk of ze bij uw bril passen<\/strong><\/p>\n<p>Binnenbreedte: 13,9 cm.<br \/>\nBinnenhoogte: 4 cm.<br \/>\nLengte binnenzijde: 14,7 cm.<\/p>\n<p>Materiaal frame: kunststof<br \/>\nUV400-bescherming<\/p>\n<h3><strong>De zonnebril is gepolariseerd<br \/>\n<img loading=\"lazy\" decoding=\"async\" class=\"alignnone size-full wp-image-11712\" src=\"https:\/\/bazarsalg.dk\/wp-content\/uploads\/polarized-logo.jpg\" alt=\"\" width=\"200\" height=\"108\" \/><br \/>\n<\/strong><\/h3>\n<p><em>Gepolariseerde zonnebrillen zijn een populair type zonnebrillen die zijn ontworpen om schittering van reflecterende oppervlakken zoals water, sneeuw of wegdekken te verminderen. Dit wordt bereikt met behulp van een polariserende film die lichtgolven blokkeert die op een specifieke as bewegen. Dit vermindert reflecties en zorgt voor een helderder en gedetailleerder beeld, vooral bij fel zonlicht. Het is een goed idee om een gepolariseerde zonnebril te kiezen als u veel buiten bent, vooral in de buurt van water of bij activiteiten zoals ski\u00ebn of fietsen.<\/em><\/p>","protected":false},"excerpt":{"rendered":"<ul>\n<li>Buiten gedragen op je generaal. bril<\/li>\n<li>Glanzend oppervlak<\/li>\n<li>Gepolariseerde lenzen voor optimaal zicht<\/li>\n<\/ul>","protected":false},"featured_media":11216,"comment_status":"open","ping_status":"closed","template":"","meta":{"om_disable_all_campaigns":false,"_monsterinsights_skip_tracking":false,"_monsterinsights_sitenote_active":false,"_monsterinsights_sitenote_note":"","_monsterinsights_sitenote_category":0},"product_brand":[],"product_cat":[1026,1029,1025,1032],"product_tag":[445,1297,1336,447,870],"class_list":{"0":"post-11217","1":"product","2":"type-product","3":"status-publish","4":"has-post-thumbnail","6":"product_cat-dame-solbriller","7":"product_cat-herre-solbriller","8":"product_cat-billige-solbriller","9":"product_cat-fit-over-solbriller","10":"product_tag-fit","11":"product_tag-fit-over","12":"product_tag-k2005a","13":"product_tag-over","14":"product_tag-p693","16":"first","17":"instock","18":"shipping-taxable","19":"purchasable","20":"product-type-simple"},"yoast_head":"<!-- This site is optimized with the Yoast SEO plugin v27.5 - https:\/\/yoast.com\/product\/yoast-seo-wordpress\/ -->\n<title>Brun Turtle Fit-Over Solbriller - Toledo | Brune glas | K\u00f8b online her | LOCS<\/title>\n<meta name=\"description\" content=\"K\u00f8b Brun Turtle Fit-Over Solbriller - Toledo | Brune glas her | EU&#039;s st\u00f8rste udvalg af LOCS solbriller | Vi sender fra EU - Ingen ekstra import udgifter\" \/>\n<meta name=\"robots\" content=\"index, follow, max-snippet:-1, max-image-preview:large, max-video-preview:-1\" \/>\n<link rel=\"canonical\" href=\"https:\/\/locsshop.eu\/nl\/shop\/brun-turtle-fit-over-solbriller-toledo-brune-glas\/\" \/>\n<meta property=\"og:locale\" content=\"nl_NL\" \/>\n<meta property=\"og:type\" content=\"article\" \/>\n<meta property=\"og:title\" content=\"Brun Turtle Fit-Over Solbriller - Toledo | Brune glas | K\u00f8b online her | LOCS\" \/>\n<meta property=\"og:description\" content=\"K\u00f8b Brun Turtle Fit-Over Solbriller - Toledo | Brune glas her | EU&#039;s st\u00f8rste udvalg af LOCS solbriller | Vi sender fra EU - Ingen ekstra import udgifter\" \/>\n<meta property=\"og:url\" content=\"https:\/\/locsshop.eu\/nl\/shop\/brun-turtle-fit-over-solbriller-toledo-brune-glas\/\" \/>\n<meta property=\"og:site_name\" content=\"Locs Sunglasses - LOCS Supplier in EU\" \/>\n<meta property=\"article:modified_time\" content=\"2025-06-29T20:06:54+00:00\" \/>\n<meta property=\"og:image\" content=\"https:\/\/locsshop.eu\/wp-content\/uploads\/2023\/09\/K2005A-TE.jpg\" \/>\n\t<meta property=\"og:image:width\" content=\"800\" \/>\n\t<meta property=\"og:image:height\" content=\"800\" \/>\n\t<meta property=\"og:image:type\" content=\"image\/jpeg\" \/>\n<meta name=\"twitter:card\" content=\"summary_large_image\" \/>\n<meta name=\"twitter:label1\" content=\"Geschatte leestijd\" \/>\n\t<meta name=\"twitter:data1\" content=\"1 minuut\" \/>\n<script type=\"application\/ld+json\" class=\"yoast-schema-graph\">{\"@context\":\"https:\\\/\\\/schema.org\",\"@graph\":[{\"@type\":\"WebPage\",\"@id\":\"https:\\\/\\\/locsshop.eu\\\/shop\\\/brun-turtle-fit-over-solbriller-toledo-brune-glas\\\/\",\"url\":\"https:\\\/\\\/locsshop.eu\\\/shop\\\/brun-turtle-fit-over-solbriller-toledo-brune-glas\\\/\",\"name\":\"Brun Turtle Fit-Over Solbriller - Toledo | Brune glas | K\u00f8b online her | LOCS\",\"isPartOf\":{\"@id\":\"https:\\\/\\\/locsshop.eu\\\/#website\"},\"primaryImageOfPage\":{\"@id\":\"https:\\\/\\\/locsshop.eu\\\/shop\\\/brun-turtle-fit-over-solbriller-toledo-brune-glas\\\/#primaryimage\"},\"image\":{\"@id\":\"https:\\\/\\\/locsshop.eu\\\/shop\\\/brun-turtle-fit-over-solbriller-toledo-brune-glas\\\/#primaryimage\"},\"thumbnailUrl\":\"https:\\\/\\\/locsshop.eu\\\/wp-content\\\/uploads\\\/2023\\\/09\\\/K2005A-TE.jpg\",\"datePublished\":\"2023-09-25T07:01:45+00:00\",\"dateModified\":\"2025-06-29T20:06:54+00:00\",\"description\":\"K\u00f8b Brun Turtle Fit-Over Solbriller - Toledo | Brune glas her | EU's st\u00f8rste udvalg af LOCS solbriller | Vi sender fra EU - Ingen ekstra import udgifter\",\"breadcrumb\":{\"@id\":\"https:\\\/\\\/locsshop.eu\\\/shop\\\/brun-turtle-fit-over-solbriller-toledo-brune-glas\\\/#breadcrumb\"},\"inLanguage\":\"nl-NL\",\"potentialAction\":[{\"@type\":\"ReadAction\",\"target\":[\"https:\\\/\\\/locsshop.eu\\\/shop\\\/brun-turtle-fit-over-solbriller-toledo-brune-glas\\\/\"]}]},{\"@type\":\"ImageObject\",\"inLanguage\":\"nl-NL\",\"@id\":\"https:\\\/\\\/locsshop.eu\\\/shop\\\/brun-turtle-fit-over-solbriller-toledo-brune-glas\\\/#primaryimage\",\"url\":\"https:\\\/\\\/locsshop.eu\\\/wp-content\\\/uploads\\\/2023\\\/09\\\/K2005A-TE.jpg\",\"contentUrl\":\"https:\\\/\\\/locsshop.eu\\\/wp-content\\\/uploads\\\/2023\\\/09\\\/K2005A-TE.jpg\",\"width\":800,\"height\":800},{\"@type\":\"BreadcrumbList\",\"@id\":\"https:\\\/\\\/locsshop.eu\\\/shop\\\/brun-turtle-fit-over-solbriller-toledo-brune-glas\\\/#breadcrumb\",\"itemListElement\":[{\"@type\":\"ListItem\",\"position\":1,\"name\":\"Hjem\",\"item\":\"https:\\\/\\\/locsshop.eu\\\/\"},{\"@type\":\"ListItem\",\"position\":2,\"name\":\"Shop\",\"item\":\"https:\\\/\\\/locsshop.eu\\\/shop\\\/\"},{\"@type\":\"ListItem\",\"position\":3,\"name\":\"Brun Turtle Fit-Over Solbriller &#8211; Toledo | Brune glas\"}]},{\"@type\":\"WebSite\",\"@id\":\"https:\\\/\\\/locsshop.eu\\\/#website\",\"url\":\"https:\\\/\\\/locsshop.eu\\\/\",\"name\":\"Locs Sunglasses - LOCS Supplier in EU\",\"description\":\"We sell cheap LOCS Sunglasses\",\"publisher\":{\"@id\":\"https:\\\/\\\/locsshop.eu\\\/#organization\"},\"potentialAction\":[{\"@type\":\"SearchAction\",\"target\":{\"@type\":\"EntryPoint\",\"urlTemplate\":\"https:\\\/\\\/locsshop.eu\\\/?s={search_term_string}\"},\"query-input\":{\"@type\":\"PropertyValueSpecification\",\"valueRequired\":true,\"valueName\":\"search_term_string\"}}],\"inLanguage\":\"nl-NL\"},{\"@type\":\"Organization\",\"@id\":\"https:\\\/\\\/locsshop.eu\\\/#organization\",\"name\":\"Locsshop.eu\",\"url\":\"https:\\\/\\\/locsshop.eu\\\/\",\"logo\":{\"@type\":\"ImageObject\",\"inLanguage\":\"nl-NL\",\"@id\":\"https:\\\/\\\/locsshop.eu\\\/#\\\/schema\\\/logo\\\/image\\\/\",\"url\":\"https:\\\/\\\/locsshop.eu\\\/wp-content\\\/uploads\\\/2022\\\/02\\\/Locsshop-logo.png\",\"contentUrl\":\"https:\\\/\\\/locsshop.eu\\\/wp-content\\\/uploads\\\/2022\\\/02\\\/Locsshop-logo.png\",\"width\":930,\"height\":200,\"caption\":\"Locsshop.eu\"},\"image\":{\"@id\":\"https:\\\/\\\/locsshop.eu\\\/#\\\/schema\\\/logo\\\/image\\\/\"}}]}<\/script>\n<!-- \/ Yoast SEO plugin. -->","yoast_head_json":{"title":"Bruine Turtle Fit-Over-zonnebril - Toledo | Bruine bril | Koop hier online | LOCS","description":"Bruine Turtle Fit-Over-zonnebril kopen - Toledo | Bruine bril hier | De grootste selectie LOCS-zonnebrillen in de EU | Wij verzenden vanuit de EU - Geen extra importkosten","robots":{"index":"index","follow":"follow","max-snippet":"max-snippet:-1","max-image-preview":"max-image-preview:large","max-video-preview":"max-video-preview:-1"},"canonical":"https:\/\/locsshop.eu\/nl\/shop\/brun-turtle-fit-over-solbriller-toledo-brune-glas\/","og_locale":"nl_NL","og_type":"article","og_title":"Brun Turtle Fit-Over Solbriller - Toledo | Brune glas | K\u00f8b online her | LOCS","og_description":"K\u00f8b Brun Turtle Fit-Over Solbriller - Toledo | Brune glas her | EU's st\u00f8rste udvalg af LOCS solbriller | Vi sender fra EU - Ingen ekstra import udgifter","og_url":"https:\/\/locsshop.eu\/nl\/shop\/brun-turtle-fit-over-solbriller-toledo-brune-glas\/","og_site_name":"Locs Sunglasses - LOCS Supplier in EU","article_modified_time":"2025-06-29T20:06:54+00:00","og_image":[{"width":800,"height":800,"url":"https:\/\/locsshop.eu\/wp-content\/uploads\/2023\/09\/K2005A-TE.jpg","type":"image\/jpeg"}],"twitter_card":"summary_large_image","twitter_misc":{"Geschatte leestijd":"1 minuut"},"schema":{"@context":"https:\/\/schema.org","@graph":[{"@type":"WebPage","@id":"https:\/\/locsshop.eu\/shop\/brun-turtle-fit-over-solbriller-toledo-brune-glas\/","url":"https:\/\/locsshop.eu\/shop\/brun-turtle-fit-over-solbriller-toledo-brune-glas\/","name":"Bruine Turtle Fit-Over-zonnebril - Toledo | Bruine bril | Koop hier online | LOCS","isPartOf":{"@id":"https:\/\/locsshop.eu\/#website"},"primaryImageOfPage":{"@id":"https:\/\/locsshop.eu\/shop\/brun-turtle-fit-over-solbriller-toledo-brune-glas\/#primaryimage"},"image":{"@id":"https:\/\/locsshop.eu\/shop\/brun-turtle-fit-over-solbriller-toledo-brune-glas\/#primaryimage"},"thumbnailUrl":"https:\/\/locsshop.eu\/wp-content\/uploads\/2023\/09\/K2005A-TE.jpg","datePublished":"2023-09-25T07:01:45+00:00","dateModified":"2025-06-29T20:06:54+00:00","description":"Bruine Turtle Fit-Over-zonnebril kopen - Toledo | Bruine bril hier | De grootste selectie LOCS-zonnebrillen in de EU | Wij verzenden vanuit de EU - Geen extra importkosten","breadcrumb":{"@id":"https:\/\/locsshop.eu\/shop\/brun-turtle-fit-over-solbriller-toledo-brune-glas\/#breadcrumb"},"inLanguage":"nl-NL","potentialAction":[{"@type":"ReadAction","target":["https:\/\/locsshop.eu\/shop\/brun-turtle-fit-over-solbriller-toledo-brune-glas\/"]}]},{"@type":"ImageObject","inLanguage":"nl-NL","@id":"https:\/\/locsshop.eu\/shop\/brun-turtle-fit-over-solbriller-toledo-brune-glas\/#primaryimage","url":"https:\/\/locsshop.eu\/wp-content\/uploads\/2023\/09\/K2005A-TE.jpg","contentUrl":"https:\/\/locsshop.eu\/wp-content\/uploads\/2023\/09\/K2005A-TE.jpg","width":800,"height":800},{"@type":"BreadcrumbList","@id":"https:\/\/locsshop.eu\/shop\/brun-turtle-fit-over-solbriller-toledo-brune-glas\/#breadcrumb","itemListElement":[{"@type":"ListItem","position":1,"name":"Hjem","item":"https:\/\/locsshop.eu\/"},{"@type":"ListItem","position":2,"name":"Shop","item":"https:\/\/locsshop.eu\/shop\/"},{"@type":"ListItem","position":3,"name":"Brun Turtle Fit-Over Solbriller &#8211; Toledo | Brune glas"}]},{"@type":"WebSite","@id":"https:\/\/locsshop.eu\/#website","url":"https:\/\/locsshop.eu\/","name":"Locs zonnebrillen - LOCS leverancier in de EU","description":"Wij verkopen goedkope LOCS zonnebrillen","publisher":{"@id":"https:\/\/locsshop.eu\/#organization"},"potentialAction":[{"@type":"SearchAction","target":{"@type":"EntryPoint","urlTemplate":"https:\/\/locsshop.eu\/?s={search_term_string}"},"query-input":{"@type":"PropertyValueSpecification","valueRequired":true,"valueName":"search_term_string"}}],"inLanguage":"nl-NL"},{"@type":"Organization","@id":"https:\/\/locsshop.eu\/#organization","name":"Locsshop.eu","url":"https:\/\/locsshop.eu\/","logo":{"@type":"ImageObject","inLanguage":"nl-NL","@id":"https:\/\/locsshop.eu\/#\/schema\/logo\/image\/","url":"https:\/\/locsshop.eu\/wp-content\/uploads\/2022\/02\/Locsshop-logo.png","contentUrl":"https:\/\/locsshop.eu\/wp-content\/uploads\/2022\/02\/Locsshop-logo.png","width":930,"height":200,"caption":"Locsshop.eu"},"image":{"@id":"https:\/\/locsshop.eu\/#\/schema\/logo\/image\/"}}]}},"_links":{"self":[{"href":"https:\/\/locsshop.eu\/nl\/wp-json\/wp\/v2\/product\/11217","targetHints":{"allow":["GET"]}}],"collection":[{"href":"https:\/\/locsshop.eu\/nl\/wp-json\/wp\/v2\/product"}],"about":[{"href":"https:\/\/locsshop.eu\/nl\/wp-json\/wp\/v2\/types\/product"}],"replies":[{"embeddable":true,"href":"https:\/\/locsshop.eu\/nl\/wp-json\/wp\/v2\/comments?post=11217"}],"wp:featuredmedia":[{"embeddable":true,"href":"https:\/\/locsshop.eu\/nl\/wp-json\/wp\/v2\/media\/11216"}],"wp:attachment":[{"href":"https:\/\/locsshop.eu\/nl\/wp-json\/wp\/v2\/media?parent=11217"}],"wp:term":[{"taxonomy":"product_brand","embeddable":true,"href":"https:\/\/locsshop.eu\/nl\/wp-json\/wp\/v2\/product_brand?post=11217"},{"taxonomy":"product_cat","embeddable":true,"href":"https:\/\/locsshop.eu\/nl\/wp-json\/wp\/v2\/product_cat?post=11217"},{"taxonomy":"product_tag","embeddable":true,"href":"https:\/\/locsshop.eu\/nl\/wp-json\/wp\/v2\/product_tag?post=11217"}],"curies":[{"name":"wp","href":"https:\/\/api.w.org\/{rel}","templated":true}]}}