{"id":11832,"date":"2023-11-16T13:18:51","date_gmt":"2023-11-16T12:18:51","guid":{"rendered":"https:\/\/locsshop.eu\/da\/shop\/y2k-solbriller-med-roed-orange-fade-glas-og-diamanter-infinite\/"},"modified":"2025-06-03T10:30:58","modified_gmt":"2025-06-03T08:30:58","slug":"y2k-solbriller-med-roed-orange-fade-glas-og-diamanter-infinite","status":"publish","type":"product","link":"https:\/\/locsshop.eu\/nl\/shop\/y2k-solbriller-med-roed-orange-fade-glas-og-diamanter-infinite\/","title":{"rendered":"Y2K zonnebril met rood-oranje platte lenzen en &quot;diamanten&quot; | Oneindig"},"content":{"rendered":"<p><strong>Ervaar de nostalgie met Y2K-zonnebrillen<\/strong><\/p>\n<p>Stap terug in de iconische millenniumwisseling met onze Y2K-zonnebril die retrostijl combineert met moderne flair. Deze zonnebril is een eerbetoon aan het futuristische ontwerp dat het modetijdperk aan het begin van de 21e eeuw definieerde.<\/p>\n<p><strong>Technologische Avantgarde:<\/strong> Met hun unieke ontwerp belichamen deze zonnebrillen de millennial-tech-ge\u00efnspireerde stijl. De scherpe, futuristische esthetiek voegt een vleugje opwinding toe aan elke outfit.<\/p>\n<p><strong>Bescherming en stijl:<\/strong> Naast hun trendy uiterlijk bieden Y2K-zonnebrillen ook optimale oogbescherming met hun UV400-beschermende lenzen die effectief beschermen tegen schadelijke zonnestralen en tegelijkertijd helderheid en helderheid van zicht garanderen.<\/p>\n<p><strong>Universele pasvorm:<\/strong> Deze zonnebril is ontworpen met het oog op comfort en past op de meeste gezichtsvormen en -maten. Hun lichtgewicht constructie zorgt ervoor dat ze de hele dag zonder ongemak kunnen worden gedragen.<\/p>\n<p><strong>Stijlicoon voor elke gelegenheid:<\/strong> Of het nu voor een festival, een stedentrip of als statementaccessoire is, de Y2K-zonnebril voegt een unieke flair toe aan elke gelegenheid en benadrukt je persoonlijke stijl met een vleugje nostalgische cool.<\/p>\n<p><strong>Koop vandaag nog je Y2K-zonnebril en omarm de futuristische retro-look die nog steeds zijn plaats heeft in de mode van vandaag!<\/strong><\/p>\n<p>&nbsp;<\/p>\n<h4>Materiaal: <strong>Metaal en polycarbonaat<\/strong><\/h4>\n<h3>De zonnebrillen zijn het hele jaar door super stoer en super trendy.<br \/>\nY2K zonnebril \u2013 vintage zonnebril \u2013 retro zonnebril<\/h3>\n<p>&nbsp;<\/p>\n<p>&nbsp;<\/p>\n<table style=\"width: 100%;border-collapse: collapse;border-style: dashed\" border=\"1\">\n<tbody>\n<tr>\n<td style=\"width: 100%\">\n<h2 style=\"text-align: center\"><strong>De maat van de zonnebril<\/strong><\/h2>\n<\/td>\n<\/tr>\n<\/tbody>\n<\/table>\n<table style=\"width: 100%;border-collapse: collapse;border-style: hidden;margin-left: auto;margin-right: auto\" border=\"1\" cellspacing=\"20\" cellpadding=\"20\">\n<tbody>\n<tr>\n<td style=\"width: 33.3333%;text-align: center\"><strong><img decoding=\"async\" src=\"https:\/\/bazarsalg.dk\/wp-content\/uploads\/bredde.png\" \/><\/strong><\/td>\n<td style=\"width: 33.3333%;text-align: center\"><strong>Breedte<\/strong><\/td>\n<td style=\"width: 33.3333%;text-align: center\"><strong>13,2 cm.<\/strong><\/td>\n<\/tr>\n<tr>\n<td style=\"width: 33.3333%;text-align: center\"><strong><img decoding=\"async\" src=\"https:\/\/bazarsalg.dk\/wp-content\/uploads\/hoejde.png\" \/><\/strong><\/td>\n<td style=\"width: 33.3333%;text-align: center\"><strong>Hoogte<\/strong><\/td>\n<td style=\"width: 33.3333%;text-align: center\"><strong>4,3 cm.<\/strong><\/td>\n<\/tr>\n<tr>\n<td style=\"width: 33.3333%;text-align: center\"><strong><img decoding=\"async\" src=\"https:\/\/bazarsalg.dk\/wp-content\/uploads\/stang.png\" \/><\/strong><\/td>\n<td style=\"width: 33.3333%;text-align: center\"><strong>Lens lengte<\/strong><\/td>\n<td style=\"width: 33.3333%;text-align: center\"><strong>14,5 cm.<\/strong><\/td>\n<\/tr>\n<tr>\n<td style=\"width: 33.3333%;text-align: center\"><strong><img decoding=\"async\" src=\"https:\/\/bazarsalg.dk\/wp-content\/uploads\/glas-bredde.png\" \/><\/strong><\/td>\n<td style=\"width: 33.3333%;text-align: center\"><strong>Glas Breedte<\/strong><\/td>\n<td style=\"width: 33.3333%;text-align: center\"><strong>5,7 cm.<\/strong><\/td>\n<\/tr>\n<tr>\n<td style=\"width: 33.3333%;text-align: center\"><strong><img decoding=\"async\" src=\"https:\/\/bazarsalg.dk\/wp-content\/uploads\/bredde-naese.png\" \/><\/strong><\/td>\n<td style=\"width: 33.3333%;text-align: center\"><strong>Ruimte tussen glas<\/strong><\/td>\n<td style=\"width: 33.3333%;text-align: center\"><strong>1,7 cm.<\/strong><\/td>\n<\/tr>\n<\/tbody>\n<\/table>\n<p>&nbsp;<\/p>\n<p><strong>\u00a0<\/strong><\/p>\n<table style=\"width: 100%;border-collapse: collapse;border-style: hidden;margin-left: auto;margin-right: auto\" border=\"1\" cellspacing=\"50\" cellpadding=\"20\">\n<caption>\u00a0<\/caption>\n<caption>\u00a0<\/caption>\n<tbody>\n<tr>\n<td style=\"width: 25%;text-align: center\"><img decoding=\"async\" class=\"aligncenter\" src=\"https:\/\/bazarsalg.dk\/wp-content\/uploads\/UV.png\" \/><\/td>\n<td style=\"width: 25%;text-align: center\"><img decoding=\"async\" src=\"https:\/\/bazarsalg.dk\/wp-content\/uploads\/ce.png\" \/><\/td>\n<td style=\"width: 25%;text-align: center\"><img decoding=\"async\" src=\"https:\/\/bazarsalg.dk\/wp-content\/uploads\/box.png\" \/><\/td>\n<\/tr>\n<tr>\n<td style=\"width: 25%;text-align: center\"><strong>De zonnebril heeft UV400 bescherming<\/strong><\/p>\n<p>Blokkeert 99 tot 100 procent van alle UVA- en UVB-stralen en beschermt je ogen tegen zonnestralen.<\/td>\n<td style=\"width: 25%;text-align: center\"><strong>CE-goedgekeurd <\/strong><\/p>\n<p>De zonnebrillen voldoen aan alle wettelijke eisen in de EU, hierdoor weet je zeker dat je zonnebril getest en goedgekeurd is.<\/td>\n<td style=\"width: 25%;text-align: center\"><strong>Verzonden in een kartonnen doos zodat ze niet breken <\/strong><\/p>\n<p>We verpakken zonnebrillen altijd stevig zodat ze in goede staat aankomen.<\/td>\n<\/tr>\n<\/tbody>\n<\/table>","protected":false},"excerpt":{"rendered":"<p><img loading=\"lazy\" decoding=\"async\" class=\"alignnone size-full wp-image-12899\" src=\"https:\/\/bazarsalg.dk\/wp-content\/uploads\/Y2K.jpg\" alt=\"\" width=\"200\" height=\"130\" \/><br \/>\nCE-goedgekeurd<br \/>\nUV400-bescherming<\/p>","protected":false},"featured_media":11829,"comment_status":"open","ping_status":"closed","template":"","meta":{"om_disable_all_campaigns":false,"_monsterinsights_skip_tracking":false,"_monsterinsights_sitenote_active":false,"_monsterinsights_sitenote_note":"","_monsterinsights_sitenote_category":0},"product_brand":[],"product_cat":[1026,1025,1031,1461],"product_tag":[1478,1463,870,1249,1251,1464],"class_list":{"0":"post-11832","1":"product","2":"type-product","3":"status-publish","4":"has-post-thumbnail","6":"product_cat-dame-solbriller","7":"product_cat-billige-solbriller","8":"product_cat-festbriller","9":"product_cat-y2k-retro-vintage-solbriller","10":"product_tag-1478","11":"product_tag-gmg","12":"product_tag-p693","13":"product_tag-retro","14":"product_tag-vintage","15":"product_tag-y2k","17":"first","18":"outofstock","19":"shipping-taxable","20":"purchasable","21":"product-type-simple"},"yoast_head":"<!-- This site is optimized with the Yoast SEO plugin v27.2 - https:\/\/yoast.com\/product\/yoast-seo-wordpress\/ -->\n<title>Y2K Solbriller med r\u00f8d-orange fade glas og &quot;diamanter&quot; | Infinite | K\u00f8b online her | LOCS<\/title>\n<meta name=\"description\" content=\"K\u00f8b Y2K Solbriller med r\u00f8d-orange fade glas og &quot;diamanter&quot; | Infinite her | EU&#039;s st\u00f8rste udvalg af LOCS solbriller | Vi sender fra EU - Ingen ekstra import udgifter\" \/>\n<meta name=\"robots\" content=\"index, follow, max-snippet:-1, max-image-preview:large, max-video-preview:-1\" \/>\n<link rel=\"canonical\" href=\"https:\/\/locsshop.eu\/nl\/shop\/y2k-solbriller-med-roed-orange-fade-glas-og-diamanter-infinite\/\" \/>\n<meta property=\"og:locale\" content=\"nl_NL\" \/>\n<meta property=\"og:type\" content=\"article\" \/>\n<meta property=\"og:title\" content=\"Y2K Solbriller med r\u00f8d-orange fade glas og &quot;diamanter&quot; | Infinite | K\u00f8b online her | LOCS\" \/>\n<meta property=\"og:description\" content=\"K\u00f8b Y2K Solbriller med r\u00f8d-orange fade glas og &quot;diamanter&quot; | Infinite her | EU&#039;s st\u00f8rste udvalg af LOCS solbriller | Vi sender fra EU - Ingen ekstra import udgifter\" \/>\n<meta property=\"og:url\" content=\"https:\/\/locsshop.eu\/nl\/shop\/y2k-solbriller-med-roed-orange-fade-glas-og-diamanter-infinite\/\" \/>\n<meta property=\"og:site_name\" content=\"Locs Sunglasses - LOCS Supplier in EU\" \/>\n<meta property=\"article:modified_time\" content=\"2025-06-03T08:30:58+00:00\" \/>\n<meta property=\"og:image\" content=\"https:\/\/locsshop.eu\/wp-content\/uploads\/2023\/11\/20231028_153420.jpg\" \/>\n\t<meta property=\"og:image:width\" content=\"800\" \/>\n\t<meta property=\"og:image:height\" content=\"800\" \/>\n\t<meta property=\"og:image:type\" content=\"image\/jpeg\" \/>\n<meta name=\"twitter:card\" content=\"summary_large_image\" \/>\n<meta name=\"twitter:label1\" content=\"Geschatte leestijd\" \/>\n\t<meta name=\"twitter:data1\" content=\"2 minuten\" \/>\n<script type=\"application\/ld+json\" class=\"yoast-schema-graph\">{\"@context\":\"https:\/\/schema.org\",\"@graph\":[{\"@type\":\"WebPage\",\"@id\":\"https:\/\/locsshop.eu\/shop\/y2k-solbriller-med-roed-orange-fade-glas-og-diamanter-infinite\/\",\"url\":\"https:\/\/locsshop.eu\/shop\/y2k-solbriller-med-roed-orange-fade-glas-og-diamanter-infinite\/\",\"name\":\"Y2K Solbriller med r\u00f8d-orange fade glas og \\\"diamanter\\\" | Infinite | K\u00f8b online her | LOCS\",\"isPartOf\":{\"@id\":\"https:\/\/locsshop.eu\/#website\"},\"primaryImageOfPage\":{\"@id\":\"https:\/\/locsshop.eu\/shop\/y2k-solbriller-med-roed-orange-fade-glas-og-diamanter-infinite\/#primaryimage\"},\"image\":{\"@id\":\"https:\/\/locsshop.eu\/shop\/y2k-solbriller-med-roed-orange-fade-glas-og-diamanter-infinite\/#primaryimage\"},\"thumbnailUrl\":\"https:\/\/locsshop.eu\/wp-content\/uploads\/2023\/11\/20231028_153420.jpg\",\"datePublished\":\"2023-11-16T12:18:51+00:00\",\"dateModified\":\"2025-06-03T08:30:58+00:00\",\"description\":\"K\u00f8b Y2K Solbriller med r\u00f8d-orange fade glas og \\\"diamanter\\\" | Infinite her | EU's st\u00f8rste udvalg af LOCS solbriller | Vi sender fra EU - Ingen ekstra import udgifter\",\"breadcrumb\":{\"@id\":\"https:\/\/locsshop.eu\/shop\/y2k-solbriller-med-roed-orange-fade-glas-og-diamanter-infinite\/#breadcrumb\"},\"inLanguage\":\"nl-NL\",\"potentialAction\":[{\"@type\":\"ReadAction\",\"target\":[\"https:\/\/locsshop.eu\/shop\/y2k-solbriller-med-roed-orange-fade-glas-og-diamanter-infinite\/\"]}]},{\"@type\":\"ImageObject\",\"inLanguage\":\"nl-NL\",\"@id\":\"https:\/\/locsshop.eu\/shop\/y2k-solbriller-med-roed-orange-fade-glas-og-diamanter-infinite\/#primaryimage\",\"url\":\"https:\/\/locsshop.eu\/wp-content\/uploads\/2023\/11\/20231028_153420.jpg\",\"contentUrl\":\"https:\/\/locsshop.eu\/wp-content\/uploads\/2023\/11\/20231028_153420.jpg\",\"width\":800,\"height\":800},{\"@type\":\"BreadcrumbList\",\"@id\":\"https:\/\/locsshop.eu\/shop\/y2k-solbriller-med-roed-orange-fade-glas-og-diamanter-infinite\/#breadcrumb\",\"itemListElement\":[{\"@type\":\"ListItem\",\"position\":1,\"name\":\"Hjem\",\"item\":\"https:\/\/locsshop.eu\/\"},{\"@type\":\"ListItem\",\"position\":2,\"name\":\"Shop\",\"item\":\"https:\/\/locsshop.eu\/shop\/\"},{\"@type\":\"ListItem\",\"position\":3,\"name\":\"Y2K Solbriller med r\u00f8d-orange fade glas og &#8220;diamanter&#8221; | Infinite\"}]},{\"@type\":\"WebSite\",\"@id\":\"https:\/\/locsshop.eu\/#website\",\"url\":\"https:\/\/locsshop.eu\/\",\"name\":\"Locs Sunglasses - LOCS Supplier in EU\",\"description\":\"We sell cheap LOCS Sunglasses\",\"publisher\":{\"@id\":\"https:\/\/locsshop.eu\/#organization\"},\"potentialAction\":[{\"@type\":\"SearchAction\",\"target\":{\"@type\":\"EntryPoint\",\"urlTemplate\":\"https:\/\/locsshop.eu\/?s={search_term_string}\"},\"query-input\":{\"@type\":\"PropertyValueSpecification\",\"valueRequired\":true,\"valueName\":\"search_term_string\"}}],\"inLanguage\":\"nl-NL\"},{\"@type\":\"Organization\",\"@id\":\"https:\/\/locsshop.eu\/#organization\",\"name\":\"Locsshop.eu\",\"url\":\"https:\/\/locsshop.eu\/\",\"logo\":{\"@type\":\"ImageObject\",\"inLanguage\":\"nl-NL\",\"@id\":\"https:\/\/locsshop.eu\/#\/schema\/logo\/image\/\",\"url\":\"https:\/\/locsshop.eu\/wp-content\/uploads\/2022\/02\/Locsshop-logo.png\",\"contentUrl\":\"https:\/\/locsshop.eu\/wp-content\/uploads\/2022\/02\/Locsshop-logo.png\",\"width\":930,\"height\":200,\"caption\":\"Locsshop.eu\"},\"image\":{\"@id\":\"https:\/\/locsshop.eu\/#\/schema\/logo\/image\/\"}}]}<\/script>\n<!-- \/ Yoast SEO plugin. -->","yoast_head_json":{"title":"Y2K zonnebril met rood-oranje platte lenzen en &quot;diamanten&quot; | Oneindig | Koop hier online | LOCS","description":"Koop Y2K-zonnebril met roodoranje platte lenzen en &quot;diamanten&quot; | Oneindig hier | De grootste selectie LOCS-zonnebrillen in de EU | Wij verzenden vanuit de EU - Geen extra importkosten","robots":{"index":"index","follow":"follow","max-snippet":"max-snippet:-1","max-image-preview":"max-image-preview:large","max-video-preview":"max-video-preview:-1"},"canonical":"https:\/\/locsshop.eu\/nl\/shop\/y2k-solbriller-med-roed-orange-fade-glas-og-diamanter-infinite\/","og_locale":"nl_NL","og_type":"article","og_title":"Y2K Solbriller med r\u00f8d-orange fade glas og \"diamanter\" | Infinite | K\u00f8b online her | LOCS","og_description":"K\u00f8b Y2K Solbriller med r\u00f8d-orange fade glas og \"diamanter\" | Infinite her | EU's st\u00f8rste udvalg af LOCS solbriller | Vi sender fra EU - Ingen ekstra import udgifter","og_url":"https:\/\/locsshop.eu\/nl\/shop\/y2k-solbriller-med-roed-orange-fade-glas-og-diamanter-infinite\/","og_site_name":"Locs Sunglasses - LOCS Supplier in EU","article_modified_time":"2025-06-03T08:30:58+00:00","og_image":[{"width":800,"height":800,"url":"https:\/\/locsshop.eu\/wp-content\/uploads\/2023\/11\/20231028_153420.jpg","type":"image\/jpeg"}],"twitter_card":"summary_large_image","twitter_misc":{"Geschatte leestijd":"2 minuten"},"schema":{"@context":"https:\/\/schema.org","@graph":[{"@type":"WebPage","@id":"https:\/\/locsshop.eu\/shop\/y2k-solbriller-med-roed-orange-fade-glas-og-diamanter-infinite\/","url":"https:\/\/locsshop.eu\/shop\/y2k-solbriller-med-roed-orange-fade-glas-og-diamanter-infinite\/","name":"Y2K zonnebril met rood-oranje platte lenzen en &quot;diamanten&quot; | Oneindig | Koop hier online | LOCS","isPartOf":{"@id":"https:\/\/locsshop.eu\/#website"},"primaryImageOfPage":{"@id":"https:\/\/locsshop.eu\/shop\/y2k-solbriller-med-roed-orange-fade-glas-og-diamanter-infinite\/#primaryimage"},"image":{"@id":"https:\/\/locsshop.eu\/shop\/y2k-solbriller-med-roed-orange-fade-glas-og-diamanter-infinite\/#primaryimage"},"thumbnailUrl":"https:\/\/locsshop.eu\/wp-content\/uploads\/2023\/11\/20231028_153420.jpg","datePublished":"2023-11-16T12:18:51+00:00","dateModified":"2025-06-03T08:30:58+00:00","description":"Koop Y2K-zonnebril met roodoranje platte lenzen en &quot;diamanten&quot; | Oneindig hier | De grootste selectie LOCS-zonnebrillen in de EU | Wij verzenden vanuit de EU - Geen extra importkosten","breadcrumb":{"@id":"https:\/\/locsshop.eu\/shop\/y2k-solbriller-med-roed-orange-fade-glas-og-diamanter-infinite\/#breadcrumb"},"inLanguage":"nl-NL","potentialAction":[{"@type":"ReadAction","target":["https:\/\/locsshop.eu\/shop\/y2k-solbriller-med-roed-orange-fade-glas-og-diamanter-infinite\/"]}]},{"@type":"ImageObject","inLanguage":"nl-NL","@id":"https:\/\/locsshop.eu\/shop\/y2k-solbriller-med-roed-orange-fade-glas-og-diamanter-infinite\/#primaryimage","url":"https:\/\/locsshop.eu\/wp-content\/uploads\/2023\/11\/20231028_153420.jpg","contentUrl":"https:\/\/locsshop.eu\/wp-content\/uploads\/2023\/11\/20231028_153420.jpg","width":800,"height":800},{"@type":"BreadcrumbList","@id":"https:\/\/locsshop.eu\/shop\/y2k-solbriller-med-roed-orange-fade-glas-og-diamanter-infinite\/#breadcrumb","itemListElement":[{"@type":"ListItem","position":1,"name":"Hjem","item":"https:\/\/locsshop.eu\/"},{"@type":"ListItem","position":2,"name":"Shop","item":"https:\/\/locsshop.eu\/shop\/"},{"@type":"ListItem","position":3,"name":"Y2K Solbriller med r\u00f8d-orange fade glas og &#8220;diamanter&#8221; | Infinite"}]},{"@type":"WebSite","@id":"https:\/\/locsshop.eu\/#website","url":"https:\/\/locsshop.eu\/","name":"Locs zonnebrillen - LOCS leverancier in de EU","description":"Wij verkopen goedkope LOCS zonnebrillen","publisher":{"@id":"https:\/\/locsshop.eu\/#organization"},"potentialAction":[{"@type":"SearchAction","target":{"@type":"EntryPoint","urlTemplate":"https:\/\/locsshop.eu\/?s={search_term_string}"},"query-input":{"@type":"PropertyValueSpecification","valueRequired":true,"valueName":"search_term_string"}}],"inLanguage":"nl-NL"},{"@type":"Organization","@id":"https:\/\/locsshop.eu\/#organization","name":"Locsshop.eu","url":"https:\/\/locsshop.eu\/","logo":{"@type":"ImageObject","inLanguage":"nl-NL","@id":"https:\/\/locsshop.eu\/#\/schema\/logo\/image\/","url":"https:\/\/locsshop.eu\/wp-content\/uploads\/2022\/02\/Locsshop-logo.png","contentUrl":"https:\/\/locsshop.eu\/wp-content\/uploads\/2022\/02\/Locsshop-logo.png","width":930,"height":200,"caption":"Locsshop.eu"},"image":{"@id":"https:\/\/locsshop.eu\/#\/schema\/logo\/image\/"}}]}},"_links":{"self":[{"href":"https:\/\/locsshop.eu\/nl\/wp-json\/wp\/v2\/product\/11832","targetHints":{"allow":["GET"]}}],"collection":[{"href":"https:\/\/locsshop.eu\/nl\/wp-json\/wp\/v2\/product"}],"about":[{"href":"https:\/\/locsshop.eu\/nl\/wp-json\/wp\/v2\/types\/product"}],"replies":[{"embeddable":true,"href":"https:\/\/locsshop.eu\/nl\/wp-json\/wp\/v2\/comments?post=11832"}],"wp:featuredmedia":[{"embeddable":true,"href":"https:\/\/locsshop.eu\/nl\/wp-json\/wp\/v2\/media\/11829"}],"wp:attachment":[{"href":"https:\/\/locsshop.eu\/nl\/wp-json\/wp\/v2\/media?parent=11832"}],"wp:term":[{"taxonomy":"product_brand","embeddable":true,"href":"https:\/\/locsshop.eu\/nl\/wp-json\/wp\/v2\/product_brand?post=11832"},{"taxonomy":"product_cat","embeddable":true,"href":"https:\/\/locsshop.eu\/nl\/wp-json\/wp\/v2\/product_cat?post=11832"},{"taxonomy":"product_tag","embeddable":true,"href":"https:\/\/locsshop.eu\/nl\/wp-json\/wp\/v2\/product_tag?post=11832"}],"curies":[{"name":"wp","href":"https:\/\/api.w.org\/{rel}","templated":true}]}}