{"id":11961,"date":"2023-11-19T11:08:54","date_gmt":"2023-11-19T10:08:54","guid":{"rendered":"https:\/\/locsshop.eu\/da\/shop\/smukt-perlearmbaand-med-soedt-insekt-guldbelagt-rustfrit-staal\/"},"modified":"2025-04-29T07:41:29","modified_gmt":"2025-04-29T05:41:29","slug":"smukt-perlearmbaand-med-soedt-insekt-guldbelagt-rustfrit-staal","status":"publish","type":"product","link":"https:\/\/locsshop.eu\/nl\/shop\/smukt-perlearmbaand-med-soedt-insekt-guldbelagt-rustfrit-staal\/","title":{"rendered":"Prachtige parelarmband met schattig insect | Verguld roestvrij staal"},"content":{"rendered":"<h1><strong>Modieuze roestvrijstalen armband verguld met 14 karaat goud<\/strong><\/h1>\n<p>Het is perfect voor zowel elegante als alledaagse styling.<br \/>\nEen elegant accessoire voor elke gelegenheid, voor jurken, truien en blouses<\/p>\n<h4><strong>Kleur: Licht goud<\/strong><br \/>\n<strong>Afmetingen: 17,5 + 3,5 cm<\/strong><\/h4>\n<p><strong>Chirurgisch staal is bestand tegen weersomstandigheden, corrodeert niet, roest niet en geeft geen vlekken.<\/strong><\/p>\n<p>Onze armband is ontworpen om veelzijdig te zijn, waardoor het het ideale accessoire is voor zowel dagelijks gebruik als speciale momenten. Het is gemaakt van duurzame materialen die zorgen voor langdurige glans en kwaliteit. Of je hem nu alleen of in combinatie met andere sieraden draagt, deze armband voegt een vleugje elegantie toe aan elke outfit.<\/p>\n<p>Benadruk uw individualiteit en cre\u00eber een tijdloze stijl met deze prachtige armband, die niet alleen een sieraad is, maar ook een uitdrukking van uw persoonlijke elegantie<\/p>\n<p><strong>Onze sieraden<\/strong><\/p>\n<p><em>Welkom in ons exclusieve sieradenuniversum, waar schoonheid en doel samenkomen. Onze sieradenselectie is een schat aan unieke en betoverende sieraden, gemaakt met passie en expertise. Met een breed scala aan handgemaakte sieraden bieden wij een ervaring die esthetiek en kwaliteit op een unieke manier combineert.<\/em><\/p>\n<p><em>Onze collecties zijn zorgvuldig geselecteerd om voor elke smaak en gelegenheid iets te bieden. Van tijdloze klassiekers tot trendy en eigentijdse ontwerpen, onze sieradenselectie weerspiegelt een schoonheid die standhoudt door de veranderende trends van de tijd. Wij begrijpen dat een sieraad niet alleen een accessoire is, maar een verhaal van stijl, emotie en betekenis.<\/em><\/p>\n<p><em>Onze toewijding aan kwaliteit reikt verder dan alleen het visuele. We richten ons op vakmanschap en materialen van hoge kwaliteit, zodat elk sieraad een investering is in zowel schoonheid als duurzaamheid.<\/em><\/p>\n<p><em>Ontdek onze sieraden en dompel jezelf onder in een wereld van elegantie, waar elk item zorgvuldig is geselecteerd om glans en schoonheid toe te voegen aan jouw persoonlijke stijl<\/em><\/p>\n<p>&nbsp;<\/p>\n<p>&nbsp;<\/p>\n<p><strong>\u00a0<\/strong><\/p>\n<table style=\"width: 100%;border-collapse: collapse;border-style: hidden;margin-left: auto;margin-right: auto\" border=\"1\" cellspacing=\"50\" cellpadding=\"20\">\n<caption>\u00a0<\/caption>\n<caption>\u00a0<\/caption>\n<tbody>\n<tr>\n<td style=\"width: 25%;text-align: center\"><img loading=\"lazy\" decoding=\"async\" class=\"alignnone size-full wp-image-13135\" src=\"https:\/\/bazarsalg.dk\/wp-content\/uploads\/gave-80x80-1.png\" alt=\"\" width=\"80\" height=\"80\" \/><\/td>\n<td style=\"width: 25%;text-align: center\"><img decoding=\"async\" src=\"https:\/\/bazarsalg.dk\/wp-content\/uploads\/ce.png\" \/><\/td>\n<td style=\"width: 25%;text-align: center\"><img decoding=\"async\" src=\"https:\/\/bazarsalg.dk\/wp-content\/uploads\/box.png\" \/><\/td>\n<\/tr>\n<tr>\n<td style=\"width: 25%;text-align: center\"><strong><span style=\"color: #333333\">Geleverd in een sieradendoosje of sieradenzakje<\/span><\/strong><\/p>\n<p><span style=\"color: #333333\">Wanneer u sieraden bij ons koopt, staan ze klaar om cadeau te doen aan iemand die u dierbaar is, onze sieraden worden geleverd in een mooi sieradenzakje of sieradendoosje.<\/span><\/td>\n<td style=\"width: 25%;text-align: center\"><strong><span style=\"color: #333333\">CE-goedgekeurd <\/span><\/strong><\/p>\n<p><span style=\"color: #333333\">Onze sieraden voldoen aan alle wettelijke eisen in de EU, wat ervoor zorgt dat uw sieraden worden getest en goedgekeurd.<\/span><\/td>\n<td style=\"width: 25%;text-align: center\"><strong><span style=\"color: #333333\">Wordt verzonden in een kartonnen doosje zodat uw sieraad niet kapot gaat <\/span><\/strong><\/p>\n<p><span style=\"color: #333333\">Wij verpakken uw bestelling altijd veilig, zodat deze veilig bij u aankomt.<\/span><\/td>\n<\/tr>\n<\/tbody>\n<\/table>","protected":false},"excerpt":{"rendered":"<p><strong>Modieuze roestvrijstalen armband verguld met 14 karaat goud<\/strong><\/p>","protected":false},"featured_media":11960,"comment_status":"open","ping_status":"closed","template":"","meta":{"om_disable_all_campaigns":false,"_monsterinsights_skip_tracking":false,"_monsterinsights_sitenote_active":false,"_monsterinsights_sitenote_note":"","_monsterinsights_sitenote_category":0},"product_brand":[],"product_cat":[1498,1497],"product_tag":[1499,1500,654],"class_list":{"0":"post-11961","1":"product","2":"type-product","3":"status-publish","4":"has-post-thumbnail","6":"product_cat-armbaand","7":"product_cat-smykker","8":"product_tag-armbaand","9":"product_tag-bst1372","10":"product_tag-smykker","12":"first","13":"instock","14":"sale","15":"shipping-taxable","16":"purchasable","17":"product-type-simple"},"yoast_head":"<!-- This site is optimized with the Yoast SEO plugin v27.5 - https:\/\/yoast.com\/product\/yoast-seo-wordpress\/ -->\n<title>Smukt perlearmb\u00e5nd med s\u00f8dt insekt | Guldbelagt rustfrit st\u00e5l | K\u00f8b online her | LOCS<\/title>\n<meta name=\"description\" content=\"K\u00f8b Smukt perlearmb\u00e5nd med s\u00f8dt insekt | Guldbelagt rustfrit st\u00e5l her | EU&#039;s st\u00f8rste udvalg af LOCS solbriller | Vi sender fra EU - Ingen ekstra import udgifter\" \/>\n<meta name=\"robots\" content=\"index, follow, max-snippet:-1, max-image-preview:large, max-video-preview:-1\" \/>\n<link rel=\"canonical\" href=\"https:\/\/locsshop.eu\/nl\/shop\/smukt-perlearmbaand-med-soedt-insekt-guldbelagt-rustfrit-staal\/\" \/>\n<meta property=\"og:locale\" content=\"nl_NL\" \/>\n<meta property=\"og:type\" content=\"article\" \/>\n<meta property=\"og:title\" content=\"Smukt perlearmb\u00e5nd med s\u00f8dt insekt | Guldbelagt rustfrit st\u00e5l | K\u00f8b online her | LOCS\" \/>\n<meta property=\"og:description\" content=\"K\u00f8b Smukt perlearmb\u00e5nd med s\u00f8dt insekt | Guldbelagt rustfrit st\u00e5l her | EU&#039;s st\u00f8rste udvalg af LOCS solbriller | Vi sender fra EU - Ingen ekstra import udgifter\" \/>\n<meta property=\"og:url\" content=\"https:\/\/locsshop.eu\/nl\/shop\/smukt-perlearmbaand-med-soedt-insekt-guldbelagt-rustfrit-staal\/\" \/>\n<meta property=\"og:site_name\" content=\"Locs Sunglasses - LOCS Supplier in EU\" \/>\n<meta property=\"article:modified_time\" content=\"2025-04-29T05:41:29+00:00\" \/>\n<meta property=\"og:image\" content=\"https:\/\/locsshop.eu\/wp-content\/uploads\/2023\/11\/bst1372.jpg\" \/>\n\t<meta property=\"og:image:width\" content=\"800\" \/>\n\t<meta property=\"og:image:height\" content=\"800\" \/>\n\t<meta property=\"og:image:type\" content=\"image\/jpeg\" \/>\n<meta name=\"twitter:card\" content=\"summary_large_image\" \/>\n<meta name=\"twitter:label1\" content=\"Geschatte leestijd\" \/>\n\t<meta name=\"twitter:data1\" content=\"2 minuten\" \/>\n<script type=\"application\/ld+json\" class=\"yoast-schema-graph\">{\"@context\":\"https:\\\/\\\/schema.org\",\"@graph\":[{\"@type\":\"WebPage\",\"@id\":\"https:\\\/\\\/locsshop.eu\\\/shop\\\/smukt-perlearmbaand-med-soedt-insekt-guldbelagt-rustfrit-staal\\\/\",\"url\":\"https:\\\/\\\/locsshop.eu\\\/shop\\\/smukt-perlearmbaand-med-soedt-insekt-guldbelagt-rustfrit-staal\\\/\",\"name\":\"Smukt perlearmb\u00e5nd med s\u00f8dt insekt | Guldbelagt rustfrit st\u00e5l | K\u00f8b online her | LOCS\",\"isPartOf\":{\"@id\":\"https:\\\/\\\/locsshop.eu\\\/#website\"},\"primaryImageOfPage\":{\"@id\":\"https:\\\/\\\/locsshop.eu\\\/shop\\\/smukt-perlearmbaand-med-soedt-insekt-guldbelagt-rustfrit-staal\\\/#primaryimage\"},\"image\":{\"@id\":\"https:\\\/\\\/locsshop.eu\\\/shop\\\/smukt-perlearmbaand-med-soedt-insekt-guldbelagt-rustfrit-staal\\\/#primaryimage\"},\"thumbnailUrl\":\"https:\\\/\\\/locsshop.eu\\\/wp-content\\\/uploads\\\/2023\\\/11\\\/bst1372.jpg\",\"datePublished\":\"2023-11-19T10:08:54+00:00\",\"dateModified\":\"2025-04-29T05:41:29+00:00\",\"description\":\"K\u00f8b Smukt perlearmb\u00e5nd med s\u00f8dt insekt | Guldbelagt rustfrit st\u00e5l her | EU's st\u00f8rste udvalg af LOCS solbriller | Vi sender fra EU - Ingen ekstra import udgifter\",\"breadcrumb\":{\"@id\":\"https:\\\/\\\/locsshop.eu\\\/shop\\\/smukt-perlearmbaand-med-soedt-insekt-guldbelagt-rustfrit-staal\\\/#breadcrumb\"},\"inLanguage\":\"nl-NL\",\"potentialAction\":[{\"@type\":\"ReadAction\",\"target\":[\"https:\\\/\\\/locsshop.eu\\\/shop\\\/smukt-perlearmbaand-med-soedt-insekt-guldbelagt-rustfrit-staal\\\/\"]}]},{\"@type\":\"ImageObject\",\"inLanguage\":\"nl-NL\",\"@id\":\"https:\\\/\\\/locsshop.eu\\\/shop\\\/smukt-perlearmbaand-med-soedt-insekt-guldbelagt-rustfrit-staal\\\/#primaryimage\",\"url\":\"https:\\\/\\\/locsshop.eu\\\/wp-content\\\/uploads\\\/2023\\\/11\\\/bst1372.jpg\",\"contentUrl\":\"https:\\\/\\\/locsshop.eu\\\/wp-content\\\/uploads\\\/2023\\\/11\\\/bst1372.jpg\",\"width\":800,\"height\":800},{\"@type\":\"BreadcrumbList\",\"@id\":\"https:\\\/\\\/locsshop.eu\\\/shop\\\/smukt-perlearmbaand-med-soedt-insekt-guldbelagt-rustfrit-staal\\\/#breadcrumb\",\"itemListElement\":[{\"@type\":\"ListItem\",\"position\":1,\"name\":\"Hjem\",\"item\":\"https:\\\/\\\/locsshop.eu\\\/\"},{\"@type\":\"ListItem\",\"position\":2,\"name\":\"Shop\",\"item\":\"https:\\\/\\\/locsshop.eu\\\/shop\\\/\"},{\"@type\":\"ListItem\",\"position\":3,\"name\":\"Smukt perlearmb\u00e5nd med s\u00f8dt insekt | Guldbelagt rustfrit st\u00e5l\"}]},{\"@type\":\"WebSite\",\"@id\":\"https:\\\/\\\/locsshop.eu\\\/#website\",\"url\":\"https:\\\/\\\/locsshop.eu\\\/\",\"name\":\"Locs Sunglasses - LOCS Supplier in EU\",\"description\":\"We sell cheap LOCS Sunglasses\",\"publisher\":{\"@id\":\"https:\\\/\\\/locsshop.eu\\\/#organization\"},\"potentialAction\":[{\"@type\":\"SearchAction\",\"target\":{\"@type\":\"EntryPoint\",\"urlTemplate\":\"https:\\\/\\\/locsshop.eu\\\/?s={search_term_string}\"},\"query-input\":{\"@type\":\"PropertyValueSpecification\",\"valueRequired\":true,\"valueName\":\"search_term_string\"}}],\"inLanguage\":\"nl-NL\"},{\"@type\":\"Organization\",\"@id\":\"https:\\\/\\\/locsshop.eu\\\/#organization\",\"name\":\"Locsshop.eu\",\"url\":\"https:\\\/\\\/locsshop.eu\\\/\",\"logo\":{\"@type\":\"ImageObject\",\"inLanguage\":\"nl-NL\",\"@id\":\"https:\\\/\\\/locsshop.eu\\\/#\\\/schema\\\/logo\\\/image\\\/\",\"url\":\"https:\\\/\\\/locsshop.eu\\\/wp-content\\\/uploads\\\/2022\\\/02\\\/Locsshop-logo.png\",\"contentUrl\":\"https:\\\/\\\/locsshop.eu\\\/wp-content\\\/uploads\\\/2022\\\/02\\\/Locsshop-logo.png\",\"width\":930,\"height\":200,\"caption\":\"Locsshop.eu\"},\"image\":{\"@id\":\"https:\\\/\\\/locsshop.eu\\\/#\\\/schema\\\/logo\\\/image\\\/\"}}]}<\/script>\n<!-- \/ Yoast SEO plugin. -->","yoast_head_json":{"title":"Mooie parelarmband met schattig insect | Verguld roestvrij staal | Koop hier online | LOCS","description":"Koop Mooie parelarmband met schattig insect | Verguld roestvrij staal hier | De grootste selectie LOCS-zonnebrillen in de EU | Wij verzenden vanuit de EU - Geen extra importkosten","robots":{"index":"index","follow":"follow","max-snippet":"max-snippet:-1","max-image-preview":"max-image-preview:large","max-video-preview":"max-video-preview:-1"},"canonical":"https:\/\/locsshop.eu\/nl\/shop\/smukt-perlearmbaand-med-soedt-insekt-guldbelagt-rustfrit-staal\/","og_locale":"nl_NL","og_type":"article","og_title":"Smukt perlearmb\u00e5nd med s\u00f8dt insekt | Guldbelagt rustfrit st\u00e5l | K\u00f8b online her | LOCS","og_description":"K\u00f8b Smukt perlearmb\u00e5nd med s\u00f8dt insekt | Guldbelagt rustfrit st\u00e5l her | EU's st\u00f8rste udvalg af LOCS solbriller | Vi sender fra EU - Ingen ekstra import udgifter","og_url":"https:\/\/locsshop.eu\/nl\/shop\/smukt-perlearmbaand-med-soedt-insekt-guldbelagt-rustfrit-staal\/","og_site_name":"Locs Sunglasses - LOCS Supplier in EU","article_modified_time":"2025-04-29T05:41:29+00:00","og_image":[{"width":800,"height":800,"url":"https:\/\/locsshop.eu\/wp-content\/uploads\/2023\/11\/bst1372.jpg","type":"image\/jpeg"}],"twitter_card":"summary_large_image","twitter_misc":{"Geschatte leestijd":"2 minuten"},"schema":{"@context":"https:\/\/schema.org","@graph":[{"@type":"WebPage","@id":"https:\/\/locsshop.eu\/shop\/smukt-perlearmbaand-med-soedt-insekt-guldbelagt-rustfrit-staal\/","url":"https:\/\/locsshop.eu\/shop\/smukt-perlearmbaand-med-soedt-insekt-guldbelagt-rustfrit-staal\/","name":"Mooie parelarmband met schattig insect | Verguld roestvrij staal | Koop hier online | LOCS","isPartOf":{"@id":"https:\/\/locsshop.eu\/#website"},"primaryImageOfPage":{"@id":"https:\/\/locsshop.eu\/shop\/smukt-perlearmbaand-med-soedt-insekt-guldbelagt-rustfrit-staal\/#primaryimage"},"image":{"@id":"https:\/\/locsshop.eu\/shop\/smukt-perlearmbaand-med-soedt-insekt-guldbelagt-rustfrit-staal\/#primaryimage"},"thumbnailUrl":"https:\/\/locsshop.eu\/wp-content\/uploads\/2023\/11\/bst1372.jpg","datePublished":"2023-11-19T10:08:54+00:00","dateModified":"2025-04-29T05:41:29+00:00","description":"Koop Mooie parelarmband met schattig insect | Verguld roestvrij staal hier | De grootste selectie LOCS-zonnebrillen in de EU | Wij verzenden vanuit de EU - Geen extra importkosten","breadcrumb":{"@id":"https:\/\/locsshop.eu\/shop\/smukt-perlearmbaand-med-soedt-insekt-guldbelagt-rustfrit-staal\/#breadcrumb"},"inLanguage":"nl-NL","potentialAction":[{"@type":"ReadAction","target":["https:\/\/locsshop.eu\/shop\/smukt-perlearmbaand-med-soedt-insekt-guldbelagt-rustfrit-staal\/"]}]},{"@type":"ImageObject","inLanguage":"nl-NL","@id":"https:\/\/locsshop.eu\/shop\/smukt-perlearmbaand-med-soedt-insekt-guldbelagt-rustfrit-staal\/#primaryimage","url":"https:\/\/locsshop.eu\/wp-content\/uploads\/2023\/11\/bst1372.jpg","contentUrl":"https:\/\/locsshop.eu\/wp-content\/uploads\/2023\/11\/bst1372.jpg","width":800,"height":800},{"@type":"BreadcrumbList","@id":"https:\/\/locsshop.eu\/shop\/smukt-perlearmbaand-med-soedt-insekt-guldbelagt-rustfrit-staal\/#breadcrumb","itemListElement":[{"@type":"ListItem","position":1,"name":"Hjem","item":"https:\/\/locsshop.eu\/"},{"@type":"ListItem","position":2,"name":"Shop","item":"https:\/\/locsshop.eu\/shop\/"},{"@type":"ListItem","position":3,"name":"Smukt perlearmb\u00e5nd med s\u00f8dt insekt | Guldbelagt rustfrit st\u00e5l"}]},{"@type":"WebSite","@id":"https:\/\/locsshop.eu\/#website","url":"https:\/\/locsshop.eu\/","name":"Locs zonnebrillen - LOCS leverancier in de EU","description":"Wij verkopen goedkope LOCS zonnebrillen","publisher":{"@id":"https:\/\/locsshop.eu\/#organization"},"potentialAction":[{"@type":"SearchAction","target":{"@type":"EntryPoint","urlTemplate":"https:\/\/locsshop.eu\/?s={search_term_string}"},"query-input":{"@type":"PropertyValueSpecification","valueRequired":true,"valueName":"search_term_string"}}],"inLanguage":"nl-NL"},{"@type":"Organization","@id":"https:\/\/locsshop.eu\/#organization","name":"Locsshop.eu","url":"https:\/\/locsshop.eu\/","logo":{"@type":"ImageObject","inLanguage":"nl-NL","@id":"https:\/\/locsshop.eu\/#\/schema\/logo\/image\/","url":"https:\/\/locsshop.eu\/wp-content\/uploads\/2022\/02\/Locsshop-logo.png","contentUrl":"https:\/\/locsshop.eu\/wp-content\/uploads\/2022\/02\/Locsshop-logo.png","width":930,"height":200,"caption":"Locsshop.eu"},"image":{"@id":"https:\/\/locsshop.eu\/#\/schema\/logo\/image\/"}}]}},"_links":{"self":[{"href":"https:\/\/locsshop.eu\/nl\/wp-json\/wp\/v2\/product\/11961","targetHints":{"allow":["GET"]}}],"collection":[{"href":"https:\/\/locsshop.eu\/nl\/wp-json\/wp\/v2\/product"}],"about":[{"href":"https:\/\/locsshop.eu\/nl\/wp-json\/wp\/v2\/types\/product"}],"replies":[{"embeddable":true,"href":"https:\/\/locsshop.eu\/nl\/wp-json\/wp\/v2\/comments?post=11961"}],"wp:featuredmedia":[{"embeddable":true,"href":"https:\/\/locsshop.eu\/nl\/wp-json\/wp\/v2\/media\/11960"}],"wp:attachment":[{"href":"https:\/\/locsshop.eu\/nl\/wp-json\/wp\/v2\/media?parent=11961"}],"wp:term":[{"taxonomy":"product_brand","embeddable":true,"href":"https:\/\/locsshop.eu\/nl\/wp-json\/wp\/v2\/product_brand?post=11961"},{"taxonomy":"product_cat","embeddable":true,"href":"https:\/\/locsshop.eu\/nl\/wp-json\/wp\/v2\/product_cat?post=11961"},{"taxonomy":"product_tag","embeddable":true,"href":"https:\/\/locsshop.eu\/nl\/wp-json\/wp\/v2\/product_tag?post=11961"}],"curies":[{"name":"wp","href":"https:\/\/api.w.org\/{rel}","templated":true}]}}