{"id":12257,"date":"2024-03-20T22:35:19","date_gmt":"2024-03-20T21:35:19","guid":{"rendered":"https:\/\/locsshop.eu\/da\/shop\/matsorte-hurtigbriller-sportssolbriller-roed-detalje-trentino\/"},"modified":"2024-07-11T23:49:07","modified_gmt":"2024-07-11T21:49:07","slug":"matsorte-hurtigbriller-sportssolbriller-roed-detalje-trentino","status":"publish","type":"product","link":"https:\/\/locsshop.eu\/nl\/shop\/matsorte-hurtigbriller-sportssolbriller-roed-detalje-trentino\/","title":{"rendered":"Matzwarte speedbril \/ sportzonnebril met rood koperen detail | Trentino"},"content":{"rendered":"<p><strong>Optimale prestaties met onze sportzonnebrillen - Perfect zicht, waar u ook gaat!<\/strong><\/p>\n<p>Maak je klaar om je prestaties naar nieuwe hoogten te tillen met onze sportzonnebrillen van topkwaliteit. Of je nu een professionele atleet bent, een fervent sporter of gewoon van buitenactiviteiten houdt, onze zonnebrillen zijn ontworpen om de ultieme combinatie van stijl, bescherming en prestaties te bieden.<\/p>\n<p><strong>Waarom onze sportzonnebrillen opvallen:<\/strong><\/p>\n<ol>\n<li><strong>Geavanceerde bescherming:<\/strong> Bescherm je ogen tegen schadelijke UV-stralen, wind, stof en insecten met onze geavanceerde sportzonnebrillen. Wij geven prioriteit aan de veiligheid en gezondheid van uw ogen, zodat u zich ongestoord kunt concentreren op uw prestaties.<\/li>\n<li><strong>Duurzame constructie:<\/strong> Wij begrijpen het belang van duurzaamheid als het gaat om sportuitrusting. Onze zonnebrillen zijn gemaakt van duurzame materialen en hebben een lichtgewicht ontwerp dat je de hele dag comfort en betrouwbaarheid biedt.<\/li>\n<li><strong>Stijlvol ontwerp:<\/strong> Naast het leveren van topprestaties zijn onze sportzonnebrillen ook ontworpen om stijlvol en modern te zijn. Ongeacht je stijl en voorkeur, wij hebben zonnebrillen die bij je persoonlijkheid passen en je een scherpe blik geven tijdens het trainen of in je vrije tijd.<\/li>\n<\/ol>\n<p><strong>Waarom kiezen voor onze sportzonnebrillen?<\/strong><\/p>\n<ul>\n<li><strong>Verbeterd zicht:<\/strong> Optimaliseer uw prestaties met scherp zicht en minder verblinding.<\/li>\n<li><strong>Bescherming:<\/strong> Veiligheid staat voorop \u2013 bescherm uw ogen tegen schadelijke zonnestralen en externe elementen.<\/li>\n<li><strong>Comfort:<\/strong> Lichtgewicht ontwerp en verstelbare functies zorgen voor een comfortabele pasvorm gedurende de dag.<\/li>\n<li><strong>Stijl:<\/strong> Maak een fashion statement met onze stijlvolle sportzonnebril die bij jouw actieve levensstijl past.<\/li>\n<\/ul>\n<p>Breng je training en outdoor-avonturen naar een hoger niveau met onze sportzonnebrillen. Ervaar de perfecte combinatie van stijl, bescherming en prestaties en bereid je voor om de wereld in een geheel nieuw licht te zien!<\/p>\n<p>&nbsp;<\/p>\n<h4>Materiaal: <strong>Kunststof en polycarbonaatglas<\/strong><\/h4>\n<p>&nbsp;<\/p>\n<h3><strong>De zonnebril is gepolariseerd<br \/>\n<img loading=\"lazy\" decoding=\"async\" class=\"alignnone size-full wp-image-11712\" src=\"https:\/\/bazarsalg.dk\/wp-content\/uploads\/polarized-logo.jpg\" alt=\"\" width=\"200\" height=\"108\" \/><br \/>\n<\/strong><\/h3>\n<p><em>Gepolariseerde zonnebrillen zijn een populair type zonnebrillen die zijn ontworpen om schittering van reflecterende oppervlakken zoals water, sneeuw of wegdekken te verminderen. Dit wordt bereikt met behulp van een polariserende film die lichtgolven blokkeert die op een specifieke as bewegen. Dit vermindert reflecties en zorgt voor een helderder en gedetailleerder beeld, vooral bij fel zonlicht. Het is een goed idee om een gepolariseerde zonnebril te kiezen als u veel buiten bent, vooral in de buurt van water of bij activiteiten zoals ski\u00ebn of fietsen.<br \/>\nDaarom is deze zonnebril ook erg goed om mee te vissen, omdat je het water duidelijker kunt zien en perfect tijdens het roeien in een kajak of ander soort zeilen.<\/em><\/p>\n<p>&nbsp;<\/p>\n<h3>De zonnebrillen zijn het hele jaar door super stoer en super trendy.<br \/>\nSpeed-zonnebrillen \u2013 Fietszonnebrillen \u2013 Visserszonnebrillen \u2013 Festivalzonnebrillen \u2013 Sportzonnebrillen, ja, lief kind heeft veel namen\u2026<\/h3>\n<p>&nbsp;<\/p>\n<p>&nbsp;<\/p>\n<table style=\"width: 100%;border-collapse: collapse;border-style: dashed\" border=\"1\">\n<tbody>\n<tr>\n<td style=\"width: 100%\">\n<h2 style=\"text-align: center\"><strong>De maat van de zonnebril<\/strong><\/h2>\n<\/td>\n<\/tr>\n<\/tbody>\n<\/table>\n<table style=\"width: 100%;border-collapse: collapse;border-style: hidden;margin-left: auto;margin-right: auto\" border=\"1\" cellspacing=\"20\" cellpadding=\"20\">\n<tbody>\n<tr>\n<td style=\"width: 33.3333%;text-align: center\"><strong><img decoding=\"async\" src=\"https:\/\/bazarsalg.dk\/wp-content\/uploads\/bredde.png\" \/><\/strong><\/td>\n<td style=\"width: 33.3333%;text-align: center\"><strong>Breedte<\/strong><\/td>\n<td style=\"width: 33.3333%;text-align: center\"><strong>13,7 cm.<\/strong><\/td>\n<\/tr>\n<tr>\n<td style=\"width: 33.3333%;text-align: center\"><strong><img decoding=\"async\" src=\"https:\/\/bazarsalg.dk\/wp-content\/uploads\/hoejde.png\" \/><\/strong><\/td>\n<td style=\"width: 33.3333%;text-align: center\"><strong>Hoogte<\/strong><\/td>\n<td style=\"width: 33.3333%;text-align: center\"><strong>4,2 cm.<\/strong><\/td>\n<\/tr>\n<tr>\n<td style=\"width: 33.3333%;text-align: center\"><strong><img decoding=\"async\" src=\"https:\/\/bazarsalg.dk\/wp-content\/uploads\/stang.png\" \/><\/strong><\/td>\n<td style=\"width: 33.3333%;text-align: center\"><strong>Lens lengte<\/strong><\/td>\n<td style=\"width: 33.3333%;text-align: center\"><strong>13 cm.<\/strong><\/td>\n<\/tr>\n<tr>\n<td style=\"width: 33.3333%;text-align: center\"><strong><img decoding=\"async\" src=\"https:\/\/bazarsalg.dk\/wp-content\/uploads\/glas-bredde.png\" \/><\/strong><\/td>\n<td style=\"width: 33.3333%;text-align: center\"><strong>Glas Breedte<\/strong><\/td>\n<td style=\"width: 33.3333%;text-align: center\"><strong>13,2 cm.<\/strong><\/td>\n<\/tr>\n<tr>\n<td style=\"width: 33.3333%;text-align: center\"><strong><img decoding=\"async\" src=\"https:\/\/bazarsalg.dk\/wp-content\/uploads\/bredde-naese.png\" \/><\/strong><\/td>\n<td style=\"width: 33.3333%;text-align: center\"><strong>Ruimte tussen glas<\/strong><\/td>\n<td style=\"width: 33.3333%;text-align: center\"><strong>Niets<\/strong><\/td>\n<\/tr>\n<\/tbody>\n<\/table>\n<p>&nbsp;<\/p>\n<p><strong>\u00a0<\/strong><\/p>\n<table style=\"width: 100%;border-collapse: collapse;border-style: hidden;margin-left: auto;margin-right: auto\" border=\"1\" cellspacing=\"50\" cellpadding=\"20\">\n<caption>\u00a0<\/caption>\n<caption>\u00a0<\/caption>\n<tbody>\n<tr>\n<td style=\"width: 25%;text-align: center\"><img decoding=\"async\" class=\"aligncenter\" src=\"https:\/\/bazarsalg.dk\/wp-content\/uploads\/UV.png\" \/><\/td>\n<td style=\"width: 25%;text-align: center\"><img decoding=\"async\" src=\"https:\/\/bazarsalg.dk\/wp-content\/uploads\/ce.png\" \/><\/td>\n<td style=\"width: 25%;text-align: center\"><img decoding=\"async\" src=\"https:\/\/bazarsalg.dk\/wp-content\/uploads\/box.png\" \/><\/td>\n<\/tr>\n<tr>\n<td style=\"width: 25%;text-align: center\"><strong>De zonnebril heeft UV400 bescherming<\/strong><\/p>\n<p>Blokkeert 99 tot 100 procent van alle UVA- en UVB-stralen en beschermt je ogen tegen zonnestralen.<\/td>\n<td style=\"width: 25%;text-align: center\"><strong>CE-goedgekeurd <\/strong><\/p>\n<p>De zonnebrillen voldoen aan alle wettelijke eisen in de EU, hierdoor weet je zeker dat je zonnebril getest en goedgekeurd is.<\/td>\n<td style=\"width: 25%;text-align: center\"><strong>Verzonden in een kartonnen doos zodat ze niet breken <\/strong><\/p>\n<p>We verpakken zonnebrillen altijd stevig zodat ze in goede staat aankomen.<\/td>\n<\/tr>\n<\/tbody>\n<\/table>","protected":false},"excerpt":{"rendered":"<p><strong>Mat zwarte lijst<\/strong><br \/>\n<strong>Rubber op de stang zodat ze beter zitten<br \/>\nGepolariseerd glas voor optimale zichtbaarheid<br \/>\nVeelkleurig glas<\/strong><\/p>\n<p><em>CE-goedgekeurd<\/em><br \/>\n<em>UV400-bescherming<\/em><\/p>","protected":false},"featured_media":12256,"comment_status":"open","ping_status":"closed","template":"","meta":{"om_disable_all_campaigns":false,"_monsterinsights_skip_tracking":false,"_monsterinsights_sitenote_active":false,"_monsterinsights_sitenote_note":"","_monsterinsights_sitenote_category":0},"product_brand":[],"product_cat":[1026,1029,1025,1046,1546],"product_tag":[1547,1548,870],"class_list":{"0":"post-12257","1":"product","2":"type-product","3":"status-publish","4":"has-post-thumbnail","6":"product_cat-dame-solbriller","7":"product_cat-herre-solbriller","8":"product_cat-billige-solbriller","9":"product_cat-cykelbriller","10":"product_cat-hurtigbriller","11":"product_tag-cykelsolbriller","12":"product_tag-hurtigbriller","13":"product_tag-p693","15":"first","16":"instock","17":"shipping-taxable","18":"purchasable","19":"product-type-simple"},"yoast_head":"<!-- This site is optimized with the Yoast SEO plugin v27.2 - https:\/\/yoast.com\/product\/yoast-seo-wordpress\/ -->\n<title>Matsorte hurtigbriller \/ sportssolbriller med r\u00f8d kobber detalje | Trentino | K\u00f8b online her | LOCS<\/title>\n<meta name=\"description\" content=\"K\u00f8b Matsorte hurtigbriller \/ sportssolbriller med r\u00f8d kobber detalje | Trentino her | EU&#039;s st\u00f8rste udvalg af LOCS solbriller | Vi sender fra EU - Ingen ekstra import udgifter\" \/>\n<meta name=\"robots\" content=\"index, follow, max-snippet:-1, max-image-preview:large, max-video-preview:-1\" \/>\n<link rel=\"canonical\" href=\"https:\/\/locsshop.eu\/nl\/shop\/matsorte-hurtigbriller-sportssolbriller-roed-detalje-trentino\/\" \/>\n<meta property=\"og:locale\" content=\"nl_NL\" \/>\n<meta property=\"og:type\" content=\"article\" \/>\n<meta property=\"og:title\" content=\"Matsorte hurtigbriller \/ sportssolbriller med r\u00f8d kobber detalje | Trentino | K\u00f8b online her | LOCS\" \/>\n<meta property=\"og:description\" content=\"K\u00f8b Matsorte hurtigbriller \/ sportssolbriller med r\u00f8d kobber detalje | Trentino her | EU&#039;s st\u00f8rste udvalg af LOCS solbriller | Vi sender fra EU - Ingen ekstra import udgifter\" \/>\n<meta property=\"og:url\" content=\"https:\/\/locsshop.eu\/nl\/shop\/matsorte-hurtigbriller-sportssolbriller-roed-detalje-trentino\/\" \/>\n<meta property=\"og:site_name\" content=\"Locs Sunglasses - LOCS Supplier in EU\" \/>\n<meta property=\"article:modified_time\" content=\"2024-07-11T21:49:07+00:00\" \/>\n<meta property=\"og:image\" content=\"https:\/\/locsshop.eu\/wp-content\/uploads\/2024\/03\/BM6011-RD-polarized.jpg\" \/>\n\t<meta property=\"og:image:width\" content=\"800\" \/>\n\t<meta property=\"og:image:height\" content=\"800\" \/>\n\t<meta property=\"og:image:type\" content=\"image\/jpeg\" \/>\n<meta name=\"twitter:card\" content=\"summary_large_image\" \/>\n<meta name=\"twitter:label1\" content=\"Geschatte leestijd\" \/>\n\t<meta name=\"twitter:data1\" content=\"3 minuten\" \/>\n<script type=\"application\/ld+json\" class=\"yoast-schema-graph\">{\"@context\":\"https:\/\/schema.org\",\"@graph\":[{\"@type\":\"WebPage\",\"@id\":\"https:\/\/locsshop.eu\/shop\/matsorte-hurtigbriller-sportssolbriller-roed-detalje-trentino\/\",\"url\":\"https:\/\/locsshop.eu\/shop\/matsorte-hurtigbriller-sportssolbriller-roed-detalje-trentino\/\",\"name\":\"Matsorte hurtigbriller \/ sportssolbriller med r\u00f8d kobber detalje | Trentino | K\u00f8b online her | LOCS\",\"isPartOf\":{\"@id\":\"https:\/\/locsshop.eu\/#website\"},\"primaryImageOfPage\":{\"@id\":\"https:\/\/locsshop.eu\/shop\/matsorte-hurtigbriller-sportssolbriller-roed-detalje-trentino\/#primaryimage\"},\"image\":{\"@id\":\"https:\/\/locsshop.eu\/shop\/matsorte-hurtigbriller-sportssolbriller-roed-detalje-trentino\/#primaryimage\"},\"thumbnailUrl\":\"https:\/\/locsshop.eu\/wp-content\/uploads\/2024\/03\/BM6011-RD-polarized.jpg\",\"datePublished\":\"2024-03-20T21:35:19+00:00\",\"dateModified\":\"2024-07-11T21:49:07+00:00\",\"description\":\"K\u00f8b Matsorte hurtigbriller \/ sportssolbriller med r\u00f8d kobber detalje | Trentino her | EU's st\u00f8rste udvalg af LOCS solbriller | Vi sender fra EU - Ingen ekstra import udgifter\",\"breadcrumb\":{\"@id\":\"https:\/\/locsshop.eu\/shop\/matsorte-hurtigbriller-sportssolbriller-roed-detalje-trentino\/#breadcrumb\"},\"inLanguage\":\"nl-NL\",\"potentialAction\":[{\"@type\":\"ReadAction\",\"target\":[\"https:\/\/locsshop.eu\/shop\/matsorte-hurtigbriller-sportssolbriller-roed-detalje-trentino\/\"]}]},{\"@type\":\"ImageObject\",\"inLanguage\":\"nl-NL\",\"@id\":\"https:\/\/locsshop.eu\/shop\/matsorte-hurtigbriller-sportssolbriller-roed-detalje-trentino\/#primaryimage\",\"url\":\"https:\/\/locsshop.eu\/wp-content\/uploads\/2024\/03\/BM6011-RD-polarized.jpg\",\"contentUrl\":\"https:\/\/locsshop.eu\/wp-content\/uploads\/2024\/03\/BM6011-RD-polarized.jpg\",\"width\":800,\"height\":800},{\"@type\":\"BreadcrumbList\",\"@id\":\"https:\/\/locsshop.eu\/shop\/matsorte-hurtigbriller-sportssolbriller-roed-detalje-trentino\/#breadcrumb\",\"itemListElement\":[{\"@type\":\"ListItem\",\"position\":1,\"name\":\"Hjem\",\"item\":\"https:\/\/locsshop.eu\/\"},{\"@type\":\"ListItem\",\"position\":2,\"name\":\"Shop\",\"item\":\"https:\/\/locsshop.eu\/shop\/\"},{\"@type\":\"ListItem\",\"position\":3,\"name\":\"Matsorte hurtigbriller \/ sportssolbriller med r\u00f8d kobber detalje | Trentino\"}]},{\"@type\":\"WebSite\",\"@id\":\"https:\/\/locsshop.eu\/#website\",\"url\":\"https:\/\/locsshop.eu\/\",\"name\":\"Locs Sunglasses - LOCS Supplier in EU\",\"description\":\"We sell cheap LOCS Sunglasses\",\"publisher\":{\"@id\":\"https:\/\/locsshop.eu\/#organization\"},\"potentialAction\":[{\"@type\":\"SearchAction\",\"target\":{\"@type\":\"EntryPoint\",\"urlTemplate\":\"https:\/\/locsshop.eu\/?s={search_term_string}\"},\"query-input\":{\"@type\":\"PropertyValueSpecification\",\"valueRequired\":true,\"valueName\":\"search_term_string\"}}],\"inLanguage\":\"nl-NL\"},{\"@type\":\"Organization\",\"@id\":\"https:\/\/locsshop.eu\/#organization\",\"name\":\"Locsshop.eu\",\"url\":\"https:\/\/locsshop.eu\/\",\"logo\":{\"@type\":\"ImageObject\",\"inLanguage\":\"nl-NL\",\"@id\":\"https:\/\/locsshop.eu\/#\/schema\/logo\/image\/\",\"url\":\"https:\/\/locsshop.eu\/wp-content\/uploads\/2022\/02\/Locsshop-logo.png\",\"contentUrl\":\"https:\/\/locsshop.eu\/wp-content\/uploads\/2022\/02\/Locsshop-logo.png\",\"width\":930,\"height\":200,\"caption\":\"Locsshop.eu\"},\"image\":{\"@id\":\"https:\/\/locsshop.eu\/#\/schema\/logo\/image\/\"}}]}<\/script>\n<!-- \/ Yoast SEO plugin. -->","yoast_head_json":{"title":"Matzwarte speedbril \/ sportzonnebril met rood koperen detail | Trentino | Koop hier online | LOCS","description":"Matzwarte speedbril \/ sportzonnebril met blauw detail kopen | Trentino hier | De grootste selectie LOCS-zonnebrillen in de EU | Wij verzenden vanuit de EU - Geen extra importkosten","robots":{"index":"index","follow":"follow","max-snippet":"max-snippet:-1","max-image-preview":"max-image-preview:large","max-video-preview":"max-video-preview:-1"},"canonical":"https:\/\/locsshop.eu\/nl\/shop\/matsorte-hurtigbriller-sportssolbriller-roed-detalje-trentino\/","og_locale":"nl_NL","og_type":"article","og_title":"Matsorte hurtigbriller \/ sportssolbriller med r\u00f8d kobber detalje | Trentino | K\u00f8b online her | LOCS","og_description":"K\u00f8b Matsorte hurtigbriller \/ sportssolbriller med r\u00f8d kobber detalje | Trentino her | EU's st\u00f8rste udvalg af LOCS solbriller | Vi sender fra EU - Ingen ekstra import udgifter","og_url":"https:\/\/locsshop.eu\/nl\/shop\/matsorte-hurtigbriller-sportssolbriller-roed-detalje-trentino\/","og_site_name":"Locs Sunglasses - LOCS Supplier in EU","article_modified_time":"2024-07-11T21:49:07+00:00","og_image":[{"width":800,"height":800,"url":"https:\/\/locsshop.eu\/wp-content\/uploads\/2024\/03\/BM6011-RD-polarized.jpg","type":"image\/jpeg"}],"twitter_card":"summary_large_image","twitter_misc":{"Geschatte leestijd":"3 minuten"},"schema":{"@context":"https:\/\/schema.org","@graph":[{"@type":"WebPage","@id":"https:\/\/locsshop.eu\/shop\/matsorte-hurtigbriller-sportssolbriller-roed-detalje-trentino\/","url":"https:\/\/locsshop.eu\/shop\/matsorte-hurtigbriller-sportssolbriller-roed-detalje-trentino\/","name":"Matzwarte speedbril \/ sportzonnebril met rood koperen detail | Trentino | Koop hier online | LOCS","isPartOf":{"@id":"https:\/\/locsshop.eu\/#website"},"primaryImageOfPage":{"@id":"https:\/\/locsshop.eu\/shop\/matsorte-hurtigbriller-sportssolbriller-roed-detalje-trentino\/#primaryimage"},"image":{"@id":"https:\/\/locsshop.eu\/shop\/matsorte-hurtigbriller-sportssolbriller-roed-detalje-trentino\/#primaryimage"},"thumbnailUrl":"https:\/\/locsshop.eu\/wp-content\/uploads\/2024\/03\/BM6011-RD-polarized.jpg","datePublished":"2024-03-20T21:35:19+00:00","dateModified":"2024-07-11T21:49:07+00:00","description":"Matzwarte speedbril \/ sportzonnebril met blauw detail kopen | Trentino hier | De grootste selectie LOCS-zonnebrillen in de EU | Wij verzenden vanuit de EU - Geen extra importkosten","breadcrumb":{"@id":"https:\/\/locsshop.eu\/shop\/matsorte-hurtigbriller-sportssolbriller-roed-detalje-trentino\/#breadcrumb"},"inLanguage":"nl-NL","potentialAction":[{"@type":"ReadAction","target":["https:\/\/locsshop.eu\/shop\/matsorte-hurtigbriller-sportssolbriller-roed-detalje-trentino\/"]}]},{"@type":"ImageObject","inLanguage":"nl-NL","@id":"https:\/\/locsshop.eu\/shop\/matsorte-hurtigbriller-sportssolbriller-roed-detalje-trentino\/#primaryimage","url":"https:\/\/locsshop.eu\/wp-content\/uploads\/2024\/03\/BM6011-RD-polarized.jpg","contentUrl":"https:\/\/locsshop.eu\/wp-content\/uploads\/2024\/03\/BM6011-RD-polarized.jpg","width":800,"height":800},{"@type":"BreadcrumbList","@id":"https:\/\/locsshop.eu\/shop\/matsorte-hurtigbriller-sportssolbriller-roed-detalje-trentino\/#breadcrumb","itemListElement":[{"@type":"ListItem","position":1,"name":"Hjem","item":"https:\/\/locsshop.eu\/"},{"@type":"ListItem","position":2,"name":"Shop","item":"https:\/\/locsshop.eu\/shop\/"},{"@type":"ListItem","position":3,"name":"Matsorte hurtigbriller \/ sportssolbriller med r\u00f8d kobber detalje | Trentino"}]},{"@type":"WebSite","@id":"https:\/\/locsshop.eu\/#website","url":"https:\/\/locsshop.eu\/","name":"Locs zonnebrillen - LOCS leverancier in de EU","description":"Wij verkopen goedkope LOCS zonnebrillen","publisher":{"@id":"https:\/\/locsshop.eu\/#organization"},"potentialAction":[{"@type":"SearchAction","target":{"@type":"EntryPoint","urlTemplate":"https:\/\/locsshop.eu\/?s={search_term_string}"},"query-input":{"@type":"PropertyValueSpecification","valueRequired":true,"valueName":"search_term_string"}}],"inLanguage":"nl-NL"},{"@type":"Organization","@id":"https:\/\/locsshop.eu\/#organization","name":"Locsshop.eu","url":"https:\/\/locsshop.eu\/","logo":{"@type":"ImageObject","inLanguage":"nl-NL","@id":"https:\/\/locsshop.eu\/#\/schema\/logo\/image\/","url":"https:\/\/locsshop.eu\/wp-content\/uploads\/2022\/02\/Locsshop-logo.png","contentUrl":"https:\/\/locsshop.eu\/wp-content\/uploads\/2022\/02\/Locsshop-logo.png","width":930,"height":200,"caption":"Locsshop.eu"},"image":{"@id":"https:\/\/locsshop.eu\/#\/schema\/logo\/image\/"}}]}},"_links":{"self":[{"href":"https:\/\/locsshop.eu\/nl\/wp-json\/wp\/v2\/product\/12257","targetHints":{"allow":["GET"]}}],"collection":[{"href":"https:\/\/locsshop.eu\/nl\/wp-json\/wp\/v2\/product"}],"about":[{"href":"https:\/\/locsshop.eu\/nl\/wp-json\/wp\/v2\/types\/product"}],"replies":[{"embeddable":true,"href":"https:\/\/locsshop.eu\/nl\/wp-json\/wp\/v2\/comments?post=12257"}],"wp:featuredmedia":[{"embeddable":true,"href":"https:\/\/locsshop.eu\/nl\/wp-json\/wp\/v2\/media\/12256"}],"wp:attachment":[{"href":"https:\/\/locsshop.eu\/nl\/wp-json\/wp\/v2\/media?parent=12257"}],"wp:term":[{"taxonomy":"product_brand","embeddable":true,"href":"https:\/\/locsshop.eu\/nl\/wp-json\/wp\/v2\/product_brand?post=12257"},{"taxonomy":"product_cat","embeddable":true,"href":"https:\/\/locsshop.eu\/nl\/wp-json\/wp\/v2\/product_cat?post=12257"},{"taxonomy":"product_tag","embeddable":true,"href":"https:\/\/locsshop.eu\/nl\/wp-json\/wp\/v2\/product_tag?post=12257"}],"curies":[{"name":"wp","href":"https:\/\/api.w.org\/{rel}","templated":true}]}}