{"id":12689,"date":"2024-04-24T11:27:31","date_gmt":"2024-04-24T09:27:31","guid":{"rendered":"https:\/\/locsshop.eu\/shop\/runde-clubmaster-style-solbriller-transparent-stel-og-lyseroede-fade-glas-nimes\/"},"modified":"2025-07-17T19:04:50","modified_gmt":"2025-07-17T17:04:50","slug":"runde-clubmaster-style-solbriller-transparent-stel-og-lyseroede-fade-glas-nimes","status":"publish","type":"product","link":"https:\/\/locsshop.eu\/nl\/shop\/runde-clubmaster-style-solbriller-transparent-stel-og-lyseroede-fade-glas-nimes\/","title":{"rendered":"Ronde zonnebril in Clubmaster-stijl \u2013 transparant frame en lichtroze lenzen | N\u00eemes"},"content":{"rendered":"<h2><b>Stijlvolle zonnebril in clubmaster-stijl die bij alle gelegenheden past.<br \/>\nAls je van klassieke zonnebrillen houdt, dan is dit degene die je nodig hebt!<\/b><\/h2>\n<p>Als je houdt van zeer klassieke zonnebrillen die met zorg zijn ontworpen voor een stijlvolle look, dan heb je de juiste zonnebril voor jou of een geliefde gevonden.<br \/>\nJe kunt deze zonnebril zowel in het dagelijks leven als bij feestelijke gelegenheden gebruiken en past bij elke outfit.<br \/>\nZorg er dus voor dat je deze aan je winkelmandje toevoegt voordat ze uitverkocht zijn<\/p>\n<p>&nbsp;<\/p>\n<h4>Materiaal: <strong>Kunststof en polycarbonaatglas<\/strong><\/h4>\n<p>&nbsp;<\/p>\n<h3>De zonnebrillen zijn het hele jaar door super stoer en super trendy.<\/h3>\n<p>&nbsp;<\/p>\n<table style=\"width: 100%;border-collapse: collapse;border-style: dashed\" border=\"1\">\n<tbody>\n<tr>\n<td style=\"width: 100%\">\n<h2 style=\"text-align: center\"><strong>De maat van de zonnebril<\/strong><\/h2>\n<\/td>\n<\/tr>\n<\/tbody>\n<\/table>\n<table style=\"width: 100%;border-collapse: collapse;border-style: hidden;margin-left: auto;margin-right: auto\" border=\"1\" cellspacing=\"20\" cellpadding=\"20\">\n<tbody>\n<tr>\n<td style=\"width: 33.3333%;text-align: center\"><strong><img decoding=\"async\" src=\"https:\/\/bazarsalg.dk\/wp-content\/uploads\/bredde.png\" \/><\/strong><\/td>\n<td style=\"width: 33.3333%;text-align: center\"><strong>Binnen breedte<\/strong><\/td>\n<td style=\"width: 33.3333%;text-align: center\"><strong>13,5 cm.<\/strong><\/td>\n<\/tr>\n<tr>\n<td style=\"width: 33.3333%;text-align: center\"><strong><img decoding=\"async\" src=\"https:\/\/bazarsalg.dk\/wp-content\/uploads\/hoejde.png\" \/><\/strong><\/td>\n<td style=\"width: 33.3333%;text-align: center\"><strong>Hoogte<\/strong><\/td>\n<td style=\"width: 33.3333%;text-align: center\"><strong>5 cm.<\/strong><\/td>\n<\/tr>\n<tr>\n<td style=\"width: 33.3333%;text-align: center\"><strong><img decoding=\"async\" src=\"https:\/\/bazarsalg.dk\/wp-content\/uploads\/stang.png\" \/><\/strong><\/td>\n<td style=\"width: 33.3333%;text-align: center\"><strong>Lens lengte<\/strong><\/td>\n<td style=\"width: 33.3333%;text-align: center\"><strong>14 cm.<\/strong><\/td>\n<\/tr>\n<tr>\n<td style=\"width: 33.3333%;text-align: center\"><strong><img decoding=\"async\" src=\"https:\/\/bazarsalg.dk\/wp-content\/uploads\/glas-bredde.png\" \/><\/strong><\/td>\n<td style=\"width: 33.3333%;text-align: center\"><strong>Glas Breedte<\/strong><\/td>\n<td style=\"width: 33.3333%;text-align: center\"><strong>5 cm.<\/strong><\/td>\n<\/tr>\n<tr>\n<td style=\"width: 33.3333%;text-align: center\"><strong><img decoding=\"async\" src=\"https:\/\/bazarsalg.dk\/wp-content\/uploads\/bredde-naese.png\" \/><\/strong><\/td>\n<td style=\"width: 33.3333%;text-align: center\"><strong>Ruimte tussen glas<\/strong><\/td>\n<td style=\"width: 33.3333%;text-align: center\"><strong>1,9 cm.<\/strong><\/td>\n<\/tr>\n<\/tbody>\n<\/table>\n<p>&nbsp;<\/p>\n<p><strong>\u00a0<\/strong><\/p>\n<table style=\"width: 100%;border-collapse: collapse;border-style: hidden;margin-left: auto;margin-right: auto\" border=\"1\" cellspacing=\"50\" cellpadding=\"20\">\n<caption>\u00a0<\/caption>\n<caption>\u00a0<\/caption>\n<tbody>\n<tr>\n<td style=\"width: 25%;text-align: center\"><img decoding=\"async\" class=\"aligncenter\" src=\"https:\/\/bazarsalg.dk\/wp-content\/uploads\/UV.png\" \/><\/td>\n<td style=\"width: 25%;text-align: center\"><img decoding=\"async\" src=\"https:\/\/bazarsalg.dk\/wp-content\/uploads\/ce.png\" \/><\/td>\n<td style=\"width: 25%;text-align: center\"><img decoding=\"async\" src=\"https:\/\/bazarsalg.dk\/wp-content\/uploads\/box.png\" \/><\/td>\n<\/tr>\n<tr>\n<td style=\"width: 25%;text-align: center\"><strong>De zonnebril heeft UV400 bescherming<\/strong><\/p>\n<p>Blokkeert 99 tot 100 procent van alle UVA- en UVB-stralen en beschermt je ogen tegen zonnestralen.<\/td>\n<td style=\"width: 25%;text-align: center\"><strong>CE-goedgekeurd <\/strong><\/p>\n<p>De zonnebrillen voldoen aan alle wettelijke eisen in de EU, hierdoor weet je zeker dat je zonnebril getest en goedgekeurd is.<\/td>\n<td style=\"width: 25%;text-align: center\"><strong>Verzonden in een kartonnen doos zodat ze niet breken <\/strong><\/p>\n<p>We verpakken zonnebrillen altijd stevig zodat ze in goede staat aankomen.<\/td>\n<\/tr>\n<\/tbody>\n<\/table>","protected":false},"excerpt":{"rendered":"<p><b>Aangename roze platte bril<br \/>\nGlanzend transparant frame<br \/>\nGoedenavond bril<br \/>\nPerfect voor dagelijks gebruik, festivals, in de tuin en alle gelegenheden<br \/>\nVoor mannen en vrouwen<\/b><\/p>\n<p><em>CE-goedgekeurd<\/em><br \/>\n<em>UV400-bescherming<\/em><\/p>","protected":false},"featured_media":12688,"comment_status":"open","ping_status":"closed","template":"","meta":{"om_disable_all_campaigns":false,"_monsterinsights_skip_tracking":false,"_monsterinsights_sitenote_active":false,"_monsterinsights_sitenote_note":"","_monsterinsights_sitenote_category":0},"product_brand":[],"product_cat":[1026,1029,1025,1033,1042,1040,1038,1039],"product_tag":[774,870,768],"class_list":{"0":"post-12689","1":"product","2":"type-product","3":"status-publish","4":"has-post-thumbnail","6":"product_cat-dame-solbriller","7":"product_cat-herre-solbriller","8":"product_cat-billige-solbriller","9":"product_cat-briller","10":"product_cat-briller-uden-styrke","11":"product_cat-clubmaster","12":"product_cat-runde-dame-solbriller","13":"product_cat-runde-herre-solbriller","14":"product_tag-ar8096f","15":"product_tag-p693","16":"product_tag-polo","18":"first","19":"outofstock","20":"shipping-taxable","21":"purchasable","22":"product-type-simple"},"yoast_head":"<!-- This site is optimized with the Yoast SEO plugin v27.5 - https:\/\/yoast.com\/product\/yoast-seo-wordpress\/ -->\n<title>Runde Clubmaster style solbriller - Transparent stel og lyser\u00f8de fade glas | N\u00eemes | K\u00f8b online her | LOCS<\/title>\n<meta name=\"description\" content=\"K\u00f8b Runde Clubmaster style solbriller - Transparent stel og lyser\u00f8de fade glas | N\u00eemes her | EU&#039;s st\u00f8rste udvalg af LOCS solbriller | Vi sender fra EU - Ingen ekstra import udgifter\" \/>\n<meta name=\"robots\" content=\"index, follow, max-snippet:-1, max-image-preview:large, max-video-preview:-1\" \/>\n<link rel=\"canonical\" href=\"https:\/\/locsshop.eu\/nl\/shop\/runde-clubmaster-style-solbriller-transparent-stel-og-lyseroede-fade-glas-nimes\/\" \/>\n<meta property=\"og:locale\" content=\"nl_NL\" \/>\n<meta property=\"og:type\" content=\"article\" \/>\n<meta property=\"og:title\" content=\"Runde Clubmaster style solbriller - Transparent stel og lyser\u00f8de fade glas | N\u00eemes | K\u00f8b online her | LOCS\" \/>\n<meta property=\"og:description\" content=\"K\u00f8b Runde Clubmaster style solbriller - Transparent stel og lyser\u00f8de fade glas | N\u00eemes her | EU&#039;s st\u00f8rste udvalg af LOCS solbriller | Vi sender fra EU - Ingen ekstra import udgifter\" \/>\n<meta property=\"og:url\" content=\"https:\/\/locsshop.eu\/nl\/shop\/runde-clubmaster-style-solbriller-transparent-stel-og-lyseroede-fade-glas-nimes\/\" \/>\n<meta property=\"og:site_name\" content=\"Locs Sunglasses - LOCS Supplier in EU\" \/>\n<meta property=\"article:modified_time\" content=\"2025-07-17T17:04:50+00:00\" \/>\n<meta property=\"og:image\" content=\"https:\/\/locsshop.eu\/wp-content\/uploads\/2024\/04\/K24-126-TTPK.jpg\" \/>\n\t<meta property=\"og:image:width\" content=\"800\" \/>\n\t<meta property=\"og:image:height\" content=\"800\" \/>\n\t<meta property=\"og:image:type\" content=\"image\/jpeg\" \/>\n<meta name=\"twitter:card\" content=\"summary_large_image\" \/>\n<meta name=\"twitter:label1\" content=\"Geschatte leestijd\" \/>\n\t<meta name=\"twitter:data1\" content=\"1 minuut\" \/>\n<script type=\"application\/ld+json\" class=\"yoast-schema-graph\">{\"@context\":\"https:\\\/\\\/schema.org\",\"@graph\":[{\"@type\":\"WebPage\",\"@id\":\"https:\\\/\\\/locsshop.eu\\\/shop\\\/runde-clubmaster-style-solbriller-transparent-stel-og-lyseroede-fade-glas-nimes\\\/\",\"url\":\"https:\\\/\\\/locsshop.eu\\\/shop\\\/runde-clubmaster-style-solbriller-transparent-stel-og-lyseroede-fade-glas-nimes\\\/\",\"name\":\"Runde Clubmaster style solbriller - Transparent stel og lyser\u00f8de fade glas | N\u00eemes | K\u00f8b online her | LOCS\",\"isPartOf\":{\"@id\":\"https:\\\/\\\/locsshop.eu\\\/#website\"},\"primaryImageOfPage\":{\"@id\":\"https:\\\/\\\/locsshop.eu\\\/shop\\\/runde-clubmaster-style-solbriller-transparent-stel-og-lyseroede-fade-glas-nimes\\\/#primaryimage\"},\"image\":{\"@id\":\"https:\\\/\\\/locsshop.eu\\\/shop\\\/runde-clubmaster-style-solbriller-transparent-stel-og-lyseroede-fade-glas-nimes\\\/#primaryimage\"},\"thumbnailUrl\":\"https:\\\/\\\/locsshop.eu\\\/wp-content\\\/uploads\\\/2024\\\/04\\\/K24-126-TTPK.jpg\",\"datePublished\":\"2024-04-24T09:27:31+00:00\",\"dateModified\":\"2025-07-17T17:04:50+00:00\",\"description\":\"K\u00f8b Runde Clubmaster style solbriller - Transparent stel og lyser\u00f8de fade glas | N\u00eemes her | EU's st\u00f8rste udvalg af LOCS solbriller | Vi sender fra EU - Ingen ekstra import udgifter\",\"breadcrumb\":{\"@id\":\"https:\\\/\\\/locsshop.eu\\\/shop\\\/runde-clubmaster-style-solbriller-transparent-stel-og-lyseroede-fade-glas-nimes\\\/#breadcrumb\"},\"inLanguage\":\"nl-NL\",\"potentialAction\":[{\"@type\":\"ReadAction\",\"target\":[\"https:\\\/\\\/locsshop.eu\\\/shop\\\/runde-clubmaster-style-solbriller-transparent-stel-og-lyseroede-fade-glas-nimes\\\/\"]}]},{\"@type\":\"ImageObject\",\"inLanguage\":\"nl-NL\",\"@id\":\"https:\\\/\\\/locsshop.eu\\\/shop\\\/runde-clubmaster-style-solbriller-transparent-stel-og-lyseroede-fade-glas-nimes\\\/#primaryimage\",\"url\":\"https:\\\/\\\/locsshop.eu\\\/wp-content\\\/uploads\\\/2024\\\/04\\\/K24-126-TTPK.jpg\",\"contentUrl\":\"https:\\\/\\\/locsshop.eu\\\/wp-content\\\/uploads\\\/2024\\\/04\\\/K24-126-TTPK.jpg\",\"width\":800,\"height\":800},{\"@type\":\"BreadcrumbList\",\"@id\":\"https:\\\/\\\/locsshop.eu\\\/shop\\\/runde-clubmaster-style-solbriller-transparent-stel-og-lyseroede-fade-glas-nimes\\\/#breadcrumb\",\"itemListElement\":[{\"@type\":\"ListItem\",\"position\":1,\"name\":\"Hjem\",\"item\":\"https:\\\/\\\/locsshop.eu\\\/\"},{\"@type\":\"ListItem\",\"position\":2,\"name\":\"Shop\",\"item\":\"https:\\\/\\\/locsshop.eu\\\/shop\\\/\"},{\"@type\":\"ListItem\",\"position\":3,\"name\":\"Runde Clubmaster style solbriller &#8211; Transparent stel og lyser\u00f8de fade glas | N\u00eemes\"}]},{\"@type\":\"WebSite\",\"@id\":\"https:\\\/\\\/locsshop.eu\\\/#website\",\"url\":\"https:\\\/\\\/locsshop.eu\\\/\",\"name\":\"Locs Sunglasses - LOCS Supplier in EU\",\"description\":\"We sell cheap LOCS Sunglasses\",\"publisher\":{\"@id\":\"https:\\\/\\\/locsshop.eu\\\/#organization\"},\"potentialAction\":[{\"@type\":\"SearchAction\",\"target\":{\"@type\":\"EntryPoint\",\"urlTemplate\":\"https:\\\/\\\/locsshop.eu\\\/?s={search_term_string}\"},\"query-input\":{\"@type\":\"PropertyValueSpecification\",\"valueRequired\":true,\"valueName\":\"search_term_string\"}}],\"inLanguage\":\"nl-NL\"},{\"@type\":\"Organization\",\"@id\":\"https:\\\/\\\/locsshop.eu\\\/#organization\",\"name\":\"Locsshop.eu\",\"url\":\"https:\\\/\\\/locsshop.eu\\\/\",\"logo\":{\"@type\":\"ImageObject\",\"inLanguage\":\"nl-NL\",\"@id\":\"https:\\\/\\\/locsshop.eu\\\/#\\\/schema\\\/logo\\\/image\\\/\",\"url\":\"https:\\\/\\\/locsshop.eu\\\/wp-content\\\/uploads\\\/2022\\\/02\\\/Locsshop-logo.png\",\"contentUrl\":\"https:\\\/\\\/locsshop.eu\\\/wp-content\\\/uploads\\\/2022\\\/02\\\/Locsshop-logo.png\",\"width\":930,\"height\":200,\"caption\":\"Locsshop.eu\"},\"image\":{\"@id\":\"https:\\\/\\\/locsshop.eu\\\/#\\\/schema\\\/logo\\\/image\\\/\"}}]}<\/script>\n<!-- \/ Yoast SEO plugin. -->","yoast_head_json":{"title":"Ronde zonnebril in Clubmaster-stijl - Transparant montuur en lichtroze lenzen | N\u00eemes | Koop hier online | LOCS","description":"Ronde zonnebril in Clubmaster-stijl kopen - Transparant montuur en lichtroze lenzen | N\u00eemes hier | De grootste selectie LOCS-zonnebrillen in de EU | Wij verzenden vanuit de EU - Geen extra importkosten","robots":{"index":"index","follow":"follow","max-snippet":"max-snippet:-1","max-image-preview":"max-image-preview:large","max-video-preview":"max-video-preview:-1"},"canonical":"https:\/\/locsshop.eu\/nl\/shop\/runde-clubmaster-style-solbriller-transparent-stel-og-lyseroede-fade-glas-nimes\/","og_locale":"nl_NL","og_type":"article","og_title":"Runde Clubmaster style solbriller - Transparent stel og lyser\u00f8de fade glas | N\u00eemes | K\u00f8b online her | LOCS","og_description":"K\u00f8b Runde Clubmaster style solbriller - Transparent stel og lyser\u00f8de fade glas | N\u00eemes her | EU's st\u00f8rste udvalg af LOCS solbriller | Vi sender fra EU - Ingen ekstra import udgifter","og_url":"https:\/\/locsshop.eu\/nl\/shop\/runde-clubmaster-style-solbriller-transparent-stel-og-lyseroede-fade-glas-nimes\/","og_site_name":"Locs Sunglasses - LOCS Supplier in EU","article_modified_time":"2025-07-17T17:04:50+00:00","og_image":[{"width":800,"height":800,"url":"https:\/\/locsshop.eu\/wp-content\/uploads\/2024\/04\/K24-126-TTPK.jpg","type":"image\/jpeg"}],"twitter_card":"summary_large_image","twitter_misc":{"Geschatte leestijd":"1 minuut"},"schema":{"@context":"https:\/\/schema.org","@graph":[{"@type":"WebPage","@id":"https:\/\/locsshop.eu\/shop\/runde-clubmaster-style-solbriller-transparent-stel-og-lyseroede-fade-glas-nimes\/","url":"https:\/\/locsshop.eu\/shop\/runde-clubmaster-style-solbriller-transparent-stel-og-lyseroede-fade-glas-nimes\/","name":"Ronde zonnebril in Clubmaster-stijl - Transparant montuur en lichtroze lenzen | N\u00eemes | Koop hier online | LOCS","isPartOf":{"@id":"https:\/\/locsshop.eu\/#website"},"primaryImageOfPage":{"@id":"https:\/\/locsshop.eu\/shop\/runde-clubmaster-style-solbriller-transparent-stel-og-lyseroede-fade-glas-nimes\/#primaryimage"},"image":{"@id":"https:\/\/locsshop.eu\/shop\/runde-clubmaster-style-solbriller-transparent-stel-og-lyseroede-fade-glas-nimes\/#primaryimage"},"thumbnailUrl":"https:\/\/locsshop.eu\/wp-content\/uploads\/2024\/04\/K24-126-TTPK.jpg","datePublished":"2024-04-24T09:27:31+00:00","dateModified":"2025-07-17T17:04:50+00:00","description":"Ronde zonnebril in Clubmaster-stijl kopen - Transparant montuur en lichtroze lenzen | N\u00eemes hier | De grootste selectie LOCS-zonnebrillen in de EU | Wij verzenden vanuit de EU - Geen extra importkosten","breadcrumb":{"@id":"https:\/\/locsshop.eu\/shop\/runde-clubmaster-style-solbriller-transparent-stel-og-lyseroede-fade-glas-nimes\/#breadcrumb"},"inLanguage":"nl-NL","potentialAction":[{"@type":"ReadAction","target":["https:\/\/locsshop.eu\/shop\/runde-clubmaster-style-solbriller-transparent-stel-og-lyseroede-fade-glas-nimes\/"]}]},{"@type":"ImageObject","inLanguage":"nl-NL","@id":"https:\/\/locsshop.eu\/shop\/runde-clubmaster-style-solbriller-transparent-stel-og-lyseroede-fade-glas-nimes\/#primaryimage","url":"https:\/\/locsshop.eu\/wp-content\/uploads\/2024\/04\/K24-126-TTPK.jpg","contentUrl":"https:\/\/locsshop.eu\/wp-content\/uploads\/2024\/04\/K24-126-TTPK.jpg","width":800,"height":800},{"@type":"BreadcrumbList","@id":"https:\/\/locsshop.eu\/shop\/runde-clubmaster-style-solbriller-transparent-stel-og-lyseroede-fade-glas-nimes\/#breadcrumb","itemListElement":[{"@type":"ListItem","position":1,"name":"Hjem","item":"https:\/\/locsshop.eu\/"},{"@type":"ListItem","position":2,"name":"Shop","item":"https:\/\/locsshop.eu\/shop\/"},{"@type":"ListItem","position":3,"name":"Runde Clubmaster style solbriller &#8211; Transparent stel og lyser\u00f8de fade glas | N\u00eemes"}]},{"@type":"WebSite","@id":"https:\/\/locsshop.eu\/#website","url":"https:\/\/locsshop.eu\/","name":"Locs zonnebrillen - LOCS leverancier in de EU","description":"Wij verkopen goedkope LOCS zonnebrillen","publisher":{"@id":"https:\/\/locsshop.eu\/#organization"},"potentialAction":[{"@type":"SearchAction","target":{"@type":"EntryPoint","urlTemplate":"https:\/\/locsshop.eu\/?s={search_term_string}"},"query-input":{"@type":"PropertyValueSpecification","valueRequired":true,"valueName":"search_term_string"}}],"inLanguage":"nl-NL"},{"@type":"Organization","@id":"https:\/\/locsshop.eu\/#organization","name":"Locsshop.eu","url":"https:\/\/locsshop.eu\/","logo":{"@type":"ImageObject","inLanguage":"nl-NL","@id":"https:\/\/locsshop.eu\/#\/schema\/logo\/image\/","url":"https:\/\/locsshop.eu\/wp-content\/uploads\/2022\/02\/Locsshop-logo.png","contentUrl":"https:\/\/locsshop.eu\/wp-content\/uploads\/2022\/02\/Locsshop-logo.png","width":930,"height":200,"caption":"Locsshop.eu"},"image":{"@id":"https:\/\/locsshop.eu\/#\/schema\/logo\/image\/"}}]}},"_links":{"self":[{"href":"https:\/\/locsshop.eu\/nl\/wp-json\/wp\/v2\/product\/12689","targetHints":{"allow":["GET"]}}],"collection":[{"href":"https:\/\/locsshop.eu\/nl\/wp-json\/wp\/v2\/product"}],"about":[{"href":"https:\/\/locsshop.eu\/nl\/wp-json\/wp\/v2\/types\/product"}],"replies":[{"embeddable":true,"href":"https:\/\/locsshop.eu\/nl\/wp-json\/wp\/v2\/comments?post=12689"}],"wp:featuredmedia":[{"embeddable":true,"href":"https:\/\/locsshop.eu\/nl\/wp-json\/wp\/v2\/media\/12688"}],"wp:attachment":[{"href":"https:\/\/locsshop.eu\/nl\/wp-json\/wp\/v2\/media?parent=12689"}],"wp:term":[{"taxonomy":"product_brand","embeddable":true,"href":"https:\/\/locsshop.eu\/nl\/wp-json\/wp\/v2\/product_brand?post=12689"},{"taxonomy":"product_cat","embeddable":true,"href":"https:\/\/locsshop.eu\/nl\/wp-json\/wp\/v2\/product_cat?post=12689"},{"taxonomy":"product_tag","embeddable":true,"href":"https:\/\/locsshop.eu\/nl\/wp-json\/wp\/v2\/product_tag?post=12689"}],"curies":[{"name":"wp","href":"https:\/\/api.w.org\/{rel}","templated":true}]}}