{"id":13604,"date":"2025-01-15T00:58:29","date_gmt":"2025-01-14T23:58:29","guid":{"rendered":"https:\/\/locsshop.eu\/shop\/adidas-sport-terrex-skibriller-sp0039-02s-00-bordeaux-roede-glas\/"},"modified":"2025-04-13T07:18:42","modified_gmt":"2025-04-13T05:18:42","slug":"adidas-sport-terrex-skibriller-sp0039-02s-00-bordeaux-roede-glas","status":"publish","type":"product","link":"https:\/\/locsshop.eu\/nl\/shop\/adidas-sport-terrex-skibriller-sp0039-02s-00-bordeaux-roede-glas\/","title":{"rendered":"Adidas Sport Terrex skibril \u2013 SP0039 02S 00 | Bordeauxrode bril"},"content":{"rendered":"<h2><strong>Adidas Sport Terrex skibril \u2013 SP0039 02S 00 \u2013 Bordeaux rode lenzen<br \/>\nIncl. Tas van microvezel<\/strong><\/h2>\n<p>&nbsp;<\/p>\n<h1><strong>Details van de skibril<\/strong><\/h1>\n<ul>\n<li style=\"list-style-type: none\">\n<ul>\n<li>Super coole skibril van Adidas met zo&#039;n lens <strong>geeft een roze en fris licht op de piste.<\/strong><\/li>\n<li>De skibril heeft <strong>Kolor UP\u2122-lenzen<\/strong> die gedetailleerde kleurperceptie en verhoogde visuele precisie biedt door UV-stralen en blauw licht af te schermen en te filteren via E-Sun\u2122 Solution Kolor Up-lichtregeling.<\/li>\n<li><strong>Inclusief microvezel etui<\/strong> Zo kun je de skibril veilig opbergen. De draagtas kan ook worden gebruikt om de lens voorzichtig schoon te maken.<\/li>\n<li>Het 15-gaats ventilatiesysteem zorgt voor een optimaal ademend vermogen.<\/li>\n<li>Unisex-model, geschikt voor zowel mannen als vrouwen<\/li>\n<li><strong>AntiFog-lens<\/strong> - Vermindert de vorming van condens in de bril tijdens het dragen.<\/li>\n<li><strong>Categorie 2-lens \u2013 <\/strong>Wil je een lens die geschikt is voor alle weersomstandigheden, dan zijn dit soort allround lenzen de oplossing.<strong> Categorie 2 lenzen filteren tussen 57 en 80% van het invallende licht.<\/strong><\/li>\n<li>Wij garanderen dat onze skibril dat is <strong>100% origineel<\/strong>, gekocht bij onze vertrouwde leverancier in de EU.<\/li>\n<\/ul>\n<\/li>\n<\/ul>\n<h3>___________________________________________________________________________________________________________________________________________<\/h3>\n<p>&nbsp;<\/p>\n<h3>Waarom u een skibril moet gebruiken - en waarom wij de beste plek zijn om te winkelen<\/h3>\n<p>Wanneer u de piste op gaat, is het belangrijk om uw ogen te beschermen tegen wind, sneeuw en de scherpe UV-stralen die door de sneeuw worden gereflecteerd. Een skibril is niet alleen een stijlvol accessoire, maar een noodzaak voor elke ski\u00ebr en snowboarder. Maar waarom is een skibril zo belangrijk en waarom zou u bij uw volgende aankoop voor ons kiezen?<\/p>\n<h3><\/h3>\n<p>&nbsp;<\/p>\n<h3>Het belang van een skibril<\/h3>\n<ol>\n<li><strong>Beschermt tegen schadelijke UV-stralen:<\/strong> Sneeuw reflecteert tot 80% van de UV-stralen van de zon, wat tot sneeuwblindheid kan leiden. Een skibril met UV-bescherming voorkomt dit en beschermt uw ogen effectief.<\/li>\n<li><strong>Verbetert de zichtbaarheid:<\/strong> Met de juiste skibril krijg je beter contrast en helderheid, zelfs bij uitdagende weersomstandigheden zoals mist of hevige sneeuw. Dit verbetert uw veiligheid op de piste.<\/li>\n<li><strong>Schermen tegen wind en sneeuw:<\/strong> Zonder skibril kunnen koude lucht en sneeuw uw ogen irriteren en het zicht bemoeilijken. Een skibril houdt je ogen warm en droog.<\/li>\n<li><strong>Vermindert reflectie van de sneeuw: <\/strong>Als de zon schijnt, snijdt deze in de ogen. Als er sneeuw ligt, wordt het nog problematischer omdat de zon de schittering intensiveert en hier is het belang van een skibril erg groot, omdat deze ervoor zorgt dat uw ogen een aangenaam zicht hebben en dat deze niet in uw ogen snijdt.<\/li>\n<\/ol>\n<p>&nbsp;<\/p>\n<h3>Waarom voor ons kiezen?<\/h3>\n<p>Met <strong>ons<\/strong> je vindt een ruime keuze aan skibrillen van hoge kwaliteit tegen prijzen die het budget niet breken. Wij bieden skibrillen met de nieuwste technologie, inclusief anticondenscoating en verstelbare bandjes voor optimaal comfort.<\/p>\n<ul>\n<li><strong>Kwaliteit tegen betaalbare prijzen:<\/strong> Wij selecteren ons assortiment zorgvuldig, zodat u de beste kwaliteit tegen de laagste prijs krijgt.<\/li>\n<li><strong>Snelle levering:<\/strong> Wanneer u bij ons bestelt, kunt u rekenen op een snelle levering, zodat u binnen no-time klaar bent voor de piste.<\/li>\n<li><strong>Geweldige klantenservice:<\/strong> Ons toegewijde team staat altijd klaar om u te helpen bij het vinden van de perfecte skibril.<\/li>\n<\/ul>\n<p>Of je nu een ervaren ski\u00ebr bent of nieuw op de piste, dat heb je <strong>Wij<\/strong> de perfecte skibril voor jou. Bescherm je ogen en geniet van het winteravontuur met je nieuwe skibril.<\/p>","protected":false},"excerpt":{"rendered":"<ul>\n<li>Met brede verstelbare elastische band<\/li>\n<li>Voor ski\u00ebn en snowboarden<\/li>\n<li>Donkerrode bril<\/li>\n<li>Incl. Zakje van microvezel<\/li>\n<\/ul>","protected":false},"featured_media":13598,"comment_status":"open","ping_status":"closed","template":"","meta":{"om_disable_all_campaigns":false,"_monsterinsights_skip_tracking":false,"_monsterinsights_sitenote_active":false,"_monsterinsights_sitenote_note":"","_monsterinsights_sitenote_category":0},"product_brand":[],"product_cat":[1560],"product_tag":[1572,1559,1573],"class_list":{"0":"post-13604","1":"product","2":"type-product","3":"status-publish","4":"has-post-thumbnail","6":"product_cat-skibriller","7":"product_tag-adidas","8":"product_tag-skibriller","9":"product_tag-terrex","11":"first","12":"instock","13":"sale","14":"purchasable","15":"product-type-simple"},"yoast_head":"<!-- This site is optimized with the Yoast SEO plugin v27.5 - https:\/\/yoast.com\/product\/yoast-seo-wordpress\/ -->\n<title>Adidas Sport Terrex skibriller - SP0039 02S 00 | Bordeaux r\u00f8de glas | K\u00f8b online her | LOCS<\/title>\n<meta name=\"description\" content=\"K\u00f8b Adidas Sport Terrex skibriller - SP0039 02S 00 | Bordeaux r\u00f8de glas her | EU&#039;s st\u00f8rste udvalg af LOCS solbriller | Vi sender fra EU - Ingen ekstra import udgifter\" \/>\n<meta name=\"robots\" content=\"index, follow, max-snippet:-1, max-image-preview:large, max-video-preview:-1\" \/>\n<link rel=\"canonical\" href=\"https:\/\/locsshop.eu\/nl\/shop\/adidas-sport-terrex-skibriller-sp0039-02s-00-bordeaux-roede-glas\/\" \/>\n<meta property=\"og:locale\" content=\"nl_NL\" \/>\n<meta property=\"og:type\" content=\"article\" \/>\n<meta property=\"og:title\" content=\"Adidas Sport Terrex skibriller - SP0039 02S 00 | Bordeaux r\u00f8de glas | K\u00f8b online her | LOCS\" \/>\n<meta property=\"og:description\" content=\"K\u00f8b Adidas Sport Terrex skibriller - SP0039 02S 00 | Bordeaux r\u00f8de glas her | EU&#039;s st\u00f8rste udvalg af LOCS solbriller | Vi sender fra EU - Ingen ekstra import udgifter\" \/>\n<meta property=\"og:url\" content=\"https:\/\/locsshop.eu\/nl\/shop\/adidas-sport-terrex-skibriller-sp0039-02s-00-bordeaux-roede-glas\/\" \/>\n<meta property=\"og:site_name\" content=\"Locs Sunglasses - LOCS Supplier in EU\" \/>\n<meta property=\"article:modified_time\" content=\"2025-04-13T05:18:42+00:00\" \/>\n<meta property=\"og:image\" content=\"https:\/\/locsshop.eu\/wp-content\/uploads\/2025\/01\/adidas-terrex-skibriller-moerke-glas.jpg\" \/>\n\t<meta property=\"og:image:width\" content=\"800\" \/>\n\t<meta property=\"og:image:height\" content=\"800\" \/>\n\t<meta property=\"og:image:type\" content=\"image\/jpeg\" \/>\n<meta name=\"twitter:card\" content=\"summary_large_image\" \/>\n<meta name=\"twitter:label1\" content=\"Geschatte leestijd\" \/>\n\t<meta name=\"twitter:data1\" content=\"3 minuten\" \/>\n<script type=\"application\/ld+json\" class=\"yoast-schema-graph\">{\"@context\":\"https:\\\/\\\/schema.org\",\"@graph\":[{\"@type\":\"WebPage\",\"@id\":\"https:\\\/\\\/locsshop.eu\\\/shop\\\/adidas-sport-terrex-skibriller-sp0039-02s-00-bordeaux-roede-glas\\\/\",\"url\":\"https:\\\/\\\/locsshop.eu\\\/shop\\\/adidas-sport-terrex-skibriller-sp0039-02s-00-bordeaux-roede-glas\\\/\",\"name\":\"Adidas Sport Terrex skibriller - SP0039 02S 00 | Bordeaux r\u00f8de glas | K\u00f8b online her | LOCS\",\"isPartOf\":{\"@id\":\"https:\\\/\\\/locsshop.eu\\\/#website\"},\"primaryImageOfPage\":{\"@id\":\"https:\\\/\\\/locsshop.eu\\\/shop\\\/adidas-sport-terrex-skibriller-sp0039-02s-00-bordeaux-roede-glas\\\/#primaryimage\"},\"image\":{\"@id\":\"https:\\\/\\\/locsshop.eu\\\/shop\\\/adidas-sport-terrex-skibriller-sp0039-02s-00-bordeaux-roede-glas\\\/#primaryimage\"},\"thumbnailUrl\":\"https:\\\/\\\/locsshop.eu\\\/wp-content\\\/uploads\\\/2025\\\/01\\\/adidas-terrex-skibriller-moerke-glas.jpg\",\"datePublished\":\"2025-01-14T23:58:29+00:00\",\"dateModified\":\"2025-04-13T05:18:42+00:00\",\"description\":\"K\u00f8b Adidas Sport Terrex skibriller - SP0039 02S 00 | Bordeaux r\u00f8de glas her | EU's st\u00f8rste udvalg af LOCS solbriller | Vi sender fra EU - Ingen ekstra import udgifter\",\"breadcrumb\":{\"@id\":\"https:\\\/\\\/locsshop.eu\\\/shop\\\/adidas-sport-terrex-skibriller-sp0039-02s-00-bordeaux-roede-glas\\\/#breadcrumb\"},\"inLanguage\":\"nl-NL\",\"potentialAction\":[{\"@type\":\"ReadAction\",\"target\":[\"https:\\\/\\\/locsshop.eu\\\/shop\\\/adidas-sport-terrex-skibriller-sp0039-02s-00-bordeaux-roede-glas\\\/\"]}]},{\"@type\":\"ImageObject\",\"inLanguage\":\"nl-NL\",\"@id\":\"https:\\\/\\\/locsshop.eu\\\/shop\\\/adidas-sport-terrex-skibriller-sp0039-02s-00-bordeaux-roede-glas\\\/#primaryimage\",\"url\":\"https:\\\/\\\/locsshop.eu\\\/wp-content\\\/uploads\\\/2025\\\/01\\\/adidas-terrex-skibriller-moerke-glas.jpg\",\"contentUrl\":\"https:\\\/\\\/locsshop.eu\\\/wp-content\\\/uploads\\\/2025\\\/01\\\/adidas-terrex-skibriller-moerke-glas.jpg\",\"width\":800,\"height\":800},{\"@type\":\"BreadcrumbList\",\"@id\":\"https:\\\/\\\/locsshop.eu\\\/shop\\\/adidas-sport-terrex-skibriller-sp0039-02s-00-bordeaux-roede-glas\\\/#breadcrumb\",\"itemListElement\":[{\"@type\":\"ListItem\",\"position\":1,\"name\":\"Hjem\",\"item\":\"https:\\\/\\\/locsshop.eu\\\/\"},{\"@type\":\"ListItem\",\"position\":2,\"name\":\"Shop\",\"item\":\"https:\\\/\\\/locsshop.eu\\\/shop\\\/\"},{\"@type\":\"ListItem\",\"position\":3,\"name\":\"Adidas Sport Terrex skibriller &#8211; SP0039 02S 00 | Bordeaux r\u00f8de glas\"}]},{\"@type\":\"WebSite\",\"@id\":\"https:\\\/\\\/locsshop.eu\\\/#website\",\"url\":\"https:\\\/\\\/locsshop.eu\\\/\",\"name\":\"Locs Sunglasses - LOCS Supplier in EU\",\"description\":\"We sell cheap LOCS Sunglasses\",\"publisher\":{\"@id\":\"https:\\\/\\\/locsshop.eu\\\/#organization\"},\"potentialAction\":[{\"@type\":\"SearchAction\",\"target\":{\"@type\":\"EntryPoint\",\"urlTemplate\":\"https:\\\/\\\/locsshop.eu\\\/?s={search_term_string}\"},\"query-input\":{\"@type\":\"PropertyValueSpecification\",\"valueRequired\":true,\"valueName\":\"search_term_string\"}}],\"inLanguage\":\"nl-NL\"},{\"@type\":\"Organization\",\"@id\":\"https:\\\/\\\/locsshop.eu\\\/#organization\",\"name\":\"Locsshop.eu\",\"url\":\"https:\\\/\\\/locsshop.eu\\\/\",\"logo\":{\"@type\":\"ImageObject\",\"inLanguage\":\"nl-NL\",\"@id\":\"https:\\\/\\\/locsshop.eu\\\/#\\\/schema\\\/logo\\\/image\\\/\",\"url\":\"https:\\\/\\\/locsshop.eu\\\/wp-content\\\/uploads\\\/2022\\\/02\\\/Locsshop-logo.png\",\"contentUrl\":\"https:\\\/\\\/locsshop.eu\\\/wp-content\\\/uploads\\\/2022\\\/02\\\/Locsshop-logo.png\",\"width\":930,\"height\":200,\"caption\":\"Locsshop.eu\"},\"image\":{\"@id\":\"https:\\\/\\\/locsshop.eu\\\/#\\\/schema\\\/logo\\\/image\\\/\"}}]}<\/script>\n<!-- \/ Yoast SEO plugin. -->","yoast_head_json":{"title":"Adidas Sport Terrex skibril - SP0039 02S 00 | Bordeauxrode bril | Koop hier online | LOCS","description":"Koop Adidas Sport Terrex skibril - SP0039 02S 00 | Bordeauxrode bril hier | De grootste selectie LOCS-zonnebrillen in de EU | Wij verzenden vanuit de EU - Geen extra importkosten","robots":{"index":"index","follow":"follow","max-snippet":"max-snippet:-1","max-image-preview":"max-image-preview:large","max-video-preview":"max-video-preview:-1"},"canonical":"https:\/\/locsshop.eu\/nl\/shop\/adidas-sport-terrex-skibriller-sp0039-02s-00-bordeaux-roede-glas\/","og_locale":"nl_NL","og_type":"article","og_title":"Adidas Sport Terrex skibriller - SP0039 02S 00 | Bordeaux r\u00f8de glas | K\u00f8b online her | LOCS","og_description":"K\u00f8b Adidas Sport Terrex skibriller - SP0039 02S 00 | Bordeaux r\u00f8de glas her | EU's st\u00f8rste udvalg af LOCS solbriller | Vi sender fra EU - Ingen ekstra import udgifter","og_url":"https:\/\/locsshop.eu\/nl\/shop\/adidas-sport-terrex-skibriller-sp0039-02s-00-bordeaux-roede-glas\/","og_site_name":"Locs Sunglasses - LOCS Supplier in EU","article_modified_time":"2025-04-13T05:18:42+00:00","og_image":[{"width":800,"height":800,"url":"https:\/\/locsshop.eu\/wp-content\/uploads\/2025\/01\/adidas-terrex-skibriller-moerke-glas.jpg","type":"image\/jpeg"}],"twitter_card":"summary_large_image","twitter_misc":{"Geschatte leestijd":"3 minuten"},"schema":{"@context":"https:\/\/schema.org","@graph":[{"@type":"WebPage","@id":"https:\/\/locsshop.eu\/shop\/adidas-sport-terrex-skibriller-sp0039-02s-00-bordeaux-roede-glas\/","url":"https:\/\/locsshop.eu\/shop\/adidas-sport-terrex-skibriller-sp0039-02s-00-bordeaux-roede-glas\/","name":"Adidas Sport Terrex skibril - SP0039 02S 00 | Bordeauxrode bril | Koop hier online | LOCS","isPartOf":{"@id":"https:\/\/locsshop.eu\/#website"},"primaryImageOfPage":{"@id":"https:\/\/locsshop.eu\/shop\/adidas-sport-terrex-skibriller-sp0039-02s-00-bordeaux-roede-glas\/#primaryimage"},"image":{"@id":"https:\/\/locsshop.eu\/shop\/adidas-sport-terrex-skibriller-sp0039-02s-00-bordeaux-roede-glas\/#primaryimage"},"thumbnailUrl":"https:\/\/locsshop.eu\/wp-content\/uploads\/2025\/01\/adidas-terrex-skibriller-moerke-glas.jpg","datePublished":"2025-01-14T23:58:29+00:00","dateModified":"2025-04-13T05:18:42+00:00","description":"Koop Adidas Sport Terrex skibril - SP0039 02S 00 | Bordeauxrode bril hier | De grootste selectie LOCS-zonnebrillen in de EU | Wij verzenden vanuit de EU - Geen extra importkosten","breadcrumb":{"@id":"https:\/\/locsshop.eu\/shop\/adidas-sport-terrex-skibriller-sp0039-02s-00-bordeaux-roede-glas\/#breadcrumb"},"inLanguage":"nl-NL","potentialAction":[{"@type":"ReadAction","target":["https:\/\/locsshop.eu\/shop\/adidas-sport-terrex-skibriller-sp0039-02s-00-bordeaux-roede-glas\/"]}]},{"@type":"ImageObject","inLanguage":"nl-NL","@id":"https:\/\/locsshop.eu\/shop\/adidas-sport-terrex-skibriller-sp0039-02s-00-bordeaux-roede-glas\/#primaryimage","url":"https:\/\/locsshop.eu\/wp-content\/uploads\/2025\/01\/adidas-terrex-skibriller-moerke-glas.jpg","contentUrl":"https:\/\/locsshop.eu\/wp-content\/uploads\/2025\/01\/adidas-terrex-skibriller-moerke-glas.jpg","width":800,"height":800},{"@type":"BreadcrumbList","@id":"https:\/\/locsshop.eu\/shop\/adidas-sport-terrex-skibriller-sp0039-02s-00-bordeaux-roede-glas\/#breadcrumb","itemListElement":[{"@type":"ListItem","position":1,"name":"Hjem","item":"https:\/\/locsshop.eu\/"},{"@type":"ListItem","position":2,"name":"Shop","item":"https:\/\/locsshop.eu\/shop\/"},{"@type":"ListItem","position":3,"name":"Adidas Sport Terrex skibriller &#8211; SP0039 02S 00 | Bordeaux r\u00f8de glas"}]},{"@type":"WebSite","@id":"https:\/\/locsshop.eu\/#website","url":"https:\/\/locsshop.eu\/","name":"Locs zonnebrillen - LOCS leverancier in de EU","description":"Wij verkopen goedkope LOCS zonnebrillen","publisher":{"@id":"https:\/\/locsshop.eu\/#organization"},"potentialAction":[{"@type":"SearchAction","target":{"@type":"EntryPoint","urlTemplate":"https:\/\/locsshop.eu\/?s={search_term_string}"},"query-input":{"@type":"PropertyValueSpecification","valueRequired":true,"valueName":"search_term_string"}}],"inLanguage":"nl-NL"},{"@type":"Organization","@id":"https:\/\/locsshop.eu\/#organization","name":"Locsshop.eu","url":"https:\/\/locsshop.eu\/","logo":{"@type":"ImageObject","inLanguage":"nl-NL","@id":"https:\/\/locsshop.eu\/#\/schema\/logo\/image\/","url":"https:\/\/locsshop.eu\/wp-content\/uploads\/2022\/02\/Locsshop-logo.png","contentUrl":"https:\/\/locsshop.eu\/wp-content\/uploads\/2022\/02\/Locsshop-logo.png","width":930,"height":200,"caption":"Locsshop.eu"},"image":{"@id":"https:\/\/locsshop.eu\/#\/schema\/logo\/image\/"}}]}},"_links":{"self":[{"href":"https:\/\/locsshop.eu\/nl\/wp-json\/wp\/v2\/product\/13604","targetHints":{"allow":["GET"]}}],"collection":[{"href":"https:\/\/locsshop.eu\/nl\/wp-json\/wp\/v2\/product"}],"about":[{"href":"https:\/\/locsshop.eu\/nl\/wp-json\/wp\/v2\/types\/product"}],"replies":[{"embeddable":true,"href":"https:\/\/locsshop.eu\/nl\/wp-json\/wp\/v2\/comments?post=13604"}],"wp:featuredmedia":[{"embeddable":true,"href":"https:\/\/locsshop.eu\/nl\/wp-json\/wp\/v2\/media\/13598"}],"wp:attachment":[{"href":"https:\/\/locsshop.eu\/nl\/wp-json\/wp\/v2\/media?parent=13604"}],"wp:term":[{"taxonomy":"product_brand","embeddable":true,"href":"https:\/\/locsshop.eu\/nl\/wp-json\/wp\/v2\/product_brand?post=13604"},{"taxonomy":"product_cat","embeddable":true,"href":"https:\/\/locsshop.eu\/nl\/wp-json\/wp\/v2\/product_cat?post=13604"},{"taxonomy":"product_tag","embeddable":true,"href":"https:\/\/locsshop.eu\/nl\/wp-json\/wp\/v2\/product_tag?post=13604"}],"curies":[{"name":"wp","href":"https:\/\/api.w.org\/{rel}","templated":true}]}}