{"id":13618,"date":"2025-01-16T21:25:46","date_gmt":"2025-01-16T20:25:46","guid":{"rendered":"https:\/\/locsshop.eu\/shop\/spy-marauder-skibriller-3100000000131-mat-lyseblaa-inkl-2-linser\/"},"modified":"2025-04-13T07:18:01","modified_gmt":"2025-04-13T05:18:01","slug":"spy-marauder-skibriller-3100000000131-mat-lyseblaa-inkl-2-linser","status":"publish","type":"product","link":"https:\/\/locsshop.eu\/nl\/shop\/spy-marauder-skibriller-3100000000131-mat-lyseblaa-inkl-2-linser\/","title":{"rendered":"Spy+ Marauder-skibril \u2013 3100000000131 | Mat lichtblauw \u2013 Incl. 2 lenzen"},"content":{"rendered":"<h2><strong>Spy+ Marauder-skibril \u2013 3100000000131 | Mat lichtblauw \u2013 Incl. 2 lenzen<br \/>\nIncl. Tas van microvezel waarin zowel de skibril als de extra lens passen.<\/strong><\/h2>\n<p>Super slimme skibril voor wie een skibril wil die optimaal is in alle weersomstandigheden.<\/p>\n<h1><strong>Details van de skibril<\/strong><\/h1>\n<ul>\n<li style=\"list-style-type: none\">\n<ul>\n<li><strong>Super stoere skibril van Spy+ met 2 lenzen<\/strong>. De lichtblauwe (Happy Blue) spiegelreflexlens is er \u00e9\u00e9n van <strong>categorie 3-lens<\/strong> dat is er \u00e9\u00e9n<strong> zonneschijnlens die voor het beste licht zorgt als de zon schijnt op de piste. <\/strong>Categorie 3 lenzen filteren 80-90% het invallende licht.<strong><br \/>\n<\/strong>Daarnaast volgt er nog een vrijwel transparante <strong>categorie 1-lens<\/strong> met een lichtroze spiegelreflexoppervlak, want als de harde sneeuw valt en de zon verdwijnt, heb je hier een heldere lens nodig die zoveel mogelijk licht binnenlaat.<br \/>\nCategorie 1-lenzen filteren tussen 20 en 57% van het invallende licht.<\/li>\n<li>Er is een Spy+ bijgevoegd <strong>Happy Boost Bronze Happy Blue Spectra-spiegel<\/strong> lens en \u00e9\u00e9n is inbegrepen <strong>Gelukkige LL Rose-lens<\/strong> die 100% UV-stralen filtert.<\/li>\n<li><strong>Inclusief microvezel etui<\/strong> Zo kun je de skibril en de extra lens voorzichtig opbergen. De draagtas kan ook worden gebruikt om de lens voorzichtig schoon te maken.<\/li>\n<li><strong>Spion+opstaan<\/strong>\u00a0het ventilatiesysteem biedt optimaal ademend vermogen.<\/li>\n<li><strong>Uniseks<\/strong> model dat geschikt is voor zowel mannen als vrouwen<\/li>\n<li><strong>Anticondenslens<\/strong> - Vermindert de vorming van condens in de bril tijdens het dragen.<\/li>\n<li><strong>Verwisselbare lenzen <\/strong>met magneet en Spy+&#039;s Deadbolt-vergrendelingsmechanisme.<\/li>\n<li><strong>OTG<\/strong> \u2013 Over de bril skibril. (Zo gemaakt dat je er een bril onder kunt dragen.)<\/li>\n<li><strong>Dubbele lenzen<\/strong><\/li>\n<li><strong>Geleverd in een mooie doos<\/strong> met SPY+-sticker en handleidingen.<\/li>\n<li>Wij <strong>garanties<\/strong> dat is onze skibril <strong>100% origineel<\/strong>, gekocht bij onze vertrouwde leverancier in de EU.<\/li>\n<\/ul>\n<\/li>\n<\/ul>\n<h3><img loading=\"lazy\" decoding=\"async\" class=\"alignnone size-full wp-image-14880\" src=\"https:\/\/bazarsalg.dk\/wp-content\/uploads\/marauder4.jpg\" alt=\"\" width=\"943\" height=\"181\" \/><\/h3>\n<h3><img loading=\"lazy\" decoding=\"async\" class=\"alignnone size-full wp-image-14878\" src=\"https:\/\/bazarsalg.dk\/wp-content\/uploads\/marauder.jpg\" alt=\"\" width=\"1340\" height=\"389\" \/><\/h3>\n<h3><img loading=\"lazy\" decoding=\"async\" class=\"alignnone size-full wp-image-14877\" src=\"https:\/\/bazarsalg.dk\/wp-content\/uploads\/marauder2.jpg\" alt=\"\" width=\"1315\" height=\"547\" \/><\/h3>\n<p><img loading=\"lazy\" decoding=\"async\" class=\"alignnone size-full wp-image-14879\" src=\"https:\/\/bazarsalg.dk\/wp-content\/uploads\/marauder3.jpg\" alt=\"\" width=\"1430\" height=\"416\" \/><\/p>\n<h3>___________________________________________________________________________________________________________________________________________<\/h3>\n<p>&nbsp;<\/p>\n<h3>Waarom u een skibril moet gebruiken - en waarom wij de beste plek zijn om te winkelen<\/h3>\n<p>Wanneer u de piste op gaat, is het belangrijk om uw ogen te beschermen tegen wind, sneeuw en de scherpe UV-stralen die door de sneeuw worden gereflecteerd. Een skibril is niet alleen een stijlvol accessoire, maar een noodzaak voor elke ski\u00ebr en snowboarder. Maar waarom is een skibril zo belangrijk en waarom zou u bij uw volgende aankoop voor ons kiezen?<\/p>\n<h3><\/h3>\n<p>&nbsp;<\/p>\n<h3>Het belang van een skibril<\/h3>\n<ol>\n<li><strong>Beschermt tegen schadelijke UV-stralen:<\/strong> Sneeuw reflecteert tot 80% van de UV-stralen van de zon, wat tot sneeuwblindheid kan leiden. Een skibril met UV-bescherming voorkomt dit en beschermt uw ogen effectief.<\/li>\n<li><strong>Verbetert de zichtbaarheid:<\/strong> Met de juiste skibril krijg je beter contrast en helderheid, zelfs bij uitdagende weersomstandigheden zoals mist of hevige sneeuw. Dit verbetert uw veiligheid op de piste.<\/li>\n<li><strong>Schermen tegen wind en sneeuw:<\/strong> Zonder skibril kunnen koude lucht en sneeuw uw ogen irriteren en het zicht bemoeilijken. Een skibril houdt je ogen warm en droog.<\/li>\n<li><strong>Vermindert reflectie van de sneeuw: <\/strong>Als de zon schijnt, snijdt deze in de ogen. Als er sneeuw ligt, wordt het nog problematischer omdat de zon de schittering intensiveert en hier is het belang van een skibril erg groot, omdat deze ervoor zorgt dat uw ogen een aangenaam zicht hebben en dat deze niet in uw ogen snijdt.<\/li>\n<\/ol>\n<p>&nbsp;<\/p>\n<h3>Waarom voor ons kiezen?<\/h3>\n<p>Met <strong>ons<\/strong> je vindt een ruime keuze aan skibrillen van hoge kwaliteit tegen prijzen die het budget niet breken. Wij bieden skibrillen met de nieuwste technologie, inclusief anticondenscoating en verstelbare bandjes voor optimaal comfort.<\/p>\n<ul>\n<li><strong>Kwaliteit tegen betaalbare prijzen:<\/strong> Wij selecteren ons assortiment zorgvuldig, zodat u de beste kwaliteit tegen de laagste prijs krijgt.<\/li>\n<li><strong>Snelle levering:<\/strong> Wanneer u bij ons bestelt, kunt u rekenen op een snelle levering, zodat u binnen no-time klaar bent voor de piste.<\/li>\n<li><strong>Geweldige klantenservice:<\/strong> Ons toegewijde team staat altijd klaar om u te helpen bij het vinden van de perfecte skibril.<\/li>\n<\/ul>\n<p>Of je nu een ervaren ski\u00ebr bent of nieuw op de piste, dat heb je <strong>Wij<\/strong> de perfecte skibril voor jou. Bescherm je ogen en geniet van het winteravontuur met je nieuwe skibril.<\/p>","protected":false},"excerpt":{"rendered":"<ul>\n<li>Met brede verstelbare elastische band<\/li>\n<li>Voor ski\u00ebn en snowboarden<\/li>\n<li>Spiegelreflexlenzen<\/li>\n<li>Incl. Zakje van microvezel<\/li>\n<li>Inclusief 2 lenzen (Cat.1 en Cat 3)<\/li>\n<\/ul>","protected":false},"featured_media":13614,"comment_status":"open","ping_status":"closed","template":"","meta":{"om_disable_all_campaigns":false,"_monsterinsights_skip_tracking":false,"_monsterinsights_sitenote_active":false,"_monsterinsights_sitenote_note":"","_monsterinsights_sitenote_category":0},"product_brand":[],"product_cat":[1560],"product_tag":[1577,1559,1578],"class_list":{"0":"post-13618","1":"product","2":"type-product","3":"status-publish","4":"has-post-thumbnail","6":"product_cat-skibriller","7":"product_tag-marauder","8":"product_tag-skibriller","9":"product_tag-spy","11":"first","12":"instock","13":"sale","14":"purchasable","15":"product-type-simple"},"yoast_head":"<!-- This site is optimized with the Yoast SEO plugin v27.5 - https:\/\/yoast.com\/product\/yoast-seo-wordpress\/ -->\n<title>Spy+ Marauder skibriller - 3100000000131 | Mat lysebl\u00e5 - Inkl. 2 linser | K\u00f8b online her | LOCS<\/title>\n<meta name=\"description\" content=\"K\u00f8b Spy+ Marauder skibriller - 3100000000131 | Mat lysebl\u00e5 - Inkl. 2 linser her | EU&#039;s st\u00f8rste udvalg af LOCS solbriller | Vi sender fra EU - Ingen ekstra import udgifter\" \/>\n<meta name=\"robots\" content=\"index, follow, max-snippet:-1, max-image-preview:large, max-video-preview:-1\" \/>\n<link rel=\"canonical\" href=\"https:\/\/locsshop.eu\/nl\/shop\/spy-marauder-skibriller-3100000000131-mat-lyseblaa-inkl-2-linser\/\" \/>\n<meta property=\"og:locale\" content=\"nl_NL\" \/>\n<meta property=\"og:type\" content=\"article\" \/>\n<meta property=\"og:title\" content=\"Spy+ Marauder skibriller - 3100000000131 | Mat lysebl\u00e5 - Inkl. 2 linser | K\u00f8b online her | LOCS\" \/>\n<meta property=\"og:description\" content=\"K\u00f8b Spy+ Marauder skibriller - 3100000000131 | Mat lysebl\u00e5 - Inkl. 2 linser her | EU&#039;s st\u00f8rste udvalg af LOCS solbriller | Vi sender fra EU - Ingen ekstra import udgifter\" \/>\n<meta property=\"og:url\" content=\"https:\/\/locsshop.eu\/nl\/shop\/spy-marauder-skibriller-3100000000131-mat-lyseblaa-inkl-2-linser\/\" \/>\n<meta property=\"og:site_name\" content=\"Locs Sunglasses - LOCS Supplier in EU\" \/>\n<meta property=\"article:modified_time\" content=\"2025-04-13T05:18:01+00:00\" \/>\n<meta property=\"og:image\" content=\"https:\/\/locsshop.eu\/wp-content\/uploads\/2025\/01\/Spy-Happy-blue.jpg\" \/>\n\t<meta property=\"og:image:width\" content=\"800\" \/>\n\t<meta property=\"og:image:height\" content=\"800\" \/>\n\t<meta property=\"og:image:type\" content=\"image\/jpeg\" \/>\n<meta name=\"twitter:card\" content=\"summary_large_image\" \/>\n<meta name=\"twitter:label1\" content=\"Geschatte leestijd\" \/>\n\t<meta name=\"twitter:data1\" content=\"3 minuten\" \/>\n<script type=\"application\/ld+json\" class=\"yoast-schema-graph\">{\"@context\":\"https:\\\/\\\/schema.org\",\"@graph\":[{\"@type\":\"WebPage\",\"@id\":\"https:\\\/\\\/locsshop.eu\\\/shop\\\/spy-marauder-skibriller-3100000000131-mat-lyseblaa-inkl-2-linser\\\/\",\"url\":\"https:\\\/\\\/locsshop.eu\\\/shop\\\/spy-marauder-skibriller-3100000000131-mat-lyseblaa-inkl-2-linser\\\/\",\"name\":\"Spy+ Marauder skibriller - 3100000000131 | Mat lysebl\u00e5 - Inkl. 2 linser | K\u00f8b online her | LOCS\",\"isPartOf\":{\"@id\":\"https:\\\/\\\/locsshop.eu\\\/#website\"},\"primaryImageOfPage\":{\"@id\":\"https:\\\/\\\/locsshop.eu\\\/shop\\\/spy-marauder-skibriller-3100000000131-mat-lyseblaa-inkl-2-linser\\\/#primaryimage\"},\"image\":{\"@id\":\"https:\\\/\\\/locsshop.eu\\\/shop\\\/spy-marauder-skibriller-3100000000131-mat-lyseblaa-inkl-2-linser\\\/#primaryimage\"},\"thumbnailUrl\":\"https:\\\/\\\/locsshop.eu\\\/wp-content\\\/uploads\\\/2025\\\/01\\\/Spy-Happy-blue.jpg\",\"datePublished\":\"2025-01-16T20:25:46+00:00\",\"dateModified\":\"2025-04-13T05:18:01+00:00\",\"description\":\"K\u00f8b Spy+ Marauder skibriller - 3100000000131 | Mat lysebl\u00e5 - Inkl. 2 linser her | EU's st\u00f8rste udvalg af LOCS solbriller | Vi sender fra EU - Ingen ekstra import udgifter\",\"breadcrumb\":{\"@id\":\"https:\\\/\\\/locsshop.eu\\\/shop\\\/spy-marauder-skibriller-3100000000131-mat-lyseblaa-inkl-2-linser\\\/#breadcrumb\"},\"inLanguage\":\"nl-NL\",\"potentialAction\":[{\"@type\":\"ReadAction\",\"target\":[\"https:\\\/\\\/locsshop.eu\\\/shop\\\/spy-marauder-skibriller-3100000000131-mat-lyseblaa-inkl-2-linser\\\/\"]}]},{\"@type\":\"ImageObject\",\"inLanguage\":\"nl-NL\",\"@id\":\"https:\\\/\\\/locsshop.eu\\\/shop\\\/spy-marauder-skibriller-3100000000131-mat-lyseblaa-inkl-2-linser\\\/#primaryimage\",\"url\":\"https:\\\/\\\/locsshop.eu\\\/wp-content\\\/uploads\\\/2025\\\/01\\\/Spy-Happy-blue.jpg\",\"contentUrl\":\"https:\\\/\\\/locsshop.eu\\\/wp-content\\\/uploads\\\/2025\\\/01\\\/Spy-Happy-blue.jpg\",\"width\":800,\"height\":800},{\"@type\":\"BreadcrumbList\",\"@id\":\"https:\\\/\\\/locsshop.eu\\\/shop\\\/spy-marauder-skibriller-3100000000131-mat-lyseblaa-inkl-2-linser\\\/#breadcrumb\",\"itemListElement\":[{\"@type\":\"ListItem\",\"position\":1,\"name\":\"Hjem\",\"item\":\"https:\\\/\\\/locsshop.eu\\\/\"},{\"@type\":\"ListItem\",\"position\":2,\"name\":\"Shop\",\"item\":\"https:\\\/\\\/locsshop.eu\\\/shop\\\/\"},{\"@type\":\"ListItem\",\"position\":3,\"name\":\"Spy+ Marauder skibriller &#8211; 3100000000131 | Mat lysebl\u00e5 &#8211; Inkl. 2 linser\"}]},{\"@type\":\"WebSite\",\"@id\":\"https:\\\/\\\/locsshop.eu\\\/#website\",\"url\":\"https:\\\/\\\/locsshop.eu\\\/\",\"name\":\"Locs Sunglasses - LOCS Supplier in EU\",\"description\":\"We sell cheap LOCS Sunglasses\",\"publisher\":{\"@id\":\"https:\\\/\\\/locsshop.eu\\\/#organization\"},\"potentialAction\":[{\"@type\":\"SearchAction\",\"target\":{\"@type\":\"EntryPoint\",\"urlTemplate\":\"https:\\\/\\\/locsshop.eu\\\/?s={search_term_string}\"},\"query-input\":{\"@type\":\"PropertyValueSpecification\",\"valueRequired\":true,\"valueName\":\"search_term_string\"}}],\"inLanguage\":\"nl-NL\"},{\"@type\":\"Organization\",\"@id\":\"https:\\\/\\\/locsshop.eu\\\/#organization\",\"name\":\"Locsshop.eu\",\"url\":\"https:\\\/\\\/locsshop.eu\\\/\",\"logo\":{\"@type\":\"ImageObject\",\"inLanguage\":\"nl-NL\",\"@id\":\"https:\\\/\\\/locsshop.eu\\\/#\\\/schema\\\/logo\\\/image\\\/\",\"url\":\"https:\\\/\\\/locsshop.eu\\\/wp-content\\\/uploads\\\/2022\\\/02\\\/Locsshop-logo.png\",\"contentUrl\":\"https:\\\/\\\/locsshop.eu\\\/wp-content\\\/uploads\\\/2022\\\/02\\\/Locsshop-logo.png\",\"width\":930,\"height\":200,\"caption\":\"Locsshop.eu\"},\"image\":{\"@id\":\"https:\\\/\\\/locsshop.eu\\\/#\\\/schema\\\/logo\\\/image\\\/\"}}]}<\/script>\n<!-- \/ Yoast SEO plugin. -->","yoast_head_json":{"title":"Spy+ Marauder skibril - 3100000000131 | Mat lichtblauw - Incl. 2 lenzen | Koop hier online | LOCS","description":"Spy+ Marauder skibril kopen - 3100000000131 | Mat lichtblauw - Incl. 2 lenzen hier | De grootste selectie LOCS-zonnebrillen in de EU | Wij verzenden vanuit de EU - Geen extra importkosten","robots":{"index":"index","follow":"follow","max-snippet":"max-snippet:-1","max-image-preview":"max-image-preview:large","max-video-preview":"max-video-preview:-1"},"canonical":"https:\/\/locsshop.eu\/nl\/shop\/spy-marauder-skibriller-3100000000131-mat-lyseblaa-inkl-2-linser\/","og_locale":"nl_NL","og_type":"article","og_title":"Spy+ Marauder skibriller - 3100000000131 | Mat lysebl\u00e5 - Inkl. 2 linser | K\u00f8b online her | LOCS","og_description":"K\u00f8b Spy+ Marauder skibriller - 3100000000131 | Mat lysebl\u00e5 - Inkl. 2 linser her | EU's st\u00f8rste udvalg af LOCS solbriller | Vi sender fra EU - Ingen ekstra import udgifter","og_url":"https:\/\/locsshop.eu\/nl\/shop\/spy-marauder-skibriller-3100000000131-mat-lyseblaa-inkl-2-linser\/","og_site_name":"Locs Sunglasses - LOCS Supplier in EU","article_modified_time":"2025-04-13T05:18:01+00:00","og_image":[{"width":800,"height":800,"url":"https:\/\/locsshop.eu\/wp-content\/uploads\/2025\/01\/Spy-Happy-blue.jpg","type":"image\/jpeg"}],"twitter_card":"summary_large_image","twitter_misc":{"Geschatte leestijd":"3 minuten"},"schema":{"@context":"https:\/\/schema.org","@graph":[{"@type":"WebPage","@id":"https:\/\/locsshop.eu\/shop\/spy-marauder-skibriller-3100000000131-mat-lyseblaa-inkl-2-linser\/","url":"https:\/\/locsshop.eu\/shop\/spy-marauder-skibriller-3100000000131-mat-lyseblaa-inkl-2-linser\/","name":"Spy+ Marauder skibril - 3100000000131 | Mat lichtblauw - Incl. 2 lenzen | Koop hier online | LOCS","isPartOf":{"@id":"https:\/\/locsshop.eu\/#website"},"primaryImageOfPage":{"@id":"https:\/\/locsshop.eu\/shop\/spy-marauder-skibriller-3100000000131-mat-lyseblaa-inkl-2-linser\/#primaryimage"},"image":{"@id":"https:\/\/locsshop.eu\/shop\/spy-marauder-skibriller-3100000000131-mat-lyseblaa-inkl-2-linser\/#primaryimage"},"thumbnailUrl":"https:\/\/locsshop.eu\/wp-content\/uploads\/2025\/01\/Spy-Happy-blue.jpg","datePublished":"2025-01-16T20:25:46+00:00","dateModified":"2025-04-13T05:18:01+00:00","description":"Spy+ Marauder skibril kopen - 3100000000131 | Mat lichtblauw - Incl. 2 lenzen hier | De grootste selectie LOCS-zonnebrillen in de EU | Wij verzenden vanuit de EU - Geen extra importkosten","breadcrumb":{"@id":"https:\/\/locsshop.eu\/shop\/spy-marauder-skibriller-3100000000131-mat-lyseblaa-inkl-2-linser\/#breadcrumb"},"inLanguage":"nl-NL","potentialAction":[{"@type":"ReadAction","target":["https:\/\/locsshop.eu\/shop\/spy-marauder-skibriller-3100000000131-mat-lyseblaa-inkl-2-linser\/"]}]},{"@type":"ImageObject","inLanguage":"nl-NL","@id":"https:\/\/locsshop.eu\/shop\/spy-marauder-skibriller-3100000000131-mat-lyseblaa-inkl-2-linser\/#primaryimage","url":"https:\/\/locsshop.eu\/wp-content\/uploads\/2025\/01\/Spy-Happy-blue.jpg","contentUrl":"https:\/\/locsshop.eu\/wp-content\/uploads\/2025\/01\/Spy-Happy-blue.jpg","width":800,"height":800},{"@type":"BreadcrumbList","@id":"https:\/\/locsshop.eu\/shop\/spy-marauder-skibriller-3100000000131-mat-lyseblaa-inkl-2-linser\/#breadcrumb","itemListElement":[{"@type":"ListItem","position":1,"name":"Hjem","item":"https:\/\/locsshop.eu\/"},{"@type":"ListItem","position":2,"name":"Shop","item":"https:\/\/locsshop.eu\/shop\/"},{"@type":"ListItem","position":3,"name":"Spy+ Marauder skibriller &#8211; 3100000000131 | Mat lysebl\u00e5 &#8211; Inkl. 2 linser"}]},{"@type":"WebSite","@id":"https:\/\/locsshop.eu\/#website","url":"https:\/\/locsshop.eu\/","name":"Locs zonnebrillen - LOCS leverancier in de EU","description":"Wij verkopen goedkope LOCS zonnebrillen","publisher":{"@id":"https:\/\/locsshop.eu\/#organization"},"potentialAction":[{"@type":"SearchAction","target":{"@type":"EntryPoint","urlTemplate":"https:\/\/locsshop.eu\/?s={search_term_string}"},"query-input":{"@type":"PropertyValueSpecification","valueRequired":true,"valueName":"search_term_string"}}],"inLanguage":"nl-NL"},{"@type":"Organization","@id":"https:\/\/locsshop.eu\/#organization","name":"Locsshop.eu","url":"https:\/\/locsshop.eu\/","logo":{"@type":"ImageObject","inLanguage":"nl-NL","@id":"https:\/\/locsshop.eu\/#\/schema\/logo\/image\/","url":"https:\/\/locsshop.eu\/wp-content\/uploads\/2022\/02\/Locsshop-logo.png","contentUrl":"https:\/\/locsshop.eu\/wp-content\/uploads\/2022\/02\/Locsshop-logo.png","width":930,"height":200,"caption":"Locsshop.eu"},"image":{"@id":"https:\/\/locsshop.eu\/#\/schema\/logo\/image\/"}}]}},"_links":{"self":[{"href":"https:\/\/locsshop.eu\/nl\/wp-json\/wp\/v2\/product\/13618","targetHints":{"allow":["GET"]}}],"collection":[{"href":"https:\/\/locsshop.eu\/nl\/wp-json\/wp\/v2\/product"}],"about":[{"href":"https:\/\/locsshop.eu\/nl\/wp-json\/wp\/v2\/types\/product"}],"replies":[{"embeddable":true,"href":"https:\/\/locsshop.eu\/nl\/wp-json\/wp\/v2\/comments?post=13618"}],"wp:featuredmedia":[{"embeddable":true,"href":"https:\/\/locsshop.eu\/nl\/wp-json\/wp\/v2\/media\/13614"}],"wp:attachment":[{"href":"https:\/\/locsshop.eu\/nl\/wp-json\/wp\/v2\/media?parent=13618"}],"wp:term":[{"taxonomy":"product_brand","embeddable":true,"href":"https:\/\/locsshop.eu\/nl\/wp-json\/wp\/v2\/product_brand?post=13618"},{"taxonomy":"product_cat","embeddable":true,"href":"https:\/\/locsshop.eu\/nl\/wp-json\/wp\/v2\/product_cat?post=13618"},{"taxonomy":"product_tag","embeddable":true,"href":"https:\/\/locsshop.eu\/nl\/wp-json\/wp\/v2\/product_tag?post=13618"}],"curies":[{"name":"wp","href":"https:\/\/api.w.org\/{rel}","templated":true}]}}