{"id":14042,"date":"2025-06-05T01:02:41","date_gmt":"2025-06-04T23:02:41","guid":{"rendered":"https:\/\/locsshop.eu\/shop\/lilla-transparente-fit-over-solbriller-med-diamanter-moerke-glas\/"},"modified":"2026-03-06T14:25:15","modified_gmt":"2026-03-06T13:25:15","slug":"lilla-transparente-fit-over-solbriller-med-diamanter-moerke-glas","status":"publish","type":"product","link":"https:\/\/locsshop.eu\/nl\/shop\/lilla-transparente-fit-over-solbriller-med-diamanter-moerke-glas\/","title":{"rendered":"Paarse transparante overzetzonnebril met \u201cdiamanten\u201d \u2013 donkere lenzen"},"content":{"rendered":"<h2>Paarse Fit-Over zonnebril die u over uw gewone bril kunt dragen<\/h2>\n<p>Als u een bril draagt en een zonnebril wilt die u naast uw bril kunt opzetten, moet u een overzetzonnebril kopen.<br \/>\nDeze hebben comfortabele donkere glazen en groeven voor ventilatie zodat je bril niet beslaat.<br \/>\nAan de uiteinden van de stokken zit een mooie rubberen coating waardoor ze beter zitten en zachter zijn om te dragen.<br \/>\nTegelijkertijd zitten er ook gaatjes in zodat je er een touwtje aan kunt bevestigen, je kunt natuurlijk ook gewoon onze smart glasses touwtjes kopen.<\/p>\n<p><strong>De pasvorm over de bril is zo ontworpen dat u deze over uw normale bril kunt dragen.<br \/>\nGebruik de onderstaande afmetingen en kijk of ze bij uw bril passen<\/strong><\/p>\n<p>Binnenbreedte: 13,7 cm.<br \/>\nBinnenhoogte: 4,3 cm.<br \/>\nStanglengte: 15,5 cm.<\/p>\n<p>Materiaal frame: kunststof<br \/>\nUV400-bescherming<\/p>\n<h3><strong>De zonnebril is gepolariseerd<br \/>\n<img loading=\"lazy\" decoding=\"async\" class=\"alignnone size-full wp-image-11712\" src=\"https:\/\/bazarsalg.dk\/wp-content\/uploads\/polarized-logo.jpg\" alt=\"\" width=\"200\" height=\"108\" \/><br \/>\n<\/strong><\/h3>\n<p><em>Gepolariseerde zonnebrillen zijn een populair type zonnebrillen die zijn ontworpen om schittering van reflecterende oppervlakken zoals water, sneeuw of wegdekken te verminderen. Dit wordt bereikt met behulp van een polariserende film die lichtgolven blokkeert die op een specifieke as bewegen. Dit vermindert reflecties en zorgt voor een helderder en gedetailleerder beeld, vooral bij fel zonlicht. Het is een goed idee om een gepolariseerde zonnebril te kiezen als u veel buiten bent, vooral in de buurt van water of bij activiteiten zoals ski\u00ebn of fietsen.<\/em><\/p>","protected":false},"excerpt":{"rendered":"<ul>\n<li>Buiten gedragen op je generaal. bril<\/li>\n<li>Glanzend oppervlak<\/li>\n<li>Ventilatiegroeven<\/li>\n<li>De decoratietest<\/li>\n<li>Rubberen coating aan het uiteinde van de stangen<\/li>\n<li>Gepolariseerde lenzen voor optimaal zicht<\/li>\n<\/ul>","protected":false},"featured_media":14041,"comment_status":"open","ping_status":"closed","template":"","meta":{"om_disable_all_campaigns":false,"_monsterinsights_skip_tracking":false,"_monsterinsights_sitenote_active":false,"_monsterinsights_sitenote_note":"","_monsterinsights_sitenote_category":0},"product_brand":[],"product_cat":[1026,1029,1025,1032],"product_tag":[445,1297,1298,447,870],"class_list":{"0":"post-14042","1":"product","2":"type-product","3":"status-publish","4":"has-post-thumbnail","6":"product_cat-dame-solbriller","7":"product_cat-herre-solbriller","8":"product_cat-billige-solbriller","9":"product_cat-fit-over-solbriller","10":"product_tag-fit","11":"product_tag-fit-over","12":"product_tag-k2011","13":"product_tag-over","14":"product_tag-p693","16":"first","17":"instock","18":"shipping-taxable","19":"purchasable","20":"product-type-simple"},"yoast_head":"<!-- This site is optimized with the Yoast SEO plugin v27.5 - https:\/\/yoast.com\/product\/yoast-seo-wordpress\/ -->\n<title>Lilla transparente Fit-Over Solbriller med &quot;diamanter&quot; - M\u00f8rke glas | K\u00f8b online her | LOCS<\/title>\n<meta name=\"description\" content=\"K\u00f8b Lilla transparente Fit-Over Solbriller med &quot;diamanter&quot; - M\u00f8rke glas her | EU&#039;s st\u00f8rste udvalg af LOCS solbriller | Vi sender fra EU - Ingen ekstra import udgifter\" \/>\n<meta name=\"robots\" content=\"index, follow, max-snippet:-1, max-image-preview:large, max-video-preview:-1\" \/>\n<link rel=\"canonical\" href=\"https:\/\/locsshop.eu\/nl\/shop\/lilla-transparente-fit-over-solbriller-med-diamanter-moerke-glas\/\" \/>\n<meta property=\"og:locale\" content=\"nl_NL\" \/>\n<meta property=\"og:type\" content=\"article\" \/>\n<meta property=\"og:title\" content=\"Lilla transparente Fit-Over Solbriller med &quot;diamanter&quot; - M\u00f8rke glas | K\u00f8b online her | LOCS\" \/>\n<meta property=\"og:description\" content=\"K\u00f8b Lilla transparente Fit-Over Solbriller med &quot;diamanter&quot; - M\u00f8rke glas her | EU&#039;s st\u00f8rste udvalg af LOCS solbriller | Vi sender fra EU - Ingen ekstra import udgifter\" \/>\n<meta property=\"og:url\" content=\"https:\/\/locsshop.eu\/nl\/shop\/lilla-transparente-fit-over-solbriller-med-diamanter-moerke-glas\/\" \/>\n<meta property=\"og:site_name\" content=\"Locs Sunglasses - LOCS Supplier in EU\" \/>\n<meta property=\"article:modified_time\" content=\"2026-03-06T13:25:15+00:00\" \/>\n<meta property=\"og:image\" content=\"https:\/\/locsshop.eu\/wp-content\/uploads\/2025\/06\/2011PE-polarized-new-1.jpg\" \/>\n\t<meta property=\"og:image:width\" content=\"800\" \/>\n\t<meta property=\"og:image:height\" content=\"800\" \/>\n\t<meta property=\"og:image:type\" content=\"image\/jpeg\" \/>\n<meta name=\"twitter:card\" content=\"summary_large_image\" \/>\n<meta name=\"twitter:label1\" content=\"Geschatte leestijd\" \/>\n\t<meta name=\"twitter:data1\" content=\"1 minuut\" \/>\n<script type=\"application\/ld+json\" class=\"yoast-schema-graph\">{\"@context\":\"https:\\\/\\\/schema.org\",\"@graph\":[{\"@type\":\"WebPage\",\"@id\":\"https:\\\/\\\/locsshop.eu\\\/shop\\\/lilla-transparente-fit-over-solbriller-med-diamanter-moerke-glas\\\/\",\"url\":\"https:\\\/\\\/locsshop.eu\\\/shop\\\/lilla-transparente-fit-over-solbriller-med-diamanter-moerke-glas\\\/\",\"name\":\"Lilla transparente Fit-Over Solbriller med \\\"diamanter\\\" - M\u00f8rke glas | K\u00f8b online her | LOCS\",\"isPartOf\":{\"@id\":\"https:\\\/\\\/locsshop.eu\\\/#website\"},\"primaryImageOfPage\":{\"@id\":\"https:\\\/\\\/locsshop.eu\\\/shop\\\/lilla-transparente-fit-over-solbriller-med-diamanter-moerke-glas\\\/#primaryimage\"},\"image\":{\"@id\":\"https:\\\/\\\/locsshop.eu\\\/shop\\\/lilla-transparente-fit-over-solbriller-med-diamanter-moerke-glas\\\/#primaryimage\"},\"thumbnailUrl\":\"https:\\\/\\\/locsshop.eu\\\/wp-content\\\/uploads\\\/2025\\\/06\\\/2011PE-polarized-new-1.jpg\",\"datePublished\":\"2025-06-04T23:02:41+00:00\",\"dateModified\":\"2026-03-06T13:25:15+00:00\",\"description\":\"K\u00f8b Lilla transparente Fit-Over Solbriller med \\\"diamanter\\\" - M\u00f8rke glas her | EU's st\u00f8rste udvalg af LOCS solbriller | Vi sender fra EU - Ingen ekstra import udgifter\",\"breadcrumb\":{\"@id\":\"https:\\\/\\\/locsshop.eu\\\/shop\\\/lilla-transparente-fit-over-solbriller-med-diamanter-moerke-glas\\\/#breadcrumb\"},\"inLanguage\":\"nl-NL\",\"potentialAction\":[{\"@type\":\"ReadAction\",\"target\":[\"https:\\\/\\\/locsshop.eu\\\/shop\\\/lilla-transparente-fit-over-solbriller-med-diamanter-moerke-glas\\\/\"]}]},{\"@type\":\"ImageObject\",\"inLanguage\":\"nl-NL\",\"@id\":\"https:\\\/\\\/locsshop.eu\\\/shop\\\/lilla-transparente-fit-over-solbriller-med-diamanter-moerke-glas\\\/#primaryimage\",\"url\":\"https:\\\/\\\/locsshop.eu\\\/wp-content\\\/uploads\\\/2025\\\/06\\\/2011PE-polarized-new-1.jpg\",\"contentUrl\":\"https:\\\/\\\/locsshop.eu\\\/wp-content\\\/uploads\\\/2025\\\/06\\\/2011PE-polarized-new-1.jpg\",\"width\":800,\"height\":800},{\"@type\":\"BreadcrumbList\",\"@id\":\"https:\\\/\\\/locsshop.eu\\\/shop\\\/lilla-transparente-fit-over-solbriller-med-diamanter-moerke-glas\\\/#breadcrumb\",\"itemListElement\":[{\"@type\":\"ListItem\",\"position\":1,\"name\":\"Hjem\",\"item\":\"https:\\\/\\\/locsshop.eu\\\/\"},{\"@type\":\"ListItem\",\"position\":2,\"name\":\"Shop\",\"item\":\"https:\\\/\\\/locsshop.eu\\\/shop\\\/\"},{\"@type\":\"ListItem\",\"position\":3,\"name\":\"Lilla transparente Fit-Over Solbriller med &#8220;diamanter&#8221; &#8211; M\u00f8rke glas\"}]},{\"@type\":\"WebSite\",\"@id\":\"https:\\\/\\\/locsshop.eu\\\/#website\",\"url\":\"https:\\\/\\\/locsshop.eu\\\/\",\"name\":\"Locs Sunglasses - LOCS Supplier in EU\",\"description\":\"We sell cheap LOCS Sunglasses\",\"publisher\":{\"@id\":\"https:\\\/\\\/locsshop.eu\\\/#organization\"},\"potentialAction\":[{\"@type\":\"SearchAction\",\"target\":{\"@type\":\"EntryPoint\",\"urlTemplate\":\"https:\\\/\\\/locsshop.eu\\\/?s={search_term_string}\"},\"query-input\":{\"@type\":\"PropertyValueSpecification\",\"valueRequired\":true,\"valueName\":\"search_term_string\"}}],\"inLanguage\":\"nl-NL\"},{\"@type\":\"Organization\",\"@id\":\"https:\\\/\\\/locsshop.eu\\\/#organization\",\"name\":\"Locsshop.eu\",\"url\":\"https:\\\/\\\/locsshop.eu\\\/\",\"logo\":{\"@type\":\"ImageObject\",\"inLanguage\":\"nl-NL\",\"@id\":\"https:\\\/\\\/locsshop.eu\\\/#\\\/schema\\\/logo\\\/image\\\/\",\"url\":\"https:\\\/\\\/locsshop.eu\\\/wp-content\\\/uploads\\\/2022\\\/02\\\/Locsshop-logo.png\",\"contentUrl\":\"https:\\\/\\\/locsshop.eu\\\/wp-content\\\/uploads\\\/2022\\\/02\\\/Locsshop-logo.png\",\"width\":930,\"height\":200,\"caption\":\"Locsshop.eu\"},\"image\":{\"@id\":\"https:\\\/\\\/locsshop.eu\\\/#\\\/schema\\\/logo\\\/image\\\/\"}}]}<\/script>\n<!-- \/ Yoast SEO plugin. -->","yoast_head_json":{"title":"Paarse transparante overzetzonnebril met &quot;diamonds&quot; - Donkere lenzen | Koop hier online | LOCS","description":"Koop hier een paarse transparante overzetzonnebril met &quot;diamanten&quot; - donkere lenzen | De grootste selectie LOCS-zonnebrillen in de EU | Wij verzenden vanuit de EU - geen extra importkosten","robots":{"index":"index","follow":"follow","max-snippet":"max-snippet:-1","max-image-preview":"max-image-preview:large","max-video-preview":"max-video-preview:-1"},"canonical":"https:\/\/locsshop.eu\/nl\/shop\/lilla-transparente-fit-over-solbriller-med-diamanter-moerke-glas\/","og_locale":"nl_NL","og_type":"article","og_title":"Lilla transparente Fit-Over Solbriller med \"diamanter\" - M\u00f8rke glas | K\u00f8b online her | LOCS","og_description":"K\u00f8b Lilla transparente Fit-Over Solbriller med \"diamanter\" - M\u00f8rke glas her | EU's st\u00f8rste udvalg af LOCS solbriller | Vi sender fra EU - Ingen ekstra import udgifter","og_url":"https:\/\/locsshop.eu\/nl\/shop\/lilla-transparente-fit-over-solbriller-med-diamanter-moerke-glas\/","og_site_name":"Locs Sunglasses - LOCS Supplier in EU","article_modified_time":"2026-03-06T13:25:15+00:00","og_image":[{"width":800,"height":800,"url":"https:\/\/locsshop.eu\/wp-content\/uploads\/2025\/06\/2011PE-polarized-new-1.jpg","type":"image\/jpeg"}],"twitter_card":"summary_large_image","twitter_misc":{"Geschatte leestijd":"1 minuut"},"schema":{"@context":"https:\/\/schema.org","@graph":[{"@type":"WebPage","@id":"https:\/\/locsshop.eu\/shop\/lilla-transparente-fit-over-solbriller-med-diamanter-moerke-glas\/","url":"https:\/\/locsshop.eu\/shop\/lilla-transparente-fit-over-solbriller-med-diamanter-moerke-glas\/","name":"Paarse transparante overzetzonnebril met &quot;diamonds&quot; - Donkere lenzen | Koop hier online | LOCS","isPartOf":{"@id":"https:\/\/locsshop.eu\/#website"},"primaryImageOfPage":{"@id":"https:\/\/locsshop.eu\/shop\/lilla-transparente-fit-over-solbriller-med-diamanter-moerke-glas\/#primaryimage"},"image":{"@id":"https:\/\/locsshop.eu\/shop\/lilla-transparente-fit-over-solbriller-med-diamanter-moerke-glas\/#primaryimage"},"thumbnailUrl":"https:\/\/locsshop.eu\/wp-content\/uploads\/2025\/06\/2011PE-polarized-new-1.jpg","datePublished":"2025-06-04T23:02:41+00:00","dateModified":"2026-03-06T13:25:15+00:00","description":"Koop hier een paarse transparante overzetzonnebril met &quot;diamanten&quot; - donkere lenzen | De grootste selectie LOCS-zonnebrillen in de EU | Wij verzenden vanuit de EU - geen extra importkosten","breadcrumb":{"@id":"https:\/\/locsshop.eu\/shop\/lilla-transparente-fit-over-solbriller-med-diamanter-moerke-glas\/#breadcrumb"},"inLanguage":"nl-NL","potentialAction":[{"@type":"ReadAction","target":["https:\/\/locsshop.eu\/shop\/lilla-transparente-fit-over-solbriller-med-diamanter-moerke-glas\/"]}]},{"@type":"ImageObject","inLanguage":"nl-NL","@id":"https:\/\/locsshop.eu\/shop\/lilla-transparente-fit-over-solbriller-med-diamanter-moerke-glas\/#primaryimage","url":"https:\/\/locsshop.eu\/wp-content\/uploads\/2025\/06\/2011PE-polarized-new-1.jpg","contentUrl":"https:\/\/locsshop.eu\/wp-content\/uploads\/2025\/06\/2011PE-polarized-new-1.jpg","width":800,"height":800},{"@type":"BreadcrumbList","@id":"https:\/\/locsshop.eu\/shop\/lilla-transparente-fit-over-solbriller-med-diamanter-moerke-glas\/#breadcrumb","itemListElement":[{"@type":"ListItem","position":1,"name":"Hjem","item":"https:\/\/locsshop.eu\/"},{"@type":"ListItem","position":2,"name":"Shop","item":"https:\/\/locsshop.eu\/shop\/"},{"@type":"ListItem","position":3,"name":"Lilla transparente Fit-Over Solbriller med &#8220;diamanter&#8221; &#8211; M\u00f8rke glas"}]},{"@type":"WebSite","@id":"https:\/\/locsshop.eu\/#website","url":"https:\/\/locsshop.eu\/","name":"Locs zonnebrillen - LOCS leverancier in de EU","description":"Wij verkopen goedkope LOCS zonnebrillen","publisher":{"@id":"https:\/\/locsshop.eu\/#organization"},"potentialAction":[{"@type":"SearchAction","target":{"@type":"EntryPoint","urlTemplate":"https:\/\/locsshop.eu\/?s={search_term_string}"},"query-input":{"@type":"PropertyValueSpecification","valueRequired":true,"valueName":"search_term_string"}}],"inLanguage":"nl-NL"},{"@type":"Organization","@id":"https:\/\/locsshop.eu\/#organization","name":"Locsshop.eu","url":"https:\/\/locsshop.eu\/","logo":{"@type":"ImageObject","inLanguage":"nl-NL","@id":"https:\/\/locsshop.eu\/#\/schema\/logo\/image\/","url":"https:\/\/locsshop.eu\/wp-content\/uploads\/2022\/02\/Locsshop-logo.png","contentUrl":"https:\/\/locsshop.eu\/wp-content\/uploads\/2022\/02\/Locsshop-logo.png","width":930,"height":200,"caption":"Locsshop.eu"},"image":{"@id":"https:\/\/locsshop.eu\/#\/schema\/logo\/image\/"}}]}},"_links":{"self":[{"href":"https:\/\/locsshop.eu\/nl\/wp-json\/wp\/v2\/product\/14042","targetHints":{"allow":["GET"]}}],"collection":[{"href":"https:\/\/locsshop.eu\/nl\/wp-json\/wp\/v2\/product"}],"about":[{"href":"https:\/\/locsshop.eu\/nl\/wp-json\/wp\/v2\/types\/product"}],"replies":[{"embeddable":true,"href":"https:\/\/locsshop.eu\/nl\/wp-json\/wp\/v2\/comments?post=14042"}],"wp:featuredmedia":[{"embeddable":true,"href":"https:\/\/locsshop.eu\/nl\/wp-json\/wp\/v2\/media\/14041"}],"wp:attachment":[{"href":"https:\/\/locsshop.eu\/nl\/wp-json\/wp\/v2\/media?parent=14042"}],"wp:term":[{"taxonomy":"product_brand","embeddable":true,"href":"https:\/\/locsshop.eu\/nl\/wp-json\/wp\/v2\/product_brand?post=14042"},{"taxonomy":"product_cat","embeddable":true,"href":"https:\/\/locsshop.eu\/nl\/wp-json\/wp\/v2\/product_cat?post=14042"},{"taxonomy":"product_tag","embeddable":true,"href":"https:\/\/locsshop.eu\/nl\/wp-json\/wp\/v2\/product_tag?post=14042"}],"curies":[{"name":"wp","href":"https:\/\/api.w.org\/{rel}","templated":true}]}}