{"id":14120,"date":"2025-07-02T19:15:00","date_gmt":"2025-07-02T17:15:00","guid":{"rendered":"https:\/\/locsshop.eu\/shop\/locs-solbriller-buena-onda-blaa-bandana\/"},"modified":"2025-07-02T19:24:30","modified_gmt":"2025-07-02T17:24:30","slug":"locs-solbriller-buena-onda-blaa-bandana","status":"publish","type":"product","link":"https:\/\/locsshop.eu\/nl\/shop\/locs-solbriller-buena-onda-blaa-bandana\/","title":{"rendered":"Locs zonnebril \u2013 Buena Onda | Blauwe bandana"},"content":{"rendered":"<h2><strong>Glanzende zwarte Locs-zonnebril met prachtige verschillende zilveren logo&#039;s op de slapen en de binnenbandana<\/strong><\/h2>\n<h4>Raw vierkante zwarte zonnebril gemaakt in een glanzend zwart montuur. Op de spijlen zitten leuke en verschillende Locs-logo&#039;s en een mooi zilveren detail. Een echt coole, old-school en badass zonnebril die je altijd kunt dragen als je een beetje extra cool bent.<\/h4>\n<h4>Locs Sunglasses is een populair Amerikaans zonnebrillenmerk dat bekend staat om zijn hardcore attitude. Als een van de meest gewilde zonnebrillenmerken in de VS en internationaal, heeft Locs door de jaren heen zijn kenmerkende ontwerpen en felle stijl behouden.<br \/>\nLocs zonnebrillen hebben coole logo&#039;s, leuke details en een stijl die net iets stoerder is dan andere. Perfect voor degenen onder u die een beetje een houding hebben.<\/h4>\n<p>&nbsp;<\/p>\n<h4><strong><em>Details:<br \/>\n<\/em><\/strong><\/h4>\n<h4>Binnenbreedte: 13,5 cm<br \/>\nHoogte: 4 cm<br \/>\nStanglengte: 13,6 cm<br \/>\noppervlak: Glanzend<\/h4>\n<h4>Materiaal: kunststof en metaal<br \/>\nUV400-bescherming<br \/>\nCE goedgekeurd<\/h4>\n<h4><img loading=\"lazy\" decoding=\"async\" class=\"alignnone wp-image-10637 size-thumbnail\" src=\"https:\/\/bazarsalg.dk\/wp-content\/uploads\/Locs-Logo-280x280.jpg\" alt=\"\" width=\"280\" height=\"280\" \/><\/h4>\n<h4><em>LOCS-geschiedenis<\/em><\/h4>\n<p><em>In de jaren 70 en 80 waren de Locs-zonnebrillen erg populair onder jongeren en bepaalden ze de LA-look. Be\u00efnvloed door de Latijns-Amerikaanse cultuur van Los Angeles en afgeleid van het Spaanse woord &quot;loco&quot; (gek), werden ze oorspronkelijk gedragen door cholos en werden later populair onder alle gangsters in de omgeving van LA. Bendeleden verwezen naar sommige van hun meer wilde en actieve of zelfs geestelijk gestoorde leden als &quot;loco&quot;. Later werd de term en het bijbehorende gedrag erg populair bij met name de Crips en in mindere mate bij de Bloods. Het was zo gewoon in het spraakgebruik van Crip dat het werd afgekort tot Loc en als achtervoegsel werd gebruikt in de namen van sommige bendeleden.<\/em><\/p>\n<p><em>in de jaren negentig droegen veel van de grootste rappers ook Locs-zonnebrillen, bijvoorbeeld Eazy E, Snoop Dogg en vele andere bekende rappers. Dus de zonnebril werd bekend en werd in veel verschillende Amerikaanse gangsterfilms gedragen.<\/em><\/p>\n<p><em>Tegenwoordig zijn Locs-zonnebrillen niet alleen populair in Californi\u00eb, maar nu ook in de Verenigde Staten en de rest van de wereld. Het merk heeft nu een grotere aantrekkingskracht op alle consumentengroepen. Een van de redenen voor deze populariteit is de verheerlijking van het LA Gangster-profiel via muziek, films en natuurlijk de media. Omdat gangster-rappers constant in de media waren voor negatieve pers, werden ze gezien met deze hardcore bril en de stijl verspreidde zich snel door de straten van Los Angeles! Met de toenemende populariteit hielp het hen snel de mainstream over te steken en is het nu populair bij beroemde artiesten en acteurs.<\/p>\n<p><img loading=\"lazy\" decoding=\"async\" class=\"alignnone size-full wp-image-15275\" src=\"https:\/\/bazarsalg.dk\/wp-content\/uploads\/US-STYLE-LOCS-PRODUCT-BANNER-small-1.jpg\" alt=\"\" width=\"936\" height=\"585\" \/><br \/>\n<\/em><\/p>","protected":false},"excerpt":{"rendered":"<p><strong>LOCS \u2013 8LOC9058-BDNA<\/strong><br \/>\nZwart glanzend montuur - Donkere bril<br \/>\nIntern bandana-ontwerp op de slapen<br \/>\nPlastic frame<br \/>\nUV400<br \/>\nCE-goedgekeurd<\/p>\n<p><img loading=\"lazy\" decoding=\"async\" class=\"alignnone wp-image-10637\" src=\"https:\/\/bazarsalg.dk\/wp-content\/uploads\/Locs-Logo.jpg\" alt=\"\" width=\"200\" height=\"200\" \/><\/p>","protected":false},"featured_media":14119,"comment_status":"open","ping_status":"closed","template":"","meta":{"om_disable_all_campaigns":false,"_monsterinsights_skip_tracking":false,"_monsterinsights_sitenote_active":false,"_monsterinsights_sitenote_note":"","_monsterinsights_sitenote_category":0},"product_brand":[],"product_cat":[1101,1049],"product_tag":[1611,1100,870],"class_list":{"0":"post-14120","1":"product","2":"type-product","3":"status-publish","4":"has-post-thumbnail","6":"product_cat-locs-solbriller","7":"product_cat-premium-solbriller","8":"product_tag-8loc9058-bdna","9":"product_tag-locs","10":"product_tag-p693","12":"first","13":"instock","14":"shipping-taxable","15":"purchasable","16":"product-type-simple"},"yoast_head":"<!-- This site is optimized with the Yoast SEO plugin v27.2 - https:\/\/yoast.com\/product\/yoast-seo-wordpress\/ -->\n<title>Locs Solbriller \u2013 Buena Onda | Bl\u00e5 Bandana | K\u00f8b online her | LOCS<\/title>\n<meta name=\"description\" content=\"K\u00f8b Locs Solbriller \u2013 Buena Onda | Bl\u00e5 Bandana her | EU&#039;s st\u00f8rste udvalg af LOCS solbriller | Vi sender fra EU - Ingen ekstra import udgifter\" \/>\n<meta name=\"robots\" content=\"index, follow, max-snippet:-1, max-image-preview:large, max-video-preview:-1\" \/>\n<link rel=\"canonical\" href=\"https:\/\/locsshop.eu\/nl\/shop\/locs-solbriller-buena-onda-blaa-bandana\/\" \/>\n<meta property=\"og:locale\" content=\"nl_NL\" \/>\n<meta property=\"og:type\" content=\"article\" \/>\n<meta property=\"og:title\" content=\"Locs Solbriller \u2013 Buena Onda | Bl\u00e5 Bandana | K\u00f8b online her | LOCS\" \/>\n<meta property=\"og:description\" content=\"K\u00f8b Locs Solbriller \u2013 Buena Onda | Bl\u00e5 Bandana her | EU&#039;s st\u00f8rste udvalg af LOCS solbriller | Vi sender fra EU - Ingen ekstra import udgifter\" \/>\n<meta property=\"og:url\" content=\"https:\/\/locsshop.eu\/nl\/shop\/locs-solbriller-buena-onda-blaa-bandana\/\" \/>\n<meta property=\"og:site_name\" content=\"Locs Sunglasses - LOCS Supplier in EU\" \/>\n<meta property=\"article:modified_time\" content=\"2025-07-02T17:24:30+00:00\" \/>\n<meta property=\"og:image\" content=\"https:\/\/locsshop.eu\/wp-content\/uploads\/2025\/07\/8LOC9058BDNA3.jpg\" \/>\n\t<meta property=\"og:image:width\" content=\"800\" \/>\n\t<meta property=\"og:image:height\" content=\"800\" \/>\n\t<meta property=\"og:image:type\" content=\"image\/jpeg\" \/>\n<meta name=\"twitter:card\" content=\"summary_large_image\" \/>\n<meta name=\"twitter:label1\" content=\"Geschatte leestijd\" \/>\n\t<meta name=\"twitter:data1\" content=\"2 minuten\" \/>\n<script type=\"application\/ld+json\" class=\"yoast-schema-graph\">{\"@context\":\"https:\/\/schema.org\",\"@graph\":[{\"@type\":\"WebPage\",\"@id\":\"https:\/\/locsshop.eu\/shop\/locs-solbriller-buena-onda-blaa-bandana\/\",\"url\":\"https:\/\/locsshop.eu\/shop\/locs-solbriller-buena-onda-blaa-bandana\/\",\"name\":\"Locs Solbriller \u2013 Buena Onda | Bl\u00e5 Bandana | K\u00f8b online her | LOCS\",\"isPartOf\":{\"@id\":\"https:\/\/locsshop.eu\/#website\"},\"primaryImageOfPage\":{\"@id\":\"https:\/\/locsshop.eu\/shop\/locs-solbriller-buena-onda-blaa-bandana\/#primaryimage\"},\"image\":{\"@id\":\"https:\/\/locsshop.eu\/shop\/locs-solbriller-buena-onda-blaa-bandana\/#primaryimage\"},\"thumbnailUrl\":\"https:\/\/locsshop.eu\/wp-content\/uploads\/2025\/07\/8LOC9058BDNA3.jpg\",\"datePublished\":\"2025-07-02T17:15:00+00:00\",\"dateModified\":\"2025-07-02T17:24:30+00:00\",\"description\":\"K\u00f8b Locs Solbriller \u2013 Buena Onda | Bl\u00e5 Bandana her | EU's st\u00f8rste udvalg af LOCS solbriller | Vi sender fra EU - Ingen ekstra import udgifter\",\"breadcrumb\":{\"@id\":\"https:\/\/locsshop.eu\/shop\/locs-solbriller-buena-onda-blaa-bandana\/#breadcrumb\"},\"inLanguage\":\"nl-NL\",\"potentialAction\":[{\"@type\":\"ReadAction\",\"target\":[\"https:\/\/locsshop.eu\/shop\/locs-solbriller-buena-onda-blaa-bandana\/\"]}]},{\"@type\":\"ImageObject\",\"inLanguage\":\"nl-NL\",\"@id\":\"https:\/\/locsshop.eu\/shop\/locs-solbriller-buena-onda-blaa-bandana\/#primaryimage\",\"url\":\"https:\/\/locsshop.eu\/wp-content\/uploads\/2025\/07\/8LOC9058BDNA3.jpg\",\"contentUrl\":\"https:\/\/locsshop.eu\/wp-content\/uploads\/2025\/07\/8LOC9058BDNA3.jpg\",\"width\":800,\"height\":800},{\"@type\":\"BreadcrumbList\",\"@id\":\"https:\/\/locsshop.eu\/shop\/locs-solbriller-buena-onda-blaa-bandana\/#breadcrumb\",\"itemListElement\":[{\"@type\":\"ListItem\",\"position\":1,\"name\":\"Hjem\",\"item\":\"https:\/\/locsshop.eu\/\"},{\"@type\":\"ListItem\",\"position\":2,\"name\":\"Shop\",\"item\":\"https:\/\/locsshop.eu\/shop\/\"},{\"@type\":\"ListItem\",\"position\":3,\"name\":\"Locs Solbriller \u2013 Buena Onda | Bl\u00e5 Bandana\"}]},{\"@type\":\"WebSite\",\"@id\":\"https:\/\/locsshop.eu\/#website\",\"url\":\"https:\/\/locsshop.eu\/\",\"name\":\"Locs Sunglasses - LOCS Supplier in EU\",\"description\":\"We sell cheap LOCS Sunglasses\",\"publisher\":{\"@id\":\"https:\/\/locsshop.eu\/#organization\"},\"potentialAction\":[{\"@type\":\"SearchAction\",\"target\":{\"@type\":\"EntryPoint\",\"urlTemplate\":\"https:\/\/locsshop.eu\/?s={search_term_string}\"},\"query-input\":{\"@type\":\"PropertyValueSpecification\",\"valueRequired\":true,\"valueName\":\"search_term_string\"}}],\"inLanguage\":\"nl-NL\"},{\"@type\":\"Organization\",\"@id\":\"https:\/\/locsshop.eu\/#organization\",\"name\":\"Locsshop.eu\",\"url\":\"https:\/\/locsshop.eu\/\",\"logo\":{\"@type\":\"ImageObject\",\"inLanguage\":\"nl-NL\",\"@id\":\"https:\/\/locsshop.eu\/#\/schema\/logo\/image\/\",\"url\":\"https:\/\/locsshop.eu\/wp-content\/uploads\/2022\/02\/Locsshop-logo.png\",\"contentUrl\":\"https:\/\/locsshop.eu\/wp-content\/uploads\/2022\/02\/Locsshop-logo.png\",\"width\":930,\"height\":200,\"caption\":\"Locsshop.eu\"},\"image\":{\"@id\":\"https:\/\/locsshop.eu\/#\/schema\/logo\/image\/\"}}]}<\/script>\n<!-- \/ Yoast SEO plugin. -->","yoast_head_json":{"title":"Locs Solbriller \u2013 Buena Onda | Bl\u00e5 Bandana | K\u00f8b online her | LOCS","description":"K\u00f8b Locs Solbriller \u2013 Buena Onda | Bl\u00e5 Bandana her | EU's st\u00f8rste udvalg af LOCS solbriller | Vi sender fra EU - Ingen ekstra import udgifter","robots":{"index":"index","follow":"follow","max-snippet":"max-snippet:-1","max-image-preview":"max-image-preview:large","max-video-preview":"max-video-preview:-1"},"canonical":"https:\/\/locsshop.eu\/nl\/shop\/locs-solbriller-buena-onda-blaa-bandana\/","og_locale":"nl_NL","og_type":"article","og_title":"Locs Solbriller \u2013 Buena Onda | Bl\u00e5 Bandana | K\u00f8b online her | LOCS","og_description":"K\u00f8b Locs Solbriller \u2013 Buena Onda | Bl\u00e5 Bandana her | EU's st\u00f8rste udvalg af LOCS solbriller | Vi sender fra EU - Ingen ekstra import udgifter","og_url":"https:\/\/locsshop.eu\/nl\/shop\/locs-solbriller-buena-onda-blaa-bandana\/","og_site_name":"Locs Sunglasses - LOCS Supplier in EU","article_modified_time":"2025-07-02T17:24:30+00:00","og_image":[{"width":800,"height":800,"url":"https:\/\/locsshop.eu\/wp-content\/uploads\/2025\/07\/8LOC9058BDNA3.jpg","type":"image\/jpeg"}],"twitter_card":"summary_large_image","twitter_misc":{"Geschatte leestijd":"2 minuten"},"schema":{"@context":"https:\/\/schema.org","@graph":[{"@type":"WebPage","@id":"https:\/\/locsshop.eu\/shop\/locs-solbriller-buena-onda-blaa-bandana\/","url":"https:\/\/locsshop.eu\/shop\/locs-solbriller-buena-onda-blaa-bandana\/","name":"Locs Solbriller \u2013 Buena Onda | Bl\u00e5 Bandana | K\u00f8b online her | LOCS","isPartOf":{"@id":"https:\/\/locsshop.eu\/#website"},"primaryImageOfPage":{"@id":"https:\/\/locsshop.eu\/shop\/locs-solbriller-buena-onda-blaa-bandana\/#primaryimage"},"image":{"@id":"https:\/\/locsshop.eu\/shop\/locs-solbriller-buena-onda-blaa-bandana\/#primaryimage"},"thumbnailUrl":"https:\/\/locsshop.eu\/wp-content\/uploads\/2025\/07\/8LOC9058BDNA3.jpg","datePublished":"2025-07-02T17:15:00+00:00","dateModified":"2025-07-02T17:24:30+00:00","description":"K\u00f8b Locs Solbriller \u2013 Buena Onda | Bl\u00e5 Bandana her | EU's st\u00f8rste udvalg af LOCS solbriller | Vi sender fra EU - Ingen ekstra import udgifter","breadcrumb":{"@id":"https:\/\/locsshop.eu\/shop\/locs-solbriller-buena-onda-blaa-bandana\/#breadcrumb"},"inLanguage":"nl-NL","potentialAction":[{"@type":"ReadAction","target":["https:\/\/locsshop.eu\/shop\/locs-solbriller-buena-onda-blaa-bandana\/"]}]},{"@type":"ImageObject","inLanguage":"nl-NL","@id":"https:\/\/locsshop.eu\/shop\/locs-solbriller-buena-onda-blaa-bandana\/#primaryimage","url":"https:\/\/locsshop.eu\/wp-content\/uploads\/2025\/07\/8LOC9058BDNA3.jpg","contentUrl":"https:\/\/locsshop.eu\/wp-content\/uploads\/2025\/07\/8LOC9058BDNA3.jpg","width":800,"height":800},{"@type":"BreadcrumbList","@id":"https:\/\/locsshop.eu\/shop\/locs-solbriller-buena-onda-blaa-bandana\/#breadcrumb","itemListElement":[{"@type":"ListItem","position":1,"name":"Hjem","item":"https:\/\/locsshop.eu\/"},{"@type":"ListItem","position":2,"name":"Shop","item":"https:\/\/locsshop.eu\/shop\/"},{"@type":"ListItem","position":3,"name":"Locs Solbriller \u2013 Buena Onda | Bl\u00e5 Bandana"}]},{"@type":"WebSite","@id":"https:\/\/locsshop.eu\/#website","url":"https:\/\/locsshop.eu\/","name":"Locs zonnebrillen - LOCS leverancier in de EU","description":"Wij verkopen goedkope LOCS zonnebrillen","publisher":{"@id":"https:\/\/locsshop.eu\/#organization"},"potentialAction":[{"@type":"SearchAction","target":{"@type":"EntryPoint","urlTemplate":"https:\/\/locsshop.eu\/?s={search_term_string}"},"query-input":{"@type":"PropertyValueSpecification","valueRequired":true,"valueName":"search_term_string"}}],"inLanguage":"nl-NL"},{"@type":"Organization","@id":"https:\/\/locsshop.eu\/#organization","name":"Locsshop.eu","url":"https:\/\/locsshop.eu\/","logo":{"@type":"ImageObject","inLanguage":"nl-NL","@id":"https:\/\/locsshop.eu\/#\/schema\/logo\/image\/","url":"https:\/\/locsshop.eu\/wp-content\/uploads\/2022\/02\/Locsshop-logo.png","contentUrl":"https:\/\/locsshop.eu\/wp-content\/uploads\/2022\/02\/Locsshop-logo.png","width":930,"height":200,"caption":"Locsshop.eu"},"image":{"@id":"https:\/\/locsshop.eu\/#\/schema\/logo\/image\/"}}]}},"_links":{"self":[{"href":"https:\/\/locsshop.eu\/nl\/wp-json\/wp\/v2\/product\/14120","targetHints":{"allow":["GET"]}}],"collection":[{"href":"https:\/\/locsshop.eu\/nl\/wp-json\/wp\/v2\/product"}],"about":[{"href":"https:\/\/locsshop.eu\/nl\/wp-json\/wp\/v2\/types\/product"}],"replies":[{"embeddable":true,"href":"https:\/\/locsshop.eu\/nl\/wp-json\/wp\/v2\/comments?post=14120"}],"wp:featuredmedia":[{"embeddable":true,"href":"https:\/\/locsshop.eu\/nl\/wp-json\/wp\/v2\/media\/14119"}],"wp:attachment":[{"href":"https:\/\/locsshop.eu\/nl\/wp-json\/wp\/v2\/media?parent=14120"}],"wp:term":[{"taxonomy":"product_brand","embeddable":true,"href":"https:\/\/locsshop.eu\/nl\/wp-json\/wp\/v2\/product_brand?post=14120"},{"taxonomy":"product_cat","embeddable":true,"href":"https:\/\/locsshop.eu\/nl\/wp-json\/wp\/v2\/product_cat?post=14120"},{"taxonomy":"product_tag","embeddable":true,"href":"https:\/\/locsshop.eu\/nl\/wp-json\/wp\/v2\/product_tag?post=14120"}],"curies":[{"name":"wp","href":"https:\/\/api.w.org\/{rel}","templated":true}]}}