{"id":14244,"date":"2025-07-05T01:29:49","date_gmt":"2025-07-04T23:29:49","guid":{"rendered":"https:\/\/locsshop.eu\/shop\/manhattan-millionaire-solbriller-gerard-guld-moerke-fade-glas\/"},"modified":"2026-02-15T20:12:54","modified_gmt":"2026-02-15T19:12:54","slug":"manhattan-millionaire-solbriller-gerard-guld-moerke-fade-glas","status":"publish","type":"product","link":"https:\/\/locsshop.eu\/nl\/shop\/manhattan-millionaire-solbriller-gerard-guld-moerke-fade-glas\/","title":{"rendered":"Manhattan Millionaire zonnebril \u2013 Gerard | Goud \u2013 Donkerbruine lenzen"},"content":{"rendered":"<h2><strong>Glanzende Millionaire-zonnebril met gouden details op de voorkant, zijkanten en slapen.<\/strong><\/h2>\n<h4>Supercoole Millionaire-zonnebril waarmee je er overal waar je gaat als een miljonair uitziet.<br \/>\nDe prachtige metalen details tillen de zonnebril naar een hoger niveau.<\/h4>\n<p>De pootjes zijn gemaakt van metaal en de uiteinden zijn voorzien van een breed kunststof uiteinde, waardoor de zonnebril de hele dag goed blijft zitten.<\/p>\n<p>Fantastische zonnebril voor de prijs. Hier krijg je een optimale zonnebril voor een echt lage prijs, vergeleken met de grote merken op de markt.<\/p>\n<p>Past zowel mannen als vrouwen. Koop ze voordat ze uitverkocht zijn.<\/p>\n<h4><\/h4>\n<h4><img loading=\"lazy\" decoding=\"async\" class=\"alignnone wp-image-15438 size-full\" src=\"https:\/\/bazarsalg.dk\/wp-content\/uploads\/Mahattan-Logo-medium.jpg\" alt=\"\" width=\"403\" height=\"70\" \/><\/h4>\n<p>&nbsp;<\/p>\n<table style=\"width: 100%;border-collapse: collapse;border-style: dashed\" border=\"1\">\n<tbody>\n<tr>\n<td style=\"width: 100%\">\n<h2 style=\"text-align: center\"><strong>De maat van de zonnebril<\/strong><\/h2>\n<\/td>\n<\/tr>\n<\/tbody>\n<\/table>\n<table style=\"width: 100%;border-collapse: collapse;border-style: hidden;margin-left: auto;margin-right: auto\" border=\"1\" cellspacing=\"20\" cellpadding=\"20\">\n<tbody>\n<tr>\n<td style=\"width: 33.3333%;text-align: center\"><strong><img decoding=\"async\" src=\"https:\/\/bazarsalg.dk\/wp-content\/uploads\/bredde.png\" \/><\/strong><\/td>\n<td style=\"width: 33.3333%;text-align: center\"><strong>Binnen breedte<\/strong><\/td>\n<td style=\"width: 33.3333%;text-align: center\"><strong>13,5 cm.<\/strong><\/td>\n<\/tr>\n<tr>\n<td style=\"width: 33.3333%;text-align: center\"><strong><img decoding=\"async\" src=\"https:\/\/bazarsalg.dk\/wp-content\/uploads\/hoejde.png\" \/><\/strong><\/td>\n<td style=\"width: 33.3333%;text-align: center\"><strong>Hoogte<\/strong><\/td>\n<td style=\"width: 33.3333%;text-align: center\"><strong>5 cm.<\/strong><\/td>\n<\/tr>\n<tr>\n<td style=\"width: 33.3333%;text-align: center\"><strong><img decoding=\"async\" src=\"https:\/\/bazarsalg.dk\/wp-content\/uploads\/stang.png\" \/><\/strong><\/td>\n<td style=\"width: 33.3333%;text-align: center\"><strong>Zijlengte<\/strong><\/td>\n<td style=\"width: 33.3333%;text-align: center\"><strong>14 cm.<\/strong><\/td>\n<\/tr>\n<tr>\n<td style=\"width: 33.3333%;text-align: center\"><strong><img decoding=\"async\" src=\"https:\/\/bazarsalg.dk\/wp-content\/uploads\/glas-bredde.png\" \/><\/strong><\/td>\n<td style=\"width: 33.3333%;text-align: center\"><strong>Glas Breedte<\/strong><\/td>\n<td style=\"width: 33.3333%;text-align: center\"><strong>5,5 cm.<\/strong><\/td>\n<\/tr>\n<tr>\n<td style=\"width: 33.3333%;text-align: center\"><strong><img decoding=\"async\" src=\"https:\/\/bazarsalg.dk\/wp-content\/uploads\/bredde-naese.png\" \/><\/strong><\/td>\n<td style=\"width: 33.3333%;text-align: center\"><strong>Ruimte tussen glas<\/strong><\/td>\n<td style=\"width: 33.3333%;text-align: center\"><strong>1,6 cm.<\/strong><\/td>\n<\/tr>\n<\/tbody>\n<\/table>\n<p>&nbsp;<\/p>\n<h4><em>Over Manhattan zonnebrillen<\/em><\/h4>\n<p>De Manhattan Sunglasses-collectie is ge\u00efnspireerd op de stedelijke en grootstedelijke modescene die je van New York tot Parijs ziet. Of je nu een driedelig pak draagt of casual gekleed bent voor een avondje uit, Manhattan-zonnebrillen zijn stijlvol genoeg en perfect voor jou, de urban-minded man die een stijlvolle zonnebril met street credibility wil, maar zonder het dure designerprijsje.<br \/>\nManhattan uit de VS is een merk dat de coole elegantie van de grote stad vastlegt met strakke lijnen, praktische functies en een onopvallende attitude. Of je nu op zoek bent naar een model om door de stad te rijden of een model om naar het caf\u00e9 te gaan, het merk levert zonnebrillen met karakter \u2013 ontworpen om eruit te zien als een miljonair in het stadsritme.<\/p>\n<table style=\"width: 100%;border-collapse: collapse;border-style: hidden;margin-left: auto;margin-right: auto\" border=\"1\" cellspacing=\"50\" cellpadding=\"20\">\n<caption>\u00a0<\/caption>\n<caption>\u00a0<\/caption>\n<tbody>\n<tr>\n<td style=\"width: 25%;text-align: center\"><img decoding=\"async\" class=\"aligncenter\" src=\"https:\/\/bazarsalg.dk\/wp-content\/uploads\/UV.png\" \/><\/td>\n<td style=\"width: 25%;text-align: center\"><img decoding=\"async\" src=\"https:\/\/bazarsalg.dk\/wp-content\/uploads\/ce.png\" \/><\/td>\n<td style=\"width: 25%;text-align: center\"><img decoding=\"async\" src=\"https:\/\/bazarsalg.dk\/wp-content\/uploads\/box.png\" \/><\/td>\n<\/tr>\n<tr>\n<td style=\"width: 25%;text-align: center\"><strong>De zonnebril heeft UV400 bescherming<\/strong><\/p>\n<p>Blokkeert 99 tot 100 procent van alle UVA- en UVB-stralen en beschermt je ogen tegen zonnestralen.<\/td>\n<td style=\"width: 25%;text-align: center\"><strong>CE-goedgekeurd <\/strong><\/p>\n<p>De zonnebrillen voldoen aan alle wettelijke eisen in de EU, hierdoor weet je zeker dat je zonnebril getest en goedgekeurd is.<\/td>\n<td style=\"width: 25%;text-align: center\"><strong>Verzonden in een kartonnen doos zodat ze niet breken <\/strong><\/p>\n<p>We verpakken zonnebrillen altijd stevig zodat ze in goede staat aankomen.<\/td>\n<\/tr>\n<\/tbody>\n<\/table>","protected":false},"excerpt":{"rendered":"<p><strong>Manhattan \u2013 8MH87072<\/strong><br \/>\n<img loading=\"lazy\" decoding=\"async\" class=\"alignnone wp-image-15439 size-full\" src=\"https:\/\/bazarsalg.dk\/wp-content\/uploads\/Mahattan-Logo-small.jpg\" alt=\"\" width=\"322\" height=\"56\" \/><\/p>\n<p>Gouden metalen details<br \/>\nMetalen staven<\/p>\n<p>UV400<br \/>\nCE-goedgekeurd<\/p>","protected":false},"featured_media":14243,"comment_status":"open","ping_status":"closed","template":"","meta":{"om_disable_all_campaigns":false,"_monsterinsights_skip_tracking":false,"_monsterinsights_sitenote_active":false,"_monsterinsights_sitenote_note":"","_monsterinsights_sitenote_category":0},"product_brand":[],"product_cat":[1026,1029,1025,1627,1036,1049],"product_tag":[1628,743,1629,870],"class_list":{"0":"post-14244","1":"product","2":"type-product","3":"status-publish","4":"has-post-thumbnail","6":"product_cat-dame-solbriller","7":"product_cat-herre-solbriller","8":"product_cat-billige-solbriller","9":"product_cat-manhattan-solbriller","10":"product_cat-millionaire","11":"product_cat-premium-solbriller","12":"product_tag-8mh87072","13":"product_tag-frosty","14":"product_tag-manhattan","15":"product_tag-p693","17":"first","18":"instock","19":"shipping-taxable","20":"purchasable","21":"product-type-simple"},"yoast_head":"<!-- This site is optimized with the Yoast SEO plugin v27.5 - https:\/\/yoast.com\/product\/yoast-seo-wordpress\/ -->\n<title>Manhattan Millionaire Solbriller - Gerard | Guld - M\u00f8rke fade glas | K\u00f8b online her | LOCS<\/title>\n<meta name=\"description\" content=\"K\u00f8b Manhattan Millionaire Solbriller - Gerard | Guld - M\u00f8rke fade glas her | EU&#039;s st\u00f8rste udvalg af LOCS solbriller | Vi sender fra EU - Ingen ekstra import udgifter\" \/>\n<meta name=\"robots\" content=\"index, follow, max-snippet:-1, max-image-preview:large, max-video-preview:-1\" \/>\n<link rel=\"canonical\" href=\"https:\/\/locsshop.eu\/nl\/shop\/manhattan-millionaire-solbriller-gerard-guld-moerke-fade-glas\/\" \/>\n<meta property=\"og:locale\" content=\"nl_NL\" \/>\n<meta property=\"og:type\" content=\"article\" \/>\n<meta property=\"og:title\" content=\"Manhattan Millionaire Solbriller - Gerard | Guld - M\u00f8rke fade glas | K\u00f8b online her | LOCS\" \/>\n<meta property=\"og:description\" content=\"K\u00f8b Manhattan Millionaire Solbriller - Gerard | Guld - M\u00f8rke fade glas her | EU&#039;s st\u00f8rste udvalg af LOCS solbriller | Vi sender fra EU - Ingen ekstra import udgifter\" \/>\n<meta property=\"og:url\" content=\"https:\/\/locsshop.eu\/nl\/shop\/manhattan-millionaire-solbriller-gerard-guld-moerke-fade-glas\/\" \/>\n<meta property=\"og:site_name\" content=\"Locs Sunglasses - LOCS Supplier in EU\" \/>\n<meta property=\"article:modified_time\" content=\"2026-02-15T19:12:54+00:00\" \/>\n<meta property=\"og:image\" content=\"https:\/\/locsshop.eu\/wp-content\/uploads\/2025\/07\/8MH87072-1.jpg\" \/>\n\t<meta property=\"og:image:width\" content=\"800\" \/>\n\t<meta property=\"og:image:height\" content=\"800\" \/>\n\t<meta property=\"og:image:type\" content=\"image\/jpeg\" \/>\n<meta name=\"twitter:card\" content=\"summary_large_image\" \/>\n<meta name=\"twitter:label1\" content=\"Geschatte leestijd\" \/>\n\t<meta name=\"twitter:data1\" content=\"2 minuten\" \/>\n<script type=\"application\/ld+json\" class=\"yoast-schema-graph\">{\"@context\":\"https:\\\/\\\/schema.org\",\"@graph\":[{\"@type\":\"WebPage\",\"@id\":\"https:\\\/\\\/locsshop.eu\\\/shop\\\/manhattan-millionaire-solbriller-gerard-guld-moerke-fade-glas\\\/\",\"url\":\"https:\\\/\\\/locsshop.eu\\\/shop\\\/manhattan-millionaire-solbriller-gerard-guld-moerke-fade-glas\\\/\",\"name\":\"Manhattan Millionaire Solbriller - Gerard | Guld - M\u00f8rke fade glas | K\u00f8b online her | LOCS\",\"isPartOf\":{\"@id\":\"https:\\\/\\\/locsshop.eu\\\/#website\"},\"primaryImageOfPage\":{\"@id\":\"https:\\\/\\\/locsshop.eu\\\/shop\\\/manhattan-millionaire-solbriller-gerard-guld-moerke-fade-glas\\\/#primaryimage\"},\"image\":{\"@id\":\"https:\\\/\\\/locsshop.eu\\\/shop\\\/manhattan-millionaire-solbriller-gerard-guld-moerke-fade-glas\\\/#primaryimage\"},\"thumbnailUrl\":\"https:\\\/\\\/locsshop.eu\\\/wp-content\\\/uploads\\\/2025\\\/07\\\/8MH87072-1.jpg\",\"datePublished\":\"2025-07-04T23:29:49+00:00\",\"dateModified\":\"2026-02-15T19:12:54+00:00\",\"description\":\"K\u00f8b Manhattan Millionaire Solbriller - Gerard | Guld - M\u00f8rke fade glas her | EU's st\u00f8rste udvalg af LOCS solbriller | Vi sender fra EU - Ingen ekstra import udgifter\",\"breadcrumb\":{\"@id\":\"https:\\\/\\\/locsshop.eu\\\/shop\\\/manhattan-millionaire-solbriller-gerard-guld-moerke-fade-glas\\\/#breadcrumb\"},\"inLanguage\":\"nl-NL\",\"potentialAction\":[{\"@type\":\"ReadAction\",\"target\":[\"https:\\\/\\\/locsshop.eu\\\/shop\\\/manhattan-millionaire-solbriller-gerard-guld-moerke-fade-glas\\\/\"]}]},{\"@type\":\"ImageObject\",\"inLanguage\":\"nl-NL\",\"@id\":\"https:\\\/\\\/locsshop.eu\\\/shop\\\/manhattan-millionaire-solbriller-gerard-guld-moerke-fade-glas\\\/#primaryimage\",\"url\":\"https:\\\/\\\/locsshop.eu\\\/wp-content\\\/uploads\\\/2025\\\/07\\\/8MH87072-1.jpg\",\"contentUrl\":\"https:\\\/\\\/locsshop.eu\\\/wp-content\\\/uploads\\\/2025\\\/07\\\/8MH87072-1.jpg\",\"width\":800,\"height\":800},{\"@type\":\"BreadcrumbList\",\"@id\":\"https:\\\/\\\/locsshop.eu\\\/shop\\\/manhattan-millionaire-solbriller-gerard-guld-moerke-fade-glas\\\/#breadcrumb\",\"itemListElement\":[{\"@type\":\"ListItem\",\"position\":1,\"name\":\"Hjem\",\"item\":\"https:\\\/\\\/locsshop.eu\\\/\"},{\"@type\":\"ListItem\",\"position\":2,\"name\":\"Shop\",\"item\":\"https:\\\/\\\/locsshop.eu\\\/shop\\\/\"},{\"@type\":\"ListItem\",\"position\":3,\"name\":\"Manhattan Millionaire Solbriller &#8211; Gerard | Guld &#8211; M\u00f8rke fade glas\"}]},{\"@type\":\"WebSite\",\"@id\":\"https:\\\/\\\/locsshop.eu\\\/#website\",\"url\":\"https:\\\/\\\/locsshop.eu\\\/\",\"name\":\"Locs Sunglasses - LOCS Supplier in EU\",\"description\":\"We sell cheap LOCS Sunglasses\",\"publisher\":{\"@id\":\"https:\\\/\\\/locsshop.eu\\\/#organization\"},\"potentialAction\":[{\"@type\":\"SearchAction\",\"target\":{\"@type\":\"EntryPoint\",\"urlTemplate\":\"https:\\\/\\\/locsshop.eu\\\/?s={search_term_string}\"},\"query-input\":{\"@type\":\"PropertyValueSpecification\",\"valueRequired\":true,\"valueName\":\"search_term_string\"}}],\"inLanguage\":\"nl-NL\"},{\"@type\":\"Organization\",\"@id\":\"https:\\\/\\\/locsshop.eu\\\/#organization\",\"name\":\"Locsshop.eu\",\"url\":\"https:\\\/\\\/locsshop.eu\\\/\",\"logo\":{\"@type\":\"ImageObject\",\"inLanguage\":\"nl-NL\",\"@id\":\"https:\\\/\\\/locsshop.eu\\\/#\\\/schema\\\/logo\\\/image\\\/\",\"url\":\"https:\\\/\\\/locsshop.eu\\\/wp-content\\\/uploads\\\/2022\\\/02\\\/Locsshop-logo.png\",\"contentUrl\":\"https:\\\/\\\/locsshop.eu\\\/wp-content\\\/uploads\\\/2022\\\/02\\\/Locsshop-logo.png\",\"width\":930,\"height\":200,\"caption\":\"Locsshop.eu\"},\"image\":{\"@id\":\"https:\\\/\\\/locsshop.eu\\\/#\\\/schema\\\/logo\\\/image\\\/\"}}]}<\/script>\n<!-- \/ Yoast SEO plugin. -->","yoast_head_json":{"title":"Manhattan Millionaire Solbriller - Gerard | Guld - M\u00f8rke fade glas | K\u00f8b online her | LOCS","description":"K\u00f8b Manhattan Millionaire Solbriller - Gerard | Guld - M\u00f8rke fade glas her | EU's st\u00f8rste udvalg af LOCS solbriller | Vi sender fra EU - Ingen ekstra import udgifter","robots":{"index":"index","follow":"follow","max-snippet":"max-snippet:-1","max-image-preview":"max-image-preview:large","max-video-preview":"max-video-preview:-1"},"canonical":"https:\/\/locsshop.eu\/nl\/shop\/manhattan-millionaire-solbriller-gerard-guld-moerke-fade-glas\/","og_locale":"nl_NL","og_type":"article","og_title":"Manhattan Millionaire Solbriller - Gerard | Guld - M\u00f8rke fade glas | K\u00f8b online her | LOCS","og_description":"K\u00f8b Manhattan Millionaire Solbriller - Gerard | Guld - M\u00f8rke fade glas her | EU's st\u00f8rste udvalg af LOCS solbriller | Vi sender fra EU - Ingen ekstra import udgifter","og_url":"https:\/\/locsshop.eu\/nl\/shop\/manhattan-millionaire-solbriller-gerard-guld-moerke-fade-glas\/","og_site_name":"Locs Sunglasses - LOCS Supplier in EU","article_modified_time":"2026-02-15T19:12:54+00:00","og_image":[{"width":800,"height":800,"url":"https:\/\/locsshop.eu\/wp-content\/uploads\/2025\/07\/8MH87072-1.jpg","type":"image\/jpeg"}],"twitter_card":"summary_large_image","twitter_misc":{"Geschatte leestijd":"2 minuten"},"schema":{"@context":"https:\/\/schema.org","@graph":[{"@type":"WebPage","@id":"https:\/\/locsshop.eu\/shop\/manhattan-millionaire-solbriller-gerard-guld-moerke-fade-glas\/","url":"https:\/\/locsshop.eu\/shop\/manhattan-millionaire-solbriller-gerard-guld-moerke-fade-glas\/","name":"Manhattan Millionaire Solbriller - Gerard | Guld - M\u00f8rke fade glas | K\u00f8b online her | LOCS","isPartOf":{"@id":"https:\/\/locsshop.eu\/#website"},"primaryImageOfPage":{"@id":"https:\/\/locsshop.eu\/shop\/manhattan-millionaire-solbriller-gerard-guld-moerke-fade-glas\/#primaryimage"},"image":{"@id":"https:\/\/locsshop.eu\/shop\/manhattan-millionaire-solbriller-gerard-guld-moerke-fade-glas\/#primaryimage"},"thumbnailUrl":"https:\/\/locsshop.eu\/wp-content\/uploads\/2025\/07\/8MH87072-1.jpg","datePublished":"2025-07-04T23:29:49+00:00","dateModified":"2026-02-15T19:12:54+00:00","description":"K\u00f8b Manhattan Millionaire Solbriller - Gerard | Guld - M\u00f8rke fade glas her | EU's st\u00f8rste udvalg af LOCS solbriller | Vi sender fra EU - Ingen ekstra import udgifter","breadcrumb":{"@id":"https:\/\/locsshop.eu\/shop\/manhattan-millionaire-solbriller-gerard-guld-moerke-fade-glas\/#breadcrumb"},"inLanguage":"nl-NL","potentialAction":[{"@type":"ReadAction","target":["https:\/\/locsshop.eu\/shop\/manhattan-millionaire-solbriller-gerard-guld-moerke-fade-glas\/"]}]},{"@type":"ImageObject","inLanguage":"nl-NL","@id":"https:\/\/locsshop.eu\/shop\/manhattan-millionaire-solbriller-gerard-guld-moerke-fade-glas\/#primaryimage","url":"https:\/\/locsshop.eu\/wp-content\/uploads\/2025\/07\/8MH87072-1.jpg","contentUrl":"https:\/\/locsshop.eu\/wp-content\/uploads\/2025\/07\/8MH87072-1.jpg","width":800,"height":800},{"@type":"BreadcrumbList","@id":"https:\/\/locsshop.eu\/shop\/manhattan-millionaire-solbriller-gerard-guld-moerke-fade-glas\/#breadcrumb","itemListElement":[{"@type":"ListItem","position":1,"name":"Hjem","item":"https:\/\/locsshop.eu\/"},{"@type":"ListItem","position":2,"name":"Shop","item":"https:\/\/locsshop.eu\/shop\/"},{"@type":"ListItem","position":3,"name":"Manhattan Millionaire Solbriller &#8211; Gerard | Guld &#8211; M\u00f8rke fade glas"}]},{"@type":"WebSite","@id":"https:\/\/locsshop.eu\/#website","url":"https:\/\/locsshop.eu\/","name":"Locs zonnebrillen - LOCS leverancier in de EU","description":"Wij verkopen goedkope LOCS zonnebrillen","publisher":{"@id":"https:\/\/locsshop.eu\/#organization"},"potentialAction":[{"@type":"SearchAction","target":{"@type":"EntryPoint","urlTemplate":"https:\/\/locsshop.eu\/?s={search_term_string}"},"query-input":{"@type":"PropertyValueSpecification","valueRequired":true,"valueName":"search_term_string"}}],"inLanguage":"nl-NL"},{"@type":"Organization","@id":"https:\/\/locsshop.eu\/#organization","name":"Locsshop.eu","url":"https:\/\/locsshop.eu\/","logo":{"@type":"ImageObject","inLanguage":"nl-NL","@id":"https:\/\/locsshop.eu\/#\/schema\/logo\/image\/","url":"https:\/\/locsshop.eu\/wp-content\/uploads\/2022\/02\/Locsshop-logo.png","contentUrl":"https:\/\/locsshop.eu\/wp-content\/uploads\/2022\/02\/Locsshop-logo.png","width":930,"height":200,"caption":"Locsshop.eu"},"image":{"@id":"https:\/\/locsshop.eu\/#\/schema\/logo\/image\/"}}]}},"_links":{"self":[{"href":"https:\/\/locsshop.eu\/nl\/wp-json\/wp\/v2\/product\/14244","targetHints":{"allow":["GET"]}}],"collection":[{"href":"https:\/\/locsshop.eu\/nl\/wp-json\/wp\/v2\/product"}],"about":[{"href":"https:\/\/locsshop.eu\/nl\/wp-json\/wp\/v2\/types\/product"}],"replies":[{"embeddable":true,"href":"https:\/\/locsshop.eu\/nl\/wp-json\/wp\/v2\/comments?post=14244"}],"wp:featuredmedia":[{"embeddable":true,"href":"https:\/\/locsshop.eu\/nl\/wp-json\/wp\/v2\/media\/14243"}],"wp:attachment":[{"href":"https:\/\/locsshop.eu\/nl\/wp-json\/wp\/v2\/media?parent=14244"}],"wp:term":[{"taxonomy":"product_brand","embeddable":true,"href":"https:\/\/locsshop.eu\/nl\/wp-json\/wp\/v2\/product_brand?post=14244"},{"taxonomy":"product_cat","embeddable":true,"href":"https:\/\/locsshop.eu\/nl\/wp-json\/wp\/v2\/product_cat?post=14244"},{"taxonomy":"product_tag","embeddable":true,"href":"https:\/\/locsshop.eu\/nl\/wp-json\/wp\/v2\/product_tag?post=14244"}],"curies":[{"name":"wp","href":"https:\/\/api.w.org\/{rel}","templated":true}]}}