{"id":14533,"date":"2025-11-24T11:07:19","date_gmt":"2025-11-24T10:07:19","guid":{"rendered":"https:\/\/locsshop.eu\/shop\/locs-solbriller-mat-chulo-mirror-blaa-spejlglas\/"},"modified":"2025-11-24T16:36:01","modified_gmt":"2025-11-24T15:36:01","slug":"locs-solbriller-mat-chulo-mirror-blaa-spejlglas","status":"publish","type":"product","link":"https:\/\/locsshop.eu\/nl\/shop\/locs-solbriller-mat-chulo-mirror-blaa-spejlglas\/","title":{"rendered":"Locs zonnebril \u2013 Matte Chulo Mirror | Blauwe spiegelglazen"},"content":{"rendered":"<h2><strong>Matte Locs-zonnebril met een opvallend, groot Locs-logo, prachtige brede zilveren metalen strepen en gespiegelde lenzen<\/strong><\/h2>\n<h4>Klassieke Locs zonnebril met een supercool logo en een mat montuur dat coolheid uitstraalt. Als je van LOCS zonnebrillen houdt, dan is deze een must-have!<\/h4>\n<h4>Locs Sunglasses is een populair Amerikaans zonnebrillenmerk dat bekend staat om zijn hardcore attitude. Als een van de meest gewilde zonnebrillenmerken in de VS en internationaal, heeft Locs door de jaren heen zijn kenmerkende ontwerpen en felle stijl behouden.<br \/>\nLocs zonnebrillen hebben coole logo&#039;s, leuke details en een stijl die net iets stoerder is dan andere. Perfect voor degenen onder u die een beetje een houding hebben.<\/h4>\n<p>&nbsp;<\/p>\n<h4><strong><em>Details:<br \/>\n<\/em><\/strong><br \/>\nBinnenbreedte: 14,1 cm<br \/>\nHoogte: 4,7 cm<br \/>\nStanglengte: 13,5 cm<br \/>\noppervlak: Mat<\/h4>\n<h4>Materiaal: kunststof en metaal<br \/>\nUV400-bescherming<br \/>\nCE goedgekeurd<\/h4>\n<h4><img loading=\"lazy\" decoding=\"async\" class=\"alignnone wp-image-10637 size-thumbnail\" src=\"https:\/\/bazarsalg.dk\/wp-content\/uploads\/Locs-Logo-280x280.jpg\" alt=\"\" width=\"280\" height=\"280\" \/><\/h4>\n<h4><em>LOCS-geschiedenis<\/em><\/h4>\n<p><em>In de jaren 70 en 80 waren de Locs-zonnebrillen erg populair onder jongeren en bepaalden ze de LA-look. Be\u00efnvloed door de Latijns-Amerikaanse cultuur van Los Angeles en afgeleid van het Spaanse woord &quot;loco&quot; (gek), werden ze oorspronkelijk gedragen door cholos en werden later populair onder alle gangsters in de omgeving van LA. Bendeleden verwezen naar sommige van hun meer wilde en actieve of zelfs geestelijk gestoorde leden als &quot;loco&quot;. Later werd de term en het bijbehorende gedrag erg populair bij met name de Crips en in mindere mate bij de Bloods. Het was zo gewoon in het spraakgebruik van Crip dat het werd afgekort tot Loc en als achtervoegsel werd gebruikt in de namen van sommige bendeleden.<\/em><\/p>\n<p><em>in de jaren negentig droegen veel van de grootste rappers ook Locs-zonnebrillen, bijvoorbeeld Eazy E, Snoop Dogg en vele andere bekende rappers. Dus de zonnebril werd bekend en werd in veel verschillende Amerikaanse gangsterfilms gedragen.<\/em><\/p>\n<p><em>Tegenwoordig zijn Locs-zonnebrillen niet alleen populair in Californi\u00eb, maar nu ook in de Verenigde Staten en de rest van de wereld. Het merk heeft nu een grotere aantrekkingskracht op alle consumentengroepen. Een van de redenen voor deze populariteit is de verheerlijking van het LA Gangster-profiel via muziek, films en natuurlijk de media. Omdat gangster-rappers constant in de media waren voor negatieve pers, werden ze gezien met deze hardcore bril en de stijl verspreidde zich snel door de straten van Los Angeles! Met de toenemende populariteit hielp het hen snel de mainstream over te steken en is het nu populair bij beroemde artiesten en acteurs.<br \/>\n<img loading=\"lazy\" decoding=\"async\" class=\"alignnone size-full wp-image-15275\" src=\"https:\/\/bazarsalg.dk\/wp-content\/uploads\/US-STYLE-LOCS-PRODUCT-BANNER-small-1.jpg\" alt=\"\" width=\"936\" height=\"585\" \/><br \/>\n<\/em><\/p>","protected":false},"excerpt":{"rendered":"<p><strong>LOCS \u2013 8LOC91216MBRV<\/strong><br \/>\nZwart mat frame<br \/>\nGekleurd spiegelglas<br \/>\nMetalen details<br \/>\nUV400<br \/>\nCE-goedgekeurd<\/p>\n<p><img loading=\"lazy\" decoding=\"async\" class=\"alignnone wp-image-10637\" src=\"https:\/\/bazarsalg.dk\/wp-content\/uploads\/Locs-Logo.jpg\" alt=\"\" width=\"200\" height=\"200\" \/><\/p>","protected":false},"featured_media":14532,"comment_status":"open","ping_status":"closed","template":"","meta":{"om_disable_all_campaigns":false,"_monsterinsights_skip_tracking":false,"_monsterinsights_sitenote_active":false,"_monsterinsights_sitenote_note":"","_monsterinsights_sitenote_category":0},"product_brand":[],"product_cat":[1101,1049],"product_tag":[1662,1100,870],"class_list":{"0":"post-14533","1":"product","2":"type-product","3":"status-publish","4":"has-post-thumbnail","6":"product_cat-locs-solbriller","7":"product_cat-premium-solbriller","8":"product_tag-8loc91216mbrv","9":"product_tag-locs","10":"product_tag-p693","12":"first","13":"instock","14":"shipping-taxable","15":"purchasable","16":"product-type-simple"},"yoast_head":"<!-- This site is optimized with the Yoast SEO plugin v27.2 - https:\/\/yoast.com\/product\/yoast-seo-wordpress\/ -->\n<title>Locs Solbriller - Mat Chulo Mirror | Bl\u00e5 spejlglas | K\u00f8b online her | LOCS<\/title>\n<meta name=\"description\" content=\"K\u00f8b Locs Solbriller - Mat Chulo Mirror | Bl\u00e5 spejlglas her | EU&#039;s st\u00f8rste udvalg af LOCS solbriller | Vi sender fra EU - Ingen ekstra import udgifter\" \/>\n<meta name=\"robots\" content=\"index, follow, max-snippet:-1, max-image-preview:large, max-video-preview:-1\" \/>\n<link rel=\"canonical\" href=\"https:\/\/locsshop.eu\/nl\/shop\/locs-solbriller-mat-chulo-mirror-blaa-spejlglas\/\" \/>\n<meta property=\"og:locale\" content=\"nl_NL\" \/>\n<meta property=\"og:type\" content=\"article\" \/>\n<meta property=\"og:title\" content=\"Locs Solbriller - Mat Chulo Mirror | Bl\u00e5 spejlglas | K\u00f8b online her | LOCS\" \/>\n<meta property=\"og:description\" content=\"K\u00f8b Locs Solbriller - Mat Chulo Mirror | Bl\u00e5 spejlglas her | EU&#039;s st\u00f8rste udvalg af LOCS solbriller | Vi sender fra EU - Ingen ekstra import udgifter\" \/>\n<meta property=\"og:url\" content=\"https:\/\/locsshop.eu\/nl\/shop\/locs-solbriller-mat-chulo-mirror-blaa-spejlglas\/\" \/>\n<meta property=\"og:site_name\" content=\"Locs Sunglasses - LOCS Supplier in EU\" \/>\n<meta property=\"article:modified_time\" content=\"2025-11-24T15:36:01+00:00\" \/>\n<meta property=\"og:image\" content=\"https:\/\/locsshop.eu\/wp-content\/uploads\/2025\/11\/8LOC91216-MBRV-1.jpg\" \/>\n\t<meta property=\"og:image:width\" content=\"800\" \/>\n\t<meta property=\"og:image:height\" content=\"800\" \/>\n\t<meta property=\"og:image:type\" content=\"image\/jpeg\" \/>\n<meta name=\"twitter:card\" content=\"summary_large_image\" \/>\n<meta name=\"twitter:label1\" content=\"Geschatte leestijd\" \/>\n\t<meta name=\"twitter:data1\" content=\"2 minuten\" \/>\n<script type=\"application\/ld+json\" class=\"yoast-schema-graph\">{\"@context\":\"https:\/\/schema.org\",\"@graph\":[{\"@type\":\"WebPage\",\"@id\":\"https:\/\/locsshop.eu\/shop\/locs-solbriller-mat-chulo-mirror-blaa-spejlglas\/\",\"url\":\"https:\/\/locsshop.eu\/shop\/locs-solbriller-mat-chulo-mirror-blaa-spejlglas\/\",\"name\":\"Locs Solbriller - Mat Chulo Mirror | Bl\u00e5 spejlglas | K\u00f8b online her | LOCS\",\"isPartOf\":{\"@id\":\"https:\/\/locsshop.eu\/#website\"},\"primaryImageOfPage\":{\"@id\":\"https:\/\/locsshop.eu\/shop\/locs-solbriller-mat-chulo-mirror-blaa-spejlglas\/#primaryimage\"},\"image\":{\"@id\":\"https:\/\/locsshop.eu\/shop\/locs-solbriller-mat-chulo-mirror-blaa-spejlglas\/#primaryimage\"},\"thumbnailUrl\":\"https:\/\/locsshop.eu\/wp-content\/uploads\/2025\/11\/8LOC91216-MBRV-1.jpg\",\"datePublished\":\"2025-11-24T10:07:19+00:00\",\"dateModified\":\"2025-11-24T15:36:01+00:00\",\"description\":\"K\u00f8b Locs Solbriller - Mat Chulo Mirror | Bl\u00e5 spejlglas her | EU's st\u00f8rste udvalg af LOCS solbriller | Vi sender fra EU - Ingen ekstra import udgifter\",\"breadcrumb\":{\"@id\":\"https:\/\/locsshop.eu\/shop\/locs-solbriller-mat-chulo-mirror-blaa-spejlglas\/#breadcrumb\"},\"inLanguage\":\"nl-NL\",\"potentialAction\":[{\"@type\":\"ReadAction\",\"target\":[\"https:\/\/locsshop.eu\/shop\/locs-solbriller-mat-chulo-mirror-blaa-spejlglas\/\"]}]},{\"@type\":\"ImageObject\",\"inLanguage\":\"nl-NL\",\"@id\":\"https:\/\/locsshop.eu\/shop\/locs-solbriller-mat-chulo-mirror-blaa-spejlglas\/#primaryimage\",\"url\":\"https:\/\/locsshop.eu\/wp-content\/uploads\/2025\/11\/8LOC91216-MBRV-1.jpg\",\"contentUrl\":\"https:\/\/locsshop.eu\/wp-content\/uploads\/2025\/11\/8LOC91216-MBRV-1.jpg\",\"width\":800,\"height\":800},{\"@type\":\"BreadcrumbList\",\"@id\":\"https:\/\/locsshop.eu\/shop\/locs-solbriller-mat-chulo-mirror-blaa-spejlglas\/#breadcrumb\",\"itemListElement\":[{\"@type\":\"ListItem\",\"position\":1,\"name\":\"Hjem\",\"item\":\"https:\/\/locsshop.eu\/\"},{\"@type\":\"ListItem\",\"position\":2,\"name\":\"Shop\",\"item\":\"https:\/\/locsshop.eu\/shop\/\"},{\"@type\":\"ListItem\",\"position\":3,\"name\":\"Locs Solbriller &#8211; Mat Chulo Mirror | Bl\u00e5 spejlglas\"}]},{\"@type\":\"WebSite\",\"@id\":\"https:\/\/locsshop.eu\/#website\",\"url\":\"https:\/\/locsshop.eu\/\",\"name\":\"Locs Sunglasses - LOCS Supplier in EU\",\"description\":\"We sell cheap LOCS Sunglasses\",\"publisher\":{\"@id\":\"https:\/\/locsshop.eu\/#organization\"},\"potentialAction\":[{\"@type\":\"SearchAction\",\"target\":{\"@type\":\"EntryPoint\",\"urlTemplate\":\"https:\/\/locsshop.eu\/?s={search_term_string}\"},\"query-input\":{\"@type\":\"PropertyValueSpecification\",\"valueRequired\":true,\"valueName\":\"search_term_string\"}}],\"inLanguage\":\"nl-NL\"},{\"@type\":\"Organization\",\"@id\":\"https:\/\/locsshop.eu\/#organization\",\"name\":\"Locsshop.eu\",\"url\":\"https:\/\/locsshop.eu\/\",\"logo\":{\"@type\":\"ImageObject\",\"inLanguage\":\"nl-NL\",\"@id\":\"https:\/\/locsshop.eu\/#\/schema\/logo\/image\/\",\"url\":\"https:\/\/locsshop.eu\/wp-content\/uploads\/2022\/02\/Locsshop-logo.png\",\"contentUrl\":\"https:\/\/locsshop.eu\/wp-content\/uploads\/2022\/02\/Locsshop-logo.png\",\"width\":930,\"height\":200,\"caption\":\"Locsshop.eu\"},\"image\":{\"@id\":\"https:\/\/locsshop.eu\/#\/schema\/logo\/image\/\"}}]}<\/script>\n<!-- \/ Yoast SEO plugin. -->","yoast_head_json":{"title":"Locs zonnebril - Mat Chulo Mirror | Blauwe spiegelglazen | Koop hier online | LOCS","description":"Koop hier de Locs zonnebril - Mat Chulo Mirror | Blauwe spiegelglazen | Grootste selectie Locs zonnebrillen in de EU | Wij verzenden vanuit de EU - Geen extra invoerkosten","robots":{"index":"index","follow":"follow","max-snippet":"max-snippet:-1","max-image-preview":"max-image-preview:large","max-video-preview":"max-video-preview:-1"},"canonical":"https:\/\/locsshop.eu\/nl\/shop\/locs-solbriller-mat-chulo-mirror-blaa-spejlglas\/","og_locale":"nl_NL","og_type":"article","og_title":"Locs Solbriller - Mat Chulo Mirror | Bl\u00e5 spejlglas | K\u00f8b online her | LOCS","og_description":"K\u00f8b Locs Solbriller - Mat Chulo Mirror | Bl\u00e5 spejlglas her | EU's st\u00f8rste udvalg af LOCS solbriller | Vi sender fra EU - Ingen ekstra import udgifter","og_url":"https:\/\/locsshop.eu\/nl\/shop\/locs-solbriller-mat-chulo-mirror-blaa-spejlglas\/","og_site_name":"Locs Sunglasses - LOCS Supplier in EU","article_modified_time":"2025-11-24T15:36:01+00:00","og_image":[{"width":800,"height":800,"url":"https:\/\/locsshop.eu\/wp-content\/uploads\/2025\/11\/8LOC91216-MBRV-1.jpg","type":"image\/jpeg"}],"twitter_card":"summary_large_image","twitter_misc":{"Geschatte leestijd":"2 minuten"},"schema":{"@context":"https:\/\/schema.org","@graph":[{"@type":"WebPage","@id":"https:\/\/locsshop.eu\/shop\/locs-solbriller-mat-chulo-mirror-blaa-spejlglas\/","url":"https:\/\/locsshop.eu\/shop\/locs-solbriller-mat-chulo-mirror-blaa-spejlglas\/","name":"Locs zonnebril - Mat Chulo Mirror | Blauwe spiegelglazen | Koop hier online | LOCS","isPartOf":{"@id":"https:\/\/locsshop.eu\/#website"},"primaryImageOfPage":{"@id":"https:\/\/locsshop.eu\/shop\/locs-solbriller-mat-chulo-mirror-blaa-spejlglas\/#primaryimage"},"image":{"@id":"https:\/\/locsshop.eu\/shop\/locs-solbriller-mat-chulo-mirror-blaa-spejlglas\/#primaryimage"},"thumbnailUrl":"https:\/\/locsshop.eu\/wp-content\/uploads\/2025\/11\/8LOC91216-MBRV-1.jpg","datePublished":"2025-11-24T10:07:19+00:00","dateModified":"2025-11-24T15:36:01+00:00","description":"Koop hier de Locs zonnebril - Mat Chulo Mirror | Blauwe spiegelglazen | Grootste selectie Locs zonnebrillen in de EU | Wij verzenden vanuit de EU - Geen extra invoerkosten","breadcrumb":{"@id":"https:\/\/locsshop.eu\/shop\/locs-solbriller-mat-chulo-mirror-blaa-spejlglas\/#breadcrumb"},"inLanguage":"nl-NL","potentialAction":[{"@type":"ReadAction","target":["https:\/\/locsshop.eu\/shop\/locs-solbriller-mat-chulo-mirror-blaa-spejlglas\/"]}]},{"@type":"ImageObject","inLanguage":"nl-NL","@id":"https:\/\/locsshop.eu\/shop\/locs-solbriller-mat-chulo-mirror-blaa-spejlglas\/#primaryimage","url":"https:\/\/locsshop.eu\/wp-content\/uploads\/2025\/11\/8LOC91216-MBRV-1.jpg","contentUrl":"https:\/\/locsshop.eu\/wp-content\/uploads\/2025\/11\/8LOC91216-MBRV-1.jpg","width":800,"height":800},{"@type":"BreadcrumbList","@id":"https:\/\/locsshop.eu\/shop\/locs-solbriller-mat-chulo-mirror-blaa-spejlglas\/#breadcrumb","itemListElement":[{"@type":"ListItem","position":1,"name":"Hjem","item":"https:\/\/locsshop.eu\/"},{"@type":"ListItem","position":2,"name":"Shop","item":"https:\/\/locsshop.eu\/shop\/"},{"@type":"ListItem","position":3,"name":"Locs Solbriller &#8211; Mat Chulo Mirror | Bl\u00e5 spejlglas"}]},{"@type":"WebSite","@id":"https:\/\/locsshop.eu\/#website","url":"https:\/\/locsshop.eu\/","name":"Locs zonnebrillen - LOCS leverancier in de EU","description":"Wij verkopen goedkope LOCS zonnebrillen","publisher":{"@id":"https:\/\/locsshop.eu\/#organization"},"potentialAction":[{"@type":"SearchAction","target":{"@type":"EntryPoint","urlTemplate":"https:\/\/locsshop.eu\/?s={search_term_string}"},"query-input":{"@type":"PropertyValueSpecification","valueRequired":true,"valueName":"search_term_string"}}],"inLanguage":"nl-NL"},{"@type":"Organization","@id":"https:\/\/locsshop.eu\/#organization","name":"Locsshop.eu","url":"https:\/\/locsshop.eu\/","logo":{"@type":"ImageObject","inLanguage":"nl-NL","@id":"https:\/\/locsshop.eu\/#\/schema\/logo\/image\/","url":"https:\/\/locsshop.eu\/wp-content\/uploads\/2022\/02\/Locsshop-logo.png","contentUrl":"https:\/\/locsshop.eu\/wp-content\/uploads\/2022\/02\/Locsshop-logo.png","width":930,"height":200,"caption":"Locsshop.eu"},"image":{"@id":"https:\/\/locsshop.eu\/#\/schema\/logo\/image\/"}}]}},"_links":{"self":[{"href":"https:\/\/locsshop.eu\/nl\/wp-json\/wp\/v2\/product\/14533","targetHints":{"allow":["GET"]}}],"collection":[{"href":"https:\/\/locsshop.eu\/nl\/wp-json\/wp\/v2\/product"}],"about":[{"href":"https:\/\/locsshop.eu\/nl\/wp-json\/wp\/v2\/types\/product"}],"replies":[{"embeddable":true,"href":"https:\/\/locsshop.eu\/nl\/wp-json\/wp\/v2\/comments?post=14533"}],"wp:featuredmedia":[{"embeddable":true,"href":"https:\/\/locsshop.eu\/nl\/wp-json\/wp\/v2\/media\/14532"}],"wp:attachment":[{"href":"https:\/\/locsshop.eu\/nl\/wp-json\/wp\/v2\/media?parent=14533"}],"wp:term":[{"taxonomy":"product_brand","embeddable":true,"href":"https:\/\/locsshop.eu\/nl\/wp-json\/wp\/v2\/product_brand?post=14533"},{"taxonomy":"product_cat","embeddable":true,"href":"https:\/\/locsshop.eu\/nl\/wp-json\/wp\/v2\/product_cat?post=14533"},{"taxonomy":"product_tag","embeddable":true,"href":"https:\/\/locsshop.eu\/nl\/wp-json\/wp\/v2\/product_tag?post=14533"}],"curies":[{"name":"wp","href":"https:\/\/api.w.org\/{rel}","templated":true}]}}