{"id":5715,"date":"2021-09-19T09:41:16","date_gmt":"2021-09-19T07:41:16","guid":{"rendered":"https:\/\/locsshop.eu\/shop\/opbevaringskasse-8-solbriller\/"},"modified":"2026-02-25T23:01:33","modified_gmt":"2026-02-25T22:01:33","slug":"opbevaringskasse-8-solbriller","status":"publish","type":"product","link":"https:\/\/locsshop.eu\/nl\/shop\/opbevaringskasse-8-solbriller\/","title":{"rendered":"Opbergdoos voor 8 zonnebrillen"},"content":{"rendered":"<h2>Mooie opbergkoffer voor 8 zonnebrillen<\/h2>\n<p>De elegante brillen\/zonnebril opbergdoos heeft ruimte voor 8 zonnebrillen. De box heeft een elegante zwarte kleur en witte naden die elegantie en stijl toevoegen aan het geheel.<br \/>\nHet deksel van de doos is transparant, zodat de doos niet alleen gebruikt kan worden voor opslag, maar ook voor de elegante presentatie van de inhoud.<br \/>\nDe doos zal een goed en nuttig geschenk zijn, dat zeker door iedereen zal worden gewaardeerd. Hij past in elk interieur en kan zowel door dames als heren worden gedragen.<br \/>\nBinnenin is het opgevuld met een zacht materiaal dat de inhoud tegen krassen beschermt. De kamers zijn gescheiden door hogere wanden die de opgeslagen glazen beschermen tegen ongewenst contact.<\/p>\n<p>Afmeting: 34 x 24,5 x 7,5 cm.<\/p>\n<p>(Zonnebril niet inbegrepen)<\/p>","protected":false},"excerpt":{"rendered":"<ul>\n<li>Opbergdoos voor brillen en zonnebrillen.<\/li>\n<li>Kan 8 zonnebrillen\/brillen bevatten.<\/li>\n<li>Perfect om in huis te hebben of in je winkel.<\/li>\n<li>Voorkom krassen en stof op je zonnebril\/bril.<\/li>\n<li>Perfect voor je inloop<\/li>\n<\/ul>","protected":false},"featured_media":7649,"comment_status":"open","ping_status":"closed","template":"","meta":{"om_disable_all_campaigns":false,"_monsterinsights_skip_tracking":false,"_monsterinsights_sitenote_active":false,"_monsterinsights_sitenote_note":"","_monsterinsights_sitenote_category":0},"product_brand":[],"product_cat":[1041],"product_tag":[504,505,507,713],"class_list":{"0":"post-5715","1":"product","2":"type-product","3":"status-publish","4":"has-post-thumbnail","6":"product_cat-etuier-tilbehoer","7":"product_tag-aeske","8":"product_tag-boks","9":"product_tag-opbevaring","10":"product_tag-s1544","12":"first","13":"instock","14":"shipping-taxable","15":"purchasable","16":"product-type-simple"},"yoast_head":"<!-- This site is optimized with the Yoast SEO plugin v27.2 - https:\/\/yoast.com\/product\/yoast-seo-wordpress\/ -->\n<title>Opbevaringskasse til 8 solbriller | K\u00f8b online her | LOCS<\/title>\n<meta name=\"description\" content=\"K\u00f8b Opbevaringskasse til 8 solbriller her | EU&#039;s st\u00f8rste udvalg af LOCS solbriller | Vi sender fra EU - Ingen ekstra import udgifter\" \/>\n<meta name=\"robots\" content=\"index, follow, max-snippet:-1, max-image-preview:large, max-video-preview:-1\" \/>\n<link rel=\"canonical\" href=\"https:\/\/locsshop.eu\/nl\/shop\/opbevaringskasse-8-solbriller\/\" \/>\n<meta property=\"og:locale\" content=\"nl_NL\" \/>\n<meta property=\"og:type\" content=\"article\" \/>\n<meta property=\"og:title\" content=\"Opbevaringskasse til 8 solbriller | K\u00f8b online her | LOCS\" \/>\n<meta property=\"og:description\" content=\"K\u00f8b Opbevaringskasse til 8 solbriller her | EU&#039;s st\u00f8rste udvalg af LOCS solbriller | Vi sender fra EU - Ingen ekstra import udgifter\" \/>\n<meta property=\"og:url\" content=\"https:\/\/locsshop.eu\/nl\/shop\/opbevaringskasse-8-solbriller\/\" \/>\n<meta property=\"og:site_name\" content=\"Locs Sunglasses - LOCS Supplier in EU\" \/>\n<meta property=\"article:modified_time\" content=\"2026-02-25T22:01:33+00:00\" \/>\n<meta property=\"og:image\" content=\"https:\/\/locsshop.eu\/wp-content\/uploads\/2021\/09\/aeske-til-8-stk-solbriller-2-1.jpg\" \/>\n\t<meta property=\"og:image:width\" content=\"800\" \/>\n\t<meta property=\"og:image:height\" content=\"800\" \/>\n\t<meta property=\"og:image:type\" content=\"image\/jpeg\" \/>\n<meta name=\"twitter:card\" content=\"summary_large_image\" \/>\n<meta name=\"twitter:label1\" content=\"Geschatte leestijd\" \/>\n\t<meta name=\"twitter:data1\" content=\"1 minuut\" \/>\n<script type=\"application\/ld+json\" class=\"yoast-schema-graph\">{\"@context\":\"https:\/\/schema.org\",\"@graph\":[{\"@type\":\"WebPage\",\"@id\":\"https:\/\/locsshop.eu\/shop\/opbevaringskasse-8-solbriller\/\",\"url\":\"https:\/\/locsshop.eu\/shop\/opbevaringskasse-8-solbriller\/\",\"name\":\"Opbevaringskasse til 8 solbriller | K\u00f8b online her | LOCS\",\"isPartOf\":{\"@id\":\"https:\/\/locsshop.eu\/#website\"},\"primaryImageOfPage\":{\"@id\":\"https:\/\/locsshop.eu\/shop\/opbevaringskasse-8-solbriller\/#primaryimage\"},\"image\":{\"@id\":\"https:\/\/locsshop.eu\/shop\/opbevaringskasse-8-solbriller\/#primaryimage\"},\"thumbnailUrl\":\"https:\/\/locsshop.eu\/wp-content\/uploads\/2021\/09\/aeske-til-8-stk-solbriller-2-1.jpg\",\"datePublished\":\"2021-09-19T07:41:16+00:00\",\"dateModified\":\"2026-02-25T22:01:33+00:00\",\"description\":\"K\u00f8b Opbevaringskasse til 8 solbriller her | EU's st\u00f8rste udvalg af LOCS solbriller | Vi sender fra EU - Ingen ekstra import udgifter\",\"breadcrumb\":{\"@id\":\"https:\/\/locsshop.eu\/shop\/opbevaringskasse-8-solbriller\/#breadcrumb\"},\"inLanguage\":\"nl-NL\",\"potentialAction\":[{\"@type\":\"ReadAction\",\"target\":[\"https:\/\/locsshop.eu\/shop\/opbevaringskasse-8-solbriller\/\"]}]},{\"@type\":\"ImageObject\",\"inLanguage\":\"nl-NL\",\"@id\":\"https:\/\/locsshop.eu\/shop\/opbevaringskasse-8-solbriller\/#primaryimage\",\"url\":\"https:\/\/locsshop.eu\/wp-content\/uploads\/2021\/09\/aeske-til-8-stk-solbriller-2-1.jpg\",\"contentUrl\":\"https:\/\/locsshop.eu\/wp-content\/uploads\/2021\/09\/aeske-til-8-stk-solbriller-2-1.jpg\",\"width\":800,\"height\":800},{\"@type\":\"BreadcrumbList\",\"@id\":\"https:\/\/locsshop.eu\/shop\/opbevaringskasse-8-solbriller\/#breadcrumb\",\"itemListElement\":[{\"@type\":\"ListItem\",\"position\":1,\"name\":\"Hjem\",\"item\":\"https:\/\/locsshop.eu\/\"},{\"@type\":\"ListItem\",\"position\":2,\"name\":\"Shop\",\"item\":\"https:\/\/locsshop.eu\/shop\/\"},{\"@type\":\"ListItem\",\"position\":3,\"name\":\"Opbevaringskasse til 8 solbriller\"}]},{\"@type\":\"WebSite\",\"@id\":\"https:\/\/locsshop.eu\/#website\",\"url\":\"https:\/\/locsshop.eu\/\",\"name\":\"Locs Sunglasses - LOCS Supplier in EU\",\"description\":\"We sell cheap LOCS Sunglasses\",\"publisher\":{\"@id\":\"https:\/\/locsshop.eu\/#organization\"},\"potentialAction\":[{\"@type\":\"SearchAction\",\"target\":{\"@type\":\"EntryPoint\",\"urlTemplate\":\"https:\/\/locsshop.eu\/?s={search_term_string}\"},\"query-input\":{\"@type\":\"PropertyValueSpecification\",\"valueRequired\":true,\"valueName\":\"search_term_string\"}}],\"inLanguage\":\"nl-NL\"},{\"@type\":\"Organization\",\"@id\":\"https:\/\/locsshop.eu\/#organization\",\"name\":\"Locsshop.eu\",\"url\":\"https:\/\/locsshop.eu\/\",\"logo\":{\"@type\":\"ImageObject\",\"inLanguage\":\"nl-NL\",\"@id\":\"https:\/\/locsshop.eu\/#\/schema\/logo\/image\/\",\"url\":\"https:\/\/locsshop.eu\/wp-content\/uploads\/2022\/02\/Locsshop-logo.png\",\"contentUrl\":\"https:\/\/locsshop.eu\/wp-content\/uploads\/2022\/02\/Locsshop-logo.png\",\"width\":930,\"height\":200,\"caption\":\"Locsshop.eu\"},\"image\":{\"@id\":\"https:\/\/locsshop.eu\/#\/schema\/logo\/image\/\"}}]}<\/script>\n<!-- \/ Yoast SEO plugin. -->","yoast_head_json":{"title":"Opbergbox voor 8 zonnebrillen | Koop hier online | LOCS","description":"Koop hier Opbergetui voor 8 zonnebrillen | De grootste selectie LOCS-zonnebrillen in de EU | Wij verzenden vanuit de EU - Geen extra invoerkosten","robots":{"index":"index","follow":"follow","max-snippet":"max-snippet:-1","max-image-preview":"max-image-preview:large","max-video-preview":"max-video-preview:-1"},"canonical":"https:\/\/locsshop.eu\/nl\/shop\/opbevaringskasse-8-solbriller\/","og_locale":"nl_NL","og_type":"article","og_title":"Opbevaringskasse til 8 solbriller | K\u00f8b online her | LOCS","og_description":"K\u00f8b Opbevaringskasse til 8 solbriller her | EU's st\u00f8rste udvalg af LOCS solbriller | Vi sender fra EU - Ingen ekstra import udgifter","og_url":"https:\/\/locsshop.eu\/nl\/shop\/opbevaringskasse-8-solbriller\/","og_site_name":"Locs Sunglasses - LOCS Supplier in EU","article_modified_time":"2026-02-25T22:01:33+00:00","og_image":[{"width":800,"height":800,"url":"https:\/\/locsshop.eu\/wp-content\/uploads\/2021\/09\/aeske-til-8-stk-solbriller-2-1.jpg","type":"image\/jpeg"}],"twitter_card":"summary_large_image","twitter_misc":{"Geschatte leestijd":"1 minuut"},"schema":{"@context":"https:\/\/schema.org","@graph":[{"@type":"WebPage","@id":"https:\/\/locsshop.eu\/shop\/opbevaringskasse-8-solbriller\/","url":"https:\/\/locsshop.eu\/shop\/opbevaringskasse-8-solbriller\/","name":"Opbergbox voor 8 zonnebrillen | Koop hier online | LOCS","isPartOf":{"@id":"https:\/\/locsshop.eu\/#website"},"primaryImageOfPage":{"@id":"https:\/\/locsshop.eu\/shop\/opbevaringskasse-8-solbriller\/#primaryimage"},"image":{"@id":"https:\/\/locsshop.eu\/shop\/opbevaringskasse-8-solbriller\/#primaryimage"},"thumbnailUrl":"https:\/\/locsshop.eu\/wp-content\/uploads\/2021\/09\/aeske-til-8-stk-solbriller-2-1.jpg","datePublished":"2021-09-19T07:41:16+00:00","dateModified":"2026-02-25T22:01:33+00:00","description":"Koop hier Opbergetui voor 8 zonnebrillen | De grootste selectie LOCS-zonnebrillen in de EU | Wij verzenden vanuit de EU - Geen extra invoerkosten","breadcrumb":{"@id":"https:\/\/locsshop.eu\/shop\/opbevaringskasse-8-solbriller\/#breadcrumb"},"inLanguage":"nl-NL","potentialAction":[{"@type":"ReadAction","target":["https:\/\/locsshop.eu\/shop\/opbevaringskasse-8-solbriller\/"]}]},{"@type":"ImageObject","inLanguage":"nl-NL","@id":"https:\/\/locsshop.eu\/shop\/opbevaringskasse-8-solbriller\/#primaryimage","url":"https:\/\/locsshop.eu\/wp-content\/uploads\/2021\/09\/aeske-til-8-stk-solbriller-2-1.jpg","contentUrl":"https:\/\/locsshop.eu\/wp-content\/uploads\/2021\/09\/aeske-til-8-stk-solbriller-2-1.jpg","width":800,"height":800},{"@type":"BreadcrumbList","@id":"https:\/\/locsshop.eu\/shop\/opbevaringskasse-8-solbriller\/#breadcrumb","itemListElement":[{"@type":"ListItem","position":1,"name":"Hjem","item":"https:\/\/locsshop.eu\/"},{"@type":"ListItem","position":2,"name":"Shop","item":"https:\/\/locsshop.eu\/shop\/"},{"@type":"ListItem","position":3,"name":"Opbevaringskasse til 8 solbriller"}]},{"@type":"WebSite","@id":"https:\/\/locsshop.eu\/#website","url":"https:\/\/locsshop.eu\/","name":"Locs zonnebrillen - LOCS leverancier in de EU","description":"Wij verkopen goedkope LOCS zonnebrillen","publisher":{"@id":"https:\/\/locsshop.eu\/#organization"},"potentialAction":[{"@type":"SearchAction","target":{"@type":"EntryPoint","urlTemplate":"https:\/\/locsshop.eu\/?s={search_term_string}"},"query-input":{"@type":"PropertyValueSpecification","valueRequired":true,"valueName":"search_term_string"}}],"inLanguage":"nl-NL"},{"@type":"Organization","@id":"https:\/\/locsshop.eu\/#organization","name":"Locsshop.eu","url":"https:\/\/locsshop.eu\/","logo":{"@type":"ImageObject","inLanguage":"nl-NL","@id":"https:\/\/locsshop.eu\/#\/schema\/logo\/image\/","url":"https:\/\/locsshop.eu\/wp-content\/uploads\/2022\/02\/Locsshop-logo.png","contentUrl":"https:\/\/locsshop.eu\/wp-content\/uploads\/2022\/02\/Locsshop-logo.png","width":930,"height":200,"caption":"Locsshop.eu"},"image":{"@id":"https:\/\/locsshop.eu\/#\/schema\/logo\/image\/"}}]}},"_links":{"self":[{"href":"https:\/\/locsshop.eu\/nl\/wp-json\/wp\/v2\/product\/5715","targetHints":{"allow":["GET"]}}],"collection":[{"href":"https:\/\/locsshop.eu\/nl\/wp-json\/wp\/v2\/product"}],"about":[{"href":"https:\/\/locsshop.eu\/nl\/wp-json\/wp\/v2\/types\/product"}],"replies":[{"embeddable":true,"href":"https:\/\/locsshop.eu\/nl\/wp-json\/wp\/v2\/comments?post=5715"}],"wp:featuredmedia":[{"embeddable":true,"href":"https:\/\/locsshop.eu\/nl\/wp-json\/wp\/v2\/media\/7649"}],"wp:attachment":[{"href":"https:\/\/locsshop.eu\/nl\/wp-json\/wp\/v2\/media?parent=5715"}],"wp:term":[{"taxonomy":"product_brand","embeddable":true,"href":"https:\/\/locsshop.eu\/nl\/wp-json\/wp\/v2\/product_brand?post=5715"},{"taxonomy":"product_cat","embeddable":true,"href":"https:\/\/locsshop.eu\/nl\/wp-json\/wp\/v2\/product_cat?post=5715"},{"taxonomy":"product_tag","embeddable":true,"href":"https:\/\/locsshop.eu\/nl\/wp-json\/wp\/v2\/product_tag?post=5715"}],"curies":[{"name":"wp","href":"https:\/\/api.w.org\/{rel}","templated":true}]}}