{"id":5735,"date":"2021-05-22T16:06:20","date_gmt":"2021-05-22T14:06:20","guid":{"rendered":"https:\/\/locsshop.eu\/shop\/moerk-woodlook-clubmaster-solbriller-blaa-spejlglas\/"},"modified":"2026-04-06T10:20:48","modified_gmt":"2026-04-06T08:20:48","slug":"moerk-woodlook-clubmaster-solbriller-blaa-spejlglas","status":"publish","type":"product","link":"https:\/\/locsshop.eu\/nl\/shop\/moerk-woodlook-clubmaster-solbriller-blaa-spejlglas\/","title":{"rendered":"Dark Woodlook Clubmaster Zonnebril - Teal Mirror Lenses"},"content":{"rendered":"<h2>Dark Woodlook Clubmaster zonnebril met blauwgroene spiegelglazen<\/h2>\n<p>Een mooie zonnebril die zowel bij mannen als vrouwen past, gemaakt van mat houtachtig plastic en metaal.<\/p>\n<p>Een goed klassiek model dat ultracool is voor zowel mannen als vrouwen<\/p>\n<p>oppervlak: Mat<br \/>\nMateriaal: kunststof en metaal<br \/>\nUV400-bescherming<br \/>\nCE goedgekeurd<\/p>","protected":false},"excerpt":{"rendered":"<p><strong>Donkere houtlook Clubmaster zonnebril met blauwgroene spiegelglazen.<\/strong><br \/>\nVoor mannen en vrouwen<\/p>\n<p>Kunststof &amp; metaal<br \/>\nCE-goedgekeurd<br \/>\nUV400-bescherming<\/p>","protected":false},"featured_media":7665,"comment_status":"open","ping_status":"closed","template":"","meta":{"om_disable_all_campaigns":false,"_monsterinsights_skip_tracking":false,"_monsterinsights_sitenote_active":false,"_monsterinsights_sitenote_note":"","_monsterinsights_sitenote_category":0},"product_brand":[],"product_cat":[1026,1029,1025,1040],"product_tag":[455,776,579,580,870,768,581,582],"class_list":{"0":"post-5735","1":"product","2":"type-product","3":"status-publish","4":"has-post-thumbnail","6":"product_cat-dame-solbriller","7":"product_cat-herre-solbriller","8":"product_cat-billige-solbriller","9":"product_cat-clubmaster","10":"product_tag-blaa","11":"product_tag-giorgio","12":"product_tag-klassisk","13":"product_tag-look","14":"product_tag-p693","15":"product_tag-polo","16":"product_tag-s1479","17":"product_tag-wood","19":"first","20":"instock","21":"shipping-taxable","22":"purchasable","23":"product-type-simple"},"yoast_head":"<!-- This site is optimized with the Yoast SEO plugin v27.2 - https:\/\/yoast.com\/product\/yoast-seo-wordpress\/ -->\n<title>M\u00f8rk Woodlook Clubmaster Solbriller - Bl\u00e5gr\u00f8nne Spejlglas | K\u00f8b online her | LOCS<\/title>\n<meta name=\"description\" content=\"K\u00f8b M\u00f8rk Woodlook Clubmaster Solbriller - Bl\u00e5gr\u00f8nne Spejlglas her | EU&#039;s st\u00f8rste udvalg af LOCS solbriller | Vi sender fra EU - Ingen ekstra import udgifter\" \/>\n<meta name=\"robots\" content=\"index, follow, max-snippet:-1, max-image-preview:large, max-video-preview:-1\" \/>\n<link rel=\"canonical\" href=\"https:\/\/locsshop.eu\/nl\/shop\/moerk-woodlook-clubmaster-solbriller-blaa-spejlglas\/\" \/>\n<meta property=\"og:locale\" content=\"nl_NL\" \/>\n<meta property=\"og:type\" content=\"article\" \/>\n<meta property=\"og:title\" content=\"M\u00f8rk Woodlook Clubmaster Solbriller - Bl\u00e5gr\u00f8nne Spejlglas | K\u00f8b online her | LOCS\" \/>\n<meta property=\"og:description\" content=\"K\u00f8b M\u00f8rk Woodlook Clubmaster Solbriller - Bl\u00e5gr\u00f8nne Spejlglas her | EU&#039;s st\u00f8rste udvalg af LOCS solbriller | Vi sender fra EU - Ingen ekstra import udgifter\" \/>\n<meta property=\"og:url\" content=\"https:\/\/locsshop.eu\/nl\/shop\/moerk-woodlook-clubmaster-solbriller-blaa-spejlglas\/\" \/>\n<meta property=\"og:site_name\" content=\"Locs Sunglasses - LOCS Supplier in EU\" \/>\n<meta property=\"article:modified_time\" content=\"2026-04-06T08:20:48+00:00\" \/>\n<meta property=\"og:image\" content=\"https:\/\/locsshop.eu\/wp-content\/uploads\/2021\/05\/S1479-1-1.jpg\" \/>\n\t<meta property=\"og:image:width\" content=\"800\" \/>\n\t<meta property=\"og:image:height\" content=\"800\" \/>\n\t<meta property=\"og:image:type\" content=\"image\/jpeg\" \/>\n<meta name=\"twitter:card\" content=\"summary_large_image\" \/>\n<script type=\"application\/ld+json\" class=\"yoast-schema-graph\">{\"@context\":\"https:\/\/schema.org\",\"@graph\":[{\"@type\":\"WebPage\",\"@id\":\"https:\/\/locsshop.eu\/shop\/moerk-woodlook-clubmaster-solbriller-blaa-spejlglas\/\",\"url\":\"https:\/\/locsshop.eu\/shop\/moerk-woodlook-clubmaster-solbriller-blaa-spejlglas\/\",\"name\":\"M\u00f8rk Woodlook Clubmaster Solbriller - Bl\u00e5gr\u00f8nne Spejlglas | K\u00f8b online her | LOCS\",\"isPartOf\":{\"@id\":\"https:\/\/locsshop.eu\/#website\"},\"primaryImageOfPage\":{\"@id\":\"https:\/\/locsshop.eu\/shop\/moerk-woodlook-clubmaster-solbriller-blaa-spejlglas\/#primaryimage\"},\"image\":{\"@id\":\"https:\/\/locsshop.eu\/shop\/moerk-woodlook-clubmaster-solbriller-blaa-spejlglas\/#primaryimage\"},\"thumbnailUrl\":\"https:\/\/locsshop.eu\/wp-content\/uploads\/2021\/05\/S1479-1-1.jpg\",\"datePublished\":\"2021-05-22T14:06:20+00:00\",\"dateModified\":\"2026-04-06T08:20:48+00:00\",\"description\":\"K\u00f8b M\u00f8rk Woodlook Clubmaster Solbriller - Bl\u00e5gr\u00f8nne Spejlglas her | EU's st\u00f8rste udvalg af LOCS solbriller | Vi sender fra EU - Ingen ekstra import udgifter\",\"breadcrumb\":{\"@id\":\"https:\/\/locsshop.eu\/shop\/moerk-woodlook-clubmaster-solbriller-blaa-spejlglas\/#breadcrumb\"},\"inLanguage\":\"nl-NL\",\"potentialAction\":[{\"@type\":\"ReadAction\",\"target\":[\"https:\/\/locsshop.eu\/shop\/moerk-woodlook-clubmaster-solbriller-blaa-spejlglas\/\"]}]},{\"@type\":\"ImageObject\",\"inLanguage\":\"nl-NL\",\"@id\":\"https:\/\/locsshop.eu\/shop\/moerk-woodlook-clubmaster-solbriller-blaa-spejlglas\/#primaryimage\",\"url\":\"https:\/\/locsshop.eu\/wp-content\/uploads\/2021\/05\/S1479-1-1.jpg\",\"contentUrl\":\"https:\/\/locsshop.eu\/wp-content\/uploads\/2021\/05\/S1479-1-1.jpg\",\"width\":800,\"height\":800},{\"@type\":\"BreadcrumbList\",\"@id\":\"https:\/\/locsshop.eu\/shop\/moerk-woodlook-clubmaster-solbriller-blaa-spejlglas\/#breadcrumb\",\"itemListElement\":[{\"@type\":\"ListItem\",\"position\":1,\"name\":\"Hjem\",\"item\":\"https:\/\/locsshop.eu\/\"},{\"@type\":\"ListItem\",\"position\":2,\"name\":\"Shop\",\"item\":\"https:\/\/locsshop.eu\/shop\/\"},{\"@type\":\"ListItem\",\"position\":3,\"name\":\"M\u00f8rk Woodlook Clubmaster Solbriller &#8211; Bl\u00e5gr\u00f8nne Spejlglas\"}]},{\"@type\":\"WebSite\",\"@id\":\"https:\/\/locsshop.eu\/#website\",\"url\":\"https:\/\/locsshop.eu\/\",\"name\":\"Locs Sunglasses - LOCS Supplier in EU\",\"description\":\"We sell cheap LOCS Sunglasses\",\"publisher\":{\"@id\":\"https:\/\/locsshop.eu\/#organization\"},\"potentialAction\":[{\"@type\":\"SearchAction\",\"target\":{\"@type\":\"EntryPoint\",\"urlTemplate\":\"https:\/\/locsshop.eu\/?s={search_term_string}\"},\"query-input\":{\"@type\":\"PropertyValueSpecification\",\"valueRequired\":true,\"valueName\":\"search_term_string\"}}],\"inLanguage\":\"nl-NL\"},{\"@type\":\"Organization\",\"@id\":\"https:\/\/locsshop.eu\/#organization\",\"name\":\"Locsshop.eu\",\"url\":\"https:\/\/locsshop.eu\/\",\"logo\":{\"@type\":\"ImageObject\",\"inLanguage\":\"nl-NL\",\"@id\":\"https:\/\/locsshop.eu\/#\/schema\/logo\/image\/\",\"url\":\"https:\/\/locsshop.eu\/wp-content\/uploads\/2022\/02\/Locsshop-logo.png\",\"contentUrl\":\"https:\/\/locsshop.eu\/wp-content\/uploads\/2022\/02\/Locsshop-logo.png\",\"width\":930,\"height\":200,\"caption\":\"Locsshop.eu\"},\"image\":{\"@id\":\"https:\/\/locsshop.eu\/#\/schema\/logo\/image\/\"}}]}<\/script>\n<!-- \/ Yoast SEO plugin. -->","yoast_head_json":{"title":"Dark Woodlook Clubmaster Zonnebril - Teal Mirror Lenses | Koop hier online | LOCS","description":"Koop hier Dark Woodlook Clubmaster Zonnebril - Teal Mirror Lenses | De grootste selectie LOCS-zonnebrillen in de EU | Wij verzenden vanuit de EU - Geen extra invoerkosten","robots":{"index":"index","follow":"follow","max-snippet":"max-snippet:-1","max-image-preview":"max-image-preview:large","max-video-preview":"max-video-preview:-1"},"canonical":"https:\/\/locsshop.eu\/nl\/shop\/moerk-woodlook-clubmaster-solbriller-blaa-spejlglas\/","og_locale":"nl_NL","og_type":"article","og_title":"M\u00f8rk Woodlook Clubmaster Solbriller - Bl\u00e5gr\u00f8nne Spejlglas | K\u00f8b online her | LOCS","og_description":"K\u00f8b M\u00f8rk Woodlook Clubmaster Solbriller - Bl\u00e5gr\u00f8nne Spejlglas her | EU's st\u00f8rste udvalg af LOCS solbriller | Vi sender fra EU - Ingen ekstra import udgifter","og_url":"https:\/\/locsshop.eu\/nl\/shop\/moerk-woodlook-clubmaster-solbriller-blaa-spejlglas\/","og_site_name":"Locs Sunglasses - LOCS Supplier in EU","article_modified_time":"2026-04-06T08:20:48+00:00","og_image":[{"width":800,"height":800,"url":"https:\/\/locsshop.eu\/wp-content\/uploads\/2021\/05\/S1479-1-1.jpg","type":"image\/jpeg"}],"twitter_card":"summary_large_image","schema":{"@context":"https:\/\/schema.org","@graph":[{"@type":"WebPage","@id":"https:\/\/locsshop.eu\/shop\/moerk-woodlook-clubmaster-solbriller-blaa-spejlglas\/","url":"https:\/\/locsshop.eu\/shop\/moerk-woodlook-clubmaster-solbriller-blaa-spejlglas\/","name":"Dark Woodlook Clubmaster Zonnebril - Teal Mirror Lenses | Koop hier online | LOCS","isPartOf":{"@id":"https:\/\/locsshop.eu\/#website"},"primaryImageOfPage":{"@id":"https:\/\/locsshop.eu\/shop\/moerk-woodlook-clubmaster-solbriller-blaa-spejlglas\/#primaryimage"},"image":{"@id":"https:\/\/locsshop.eu\/shop\/moerk-woodlook-clubmaster-solbriller-blaa-spejlglas\/#primaryimage"},"thumbnailUrl":"https:\/\/locsshop.eu\/wp-content\/uploads\/2021\/05\/S1479-1-1.jpg","datePublished":"2021-05-22T14:06:20+00:00","dateModified":"2026-04-06T08:20:48+00:00","description":"Koop hier Dark Woodlook Clubmaster Zonnebril - Teal Mirror Lenses | De grootste selectie LOCS-zonnebrillen in de EU | Wij verzenden vanuit de EU - Geen extra invoerkosten","breadcrumb":{"@id":"https:\/\/locsshop.eu\/shop\/moerk-woodlook-clubmaster-solbriller-blaa-spejlglas\/#breadcrumb"},"inLanguage":"nl-NL","potentialAction":[{"@type":"ReadAction","target":["https:\/\/locsshop.eu\/shop\/moerk-woodlook-clubmaster-solbriller-blaa-spejlglas\/"]}]},{"@type":"ImageObject","inLanguage":"nl-NL","@id":"https:\/\/locsshop.eu\/shop\/moerk-woodlook-clubmaster-solbriller-blaa-spejlglas\/#primaryimage","url":"https:\/\/locsshop.eu\/wp-content\/uploads\/2021\/05\/S1479-1-1.jpg","contentUrl":"https:\/\/locsshop.eu\/wp-content\/uploads\/2021\/05\/S1479-1-1.jpg","width":800,"height":800},{"@type":"BreadcrumbList","@id":"https:\/\/locsshop.eu\/shop\/moerk-woodlook-clubmaster-solbriller-blaa-spejlglas\/#breadcrumb","itemListElement":[{"@type":"ListItem","position":1,"name":"Hjem","item":"https:\/\/locsshop.eu\/"},{"@type":"ListItem","position":2,"name":"Shop","item":"https:\/\/locsshop.eu\/shop\/"},{"@type":"ListItem","position":3,"name":"M\u00f8rk Woodlook Clubmaster Solbriller &#8211; Bl\u00e5gr\u00f8nne Spejlglas"}]},{"@type":"WebSite","@id":"https:\/\/locsshop.eu\/#website","url":"https:\/\/locsshop.eu\/","name":"Locs zonnebrillen - LOCS leverancier in de EU","description":"Wij verkopen goedkope LOCS zonnebrillen","publisher":{"@id":"https:\/\/locsshop.eu\/#organization"},"potentialAction":[{"@type":"SearchAction","target":{"@type":"EntryPoint","urlTemplate":"https:\/\/locsshop.eu\/?s={search_term_string}"},"query-input":{"@type":"PropertyValueSpecification","valueRequired":true,"valueName":"search_term_string"}}],"inLanguage":"nl-NL"},{"@type":"Organization","@id":"https:\/\/locsshop.eu\/#organization","name":"Locsshop.eu","url":"https:\/\/locsshop.eu\/","logo":{"@type":"ImageObject","inLanguage":"nl-NL","@id":"https:\/\/locsshop.eu\/#\/schema\/logo\/image\/","url":"https:\/\/locsshop.eu\/wp-content\/uploads\/2022\/02\/Locsshop-logo.png","contentUrl":"https:\/\/locsshop.eu\/wp-content\/uploads\/2022\/02\/Locsshop-logo.png","width":930,"height":200,"caption":"Locsshop.eu"},"image":{"@id":"https:\/\/locsshop.eu\/#\/schema\/logo\/image\/"}}]}},"_links":{"self":[{"href":"https:\/\/locsshop.eu\/nl\/wp-json\/wp\/v2\/product\/5735","targetHints":{"allow":["GET"]}}],"collection":[{"href":"https:\/\/locsshop.eu\/nl\/wp-json\/wp\/v2\/product"}],"about":[{"href":"https:\/\/locsshop.eu\/nl\/wp-json\/wp\/v2\/types\/product"}],"replies":[{"embeddable":true,"href":"https:\/\/locsshop.eu\/nl\/wp-json\/wp\/v2\/comments?post=5735"}],"wp:featuredmedia":[{"embeddable":true,"href":"https:\/\/locsshop.eu\/nl\/wp-json\/wp\/v2\/media\/7665"}],"wp:attachment":[{"href":"https:\/\/locsshop.eu\/nl\/wp-json\/wp\/v2\/media?parent=5735"}],"wp:term":[{"taxonomy":"product_brand","embeddable":true,"href":"https:\/\/locsshop.eu\/nl\/wp-json\/wp\/v2\/product_brand?post=5735"},{"taxonomy":"product_cat","embeddable":true,"href":"https:\/\/locsshop.eu\/nl\/wp-json\/wp\/v2\/product_cat?post=5735"},{"taxonomy":"product_tag","embeddable":true,"href":"https:\/\/locsshop.eu\/nl\/wp-json\/wp\/v2\/product_tag?post=5735"}],"curies":[{"name":"wp","href":"https:\/\/api.w.org\/{rel}","templated":true}]}}