{"id":5747,"date":"2021-05-15T21:20:20","date_gmt":"2021-05-15T19:20:20","guid":{"rendered":"https:\/\/locsshop.eu\/?post_type=product&#038;p=5747"},"modified":"2026-03-02T11:56:10","modified_gmt":"2026-03-02T10:56:10","slug":"leopard-nicestyle-solbriller-brune-glas","status":"publish","type":"product","link":"https:\/\/locsshop.eu\/nl\/shop\/leopard-nicestyle-solbriller-brune-glas\/","title":{"rendered":"Luipaard NiceStyle Zonnebril \u2013 Bruine Glazen"},"content":{"rendered":"<h2>Stoere zonnebril in Wayfarer stijl.<\/h2>\n<p>Echt een mooie en stijlvolle zonnebril die goed is voor degenen onder jullie die van luipaardkleurige zonnebrillen houden. Deze zonnebril is gemaakt in een mooi glanzend frame.<br \/>\nDe zonnebril heeft bruine lenzen die een heel prettig licht geven.<br \/>\nEen heel mooie en klassieke zonnebril die bij de meeste mensen past<br \/>\nGoed voor zowel mannen als vrouwen.<\/p>\n<p>Materiaal: kunststof<br \/>\nUV400-bescherming<br \/>\nCE goedgekeurd<\/p>","protected":false},"excerpt":{"rendered":"<p><strong>Bruine leopard zonnebril met bruine glazen.<\/strong><br \/>\nVoor mannen en vrouwen<\/p>\n<p>Plastic frame<br \/>\nCE-goedgekeurd<br \/>\nUV400-bescherming<\/p>","protected":false},"featured_media":7672,"comment_status":"open","ping_status":"closed","template":"","meta":{"om_disable_all_campaigns":false,"_monsterinsights_skip_tracking":false,"_monsterinsights_sitenote_active":false,"_monsterinsights_sitenote_note":"","_monsterinsights_sitenote_category":0},"product_brand":[],"product_cat":[1026,1029,1027,1047,1025,1037],"product_tag":[586,564,872,870,769],"class_list":{"0":"post-5747","1":"product","2":"type-product","3":"status-publish","4":"has-post-thumbnail","6":"product_cat-dame-solbriller","7":"product_cat-herre-solbriller","8":"product_cat-andre-dame-solbriller","9":"product_cat-andre-herre-solbriller","10":"product_cat-billige-solbriller","11":"product_cat-wayfarer","12":"product_tag-h72","13":"product_tag-k916","14":"product_tag-p10037","15":"product_tag-p693","16":"product_tag-ph4131","18":"first","19":"outofstock","20":"shipping-taxable","21":"purchasable","22":"product-type-simple"},"yoast_head":"<!-- This site is optimized with the Yoast SEO plugin v27.5 - https:\/\/yoast.com\/product\/yoast-seo-wordpress\/ -->\n<title>Leopard NiceStyle Solbriller - Brune Glas | K\u00f8b online her | LOCS<\/title>\n<meta name=\"description\" content=\"K\u00f8b Leopard NiceStyle Solbriller - Brune Glas her | EU&#039;s st\u00f8rste udvalg af LOCS solbriller | Vi sender fra EU - Ingen ekstra import udgifter\" \/>\n<meta name=\"robots\" content=\"index, follow, max-snippet:-1, max-image-preview:large, max-video-preview:-1\" \/>\n<link rel=\"canonical\" href=\"https:\/\/locsshop.eu\/nl\/shop\/leopard-nicestyle-solbriller-brune-glas\/\" \/>\n<meta property=\"og:locale\" content=\"nl_NL\" \/>\n<meta property=\"og:type\" content=\"article\" \/>\n<meta property=\"og:title\" content=\"Leopard NiceStyle Solbriller - Brune Glas | K\u00f8b online her | LOCS\" \/>\n<meta property=\"og:description\" content=\"K\u00f8b Leopard NiceStyle Solbriller - Brune Glas her | EU&#039;s st\u00f8rste udvalg af LOCS solbriller | Vi sender fra EU - Ingen ekstra import udgifter\" \/>\n<meta property=\"og:url\" content=\"https:\/\/locsshop.eu\/nl\/shop\/leopard-nicestyle-solbriller-brune-glas\/\" \/>\n<meta property=\"og:site_name\" content=\"Locs Sunglasses - LOCS Supplier in EU\" \/>\n<meta property=\"article:modified_time\" content=\"2026-03-02T10:56:10+00:00\" \/>\n<meta property=\"og:image\" content=\"https:\/\/locsshop.eu\/wp-content\/uploads\/2021\/05\/H72LP-1.jpg\" \/>\n\t<meta property=\"og:image:width\" content=\"800\" \/>\n\t<meta property=\"og:image:height\" content=\"800\" \/>\n\t<meta property=\"og:image:type\" content=\"image\/jpeg\" \/>\n<meta name=\"twitter:card\" content=\"summary_large_image\" \/>\n<script type=\"application\/ld+json\" class=\"yoast-schema-graph\">{\"@context\":\"https:\\\/\\\/schema.org\",\"@graph\":[{\"@type\":\"WebPage\",\"@id\":\"https:\\\/\\\/locsshop.eu\\\/shop\\\/leopard-nicestyle-solbriller-brune-glas\\\/\",\"url\":\"https:\\\/\\\/locsshop.eu\\\/shop\\\/leopard-nicestyle-solbriller-brune-glas\\\/\",\"name\":\"Leopard NiceStyle Solbriller - Brune Glas | K\u00f8b online her | LOCS\",\"isPartOf\":{\"@id\":\"https:\\\/\\\/locsshop.eu\\\/#website\"},\"primaryImageOfPage\":{\"@id\":\"https:\\\/\\\/locsshop.eu\\\/shop\\\/leopard-nicestyle-solbriller-brune-glas\\\/#primaryimage\"},\"image\":{\"@id\":\"https:\\\/\\\/locsshop.eu\\\/shop\\\/leopard-nicestyle-solbriller-brune-glas\\\/#primaryimage\"},\"thumbnailUrl\":\"https:\\\/\\\/locsshop.eu\\\/wp-content\\\/uploads\\\/2021\\\/05\\\/H72LP-1.jpg\",\"datePublished\":\"2021-05-15T19:20:20+00:00\",\"dateModified\":\"2026-03-02T10:56:10+00:00\",\"description\":\"K\u00f8b Leopard NiceStyle Solbriller - Brune Glas her | EU's st\u00f8rste udvalg af LOCS solbriller | Vi sender fra EU - Ingen ekstra import udgifter\",\"breadcrumb\":{\"@id\":\"https:\\\/\\\/locsshop.eu\\\/shop\\\/leopard-nicestyle-solbriller-brune-glas\\\/#breadcrumb\"},\"inLanguage\":\"nl-NL\",\"potentialAction\":[{\"@type\":\"ReadAction\",\"target\":[\"https:\\\/\\\/locsshop.eu\\\/shop\\\/leopard-nicestyle-solbriller-brune-glas\\\/\"]}]},{\"@type\":\"ImageObject\",\"inLanguage\":\"nl-NL\",\"@id\":\"https:\\\/\\\/locsshop.eu\\\/shop\\\/leopard-nicestyle-solbriller-brune-glas\\\/#primaryimage\",\"url\":\"https:\\\/\\\/locsshop.eu\\\/wp-content\\\/uploads\\\/2021\\\/05\\\/H72LP-1.jpg\",\"contentUrl\":\"https:\\\/\\\/locsshop.eu\\\/wp-content\\\/uploads\\\/2021\\\/05\\\/H72LP-1.jpg\",\"width\":800,\"height\":800},{\"@type\":\"BreadcrumbList\",\"@id\":\"https:\\\/\\\/locsshop.eu\\\/shop\\\/leopard-nicestyle-solbriller-brune-glas\\\/#breadcrumb\",\"itemListElement\":[{\"@type\":\"ListItem\",\"position\":1,\"name\":\"Hjem\",\"item\":\"https:\\\/\\\/locsshop.eu\\\/\"},{\"@type\":\"ListItem\",\"position\":2,\"name\":\"Shop\",\"item\":\"https:\\\/\\\/locsshop.eu\\\/shop\\\/\"},{\"@type\":\"ListItem\",\"position\":3,\"name\":\"Leopard NiceStyle Solbriller &#8211; Brune Glas\"}]},{\"@type\":\"WebSite\",\"@id\":\"https:\\\/\\\/locsshop.eu\\\/#website\",\"url\":\"https:\\\/\\\/locsshop.eu\\\/\",\"name\":\"Locs Sunglasses - LOCS Supplier in EU\",\"description\":\"We sell cheap LOCS Sunglasses\",\"publisher\":{\"@id\":\"https:\\\/\\\/locsshop.eu\\\/#organization\"},\"potentialAction\":[{\"@type\":\"SearchAction\",\"target\":{\"@type\":\"EntryPoint\",\"urlTemplate\":\"https:\\\/\\\/locsshop.eu\\\/?s={search_term_string}\"},\"query-input\":{\"@type\":\"PropertyValueSpecification\",\"valueRequired\":true,\"valueName\":\"search_term_string\"}}],\"inLanguage\":\"nl-NL\"},{\"@type\":\"Organization\",\"@id\":\"https:\\\/\\\/locsshop.eu\\\/#organization\",\"name\":\"Locsshop.eu\",\"url\":\"https:\\\/\\\/locsshop.eu\\\/\",\"logo\":{\"@type\":\"ImageObject\",\"inLanguage\":\"nl-NL\",\"@id\":\"https:\\\/\\\/locsshop.eu\\\/#\\\/schema\\\/logo\\\/image\\\/\",\"url\":\"https:\\\/\\\/locsshop.eu\\\/wp-content\\\/uploads\\\/2022\\\/02\\\/Locsshop-logo.png\",\"contentUrl\":\"https:\\\/\\\/locsshop.eu\\\/wp-content\\\/uploads\\\/2022\\\/02\\\/Locsshop-logo.png\",\"width\":930,\"height\":200,\"caption\":\"Locsshop.eu\"},\"image\":{\"@id\":\"https:\\\/\\\/locsshop.eu\\\/#\\\/schema\\\/logo\\\/image\\\/\"}}]}<\/script>\n<!-- \/ Yoast SEO plugin. -->","yoast_head_json":{"title":"Luipaard NiceStyle Zonnebril - Bruine Glazen | Koop hier online | LOCS","description":"Koop Leopard NiceStyle zonnebril - bruine lenzen hier | De grootste selectie LOCS-zonnebrillen in de EU | Wij verzenden vanuit de EU - Geen extra invoerkosten","robots":{"index":"index","follow":"follow","max-snippet":"max-snippet:-1","max-image-preview":"max-image-preview:large","max-video-preview":"max-video-preview:-1"},"canonical":"https:\/\/locsshop.eu\/nl\/shop\/leopard-nicestyle-solbriller-brune-glas\/","og_locale":"nl_NL","og_type":"article","og_title":"Leopard NiceStyle Solbriller - Brune Glas | K\u00f8b online her | LOCS","og_description":"K\u00f8b Leopard NiceStyle Solbriller - Brune Glas her | EU's st\u00f8rste udvalg af LOCS solbriller | Vi sender fra EU - Ingen ekstra import udgifter","og_url":"https:\/\/locsshop.eu\/nl\/shop\/leopard-nicestyle-solbriller-brune-glas\/","og_site_name":"Locs Sunglasses - LOCS Supplier in EU","article_modified_time":"2026-03-02T10:56:10+00:00","og_image":[{"width":800,"height":800,"url":"https:\/\/locsshop.eu\/wp-content\/uploads\/2021\/05\/H72LP-1.jpg","type":"image\/jpeg"}],"twitter_card":"summary_large_image","schema":{"@context":"https:\/\/schema.org","@graph":[{"@type":"WebPage","@id":"https:\/\/locsshop.eu\/shop\/leopard-nicestyle-solbriller-brune-glas\/","url":"https:\/\/locsshop.eu\/shop\/leopard-nicestyle-solbriller-brune-glas\/","name":"Luipaard NiceStyle Zonnebril - Bruine Glazen | Koop hier online | LOCS","isPartOf":{"@id":"https:\/\/locsshop.eu\/#website"},"primaryImageOfPage":{"@id":"https:\/\/locsshop.eu\/shop\/leopard-nicestyle-solbriller-brune-glas\/#primaryimage"},"image":{"@id":"https:\/\/locsshop.eu\/shop\/leopard-nicestyle-solbriller-brune-glas\/#primaryimage"},"thumbnailUrl":"https:\/\/locsshop.eu\/wp-content\/uploads\/2021\/05\/H72LP-1.jpg","datePublished":"2021-05-15T19:20:20+00:00","dateModified":"2026-03-02T10:56:10+00:00","description":"Koop Leopard NiceStyle zonnebril - bruine lenzen hier | De grootste selectie LOCS-zonnebrillen in de EU | Wij verzenden vanuit de EU - Geen extra invoerkosten","breadcrumb":{"@id":"https:\/\/locsshop.eu\/shop\/leopard-nicestyle-solbriller-brune-glas\/#breadcrumb"},"inLanguage":"nl-NL","potentialAction":[{"@type":"ReadAction","target":["https:\/\/locsshop.eu\/shop\/leopard-nicestyle-solbriller-brune-glas\/"]}]},{"@type":"ImageObject","inLanguage":"nl-NL","@id":"https:\/\/locsshop.eu\/shop\/leopard-nicestyle-solbriller-brune-glas\/#primaryimage","url":"https:\/\/locsshop.eu\/wp-content\/uploads\/2021\/05\/H72LP-1.jpg","contentUrl":"https:\/\/locsshop.eu\/wp-content\/uploads\/2021\/05\/H72LP-1.jpg","width":800,"height":800},{"@type":"BreadcrumbList","@id":"https:\/\/locsshop.eu\/shop\/leopard-nicestyle-solbriller-brune-glas\/#breadcrumb","itemListElement":[{"@type":"ListItem","position":1,"name":"Hjem","item":"https:\/\/locsshop.eu\/"},{"@type":"ListItem","position":2,"name":"Shop","item":"https:\/\/locsshop.eu\/shop\/"},{"@type":"ListItem","position":3,"name":"Leopard NiceStyle Solbriller &#8211; Brune Glas"}]},{"@type":"WebSite","@id":"https:\/\/locsshop.eu\/#website","url":"https:\/\/locsshop.eu\/","name":"Locs zonnebrillen - LOCS leverancier in de EU","description":"Wij verkopen goedkope LOCS zonnebrillen","publisher":{"@id":"https:\/\/locsshop.eu\/#organization"},"potentialAction":[{"@type":"SearchAction","target":{"@type":"EntryPoint","urlTemplate":"https:\/\/locsshop.eu\/?s={search_term_string}"},"query-input":{"@type":"PropertyValueSpecification","valueRequired":true,"valueName":"search_term_string"}}],"inLanguage":"nl-NL"},{"@type":"Organization","@id":"https:\/\/locsshop.eu\/#organization","name":"Locsshop.eu","url":"https:\/\/locsshop.eu\/","logo":{"@type":"ImageObject","inLanguage":"nl-NL","@id":"https:\/\/locsshop.eu\/#\/schema\/logo\/image\/","url":"https:\/\/locsshop.eu\/wp-content\/uploads\/2022\/02\/Locsshop-logo.png","contentUrl":"https:\/\/locsshop.eu\/wp-content\/uploads\/2022\/02\/Locsshop-logo.png","width":930,"height":200,"caption":"Locsshop.eu"},"image":{"@id":"https:\/\/locsshop.eu\/#\/schema\/logo\/image\/"}}]}},"_links":{"self":[{"href":"https:\/\/locsshop.eu\/nl\/wp-json\/wp\/v2\/product\/5747","targetHints":{"allow":["GET"]}}],"collection":[{"href":"https:\/\/locsshop.eu\/nl\/wp-json\/wp\/v2\/product"}],"about":[{"href":"https:\/\/locsshop.eu\/nl\/wp-json\/wp\/v2\/types\/product"}],"replies":[{"embeddable":true,"href":"https:\/\/locsshop.eu\/nl\/wp-json\/wp\/v2\/comments?post=5747"}],"wp:featuredmedia":[{"embeddable":true,"href":"https:\/\/locsshop.eu\/nl\/wp-json\/wp\/v2\/media\/7672"}],"wp:attachment":[{"href":"https:\/\/locsshop.eu\/nl\/wp-json\/wp\/v2\/media?parent=5747"}],"wp:term":[{"taxonomy":"product_brand","embeddable":true,"href":"https:\/\/locsshop.eu\/nl\/wp-json\/wp\/v2\/product_brand?post=5747"},{"taxonomy":"product_cat","embeddable":true,"href":"https:\/\/locsshop.eu\/nl\/wp-json\/wp\/v2\/product_cat?post=5747"},{"taxonomy":"product_tag","embeddable":true,"href":"https:\/\/locsshop.eu\/nl\/wp-json\/wp\/v2\/product_tag?post=5747"}],"curies":[{"name":"wp","href":"https:\/\/api.w.org\/{rel}","templated":true}]}}