{"id":6455,"date":"2020-04-26T11:09:40","date_gmt":"2020-04-26T09:09:40","guid":{"rendered":"https:\/\/locsshop.eu\/?post_type=product&#038;p=6455"},"modified":"2024-05-23T12:43:27","modified_gmt":"2024-05-23T10:43:27","slug":"capraia-rovello-sort-graa-fade-stel-og-soelv-spejlglas-glas","status":"publish","type":"product","link":"https:\/\/locsshop.eu\/nl\/shop\/capraia-rovello-sort-graa-fade-stel-og-soelv-spejlglas-glas\/","title":{"rendered":"Capraia Rovello - Zwart-grijze schotellijst en zilver spiegelglas"},"content":{"rendered":"<h2><strong>Mega stoere Wayfarer zonnebril met zilver spiegelende glazen<\/strong><\/h2>\n<p>&nbsp;<\/p>\n<h4>Het Rovello-model van Capraia is een coole Wayfarer-zonnebril geproduceerd in TR90, een licht, duurzaam en flexibel materiaal.<br \/>\nRovello past zowel bij mannen als vrouwen en ziet er super gaaf uit.<\/h4>\n<h4>Dit is in een hoogglans zwart frame dat aan de onderkant vervaagt naar grijs en gepolariseerde zilveren spiegellenzen. Bovendien is het gouden logo van Capraia terug te vinden op \u00e9\u00e9n lens, wat de zonnebril een erg mooie afwerking en een exclusieve uitstraling geeft.<\/h4>\n<h4>Capraia zonnebrillen zijn goede zonnebrillen in materialen die worden gebruikt in dure designerbrillen. De zonnebril wordt geleverd in een mooie doos met daarin een opvouwbaar etui, dat niet veel ruimte in beslag neemt als de zonnebril in gebruik is. Er wordt ook een schoonmaakdoekje meegeleverd. Zo kunt u uw zonnebril op de juiste manier onderhouden. Het verhoogt de levensduur.<\/h4>\n<h4>Koop een Capraia Zonnebril - Je krijgt echt veel waar voor je geld.<\/h4>\n<h4><\/h4>\n<p>&nbsp;<\/p>\n<h4><strong><em>Details:<\/em><\/strong><\/h4>\n<p>Breedte: 13,6 cm.<br \/>\nHoogte: 4,9 cm.<br \/>\nArmlengte: 15,6 cm.<br \/>\nMateriaal: TR90<br \/>\nGepolariseerde bril<br \/>\nUV400-bescherming<br \/>\nCE goedgekeurd<br \/>\n<img loading=\"lazy\" decoding=\"async\" class=\"alignnone size-full wp-image-4007\" src=\"https:\/\/billigsolbrille.dk\/wp-content\/uploads\/2020\/04\/capraia-logo.jpg\" alt=\"\" width=\"200\" height=\"200\" \/><\/p>","protected":false},"excerpt":{"rendered":"<p><strong>Capraia Rovello<\/strong><br \/>\nZwart-grijze schotellijst - Zilver spiegelglas<br \/>\nTR90<br \/>\nGepolariseerde bril<br \/>\nUV400<br \/>\nCE-goedgekeurd<br \/>\n<img loading=\"lazy\" decoding=\"async\" class=\"alignnone size-full wp-image-4017\" src=\"https:\/\/billigsolbrille.dk\/wp-content\/uploads\/2020\/04\/Capraia-logo-black.jpg\" alt=\"\" width=\"200\" height=\"98\" \/><\/p>","protected":false},"featured_media":9414,"comment_status":"closed","ping_status":"closed","template":"","meta":{"om_disable_all_campaigns":false,"_monsterinsights_skip_tracking":false,"_monsterinsights_sitenote_active":false,"_monsterinsights_sitenote_note":"","_monsterinsights_sitenote_category":0},"product_brand":[],"product_cat":[1206,1049],"product_tag":[901,776,483,769,612,635,634,461],"class_list":{"0":"post-6455","1":"product","2":"type-product","3":"status-publish","4":"has-post-thumbnail","6":"product_cat-capraia-solbriller","7":"product_cat-premium-solbriller","8":"product_tag-b1003","9":"product_tag-giorgio","10":"product_tag-lyseroede","11":"product_tag-ph4131","12":"product_tag-s2116","13":"product_tag-s2829","14":"product_tag-s2869","15":"product_tag-sort","17":"first","18":"instock","19":"shipping-taxable","20":"purchasable","21":"product-type-simple"},"yoast_head":"<!-- This site is optimized with the Yoast SEO plugin v27.5 - https:\/\/yoast.com\/product\/yoast-seo-wordpress\/ -->\n<title>Capraia Rovello - Sort-gr\u00e5 fade stel og s\u00f8lv spejlglas | K\u00f8b online her | LOCS<\/title>\n<meta name=\"description\" content=\"K\u00f8b Capraia Rovello - Sort-gr\u00e5 fade stel og s\u00f8lv spejlglas her | EU&#039;s st\u00f8rste udvalg af LOCS solbriller | Vi sender fra EU - Ingen ekstra import udgifter\" \/>\n<meta name=\"robots\" content=\"index, follow, max-snippet:-1, max-image-preview:large, max-video-preview:-1\" \/>\n<link rel=\"canonical\" href=\"https:\/\/locsshop.eu\/nl\/shop\/capraia-rovello-sort-graa-fade-stel-og-soelv-spejlglas-glas\/\" \/>\n<meta property=\"og:locale\" content=\"nl_NL\" \/>\n<meta property=\"og:type\" content=\"article\" \/>\n<meta property=\"og:title\" content=\"Capraia Rovello - Sort-gr\u00e5 fade stel og s\u00f8lv spejlglas | K\u00f8b online her | LOCS\" \/>\n<meta property=\"og:description\" content=\"K\u00f8b Capraia Rovello - Sort-gr\u00e5 fade stel og s\u00f8lv spejlglas her | EU&#039;s st\u00f8rste udvalg af LOCS solbriller | Vi sender fra EU - Ingen ekstra import udgifter\" \/>\n<meta property=\"og:url\" content=\"https:\/\/locsshop.eu\/nl\/shop\/capraia-rovello-sort-graa-fade-stel-og-soelv-spejlglas-glas\/\" \/>\n<meta property=\"og:site_name\" content=\"Locs Sunglasses - LOCS Supplier in EU\" \/>\n<meta property=\"article:modified_time\" content=\"2024-05-23T10:43:27+00:00\" \/>\n<meta property=\"og:image\" content=\"https:\/\/locsshop.eu\/wp-content\/uploads\/2020\/04\/Rovello2-2-1.jpg\" \/>\n\t<meta property=\"og:image:width\" content=\"1000\" \/>\n\t<meta property=\"og:image:height\" content=\"1000\" \/>\n\t<meta property=\"og:image:type\" content=\"image\/jpeg\" \/>\n<meta name=\"twitter:card\" content=\"summary_large_image\" \/>\n<meta name=\"twitter:label1\" content=\"Geschatte leestijd\" \/>\n\t<meta name=\"twitter:data1\" content=\"1 minuut\" \/>\n<script type=\"application\/ld+json\" class=\"yoast-schema-graph\">{\"@context\":\"https:\\\/\\\/schema.org\",\"@graph\":[{\"@type\":\"WebPage\",\"@id\":\"https:\\\/\\\/locsshop.eu\\\/shop\\\/capraia-rovello-sort-graa-fade-stel-og-soelv-spejlglas-glas\\\/\",\"url\":\"https:\\\/\\\/locsshop.eu\\\/shop\\\/capraia-rovello-sort-graa-fade-stel-og-soelv-spejlglas-glas\\\/\",\"name\":\"Capraia Rovello - Sort-gr\u00e5 fade stel og s\u00f8lv spejlglas | K\u00f8b online her | LOCS\",\"isPartOf\":{\"@id\":\"https:\\\/\\\/locsshop.eu\\\/#website\"},\"primaryImageOfPage\":{\"@id\":\"https:\\\/\\\/locsshop.eu\\\/shop\\\/capraia-rovello-sort-graa-fade-stel-og-soelv-spejlglas-glas\\\/#primaryimage\"},\"image\":{\"@id\":\"https:\\\/\\\/locsshop.eu\\\/shop\\\/capraia-rovello-sort-graa-fade-stel-og-soelv-spejlglas-glas\\\/#primaryimage\"},\"thumbnailUrl\":\"https:\\\/\\\/locsshop.eu\\\/wp-content\\\/uploads\\\/2020\\\/04\\\/Rovello2-2-1.jpg\",\"datePublished\":\"2020-04-26T09:09:40+00:00\",\"dateModified\":\"2024-05-23T10:43:27+00:00\",\"description\":\"K\u00f8b Capraia Rovello - Sort-gr\u00e5 fade stel og s\u00f8lv spejlglas her | EU's st\u00f8rste udvalg af LOCS solbriller | Vi sender fra EU - Ingen ekstra import udgifter\",\"breadcrumb\":{\"@id\":\"https:\\\/\\\/locsshop.eu\\\/shop\\\/capraia-rovello-sort-graa-fade-stel-og-soelv-spejlglas-glas\\\/#breadcrumb\"},\"inLanguage\":\"nl-NL\",\"potentialAction\":[{\"@type\":\"ReadAction\",\"target\":[\"https:\\\/\\\/locsshop.eu\\\/shop\\\/capraia-rovello-sort-graa-fade-stel-og-soelv-spejlglas-glas\\\/\"]}]},{\"@type\":\"ImageObject\",\"inLanguage\":\"nl-NL\",\"@id\":\"https:\\\/\\\/locsshop.eu\\\/shop\\\/capraia-rovello-sort-graa-fade-stel-og-soelv-spejlglas-glas\\\/#primaryimage\",\"url\":\"https:\\\/\\\/locsshop.eu\\\/wp-content\\\/uploads\\\/2020\\\/04\\\/Rovello2-2-1.jpg\",\"contentUrl\":\"https:\\\/\\\/locsshop.eu\\\/wp-content\\\/uploads\\\/2020\\\/04\\\/Rovello2-2-1.jpg\",\"width\":1000,\"height\":1000},{\"@type\":\"BreadcrumbList\",\"@id\":\"https:\\\/\\\/locsshop.eu\\\/shop\\\/capraia-rovello-sort-graa-fade-stel-og-soelv-spejlglas-glas\\\/#breadcrumb\",\"itemListElement\":[{\"@type\":\"ListItem\",\"position\":1,\"name\":\"Hjem\",\"item\":\"https:\\\/\\\/locsshop.eu\\\/\"},{\"@type\":\"ListItem\",\"position\":2,\"name\":\"Shop\",\"item\":\"https:\\\/\\\/locsshop.eu\\\/shop\\\/\"},{\"@type\":\"ListItem\",\"position\":3,\"name\":\"Capraia Rovello &#8211; Sort-gr\u00e5 fade stel og s\u00f8lv spejlglas\"}]},{\"@type\":\"WebSite\",\"@id\":\"https:\\\/\\\/locsshop.eu\\\/#website\",\"url\":\"https:\\\/\\\/locsshop.eu\\\/\",\"name\":\"Locs Sunglasses - LOCS Supplier in EU\",\"description\":\"We sell cheap LOCS Sunglasses\",\"publisher\":{\"@id\":\"https:\\\/\\\/locsshop.eu\\\/#organization\"},\"potentialAction\":[{\"@type\":\"SearchAction\",\"target\":{\"@type\":\"EntryPoint\",\"urlTemplate\":\"https:\\\/\\\/locsshop.eu\\\/?s={search_term_string}\"},\"query-input\":{\"@type\":\"PropertyValueSpecification\",\"valueRequired\":true,\"valueName\":\"search_term_string\"}}],\"inLanguage\":\"nl-NL\"},{\"@type\":\"Organization\",\"@id\":\"https:\\\/\\\/locsshop.eu\\\/#organization\",\"name\":\"Locsshop.eu\",\"url\":\"https:\\\/\\\/locsshop.eu\\\/\",\"logo\":{\"@type\":\"ImageObject\",\"inLanguage\":\"nl-NL\",\"@id\":\"https:\\\/\\\/locsshop.eu\\\/#\\\/schema\\\/logo\\\/image\\\/\",\"url\":\"https:\\\/\\\/locsshop.eu\\\/wp-content\\\/uploads\\\/2022\\\/02\\\/Locsshop-logo.png\",\"contentUrl\":\"https:\\\/\\\/locsshop.eu\\\/wp-content\\\/uploads\\\/2022\\\/02\\\/Locsshop-logo.png\",\"width\":930,\"height\":200,\"caption\":\"Locsshop.eu\"},\"image\":{\"@id\":\"https:\\\/\\\/locsshop.eu\\\/#\\\/schema\\\/logo\\\/image\\\/\"}}]}<\/script>\n<!-- \/ Yoast SEO plugin. -->","yoast_head_json":{"title":"Capraia Rovello - Zwart-grijze schotellijst en zilver spiegelglas | Koop hier online | LOCS","description":"Koop hier Capraia Rovello - Zwart-grijze schotellijst en zilver spiegelglas | De grootste selectie LOCS-zonnebrillen in de EU | Wij verzenden vanuit de EU - Geen extra invoerkosten","robots":{"index":"index","follow":"follow","max-snippet":"max-snippet:-1","max-image-preview":"max-image-preview:large","max-video-preview":"max-video-preview:-1"},"canonical":"https:\/\/locsshop.eu\/nl\/shop\/capraia-rovello-sort-graa-fade-stel-og-soelv-spejlglas-glas\/","og_locale":"nl_NL","og_type":"article","og_title":"Capraia Rovello - Sort-gr\u00e5 fade stel og s\u00f8lv spejlglas | K\u00f8b online her | LOCS","og_description":"K\u00f8b Capraia Rovello - Sort-gr\u00e5 fade stel og s\u00f8lv spejlglas her | EU's st\u00f8rste udvalg af LOCS solbriller | Vi sender fra EU - Ingen ekstra import udgifter","og_url":"https:\/\/locsshop.eu\/nl\/shop\/capraia-rovello-sort-graa-fade-stel-og-soelv-spejlglas-glas\/","og_site_name":"Locs Sunglasses - LOCS Supplier in EU","article_modified_time":"2024-05-23T10:43:27+00:00","og_image":[{"width":1000,"height":1000,"url":"https:\/\/locsshop.eu\/wp-content\/uploads\/2020\/04\/Rovello2-2-1.jpg","type":"image\/jpeg"}],"twitter_card":"summary_large_image","twitter_misc":{"Geschatte leestijd":"1 minuut"},"schema":{"@context":"https:\/\/schema.org","@graph":[{"@type":"WebPage","@id":"https:\/\/locsshop.eu\/shop\/capraia-rovello-sort-graa-fade-stel-og-soelv-spejlglas-glas\/","url":"https:\/\/locsshop.eu\/shop\/capraia-rovello-sort-graa-fade-stel-og-soelv-spejlglas-glas\/","name":"Capraia Rovello - Zwart-grijze schotellijst en zilver spiegelglas | Koop hier online | LOCS","isPartOf":{"@id":"https:\/\/locsshop.eu\/#website"},"primaryImageOfPage":{"@id":"https:\/\/locsshop.eu\/shop\/capraia-rovello-sort-graa-fade-stel-og-soelv-spejlglas-glas\/#primaryimage"},"image":{"@id":"https:\/\/locsshop.eu\/shop\/capraia-rovello-sort-graa-fade-stel-og-soelv-spejlglas-glas\/#primaryimage"},"thumbnailUrl":"https:\/\/locsshop.eu\/wp-content\/uploads\/2020\/04\/Rovello2-2-1.jpg","datePublished":"2020-04-26T09:09:40+00:00","dateModified":"2024-05-23T10:43:27+00:00","description":"Koop hier Capraia Rovello - Zwart-grijze schotellijst en zilver spiegelglas | De grootste selectie LOCS-zonnebrillen in de EU | Wij verzenden vanuit de EU - Geen extra invoerkosten","breadcrumb":{"@id":"https:\/\/locsshop.eu\/shop\/capraia-rovello-sort-graa-fade-stel-og-soelv-spejlglas-glas\/#breadcrumb"},"inLanguage":"nl-NL","potentialAction":[{"@type":"ReadAction","target":["https:\/\/locsshop.eu\/shop\/capraia-rovello-sort-graa-fade-stel-og-soelv-spejlglas-glas\/"]}]},{"@type":"ImageObject","inLanguage":"nl-NL","@id":"https:\/\/locsshop.eu\/shop\/capraia-rovello-sort-graa-fade-stel-og-soelv-spejlglas-glas\/#primaryimage","url":"https:\/\/locsshop.eu\/wp-content\/uploads\/2020\/04\/Rovello2-2-1.jpg","contentUrl":"https:\/\/locsshop.eu\/wp-content\/uploads\/2020\/04\/Rovello2-2-1.jpg","width":1000,"height":1000},{"@type":"BreadcrumbList","@id":"https:\/\/locsshop.eu\/shop\/capraia-rovello-sort-graa-fade-stel-og-soelv-spejlglas-glas\/#breadcrumb","itemListElement":[{"@type":"ListItem","position":1,"name":"Hjem","item":"https:\/\/locsshop.eu\/"},{"@type":"ListItem","position":2,"name":"Shop","item":"https:\/\/locsshop.eu\/shop\/"},{"@type":"ListItem","position":3,"name":"Capraia Rovello &#8211; Sort-gr\u00e5 fade stel og s\u00f8lv spejlglas"}]},{"@type":"WebSite","@id":"https:\/\/locsshop.eu\/#website","url":"https:\/\/locsshop.eu\/","name":"Locs zonnebrillen - LOCS leverancier in de EU","description":"Wij verkopen goedkope LOCS zonnebrillen","publisher":{"@id":"https:\/\/locsshop.eu\/#organization"},"potentialAction":[{"@type":"SearchAction","target":{"@type":"EntryPoint","urlTemplate":"https:\/\/locsshop.eu\/?s={search_term_string}"},"query-input":{"@type":"PropertyValueSpecification","valueRequired":true,"valueName":"search_term_string"}}],"inLanguage":"nl-NL"},{"@type":"Organization","@id":"https:\/\/locsshop.eu\/#organization","name":"Locsshop.eu","url":"https:\/\/locsshop.eu\/","logo":{"@type":"ImageObject","inLanguage":"nl-NL","@id":"https:\/\/locsshop.eu\/#\/schema\/logo\/image\/","url":"https:\/\/locsshop.eu\/wp-content\/uploads\/2022\/02\/Locsshop-logo.png","contentUrl":"https:\/\/locsshop.eu\/wp-content\/uploads\/2022\/02\/Locsshop-logo.png","width":930,"height":200,"caption":"Locsshop.eu"},"image":{"@id":"https:\/\/locsshop.eu\/#\/schema\/logo\/image\/"}}]}},"_links":{"self":[{"href":"https:\/\/locsshop.eu\/nl\/wp-json\/wp\/v2\/product\/6455","targetHints":{"allow":["GET"]}}],"collection":[{"href":"https:\/\/locsshop.eu\/nl\/wp-json\/wp\/v2\/product"}],"about":[{"href":"https:\/\/locsshop.eu\/nl\/wp-json\/wp\/v2\/types\/product"}],"replies":[{"embeddable":true,"href":"https:\/\/locsshop.eu\/nl\/wp-json\/wp\/v2\/comments?post=6455"}],"wp:featuredmedia":[{"embeddable":true,"href":"https:\/\/locsshop.eu\/nl\/wp-json\/wp\/v2\/media\/9414"}],"wp:attachment":[{"href":"https:\/\/locsshop.eu\/nl\/wp-json\/wp\/v2\/media?parent=6455"}],"wp:term":[{"taxonomy":"product_brand","embeddable":true,"href":"https:\/\/locsshop.eu\/nl\/wp-json\/wp\/v2\/product_brand?post=6455"},{"taxonomy":"product_cat","embeddable":true,"href":"https:\/\/locsshop.eu\/nl\/wp-json\/wp\/v2\/product_cat?post=6455"},{"taxonomy":"product_tag","embeddable":true,"href":"https:\/\/locsshop.eu\/nl\/wp-json\/wp\/v2\/product_tag?post=6455"}],"curies":[{"name":"wp","href":"https:\/\/api.w.org\/{rel}","templated":true}]}}