{"id":6567,"date":"2020-04-25T00:23:43","date_gmt":"2020-04-24T22:23:43","guid":{"rendered":"https:\/\/locsshop.eu\/shop\/capraia-arilla-sort-stel-og-moerke-glas\/"},"modified":"2025-04-18T09:50:11","modified_gmt":"2025-04-18T07:50:11","slug":"capraia-arilla-sort-stel-og-moerke-glas","status":"publish","type":"product","link":"https:\/\/locsshop.eu\/nl\/shop\/capraia-arilla-sort-stel-og-moerke-glas\/","title":{"rendered":"Capraia Arilla \u2013 Zwart montuur en donkere glazen"},"content":{"rendered":"<h2><strong>Mooie ronde zonnebril met donkere glazen<\/strong><\/h2>\n<p>&nbsp;<\/p>\n<h4>Het model Arilla van Capraia is een mooie ronde zonnebril geproduceerd in TR90, een licht, duurzaam en flexibel materiaal, voor zowel mannen als vrouwen.<\/h4>\n<h4>Deze zit in een zwart hoogglans montuur met donkere gepolariseerde glazen. Daarnaast is het gouden logo van Capraia terug te vinden op \u00e9\u00e9n lens, wat de zonnebril een hele mooie afwerking en een exclusieve uitstraling geeft.<\/h4>\n<h4>Capraia zonnebrillen zijn goede zonnebrillen in materialen die worden gebruikt in dure designerbrillen. De zonnebril wordt geleverd in een mooie doos met daarin een opvouwbaar etui, dat niet veel ruimte in beslag neemt als de zonnebril in gebruik is. Er wordt ook een schoonmaakdoekje meegeleverd. Zo kunt u uw zonnebril op de juiste manier onderhouden. Het verhoogt de levensduur.<\/h4>\n<h4>Probeer een Capraia-zonnebril - U krijgt echt veel waar voor uw geld.<\/h4>\n<h4><\/h4>\n<p>&nbsp;<\/p>\n<h4><strong><em>Details:<\/em><\/strong><\/h4>\n<p>Breedte: 13,5 cm.<br \/>\nHoogte: 5cm.<br \/>\nArmlengte: 13,6 cm.<br \/>\nMateriaal: TR90<br \/>\nGepolariseerde bril<br \/>\nUV400-bescherming<br \/>\nCE goedgekeurd<br \/>\n<img loading=\"lazy\" decoding=\"async\" class=\"alignnone size-full wp-image-4007\" src=\"https:\/\/billigsolbrille.dk\/wp-content\/uploads\/2020\/04\/capraia-logo.jpg\" alt=\"\" width=\"200\" height=\"200\" \/><\/p>","protected":false},"excerpt":{"rendered":"<p><strong>Capraia Arilla<\/strong><br \/>\nZwart montuur \u2013 Donkere bril<br \/>\nTR90<br \/>\nGepolariseerde bril<br \/>\nUV400<br \/>\nCE-goedgekeurd<br \/>\n<img loading=\"lazy\" decoding=\"async\" class=\"alignnone size-full wp-image-4017\" src=\"https:\/\/billigsolbrille.dk\/wp-content\/uploads\/2020\/04\/Capraia-logo-black.jpg\" alt=\"\" width=\"200\" height=\"98\" \/><\/p>","protected":false},"featured_media":9438,"comment_status":"closed","ping_status":"closed","template":"","meta":{"om_disable_all_campaigns":false,"_monsterinsights_skip_tracking":false,"_monsterinsights_sitenote_active":false,"_monsterinsights_sitenote_note":"","_monsterinsights_sitenote_category":0},"product_brand":[],"product_cat":[1206,1049],"product_tag":[774,637,635,634,461],"class_list":{"0":"post-6567","1":"product","2":"type-product","3":"status-publish","4":"has-post-thumbnail","6":"product_cat-capraia-solbriller","7":"product_cat-premium-solbriller","8":"product_tag-ar8096f","9":"product_tag-arilla2","10":"product_tag-s2829","11":"product_tag-s2869","12":"product_tag-sort","14":"first","15":"instock","16":"shipping-taxable","17":"purchasable","18":"product-type-simple"},"yoast_head":"<!-- This site is optimized with the Yoast SEO plugin v27.5 - https:\/\/yoast.com\/product\/yoast-seo-wordpress\/ -->\n<title>Capraia Arilla - Sort stel og m\u00f8rke glas | K\u00f8b online her | LOCS<\/title>\n<meta name=\"description\" content=\"K\u00f8b Capraia Arilla - Sort stel og m\u00f8rke glas her | EU&#039;s st\u00f8rste udvalg af LOCS solbriller | Vi sender fra EU - Ingen ekstra import udgifter\" \/>\n<meta name=\"robots\" content=\"index, follow, max-snippet:-1, max-image-preview:large, max-video-preview:-1\" \/>\n<link rel=\"canonical\" href=\"https:\/\/locsshop.eu\/nl\/shop\/capraia-arilla-sort-stel-og-moerke-glas\/\" \/>\n<meta property=\"og:locale\" content=\"nl_NL\" \/>\n<meta property=\"og:type\" content=\"article\" \/>\n<meta property=\"og:title\" content=\"Capraia Arilla - Sort stel og m\u00f8rke glas | K\u00f8b online her | LOCS\" \/>\n<meta property=\"og:description\" content=\"K\u00f8b Capraia Arilla - Sort stel og m\u00f8rke glas her | EU&#039;s st\u00f8rste udvalg af LOCS solbriller | Vi sender fra EU - Ingen ekstra import udgifter\" \/>\n<meta property=\"og:url\" content=\"https:\/\/locsshop.eu\/nl\/shop\/capraia-arilla-sort-stel-og-moerke-glas\/\" \/>\n<meta property=\"og:site_name\" content=\"Locs Sunglasses - LOCS Supplier in EU\" \/>\n<meta property=\"article:modified_time\" content=\"2025-04-18T07:50:11+00:00\" \/>\n<meta property=\"og:image\" content=\"https:\/\/locsshop.eu\/wp-content\/uploads\/2020\/04\/Arilla2-2-1.jpg\" \/>\n\t<meta property=\"og:image:width\" content=\"1000\" \/>\n\t<meta property=\"og:image:height\" content=\"1000\" \/>\n\t<meta property=\"og:image:type\" content=\"image\/jpeg\" \/>\n<meta name=\"twitter:card\" content=\"summary_large_image\" \/>\n<meta name=\"twitter:label1\" content=\"Geschatte leestijd\" \/>\n\t<meta name=\"twitter:data1\" content=\"1 minuut\" \/>\n<script type=\"application\/ld+json\" class=\"yoast-schema-graph\">{\"@context\":\"https:\\\/\\\/schema.org\",\"@graph\":[{\"@type\":\"WebPage\",\"@id\":\"https:\\\/\\\/locsshop.eu\\\/shop\\\/capraia-arilla-sort-stel-og-moerke-glas\\\/\",\"url\":\"https:\\\/\\\/locsshop.eu\\\/shop\\\/capraia-arilla-sort-stel-og-moerke-glas\\\/\",\"name\":\"Capraia Arilla - Sort stel og m\u00f8rke glas | K\u00f8b online her | LOCS\",\"isPartOf\":{\"@id\":\"https:\\\/\\\/locsshop.eu\\\/#website\"},\"primaryImageOfPage\":{\"@id\":\"https:\\\/\\\/locsshop.eu\\\/shop\\\/capraia-arilla-sort-stel-og-moerke-glas\\\/#primaryimage\"},\"image\":{\"@id\":\"https:\\\/\\\/locsshop.eu\\\/shop\\\/capraia-arilla-sort-stel-og-moerke-glas\\\/#primaryimage\"},\"thumbnailUrl\":\"https:\\\/\\\/locsshop.eu\\\/wp-content\\\/uploads\\\/2020\\\/04\\\/Arilla2-2-1.jpg\",\"datePublished\":\"2020-04-24T22:23:43+00:00\",\"dateModified\":\"2025-04-18T07:50:11+00:00\",\"description\":\"K\u00f8b Capraia Arilla - Sort stel og m\u00f8rke glas her | EU's st\u00f8rste udvalg af LOCS solbriller | Vi sender fra EU - Ingen ekstra import udgifter\",\"breadcrumb\":{\"@id\":\"https:\\\/\\\/locsshop.eu\\\/shop\\\/capraia-arilla-sort-stel-og-moerke-glas\\\/#breadcrumb\"},\"inLanguage\":\"nl-NL\",\"potentialAction\":[{\"@type\":\"ReadAction\",\"target\":[\"https:\\\/\\\/locsshop.eu\\\/shop\\\/capraia-arilla-sort-stel-og-moerke-glas\\\/\"]}]},{\"@type\":\"ImageObject\",\"inLanguage\":\"nl-NL\",\"@id\":\"https:\\\/\\\/locsshop.eu\\\/shop\\\/capraia-arilla-sort-stel-og-moerke-glas\\\/#primaryimage\",\"url\":\"https:\\\/\\\/locsshop.eu\\\/wp-content\\\/uploads\\\/2020\\\/04\\\/Arilla2-2-1.jpg\",\"contentUrl\":\"https:\\\/\\\/locsshop.eu\\\/wp-content\\\/uploads\\\/2020\\\/04\\\/Arilla2-2-1.jpg\",\"width\":1000,\"height\":1000},{\"@type\":\"BreadcrumbList\",\"@id\":\"https:\\\/\\\/locsshop.eu\\\/shop\\\/capraia-arilla-sort-stel-og-moerke-glas\\\/#breadcrumb\",\"itemListElement\":[{\"@type\":\"ListItem\",\"position\":1,\"name\":\"Hjem\",\"item\":\"https:\\\/\\\/locsshop.eu\\\/\"},{\"@type\":\"ListItem\",\"position\":2,\"name\":\"Shop\",\"item\":\"https:\\\/\\\/locsshop.eu\\\/shop\\\/\"},{\"@type\":\"ListItem\",\"position\":3,\"name\":\"Capraia Arilla &#8211; Sort stel og m\u00f8rke glas\"}]},{\"@type\":\"WebSite\",\"@id\":\"https:\\\/\\\/locsshop.eu\\\/#website\",\"url\":\"https:\\\/\\\/locsshop.eu\\\/\",\"name\":\"Locs Sunglasses - LOCS Supplier in EU\",\"description\":\"We sell cheap LOCS Sunglasses\",\"publisher\":{\"@id\":\"https:\\\/\\\/locsshop.eu\\\/#organization\"},\"potentialAction\":[{\"@type\":\"SearchAction\",\"target\":{\"@type\":\"EntryPoint\",\"urlTemplate\":\"https:\\\/\\\/locsshop.eu\\\/?s={search_term_string}\"},\"query-input\":{\"@type\":\"PropertyValueSpecification\",\"valueRequired\":true,\"valueName\":\"search_term_string\"}}],\"inLanguage\":\"nl-NL\"},{\"@type\":\"Organization\",\"@id\":\"https:\\\/\\\/locsshop.eu\\\/#organization\",\"name\":\"Locsshop.eu\",\"url\":\"https:\\\/\\\/locsshop.eu\\\/\",\"logo\":{\"@type\":\"ImageObject\",\"inLanguage\":\"nl-NL\",\"@id\":\"https:\\\/\\\/locsshop.eu\\\/#\\\/schema\\\/logo\\\/image\\\/\",\"url\":\"https:\\\/\\\/locsshop.eu\\\/wp-content\\\/uploads\\\/2022\\\/02\\\/Locsshop-logo.png\",\"contentUrl\":\"https:\\\/\\\/locsshop.eu\\\/wp-content\\\/uploads\\\/2022\\\/02\\\/Locsshop-logo.png\",\"width\":930,\"height\":200,\"caption\":\"Locsshop.eu\"},\"image\":{\"@id\":\"https:\\\/\\\/locsshop.eu\\\/#\\\/schema\\\/logo\\\/image\\\/\"}}]}<\/script>\n<!-- \/ Yoast SEO plugin. -->","yoast_head_json":{"title":"Capraia Arilla - Zwart montuur en donkere bril | Koop hier online | LOCS","description":"Koop hier Capraia Arilla - Zwart montuur en donkere bril | De grootste selectie LOCS-zonnebrillen in de EU | Wij verzenden vanuit de EU - Geen extra invoerkosten","robots":{"index":"index","follow":"follow","max-snippet":"max-snippet:-1","max-image-preview":"max-image-preview:large","max-video-preview":"max-video-preview:-1"},"canonical":"https:\/\/locsshop.eu\/nl\/shop\/capraia-arilla-sort-stel-og-moerke-glas\/","og_locale":"nl_NL","og_type":"article","og_title":"Capraia Arilla - Sort stel og m\u00f8rke glas | K\u00f8b online her | LOCS","og_description":"K\u00f8b Capraia Arilla - Sort stel og m\u00f8rke glas her | EU's st\u00f8rste udvalg af LOCS solbriller | Vi sender fra EU - Ingen ekstra import udgifter","og_url":"https:\/\/locsshop.eu\/nl\/shop\/capraia-arilla-sort-stel-og-moerke-glas\/","og_site_name":"Locs Sunglasses - LOCS Supplier in EU","article_modified_time":"2025-04-18T07:50:11+00:00","og_image":[{"width":1000,"height":1000,"url":"https:\/\/locsshop.eu\/wp-content\/uploads\/2020\/04\/Arilla2-2-1.jpg","type":"image\/jpeg"}],"twitter_card":"summary_large_image","twitter_misc":{"Geschatte leestijd":"1 minuut"},"schema":{"@context":"https:\/\/schema.org","@graph":[{"@type":"WebPage","@id":"https:\/\/locsshop.eu\/shop\/capraia-arilla-sort-stel-og-moerke-glas\/","url":"https:\/\/locsshop.eu\/shop\/capraia-arilla-sort-stel-og-moerke-glas\/","name":"Capraia Arilla - Zwart montuur en donkere bril | Koop hier online | LOCS","isPartOf":{"@id":"https:\/\/locsshop.eu\/#website"},"primaryImageOfPage":{"@id":"https:\/\/locsshop.eu\/shop\/capraia-arilla-sort-stel-og-moerke-glas\/#primaryimage"},"image":{"@id":"https:\/\/locsshop.eu\/shop\/capraia-arilla-sort-stel-og-moerke-glas\/#primaryimage"},"thumbnailUrl":"https:\/\/locsshop.eu\/wp-content\/uploads\/2020\/04\/Arilla2-2-1.jpg","datePublished":"2020-04-24T22:23:43+00:00","dateModified":"2025-04-18T07:50:11+00:00","description":"Koop hier Capraia Arilla - Zwart montuur en donkere bril | De grootste selectie LOCS-zonnebrillen in de EU | Wij verzenden vanuit de EU - Geen extra invoerkosten","breadcrumb":{"@id":"https:\/\/locsshop.eu\/shop\/capraia-arilla-sort-stel-og-moerke-glas\/#breadcrumb"},"inLanguage":"nl-NL","potentialAction":[{"@type":"ReadAction","target":["https:\/\/locsshop.eu\/shop\/capraia-arilla-sort-stel-og-moerke-glas\/"]}]},{"@type":"ImageObject","inLanguage":"nl-NL","@id":"https:\/\/locsshop.eu\/shop\/capraia-arilla-sort-stel-og-moerke-glas\/#primaryimage","url":"https:\/\/locsshop.eu\/wp-content\/uploads\/2020\/04\/Arilla2-2-1.jpg","contentUrl":"https:\/\/locsshop.eu\/wp-content\/uploads\/2020\/04\/Arilla2-2-1.jpg","width":1000,"height":1000},{"@type":"BreadcrumbList","@id":"https:\/\/locsshop.eu\/shop\/capraia-arilla-sort-stel-og-moerke-glas\/#breadcrumb","itemListElement":[{"@type":"ListItem","position":1,"name":"Hjem","item":"https:\/\/locsshop.eu\/"},{"@type":"ListItem","position":2,"name":"Shop","item":"https:\/\/locsshop.eu\/shop\/"},{"@type":"ListItem","position":3,"name":"Capraia Arilla &#8211; Sort stel og m\u00f8rke glas"}]},{"@type":"WebSite","@id":"https:\/\/locsshop.eu\/#website","url":"https:\/\/locsshop.eu\/","name":"Locs zonnebrillen - LOCS leverancier in de EU","description":"Wij verkopen goedkope LOCS zonnebrillen","publisher":{"@id":"https:\/\/locsshop.eu\/#organization"},"potentialAction":[{"@type":"SearchAction","target":{"@type":"EntryPoint","urlTemplate":"https:\/\/locsshop.eu\/?s={search_term_string}"},"query-input":{"@type":"PropertyValueSpecification","valueRequired":true,"valueName":"search_term_string"}}],"inLanguage":"nl-NL"},{"@type":"Organization","@id":"https:\/\/locsshop.eu\/#organization","name":"Locsshop.eu","url":"https:\/\/locsshop.eu\/","logo":{"@type":"ImageObject","inLanguage":"nl-NL","@id":"https:\/\/locsshop.eu\/#\/schema\/logo\/image\/","url":"https:\/\/locsshop.eu\/wp-content\/uploads\/2022\/02\/Locsshop-logo.png","contentUrl":"https:\/\/locsshop.eu\/wp-content\/uploads\/2022\/02\/Locsshop-logo.png","width":930,"height":200,"caption":"Locsshop.eu"},"image":{"@id":"https:\/\/locsshop.eu\/#\/schema\/logo\/image\/"}}]}},"_links":{"self":[{"href":"https:\/\/locsshop.eu\/nl\/wp-json\/wp\/v2\/product\/6567","targetHints":{"allow":["GET"]}}],"collection":[{"href":"https:\/\/locsshop.eu\/nl\/wp-json\/wp\/v2\/product"}],"about":[{"href":"https:\/\/locsshop.eu\/nl\/wp-json\/wp\/v2\/types\/product"}],"replies":[{"embeddable":true,"href":"https:\/\/locsshop.eu\/nl\/wp-json\/wp\/v2\/comments?post=6567"}],"wp:featuredmedia":[{"embeddable":true,"href":"https:\/\/locsshop.eu\/nl\/wp-json\/wp\/v2\/media\/9438"}],"wp:attachment":[{"href":"https:\/\/locsshop.eu\/nl\/wp-json\/wp\/v2\/media?parent=6567"}],"wp:term":[{"taxonomy":"product_brand","embeddable":true,"href":"https:\/\/locsshop.eu\/nl\/wp-json\/wp\/v2\/product_brand?post=6567"},{"taxonomy":"product_cat","embeddable":true,"href":"https:\/\/locsshop.eu\/nl\/wp-json\/wp\/v2\/product_cat?post=6567"},{"taxonomy":"product_tag","embeddable":true,"href":"https:\/\/locsshop.eu\/nl\/wp-json\/wp\/v2\/product_tag?post=6567"}],"curies":[{"name":"wp","href":"https:\/\/api.w.org\/{rel}","templated":true}]}}