{"id":7049,"date":"2019-10-10T23:16:27","date_gmt":"2019-10-10T21:16:27","guid":{"rendered":"https:\/\/locsshop.eu\/shop\/anti-blaa-lys-gaming-gamer-briller-combina-eyewear\/"},"modified":"2026-05-03T14:45:33","modified_gmt":"2026-05-03T12:45:33","slug":"anti-blaa-lys-briller-gaming-briller-combina-eyewear","status":"publish","type":"product","link":"https:\/\/locsshop.eu\/nl\/shop\/anti-blaa-lys-briller-gaming-briller-combina-eyewear\/","title":{"rendered":"Anti Blue Light Bril \/ Gaming bril \u2013 Combina Eyewear"},"content":{"rendered":"<p><strong>COMBINA EYEWEAR ANTI BLUE LIGHT BRIL IS PROFESSIONELE SCREEN &amp; GAMING BRIL.<\/strong><\/p>\n<p>Een anti-blauwlichtbril helpt je ogen gezond te houden wanneer je voor een scherm zit dat blauw licht uitstraalt.<br \/>\nZe blokkeren blauwe lichtstralen en beschermen je ogen wanneer je speelt, achter de computer werkt, een telefoon of tablet gebruikt of tv kijkt.<\/p>\n<p><strong>VOORDELEN VAN HET GEBRUIK VAN COMBINA EYEWEAR ANTI BLUE LIGHT BRIL<\/strong><br \/>\n* Vermindert migraine, hoofdpijn, vermoeide ogen, droge ogen en oogvermoeidheid.<br \/>\n* Houdt je meer gefocust, verfrist en zorgt ervoor dat je beter slaapt.<br \/>\n* Blokkeert schadelijk blauw licht en UV-stralen binnen en buiten.<br \/>\n* Bijna transparante glazen en anti-reflecterend filter met minimaal kleurverschil.<br \/>\n* Hoog comfort met een licht frame en lichte lenzen.<br \/>\n* Stijlvolle monturen met Combina Eyewear-logo&#039;s aan elke kant, gemaakt voor heren en dames.<br \/>\n* Kan worden gebruikt door mensen met contactlenzen.<\/p>\n<p><strong>INBEGREPEN IN HET PAKKET:<\/strong><br \/>\n\u2705 Mooie en stijlvolle geschenkverpakking met logo.<br \/>\n\u2705 Anti-blauwlichtbril voor gaming, werk en persoonlijk gebruik.<br \/>\n\u2705 Opvouwbare driehoekige koffer voor optimale opslag. (Kan worden opgevouwen zodat het geen onnodige ruimte inneemt.)<br \/>\n\u2705 Mooi en dik microvezel poetsdoekje voor het veilig reinigen van de bril.<br \/>\n\u2705 Testkaart en blauw licht om te testen of de bril blauw licht blokkeert.<\/p>\n<p><strong>COMBINA BRIL:<\/strong><br \/>\n\u2714\ufe0f Is CE &amp; FDA gecertificeerd.<br \/>\n\u2714\ufe0f Heeft een UV400 filter.<\/p>\n<p><strong>MATERIALEN:<\/strong><br \/>\nFrame in polycarbonaat van goede kwaliteit.<br \/>\nMetalen scharnieren.<\/p>\n<p><strong>PERFECT VOOR:<\/strong><br \/>\nGamers die erg gefocust zijn en vele uren achter een computerscherm doorbrengen.<br \/>\nMensen die vanwege hun werk of in hun vrije tijd vele uren achter een computer zitten.<br \/>\nMensen die tv kijken, kijken vele uren naar de telefoon of tablet.<\/p>\n<p><em><strong>Zorg goed voor je ogen en koop Combina Eyewear Anti Blue Light Bril voor optimale oogbescherming.<\/strong><\/em><\/p>","protected":false},"excerpt":{"rendered":"<p>Anti Blauw Licht Bril \u2013 Combina Eyewear<br \/>\nFiltert blauw licht weg en beschermt je ogen.<br \/>\nGebruikt door gamers en mensen die veel voor het scherm zitten.<\/p>","protected":false},"featured_media":8394,"comment_status":"closed","ping_status":"closed","template":"","meta":{"om_disable_all_campaigns":false,"_monsterinsights_skip_tracking":false,"_monsterinsights_sitenote_active":false,"_monsterinsights_sitenote_note":"","_monsterinsights_sitenote_category":0},"product_brand":[],"product_cat":[1051],"product_tag":[700,912,703,702,913,704],"class_list":{"0":"post-7049","1":"product","2":"type-product","3":"status-publish","4":"has-post-thumbnail","6":"product_cat-skaermbriller-gaming-briller","7":"product_tag-anti-blaa-lys-briller","8":"product_tag-art","9":"product_tag-gaming-briller","10":"product_tag-limewave","11":"product_tag-prikker","12":"product_tag-skaermbriller","14":"first","15":"instock","16":"sale","17":"shipping-taxable","18":"purchasable","19":"product-type-simple"},"yoast_head":"<!-- This site is optimized with the Yoast SEO plugin v27.5 - https:\/\/yoast.com\/product\/yoast-seo-wordpress\/ -->\n<title>Anti Bl\u00e5 Lys Briller \/ Gaming briller - Combina Eyewear | K\u00f8b online her | LOCS<\/title>\n<meta name=\"description\" content=\"K\u00f8b Anti Bl\u00e5 Lys Briller \/ Gaming briller - Combina Eyewear her | EU&#039;s st\u00f8rste udvalg af LOCS solbriller | Vi sender fra EU - Ingen ekstra import udgifter\" \/>\n<meta name=\"robots\" content=\"index, follow, max-snippet:-1, max-image-preview:large, max-video-preview:-1\" \/>\n<link rel=\"canonical\" href=\"https:\/\/locsshop.eu\/nl\/shop\/anti-blaa-lys-briller-gaming-briller-combina-eyewear\/\" \/>\n<meta property=\"og:locale\" content=\"nl_NL\" \/>\n<meta property=\"og:type\" content=\"article\" \/>\n<meta property=\"og:title\" content=\"Anti Bl\u00e5 Lys Briller \/ Gaming briller - Combina Eyewear | K\u00f8b online her | LOCS\" \/>\n<meta property=\"og:description\" content=\"K\u00f8b Anti Bl\u00e5 Lys Briller \/ Gaming briller - Combina Eyewear her | EU&#039;s st\u00f8rste udvalg af LOCS solbriller | Vi sender fra EU - Ingen ekstra import udgifter\" \/>\n<meta property=\"og:url\" content=\"https:\/\/locsshop.eu\/nl\/shop\/anti-blaa-lys-briller-gaming-briller-combina-eyewear\/\" \/>\n<meta property=\"og:site_name\" content=\"Locs Sunglasses - LOCS Supplier in EU\" \/>\n<meta property=\"article:modified_time\" content=\"2026-05-03T12:45:33+00:00\" \/>\n<meta property=\"og:image\" content=\"https:\/\/locsshop.eu\/wp-content\/uploads\/2019\/10\/Anti-blue-light-glasses-Combina-Eyewear-1.jpg\" \/>\n\t<meta property=\"og:image:width\" content=\"1000\" \/>\n\t<meta property=\"og:image:height\" content=\"1000\" \/>\n\t<meta property=\"og:image:type\" content=\"image\/jpeg\" \/>\n<meta name=\"twitter:card\" content=\"summary_large_image\" \/>\n<meta name=\"twitter:label1\" content=\"Geschatte leestijd\" \/>\n\t<meta name=\"twitter:data1\" content=\"1 minuut\" \/>\n<script type=\"application\/ld+json\" class=\"yoast-schema-graph\">{\"@context\":\"https:\\\/\\\/schema.org\",\"@graph\":[{\"@type\":\"WebPage\",\"@id\":\"https:\\\/\\\/locsshop.eu\\\/shop\\\/anti-blaa-lys-briller-gaming-briller-combina-eyewear\\\/\",\"url\":\"https:\\\/\\\/locsshop.eu\\\/shop\\\/anti-blaa-lys-briller-gaming-briller-combina-eyewear\\\/\",\"name\":\"Anti Bl\u00e5 Lys Briller \\\/ Gaming briller - Combina Eyewear | K\u00f8b online her | LOCS\",\"isPartOf\":{\"@id\":\"https:\\\/\\\/locsshop.eu\\\/#website\"},\"primaryImageOfPage\":{\"@id\":\"https:\\\/\\\/locsshop.eu\\\/shop\\\/anti-blaa-lys-briller-gaming-briller-combina-eyewear\\\/#primaryimage\"},\"image\":{\"@id\":\"https:\\\/\\\/locsshop.eu\\\/shop\\\/anti-blaa-lys-briller-gaming-briller-combina-eyewear\\\/#primaryimage\"},\"thumbnailUrl\":\"https:\\\/\\\/locsshop.eu\\\/wp-content\\\/uploads\\\/2019\\\/10\\\/Anti-blue-light-glasses-Combina-Eyewear-1.jpg\",\"datePublished\":\"2019-10-10T21:16:27+00:00\",\"dateModified\":\"2026-05-03T12:45:33+00:00\",\"description\":\"K\u00f8b Anti Bl\u00e5 Lys Briller \\\/ Gaming briller - Combina Eyewear her | EU's st\u00f8rste udvalg af LOCS solbriller | Vi sender fra EU - Ingen ekstra import udgifter\",\"breadcrumb\":{\"@id\":\"https:\\\/\\\/locsshop.eu\\\/shop\\\/anti-blaa-lys-briller-gaming-briller-combina-eyewear\\\/#breadcrumb\"},\"inLanguage\":\"nl-NL\",\"potentialAction\":[{\"@type\":\"ReadAction\",\"target\":[\"https:\\\/\\\/locsshop.eu\\\/shop\\\/anti-blaa-lys-briller-gaming-briller-combina-eyewear\\\/\"]}]},{\"@type\":\"ImageObject\",\"inLanguage\":\"nl-NL\",\"@id\":\"https:\\\/\\\/locsshop.eu\\\/shop\\\/anti-blaa-lys-briller-gaming-briller-combina-eyewear\\\/#primaryimage\",\"url\":\"https:\\\/\\\/locsshop.eu\\\/wp-content\\\/uploads\\\/2019\\\/10\\\/Anti-blue-light-glasses-Combina-Eyewear-1.jpg\",\"contentUrl\":\"https:\\\/\\\/locsshop.eu\\\/wp-content\\\/uploads\\\/2019\\\/10\\\/Anti-blue-light-glasses-Combina-Eyewear-1.jpg\",\"width\":1000,\"height\":1000},{\"@type\":\"BreadcrumbList\",\"@id\":\"https:\\\/\\\/locsshop.eu\\\/shop\\\/anti-blaa-lys-briller-gaming-briller-combina-eyewear\\\/#breadcrumb\",\"itemListElement\":[{\"@type\":\"ListItem\",\"position\":1,\"name\":\"Hjem\",\"item\":\"https:\\\/\\\/locsshop.eu\\\/\"},{\"@type\":\"ListItem\",\"position\":2,\"name\":\"Shop\",\"item\":\"https:\\\/\\\/locsshop.eu\\\/shop\\\/\"},{\"@type\":\"ListItem\",\"position\":3,\"name\":\"Anti Bl\u00e5 Lys Briller \\\/ Gaming briller &#8211; Combina Eyewear\"}]},{\"@type\":\"WebSite\",\"@id\":\"https:\\\/\\\/locsshop.eu\\\/#website\",\"url\":\"https:\\\/\\\/locsshop.eu\\\/\",\"name\":\"Locs Sunglasses - LOCS Supplier in EU\",\"description\":\"We sell cheap LOCS Sunglasses\",\"publisher\":{\"@id\":\"https:\\\/\\\/locsshop.eu\\\/#organization\"},\"potentialAction\":[{\"@type\":\"SearchAction\",\"target\":{\"@type\":\"EntryPoint\",\"urlTemplate\":\"https:\\\/\\\/locsshop.eu\\\/?s={search_term_string}\"},\"query-input\":{\"@type\":\"PropertyValueSpecification\",\"valueRequired\":true,\"valueName\":\"search_term_string\"}}],\"inLanguage\":\"nl-NL\"},{\"@type\":\"Organization\",\"@id\":\"https:\\\/\\\/locsshop.eu\\\/#organization\",\"name\":\"Locsshop.eu\",\"url\":\"https:\\\/\\\/locsshop.eu\\\/\",\"logo\":{\"@type\":\"ImageObject\",\"inLanguage\":\"nl-NL\",\"@id\":\"https:\\\/\\\/locsshop.eu\\\/#\\\/schema\\\/logo\\\/image\\\/\",\"url\":\"https:\\\/\\\/locsshop.eu\\\/wp-content\\\/uploads\\\/2022\\\/02\\\/Locsshop-logo.png\",\"contentUrl\":\"https:\\\/\\\/locsshop.eu\\\/wp-content\\\/uploads\\\/2022\\\/02\\\/Locsshop-logo.png\",\"width\":930,\"height\":200,\"caption\":\"Locsshop.eu\"},\"image\":{\"@id\":\"https:\\\/\\\/locsshop.eu\\\/#\\\/schema\\\/logo\\\/image\\\/\"}}]}<\/script>\n<!-- \/ Yoast SEO plugin. -->","yoast_head_json":{"title":"Anti Blauw Licht Bril \/ Gaming bril - Combina Eyewear | Koop hier online | LOCS","description":"Koop hier een anti-blauwlichtbril \/ gamingbril - Combina Eyewear | De grootste selectie LOCS-zonnebrillen in de EU | Wij verzenden vanuit de EU - Geen extra invoerkosten","robots":{"index":"index","follow":"follow","max-snippet":"max-snippet:-1","max-image-preview":"max-image-preview:large","max-video-preview":"max-video-preview:-1"},"canonical":"https:\/\/locsshop.eu\/nl\/shop\/anti-blaa-lys-briller-gaming-briller-combina-eyewear\/","og_locale":"nl_NL","og_type":"article","og_title":"Anti Bl\u00e5 Lys Briller \/ Gaming briller - Combina Eyewear | K\u00f8b online her | LOCS","og_description":"K\u00f8b Anti Bl\u00e5 Lys Briller \/ Gaming briller - Combina Eyewear her | EU's st\u00f8rste udvalg af LOCS solbriller | Vi sender fra EU - Ingen ekstra import udgifter","og_url":"https:\/\/locsshop.eu\/nl\/shop\/anti-blaa-lys-briller-gaming-briller-combina-eyewear\/","og_site_name":"Locs Sunglasses - LOCS Supplier in EU","article_modified_time":"2026-05-03T12:45:33+00:00","og_image":[{"width":1000,"height":1000,"url":"https:\/\/locsshop.eu\/wp-content\/uploads\/2019\/10\/Anti-blue-light-glasses-Combina-Eyewear-1.jpg","type":"image\/jpeg"}],"twitter_card":"summary_large_image","twitter_misc":{"Geschatte leestijd":"1 minuut"},"schema":{"@context":"https:\/\/schema.org","@graph":[{"@type":"WebPage","@id":"https:\/\/locsshop.eu\/shop\/anti-blaa-lys-briller-gaming-briller-combina-eyewear\/","url":"https:\/\/locsshop.eu\/shop\/anti-blaa-lys-briller-gaming-briller-combina-eyewear\/","name":"Anti Blauw Licht Bril \/ Gaming bril - Combina Eyewear | Koop hier online | LOCS","isPartOf":{"@id":"https:\/\/locsshop.eu\/#website"},"primaryImageOfPage":{"@id":"https:\/\/locsshop.eu\/shop\/anti-blaa-lys-briller-gaming-briller-combina-eyewear\/#primaryimage"},"image":{"@id":"https:\/\/locsshop.eu\/shop\/anti-blaa-lys-briller-gaming-briller-combina-eyewear\/#primaryimage"},"thumbnailUrl":"https:\/\/locsshop.eu\/wp-content\/uploads\/2019\/10\/Anti-blue-light-glasses-Combina-Eyewear-1.jpg","datePublished":"2019-10-10T21:16:27+00:00","dateModified":"2026-05-03T12:45:33+00:00","description":"Koop hier een anti-blauwlichtbril \/ gamingbril - Combina Eyewear | De grootste selectie LOCS-zonnebrillen in de EU | Wij verzenden vanuit de EU - Geen extra invoerkosten","breadcrumb":{"@id":"https:\/\/locsshop.eu\/shop\/anti-blaa-lys-briller-gaming-briller-combina-eyewear\/#breadcrumb"},"inLanguage":"nl-NL","potentialAction":[{"@type":"ReadAction","target":["https:\/\/locsshop.eu\/shop\/anti-blaa-lys-briller-gaming-briller-combina-eyewear\/"]}]},{"@type":"ImageObject","inLanguage":"nl-NL","@id":"https:\/\/locsshop.eu\/shop\/anti-blaa-lys-briller-gaming-briller-combina-eyewear\/#primaryimage","url":"https:\/\/locsshop.eu\/wp-content\/uploads\/2019\/10\/Anti-blue-light-glasses-Combina-Eyewear-1.jpg","contentUrl":"https:\/\/locsshop.eu\/wp-content\/uploads\/2019\/10\/Anti-blue-light-glasses-Combina-Eyewear-1.jpg","width":1000,"height":1000},{"@type":"BreadcrumbList","@id":"https:\/\/locsshop.eu\/shop\/anti-blaa-lys-briller-gaming-briller-combina-eyewear\/#breadcrumb","itemListElement":[{"@type":"ListItem","position":1,"name":"Hjem","item":"https:\/\/locsshop.eu\/"},{"@type":"ListItem","position":2,"name":"Shop","item":"https:\/\/locsshop.eu\/shop\/"},{"@type":"ListItem","position":3,"name":"Anti Bl\u00e5 Lys Briller \/ Gaming briller &#8211; Combina Eyewear"}]},{"@type":"WebSite","@id":"https:\/\/locsshop.eu\/#website","url":"https:\/\/locsshop.eu\/","name":"Locs zonnebrillen - LOCS leverancier in de EU","description":"Wij verkopen goedkope LOCS zonnebrillen","publisher":{"@id":"https:\/\/locsshop.eu\/#organization"},"potentialAction":[{"@type":"SearchAction","target":{"@type":"EntryPoint","urlTemplate":"https:\/\/locsshop.eu\/?s={search_term_string}"},"query-input":{"@type":"PropertyValueSpecification","valueRequired":true,"valueName":"search_term_string"}}],"inLanguage":"nl-NL"},{"@type":"Organization","@id":"https:\/\/locsshop.eu\/#organization","name":"Locsshop.eu","url":"https:\/\/locsshop.eu\/","logo":{"@type":"ImageObject","inLanguage":"nl-NL","@id":"https:\/\/locsshop.eu\/#\/schema\/logo\/image\/","url":"https:\/\/locsshop.eu\/wp-content\/uploads\/2022\/02\/Locsshop-logo.png","contentUrl":"https:\/\/locsshop.eu\/wp-content\/uploads\/2022\/02\/Locsshop-logo.png","width":930,"height":200,"caption":"Locsshop.eu"},"image":{"@id":"https:\/\/locsshop.eu\/#\/schema\/logo\/image\/"}}]}},"_links":{"self":[{"href":"https:\/\/locsshop.eu\/nl\/wp-json\/wp\/v2\/product\/7049","targetHints":{"allow":["GET"]}}],"collection":[{"href":"https:\/\/locsshop.eu\/nl\/wp-json\/wp\/v2\/product"}],"about":[{"href":"https:\/\/locsshop.eu\/nl\/wp-json\/wp\/v2\/types\/product"}],"replies":[{"embeddable":true,"href":"https:\/\/locsshop.eu\/nl\/wp-json\/wp\/v2\/comments?post=7049"}],"wp:featuredmedia":[{"embeddable":true,"href":"https:\/\/locsshop.eu\/nl\/wp-json\/wp\/v2\/media\/8394"}],"wp:attachment":[{"href":"https:\/\/locsshop.eu\/nl\/wp-json\/wp\/v2\/media?parent=7049"}],"wp:term":[{"taxonomy":"product_brand","embeddable":true,"href":"https:\/\/locsshop.eu\/nl\/wp-json\/wp\/v2\/product_brand?post=7049"},{"taxonomy":"product_cat","embeddable":true,"href":"https:\/\/locsshop.eu\/nl\/wp-json\/wp\/v2\/product_cat?post=7049"},{"taxonomy":"product_tag","embeddable":true,"href":"https:\/\/locsshop.eu\/nl\/wp-json\/wp\/v2\/product_tag?post=7049"}],"curies":[{"name":"wp","href":"https:\/\/api.w.org\/{rel}","templated":true}]}}