{"id":7115,"date":"2019-05-01T14:36:20","date_gmt":"2019-05-01T12:36:20","guid":{"rendered":"https:\/\/locsshop.eu\/?post_type=product&#038;p=7115"},"modified":"2024-04-27T21:18:14","modified_gmt":"2024-04-27T19:18:14","slug":"pudseklud-og-etui-saet-graa-gpoint","status":"publish","type":"product","link":"https:\/\/locsshop.eu\/nl\/shop\/pudseklud-og-etui-saet-graa-gpoint\/","title":{"rendered":"Set poetsdoek en etui - Grijze G-Point"},"content":{"rendered":"<h2>Set poetsdoek en etui - Grijze G-Point<\/h2>\n<h1>De set bevat:<\/h1>\n<h1>1 stuk. schoonmaakdoekje<\/h1>\n<h1>1 stuk. zachte koffer<\/h1>\n<p>&nbsp;<\/p>\n<h2>Grijze G-Point Softcase-hoes<\/h2>\n<p>Voor brillen en zonnebrillen<\/p>\n<p>Goed zonnebrillenzakje om je bril en zonnebril te beschermen wanneer je deze niet draagt.<\/p>\n<p>Je voorkomt krassen in de glazen wanneer je ze in dit etui inpakt.<br \/>\nZonnebrillen en brillen zijn gemakkelijk bekrast en stoffig als ze in een tas, zak, in de auto, enz. zitten.<br \/>\nWe raden je daarom aan om ze altijd in een etui op te bergen.<\/p>\n<h2>Goede poetsdoek voor brillen en zonnebrillen<\/h2>\n<p>Om je bril en zonnebril schoon te maken, raden we je ten zeerste aan om ze schoon te maken met een schoonmaakdoekje zoals deze.<\/p>\n<p>Het wordt speciaal voor dit doel geproduceerd.<\/p>\n<p>Als je je zonnebril of bril in je kleding, met papier of andere dingen schoonmaakt, krijg je hoogstwaarschijnlijk krassen in de lenzen.<br \/>\nDaarom is het handig om een poetsdoekje bij de hand te hebben als je bril troebel is geworden.<\/p>","protected":false},"excerpt":{"rendered":"<p>Set met etui en poetsdoekje.<\/p>\n<p>Grijze G-point kast<\/p>","protected":false},"featured_media":9505,"comment_status":"closed","ping_status":"closed","template":"","meta":{"om_disable_all_campaigns":false,"_monsterinsights_skip_tracking":false,"_monsterinsights_sitenote_active":false,"_monsterinsights_sitenote_note":"","_monsterinsights_sitenote_category":0},"product_brand":[],"product_cat":[1041],"product_tag":[938,939,739,940,941],"class_list":{"0":"post-7115","1":"product","2":"type-product","3":"status-publish","4":"has-post-thumbnail","6":"product_cat-etuier-tilbehoer","7":"product_tag-gpoint","8":"product_tag-klud","9":"product_tag-pudseklud","10":"product_tag-saet","11":"product_tag-softcase-be","13":"first","14":"outofstock","15":"shipping-taxable","16":"purchasable","17":"product-type-simple"},"yoast_head":"<!-- This site is optimized with the Yoast SEO plugin v27.5 - https:\/\/yoast.com\/product\/yoast-seo-wordpress\/ -->\n<title>Pudseklud og Etui s\u00e6t - Gr\u00e5 G-Point | K\u00f8b online her | LOCS<\/title>\n<meta name=\"description\" content=\"K\u00f8b Pudseklud og Etui s\u00e6t - Gr\u00e5 G-Point her | EU&#039;s st\u00f8rste udvalg af LOCS solbriller | Vi sender fra EU - Ingen ekstra import udgifter\" \/>\n<meta name=\"robots\" content=\"index, follow, max-snippet:-1, max-image-preview:large, max-video-preview:-1\" \/>\n<link rel=\"canonical\" href=\"https:\/\/locsshop.eu\/nl\/shop\/pudseklud-og-etui-saet-graa-gpoint\/\" \/>\n<meta property=\"og:locale\" content=\"nl_NL\" \/>\n<meta property=\"og:type\" content=\"article\" \/>\n<meta property=\"og:title\" content=\"Pudseklud og Etui s\u00e6t - Gr\u00e5 G-Point | K\u00f8b online her | LOCS\" \/>\n<meta property=\"og:description\" content=\"K\u00f8b Pudseklud og Etui s\u00e6t - Gr\u00e5 G-Point her | EU&#039;s st\u00f8rste udvalg af LOCS solbriller | Vi sender fra EU - Ingen ekstra import udgifter\" \/>\n<meta property=\"og:url\" content=\"https:\/\/locsshop.eu\/nl\/shop\/pudseklud-og-etui-saet-graa-gpoint\/\" \/>\n<meta property=\"og:site_name\" content=\"Locs Sunglasses - LOCS Supplier in EU\" \/>\n<meta property=\"article:modified_time\" content=\"2024-04-27T19:18:14+00:00\" \/>\n<meta property=\"og:image\" content=\"https:\/\/locsshop.eu\/wp-content\/uploads\/2019\/05\/gpoint-graa-etui-pudseklud-1.jpg\" \/>\n\t<meta property=\"og:image:width\" content=\"800\" \/>\n\t<meta property=\"og:image:height\" content=\"800\" \/>\n\t<meta property=\"og:image:type\" content=\"image\/jpeg\" \/>\n<meta name=\"twitter:card\" content=\"summary_large_image\" \/>\n<meta name=\"twitter:label1\" content=\"Geschatte leestijd\" \/>\n\t<meta name=\"twitter:data1\" content=\"1 minuut\" \/>\n<script type=\"application\/ld+json\" class=\"yoast-schema-graph\">{\"@context\":\"https:\\\/\\\/schema.org\",\"@graph\":[{\"@type\":\"WebPage\",\"@id\":\"https:\\\/\\\/locsshop.eu\\\/shop\\\/pudseklud-og-etui-saet-graa-gpoint\\\/\",\"url\":\"https:\\\/\\\/locsshop.eu\\\/shop\\\/pudseklud-og-etui-saet-graa-gpoint\\\/\",\"name\":\"Pudseklud og Etui s\u00e6t - Gr\u00e5 G-Point | K\u00f8b online her | LOCS\",\"isPartOf\":{\"@id\":\"https:\\\/\\\/locsshop.eu\\\/#website\"},\"primaryImageOfPage\":{\"@id\":\"https:\\\/\\\/locsshop.eu\\\/shop\\\/pudseklud-og-etui-saet-graa-gpoint\\\/#primaryimage\"},\"image\":{\"@id\":\"https:\\\/\\\/locsshop.eu\\\/shop\\\/pudseklud-og-etui-saet-graa-gpoint\\\/#primaryimage\"},\"thumbnailUrl\":\"https:\\\/\\\/locsshop.eu\\\/wp-content\\\/uploads\\\/2019\\\/05\\\/gpoint-graa-etui-pudseklud-1.jpg\",\"datePublished\":\"2019-05-01T12:36:20+00:00\",\"dateModified\":\"2024-04-27T19:18:14+00:00\",\"description\":\"K\u00f8b Pudseklud og Etui s\u00e6t - Gr\u00e5 G-Point her | EU's st\u00f8rste udvalg af LOCS solbriller | Vi sender fra EU - Ingen ekstra import udgifter\",\"breadcrumb\":{\"@id\":\"https:\\\/\\\/locsshop.eu\\\/shop\\\/pudseklud-og-etui-saet-graa-gpoint\\\/#breadcrumb\"},\"inLanguage\":\"nl-NL\",\"potentialAction\":[{\"@type\":\"ReadAction\",\"target\":[\"https:\\\/\\\/locsshop.eu\\\/shop\\\/pudseklud-og-etui-saet-graa-gpoint\\\/\"]}]},{\"@type\":\"ImageObject\",\"inLanguage\":\"nl-NL\",\"@id\":\"https:\\\/\\\/locsshop.eu\\\/shop\\\/pudseklud-og-etui-saet-graa-gpoint\\\/#primaryimage\",\"url\":\"https:\\\/\\\/locsshop.eu\\\/wp-content\\\/uploads\\\/2019\\\/05\\\/gpoint-graa-etui-pudseklud-1.jpg\",\"contentUrl\":\"https:\\\/\\\/locsshop.eu\\\/wp-content\\\/uploads\\\/2019\\\/05\\\/gpoint-graa-etui-pudseklud-1.jpg\",\"width\":800,\"height\":800},{\"@type\":\"BreadcrumbList\",\"@id\":\"https:\\\/\\\/locsshop.eu\\\/shop\\\/pudseklud-og-etui-saet-graa-gpoint\\\/#breadcrumb\",\"itemListElement\":[{\"@type\":\"ListItem\",\"position\":1,\"name\":\"Hjem\",\"item\":\"https:\\\/\\\/locsshop.eu\\\/\"},{\"@type\":\"ListItem\",\"position\":2,\"name\":\"Shop\",\"item\":\"https:\\\/\\\/locsshop.eu\\\/shop\\\/\"},{\"@type\":\"ListItem\",\"position\":3,\"name\":\"Pudseklud og Etui s\u00e6t &#8211; Gr\u00e5 G-Point\"}]},{\"@type\":\"WebSite\",\"@id\":\"https:\\\/\\\/locsshop.eu\\\/#website\",\"url\":\"https:\\\/\\\/locsshop.eu\\\/\",\"name\":\"Locs Sunglasses - LOCS Supplier in EU\",\"description\":\"We sell cheap LOCS Sunglasses\",\"publisher\":{\"@id\":\"https:\\\/\\\/locsshop.eu\\\/#organization\"},\"potentialAction\":[{\"@type\":\"SearchAction\",\"target\":{\"@type\":\"EntryPoint\",\"urlTemplate\":\"https:\\\/\\\/locsshop.eu\\\/?s={search_term_string}\"},\"query-input\":{\"@type\":\"PropertyValueSpecification\",\"valueRequired\":true,\"valueName\":\"search_term_string\"}}],\"inLanguage\":\"nl-NL\"},{\"@type\":\"Organization\",\"@id\":\"https:\\\/\\\/locsshop.eu\\\/#organization\",\"name\":\"Locsshop.eu\",\"url\":\"https:\\\/\\\/locsshop.eu\\\/\",\"logo\":{\"@type\":\"ImageObject\",\"inLanguage\":\"nl-NL\",\"@id\":\"https:\\\/\\\/locsshop.eu\\\/#\\\/schema\\\/logo\\\/image\\\/\",\"url\":\"https:\\\/\\\/locsshop.eu\\\/wp-content\\\/uploads\\\/2022\\\/02\\\/Locsshop-logo.png\",\"contentUrl\":\"https:\\\/\\\/locsshop.eu\\\/wp-content\\\/uploads\\\/2022\\\/02\\\/Locsshop-logo.png\",\"width\":930,\"height\":200,\"caption\":\"Locsshop.eu\"},\"image\":{\"@id\":\"https:\\\/\\\/locsshop.eu\\\/#\\\/schema\\\/logo\\\/image\\\/\"}}]}<\/script>\n<!-- \/ Yoast SEO plugin. -->","yoast_head_json":{"title":"Poetsdoek en etui set - Grijs G-Point | Koop hier online | LOCS","description":"Koop hier poetsdoek en kofferset - Grijze G-Point | De grootste selectie LOCS-zonnebrillen in de EU | Wij verzenden vanuit de EU - Geen extra invoerkosten","robots":{"index":"index","follow":"follow","max-snippet":"max-snippet:-1","max-image-preview":"max-image-preview:large","max-video-preview":"max-video-preview:-1"},"canonical":"https:\/\/locsshop.eu\/nl\/shop\/pudseklud-og-etui-saet-graa-gpoint\/","og_locale":"nl_NL","og_type":"article","og_title":"Pudseklud og Etui s\u00e6t - Gr\u00e5 G-Point | K\u00f8b online her | LOCS","og_description":"K\u00f8b Pudseklud og Etui s\u00e6t - Gr\u00e5 G-Point her | EU's st\u00f8rste udvalg af LOCS solbriller | Vi sender fra EU - Ingen ekstra import udgifter","og_url":"https:\/\/locsshop.eu\/nl\/shop\/pudseklud-og-etui-saet-graa-gpoint\/","og_site_name":"Locs Sunglasses - LOCS Supplier in EU","article_modified_time":"2024-04-27T19:18:14+00:00","og_image":[{"width":800,"height":800,"url":"https:\/\/locsshop.eu\/wp-content\/uploads\/2019\/05\/gpoint-graa-etui-pudseklud-1.jpg","type":"image\/jpeg"}],"twitter_card":"summary_large_image","twitter_misc":{"Geschatte leestijd":"1 minuut"},"schema":{"@context":"https:\/\/schema.org","@graph":[{"@type":"WebPage","@id":"https:\/\/locsshop.eu\/shop\/pudseklud-og-etui-saet-graa-gpoint\/","url":"https:\/\/locsshop.eu\/shop\/pudseklud-og-etui-saet-graa-gpoint\/","name":"Poetsdoek en etui set - Grijs G-Point | Koop hier online | LOCS","isPartOf":{"@id":"https:\/\/locsshop.eu\/#website"},"primaryImageOfPage":{"@id":"https:\/\/locsshop.eu\/shop\/pudseklud-og-etui-saet-graa-gpoint\/#primaryimage"},"image":{"@id":"https:\/\/locsshop.eu\/shop\/pudseklud-og-etui-saet-graa-gpoint\/#primaryimage"},"thumbnailUrl":"https:\/\/locsshop.eu\/wp-content\/uploads\/2019\/05\/gpoint-graa-etui-pudseklud-1.jpg","datePublished":"2019-05-01T12:36:20+00:00","dateModified":"2024-04-27T19:18:14+00:00","description":"Koop hier poetsdoek en kofferset - Grijze G-Point | De grootste selectie LOCS-zonnebrillen in de EU | Wij verzenden vanuit de EU - Geen extra invoerkosten","breadcrumb":{"@id":"https:\/\/locsshop.eu\/shop\/pudseklud-og-etui-saet-graa-gpoint\/#breadcrumb"},"inLanguage":"nl-NL","potentialAction":[{"@type":"ReadAction","target":["https:\/\/locsshop.eu\/shop\/pudseklud-og-etui-saet-graa-gpoint\/"]}]},{"@type":"ImageObject","inLanguage":"nl-NL","@id":"https:\/\/locsshop.eu\/shop\/pudseklud-og-etui-saet-graa-gpoint\/#primaryimage","url":"https:\/\/locsshop.eu\/wp-content\/uploads\/2019\/05\/gpoint-graa-etui-pudseklud-1.jpg","contentUrl":"https:\/\/locsshop.eu\/wp-content\/uploads\/2019\/05\/gpoint-graa-etui-pudseklud-1.jpg","width":800,"height":800},{"@type":"BreadcrumbList","@id":"https:\/\/locsshop.eu\/shop\/pudseklud-og-etui-saet-graa-gpoint\/#breadcrumb","itemListElement":[{"@type":"ListItem","position":1,"name":"Hjem","item":"https:\/\/locsshop.eu\/"},{"@type":"ListItem","position":2,"name":"Shop","item":"https:\/\/locsshop.eu\/shop\/"},{"@type":"ListItem","position":3,"name":"Pudseklud og Etui s\u00e6t &#8211; Gr\u00e5 G-Point"}]},{"@type":"WebSite","@id":"https:\/\/locsshop.eu\/#website","url":"https:\/\/locsshop.eu\/","name":"Locs zonnebrillen - LOCS leverancier in de EU","description":"Wij verkopen goedkope LOCS zonnebrillen","publisher":{"@id":"https:\/\/locsshop.eu\/#organization"},"potentialAction":[{"@type":"SearchAction","target":{"@type":"EntryPoint","urlTemplate":"https:\/\/locsshop.eu\/?s={search_term_string}"},"query-input":{"@type":"PropertyValueSpecification","valueRequired":true,"valueName":"search_term_string"}}],"inLanguage":"nl-NL"},{"@type":"Organization","@id":"https:\/\/locsshop.eu\/#organization","name":"Locsshop.eu","url":"https:\/\/locsshop.eu\/","logo":{"@type":"ImageObject","inLanguage":"nl-NL","@id":"https:\/\/locsshop.eu\/#\/schema\/logo\/image\/","url":"https:\/\/locsshop.eu\/wp-content\/uploads\/2022\/02\/Locsshop-logo.png","contentUrl":"https:\/\/locsshop.eu\/wp-content\/uploads\/2022\/02\/Locsshop-logo.png","width":930,"height":200,"caption":"Locsshop.eu"},"image":{"@id":"https:\/\/locsshop.eu\/#\/schema\/logo\/image\/"}}]}},"_links":{"self":[{"href":"https:\/\/locsshop.eu\/nl\/wp-json\/wp\/v2\/product\/7115","targetHints":{"allow":["GET"]}}],"collection":[{"href":"https:\/\/locsshop.eu\/nl\/wp-json\/wp\/v2\/product"}],"about":[{"href":"https:\/\/locsshop.eu\/nl\/wp-json\/wp\/v2\/types\/product"}],"replies":[{"embeddable":true,"href":"https:\/\/locsshop.eu\/nl\/wp-json\/wp\/v2\/comments?post=7115"}],"wp:featuredmedia":[{"embeddable":true,"href":"https:\/\/locsshop.eu\/nl\/wp-json\/wp\/v2\/media\/9505"}],"wp:attachment":[{"href":"https:\/\/locsshop.eu\/nl\/wp-json\/wp\/v2\/media?parent=7115"}],"wp:term":[{"taxonomy":"product_brand","embeddable":true,"href":"https:\/\/locsshop.eu\/nl\/wp-json\/wp\/v2\/product_brand?post=7115"},{"taxonomy":"product_cat","embeddable":true,"href":"https:\/\/locsshop.eu\/nl\/wp-json\/wp\/v2\/product_cat?post=7115"},{"taxonomy":"product_tag","embeddable":true,"href":"https:\/\/locsshop.eu\/nl\/wp-json\/wp\/v2\/product_tag?post=7115"}],"curies":[{"name":"wp","href":"https:\/\/api.w.org\/{rel}","templated":true}]}}