{"id":8638,"date":"2022-06-22T20:37:40","date_gmt":"2022-06-22T18:37:40","guid":{"rendered":"https:\/\/locsshop.eu\/shop\/club-star-solbriller-sort\/"},"modified":"2026-01-16T11:18:16","modified_gmt":"2026-01-16T10:18:16","slug":"club-star-solbriller-sort","status":"publish","type":"product","link":"https:\/\/locsshop.eu\/nl\/shop\/club-star-solbriller-sort\/","title":{"rendered":"Club Star Zonnebril \u2013 Zwart"},"content":{"rendered":"<h2>Coole zonnebril in de Clubmaster stijl. Zwart frame en donker glas<\/h2>\n<p>Mooie zonnebril met een dubbele brug in metaal wat een leuk detail is.<br \/>\nSuper gaaf voor zowel mannen als vrouwen.<\/p>\n<p>Breedte: 14cm.<br \/>\nHoogte: 5,3 cm.<br \/>\nArmlengte: 14 cm.<br \/>\nGlaskleur: Donker<br \/>\nMateriaal: kunststof en metaal<br \/>\nUV400-bescherming<br \/>\nCE goedgekeurd<\/p>","protected":false},"excerpt":{"rendered":"<p><strong>Leuke zonnebril in Clubmaster stijl. Zwart.<\/strong><br \/>\nVoor mannen en vrouwen<\/p>\n<p>Kunststof en metaal<br \/>\nCE-goedgekeurd<br \/>\nUV400-bescherming<\/p>","protected":false},"featured_media":8639,"comment_status":"open","ping_status":"closed","template":"","meta":{"om_disable_all_campaigns":false,"_monsterinsights_skip_tracking":false,"_monsterinsights_sitenote_active":false,"_monsterinsights_sitenote_note":"","_monsterinsights_sitenote_category":0},"product_brand":[],"product_cat":[1026,1029,1025,1040,1038,1039],"product_tag":[870,768,1063,461,494],"class_list":{"0":"post-8638","1":"product","2":"type-product","3":"status-publish","4":"has-post-thumbnail","6":"product_cat-dame-solbriller","7":"product_cat-herre-solbriller","8":"product_cat-billige-solbriller","9":"product_cat-clubmaster","10":"product_cat-runde-dame-solbriller","11":"product_cat-runde-herre-solbriller","12":"product_tag-p693","13":"product_tag-polo","14":"product_tag-s2519","15":"product_tag-sort","16":"product_tag-star","18":"first","19":"instock","20":"shipping-taxable","21":"purchasable","22":"product-type-simple"},"yoast_head":"<!-- This site is optimized with the Yoast SEO plugin v27.5 - https:\/\/yoast.com\/product\/yoast-seo-wordpress\/ -->\n<title>Club Star Solbriller - Sort | K\u00f8b online her | LOCS<\/title>\n<meta name=\"description\" content=\"K\u00f8b Club Star Solbriller - Sort her | EU&#039;s st\u00f8rste udvalg af LOCS solbriller | Vi sender fra EU - Ingen ekstra import udgifter\" \/>\n<meta name=\"robots\" content=\"index, follow, max-snippet:-1, max-image-preview:large, max-video-preview:-1\" \/>\n<link rel=\"canonical\" href=\"https:\/\/locsshop.eu\/nl\/shop\/club-star-solbriller-sort\/\" \/>\n<meta property=\"og:locale\" content=\"nl_NL\" \/>\n<meta property=\"og:type\" content=\"article\" \/>\n<meta property=\"og:title\" content=\"Club Star Solbriller - Sort | K\u00f8b online her | LOCS\" \/>\n<meta property=\"og:description\" content=\"K\u00f8b Club Star Solbriller - Sort her | EU&#039;s st\u00f8rste udvalg af LOCS solbriller | Vi sender fra EU - Ingen ekstra import udgifter\" \/>\n<meta property=\"og:url\" content=\"https:\/\/locsshop.eu\/nl\/shop\/club-star-solbriller-sort\/\" \/>\n<meta property=\"og:site_name\" content=\"Locs Sunglasses - LOCS Supplier in EU\" \/>\n<meta property=\"article:modified_time\" content=\"2026-01-16T10:18:16+00:00\" \/>\n<meta property=\"og:image\" content=\"https:\/\/locsshop.eu\/wp-content\/uploads\/2022\/06\/2519_b.jpg\" \/>\n\t<meta property=\"og:image:width\" content=\"800\" \/>\n\t<meta property=\"og:image:height\" content=\"800\" \/>\n\t<meta property=\"og:image:type\" content=\"image\/jpeg\" \/>\n<meta name=\"twitter:card\" content=\"summary_large_image\" \/>\n<script type=\"application\/ld+json\" class=\"yoast-schema-graph\">{\"@context\":\"https:\\\/\\\/schema.org\",\"@graph\":[{\"@type\":\"WebPage\",\"@id\":\"https:\\\/\\\/locsshop.eu\\\/shop\\\/club-star-solbriller-sort\\\/\",\"url\":\"https:\\\/\\\/locsshop.eu\\\/shop\\\/club-star-solbriller-sort\\\/\",\"name\":\"Club Star Solbriller - Sort | K\u00f8b online her | LOCS\",\"isPartOf\":{\"@id\":\"https:\\\/\\\/locsshop.eu\\\/#website\"},\"primaryImageOfPage\":{\"@id\":\"https:\\\/\\\/locsshop.eu\\\/shop\\\/club-star-solbriller-sort\\\/#primaryimage\"},\"image\":{\"@id\":\"https:\\\/\\\/locsshop.eu\\\/shop\\\/club-star-solbriller-sort\\\/#primaryimage\"},\"thumbnailUrl\":\"https:\\\/\\\/locsshop.eu\\\/wp-content\\\/uploads\\\/2022\\\/06\\\/2519_b.jpg\",\"datePublished\":\"2022-06-22T18:37:40+00:00\",\"dateModified\":\"2026-01-16T10:18:16+00:00\",\"description\":\"K\u00f8b Club Star Solbriller - Sort her | EU's st\u00f8rste udvalg af LOCS solbriller | Vi sender fra EU - Ingen ekstra import udgifter\",\"breadcrumb\":{\"@id\":\"https:\\\/\\\/locsshop.eu\\\/shop\\\/club-star-solbriller-sort\\\/#breadcrumb\"},\"inLanguage\":\"nl-NL\",\"potentialAction\":[{\"@type\":\"ReadAction\",\"target\":[\"https:\\\/\\\/locsshop.eu\\\/shop\\\/club-star-solbriller-sort\\\/\"]}]},{\"@type\":\"ImageObject\",\"inLanguage\":\"nl-NL\",\"@id\":\"https:\\\/\\\/locsshop.eu\\\/shop\\\/club-star-solbriller-sort\\\/#primaryimage\",\"url\":\"https:\\\/\\\/locsshop.eu\\\/wp-content\\\/uploads\\\/2022\\\/06\\\/2519_b.jpg\",\"contentUrl\":\"https:\\\/\\\/locsshop.eu\\\/wp-content\\\/uploads\\\/2022\\\/06\\\/2519_b.jpg\",\"width\":800,\"height\":800},{\"@type\":\"BreadcrumbList\",\"@id\":\"https:\\\/\\\/locsshop.eu\\\/shop\\\/club-star-solbriller-sort\\\/#breadcrumb\",\"itemListElement\":[{\"@type\":\"ListItem\",\"position\":1,\"name\":\"Hjem\",\"item\":\"https:\\\/\\\/locsshop.eu\\\/\"},{\"@type\":\"ListItem\",\"position\":2,\"name\":\"Shop\",\"item\":\"https:\\\/\\\/locsshop.eu\\\/shop\\\/\"},{\"@type\":\"ListItem\",\"position\":3,\"name\":\"Club Star Solbriller &#8211; Sort\"}]},{\"@type\":\"WebSite\",\"@id\":\"https:\\\/\\\/locsshop.eu\\\/#website\",\"url\":\"https:\\\/\\\/locsshop.eu\\\/\",\"name\":\"Locs Sunglasses - LOCS Supplier in EU\",\"description\":\"We sell cheap LOCS Sunglasses\",\"publisher\":{\"@id\":\"https:\\\/\\\/locsshop.eu\\\/#organization\"},\"potentialAction\":[{\"@type\":\"SearchAction\",\"target\":{\"@type\":\"EntryPoint\",\"urlTemplate\":\"https:\\\/\\\/locsshop.eu\\\/?s={search_term_string}\"},\"query-input\":{\"@type\":\"PropertyValueSpecification\",\"valueRequired\":true,\"valueName\":\"search_term_string\"}}],\"inLanguage\":\"nl-NL\"},{\"@type\":\"Organization\",\"@id\":\"https:\\\/\\\/locsshop.eu\\\/#organization\",\"name\":\"Locsshop.eu\",\"url\":\"https:\\\/\\\/locsshop.eu\\\/\",\"logo\":{\"@type\":\"ImageObject\",\"inLanguage\":\"nl-NL\",\"@id\":\"https:\\\/\\\/locsshop.eu\\\/#\\\/schema\\\/logo\\\/image\\\/\",\"url\":\"https:\\\/\\\/locsshop.eu\\\/wp-content\\\/uploads\\\/2022\\\/02\\\/Locsshop-logo.png\",\"contentUrl\":\"https:\\\/\\\/locsshop.eu\\\/wp-content\\\/uploads\\\/2022\\\/02\\\/Locsshop-logo.png\",\"width\":930,\"height\":200,\"caption\":\"Locsshop.eu\"},\"image\":{\"@id\":\"https:\\\/\\\/locsshop.eu\\\/#\\\/schema\\\/logo\\\/image\\\/\"}}]}<\/script>\n<!-- \/ Yoast SEO plugin. -->","yoast_head_json":{"title":"Club Star Zonnebril - Zwart | Koop hier online | LOCS","description":"Koop Club Star Zonnebril - Zwart hier | De grootste selectie LOCS-zonnebrillen in de EU | Wij verzenden vanuit de EU - Geen extra invoerkosten","robots":{"index":"index","follow":"follow","max-snippet":"max-snippet:-1","max-image-preview":"max-image-preview:large","max-video-preview":"max-video-preview:-1"},"canonical":"https:\/\/locsshop.eu\/nl\/shop\/club-star-solbriller-sort\/","og_locale":"nl_NL","og_type":"article","og_title":"Club Star Solbriller - Sort | K\u00f8b online her | LOCS","og_description":"K\u00f8b Club Star Solbriller - Sort her | EU's st\u00f8rste udvalg af LOCS solbriller | Vi sender fra EU - Ingen ekstra import udgifter","og_url":"https:\/\/locsshop.eu\/nl\/shop\/club-star-solbriller-sort\/","og_site_name":"Locs Sunglasses - LOCS Supplier in EU","article_modified_time":"2026-01-16T10:18:16+00:00","og_image":[{"width":800,"height":800,"url":"https:\/\/locsshop.eu\/wp-content\/uploads\/2022\/06\/2519_b.jpg","type":"image\/jpeg"}],"twitter_card":"summary_large_image","schema":{"@context":"https:\/\/schema.org","@graph":[{"@type":"WebPage","@id":"https:\/\/locsshop.eu\/shop\/club-star-solbriller-sort\/","url":"https:\/\/locsshop.eu\/shop\/club-star-solbriller-sort\/","name":"Club Star Zonnebril - Zwart | Koop hier online | LOCS","isPartOf":{"@id":"https:\/\/locsshop.eu\/#website"},"primaryImageOfPage":{"@id":"https:\/\/locsshop.eu\/shop\/club-star-solbriller-sort\/#primaryimage"},"image":{"@id":"https:\/\/locsshop.eu\/shop\/club-star-solbriller-sort\/#primaryimage"},"thumbnailUrl":"https:\/\/locsshop.eu\/wp-content\/uploads\/2022\/06\/2519_b.jpg","datePublished":"2022-06-22T18:37:40+00:00","dateModified":"2026-01-16T10:18:16+00:00","description":"Koop Club Star Zonnebril - Zwart hier | De grootste selectie LOCS-zonnebrillen in de EU | Wij verzenden vanuit de EU - Geen extra invoerkosten","breadcrumb":{"@id":"https:\/\/locsshop.eu\/shop\/club-star-solbriller-sort\/#breadcrumb"},"inLanguage":"nl-NL","potentialAction":[{"@type":"ReadAction","target":["https:\/\/locsshop.eu\/shop\/club-star-solbriller-sort\/"]}]},{"@type":"ImageObject","inLanguage":"nl-NL","@id":"https:\/\/locsshop.eu\/shop\/club-star-solbriller-sort\/#primaryimage","url":"https:\/\/locsshop.eu\/wp-content\/uploads\/2022\/06\/2519_b.jpg","contentUrl":"https:\/\/locsshop.eu\/wp-content\/uploads\/2022\/06\/2519_b.jpg","width":800,"height":800},{"@type":"BreadcrumbList","@id":"https:\/\/locsshop.eu\/shop\/club-star-solbriller-sort\/#breadcrumb","itemListElement":[{"@type":"ListItem","position":1,"name":"Hjem","item":"https:\/\/locsshop.eu\/"},{"@type":"ListItem","position":2,"name":"Shop","item":"https:\/\/locsshop.eu\/shop\/"},{"@type":"ListItem","position":3,"name":"Club Star Solbriller &#8211; Sort"}]},{"@type":"WebSite","@id":"https:\/\/locsshop.eu\/#website","url":"https:\/\/locsshop.eu\/","name":"Locs zonnebrillen - LOCS leverancier in de EU","description":"Wij verkopen goedkope LOCS zonnebrillen","publisher":{"@id":"https:\/\/locsshop.eu\/#organization"},"potentialAction":[{"@type":"SearchAction","target":{"@type":"EntryPoint","urlTemplate":"https:\/\/locsshop.eu\/?s={search_term_string}"},"query-input":{"@type":"PropertyValueSpecification","valueRequired":true,"valueName":"search_term_string"}}],"inLanguage":"nl-NL"},{"@type":"Organization","@id":"https:\/\/locsshop.eu\/#organization","name":"Locsshop.eu","url":"https:\/\/locsshop.eu\/","logo":{"@type":"ImageObject","inLanguage":"nl-NL","@id":"https:\/\/locsshop.eu\/#\/schema\/logo\/image\/","url":"https:\/\/locsshop.eu\/wp-content\/uploads\/2022\/02\/Locsshop-logo.png","contentUrl":"https:\/\/locsshop.eu\/wp-content\/uploads\/2022\/02\/Locsshop-logo.png","width":930,"height":200,"caption":"Locsshop.eu"},"image":{"@id":"https:\/\/locsshop.eu\/#\/schema\/logo\/image\/"}}]}},"_links":{"self":[{"href":"https:\/\/locsshop.eu\/nl\/wp-json\/wp\/v2\/product\/8638","targetHints":{"allow":["GET"]}}],"collection":[{"href":"https:\/\/locsshop.eu\/nl\/wp-json\/wp\/v2\/product"}],"about":[{"href":"https:\/\/locsshop.eu\/nl\/wp-json\/wp\/v2\/types\/product"}],"replies":[{"embeddable":true,"href":"https:\/\/locsshop.eu\/nl\/wp-json\/wp\/v2\/comments?post=8638"}],"wp:featuredmedia":[{"embeddable":true,"href":"https:\/\/locsshop.eu\/nl\/wp-json\/wp\/v2\/media\/8639"}],"wp:attachment":[{"href":"https:\/\/locsshop.eu\/nl\/wp-json\/wp\/v2\/media?parent=8638"}],"wp:term":[{"taxonomy":"product_brand","embeddable":true,"href":"https:\/\/locsshop.eu\/nl\/wp-json\/wp\/v2\/product_brand?post=8638"},{"taxonomy":"product_cat","embeddable":true,"href":"https:\/\/locsshop.eu\/nl\/wp-json\/wp\/v2\/product_cat?post=8638"},{"taxonomy":"product_tag","embeddable":true,"href":"https:\/\/locsshop.eu\/nl\/wp-json\/wp\/v2\/product_tag?post=8638"}],"curies":[{"name":"wp","href":"https:\/\/api.w.org\/{rel}","templated":true}]}}