{"id":8783,"date":"2022-07-06T13:42:26","date_gmt":"2022-07-06T11:42:26","guid":{"rendered":"https:\/\/locsshop.eu\/shop\/soelv-solbrille-holder-til-solskaermen-i-bilen\/"},"modified":"2025-05-23T16:27:30","modified_gmt":"2025-05-23T14:27:30","slug":"soelv-solbrille-holder-til-solskaermen-i-bilen","status":"publish","type":"product","link":"https:\/\/locsshop.eu\/nl\/shop\/soelv-solbrille-holder-til-solskaermen-i-bilen\/","title":{"rendered":"Zilveren zonnebrilhouder voor de zonneklep in de auto"},"content":{"rendered":"<h2>Slimme clip houdt je zonnebril vast.<\/h2>\n<p>Deze slimme houder is ontworpen om aan de zonneklep in de auto te bevestigen, zodat je altijd weet waar je je zonnebril hebt en ze niet gaan drijven en krassen krijgen.<\/p>\n<p>Het kan natuurlijk ook voor een bril worden gebruikt.<\/p>\n<p>Er zit schuim aan de binnenkant zodat je bril of zonnebril niet beschadigd raakt.<\/p>","protected":false},"excerpt":{"rendered":"<p><b>Slimme bril\/zonnebril past in de auto<\/b><\/p>\n<p>Zilver<\/p>","protected":false},"featured_media":8784,"comment_status":"open","ping_status":"closed","template":"","meta":{"om_disable_all_campaigns":false,"_monsterinsights_skip_tracking":false,"_monsterinsights_sitenote_active":false,"_monsterinsights_sitenote_note":"","_monsterinsights_sitenote_category":0},"product_brand":[],"product_cat":[1041],"product_tag":[1088,1089,1090],"class_list":{"0":"post-8783","1":"product","2":"type-product","3":"status-publish","4":"has-post-thumbnail","6":"product_cat-etuier-tilbehoer","7":"product_tag-clips","8":"product_tag-holder","9":"product_tag-solskaerm","11":"first","12":"instock","13":"shipping-taxable","14":"purchasable","15":"product-type-simple"},"yoast_head":"<!-- This site is optimized with the Yoast SEO plugin v27.5 - https:\/\/yoast.com\/product\/yoast-seo-wordpress\/ -->\n<title>S\u00f8lv solbrille holder til solsk\u00e6rmen i bilen | K\u00f8b online her | LOCS<\/title>\n<meta name=\"description\" content=\"K\u00f8b S\u00f8lv solbrille holder til solsk\u00e6rmen i bilen her | EU&#039;s st\u00f8rste udvalg af LOCS solbriller | Vi sender fra EU - Ingen ekstra import udgifter\" \/>\n<meta name=\"robots\" content=\"index, follow, max-snippet:-1, max-image-preview:large, max-video-preview:-1\" \/>\n<link rel=\"canonical\" href=\"https:\/\/locsshop.eu\/nl\/shop\/soelv-solbrille-holder-til-solskaermen-i-bilen\/\" \/>\n<meta property=\"og:locale\" content=\"nl_NL\" \/>\n<meta property=\"og:type\" content=\"article\" \/>\n<meta property=\"og:title\" content=\"S\u00f8lv solbrille holder til solsk\u00e6rmen i bilen | K\u00f8b online her | LOCS\" \/>\n<meta property=\"og:description\" content=\"K\u00f8b S\u00f8lv solbrille holder til solsk\u00e6rmen i bilen her | EU&#039;s st\u00f8rste udvalg af LOCS solbriller | Vi sender fra EU - Ingen ekstra import udgifter\" \/>\n<meta property=\"og:url\" content=\"https:\/\/locsshop.eu\/nl\/shop\/soelv-solbrille-holder-til-solskaermen-i-bilen\/\" \/>\n<meta property=\"og:site_name\" content=\"Locs Sunglasses - LOCS Supplier in EU\" \/>\n<meta property=\"article:modified_time\" content=\"2025-05-23T14:27:30+00:00\" \/>\n<meta property=\"og:image\" content=\"https:\/\/locsshop.eu\/wp-content\/uploads\/2022\/07\/Soelv-solbrille-holder-solskaerm2.jpg\" \/>\n\t<meta property=\"og:image:width\" content=\"800\" \/>\n\t<meta property=\"og:image:height\" content=\"800\" \/>\n\t<meta property=\"og:image:type\" content=\"image\/jpeg\" \/>\n<meta name=\"twitter:card\" content=\"summary_large_image\" \/>\n<script type=\"application\/ld+json\" class=\"yoast-schema-graph\">{\"@context\":\"https:\\\/\\\/schema.org\",\"@graph\":[{\"@type\":\"WebPage\",\"@id\":\"https:\\\/\\\/locsshop.eu\\\/shop\\\/soelv-solbrille-holder-til-solskaermen-i-bilen\\\/\",\"url\":\"https:\\\/\\\/locsshop.eu\\\/shop\\\/soelv-solbrille-holder-til-solskaermen-i-bilen\\\/\",\"name\":\"S\u00f8lv solbrille holder til solsk\u00e6rmen i bilen | K\u00f8b online her | LOCS\",\"isPartOf\":{\"@id\":\"https:\\\/\\\/locsshop.eu\\\/#website\"},\"primaryImageOfPage\":{\"@id\":\"https:\\\/\\\/locsshop.eu\\\/shop\\\/soelv-solbrille-holder-til-solskaermen-i-bilen\\\/#primaryimage\"},\"image\":{\"@id\":\"https:\\\/\\\/locsshop.eu\\\/shop\\\/soelv-solbrille-holder-til-solskaermen-i-bilen\\\/#primaryimage\"},\"thumbnailUrl\":\"https:\\\/\\\/locsshop.eu\\\/wp-content\\\/uploads\\\/2022\\\/07\\\/Soelv-solbrille-holder-solskaerm2.jpg\",\"datePublished\":\"2022-07-06T11:42:26+00:00\",\"dateModified\":\"2025-05-23T14:27:30+00:00\",\"description\":\"K\u00f8b S\u00f8lv solbrille holder til solsk\u00e6rmen i bilen her | EU's st\u00f8rste udvalg af LOCS solbriller | Vi sender fra EU - Ingen ekstra import udgifter\",\"breadcrumb\":{\"@id\":\"https:\\\/\\\/locsshop.eu\\\/shop\\\/soelv-solbrille-holder-til-solskaermen-i-bilen\\\/#breadcrumb\"},\"inLanguage\":\"nl-NL\",\"potentialAction\":[{\"@type\":\"ReadAction\",\"target\":[\"https:\\\/\\\/locsshop.eu\\\/shop\\\/soelv-solbrille-holder-til-solskaermen-i-bilen\\\/\"]}]},{\"@type\":\"ImageObject\",\"inLanguage\":\"nl-NL\",\"@id\":\"https:\\\/\\\/locsshop.eu\\\/shop\\\/soelv-solbrille-holder-til-solskaermen-i-bilen\\\/#primaryimage\",\"url\":\"https:\\\/\\\/locsshop.eu\\\/wp-content\\\/uploads\\\/2022\\\/07\\\/Soelv-solbrille-holder-solskaerm2.jpg\",\"contentUrl\":\"https:\\\/\\\/locsshop.eu\\\/wp-content\\\/uploads\\\/2022\\\/07\\\/Soelv-solbrille-holder-solskaerm2.jpg\",\"width\":800,\"height\":800},{\"@type\":\"BreadcrumbList\",\"@id\":\"https:\\\/\\\/locsshop.eu\\\/shop\\\/soelv-solbrille-holder-til-solskaermen-i-bilen\\\/#breadcrumb\",\"itemListElement\":[{\"@type\":\"ListItem\",\"position\":1,\"name\":\"Hjem\",\"item\":\"https:\\\/\\\/locsshop.eu\\\/\"},{\"@type\":\"ListItem\",\"position\":2,\"name\":\"Shop\",\"item\":\"https:\\\/\\\/locsshop.eu\\\/shop\\\/\"},{\"@type\":\"ListItem\",\"position\":3,\"name\":\"S\u00f8lv solbrille holder til solsk\u00e6rmen i bilen\"}]},{\"@type\":\"WebSite\",\"@id\":\"https:\\\/\\\/locsshop.eu\\\/#website\",\"url\":\"https:\\\/\\\/locsshop.eu\\\/\",\"name\":\"Locs Sunglasses - LOCS Supplier in EU\",\"description\":\"We sell cheap LOCS Sunglasses\",\"publisher\":{\"@id\":\"https:\\\/\\\/locsshop.eu\\\/#organization\"},\"potentialAction\":[{\"@type\":\"SearchAction\",\"target\":{\"@type\":\"EntryPoint\",\"urlTemplate\":\"https:\\\/\\\/locsshop.eu\\\/?s={search_term_string}\"},\"query-input\":{\"@type\":\"PropertyValueSpecification\",\"valueRequired\":true,\"valueName\":\"search_term_string\"}}],\"inLanguage\":\"nl-NL\"},{\"@type\":\"Organization\",\"@id\":\"https:\\\/\\\/locsshop.eu\\\/#organization\",\"name\":\"Locsshop.eu\",\"url\":\"https:\\\/\\\/locsshop.eu\\\/\",\"logo\":{\"@type\":\"ImageObject\",\"inLanguage\":\"nl-NL\",\"@id\":\"https:\\\/\\\/locsshop.eu\\\/#\\\/schema\\\/logo\\\/image\\\/\",\"url\":\"https:\\\/\\\/locsshop.eu\\\/wp-content\\\/uploads\\\/2022\\\/02\\\/Locsshop-logo.png\",\"contentUrl\":\"https:\\\/\\\/locsshop.eu\\\/wp-content\\\/uploads\\\/2022\\\/02\\\/Locsshop-logo.png\",\"width\":930,\"height\":200,\"caption\":\"Locsshop.eu\"},\"image\":{\"@id\":\"https:\\\/\\\/locsshop.eu\\\/#\\\/schema\\\/logo\\\/image\\\/\"}}]}<\/script>\n<!-- \/ Yoast SEO plugin. -->","yoast_head_json":{"title":"Zilveren zonnebrilhouder voor op de zonneklep in de auto | Koop hier online | LOCS","description":"Koop hier een zilveren zonnebrilhouder voor op de zonneklep in de auto | De grootste selectie LOCS-zonnebrillen in de EU | Wij verzenden vanuit de EU - Geen extra invoerkosten","robots":{"index":"index","follow":"follow","max-snippet":"max-snippet:-1","max-image-preview":"max-image-preview:large","max-video-preview":"max-video-preview:-1"},"canonical":"https:\/\/locsshop.eu\/nl\/shop\/soelv-solbrille-holder-til-solskaermen-i-bilen\/","og_locale":"nl_NL","og_type":"article","og_title":"S\u00f8lv solbrille holder til solsk\u00e6rmen i bilen | K\u00f8b online her | LOCS","og_description":"K\u00f8b S\u00f8lv solbrille holder til solsk\u00e6rmen i bilen her | EU's st\u00f8rste udvalg af LOCS solbriller | Vi sender fra EU - Ingen ekstra import udgifter","og_url":"https:\/\/locsshop.eu\/nl\/shop\/soelv-solbrille-holder-til-solskaermen-i-bilen\/","og_site_name":"Locs Sunglasses - LOCS Supplier in EU","article_modified_time":"2025-05-23T14:27:30+00:00","og_image":[{"width":800,"height":800,"url":"https:\/\/locsshop.eu\/wp-content\/uploads\/2022\/07\/Soelv-solbrille-holder-solskaerm2.jpg","type":"image\/jpeg"}],"twitter_card":"summary_large_image","schema":{"@context":"https:\/\/schema.org","@graph":[{"@type":"WebPage","@id":"https:\/\/locsshop.eu\/shop\/soelv-solbrille-holder-til-solskaermen-i-bilen\/","url":"https:\/\/locsshop.eu\/shop\/soelv-solbrille-holder-til-solskaermen-i-bilen\/","name":"Zilveren zonnebrilhouder voor op de zonneklep in de auto | Koop hier online | LOCS","isPartOf":{"@id":"https:\/\/locsshop.eu\/#website"},"primaryImageOfPage":{"@id":"https:\/\/locsshop.eu\/shop\/soelv-solbrille-holder-til-solskaermen-i-bilen\/#primaryimage"},"image":{"@id":"https:\/\/locsshop.eu\/shop\/soelv-solbrille-holder-til-solskaermen-i-bilen\/#primaryimage"},"thumbnailUrl":"https:\/\/locsshop.eu\/wp-content\/uploads\/2022\/07\/Soelv-solbrille-holder-solskaerm2.jpg","datePublished":"2022-07-06T11:42:26+00:00","dateModified":"2025-05-23T14:27:30+00:00","description":"Koop hier een zilveren zonnebrilhouder voor op de zonneklep in de auto | De grootste selectie LOCS-zonnebrillen in de EU | Wij verzenden vanuit de EU - Geen extra invoerkosten","breadcrumb":{"@id":"https:\/\/locsshop.eu\/shop\/soelv-solbrille-holder-til-solskaermen-i-bilen\/#breadcrumb"},"inLanguage":"nl-NL","potentialAction":[{"@type":"ReadAction","target":["https:\/\/locsshop.eu\/shop\/soelv-solbrille-holder-til-solskaermen-i-bilen\/"]}]},{"@type":"ImageObject","inLanguage":"nl-NL","@id":"https:\/\/locsshop.eu\/shop\/soelv-solbrille-holder-til-solskaermen-i-bilen\/#primaryimage","url":"https:\/\/locsshop.eu\/wp-content\/uploads\/2022\/07\/Soelv-solbrille-holder-solskaerm2.jpg","contentUrl":"https:\/\/locsshop.eu\/wp-content\/uploads\/2022\/07\/Soelv-solbrille-holder-solskaerm2.jpg","width":800,"height":800},{"@type":"BreadcrumbList","@id":"https:\/\/locsshop.eu\/shop\/soelv-solbrille-holder-til-solskaermen-i-bilen\/#breadcrumb","itemListElement":[{"@type":"ListItem","position":1,"name":"Hjem","item":"https:\/\/locsshop.eu\/"},{"@type":"ListItem","position":2,"name":"Shop","item":"https:\/\/locsshop.eu\/shop\/"},{"@type":"ListItem","position":3,"name":"S\u00f8lv solbrille holder til solsk\u00e6rmen i bilen"}]},{"@type":"WebSite","@id":"https:\/\/locsshop.eu\/#website","url":"https:\/\/locsshop.eu\/","name":"Locs zonnebrillen - LOCS leverancier in de EU","description":"Wij verkopen goedkope LOCS zonnebrillen","publisher":{"@id":"https:\/\/locsshop.eu\/#organization"},"potentialAction":[{"@type":"SearchAction","target":{"@type":"EntryPoint","urlTemplate":"https:\/\/locsshop.eu\/?s={search_term_string}"},"query-input":{"@type":"PropertyValueSpecification","valueRequired":true,"valueName":"search_term_string"}}],"inLanguage":"nl-NL"},{"@type":"Organization","@id":"https:\/\/locsshop.eu\/#organization","name":"Locsshop.eu","url":"https:\/\/locsshop.eu\/","logo":{"@type":"ImageObject","inLanguage":"nl-NL","@id":"https:\/\/locsshop.eu\/#\/schema\/logo\/image\/","url":"https:\/\/locsshop.eu\/wp-content\/uploads\/2022\/02\/Locsshop-logo.png","contentUrl":"https:\/\/locsshop.eu\/wp-content\/uploads\/2022\/02\/Locsshop-logo.png","width":930,"height":200,"caption":"Locsshop.eu"},"image":{"@id":"https:\/\/locsshop.eu\/#\/schema\/logo\/image\/"}}]}},"_links":{"self":[{"href":"https:\/\/locsshop.eu\/nl\/wp-json\/wp\/v2\/product\/8783","targetHints":{"allow":["GET"]}}],"collection":[{"href":"https:\/\/locsshop.eu\/nl\/wp-json\/wp\/v2\/product"}],"about":[{"href":"https:\/\/locsshop.eu\/nl\/wp-json\/wp\/v2\/types\/product"}],"replies":[{"embeddable":true,"href":"https:\/\/locsshop.eu\/nl\/wp-json\/wp\/v2\/comments?post=8783"}],"wp:featuredmedia":[{"embeddable":true,"href":"https:\/\/locsshop.eu\/nl\/wp-json\/wp\/v2\/media\/8784"}],"wp:attachment":[{"href":"https:\/\/locsshop.eu\/nl\/wp-json\/wp\/v2\/media?parent=8783"}],"wp:term":[{"taxonomy":"product_brand","embeddable":true,"href":"https:\/\/locsshop.eu\/nl\/wp-json\/wp\/v2\/product_brand?post=8783"},{"taxonomy":"product_cat","embeddable":true,"href":"https:\/\/locsshop.eu\/nl\/wp-json\/wp\/v2\/product_cat?post=8783"},{"taxonomy":"product_tag","embeddable":true,"href":"https:\/\/locsshop.eu\/nl\/wp-json\/wp\/v2\/product_tag?post=8783"}],"curies":[{"name":"wp","href":"https:\/\/api.w.org\/{rel}","templated":true}]}}