{"id":9467,"date":"2023-02-06T09:56:21","date_gmt":"2023-02-06T08:56:21","guid":{"rendered":"https:\/\/locsshop.eu\/shop\/choppers-solbriller-san-diego-orange-spejlglas\/"},"modified":"2023-08-31T16:02:55","modified_gmt":"2023-08-31T14:02:55","slug":"choppers-solbriller-san-diego-orange-spejlglas","status":"publish","type":"product","link":"https:\/\/locsshop.eu\/nl\/shop\/choppers-solbriller-san-diego-orange-spejlglas\/","title":{"rendered":"Choppers zonnebril \u2013 San Diego | Oranje spiegelglas"},"content":{"rendered":"<h2><strong>Zwarte Choppers zonnebril met mooie oranje spiegels<\/strong><\/h2>\n<h4>Super raw zonnebril die veel attitude uitstraalt. Ze zijn glanzend zwart met oranje spiegelglas en hebben leuke Chopper&#039;s emblemen op de stangen.<br \/>\nDe spijlen hebben ook leuke rode details die de look compleet maken. Er zijn rubberen neuskussentjes waardoor ze comfortabel zijn om voor een langere periode te dragen en maken deze zonnebril echt een goede keuze voor je nieuwe favoriete zonnebril.<\/h4>\n<h4>Choppers Sunglasses is een populair Amerikaans zonnebrillenmerk dat zich vooral richt op motorrijders en anderen die van de motorcultuur houden.<br \/>\nDe zonnebrillen van Chopper hebben stoere logo&#039;s en emblemen, leuke details en een stijl die gewoon past bij jouw Harley 100%. Perfect voor jou die een beetje attitude hebt en er ultra cool uit wilt zien.<\/h4>\n<p>&nbsp;<\/p>\n<h4><strong><em>Details:<br \/>\n<\/em><\/strong><br \/>\nBinnenbreedte: 12,9 cm<br \/>\nHoogte: 4,2 cm<br \/>\nStaaflengte: 13 cm<br \/>\noppervlak: Glanzend<\/h4>\n<h4>Materiaal: kunststof en metaal<br \/>\nUV400-bescherming<br \/>\nCE goedgekeurd<\/h4>\n<h4><img loading=\"lazy\" decoding=\"async\" class=\"alignnone wp-image-11154 size-full\" src=\"https:\/\/bazarsalg.dk\/wp-content\/uploads\/Stor-choppers-logo-280x280-1.jpg\" alt=\"\" width=\"280\" height=\"280\" \/><\/h4>\n<h4><em>Over de zonnebril van Chopper<\/em><\/h4>\n<p><strong><em>Zonnebril in bikerstijl<\/em><\/strong><br \/>\n<em>Choppers Zonnebrillen zijn erg populair geworden onder motorrijders en motorliefhebbers over de hele wereld en vooral in de VS. Het is gemakkelijk te zien waarom met hun unieke ruwe ontwerpen en originele stijlen, evenals hun comfortabele pasvorm die bij je Harley past. Choppers Zonnebrillen zijn er in vele populaire ontwerpen die zeker ieders aandacht zullen trekken. Deze Chopper zonnebril valt gegarandeerd in de smaak bij de agressieve styling bij je vrienden en kennissen die ook van die stijl houden.<br \/>\nZe passen heel goed bij je motor, Amerikaanse auto of leren vest. Koop een paar voordat ze uitverkocht zijn.<\/em><\/p>","protected":false},"excerpt":{"rendered":"<p><strong>Hakmolen \u2013 8CP6670<\/strong><br \/>\nZwart glanzend frame met zilveren logo&#039;s - Oranje spiegelglas<br \/>\nRode details op de stangen<br \/>\nPlastic frame<br \/>\nUV400<br \/>\nCE-goedgekeurd<\/p>\n<p><img loading=\"lazy\" decoding=\"async\" class=\"alignnone wp-image-11155 size-full\" src=\"https:\/\/bazarsalg.dk\/wp-content\/uploads\/Lille-choppers-logo-200x200-1.jpg\" alt=\"\" width=\"200\" height=\"200\" \/><\/p>","protected":false},"featured_media":9468,"comment_status":"open","ping_status":"closed","template":"","meta":{"om_disable_all_campaigns":false,"_monsterinsights_skip_tracking":false,"_monsterinsights_sitenote_active":false,"_monsterinsights_sitenote_note":"","_monsterinsights_sitenote_category":0},"product_brand":[],"product_cat":[1209,1049],"product_tag":[1212,1208,870],"class_list":{"0":"post-9467","1":"product","2":"type-product","3":"status-publish","4":"has-post-thumbnail","6":"product_cat-choppers-solbriller","7":"product_cat-premium-solbriller","8":"product_tag-8cp6670","9":"product_tag-choppers","10":"product_tag-p693","12":"first","13":"outofstock","14":"sale","15":"shipping-taxable","16":"purchasable","17":"product-type-simple"},"yoast_head":"<!-- This site is optimized with the Yoast SEO plugin v27.5 - https:\/\/yoast.com\/product\/yoast-seo-wordpress\/ -->\n<title>Choppers Solbriller - San Diego | Orange Spejlglas | K\u00f8b online her | LOCS<\/title>\n<meta name=\"description\" content=\"K\u00f8b Choppers Solbriller - San Diego | Orange Spejlglas her | EU&#039;s st\u00f8rste udvalg af LOCS solbriller | Vi sender fra EU - Ingen ekstra import udgifter\" \/>\n<meta name=\"robots\" content=\"index, follow, max-snippet:-1, max-image-preview:large, max-video-preview:-1\" \/>\n<link rel=\"canonical\" href=\"https:\/\/locsshop.eu\/nl\/shop\/choppers-solbriller-san-diego-orange-spejlglas\/\" \/>\n<meta property=\"og:locale\" content=\"nl_NL\" \/>\n<meta property=\"og:type\" content=\"article\" \/>\n<meta property=\"og:title\" content=\"Choppers Solbriller - San Diego | Orange Spejlglas | K\u00f8b online her | LOCS\" \/>\n<meta property=\"og:description\" content=\"K\u00f8b Choppers Solbriller - San Diego | Orange Spejlglas her | EU&#039;s st\u00f8rste udvalg af LOCS solbriller | Vi sender fra EU - Ingen ekstra import udgifter\" \/>\n<meta property=\"og:url\" content=\"https:\/\/locsshop.eu\/nl\/shop\/choppers-solbriller-san-diego-orange-spejlglas\/\" \/>\n<meta property=\"og:site_name\" content=\"Locs Sunglasses - LOCS Supplier in EU\" \/>\n<meta property=\"article:modified_time\" content=\"2023-08-31T14:02:55+00:00\" \/>\n<meta property=\"og:image\" content=\"https:\/\/locsshop.eu\/wp-content\/uploads\/2023\/02\/8CP6670motorcyclesunglasses4.jpg\" \/>\n\t<meta property=\"og:image:width\" content=\"800\" \/>\n\t<meta property=\"og:image:height\" content=\"800\" \/>\n\t<meta property=\"og:image:type\" content=\"image\/jpeg\" \/>\n<meta name=\"twitter:card\" content=\"summary_large_image\" \/>\n<meta name=\"twitter:label1\" content=\"Geschatte leestijd\" \/>\n\t<meta name=\"twitter:data1\" content=\"1 minuut\" \/>\n<script type=\"application\/ld+json\" class=\"yoast-schema-graph\">{\"@context\":\"https:\\\/\\\/schema.org\",\"@graph\":[{\"@type\":\"WebPage\",\"@id\":\"https:\\\/\\\/locsshop.eu\\\/shop\\\/choppers-solbriller-san-diego-orange-spejlglas\\\/\",\"url\":\"https:\\\/\\\/locsshop.eu\\\/shop\\\/choppers-solbriller-san-diego-orange-spejlglas\\\/\",\"name\":\"Choppers Solbriller - San Diego | Orange Spejlglas | K\u00f8b online her | LOCS\",\"isPartOf\":{\"@id\":\"https:\\\/\\\/locsshop.eu\\\/#website\"},\"primaryImageOfPage\":{\"@id\":\"https:\\\/\\\/locsshop.eu\\\/shop\\\/choppers-solbriller-san-diego-orange-spejlglas\\\/#primaryimage\"},\"image\":{\"@id\":\"https:\\\/\\\/locsshop.eu\\\/shop\\\/choppers-solbriller-san-diego-orange-spejlglas\\\/#primaryimage\"},\"thumbnailUrl\":\"https:\\\/\\\/locsshop.eu\\\/wp-content\\\/uploads\\\/2023\\\/02\\\/8CP6670motorcyclesunglasses4.jpg\",\"datePublished\":\"2023-02-06T08:56:21+00:00\",\"dateModified\":\"2023-08-31T14:02:55+00:00\",\"description\":\"K\u00f8b Choppers Solbriller - San Diego | Orange Spejlglas her | EU's st\u00f8rste udvalg af LOCS solbriller | Vi sender fra EU - Ingen ekstra import udgifter\",\"breadcrumb\":{\"@id\":\"https:\\\/\\\/locsshop.eu\\\/shop\\\/choppers-solbriller-san-diego-orange-spejlglas\\\/#breadcrumb\"},\"inLanguage\":\"nl-NL\",\"potentialAction\":[{\"@type\":\"ReadAction\",\"target\":[\"https:\\\/\\\/locsshop.eu\\\/shop\\\/choppers-solbriller-san-diego-orange-spejlglas\\\/\"]}]},{\"@type\":\"ImageObject\",\"inLanguage\":\"nl-NL\",\"@id\":\"https:\\\/\\\/locsshop.eu\\\/shop\\\/choppers-solbriller-san-diego-orange-spejlglas\\\/#primaryimage\",\"url\":\"https:\\\/\\\/locsshop.eu\\\/wp-content\\\/uploads\\\/2023\\\/02\\\/8CP6670motorcyclesunglasses4.jpg\",\"contentUrl\":\"https:\\\/\\\/locsshop.eu\\\/wp-content\\\/uploads\\\/2023\\\/02\\\/8CP6670motorcyclesunglasses4.jpg\",\"width\":800,\"height\":800},{\"@type\":\"BreadcrumbList\",\"@id\":\"https:\\\/\\\/locsshop.eu\\\/shop\\\/choppers-solbriller-san-diego-orange-spejlglas\\\/#breadcrumb\",\"itemListElement\":[{\"@type\":\"ListItem\",\"position\":1,\"name\":\"Hjem\",\"item\":\"https:\\\/\\\/locsshop.eu\\\/\"},{\"@type\":\"ListItem\",\"position\":2,\"name\":\"Shop\",\"item\":\"https:\\\/\\\/locsshop.eu\\\/shop\\\/\"},{\"@type\":\"ListItem\",\"position\":3,\"name\":\"Choppers Solbriller &#8211; San Diego | Orange Spejlglas\"}]},{\"@type\":\"WebSite\",\"@id\":\"https:\\\/\\\/locsshop.eu\\\/#website\",\"url\":\"https:\\\/\\\/locsshop.eu\\\/\",\"name\":\"Locs Sunglasses - LOCS Supplier in EU\",\"description\":\"We sell cheap LOCS Sunglasses\",\"publisher\":{\"@id\":\"https:\\\/\\\/locsshop.eu\\\/#organization\"},\"potentialAction\":[{\"@type\":\"SearchAction\",\"target\":{\"@type\":\"EntryPoint\",\"urlTemplate\":\"https:\\\/\\\/locsshop.eu\\\/?s={search_term_string}\"},\"query-input\":{\"@type\":\"PropertyValueSpecification\",\"valueRequired\":true,\"valueName\":\"search_term_string\"}}],\"inLanguage\":\"nl-NL\"},{\"@type\":\"Organization\",\"@id\":\"https:\\\/\\\/locsshop.eu\\\/#organization\",\"name\":\"Locsshop.eu\",\"url\":\"https:\\\/\\\/locsshop.eu\\\/\",\"logo\":{\"@type\":\"ImageObject\",\"inLanguage\":\"nl-NL\",\"@id\":\"https:\\\/\\\/locsshop.eu\\\/#\\\/schema\\\/logo\\\/image\\\/\",\"url\":\"https:\\\/\\\/locsshop.eu\\\/wp-content\\\/uploads\\\/2022\\\/02\\\/Locsshop-logo.png\",\"contentUrl\":\"https:\\\/\\\/locsshop.eu\\\/wp-content\\\/uploads\\\/2022\\\/02\\\/Locsshop-logo.png\",\"width\":930,\"height\":200,\"caption\":\"Locsshop.eu\"},\"image\":{\"@id\":\"https:\\\/\\\/locsshop.eu\\\/#\\\/schema\\\/logo\\\/image\\\/\"}}]}<\/script>\n<!-- \/ Yoast SEO plugin. -->","yoast_head_json":{"title":"Choppers Zonnebril - San Diego | Oranje Spiegelglas | Koop hier online | LOCS","description":"Koop Choppers Zonnebril - San Diego | Oranje Spiegelglas hier | De grootste selectie LOCS-zonnebrillen in de EU | Wij verzenden vanuit de EU - Geen extra invoerkosten","robots":{"index":"index","follow":"follow","max-snippet":"max-snippet:-1","max-image-preview":"max-image-preview:large","max-video-preview":"max-video-preview:-1"},"canonical":"https:\/\/locsshop.eu\/nl\/shop\/choppers-solbriller-san-diego-orange-spejlglas\/","og_locale":"nl_NL","og_type":"article","og_title":"Choppers Solbriller - San Diego | Orange Spejlglas | K\u00f8b online her | LOCS","og_description":"K\u00f8b Choppers Solbriller - San Diego | Orange Spejlglas her | EU's st\u00f8rste udvalg af LOCS solbriller | Vi sender fra EU - Ingen ekstra import udgifter","og_url":"https:\/\/locsshop.eu\/nl\/shop\/choppers-solbriller-san-diego-orange-spejlglas\/","og_site_name":"Locs Sunglasses - LOCS Supplier in EU","article_modified_time":"2023-08-31T14:02:55+00:00","og_image":[{"width":800,"height":800,"url":"https:\/\/locsshop.eu\/wp-content\/uploads\/2023\/02\/8CP6670motorcyclesunglasses4.jpg","type":"image\/jpeg"}],"twitter_card":"summary_large_image","twitter_misc":{"Geschatte leestijd":"1 minuut"},"schema":{"@context":"https:\/\/schema.org","@graph":[{"@type":"WebPage","@id":"https:\/\/locsshop.eu\/shop\/choppers-solbriller-san-diego-orange-spejlglas\/","url":"https:\/\/locsshop.eu\/shop\/choppers-solbriller-san-diego-orange-spejlglas\/","name":"Choppers Zonnebril - San Diego | Oranje Spiegelglas | Koop hier online | LOCS","isPartOf":{"@id":"https:\/\/locsshop.eu\/#website"},"primaryImageOfPage":{"@id":"https:\/\/locsshop.eu\/shop\/choppers-solbriller-san-diego-orange-spejlglas\/#primaryimage"},"image":{"@id":"https:\/\/locsshop.eu\/shop\/choppers-solbriller-san-diego-orange-spejlglas\/#primaryimage"},"thumbnailUrl":"https:\/\/locsshop.eu\/wp-content\/uploads\/2023\/02\/8CP6670motorcyclesunglasses4.jpg","datePublished":"2023-02-06T08:56:21+00:00","dateModified":"2023-08-31T14:02:55+00:00","description":"Koop Choppers Zonnebril - San Diego | Oranje Spiegelglas hier | De grootste selectie LOCS-zonnebrillen in de EU | Wij verzenden vanuit de EU - Geen extra invoerkosten","breadcrumb":{"@id":"https:\/\/locsshop.eu\/shop\/choppers-solbriller-san-diego-orange-spejlglas\/#breadcrumb"},"inLanguage":"nl-NL","potentialAction":[{"@type":"ReadAction","target":["https:\/\/locsshop.eu\/shop\/choppers-solbriller-san-diego-orange-spejlglas\/"]}]},{"@type":"ImageObject","inLanguage":"nl-NL","@id":"https:\/\/locsshop.eu\/shop\/choppers-solbriller-san-diego-orange-spejlglas\/#primaryimage","url":"https:\/\/locsshop.eu\/wp-content\/uploads\/2023\/02\/8CP6670motorcyclesunglasses4.jpg","contentUrl":"https:\/\/locsshop.eu\/wp-content\/uploads\/2023\/02\/8CP6670motorcyclesunglasses4.jpg","width":800,"height":800},{"@type":"BreadcrumbList","@id":"https:\/\/locsshop.eu\/shop\/choppers-solbriller-san-diego-orange-spejlglas\/#breadcrumb","itemListElement":[{"@type":"ListItem","position":1,"name":"Hjem","item":"https:\/\/locsshop.eu\/"},{"@type":"ListItem","position":2,"name":"Shop","item":"https:\/\/locsshop.eu\/shop\/"},{"@type":"ListItem","position":3,"name":"Choppers Solbriller &#8211; San Diego | Orange Spejlglas"}]},{"@type":"WebSite","@id":"https:\/\/locsshop.eu\/#website","url":"https:\/\/locsshop.eu\/","name":"Locs zonnebrillen - LOCS leverancier in de EU","description":"Wij verkopen goedkope LOCS zonnebrillen","publisher":{"@id":"https:\/\/locsshop.eu\/#organization"},"potentialAction":[{"@type":"SearchAction","target":{"@type":"EntryPoint","urlTemplate":"https:\/\/locsshop.eu\/?s={search_term_string}"},"query-input":{"@type":"PropertyValueSpecification","valueRequired":true,"valueName":"search_term_string"}}],"inLanguage":"nl-NL"},{"@type":"Organization","@id":"https:\/\/locsshop.eu\/#organization","name":"Locsshop.eu","url":"https:\/\/locsshop.eu\/","logo":{"@type":"ImageObject","inLanguage":"nl-NL","@id":"https:\/\/locsshop.eu\/#\/schema\/logo\/image\/","url":"https:\/\/locsshop.eu\/wp-content\/uploads\/2022\/02\/Locsshop-logo.png","contentUrl":"https:\/\/locsshop.eu\/wp-content\/uploads\/2022\/02\/Locsshop-logo.png","width":930,"height":200,"caption":"Locsshop.eu"},"image":{"@id":"https:\/\/locsshop.eu\/#\/schema\/logo\/image\/"}}]}},"_links":{"self":[{"href":"https:\/\/locsshop.eu\/nl\/wp-json\/wp\/v2\/product\/9467","targetHints":{"allow":["GET"]}}],"collection":[{"href":"https:\/\/locsshop.eu\/nl\/wp-json\/wp\/v2\/product"}],"about":[{"href":"https:\/\/locsshop.eu\/nl\/wp-json\/wp\/v2\/types\/product"}],"replies":[{"embeddable":true,"href":"https:\/\/locsshop.eu\/nl\/wp-json\/wp\/v2\/comments?post=9467"}],"wp:featuredmedia":[{"embeddable":true,"href":"https:\/\/locsshop.eu\/nl\/wp-json\/wp\/v2\/media\/9468"}],"wp:attachment":[{"href":"https:\/\/locsshop.eu\/nl\/wp-json\/wp\/v2\/media?parent=9467"}],"wp:term":[{"taxonomy":"product_brand","embeddable":true,"href":"https:\/\/locsshop.eu\/nl\/wp-json\/wp\/v2\/product_brand?post=9467"},{"taxonomy":"product_cat","embeddable":true,"href":"https:\/\/locsshop.eu\/nl\/wp-json\/wp\/v2\/product_cat?post=9467"},{"taxonomy":"product_tag","embeddable":true,"href":"https:\/\/locsshop.eu\/nl\/wp-json\/wp\/v2\/product_tag?post=9467"}],"curies":[{"name":"wp","href":"https:\/\/api.w.org\/{rel}","templated":true}]}}