{"id":9584,"date":"2023-03-02T19:46:20","date_gmt":"2023-03-02T18:46:20","guid":{"rendered":"https:\/\/locsshop.eu\/shop\/wood-cateye-handout-apparel-bambus-solbriller-moerke-glas\/"},"modified":"2025-07-05T01:55:36","modified_gmt":"2025-07-04T23:55:36","slug":"wood-cateye-handout-apparel-bambus-solbriller-moerke-glas","status":"publish","type":"product","link":"https:\/\/locsshop.eu\/nl\/shop\/wood-cateye-handout-apparel-bambus-solbriller-moerke-glas\/","title":{"rendered":"Hout Cateye Handout Apparel Bamboe Zonnebril | Donkere glazen"},"content":{"rendered":"<h2><strong>Stoere Cateye zonnebril van bamboe met donkere glazen - Incl. Bamboe koffer<\/strong><\/h2>\n<h4>Deze ronde cateye zonnebril van bamboe heeft een elegant bruin houten montuur en donkere glazen. Deze stijlvolle zonnebril is perfect voor elke gelegenheid en is ontworpen met het oog op comfort en duurzaamheid.<br \/>\nDoor hun lichte gewicht zijn ze makkelijk mee te nemen en hun tijdloze vorm voegt een coole en stijlvolle upgrade toe aan je look. Met 100 % UV-bescherming beschermt deze zonnebril je tegen de schadelijke stralen van de zon.<br \/>\nDe zonnebril heeft flexstangen voor een optimaal draagcomfort en perfecte pasvorm.<br \/>\nDe gegraveerde Handout Apparel-logo&#039;s op de polen geven de zonnebril een exclusieve uitstraling en met het hartjeslogo geef je aan dat je van onze natuur houdt en er bewust voor hebt gekozen om er zo goed mogelijk voor te zorgen, ook als je een mooie zonnebril draagt.<\/h4>\n<h4>Bij je nieuwe Handout Apparel Bamboo zonnebril wordt een mooi bamboe etui meegeleverd, zodat je je bamboe zonnebril overal mee naartoe kunt nemen zonder dat deze beschadigd raakt.<\/p>\n<p><span data-text-color=\"secondary\"><strong>Houd er rekening mee dat de zonnebril uniek is en uit ander hout is gesneden en daarom niet overeenkomt met de foto&#039;s 100% omdat de textuur van het hout anders is.<\/strong><\/span><br \/>\n<strong><br \/>\nWe raden je aan om een extra etui te kopen, zodat je nieuwe coole zonnebril geen krassen krijgt als ze in het bamboe etui zitten.<\/strong><br \/>\n<strong>Vind onze koffers in de categorie accessoires en koop eventuele extra&#039;s ook een poetsdoekje voor een optimale reiniging van de bril.<\/strong><\/h4>\n<h4><\/h4>\n<p>&nbsp;<\/p>\n<h4><strong><em>Details:<br \/>\n<\/em><\/strong><br \/>\nBinnenbreedte: 12,6 cm<br \/>\nHoogte: 5,2 cm<br \/>\nStanglengte: 14,4 cm<\/h4>\n<p>Materiaal: bamboe en metaal<br \/>\nUV400-bescherming<\/p>\n<h4><img loading=\"lazy\" decoding=\"async\" class=\"alignnone wp-image-11258 size-full\" src=\"https:\/\/bazarsalg.dk\/wp-content\/uploads\/handout-apparel-logo-lille.jpg\" alt=\"\" width=\"320\" height=\"218\" \/><\/h4>\n<h4><em>Over Handout Apparel bamboe zonnebrillen<\/em><\/h4>\n<p><strong><em>Zonnebrillen van duurzame materialen<\/em><\/strong><br \/>\nBamboe zonnebrillen zijn een duurzaam, eerlijk en betaalbaar alternatief voor plastic zonnebrillen.<br \/>\nBamboe zonnebrillen worden steeds populairder. Ze zijn stijlvol en licht van gewicht, waardoor ze comfortabel zijn om voor langere tijd te dragen. Ze zijn van nature milieuvriendelijk omdat bamboe een hernieuwbare grondstof is. Ze bieden ook een goede bescherming tegen de zon en zijn verrassend duurzaam. Bamboe zonnebrillen zijn echt uniek en verkrijgbaar in veel verschillende vormen, maten en kleuren. Ze zijn perfect voor elke buitenactiviteit, van een dag op het strand tot een middagwandeling. Door het stevige en modieuze montuur zijn ze het perfecte accessoire om elke outfit compleet te maken. Als je op zoek bent naar een milieuvriendelijke, stijlvolle zonnebril, dan is bamboe de juiste oplossing voor jou.<\/p>","protected":false},"excerpt":{"rendered":"<p><strong>HAND-OUT KLEDING \u2013 HA-7<\/strong><br \/>\nBruin bamboe en metalen frame met gegraveerde logo&#039;s - Donker glas<br \/>\nFlex Bars \u2013 Voor een optimale pasvorm<br \/>\nInclusief bamboe koffer<br \/>\nUV400-bescherming<\/p>\n<p><img loading=\"lazy\" decoding=\"async\" class=\"alignnone wp-image-11257 size-full\" src=\"https:\/\/bazarsalg.dk\/wp-content\/uploads\/Earth-Friendly.png\" alt=\"\" width=\"113\" height=\"148\" \/><\/p>","protected":false},"featured_media":9585,"comment_status":"open","ping_status":"closed","template":"","meta":{"om_disable_all_campaigns":false,"_monsterinsights_skip_tracking":false,"_monsterinsights_sitenote_active":false,"_monsterinsights_sitenote_note":"","_monsterinsights_sitenote_category":0},"product_brand":[],"product_cat":[1026,1029,1025,1040,1227,1049],"product_tag":[1224,503,1233,1226],"class_list":{"0":"post-9584","1":"product","2":"type-product","3":"status-publish","4":"has-post-thumbnail","6":"product_cat-dame-solbriller","7":"product_cat-herre-solbriller","8":"product_cat-billige-solbriller","9":"product_cat-clubmaster","10":"product_cat-handout-apparel","11":"product_cat-premium-solbriller","12":"product_tag-apparel","13":"product_tag-bambus","14":"product_tag-ha-7","15":"product_tag-handout","17":"first","18":"instock","19":"shipping-taxable","20":"purchasable","21":"product-type-simple"},"yoast_head":"<!-- This site is optimized with the Yoast SEO plugin v27.5 - https:\/\/yoast.com\/product\/yoast-seo-wordpress\/ -->\n<title>Wood Cateye Handout Apparel Bambus Solbriller | M\u00f8rke glas | K\u00f8b online her | LOCS<\/title>\n<meta name=\"description\" content=\"K\u00f8b Wood Cateye Handout Apparel Bambus Solbriller | M\u00f8rke glas her | EU&#039;s st\u00f8rste udvalg af LOCS solbriller | Vi sender fra EU - Ingen ekstra import udgifter\" \/>\n<meta name=\"robots\" content=\"index, follow, max-snippet:-1, max-image-preview:large, max-video-preview:-1\" \/>\n<link rel=\"canonical\" href=\"https:\/\/locsshop.eu\/nl\/shop\/wood-cateye-handout-apparel-bambus-solbriller-moerke-glas\/\" \/>\n<meta property=\"og:locale\" content=\"nl_NL\" \/>\n<meta property=\"og:type\" content=\"article\" \/>\n<meta property=\"og:title\" content=\"Wood Cateye Handout Apparel Bambus Solbriller | M\u00f8rke glas | K\u00f8b online her | LOCS\" \/>\n<meta property=\"og:description\" content=\"K\u00f8b Wood Cateye Handout Apparel Bambus Solbriller | M\u00f8rke glas her | EU&#039;s st\u00f8rste udvalg af LOCS solbriller | Vi sender fra EU - Ingen ekstra import udgifter\" \/>\n<meta property=\"og:url\" content=\"https:\/\/locsshop.eu\/nl\/shop\/wood-cateye-handout-apparel-bambus-solbriller-moerke-glas\/\" \/>\n<meta property=\"og:site_name\" content=\"Locs Sunglasses - LOCS Supplier in EU\" \/>\n<meta property=\"article:modified_time\" content=\"2025-07-04T23:55:36+00:00\" \/>\n<meta property=\"og:image\" content=\"https:\/\/locsshop.eu\/wp-content\/uploads\/2023\/03\/HA-7-Handout-Apparal-Black6.png\" \/>\n\t<meta property=\"og:image:width\" content=\"800\" \/>\n\t<meta property=\"og:image:height\" content=\"800\" \/>\n\t<meta property=\"og:image:type\" content=\"image\/png\" \/>\n<meta name=\"twitter:card\" content=\"summary_large_image\" \/>\n<meta name=\"twitter:label1\" content=\"Geschatte leestijd\" \/>\n\t<meta name=\"twitter:data1\" content=\"2 minuten\" \/>\n<script type=\"application\/ld+json\" class=\"yoast-schema-graph\">{\"@context\":\"https:\\\/\\\/schema.org\",\"@graph\":[{\"@type\":\"WebPage\",\"@id\":\"https:\\\/\\\/locsshop.eu\\\/shop\\\/wood-cateye-handout-apparel-bambus-solbriller-moerke-glas\\\/\",\"url\":\"https:\\\/\\\/locsshop.eu\\\/shop\\\/wood-cateye-handout-apparel-bambus-solbriller-moerke-glas\\\/\",\"name\":\"Wood Cateye Handout Apparel Bambus Solbriller | M\u00f8rke glas | K\u00f8b online her | LOCS\",\"isPartOf\":{\"@id\":\"https:\\\/\\\/locsshop.eu\\\/#website\"},\"primaryImageOfPage\":{\"@id\":\"https:\\\/\\\/locsshop.eu\\\/shop\\\/wood-cateye-handout-apparel-bambus-solbriller-moerke-glas\\\/#primaryimage\"},\"image\":{\"@id\":\"https:\\\/\\\/locsshop.eu\\\/shop\\\/wood-cateye-handout-apparel-bambus-solbriller-moerke-glas\\\/#primaryimage\"},\"thumbnailUrl\":\"https:\\\/\\\/locsshop.eu\\\/wp-content\\\/uploads\\\/2023\\\/03\\\/HA-7-Handout-Apparal-Black6.png\",\"datePublished\":\"2023-03-02T18:46:20+00:00\",\"dateModified\":\"2025-07-04T23:55:36+00:00\",\"description\":\"K\u00f8b Wood Cateye Handout Apparel Bambus Solbriller | M\u00f8rke glas her | EU's st\u00f8rste udvalg af LOCS solbriller | Vi sender fra EU - Ingen ekstra import udgifter\",\"breadcrumb\":{\"@id\":\"https:\\\/\\\/locsshop.eu\\\/shop\\\/wood-cateye-handout-apparel-bambus-solbriller-moerke-glas\\\/#breadcrumb\"},\"inLanguage\":\"nl-NL\",\"potentialAction\":[{\"@type\":\"ReadAction\",\"target\":[\"https:\\\/\\\/locsshop.eu\\\/shop\\\/wood-cateye-handout-apparel-bambus-solbriller-moerke-glas\\\/\"]}]},{\"@type\":\"ImageObject\",\"inLanguage\":\"nl-NL\",\"@id\":\"https:\\\/\\\/locsshop.eu\\\/shop\\\/wood-cateye-handout-apparel-bambus-solbriller-moerke-glas\\\/#primaryimage\",\"url\":\"https:\\\/\\\/locsshop.eu\\\/wp-content\\\/uploads\\\/2023\\\/03\\\/HA-7-Handout-Apparal-Black6.png\",\"contentUrl\":\"https:\\\/\\\/locsshop.eu\\\/wp-content\\\/uploads\\\/2023\\\/03\\\/HA-7-Handout-Apparal-Black6.png\",\"width\":800,\"height\":800},{\"@type\":\"BreadcrumbList\",\"@id\":\"https:\\\/\\\/locsshop.eu\\\/shop\\\/wood-cateye-handout-apparel-bambus-solbriller-moerke-glas\\\/#breadcrumb\",\"itemListElement\":[{\"@type\":\"ListItem\",\"position\":1,\"name\":\"Hjem\",\"item\":\"https:\\\/\\\/locsshop.eu\\\/\"},{\"@type\":\"ListItem\",\"position\":2,\"name\":\"Shop\",\"item\":\"https:\\\/\\\/locsshop.eu\\\/shop\\\/\"},{\"@type\":\"ListItem\",\"position\":3,\"name\":\"Wood Cateye Handout Apparel Bambus Solbriller | M\u00f8rke glas\"}]},{\"@type\":\"WebSite\",\"@id\":\"https:\\\/\\\/locsshop.eu\\\/#website\",\"url\":\"https:\\\/\\\/locsshop.eu\\\/\",\"name\":\"Locs Sunglasses - LOCS Supplier in EU\",\"description\":\"We sell cheap LOCS Sunglasses\",\"publisher\":{\"@id\":\"https:\\\/\\\/locsshop.eu\\\/#organization\"},\"potentialAction\":[{\"@type\":\"SearchAction\",\"target\":{\"@type\":\"EntryPoint\",\"urlTemplate\":\"https:\\\/\\\/locsshop.eu\\\/?s={search_term_string}\"},\"query-input\":{\"@type\":\"PropertyValueSpecification\",\"valueRequired\":true,\"valueName\":\"search_term_string\"}}],\"inLanguage\":\"nl-NL\"},{\"@type\":\"Organization\",\"@id\":\"https:\\\/\\\/locsshop.eu\\\/#organization\",\"name\":\"Locsshop.eu\",\"url\":\"https:\\\/\\\/locsshop.eu\\\/\",\"logo\":{\"@type\":\"ImageObject\",\"inLanguage\":\"nl-NL\",\"@id\":\"https:\\\/\\\/locsshop.eu\\\/#\\\/schema\\\/logo\\\/image\\\/\",\"url\":\"https:\\\/\\\/locsshop.eu\\\/wp-content\\\/uploads\\\/2022\\\/02\\\/Locsshop-logo.png\",\"contentUrl\":\"https:\\\/\\\/locsshop.eu\\\/wp-content\\\/uploads\\\/2022\\\/02\\\/Locsshop-logo.png\",\"width\":930,\"height\":200,\"caption\":\"Locsshop.eu\"},\"image\":{\"@id\":\"https:\\\/\\\/locsshop.eu\\\/#\\\/schema\\\/logo\\\/image\\\/\"}}]}<\/script>\n<!-- \/ Yoast SEO plugin. -->","yoast_head_json":{"title":"Hout Cateye Handout Apparel Bamboe Zonnebril | Donkere bril | Koop hier online | LOCS","description":"Houten Cateye Handout Apparel Bamboe Zonnebril kopen | Donkere bril hier | De grootste selectie LOCS-zonnebrillen in de EU | Wij verzenden vanuit de EU - Geen extra invoerkosten","robots":{"index":"index","follow":"follow","max-snippet":"max-snippet:-1","max-image-preview":"max-image-preview:large","max-video-preview":"max-video-preview:-1"},"canonical":"https:\/\/locsshop.eu\/nl\/shop\/wood-cateye-handout-apparel-bambus-solbriller-moerke-glas\/","og_locale":"nl_NL","og_type":"article","og_title":"Wood Cateye Handout Apparel Bambus Solbriller | M\u00f8rke glas | K\u00f8b online her | LOCS","og_description":"K\u00f8b Wood Cateye Handout Apparel Bambus Solbriller | M\u00f8rke glas her | EU's st\u00f8rste udvalg af LOCS solbriller | Vi sender fra EU - Ingen ekstra import udgifter","og_url":"https:\/\/locsshop.eu\/nl\/shop\/wood-cateye-handout-apparel-bambus-solbriller-moerke-glas\/","og_site_name":"Locs Sunglasses - LOCS Supplier in EU","article_modified_time":"2025-07-04T23:55:36+00:00","og_image":[{"width":800,"height":800,"url":"https:\/\/locsshop.eu\/wp-content\/uploads\/2023\/03\/HA-7-Handout-Apparal-Black6.png","type":"image\/png"}],"twitter_card":"summary_large_image","twitter_misc":{"Geschatte leestijd":"2 minuten"},"schema":{"@context":"https:\/\/schema.org","@graph":[{"@type":"WebPage","@id":"https:\/\/locsshop.eu\/shop\/wood-cateye-handout-apparel-bambus-solbriller-moerke-glas\/","url":"https:\/\/locsshop.eu\/shop\/wood-cateye-handout-apparel-bambus-solbriller-moerke-glas\/","name":"Hout Cateye Handout Apparel Bamboe Zonnebril | Donkere bril | Koop hier online | LOCS","isPartOf":{"@id":"https:\/\/locsshop.eu\/#website"},"primaryImageOfPage":{"@id":"https:\/\/locsshop.eu\/shop\/wood-cateye-handout-apparel-bambus-solbriller-moerke-glas\/#primaryimage"},"image":{"@id":"https:\/\/locsshop.eu\/shop\/wood-cateye-handout-apparel-bambus-solbriller-moerke-glas\/#primaryimage"},"thumbnailUrl":"https:\/\/locsshop.eu\/wp-content\/uploads\/2023\/03\/HA-7-Handout-Apparal-Black6.png","datePublished":"2023-03-02T18:46:20+00:00","dateModified":"2025-07-04T23:55:36+00:00","description":"Houten Cateye Handout Apparel Bamboe Zonnebril kopen | Donkere bril hier | De grootste selectie LOCS-zonnebrillen in de EU | Wij verzenden vanuit de EU - Geen extra invoerkosten","breadcrumb":{"@id":"https:\/\/locsshop.eu\/shop\/wood-cateye-handout-apparel-bambus-solbriller-moerke-glas\/#breadcrumb"},"inLanguage":"nl-NL","potentialAction":[{"@type":"ReadAction","target":["https:\/\/locsshop.eu\/shop\/wood-cateye-handout-apparel-bambus-solbriller-moerke-glas\/"]}]},{"@type":"ImageObject","inLanguage":"nl-NL","@id":"https:\/\/locsshop.eu\/shop\/wood-cateye-handout-apparel-bambus-solbriller-moerke-glas\/#primaryimage","url":"https:\/\/locsshop.eu\/wp-content\/uploads\/2023\/03\/HA-7-Handout-Apparal-Black6.png","contentUrl":"https:\/\/locsshop.eu\/wp-content\/uploads\/2023\/03\/HA-7-Handout-Apparal-Black6.png","width":800,"height":800},{"@type":"BreadcrumbList","@id":"https:\/\/locsshop.eu\/shop\/wood-cateye-handout-apparel-bambus-solbriller-moerke-glas\/#breadcrumb","itemListElement":[{"@type":"ListItem","position":1,"name":"Hjem","item":"https:\/\/locsshop.eu\/"},{"@type":"ListItem","position":2,"name":"Shop","item":"https:\/\/locsshop.eu\/shop\/"},{"@type":"ListItem","position":3,"name":"Wood Cateye Handout Apparel Bambus Solbriller | M\u00f8rke glas"}]},{"@type":"WebSite","@id":"https:\/\/locsshop.eu\/#website","url":"https:\/\/locsshop.eu\/","name":"Locs zonnebrillen - LOCS leverancier in de EU","description":"Wij verkopen goedkope LOCS zonnebrillen","publisher":{"@id":"https:\/\/locsshop.eu\/#organization"},"potentialAction":[{"@type":"SearchAction","target":{"@type":"EntryPoint","urlTemplate":"https:\/\/locsshop.eu\/?s={search_term_string}"},"query-input":{"@type":"PropertyValueSpecification","valueRequired":true,"valueName":"search_term_string"}}],"inLanguage":"nl-NL"},{"@type":"Organization","@id":"https:\/\/locsshop.eu\/#organization","name":"Locsshop.eu","url":"https:\/\/locsshop.eu\/","logo":{"@type":"ImageObject","inLanguage":"nl-NL","@id":"https:\/\/locsshop.eu\/#\/schema\/logo\/image\/","url":"https:\/\/locsshop.eu\/wp-content\/uploads\/2022\/02\/Locsshop-logo.png","contentUrl":"https:\/\/locsshop.eu\/wp-content\/uploads\/2022\/02\/Locsshop-logo.png","width":930,"height":200,"caption":"Locsshop.eu"},"image":{"@id":"https:\/\/locsshop.eu\/#\/schema\/logo\/image\/"}}]}},"_links":{"self":[{"href":"https:\/\/locsshop.eu\/nl\/wp-json\/wp\/v2\/product\/9584","targetHints":{"allow":["GET"]}}],"collection":[{"href":"https:\/\/locsshop.eu\/nl\/wp-json\/wp\/v2\/product"}],"about":[{"href":"https:\/\/locsshop.eu\/nl\/wp-json\/wp\/v2\/types\/product"}],"replies":[{"embeddable":true,"href":"https:\/\/locsshop.eu\/nl\/wp-json\/wp\/v2\/comments?post=9584"}],"wp:featuredmedia":[{"embeddable":true,"href":"https:\/\/locsshop.eu\/nl\/wp-json\/wp\/v2\/media\/9585"}],"wp:attachment":[{"href":"https:\/\/locsshop.eu\/nl\/wp-json\/wp\/v2\/media?parent=9584"}],"wp:term":[{"taxonomy":"product_brand","embeddable":true,"href":"https:\/\/locsshop.eu\/nl\/wp-json\/wp\/v2\/product_brand?post=9584"},{"taxonomy":"product_cat","embeddable":true,"href":"https:\/\/locsshop.eu\/nl\/wp-json\/wp\/v2\/product_cat?post=9584"},{"taxonomy":"product_tag","embeddable":true,"href":"https:\/\/locsshop.eu\/nl\/wp-json\/wp\/v2\/product_tag?post=9584"}],"curies":[{"name":"wp","href":"https:\/\/api.w.org\/{rel}","templated":true}]}}