{"id":9994,"date":"2023-05-06T16:43:33","date_gmt":"2023-05-06T14:43:33","guid":{"rendered":"https:\/\/locsshop.eu\/shop\/sikkerhedsbriller-med-justerbare-arme-gule-glas\/"},"modified":"2025-05-25T12:16:47","modified_gmt":"2025-05-25T10:16:47","slug":"sikkerhedsbriller-med-justerbare-arme-gule-glas","status":"publish","type":"product","link":"https:\/\/locsshop.eu\/nl\/shop\/sikkerhedsbriller-med-justerbare-arme-gule-glas\/","title":{"rendered":"Veiligheidsbril met verstelbare pootjes | Gele bril"},"content":{"rendered":"<h2>Veiligheidsbril met verstelbare pootjes | Gele bril<\/h2>\n<p>Deze veiligheidsbril is ideaal te gebruiken bij het draaien, frezen, slijpen, monteren etc.<br \/>\nDe veiligheidsbril heeft verstelbare zijsteunen - Optimaal gezichtsveld - ge\u00efntegreerde zijbescherming en wenkbrauwbeschermer - lens met speciale harde coating.<\/p>\n<p>Aan het uiteinde van de stangen zitten kleine gaatjes, waar je b.v. kan een touwtje aanhangen zodat je de bril om je nek kunt hangen.<br \/>\nZe zijn bedoeld om de ogen te beschermen tegen spatten van vaste stoffen die ontstaan bij handmatige en mechanische bewerking van metalen, hout, kunststoffen, keramiek, mijnbouw enz.<br \/>\nvoldoet aan de eisen van <strong>EN166<\/p>\n<p><\/strong>Hoogte: 5,1 cm.<br \/>\nBinnenbreedte: 13,4 cm.<br \/>\nZijlengte: 11 cm. \u2013 13,15cm.<strong><br \/>\n<\/strong><\/p>\n<p><em>Een veiligheidsbril is een soort oogbescherming die wordt gebruikt om de ogen te beschermen tegen gevaarlijke materialen of activiteiten. Ze zijn gemaakt van schokabsorberende materialen en hebben lenzen die bestand zijn tegen schokken, krassen en chemicali\u00ebn. Veiligheidsbrillen kunnen in veel verschillende situaties worden gebruikt, onder meer in industri\u00eble en laboratoriumomgevingen, bouwplaatsen, sportactiviteiten, vuurwerk en zelfs in huis. <\/em><br \/>\n<em>Ze zijn essentieel om het gezichtsvermogen te beschermen en ernstig oogletsel te voorkomen.<\/em><\/p>","protected":false},"excerpt":{"rendered":"<p><strong>Veiligheidsbril met gele lenzen<br \/>\n<\/strong>Zijbescherming<br \/>\nVerstelbare staven<br \/>\nvoldoet aan de eisen van EN166<br \/>\nCE-goedgekeurd<\/p>","protected":false},"featured_media":9995,"comment_status":"open","ping_status":"closed","template":"","meta":{"om_disable_all_campaigns":false,"_monsterinsights_skip_tracking":false,"_monsterinsights_sitenote_active":false,"_monsterinsights_sitenote_note":"","_monsterinsights_sitenote_category":0},"product_brand":[],"product_cat":[1033,1050],"product_tag":[1302,653],"class_list":{"0":"post-9994","1":"product","2":"type-product","3":"status-publish","4":"has-post-thumbnail","6":"product_cat-briller","7":"product_cat-sikkerhedsbriller","8":"product_tag-1302","9":"product_tag-sikkerhedsbriller","11":"first","12":"instock","13":"sale","14":"shipping-taxable","15":"purchasable","16":"product-type-simple"},"yoast_head":"<!-- This site is optimized with the Yoast SEO plugin v27.5 - https:\/\/yoast.com\/product\/yoast-seo-wordpress\/ -->\n<title>Sikkerhedsbriller med justerbare arme | Gule glas | K\u00f8b online her | LOCS<\/title>\n<meta name=\"description\" content=\"K\u00f8b Sikkerhedsbriller med justerbare arme | Gule glas her | EU&#039;s st\u00f8rste udvalg af LOCS solbriller | Vi sender fra EU - Ingen ekstra import udgifter\" \/>\n<meta name=\"robots\" content=\"index, follow, max-snippet:-1, max-image-preview:large, max-video-preview:-1\" \/>\n<link rel=\"canonical\" href=\"https:\/\/locsshop.eu\/nl\/shop\/sikkerhedsbriller-med-justerbare-arme-gule-glas\/\" \/>\n<meta property=\"og:locale\" content=\"nl_NL\" \/>\n<meta property=\"og:type\" content=\"article\" \/>\n<meta property=\"og:title\" content=\"Sikkerhedsbriller med justerbare arme | Gule glas | K\u00f8b online her | LOCS\" \/>\n<meta property=\"og:description\" content=\"K\u00f8b Sikkerhedsbriller med justerbare arme | Gule glas her | EU&#039;s st\u00f8rste udvalg af LOCS solbriller | Vi sender fra EU - Ingen ekstra import udgifter\" \/>\n<meta property=\"og:url\" content=\"https:\/\/locsshop.eu\/nl\/shop\/sikkerhedsbriller-med-justerbare-arme-gule-glas\/\" \/>\n<meta property=\"og:site_name\" content=\"Locs Sunglasses - LOCS Supplier in EU\" \/>\n<meta property=\"article:modified_time\" content=\"2025-05-25T10:16:47+00:00\" \/>\n<meta property=\"og:image\" content=\"https:\/\/locsshop.eu\/wp-content\/uploads\/2023\/05\/004928_6.jpg\" \/>\n\t<meta property=\"og:image:width\" content=\"800\" \/>\n\t<meta property=\"og:image:height\" content=\"800\" \/>\n\t<meta property=\"og:image:type\" content=\"image\/jpeg\" \/>\n<meta name=\"twitter:card\" content=\"summary_large_image\" \/>\n<meta name=\"twitter:label1\" content=\"Geschatte leestijd\" \/>\n\t<meta name=\"twitter:data1\" content=\"1 minuut\" \/>\n<script type=\"application\/ld+json\" class=\"yoast-schema-graph\">{\"@context\":\"https:\\\/\\\/schema.org\",\"@graph\":[{\"@type\":\"WebPage\",\"@id\":\"https:\\\/\\\/locsshop.eu\\\/shop\\\/sikkerhedsbriller-med-justerbare-arme-gule-glas\\\/\",\"url\":\"https:\\\/\\\/locsshop.eu\\\/shop\\\/sikkerhedsbriller-med-justerbare-arme-gule-glas\\\/\",\"name\":\"Sikkerhedsbriller med justerbare arme | Gule glas | K\u00f8b online her | LOCS\",\"isPartOf\":{\"@id\":\"https:\\\/\\\/locsshop.eu\\\/#website\"},\"primaryImageOfPage\":{\"@id\":\"https:\\\/\\\/locsshop.eu\\\/shop\\\/sikkerhedsbriller-med-justerbare-arme-gule-glas\\\/#primaryimage\"},\"image\":{\"@id\":\"https:\\\/\\\/locsshop.eu\\\/shop\\\/sikkerhedsbriller-med-justerbare-arme-gule-glas\\\/#primaryimage\"},\"thumbnailUrl\":\"https:\\\/\\\/locsshop.eu\\\/wp-content\\\/uploads\\\/2023\\\/05\\\/004928_6.jpg\",\"datePublished\":\"2023-05-06T14:43:33+00:00\",\"dateModified\":\"2025-05-25T10:16:47+00:00\",\"description\":\"K\u00f8b Sikkerhedsbriller med justerbare arme | Gule glas her | EU's st\u00f8rste udvalg af LOCS solbriller | Vi sender fra EU - Ingen ekstra import udgifter\",\"breadcrumb\":{\"@id\":\"https:\\\/\\\/locsshop.eu\\\/shop\\\/sikkerhedsbriller-med-justerbare-arme-gule-glas\\\/#breadcrumb\"},\"inLanguage\":\"nl-NL\",\"potentialAction\":[{\"@type\":\"ReadAction\",\"target\":[\"https:\\\/\\\/locsshop.eu\\\/shop\\\/sikkerhedsbriller-med-justerbare-arme-gule-glas\\\/\"]}]},{\"@type\":\"ImageObject\",\"inLanguage\":\"nl-NL\",\"@id\":\"https:\\\/\\\/locsshop.eu\\\/shop\\\/sikkerhedsbriller-med-justerbare-arme-gule-glas\\\/#primaryimage\",\"url\":\"https:\\\/\\\/locsshop.eu\\\/wp-content\\\/uploads\\\/2023\\\/05\\\/004928_6.jpg\",\"contentUrl\":\"https:\\\/\\\/locsshop.eu\\\/wp-content\\\/uploads\\\/2023\\\/05\\\/004928_6.jpg\",\"width\":800,\"height\":800},{\"@type\":\"BreadcrumbList\",\"@id\":\"https:\\\/\\\/locsshop.eu\\\/shop\\\/sikkerhedsbriller-med-justerbare-arme-gule-glas\\\/#breadcrumb\",\"itemListElement\":[{\"@type\":\"ListItem\",\"position\":1,\"name\":\"Hjem\",\"item\":\"https:\\\/\\\/locsshop.eu\\\/\"},{\"@type\":\"ListItem\",\"position\":2,\"name\":\"Shop\",\"item\":\"https:\\\/\\\/locsshop.eu\\\/shop\\\/\"},{\"@type\":\"ListItem\",\"position\":3,\"name\":\"Sikkerhedsbriller med justerbare arme | Gule glas\"}]},{\"@type\":\"WebSite\",\"@id\":\"https:\\\/\\\/locsshop.eu\\\/#website\",\"url\":\"https:\\\/\\\/locsshop.eu\\\/\",\"name\":\"Locs Sunglasses - LOCS Supplier in EU\",\"description\":\"We sell cheap LOCS Sunglasses\",\"publisher\":{\"@id\":\"https:\\\/\\\/locsshop.eu\\\/#organization\"},\"potentialAction\":[{\"@type\":\"SearchAction\",\"target\":{\"@type\":\"EntryPoint\",\"urlTemplate\":\"https:\\\/\\\/locsshop.eu\\\/?s={search_term_string}\"},\"query-input\":{\"@type\":\"PropertyValueSpecification\",\"valueRequired\":true,\"valueName\":\"search_term_string\"}}],\"inLanguage\":\"nl-NL\"},{\"@type\":\"Organization\",\"@id\":\"https:\\\/\\\/locsshop.eu\\\/#organization\",\"name\":\"Locsshop.eu\",\"url\":\"https:\\\/\\\/locsshop.eu\\\/\",\"logo\":{\"@type\":\"ImageObject\",\"inLanguage\":\"nl-NL\",\"@id\":\"https:\\\/\\\/locsshop.eu\\\/#\\\/schema\\\/logo\\\/image\\\/\",\"url\":\"https:\\\/\\\/locsshop.eu\\\/wp-content\\\/uploads\\\/2022\\\/02\\\/Locsshop-logo.png\",\"contentUrl\":\"https:\\\/\\\/locsshop.eu\\\/wp-content\\\/uploads\\\/2022\\\/02\\\/Locsshop-logo.png\",\"width\":930,\"height\":200,\"caption\":\"Locsshop.eu\"},\"image\":{\"@id\":\"https:\\\/\\\/locsshop.eu\\\/#\\\/schema\\\/logo\\\/image\\\/\"}}]}<\/script>\n<!-- \/ Yoast SEO plugin. -->","yoast_head_json":{"title":"Veiligheidsbril met verstelbare pootjes | Gele bril | Koop hier online | LOCS","description":"Bestel Veiligheidsbril met verstelbare pootjes | Gele bril hier | De grootste selectie LOCS-zonnebrillen in de EU | Wij verzenden vanuit de EU - Geen extra invoerkosten","robots":{"index":"index","follow":"follow","max-snippet":"max-snippet:-1","max-image-preview":"max-image-preview:large","max-video-preview":"max-video-preview:-1"},"canonical":"https:\/\/locsshop.eu\/nl\/shop\/sikkerhedsbriller-med-justerbare-arme-gule-glas\/","og_locale":"nl_NL","og_type":"article","og_title":"Sikkerhedsbriller med justerbare arme | Gule glas | K\u00f8b online her | LOCS","og_description":"K\u00f8b Sikkerhedsbriller med justerbare arme | Gule glas her | EU's st\u00f8rste udvalg af LOCS solbriller | Vi sender fra EU - Ingen ekstra import udgifter","og_url":"https:\/\/locsshop.eu\/nl\/shop\/sikkerhedsbriller-med-justerbare-arme-gule-glas\/","og_site_name":"Locs Sunglasses - LOCS Supplier in EU","article_modified_time":"2025-05-25T10:16:47+00:00","og_image":[{"width":800,"height":800,"url":"https:\/\/locsshop.eu\/wp-content\/uploads\/2023\/05\/004928_6.jpg","type":"image\/jpeg"}],"twitter_card":"summary_large_image","twitter_misc":{"Geschatte leestijd":"1 minuut"},"schema":{"@context":"https:\/\/schema.org","@graph":[{"@type":"WebPage","@id":"https:\/\/locsshop.eu\/shop\/sikkerhedsbriller-med-justerbare-arme-gule-glas\/","url":"https:\/\/locsshop.eu\/shop\/sikkerhedsbriller-med-justerbare-arme-gule-glas\/","name":"Veiligheidsbril met verstelbare pootjes | Gele bril | Koop hier online | LOCS","isPartOf":{"@id":"https:\/\/locsshop.eu\/#website"},"primaryImageOfPage":{"@id":"https:\/\/locsshop.eu\/shop\/sikkerhedsbriller-med-justerbare-arme-gule-glas\/#primaryimage"},"image":{"@id":"https:\/\/locsshop.eu\/shop\/sikkerhedsbriller-med-justerbare-arme-gule-glas\/#primaryimage"},"thumbnailUrl":"https:\/\/locsshop.eu\/wp-content\/uploads\/2023\/05\/004928_6.jpg","datePublished":"2023-05-06T14:43:33+00:00","dateModified":"2025-05-25T10:16:47+00:00","description":"Bestel Veiligheidsbril met verstelbare pootjes | Gele bril hier | De grootste selectie LOCS-zonnebrillen in de EU | Wij verzenden vanuit de EU - Geen extra invoerkosten","breadcrumb":{"@id":"https:\/\/locsshop.eu\/shop\/sikkerhedsbriller-med-justerbare-arme-gule-glas\/#breadcrumb"},"inLanguage":"nl-NL","potentialAction":[{"@type":"ReadAction","target":["https:\/\/locsshop.eu\/shop\/sikkerhedsbriller-med-justerbare-arme-gule-glas\/"]}]},{"@type":"ImageObject","inLanguage":"nl-NL","@id":"https:\/\/locsshop.eu\/shop\/sikkerhedsbriller-med-justerbare-arme-gule-glas\/#primaryimage","url":"https:\/\/locsshop.eu\/wp-content\/uploads\/2023\/05\/004928_6.jpg","contentUrl":"https:\/\/locsshop.eu\/wp-content\/uploads\/2023\/05\/004928_6.jpg","width":800,"height":800},{"@type":"BreadcrumbList","@id":"https:\/\/locsshop.eu\/shop\/sikkerhedsbriller-med-justerbare-arme-gule-glas\/#breadcrumb","itemListElement":[{"@type":"ListItem","position":1,"name":"Hjem","item":"https:\/\/locsshop.eu\/"},{"@type":"ListItem","position":2,"name":"Shop","item":"https:\/\/locsshop.eu\/shop\/"},{"@type":"ListItem","position":3,"name":"Sikkerhedsbriller med justerbare arme | Gule glas"}]},{"@type":"WebSite","@id":"https:\/\/locsshop.eu\/#website","url":"https:\/\/locsshop.eu\/","name":"Locs zonnebrillen - LOCS leverancier in de EU","description":"Wij verkopen goedkope LOCS zonnebrillen","publisher":{"@id":"https:\/\/locsshop.eu\/#organization"},"potentialAction":[{"@type":"SearchAction","target":{"@type":"EntryPoint","urlTemplate":"https:\/\/locsshop.eu\/?s={search_term_string}"},"query-input":{"@type":"PropertyValueSpecification","valueRequired":true,"valueName":"search_term_string"}}],"inLanguage":"nl-NL"},{"@type":"Organization","@id":"https:\/\/locsshop.eu\/#organization","name":"Locsshop.eu","url":"https:\/\/locsshop.eu\/","logo":{"@type":"ImageObject","inLanguage":"nl-NL","@id":"https:\/\/locsshop.eu\/#\/schema\/logo\/image\/","url":"https:\/\/locsshop.eu\/wp-content\/uploads\/2022\/02\/Locsshop-logo.png","contentUrl":"https:\/\/locsshop.eu\/wp-content\/uploads\/2022\/02\/Locsshop-logo.png","width":930,"height":200,"caption":"Locsshop.eu"},"image":{"@id":"https:\/\/locsshop.eu\/#\/schema\/logo\/image\/"}}]}},"_links":{"self":[{"href":"https:\/\/locsshop.eu\/nl\/wp-json\/wp\/v2\/product\/9994","targetHints":{"allow":["GET"]}}],"collection":[{"href":"https:\/\/locsshop.eu\/nl\/wp-json\/wp\/v2\/product"}],"about":[{"href":"https:\/\/locsshop.eu\/nl\/wp-json\/wp\/v2\/types\/product"}],"replies":[{"embeddable":true,"href":"https:\/\/locsshop.eu\/nl\/wp-json\/wp\/v2\/comments?post=9994"}],"wp:featuredmedia":[{"embeddable":true,"href":"https:\/\/locsshop.eu\/nl\/wp-json\/wp\/v2\/media\/9995"}],"wp:attachment":[{"href":"https:\/\/locsshop.eu\/nl\/wp-json\/wp\/v2\/media?parent=9994"}],"wp:term":[{"taxonomy":"product_brand","embeddable":true,"href":"https:\/\/locsshop.eu\/nl\/wp-json\/wp\/v2\/product_brand?post=9994"},{"taxonomy":"product_cat","embeddable":true,"href":"https:\/\/locsshop.eu\/nl\/wp-json\/wp\/v2\/product_cat?post=9994"},{"taxonomy":"product_tag","embeddable":true,"href":"https:\/\/locsshop.eu\/nl\/wp-json\/wp\/v2\/product_tag?post=9994"}],"curies":[{"name":"wp","href":"https:\/\/api.w.org\/{rel}","templated":true}]}}