{"id":2,"date":"2020-07-02T23:43:32","date_gmt":"2020-07-02T21:43:32","guid":{"rendered":"https:\/\/locsshop.eu\/?page_id=2"},"modified":"2024-09-26T19:50:24","modified_gmt":"2024-09-26T17:50:24","slug":"terms","status":"publish","type":"page","link":"https:\/\/locsshop.eu\/pl\/terms\/","title":{"rendered":"Zasady i warunki"},"content":{"rendered":"<section class=\"section\" id=\"section_959097601\">\n\t\t<div class=\"section-bg fill\" >\n\t\t\t\t\t\t\t\t\t\n\t\t\t\n\n\t\t<\/div>\n\n\t\t\n\n\t\t<div class=\"section-content relative\">\n\t\t\t\n\n<h1 class=\"uppercase\" style=\"text-align: center;\"><strong>Zasady i warunki<\/strong><\/h1>\n\n\t\t<\/div>\n\n\t\t\n<style>\n#section_959097601 {\n  padding-top: 30px;\n  padding-bottom: 30px;\n}\n<\/style>\n\t<\/section>\n\t\n<div class=\"column mcb-column mcb-item-e18585h4g one-third column_column\">\n<div class=\"column mcb-column mcb-item-e18585h4g one-third column_column\">\n<div class=\"column_attr clearfix\">\n<h4><b>Warunki handlowe<\/b><br \/><b>przy zakupie w Locsshop.eu<\/b><\/h4>\n<p>\u00a0<\/p>\n<p><i>Obowi\u0105zuje od 3 lutego 2022 r.<\/i><\/p>\n<p><strong style=\"font-size: 25.92px; color: #333333;\">ZAKUP<\/strong><\/p>\n<\/div>\n<\/div>\n<div class=\"column mcb-column mcb-item-273curbib one column_column\">\n<div class=\"column_attr clearfix\">\n<p>Akceptuj\u0105c nasze warunki, akceptujesz r\u00f3wnie\u017c nasze\u00a0<a href=\"http:\/\/locs.dk\/privat-politik\/\" target=\"_blank\" rel=\"noopener noreferrer\">Polityka prywatno\u015bci<\/a><\/p>\n<p>\u00a0<\/p>\n<h1><strong>Marka LOCS<br \/><\/strong><\/h1>\n<p>Nale\u017cy podkre\u015bli\u0107, \u017ce jeste\u015bmy tylko dystrybutorem Locs\u00ae, a nie producentem.<\/p>\n<\/div>\n<\/div>\n<div class=\"column mcb-column mcb-item-bwrdid7u6 one column_column\">\n<div class=\"column_attr clearfix\">\n<h1>\u00a0<\/h1>\n<h1><strong>ZAP\u0141ATA<\/strong><\/h1>\n<p>Wszystkie nasze ceny podane s\u0105 w EURO (EUR). Nale\u017cy jednak pami\u0119ta\u0107, \u017ce koszty transportu i wysy\u0142ki s\u0105 doliczane do ca\u0142kowitego zam\u00f3wienia dopiero na koniec realizacji transakcji.<\/p>\n<p>Oferujemy handel z\u00a0<b>Visa, Mastercard i American Express<\/b> za po\u015brednictwem zewn\u0119trznej bramki p\u0142atniczej.\u00a0<\/p>\n<p>Nigdy nie mo\u017cemy odliczy\u0107 kwoty wy\u017cszej ni\u017c kwota, kt\u00f3r\u0105 sam zam\u00f3wi\u0142e\u015b. P\u0142atno\u015b\u0107 jest bezpieczna i szyfrowana.<\/p>\n<\/div>\n<\/div>\n<div class=\"column mcb-column mcb-item-ncu7sfbwo one column_column\">\n<div class=\"column_attr clearfix\">\n<h1>\u00a0<\/h1>\n<h1><b>POWR\u00d3T W PRAWO<\/b><\/h1>\n<p>W Locsshop.eu masz 14 dni pe\u0142ne prawo do zwrotu wszystkich swoich zakup\u00f3w. Je\u015bli \u017ca\u0142ujesz zakupu, ka\u017cdy przedmiot mo\u017ce zosta\u0107 zwr\u00f3cony w ci\u0105gu 14 dni od daty otrzymania przedmiotu. Nast\u0119pnie masz 14 dni na zwrot przedmiotu. Je\u015bli \u017ca\u0142ujesz zakupu, musisz zwr\u00f3ci\u0107 przedmiot w takim samym stanie i ilo\u015bci, w jakim go otrzyma\u0142e\u015b, oraz za\u0142\u0105czy\u0107 kopi\u0119 faktury. Musisz r\u00f3wnie\u017c skontaktowa\u0107 si\u0119 z nami nie p\u00f3\u017aniej ni\u017c 14 dni po otrzymaniu przedmiotu, aby\u015bmy mieli \u015bwiadomo\u015b\u0107, \u017ce skorzystasz z prawa zwrotu. Zawsze musisz upewni\u0107 si\u0119, \u017ce otrzymasz od nas potwierdzenie i je zapiszesz. Je\u015bli przedmiot by\u0142 u\u017cywany lub oryginalne opakowanie nie jest nienaruszone, Locsshop.eu oceni spadek warto\u015bci, a nast\u0119pnie przeka\u017ce pozosta\u0142\u0105 kwot\u0119 na Twoje konto. Dozwolone jest tylko przymierzanie przedmiotu tak, jak przymierza\u0142by\u015b go w sklepie. Oznacza to, \u017ce je\u015bli przedmiot pachnie dymem, ma sier\u015b\u0107 zwierz\u0119c\u0105, plamy lub inne rzeczy, kt\u00f3re sprawiaj\u0105, \u017ce przedmiot nie jest uwa\u017cany za nowy, nie b\u0119dziesz m\u00f3g\u0142 otrzyma\u0107 zwrotu pieni\u0119dzy lub odzyska\u0107 tylko cz\u0119\u015b\u0107 kwoty jako przedmiot straci\u0142 na warto\u015bci. Tutaj otrzymasz ile dany przedmiot jest wart w stanie, w jakim go otrzymamy.<\/p>\n<p>Kwota zakupu jest przekazywana bezpo\u015brednio na kart\u0119, kt\u00f3r\u0105 zap\u0142aci\u0142e\u015b.<\/p>\n<p><b>Musisz sam op\u0142aci\u0107 przesy\u0142k\u0119 za zwracane towary<\/b>. Aby\u015b jako klient m\u00f3g\u0142 udokumentowa\u0107, \u017ce przedmiot zosta\u0142 zwr\u00f3cony na czas, musisz otrzyma\u0107 pokwitowanie wysy\u0142ki.\u00a0<b>Jednocze\u015bnie produkt jest twoj\u0105 odpowiedzialno\u015bci\u0105 podczas transportu<\/b> a ocena utraty warto\u015bci zostanie dokonana, je\u015bli przedmiot zostanie uszkodzony w momencie otrzymania przesy\u0142ki. Dlatego upewnij si\u0119, \u017ce przedmiot zosta\u0142 odpowiednio zapakowany. Zalecamy zakup etykiety paczki ze \u015bledzeniem i ubezpieczeniem. Nie zalecamy odsy\u0142ania towaru w formie listu, poniewa\u017c towar nie jest ubezpieczony na wypadek jego zagubienia lub uszkodzenia podczas transportu. Dlatego zawsze odsy\u0142aj towar jako paczk\u0119 i otrzymuj pokwitowanie dostawy. Wtedy masz dow\u00f3d wysy\u0142ki.<br \/><b>Je\u015bli kupi\u0142e\u015b kilka produkt\u00f3w w jednym zam\u00f3wieniu i \u017ca\u0142ujesz tylko cz\u0119\u015bci swojego zakupu, nie zwr\u00f3cimy koszt\u00f3w dostawy.<\/b>\u00a0W takim przypadku otrzymasz tylko kwot\u0119 za zwr\u00f3cony przedmiot, a nie przesy\u0142k\u0119.<br \/><b>Paczki wys\u0142ane za pobraniem nie b\u0119d\u0105 przyjmowane i zostan\u0105 zwr\u00f3cone do Ciebie jako nadawcy.<\/b><\/p>\n<p><span style=\"font-size: 120%;\">Je\u015bli chcesz zwr\u00f3ci\u0107 sw\u00f3j towar, skontaktuj si\u0119 z nami pod adresem info@locsshop.eu!<\/span><\/p>\n<h4>\u00a0<\/h4>\n<\/div>\n<\/div>\n<div class=\"column mcb-column mcb-item-otdffack5 one column_column\">\n<div class=\"column_attr clearfix\">\n<h1><b>WYMIENIA\u0106 SI\u0118<\/b><\/h1>\n<p>W przypadku wymiany obowi\u0105zuj\u0105 te same zasady, co w przypadku 14-dniowego prawa do zwrotu.<br \/>Je\u015bli chcesz wymieni\u0107 przedmiot, musisz zwr\u00f3ci\u0107 oryginalny przedmiot, a my zap\u0142acimy pe\u0142n\u0105 kwot\u0119, je\u015bli po przetworzeniu Twojego zwrotu.<br \/>Musisz kupi\u0107 \u017c\u0105dany przedmiot, tak jak kupi\u0142e\u015b pierwszy przedmiot.<\/p>\n<\/div>\n<div>\u00a0<\/div>\n<\/div>\n<div class=\"column mcb-column mcb-item-lsgzey4bn one column_column\">\n<div class=\"column_attr clearfix\">\n<h1>\u00a0<\/h1>\n<h1><b>TOWARY WADLIWE I NIEPRAWID\u0141OWE<\/b><\/h1>\n<p>Je\u015bli otrzymasz niew\u0142a\u015bciwy produkt, po prostu ode\u015blij go do nas, a my wy\u015blemy Ci nowy produkt bezp\u0142atnie, je\u015bli mamy go w magazynie. Je\u015bli przedmiot zostanie wyprzedany, zwr\u00f3cimy Ci pe\u0142n\u0105 kwot\u0119, chyba \u017ce chcesz inny przedmiot. W przypadku wadliwych towar\u00f3w przesy\u0142ka zwrotna r\u00f3wnie\u017c jest dla Pa\u0144stwa bezp\u0142atna. Skontaktuj si\u0119 z nami natychmiast, pisz\u0105c e-mail na adres info@Locsshop.eu, je\u015bli otrzyma\u0142e\u015b wadliwy lub niew\u0142a\u015bciwy produkt, wtedy mo\u017cemy wys\u0142a\u0107 Ci etykiet\u0119 zwrotn\u0105, kt\u00f3rej musisz u\u017cy\u0107, gdy musisz odes\u0142a\u0107 nam produkty. Pami\u0119taj, aby wys\u0142a\u0107 towar tak, jak go otrzyma\u0142e\u015b. W tym wszystko, co by\u0142o w paczce przy odbiorze.<\/p>\n<\/div>\n<\/div>\n<div class=\"column mcb-column mcb-item-fw9ydm291 one column_column\">\n<div class=\"column_attr clearfix\">\n<h1>\u00a0<\/h1>\n<h1><b>SKARGA<\/b><\/h1>\n<p>Mo\u017ce si\u0119 zdarzy\u0107, \u017ce wyst\u0119puje b\u0142\u0105d lub brak towaru. W takiej sytuacji wa\u017cne jest, aby\u015b si\u0119 z nami skontaktowa\u0142. Oczywi\u015bcie pomo\u017cemy w rozpatrzeniu reklamacji. Jako konsument masz 2 lata prawa do z\u0142o\u017cenia reklamacji. Wa\u017cne jest, aby skontaktowa\u0107 si\u0119 z nami w rozs\u0105dnym czasie po wykryciu b\u0142\u0119du\/niedoci\u0105gni\u0119cia. W zale\u017cno\u015bci od zakresu b\u0142\u0119du\/braku, przedmiot zostanie naprawiony, wymieniony lub zwr\u00f3cony.<\/p>\n<p>Warunkiem uznania przez nas reklamacji jest oczywi\u015bcie zasadno\u015b\u0107 reklamacji, a tak\u017ce to, \u017ce b\u0142\u0105d nie wyst\u0105pi\u0142 z powodu niew\u0142a\u015bciwego u\u017cytkowania produktu lub innych dzia\u0142a\u0144 powoduj\u0105cych szkody. Nale\u017cy pami\u0119ta\u0107, \u017ce brokat, per\u0142y, hafty czy inne ozdoby nale\u017cy traktowa\u0107 ostro\u017cnie. Mika i srebro\/z\u0142oto w ko\u0144cu strac\u0105 sw\u00f3j po\u0142ysk po praniu i noszeniu. Jest to r\u00f3wnie\u017c okre\u015blane jako zu\u017cycie, je\u015bli kolory tekstyli\u00f3w trac\u0105 troch\u0119 koloru po kilku praniach.<\/p>\n<p>Jaki jest rozs\u0105dny czas? Je\u015bli z\u0142o\u017cysz reklamacj\u0119 w ci\u0105gu 14 dni od wykrycia b\u0142\u0119du\/braku, reklamacj\u0119 uwa\u017ca si\u0119 za poprawn\u0105. Zatwierdzona reklamacja oznacza r\u00f3wnie\u017c, \u017ce zwracamy uzasadnione koszty wysy\u0142ki. Rozs\u0105dne koszty to nasza absolutnie najta\u0144sza etykieta wysy\u0142kowa.<\/p>\n<p>Zawsze skontaktuj si\u0119 z nami przed wys\u0142aniem przedmiotu. Mo\u017cliwe, \u017ce znajdziemy rozwi\u0105zanie na podstawie zdj\u0119cia, co oznacza, \u017ce nie musisz do nas wysy\u0142a\u0107 towaru.<\/p>\n<\/div>\n<\/div>\n<div class=\"column mcb-column mcb-item-849gopkgq one column_column\">\n<div class=\"column_attr clearfix\">\n<h1>\u00a0<\/h1>\n<h1><b>DOSTAWA<\/b><\/h1>\n<p><b>Gdy podajemy informacje o terminach dostaw, s\u0105 to przewidywane terminy dostaw<\/b>, o czym zostali\u015bmy poinformowani przez spedytor\u00f3w. Locsshop.eu nie ponosi odpowiedzialno\u015bci za przesy\u0142ki przekraczaj\u0105ce te przewidywane terminy. W godzinach szczytu nale\u017cy si\u0119 spodziewa\u0107, \u017ce mo\u017ce wyst\u0105pi\u0107 dodatkowy czas dostawy.<\/p>\n<p>Je\u017celi Spedytor nie spotka nikogo pod adresem odbiorcy, dostarcza przesy\u0142k\u0119 do miejsca odbioru lub do magazynu. Jako odbiorca zostaniesz o tym powiadomiony. Obowi\u0105zkiem odbiorcy jest w\u00f3wczas skontaktowanie si\u0119 ze spedytorem w sprawie ponownego dor\u0119czenia lub odbioru przesy\u0142ki. Po 7 dniach roboczych (w zale\u017cno\u015bci od spedytora) zwracaj\u0105 paczk\u0119 do nadawcy (Locsshop.eu). Dlatego zalecamy jak najszybsze odebranie paczki lub skontaktowanie si\u0119 ze spedytorem.<br \/>Przeczytaj dok\u0142adne warunki na stronie spedytora:<\/p>\n<\/div>\n<div>\u00a0<\/div>\n<\/div>\n<div class=\"column mcb-column mcb-item-w7ajprdoe one column_column\">\n<div class=\"column_attr clearfix\">\n<h1>\u00a0<\/h1>\n<h1><b>NIEODBIERANE PACZKI<\/b><\/h1>\n<p><b>Zasadniczo masz min. 7 dni na odbi\u00f3r paczki<\/b>. <br \/>Zale\u017cy to jednak od wybranego spedytora.<\/p>\n<p>Zawsze sprawdzaj termin u spedytora (GLS, DHL, PostNord, Bring, CoolEurope, Coolrunner, DAO)<\/p>\n<p>Je\u015bli nie odbierzesz paczki w wyznaczonym przez spedytora terminie, paczka zostanie do nas odes\u0142ana. W takim przypadku nie otrzymasz zwrotu koszt\u00f3w dostawy, poniewa\u017c zap\u0142acili\u015bmy ju\u017c spedytorowi za dostarczenie Twojej paczki. Dlatego zawsze zalecamy odbi\u00f3r paczki tak szybko, jak to mo\u017cliwe. Ponadto Twoim obowi\u0105zkiem jako klienta jest sprawdzenie terminu odbioru u wybranego spedytora i dotrzymanie go.<\/p>\n<p><strong>Poniewa\u017c za zwrot nieodebranych przesy\u0142ek wystawiamy faktur\u0119, kwota ta r\u00f3wnie\u017c jest odliczana od Pa\u0144stwa nale\u017cno\u015bci, dlatego zdecydowanie zalecamy odbi\u00f3r przesy\u0142ek przed up\u0142ywem terminu i przed zwrotem przesy\u0142ki do nas.<br \/>W przypadku bezp\u0142atnej wysy\u0142ki odliczamy r\u00f3wnie\u017c podw\u00f3jne koszty wysy\u0142ki, poniewa\u017c p\u0142acimy r\u00f3wnie\u017c dwukrotno\u015b\u0107 koszt\u00f3w wysy\u0142ki, nawet je\u015bli zapewnili\u015bmy Ci bezp\u0142atn\u0105 wysy\u0142k\u0119 przy zakupach powy\u017cej okre\u015blonej kwoty.<br \/>Odliczamy nasz koszt w\u0142asny, wi\u0119c je\u015bli Twoja paczka by\u0142a ci\u0119\u017csza od ma\u0142ych paczek i przez to dro\u017csza, odliczymy nasz pe\u0142ny koszt w przypadku, gdy nie odbierzesz paczki przed terminem wyznaczonym przez spedytora.<\/strong><\/p>\n<p>Je\u015bli chcesz, aby\u015bmy ponownie wys\u0142ali Twoj\u0105 paczk\u0119, musisz kupi\u0107 now\u0105 etykiet\u0119 paczki. Skontaktuj si\u0119 z nami, je\u015bli chcesz.<\/p>\n<p>Je\u015bli chcesz anulowa\u0107 zam\u00f3wienie, przeka\u017cemy kwot\u0119 zakupu za towar po otrzymaniu towaru, ale nie za fracht, je\u015bli paczka zosta\u0142a ju\u017c wys\u0142ana.<br \/>Dodatkowo koszty zwrotu przesy\u0142ki r\u00f3wnie\u017c zostan\u0105 odliczone od Twojej nale\u017cno\u015bci.<br \/>Zwr\u00f3cimy Twoj\u0105 nale\u017cno\u015b\u0107 na kart\u0119 p\u0142atnicz\u0105, kt\u00f3ra zosta\u0142a u\u017cyta do zakupu.<\/p>\n<h5>Nale\u017cy pami\u0119ta\u0107, \u017ce nieodebrane pakiety nie s\u0105 obj\u0119te prawem do anulowania!<\/h5>\n<p>\u00a0<\/p>\n<\/div>\n<\/div>\n<div class=\"column mcb-column mcb-item-mllabdt30 one column_column\">\n<div class=\"column_attr clearfix\">\n<h1>\u00a0<\/h1>\n<h1><b>SK\u0141ADANIE ZAM\u00d3WIE\u0143<\/b><\/h1>\n<p>Kiedy sk\u0142adasz zam\u00f3wienie na Locsshop.eu, nie jest to prawnie wi\u0105\u017c\u0105ca umowa. Locsshop.eu mo\u017ce anulowa\u0107 zam\u00f3wienie w dowolnym momencie w przypadku b\u0142\u0119d\u00f3w w druku, problem\u00f3w technicznych, niepowodzenia dostawy, b\u0142\u0119d\u00f3w stanu magazynowego i podobnych sytuacji. Umowa mi\u0119dzy Tob\u0105 jako klientem a nami jako sprzedawc\u0105 jest wi\u0105\u017c\u0105ca tylko wtedy, gdy powiadomimy Ci\u0119, \u017ce Twoje zam\u00f3wienie zosta\u0142o wys\u0142ane.<\/p>\n<p>\u00a0<\/p>\n<\/div>\n<\/div>\n<div class=\"column mcb-column mcb-item-55f1fs4ay one column_column\">\n<div class=\"column_attr clearfix\">\n<h1>\u00a0<\/h1>\n<h1><b>O\u015aWIADCZENIE I O\u015aWIADCZENIE<\/b><\/h1>\n<p>Locsshop.eu zastrzega sobie prawo do wszelkich zmian op\u0142at, b\u0142\u0119d\u00f3w cenowych i korekty, b\u0142\u0119d\u00f3w technicznych, brak\u00f3w w magazynie i si\u0142y wy\u017cszej, w tym spor\u00f3w pracowniczych oraz brak\u00f3w lub op\u00f3\u017anie\u0144 w dostawach od poddostawc\u00f3w.<br \/>Dodatkowo zastrzegamy sobie odchy\u0142ki kolorystyczne itp. od przedstawionych zdj\u0119\u0107 produkt\u00f3w. Jasno\u015b\u0107, ustawienie kolor\u00f3w i wyb\u00f3r ekranu mog\u0105 r\u00f3wnie\u017c przyczyni\u0107 si\u0119 do nieprawid\u0142owego wy\u015bwietlania obrazu.<br \/>Wszystkie prawa w\u0142asno\u015bci intelektualnej, w tym tekst, grafika i logo nale\u017c\u0105 do Locsshop.eu<br \/>Kopiowanie, pobieranie, rozpowszechnianie, publikowanie lub w jakikolwiek inny spos\u00f3b powielanie materia\u0142\u00f3w bez uprzedniej zgody jest zabronione.<br \/>Naruszenie tego mo\u017ce prowadzi\u0107 do podj\u0119cia krok\u00f3w prawnych.<\/p>\n<\/div>\n<div>\u00a0<\/div>\n<\/div>\n<div class=\"column mcb-column mcb-item-aogzkabz5 one column_column\">\n<div class=\"column_attr clearfix\">\n<h1>\u00a0<\/h1>\n<h1><b>ROZPATRYWANIE REKLAMACJI<\/b><\/h1>\n<p>Je\u015bli chcesz zareklamowa\u0107 sw\u00f3j zakup, musisz napisa\u0107 do nas na adres info@Locsshop.eu. Je\u015bli nie mo\u017cemy wsp\u00f3lnie znale\u017a\u0107 rozwi\u0105zania, mo\u017cesz z\u0142o\u017cy\u0107 skarg\u0119 na internetowym portalu skarg Komisji Europejskiej: http:\/\/ec.europa.eu<\/p>\n<\/div>\n<\/div>\n<\/div>","protected":false},"excerpt":{"rendered":"","protected":false},"author":1,"featured_media":0,"parent":0,"menu_order":0,"comment_status":"closed","ping_status":"closed","template":"","meta":{"om_disable_all_campaigns":false,"_monsterinsights_skip_tracking":false,"_monsterinsights_sitenote_active":false,"_monsterinsights_sitenote_note":"","_monsterinsights_sitenote_category":0,"footnotes":""},"class_list":["post-2","page","type-page","status-publish","hentry"],"yoast_head":"<!-- This site is optimized with the Yoast SEO plugin v27.5 - https:\/\/yoast.com\/product\/yoast-seo-wordpress\/ -->\n<title>Locsshop.eu | L\u00e6s vores vilk\u00e5r og betingelser her<\/title>\n<meta name=\"description\" content=\"Vi l\u00e6gger v\u00e6gt p\u00e5 en god kundeoplevelse, og vi har alle vilk\u00e5rene anf\u00f8rt lige her. Hvis vi kan hj\u00e6lpe dig p\u00e5 nogen m\u00e5de, bedes du kontakte os.\" \/>\n<meta name=\"robots\" content=\"index, follow, max-snippet:-1, max-image-preview:large, max-video-preview:-1\" \/>\n<link rel=\"canonical\" href=\"https:\/\/locsshop.eu\/pl\/terms\/\" \/>\n<meta property=\"og:locale\" content=\"pl_PL\" \/>\n<meta property=\"og:type\" content=\"article\" \/>\n<meta property=\"og:title\" content=\"Locsshop.eu | L\u00e6s vores vilk\u00e5r og betingelser her\" \/>\n<meta property=\"og:description\" content=\"Vi l\u00e6gger v\u00e6gt p\u00e5 en god kundeoplevelse, og vi har alle vilk\u00e5rene anf\u00f8rt lige her. Hvis vi kan hj\u00e6lpe dig p\u00e5 nogen m\u00e5de, bedes du kontakte os.\" \/>\n<meta property=\"og:url\" content=\"https:\/\/locsshop.eu\/pl\/terms\/\" \/>\n<meta property=\"og:site_name\" content=\"Locs Sunglasses - LOCS Supplier in EU\" \/>\n<meta property=\"article:modified_time\" content=\"2024-09-26T17:50:24+00:00\" \/>\n<meta property=\"og:image\" content=\"https:\/\/locsshop.eu\/wp-content\/uploads\/2022\/01\/Locs.png\" \/>\n\t<meta property=\"og:image:width\" content=\"600\" \/>\n\t<meta property=\"og:image:height\" content=\"200\" \/>\n\t<meta property=\"og:image:type\" content=\"image\/png\" \/>\n<meta name=\"twitter:card\" content=\"summary_large_image\" \/>\n<meta name=\"twitter:label1\" content=\"Est. reading time\" \/>\n\t<meta name=\"twitter:data1\" content=\"8 minutes\" \/>\n<script type=\"application\/ld+json\" class=\"yoast-schema-graph\">{\"@context\":\"https:\\\/\\\/schema.org\",\"@graph\":[{\"@type\":\"WebPage\",\"@id\":\"https:\\\/\\\/locsshop.eu\\\/terms\\\/\",\"url\":\"https:\\\/\\\/locsshop.eu\\\/terms\\\/\",\"name\":\"Locsshop.eu | L\u00e6s vores vilk\u00e5r og betingelser her\",\"isPartOf\":{\"@id\":\"https:\\\/\\\/locsshop.eu\\\/#website\"},\"datePublished\":\"2020-07-02T21:43:32+00:00\",\"dateModified\":\"2024-09-26T17:50:24+00:00\",\"description\":\"Vi l\u00e6gger v\u00e6gt p\u00e5 en god kundeoplevelse, og vi har alle vilk\u00e5rene anf\u00f8rt lige her. Hvis vi kan hj\u00e6lpe dig p\u00e5 nogen m\u00e5de, bedes du kontakte os.\",\"breadcrumb\":{\"@id\":\"https:\\\/\\\/locsshop.eu\\\/terms\\\/#breadcrumb\"},\"inLanguage\":\"pl-PL\",\"potentialAction\":[{\"@type\":\"ReadAction\",\"target\":[\"https:\\\/\\\/locsshop.eu\\\/terms\\\/\"]}]},{\"@type\":\"BreadcrumbList\",\"@id\":\"https:\\\/\\\/locsshop.eu\\\/terms\\\/#breadcrumb\",\"itemListElement\":[{\"@type\":\"ListItem\",\"position\":1,\"name\":\"Hjem\",\"item\":\"https:\\\/\\\/locsshop.eu\\\/\"},{\"@type\":\"ListItem\",\"position\":2,\"name\":\"Vilk\u00e5r og betingelser\"}]},{\"@type\":\"WebSite\",\"@id\":\"https:\\\/\\\/locsshop.eu\\\/#website\",\"url\":\"https:\\\/\\\/locsshop.eu\\\/\",\"name\":\"Locs Sunglasses - LOCS Supplier in EU\",\"description\":\"We sell cheap LOCS Sunglasses\",\"publisher\":{\"@id\":\"https:\\\/\\\/locsshop.eu\\\/#organization\"},\"potentialAction\":[{\"@type\":\"SearchAction\",\"target\":{\"@type\":\"EntryPoint\",\"urlTemplate\":\"https:\\\/\\\/locsshop.eu\\\/?s={search_term_string}\"},\"query-input\":{\"@type\":\"PropertyValueSpecification\",\"valueRequired\":true,\"valueName\":\"search_term_string\"}}],\"inLanguage\":\"pl-PL\"},{\"@type\":\"Organization\",\"@id\":\"https:\\\/\\\/locsshop.eu\\\/#organization\",\"name\":\"Locsshop.eu\",\"url\":\"https:\\\/\\\/locsshop.eu\\\/\",\"logo\":{\"@type\":\"ImageObject\",\"inLanguage\":\"pl-PL\",\"@id\":\"https:\\\/\\\/locsshop.eu\\\/#\\\/schema\\\/logo\\\/image\\\/\",\"url\":\"https:\\\/\\\/locsshop.eu\\\/wp-content\\\/uploads\\\/2022\\\/02\\\/Locsshop-logo.png\",\"contentUrl\":\"https:\\\/\\\/locsshop.eu\\\/wp-content\\\/uploads\\\/2022\\\/02\\\/Locsshop-logo.png\",\"width\":930,\"height\":200,\"caption\":\"Locsshop.eu\"},\"image\":{\"@id\":\"https:\\\/\\\/locsshop.eu\\\/#\\\/schema\\\/logo\\\/image\\\/\"}}]}<\/script>\n<!-- \/ Yoast SEO plugin. -->","yoast_head_json":{"title":"Locsshop.pl | Przeczytaj nasze warunki tutaj","description":"K\u0142adziemy nacisk na dobre wra\u017cenia klient\u00f3w i tutaj wymienili\u015bmy wszystkie terminy. Je\u015bli mo\u017cemy Ci w jakikolwiek spos\u00f3b pom\u00f3c, skontaktuj si\u0119 z nami.","robots":{"index":"index","follow":"follow","max-snippet":"max-snippet:-1","max-image-preview":"max-image-preview:large","max-video-preview":"max-video-preview:-1"},"canonical":"https:\/\/locsshop.eu\/pl\/terms\/","og_locale":"pl_PL","og_type":"article","og_title":"Locsshop.eu | L\u00e6s vores vilk\u00e5r og betingelser her","og_description":"Vi l\u00e6gger v\u00e6gt p\u00e5 en god kundeoplevelse, og vi har alle vilk\u00e5rene anf\u00f8rt lige her. Hvis vi kan hj\u00e6lpe dig p\u00e5 nogen m\u00e5de, bedes du kontakte os.","og_url":"https:\/\/locsshop.eu\/pl\/terms\/","og_site_name":"Locs Sunglasses - LOCS Supplier in EU","article_modified_time":"2024-09-26T17:50:24+00:00","og_image":[{"width":600,"height":200,"url":"https:\/\/locsshop.eu\/wp-content\/uploads\/2022\/01\/Locs.png","type":"image\/png"}],"twitter_card":"summary_large_image","twitter_misc":{"Est. reading time":"8 minutes"},"schema":{"@context":"https:\/\/schema.org","@graph":[{"@type":"WebPage","@id":"https:\/\/locsshop.eu\/terms\/","url":"https:\/\/locsshop.eu\/terms\/","name":"Locsshop.pl | Przeczytaj nasze warunki tutaj","isPartOf":{"@id":"https:\/\/locsshop.eu\/#website"},"datePublished":"2020-07-02T21:43:32+00:00","dateModified":"2024-09-26T17:50:24+00:00","description":"K\u0142adziemy nacisk na dobre wra\u017cenia klient\u00f3w i tutaj wymienili\u015bmy wszystkie terminy. Je\u015bli mo\u017cemy Ci w jakikolwiek spos\u00f3b pom\u00f3c, skontaktuj si\u0119 z nami.","breadcrumb":{"@id":"https:\/\/locsshop.eu\/terms\/#breadcrumb"},"inLanguage":"pl-PL","potentialAction":[{"@type":"ReadAction","target":["https:\/\/locsshop.eu\/terms\/"]}]},{"@type":"BreadcrumbList","@id":"https:\/\/locsshop.eu\/terms\/#breadcrumb","itemListElement":[{"@type":"ListItem","position":1,"name":"Hjem","item":"https:\/\/locsshop.eu\/"},{"@type":"ListItem","position":2,"name":"Vilk\u00e5r og betingelser"}]},{"@type":"WebSite","@id":"https:\/\/locsshop.eu\/#website","url":"https:\/\/locsshop.eu\/","name":"Okulary przeciws\u0142oneczne Locs - Dostawca LOCS w UE","description":"Sprzedajemy tanie okulary przeciws\u0142oneczne LOCS","publisher":{"@id":"https:\/\/locsshop.eu\/#organization"},"potentialAction":[{"@type":"SearchAction","target":{"@type":"EntryPoint","urlTemplate":"https:\/\/locsshop.eu\/?s={search_term_string}"},"query-input":{"@type":"PropertyValueSpecification","valueRequired":true,"valueName":"search_term_string"}}],"inLanguage":"pl-PL"},{"@type":"Organization","@id":"https:\/\/locsshop.eu\/#organization","name":"Locsshop.eu","url":"https:\/\/locsshop.eu\/","logo":{"@type":"ImageObject","inLanguage":"pl-PL","@id":"https:\/\/locsshop.eu\/#\/schema\/logo\/image\/","url":"https:\/\/locsshop.eu\/wp-content\/uploads\/2022\/02\/Locsshop-logo.png","contentUrl":"https:\/\/locsshop.eu\/wp-content\/uploads\/2022\/02\/Locsshop-logo.png","width":930,"height":200,"caption":"Locsshop.eu"},"image":{"@id":"https:\/\/locsshop.eu\/#\/schema\/logo\/image\/"}}]}},"_links":{"self":[{"href":"https:\/\/locsshop.eu\/pl\/wp-json\/wp\/v2\/pages\/2","targetHints":{"allow":["GET"]}}],"collection":[{"href":"https:\/\/locsshop.eu\/pl\/wp-json\/wp\/v2\/pages"}],"about":[{"href":"https:\/\/locsshop.eu\/pl\/wp-json\/wp\/v2\/types\/page"}],"author":[{"embeddable":true,"href":"https:\/\/locsshop.eu\/pl\/wp-json\/wp\/v2\/users\/1"}],"replies":[{"embeddable":true,"href":"https:\/\/locsshop.eu\/pl\/wp-json\/wp\/v2\/comments?post=2"}],"version-history":[{"count":48,"href":"https:\/\/locsshop.eu\/pl\/wp-json\/wp\/v2\/pages\/2\/revisions"}],"predecessor-version":[{"id":13528,"href":"https:\/\/locsshop.eu\/pl\/wp-json\/wp\/v2\/pages\/2\/revisions\/13528"}],"wp:attachment":[{"href":"https:\/\/locsshop.eu\/pl\/wp-json\/wp\/v2\/media?parent=2"}],"curies":[{"name":"wp","href":"https:\/\/api.w.org\/{rel}","templated":true}]}}