{"id":10455,"date":"2023-05-27T10:34:23","date_gmt":"2023-05-27T08:34:23","guid":{"rendered":"https:\/\/locsshop.eu\/shop\/store-sorte-brede-damesolbriller-med-flet-design-soelv-spejlglas\/"},"modified":"2024-10-16T12:01:53","modified_gmt":"2024-10-16T10:01:53","slug":"store-sorte-brede-damesolbriller-med-flet-design-soelv-spejlglas","status":"publish","type":"product","link":"https:\/\/locsshop.eu\/pl\/shop\/store-sorte-brede-damesolbriller-med-flet-design-soelv-spejlglas\/","title":{"rendered":"Du\u017ce czarne szerokie damskie okulary przeciws\u0142oneczne z plecionym wzorem - szk\u0142o Silver Mirror"},"content":{"rendered":"<h2>Du\u017ce czarne szerokie damskie okulary przeciws\u0142oneczne z plecionym wzorem - szk\u0142o Silver Mirror<\/h2>\n<p>Super fajne i fajne damskie okulary przeciws\u0142oneczne<br \/>\nMaj\u0105 one b\u0142yszcz\u0105c\u0105 czarn\u0105 ram\u0119, fioletowe matowe szk\u0142o i efekt srebrnego lustra<\/p>\n<p>Absolutnie idealne na co dzie\u0144, na zakupy, do kawiarni, na pla\u017c\u0119 i na wakacje.<\/p>\n<p>Szeroko\u015b\u0107 wewn\u0119trzna: 13 cm.<br \/>\nWysoko\u015b\u0107: 5,5 cm.<br \/>\nD\u0142ugo\u015b\u0107 pr\u0119ta wewn\u0119trznego: 11,5 cm. (D\u0142ugo\u015b\u0107 boku oko\u0142o 12,5 cm.)<\/p>\n<p>Materia\u0142: tworzywo sztuczne i metal;<br \/>\nOchrona przed promieniowaniem UV<br \/>\nCertyfikat CE<\/p>","protected":false},"excerpt":{"rendered":"<p><strong>Czarne, du\u017ce i szerokie okulary przeciws\u0142oneczne damskie z wzorem warkocza<\/p>\n<p><\/strong>Maj\u0105 te\u017c przyjemne fioletowe p\u0142askie szk\u0142o i srebrne lustro na zewn\u0105trz<\/p>\n<p>Idealna na co dzie\u0144 i od \u015bwi\u0119ta<\/p>\n<p>Ochrona UV400.<br \/>\nCertyfikat CE.<\/p>","protected":false},"featured_media":10456,"comment_status":"open","ping_status":"closed","template":"","meta":{"om_disable_all_campaigns":false,"_monsterinsights_skip_tracking":false,"_monsterinsights_sitenote_active":false,"_monsterinsights_sitenote_note":"","_monsterinsights_sitenote_category":0},"product_brand":[],"product_cat":[1026,1027,1025,1048],"product_tag":[1340,1347,870],"class_list":{"0":"post-10455","1":"product","2":"type-product","3":"status-publish","4":"has-post-thumbnail","6":"product_cat-dame-solbriller","7":"product_cat-andre-dame-solbriller","8":"product_cat-billige-solbriller","9":"product_cat-shield-dame-solbriller","10":"product_tag-damesolbriller","11":"product_tag-p654","12":"product_tag-p693","14":"first","15":"instock","16":"shipping-taxable","17":"purchasable","18":"product-type-simple"},"yoast_head":"<!-- This site is optimized with the Yoast SEO plugin v27.2 - https:\/\/yoast.com\/product\/yoast-seo-wordpress\/ -->\n<title>Store sorte brede damesolbriller med flet design - S\u00f8lv Spejlglas | K\u00f8b online her | LOCS<\/title>\n<meta name=\"description\" content=\"K\u00f8b Store sorte brede damesolbriller med flet design - S\u00f8lv Spejlglas her | EU&#039;s st\u00f8rste udvalg af LOCS solbriller | Vi sender fra EU - Ingen ekstra import udgifter\" \/>\n<meta name=\"robots\" content=\"index, follow, max-snippet:-1, max-image-preview:large, max-video-preview:-1\" \/>\n<link rel=\"canonical\" href=\"https:\/\/locsshop.eu\/pl\/shop\/store-sorte-brede-damesolbriller-med-flet-design-soelv-spejlglas\/\" \/>\n<meta property=\"og:locale\" content=\"pl_PL\" \/>\n<meta property=\"og:type\" content=\"article\" \/>\n<meta property=\"og:title\" content=\"Store sorte brede damesolbriller med flet design - S\u00f8lv Spejlglas | K\u00f8b online her | LOCS\" \/>\n<meta property=\"og:description\" content=\"K\u00f8b Store sorte brede damesolbriller med flet design - S\u00f8lv Spejlglas her | EU&#039;s st\u00f8rste udvalg af LOCS solbriller | Vi sender fra EU - Ingen ekstra import udgifter\" \/>\n<meta property=\"og:url\" content=\"https:\/\/locsshop.eu\/pl\/shop\/store-sorte-brede-damesolbriller-med-flet-design-soelv-spejlglas\/\" \/>\n<meta property=\"og:site_name\" content=\"Locs Sunglasses - LOCS Supplier in EU\" \/>\n<meta property=\"article:modified_time\" content=\"2024-10-16T10:01:53+00:00\" \/>\n<meta property=\"og:image\" content=\"https:\/\/locsshop.eu\/wp-content\/uploads\/2023\/05\/P65BKMR.jpg\" \/>\n\t<meta property=\"og:image:width\" content=\"800\" \/>\n\t<meta property=\"og:image:height\" content=\"800\" \/>\n\t<meta property=\"og:image:type\" content=\"image\/jpeg\" \/>\n<meta name=\"twitter:card\" content=\"summary_large_image\" \/>\n<script type=\"application\/ld+json\" class=\"yoast-schema-graph\">{\"@context\":\"https:\/\/schema.org\",\"@graph\":[{\"@type\":\"WebPage\",\"@id\":\"https:\/\/locsshop.eu\/shop\/store-sorte-brede-damesolbriller-med-flet-design-soelv-spejlglas\/\",\"url\":\"https:\/\/locsshop.eu\/shop\/store-sorte-brede-damesolbriller-med-flet-design-soelv-spejlglas\/\",\"name\":\"Store sorte brede damesolbriller med flet design - S\u00f8lv Spejlglas | K\u00f8b online her | LOCS\",\"isPartOf\":{\"@id\":\"https:\/\/locsshop.eu\/#website\"},\"primaryImageOfPage\":{\"@id\":\"https:\/\/locsshop.eu\/shop\/store-sorte-brede-damesolbriller-med-flet-design-soelv-spejlglas\/#primaryimage\"},\"image\":{\"@id\":\"https:\/\/locsshop.eu\/shop\/store-sorte-brede-damesolbriller-med-flet-design-soelv-spejlglas\/#primaryimage\"},\"thumbnailUrl\":\"https:\/\/locsshop.eu\/wp-content\/uploads\/2023\/05\/P65BKMR.jpg\",\"datePublished\":\"2023-05-27T08:34:23+00:00\",\"dateModified\":\"2024-10-16T10:01:53+00:00\",\"description\":\"K\u00f8b Store sorte brede damesolbriller med flet design - S\u00f8lv Spejlglas her | EU's st\u00f8rste udvalg af LOCS solbriller | Vi sender fra EU - Ingen ekstra import udgifter\",\"breadcrumb\":{\"@id\":\"https:\/\/locsshop.eu\/shop\/store-sorte-brede-damesolbriller-med-flet-design-soelv-spejlglas\/#breadcrumb\"},\"inLanguage\":\"pl-PL\",\"potentialAction\":[{\"@type\":\"ReadAction\",\"target\":[\"https:\/\/locsshop.eu\/shop\/store-sorte-brede-damesolbriller-med-flet-design-soelv-spejlglas\/\"]}]},{\"@type\":\"ImageObject\",\"inLanguage\":\"pl-PL\",\"@id\":\"https:\/\/locsshop.eu\/shop\/store-sorte-brede-damesolbriller-med-flet-design-soelv-spejlglas\/#primaryimage\",\"url\":\"https:\/\/locsshop.eu\/wp-content\/uploads\/2023\/05\/P65BKMR.jpg\",\"contentUrl\":\"https:\/\/locsshop.eu\/wp-content\/uploads\/2023\/05\/P65BKMR.jpg\",\"width\":800,\"height\":800},{\"@type\":\"BreadcrumbList\",\"@id\":\"https:\/\/locsshop.eu\/shop\/store-sorte-brede-damesolbriller-med-flet-design-soelv-spejlglas\/#breadcrumb\",\"itemListElement\":[{\"@type\":\"ListItem\",\"position\":1,\"name\":\"Hjem\",\"item\":\"https:\/\/locsshop.eu\/\"},{\"@type\":\"ListItem\",\"position\":2,\"name\":\"Shop\",\"item\":\"https:\/\/locsshop.eu\/shop\/\"},{\"@type\":\"ListItem\",\"position\":3,\"name\":\"Store sorte brede damesolbriller med flet design &#8211; S\u00f8lv Spejlglas\"}]},{\"@type\":\"WebSite\",\"@id\":\"https:\/\/locsshop.eu\/#website\",\"url\":\"https:\/\/locsshop.eu\/\",\"name\":\"Locs Sunglasses - LOCS Supplier in EU\",\"description\":\"We sell cheap LOCS Sunglasses\",\"publisher\":{\"@id\":\"https:\/\/locsshop.eu\/#organization\"},\"potentialAction\":[{\"@type\":\"SearchAction\",\"target\":{\"@type\":\"EntryPoint\",\"urlTemplate\":\"https:\/\/locsshop.eu\/?s={search_term_string}\"},\"query-input\":{\"@type\":\"PropertyValueSpecification\",\"valueRequired\":true,\"valueName\":\"search_term_string\"}}],\"inLanguage\":\"pl-PL\"},{\"@type\":\"Organization\",\"@id\":\"https:\/\/locsshop.eu\/#organization\",\"name\":\"Locsshop.eu\",\"url\":\"https:\/\/locsshop.eu\/\",\"logo\":{\"@type\":\"ImageObject\",\"inLanguage\":\"pl-PL\",\"@id\":\"https:\/\/locsshop.eu\/#\/schema\/logo\/image\/\",\"url\":\"https:\/\/locsshop.eu\/wp-content\/uploads\/2022\/02\/Locsshop-logo.png\",\"contentUrl\":\"https:\/\/locsshop.eu\/wp-content\/uploads\/2022\/02\/Locsshop-logo.png\",\"width\":930,\"height\":200,\"caption\":\"Locsshop.eu\"},\"image\":{\"@id\":\"https:\/\/locsshop.eu\/#\/schema\/logo\/image\/\"}}]}<\/script>\n<!-- \/ Yoast SEO plugin. -->","yoast_head_json":{"title":"Du\u017ce czarne szerokie damskie okulary przeciws\u0142oneczne z wzorem plecionki - srebrne szk\u0142o lustrzane | Kup online tutaj | MIEJSCE","description":"Kup du\u017ce czarne szerokie damskie okulary przeciws\u0142oneczne z plecionym wzorem - Silver Mirror tutaj | Najwi\u0119kszy wyb\u00f3r okular\u00f3w przeciws\u0142onecznych LOCS w UE | Wysy\u0142amy z UE - Bez dodatkowych koszt\u00f3w importu","robots":{"index":"index","follow":"follow","max-snippet":"max-snippet:-1","max-image-preview":"max-image-preview:large","max-video-preview":"max-video-preview:-1"},"canonical":"https:\/\/locsshop.eu\/pl\/shop\/store-sorte-brede-damesolbriller-med-flet-design-soelv-spejlglas\/","og_locale":"pl_PL","og_type":"article","og_title":"Store sorte brede damesolbriller med flet design - S\u00f8lv Spejlglas | K\u00f8b online her | LOCS","og_description":"K\u00f8b Store sorte brede damesolbriller med flet design - S\u00f8lv Spejlglas her | EU's st\u00f8rste udvalg af LOCS solbriller | Vi sender fra EU - Ingen ekstra import udgifter","og_url":"https:\/\/locsshop.eu\/pl\/shop\/store-sorte-brede-damesolbriller-med-flet-design-soelv-spejlglas\/","og_site_name":"Locs Sunglasses - LOCS Supplier in EU","article_modified_time":"2024-10-16T10:01:53+00:00","og_image":[{"width":800,"height":800,"url":"https:\/\/locsshop.eu\/wp-content\/uploads\/2023\/05\/P65BKMR.jpg","type":"image\/jpeg"}],"twitter_card":"summary_large_image","schema":{"@context":"https:\/\/schema.org","@graph":[{"@type":"WebPage","@id":"https:\/\/locsshop.eu\/shop\/store-sorte-brede-damesolbriller-med-flet-design-soelv-spejlglas\/","url":"https:\/\/locsshop.eu\/shop\/store-sorte-brede-damesolbriller-med-flet-design-soelv-spejlglas\/","name":"Du\u017ce czarne szerokie damskie okulary przeciws\u0142oneczne z wzorem plecionki - srebrne szk\u0142o lustrzane | Kup online tutaj | MIEJSCE","isPartOf":{"@id":"https:\/\/locsshop.eu\/#website"},"primaryImageOfPage":{"@id":"https:\/\/locsshop.eu\/shop\/store-sorte-brede-damesolbriller-med-flet-design-soelv-spejlglas\/#primaryimage"},"image":{"@id":"https:\/\/locsshop.eu\/shop\/store-sorte-brede-damesolbriller-med-flet-design-soelv-spejlglas\/#primaryimage"},"thumbnailUrl":"https:\/\/locsshop.eu\/wp-content\/uploads\/2023\/05\/P65BKMR.jpg","datePublished":"2023-05-27T08:34:23+00:00","dateModified":"2024-10-16T10:01:53+00:00","description":"Kup du\u017ce czarne szerokie damskie okulary przeciws\u0142oneczne z plecionym wzorem - Silver Mirror tutaj | Najwi\u0119kszy wyb\u00f3r okular\u00f3w przeciws\u0142onecznych LOCS w UE | Wysy\u0142amy z UE - Bez dodatkowych koszt\u00f3w importu","breadcrumb":{"@id":"https:\/\/locsshop.eu\/shop\/store-sorte-brede-damesolbriller-med-flet-design-soelv-spejlglas\/#breadcrumb"},"inLanguage":"pl-PL","potentialAction":[{"@type":"ReadAction","target":["https:\/\/locsshop.eu\/shop\/store-sorte-brede-damesolbriller-med-flet-design-soelv-spejlglas\/"]}]},{"@type":"ImageObject","inLanguage":"pl-PL","@id":"https:\/\/locsshop.eu\/shop\/store-sorte-brede-damesolbriller-med-flet-design-soelv-spejlglas\/#primaryimage","url":"https:\/\/locsshop.eu\/wp-content\/uploads\/2023\/05\/P65BKMR.jpg","contentUrl":"https:\/\/locsshop.eu\/wp-content\/uploads\/2023\/05\/P65BKMR.jpg","width":800,"height":800},{"@type":"BreadcrumbList","@id":"https:\/\/locsshop.eu\/shop\/store-sorte-brede-damesolbriller-med-flet-design-soelv-spejlglas\/#breadcrumb","itemListElement":[{"@type":"ListItem","position":1,"name":"Hjem","item":"https:\/\/locsshop.eu\/"},{"@type":"ListItem","position":2,"name":"Shop","item":"https:\/\/locsshop.eu\/shop\/"},{"@type":"ListItem","position":3,"name":"Store sorte brede damesolbriller med flet design &#8211; S\u00f8lv Spejlglas"}]},{"@type":"WebSite","@id":"https:\/\/locsshop.eu\/#website","url":"https:\/\/locsshop.eu\/","name":"Okulary przeciws\u0142oneczne Locs - Dostawca LOCS w UE","description":"Sprzedajemy tanie okulary przeciws\u0142oneczne LOCS","publisher":{"@id":"https:\/\/locsshop.eu\/#organization"},"potentialAction":[{"@type":"SearchAction","target":{"@type":"EntryPoint","urlTemplate":"https:\/\/locsshop.eu\/?s={search_term_string}"},"query-input":{"@type":"PropertyValueSpecification","valueRequired":true,"valueName":"search_term_string"}}],"inLanguage":"pl-PL"},{"@type":"Organization","@id":"https:\/\/locsshop.eu\/#organization","name":"Locsshop.eu","url":"https:\/\/locsshop.eu\/","logo":{"@type":"ImageObject","inLanguage":"pl-PL","@id":"https:\/\/locsshop.eu\/#\/schema\/logo\/image\/","url":"https:\/\/locsshop.eu\/wp-content\/uploads\/2022\/02\/Locsshop-logo.png","contentUrl":"https:\/\/locsshop.eu\/wp-content\/uploads\/2022\/02\/Locsshop-logo.png","width":930,"height":200,"caption":"Locsshop.eu"},"image":{"@id":"https:\/\/locsshop.eu\/#\/schema\/logo\/image\/"}}]}},"_links":{"self":[{"href":"https:\/\/locsshop.eu\/pl\/wp-json\/wp\/v2\/product\/10455","targetHints":{"allow":["GET"]}}],"collection":[{"href":"https:\/\/locsshop.eu\/pl\/wp-json\/wp\/v2\/product"}],"about":[{"href":"https:\/\/locsshop.eu\/pl\/wp-json\/wp\/v2\/types\/product"}],"replies":[{"embeddable":true,"href":"https:\/\/locsshop.eu\/pl\/wp-json\/wp\/v2\/comments?post=10455"}],"wp:featuredmedia":[{"embeddable":true,"href":"https:\/\/locsshop.eu\/pl\/wp-json\/wp\/v2\/media\/10456"}],"wp:attachment":[{"href":"https:\/\/locsshop.eu\/pl\/wp-json\/wp\/v2\/media?parent=10455"}],"wp:term":[{"taxonomy":"product_brand","embeddable":true,"href":"https:\/\/locsshop.eu\/pl\/wp-json\/wp\/v2\/product_brand?post=10455"},{"taxonomy":"product_cat","embeddable":true,"href":"https:\/\/locsshop.eu\/pl\/wp-json\/wp\/v2\/product_cat?post=10455"},{"taxonomy":"product_tag","embeddable":true,"href":"https:\/\/locsshop.eu\/pl\/wp-json\/wp\/v2\/product_tag?post=10455"}],"curies":[{"name":"wp","href":"https:\/\/api.w.org\/{rel}","templated":true}]}}