{"id":12058,"date":"2024-02-17T08:18:29","date_gmt":"2024-02-17T07:18:29","guid":{"rendered":"https:\/\/locsshop.eu\/da\/shop\/elegant-soelvfarvet-halskaede-med-et-smukt-cirkel-vedhaeng\/"},"modified":"2025-04-29T07:37:20","modified_gmt":"2025-04-29T05:37:20","slug":"elegant-soelvfarvet-halskaede-med-et-smukt-cirkel-vedhaeng","status":"publish","type":"product","link":"https:\/\/locsshop.eu\/pl\/shop\/elegant-soelvfarvet-halskaede-med-et-smukt-cirkel-vedhaeng\/","title":{"rendered":"Elegancki srebrny naszyjnik z pi\u0119kn\u0105 zawieszk\u0105 w kszta\u0142cie ko\u0142a"},"content":{"rendered":"<h1><strong>STYLOWY SREBRNY NASZYJNIK<\/strong><\/h1>\n<p>Naszyjnik idealnie sprawdzi si\u0119 zar\u00f3wno na co dzie\u0144, na imprezie jak i na specjalne okazje<\/p>\n<p>Elegancki wyb\u00f3r bi\u017cuterii na ka\u017cd\u0105 okazj\u0119.<\/p>\n<h4><strong>Kolor: srebrny<\/strong><br \/>\n<strong>\u2013 d\u0142ugo\u015b\u0107 ca\u0142kowita: 43 cm + 5 cm dodatkowa regulacja<\/strong><br \/>\n<strong>\u2013 \u015brednica ko\u0142a: 2,1 cm<\/strong><\/h4>\n<p>Ten naszyjnik to prawdziwe dzie\u0142o sztuki, stworzone z niezwyk\u0142\u0105 dba\u0142o\u015bci\u0105 o szczeg\u00f3\u0142y i design. Ka\u017cde ogniwo \u0142a\u0144cucha jest starannie dobierane, aby stworzy\u0107 idealn\u0105 r\u00f3wnowag\u0119 pomi\u0119dzy nowoczesn\u0105 i ponadczasow\u0105 elegancj\u0105.<br \/>\nNaszyjnik wykonany z najwy\u017cszej jako\u015bci materia\u0142\u00f3w emanuje subtelnym blaskiem i dodaje luksusowego wymiaru ka\u017cdemu strojowi. Unikalny design \u0142\u0105czy w sobie klasyczne elementy z nowoczesnym akcentem, dzi\u0119ki czemu jest idealnym dodatkiem na ka\u017cd\u0105 okazj\u0119.<\/p>\n<p><strong>Nasza bi\u017cuteria<\/strong><\/p>\n<p><em>Witamy w naszym ekskluzywnym \u015bwiecie bi\u017cuterii, gdzie pi\u0119kno spotyka si\u0119 z celem. Nasz asortyment bi\u017cuterii to skarbnica wyj\u0105tkowej i urzekaj\u0105cej bi\u017cuterii, tworzonej z pasj\u0105 i do\u015bwiadczeniem. Dzi\u0119ki szerokiej gamie r\u0119cznie robionej bi\u017cuterii oferujemy do\u015bwiadczenie, kt\u00f3re w wyj\u0105tkowy spos\u00f3b \u0142\u0105czy estetyk\u0119 i jako\u015b\u0107.<\/em><\/p>\n<p><em>Nasze kolekcje s\u0105 starannie dobierane, aby zaoferowa\u0107 co\u015b na ka\u017cdy gust i na ka\u017cd\u0105 okazj\u0119. Od ponadczasowej klasyki po modne i wsp\u00f3\u0142czesne projekty, nasza oferta bi\u017cuterii odzwierciedla pi\u0119kno, kt\u00f3re przetrwa zmieniaj\u0105ce si\u0119 trendy czasu. Rozumiemy, \u017ce bi\u017cuteria to nie tylko dodatek, ale opowie\u015b\u0107 o stylu, emocjach i znaczeniu.<\/em><\/p>\n<p><em>Nasze zaanga\u017cowanie w jako\u015b\u0107 wykracza poza aspekt wizualny. Koncentrujemy si\u0119 na wysokim standardzie wykonania i materia\u0142\u00f3w, dbaj\u0105c o to, aby ka\u017cda bi\u017cuteria by\u0142a inwestycj\u0105 zar\u00f3wno w pi\u0119kno, jak i trwa\u0142o\u015b\u0107.<\/em><\/p>\n<p><em>Poznaj nasz\u0105 bi\u017cuteri\u0119 i zanurz si\u0119 w \u015bwiecie elegancji, gdzie ka\u017cdy element jest starannie dobierany, aby doda\u0107 blasku i pi\u0119kna Twojemu osobistemu stylowi<\/em><\/p>\n<p>&nbsp;<\/p>\n<p>&nbsp;<\/p>\n<p><strong>\u00a0<\/strong><\/p>\n<table style=\"width: 100%;border-collapse: collapse;border-style: hidden;margin-left: auto;margin-right: auto\" border=\"1\" cellspacing=\"50\" cellpadding=\"20\">\n<caption>\u00a0<\/caption>\n<caption>\u00a0<\/caption>\n<tbody>\n<tr>\n<td style=\"width: 25%;text-align: center\"><img loading=\"lazy\" decoding=\"async\" class=\"alignnone size-full wp-image-13135\" src=\"https:\/\/bazarsalg.dk\/wp-content\/uploads\/gave-80x80-1.png\" alt=\"\" width=\"80\" height=\"80\" \/><\/td>\n<td style=\"width: 25%;text-align: center\"><img decoding=\"async\" src=\"https:\/\/bazarsalg.dk\/wp-content\/uploads\/ce.png\" \/><\/td>\n<td style=\"width: 25%;text-align: center\"><img decoding=\"async\" src=\"https:\/\/bazarsalg.dk\/wp-content\/uploads\/box.png\" \/><\/td>\n<\/tr>\n<tr>\n<td style=\"width: 25%;text-align: center\"><strong><span style=\"color: #333333\">Dostarczane w pude\u0142ku na bi\u017cuteri\u0119 lub torbie na bi\u017cuteri\u0119<\/span><\/strong><\/p>\n<p><span style=\"color: #333333\">Kupuj\u0105c u nas bi\u017cuteri\u0119, mo\u017cesz j\u0105 wr\u0119czy\u0107 bliskiej Ci osobie. Nasza bi\u017cuteria jest dostarczana w \u0142adnej torbie na bi\u017cuteri\u0119 lub pude\u0142ku na bi\u017cuteri\u0119.<\/span><\/td>\n<td style=\"width: 25%;text-align: center\"><strong><span style=\"color: #333333\">Certyfikat CE <\/span><\/strong><\/p>\n<p><span style=\"color: #333333\">Nasza bi\u017cuteria spe\u0142nia wszystkie wymogi prawne obowi\u0105zuj\u0105ce w UE, co daje pewno\u015b\u0107, \u017ce Twoja bi\u017cuteria zosta\u0142a przetestowana i zatwierdzona.<\/span><\/td>\n<td style=\"width: 25%;text-align: center\"><strong><span style=\"color: #333333\">Wysy\u0142ane w kartonowym pude\u0142ku, dzi\u0119ki czemu Twoja bi\u017cuteria si\u0119 nie st\u0142ucze <\/span><\/strong><\/p>\n<p><span style=\"color: #333333\">Zawsze bezpiecznie pakujemy Twoje zam\u00f3wienie, aby bezpiecznie dotar\u0142o.<\/span><\/td>\n<\/tr>\n<\/tbody>\n<\/table>","protected":false},"excerpt":{"rendered":"<p><strong>Elegancki srebrny naszyjnik z pi\u0119kn\u0105 zawieszk\u0105 w kszta\u0142cie ko\u0142a<\/strong><\/p>","protected":false},"featured_media":12054,"comment_status":"open","ping_status":"closed","template":"","meta":{"om_disable_all_campaigns":false,"_monsterinsights_skip_tracking":false,"_monsterinsights_sitenote_active":false,"_monsterinsights_sitenote_note":"","_monsterinsights_sitenote_category":0},"product_brand":[],"product_cat":[1519,1497],"product_tag":[1520,1523,654],"class_list":{"0":"post-12058","1":"product","2":"type-product","3":"status-publish","4":"has-post-thumbnail","6":"product_cat-halskaeder","7":"product_cat-smykker","8":"product_tag-halskaede","9":"product_tag-n376s","10":"product_tag-smykker","12":"first","13":"instock","14":"shipping-taxable","15":"purchasable","16":"product-type-simple"},"yoast_head":"<!-- This site is optimized with the Yoast SEO plugin v27.2 - https:\/\/yoast.com\/product\/yoast-seo-wordpress\/ -->\n<title>Elegant s\u00f8lvfarvet halsk\u00e6de med et smukt cirkel vedh\u00e6ng | K\u00f8b online her | LOCS<\/title>\n<meta name=\"description\" content=\"K\u00f8b Elegant s\u00f8lvfarvet halsk\u00e6de med et smukt cirkel vedh\u00e6ng her | EU&#039;s st\u00f8rste udvalg af LOCS solbriller | Vi sender fra EU - Ingen ekstra import udgifter\" \/>\n<meta name=\"robots\" content=\"index, follow, max-snippet:-1, max-image-preview:large, max-video-preview:-1\" \/>\n<link rel=\"canonical\" href=\"https:\/\/locsshop.eu\/pl\/shop\/elegant-soelvfarvet-halskaede-med-et-smukt-cirkel-vedhaeng\/\" \/>\n<meta property=\"og:locale\" content=\"pl_PL\" \/>\n<meta property=\"og:type\" content=\"article\" \/>\n<meta property=\"og:title\" content=\"Elegant s\u00f8lvfarvet halsk\u00e6de med et smukt cirkel vedh\u00e6ng | K\u00f8b online her | LOCS\" \/>\n<meta property=\"og:description\" content=\"K\u00f8b Elegant s\u00f8lvfarvet halsk\u00e6de med et smukt cirkel vedh\u00e6ng her | EU&#039;s st\u00f8rste udvalg af LOCS solbriller | Vi sender fra EU - Ingen ekstra import udgifter\" \/>\n<meta property=\"og:url\" content=\"https:\/\/locsshop.eu\/pl\/shop\/elegant-soelvfarvet-halskaede-med-et-smukt-cirkel-vedhaeng\/\" \/>\n<meta property=\"og:site_name\" content=\"Locs Sunglasses - LOCS Supplier in EU\" \/>\n<meta property=\"article:modified_time\" content=\"2025-04-29T05:37:20+00:00\" \/>\n<meta property=\"og:image\" content=\"https:\/\/locsshop.eu\/wp-content\/uploads\/2024\/02\/N376S-1.jpg\" \/>\n\t<meta property=\"og:image:width\" content=\"800\" \/>\n\t<meta property=\"og:image:height\" content=\"800\" \/>\n\t<meta property=\"og:image:type\" content=\"image\/jpeg\" \/>\n<meta name=\"twitter:card\" content=\"summary_large_image\" \/>\n<meta name=\"twitter:label1\" content=\"Est. reading time\" \/>\n\t<meta name=\"twitter:data1\" content=\"2 minutes\" \/>\n<script type=\"application\/ld+json\" class=\"yoast-schema-graph\">{\"@context\":\"https:\/\/schema.org\",\"@graph\":[{\"@type\":\"WebPage\",\"@id\":\"https:\/\/locsshop.eu\/shop\/elegant-soelvfarvet-halskaede-med-et-smukt-cirkel-vedhaeng\/\",\"url\":\"https:\/\/locsshop.eu\/shop\/elegant-soelvfarvet-halskaede-med-et-smukt-cirkel-vedhaeng\/\",\"name\":\"Elegant s\u00f8lvfarvet halsk\u00e6de med et smukt cirkel vedh\u00e6ng | K\u00f8b online her | LOCS\",\"isPartOf\":{\"@id\":\"https:\/\/locsshop.eu\/#website\"},\"primaryImageOfPage\":{\"@id\":\"https:\/\/locsshop.eu\/shop\/elegant-soelvfarvet-halskaede-med-et-smukt-cirkel-vedhaeng\/#primaryimage\"},\"image\":{\"@id\":\"https:\/\/locsshop.eu\/shop\/elegant-soelvfarvet-halskaede-med-et-smukt-cirkel-vedhaeng\/#primaryimage\"},\"thumbnailUrl\":\"https:\/\/locsshop.eu\/wp-content\/uploads\/2024\/02\/N376S-1.jpg\",\"datePublished\":\"2024-02-17T07:18:29+00:00\",\"dateModified\":\"2025-04-29T05:37:20+00:00\",\"description\":\"K\u00f8b Elegant s\u00f8lvfarvet halsk\u00e6de med et smukt cirkel vedh\u00e6ng her | EU's st\u00f8rste udvalg af LOCS solbriller | Vi sender fra EU - Ingen ekstra import udgifter\",\"breadcrumb\":{\"@id\":\"https:\/\/locsshop.eu\/shop\/elegant-soelvfarvet-halskaede-med-et-smukt-cirkel-vedhaeng\/#breadcrumb\"},\"inLanguage\":\"pl-PL\",\"potentialAction\":[{\"@type\":\"ReadAction\",\"target\":[\"https:\/\/locsshop.eu\/shop\/elegant-soelvfarvet-halskaede-med-et-smukt-cirkel-vedhaeng\/\"]}]},{\"@type\":\"ImageObject\",\"inLanguage\":\"pl-PL\",\"@id\":\"https:\/\/locsshop.eu\/shop\/elegant-soelvfarvet-halskaede-med-et-smukt-cirkel-vedhaeng\/#primaryimage\",\"url\":\"https:\/\/locsshop.eu\/wp-content\/uploads\/2024\/02\/N376S-1.jpg\",\"contentUrl\":\"https:\/\/locsshop.eu\/wp-content\/uploads\/2024\/02\/N376S-1.jpg\",\"width\":800,\"height\":800},{\"@type\":\"BreadcrumbList\",\"@id\":\"https:\/\/locsshop.eu\/shop\/elegant-soelvfarvet-halskaede-med-et-smukt-cirkel-vedhaeng\/#breadcrumb\",\"itemListElement\":[{\"@type\":\"ListItem\",\"position\":1,\"name\":\"Hjem\",\"item\":\"https:\/\/locsshop.eu\/\"},{\"@type\":\"ListItem\",\"position\":2,\"name\":\"Shop\",\"item\":\"https:\/\/locsshop.eu\/shop\/\"},{\"@type\":\"ListItem\",\"position\":3,\"name\":\"Elegant s\u00f8lvfarvet halsk\u00e6de med et smukt cirkel vedh\u00e6ng\"}]},{\"@type\":\"WebSite\",\"@id\":\"https:\/\/locsshop.eu\/#website\",\"url\":\"https:\/\/locsshop.eu\/\",\"name\":\"Locs Sunglasses - LOCS Supplier in EU\",\"description\":\"We sell cheap LOCS Sunglasses\",\"publisher\":{\"@id\":\"https:\/\/locsshop.eu\/#organization\"},\"potentialAction\":[{\"@type\":\"SearchAction\",\"target\":{\"@type\":\"EntryPoint\",\"urlTemplate\":\"https:\/\/locsshop.eu\/?s={search_term_string}\"},\"query-input\":{\"@type\":\"PropertyValueSpecification\",\"valueRequired\":true,\"valueName\":\"search_term_string\"}}],\"inLanguage\":\"pl-PL\"},{\"@type\":\"Organization\",\"@id\":\"https:\/\/locsshop.eu\/#organization\",\"name\":\"Locsshop.eu\",\"url\":\"https:\/\/locsshop.eu\/\",\"logo\":{\"@type\":\"ImageObject\",\"inLanguage\":\"pl-PL\",\"@id\":\"https:\/\/locsshop.eu\/#\/schema\/logo\/image\/\",\"url\":\"https:\/\/locsshop.eu\/wp-content\/uploads\/2022\/02\/Locsshop-logo.png\",\"contentUrl\":\"https:\/\/locsshop.eu\/wp-content\/uploads\/2022\/02\/Locsshop-logo.png\",\"width\":930,\"height\":200,\"caption\":\"Locsshop.eu\"},\"image\":{\"@id\":\"https:\/\/locsshop.eu\/#\/schema\/logo\/image\/\"}}]}<\/script>\n<!-- \/ Yoast SEO plugin. -->","yoast_head_json":{"title":"Elegancki naszyjnik w kolorze srebrnym z pi\u0119kn\u0105 zawieszk\u0105 w kszta\u0142cie ko\u0142a | Kup online tutaj | LOKI","description":"Kup elegancki naszyjnik w kolorze z\u0142otym z pi\u0119kn\u0105 zawieszk\u0105 w kszta\u0142cie ko\u0142a tutaj | Najwi\u0119kszy w UE wyb\u00f3r okular\u00f3w przeciws\u0142onecznych LOCS | Wysy\u0142amy z UE - bez dodatkowych koszt\u00f3w importu","robots":{"index":"index","follow":"follow","max-snippet":"max-snippet:-1","max-image-preview":"max-image-preview:large","max-video-preview":"max-video-preview:-1"},"canonical":"https:\/\/locsshop.eu\/pl\/shop\/elegant-soelvfarvet-halskaede-med-et-smukt-cirkel-vedhaeng\/","og_locale":"pl_PL","og_type":"article","og_title":"Elegant s\u00f8lvfarvet halsk\u00e6de med et smukt cirkel vedh\u00e6ng | K\u00f8b online her | LOCS","og_description":"K\u00f8b Elegant s\u00f8lvfarvet halsk\u00e6de med et smukt cirkel vedh\u00e6ng her | EU's st\u00f8rste udvalg af LOCS solbriller | Vi sender fra EU - Ingen ekstra import udgifter","og_url":"https:\/\/locsshop.eu\/pl\/shop\/elegant-soelvfarvet-halskaede-med-et-smukt-cirkel-vedhaeng\/","og_site_name":"Locs Sunglasses - LOCS Supplier in EU","article_modified_time":"2025-04-29T05:37:20+00:00","og_image":[{"width":800,"height":800,"url":"https:\/\/locsshop.eu\/wp-content\/uploads\/2024\/02\/N376S-1.jpg","type":"image\/jpeg"}],"twitter_card":"summary_large_image","twitter_misc":{"Est. reading time":"2 minutes"},"schema":{"@context":"https:\/\/schema.org","@graph":[{"@type":"WebPage","@id":"https:\/\/locsshop.eu\/shop\/elegant-soelvfarvet-halskaede-med-et-smukt-cirkel-vedhaeng\/","url":"https:\/\/locsshop.eu\/shop\/elegant-soelvfarvet-halskaede-med-et-smukt-cirkel-vedhaeng\/","name":"Elegancki naszyjnik w kolorze srebrnym z pi\u0119kn\u0105 zawieszk\u0105 w kszta\u0142cie ko\u0142a | Kup online tutaj | LOKI","isPartOf":{"@id":"https:\/\/locsshop.eu\/#website"},"primaryImageOfPage":{"@id":"https:\/\/locsshop.eu\/shop\/elegant-soelvfarvet-halskaede-med-et-smukt-cirkel-vedhaeng\/#primaryimage"},"image":{"@id":"https:\/\/locsshop.eu\/shop\/elegant-soelvfarvet-halskaede-med-et-smukt-cirkel-vedhaeng\/#primaryimage"},"thumbnailUrl":"https:\/\/locsshop.eu\/wp-content\/uploads\/2024\/02\/N376S-1.jpg","datePublished":"2024-02-17T07:18:29+00:00","dateModified":"2025-04-29T05:37:20+00:00","description":"Kup elegancki naszyjnik w kolorze z\u0142otym z pi\u0119kn\u0105 zawieszk\u0105 w kszta\u0142cie ko\u0142a tutaj | Najwi\u0119kszy w UE wyb\u00f3r okular\u00f3w przeciws\u0142onecznych LOCS | Wysy\u0142amy z UE - bez dodatkowych koszt\u00f3w importu","breadcrumb":{"@id":"https:\/\/locsshop.eu\/shop\/elegant-soelvfarvet-halskaede-med-et-smukt-cirkel-vedhaeng\/#breadcrumb"},"inLanguage":"pl-PL","potentialAction":[{"@type":"ReadAction","target":["https:\/\/locsshop.eu\/shop\/elegant-soelvfarvet-halskaede-med-et-smukt-cirkel-vedhaeng\/"]}]},{"@type":"ImageObject","inLanguage":"pl-PL","@id":"https:\/\/locsshop.eu\/shop\/elegant-soelvfarvet-halskaede-med-et-smukt-cirkel-vedhaeng\/#primaryimage","url":"https:\/\/locsshop.eu\/wp-content\/uploads\/2024\/02\/N376S-1.jpg","contentUrl":"https:\/\/locsshop.eu\/wp-content\/uploads\/2024\/02\/N376S-1.jpg","width":800,"height":800},{"@type":"BreadcrumbList","@id":"https:\/\/locsshop.eu\/shop\/elegant-soelvfarvet-halskaede-med-et-smukt-cirkel-vedhaeng\/#breadcrumb","itemListElement":[{"@type":"ListItem","position":1,"name":"Hjem","item":"https:\/\/locsshop.eu\/"},{"@type":"ListItem","position":2,"name":"Shop","item":"https:\/\/locsshop.eu\/shop\/"},{"@type":"ListItem","position":3,"name":"Elegant s\u00f8lvfarvet halsk\u00e6de med et smukt cirkel vedh\u00e6ng"}]},{"@type":"WebSite","@id":"https:\/\/locsshop.eu\/#website","url":"https:\/\/locsshop.eu\/","name":"Okulary przeciws\u0142oneczne Locs - Dostawca LOCS w UE","description":"Sprzedajemy tanie okulary przeciws\u0142oneczne LOCS","publisher":{"@id":"https:\/\/locsshop.eu\/#organization"},"potentialAction":[{"@type":"SearchAction","target":{"@type":"EntryPoint","urlTemplate":"https:\/\/locsshop.eu\/?s={search_term_string}"},"query-input":{"@type":"PropertyValueSpecification","valueRequired":true,"valueName":"search_term_string"}}],"inLanguage":"pl-PL"},{"@type":"Organization","@id":"https:\/\/locsshop.eu\/#organization","name":"Locsshop.eu","url":"https:\/\/locsshop.eu\/","logo":{"@type":"ImageObject","inLanguage":"pl-PL","@id":"https:\/\/locsshop.eu\/#\/schema\/logo\/image\/","url":"https:\/\/locsshop.eu\/wp-content\/uploads\/2022\/02\/Locsshop-logo.png","contentUrl":"https:\/\/locsshop.eu\/wp-content\/uploads\/2022\/02\/Locsshop-logo.png","width":930,"height":200,"caption":"Locsshop.eu"},"image":{"@id":"https:\/\/locsshop.eu\/#\/schema\/logo\/image\/"}}]}},"_links":{"self":[{"href":"https:\/\/locsshop.eu\/pl\/wp-json\/wp\/v2\/product\/12058","targetHints":{"allow":["GET"]}}],"collection":[{"href":"https:\/\/locsshop.eu\/pl\/wp-json\/wp\/v2\/product"}],"about":[{"href":"https:\/\/locsshop.eu\/pl\/wp-json\/wp\/v2\/types\/product"}],"replies":[{"embeddable":true,"href":"https:\/\/locsshop.eu\/pl\/wp-json\/wp\/v2\/comments?post=12058"}],"wp:featuredmedia":[{"embeddable":true,"href":"https:\/\/locsshop.eu\/pl\/wp-json\/wp\/v2\/media\/12054"}],"wp:attachment":[{"href":"https:\/\/locsshop.eu\/pl\/wp-json\/wp\/v2\/media?parent=12058"}],"wp:term":[{"taxonomy":"product_brand","embeddable":true,"href":"https:\/\/locsshop.eu\/pl\/wp-json\/wp\/v2\/product_brand?post=12058"},{"taxonomy":"product_cat","embeddable":true,"href":"https:\/\/locsshop.eu\/pl\/wp-json\/wp\/v2\/product_cat?post=12058"},{"taxonomy":"product_tag","embeddable":true,"href":"https:\/\/locsshop.eu\/pl\/wp-json\/wp\/v2\/product_tag?post=12058"}],"curies":[{"name":"wp","href":"https:\/\/api.w.org\/{rel}","templated":true}]}}