{"id":12211,"date":"2024-03-03T14:21:09","date_gmt":"2024-03-03T13:21:09","guid":{"rendered":"https:\/\/locsshop.eu\/da\/shop\/soelv-grene-oereringe-sterling-soelv-925\/"},"modified":"2026-05-11T22:43:39","modified_gmt":"2026-05-11T20:43:39","slug":"soelv-grene-oereringe-sterling-soelv-925","status":"publish","type":"product","link":"https:\/\/locsshop.eu\/pl\/shop\/soelv-grene-oereringe-sterling-soelv-925\/","title":{"rendered":"Kolczyki srebrne ga\u0142\u0105zki | Srebro pr\u00f3by 925"},"content":{"rendered":"<h1><strong>MODNE KOLCZYKI ZE SREBRA STERLING<\/strong><\/h1>\n<p>\u015awietnie sprawdz\u0105 si\u0119 zar\u00f3wno w eleganckich, jak i codziennych stylizacjach<\/p>\n<p>Pi\u0119kny komplet na ka\u017cd\u0105 okazj\u0119.<\/p>\n<p><b>Wymiary: 1,5 x 0,8 cm<\/b><\/p>\n<h4><strong>Kolczyki s\u0105 wykonane ze srebra pr\u00f3by 925<\/strong><\/h4>\n<p>Nasze pier\u015bcionki na palce zosta\u0142y zaprojektowane z my\u015bl\u0105 o wszechstronno\u015bci, co czyni je idealnym dodatkiem zar\u00f3wno do noszenia na co dzie\u0144, jak i na wyj\u0105tkowe chwile. Wykonane s\u0105 z trwa\u0142ych materia\u0142\u00f3w, kt\u00f3re zapewniaj\u0105 d\u0142ugotrwa\u0142y po\u0142ysk i jako\u015b\u0107. Niezale\u017cnie od tego, czy jest noszony samodzielnie, czy w po\u0142\u0105czeniu z inn\u0105 bi\u017cuteri\u0105, ten pier\u015bcionek doda elegancji ka\u017cdemu strojowi.<\/p>\n<p>Podkre\u015bl swoj\u0105 indywidualno\u015b\u0107 i stw\u00f3rz ponadczasowy styl dzi\u0119ki tym pi\u0119knym kolczykom, kt\u00f3re s\u0105 nie tylko bi\u017cuteri\u0105, ale tak\u017ce wyrazem Twojej osobistej elegancji<\/p>\n<p><strong>Nasza bi\u017cuteria<\/strong><\/p>\n<p><em>Witamy w naszym ekskluzywnym \u015bwiecie bi\u017cuterii, gdzie pi\u0119kno spotyka si\u0119 z celem. Nasz asortyment bi\u017cuterii to skarbnica wyj\u0105tkowej i urzekaj\u0105cej bi\u017cuterii, tworzonej z pasj\u0105 i do\u015bwiadczeniem. Dzi\u0119ki szerokiej gamie r\u0119cznie robionej bi\u017cuterii oferujemy do\u015bwiadczenie, kt\u00f3re w wyj\u0105tkowy spos\u00f3b \u0142\u0105czy estetyk\u0119 i jako\u015b\u0107.<\/em><\/p>\n<p><em>Nasze kolekcje s\u0105 starannie dobierane, aby zaoferowa\u0107 co\u015b na ka\u017cdy gust i na ka\u017cd\u0105 okazj\u0119. Od ponadczasowej klasyki po modne i wsp\u00f3\u0142czesne projekty, nasza oferta bi\u017cuterii odzwierciedla pi\u0119kno, kt\u00f3re przetrwa zmieniaj\u0105ce si\u0119 trendy czasu. Rozumiemy, \u017ce bi\u017cuteria to nie tylko dodatek, ale opowie\u015b\u0107 o stylu, emocjach i znaczeniu.<\/em><\/p>\n<p><em>Nasze zaanga\u017cowanie w jako\u015b\u0107 wykracza poza aspekt wizualny. Koncentrujemy si\u0119 na wysokim standardzie wykonania i materia\u0142\u00f3w, dbaj\u0105c o to, aby ka\u017cda bi\u017cuteria by\u0142a inwestycj\u0105 zar\u00f3wno w pi\u0119kno, jak i trwa\u0142o\u015b\u0107.<\/em><\/p>\n<p><em>Poznaj nasz\u0105 bi\u017cuteri\u0119 i zanurz si\u0119 w \u015bwiecie elegancji, gdzie ka\u017cdy element jest starannie dobierany, aby doda\u0107 blasku i pi\u0119kna Twojemu osobistemu stylowi<\/em><\/p>\n<p>&nbsp;<\/p>\n<p>&nbsp;<\/p>\n<p><strong>\u00a0<\/strong><\/p>\n<table style=\"width: 100%;border-collapse: collapse;border-style: hidden;margin-left: auto;margin-right: auto\" border=\"1\" cellspacing=\"50\" cellpadding=\"20\">\n<caption>\u00a0<\/caption>\n<caption>\u00a0<\/caption>\n<tbody>\n<tr>\n<td style=\"width: 25%;text-align: center\"><img loading=\"lazy\" decoding=\"async\" class=\"alignnone size-full wp-image-13135\" src=\"https:\/\/bazarsalg.dk\/wp-content\/uploads\/gave-80x80-1.png\" alt=\"\" width=\"80\" height=\"80\" \/><\/td>\n<td style=\"width: 25%;text-align: center\"><img decoding=\"async\" src=\"https:\/\/bazarsalg.dk\/wp-content\/uploads\/ce.png\" \/><\/td>\n<td style=\"width: 25%;text-align: center\"><img decoding=\"async\" src=\"https:\/\/bazarsalg.dk\/wp-content\/uploads\/box.png\" \/><\/td>\n<\/tr>\n<tr>\n<td style=\"width: 25%;text-align: center\"><strong><span style=\"color: #333333\">Dostarczane w pude\u0142ku na bi\u017cuteri\u0119 lub torbie na bi\u017cuteri\u0119<\/span><\/strong><\/p>\n<p><span style=\"color: #333333\">Kupuj\u0105c u nas bi\u017cuteri\u0119, mo\u017cesz j\u0105 wr\u0119czy\u0107 bliskiej Ci osobie. Nasza bi\u017cuteria jest dostarczana w \u0142adnej torbie na bi\u017cuteri\u0119 lub pude\u0142ku na bi\u017cuteri\u0119.<\/span><\/td>\n<td style=\"width: 25%;text-align: center\"><strong><span style=\"color: #333333\">Certyfikat CE <\/span><\/strong><\/p>\n<p><span style=\"color: #333333\">Nasza bi\u017cuteria spe\u0142nia wszystkie wymogi prawne obowi\u0105zuj\u0105ce w UE, co daje pewno\u015b\u0107, \u017ce Twoja bi\u017cuteria zosta\u0142a przetestowana i zatwierdzona.<\/span><\/td>\n<td style=\"width: 25%;text-align: center\"><strong><span style=\"color: #333333\">Wysy\u0142ane w kartonowym pude\u0142ku, dzi\u0119ki czemu Twoja bi\u017cuteria si\u0119 nie st\u0142ucze <\/span><\/strong><\/p>\n<p><span style=\"color: #333333\">Zawsze bezpiecznie pakujemy Twoje zam\u00f3wienie, aby bezpiecznie dotar\u0142o.<\/span><\/td>\n<\/tr>\n<\/tbody>\n<\/table>","protected":false},"excerpt":{"rendered":"<p><strong>Kolczyki srebrne ga\u0142\u0105zki | Srebro pr\u00f3by 925<\/strong><\/p>","protected":false},"featured_media":12208,"comment_status":"open","ping_status":"closed","template":"","meta":{"om_disable_all_campaigns":false,"_monsterinsights_skip_tracking":false,"_monsterinsights_sitenote_active":false,"_monsterinsights_sitenote_note":"","_monsterinsights_sitenote_category":0},"product_brand":[],"product_cat":[1530,1497],"product_tag":[652,654],"class_list":{"0":"post-12211","1":"product","2":"type-product","3":"status-publish","4":"has-post-thumbnail","6":"product_cat-oereringe","7":"product_cat-smykker","8":"product_tag-oereringe","9":"product_tag-smykker","11":"first","12":"instock","13":"shipping-taxable","14":"purchasable","15":"product-type-simple"},"yoast_head":"<!-- This site is optimized with the Yoast SEO plugin v27.5 - https:\/\/yoast.com\/product\/yoast-seo-wordpress\/ -->\n<title>S\u00f8lv grene \u00f8reringe | Sterling s\u00f8lv 925 | K\u00f8b online her | LOCS<\/title>\n<meta name=\"description\" content=\"K\u00f8b S\u00f8lv grene \u00f8reringe | Sterling s\u00f8lv 925 her | EU&#039;s st\u00f8rste udvalg af LOCS solbriller | Vi sender fra EU - Ingen ekstra import udgifter\" \/>\n<meta name=\"robots\" content=\"index, follow, max-snippet:-1, max-image-preview:large, max-video-preview:-1\" \/>\n<link rel=\"canonical\" href=\"https:\/\/locsshop.eu\/pl\/shop\/soelv-grene-oereringe-sterling-soelv-925\/\" \/>\n<meta property=\"og:locale\" content=\"pl_PL\" \/>\n<meta property=\"og:type\" content=\"article\" \/>\n<meta property=\"og:title\" content=\"S\u00f8lv grene \u00f8reringe | Sterling s\u00f8lv 925 | K\u00f8b online her | LOCS\" \/>\n<meta property=\"og:description\" content=\"K\u00f8b S\u00f8lv grene \u00f8reringe | Sterling s\u00f8lv 925 her | EU&#039;s st\u00f8rste udvalg af LOCS solbriller | Vi sender fra EU - Ingen ekstra import udgifter\" \/>\n<meta property=\"og:url\" content=\"https:\/\/locsshop.eu\/pl\/shop\/soelv-grene-oereringe-sterling-soelv-925\/\" \/>\n<meta property=\"og:site_name\" content=\"Locs Sunglasses - LOCS Supplier in EU\" \/>\n<meta property=\"article:modified_time\" content=\"2026-05-11T20:43:39+00:00\" \/>\n<meta property=\"og:image\" content=\"https:\/\/locsshop.eu\/wp-content\/uploads\/2024\/03\/KST1834-1.jpg\" \/>\n\t<meta property=\"og:image:width\" content=\"800\" \/>\n\t<meta property=\"og:image:height\" content=\"800\" \/>\n\t<meta property=\"og:image:type\" content=\"image\/jpeg\" \/>\n<meta name=\"twitter:card\" content=\"summary_large_image\" \/>\n<meta name=\"twitter:label1\" content=\"Est. reading time\" \/>\n\t<meta name=\"twitter:data1\" content=\"3 minutes\" \/>\n<script type=\"application\/ld+json\" class=\"yoast-schema-graph\">{\"@context\":\"https:\\\/\\\/schema.org\",\"@graph\":[{\"@type\":\"WebPage\",\"@id\":\"https:\\\/\\\/locsshop.eu\\\/shop\\\/soelv-grene-oereringe-sterling-soelv-925\\\/\",\"url\":\"https:\\\/\\\/locsshop.eu\\\/shop\\\/soelv-grene-oereringe-sterling-soelv-925\\\/\",\"name\":\"S\u00f8lv grene \u00f8reringe | Sterling s\u00f8lv 925 | K\u00f8b online her | LOCS\",\"isPartOf\":{\"@id\":\"https:\\\/\\\/locsshop.eu\\\/#website\"},\"primaryImageOfPage\":{\"@id\":\"https:\\\/\\\/locsshop.eu\\\/shop\\\/soelv-grene-oereringe-sterling-soelv-925\\\/#primaryimage\"},\"image\":{\"@id\":\"https:\\\/\\\/locsshop.eu\\\/shop\\\/soelv-grene-oereringe-sterling-soelv-925\\\/#primaryimage\"},\"thumbnailUrl\":\"https:\\\/\\\/locsshop.eu\\\/wp-content\\\/uploads\\\/2024\\\/03\\\/KST1834-1.jpg\",\"datePublished\":\"2024-03-03T13:21:09+00:00\",\"dateModified\":\"2026-05-11T20:43:39+00:00\",\"description\":\"K\u00f8b S\u00f8lv grene \u00f8reringe | Sterling s\u00f8lv 925 her | EU's st\u00f8rste udvalg af LOCS solbriller | Vi sender fra EU - Ingen ekstra import udgifter\",\"breadcrumb\":{\"@id\":\"https:\\\/\\\/locsshop.eu\\\/shop\\\/soelv-grene-oereringe-sterling-soelv-925\\\/#breadcrumb\"},\"inLanguage\":\"pl-PL\",\"potentialAction\":[{\"@type\":\"ReadAction\",\"target\":[\"https:\\\/\\\/locsshop.eu\\\/shop\\\/soelv-grene-oereringe-sterling-soelv-925\\\/\"]}]},{\"@type\":\"ImageObject\",\"inLanguage\":\"pl-PL\",\"@id\":\"https:\\\/\\\/locsshop.eu\\\/shop\\\/soelv-grene-oereringe-sterling-soelv-925\\\/#primaryimage\",\"url\":\"https:\\\/\\\/locsshop.eu\\\/wp-content\\\/uploads\\\/2024\\\/03\\\/KST1834-1.jpg\",\"contentUrl\":\"https:\\\/\\\/locsshop.eu\\\/wp-content\\\/uploads\\\/2024\\\/03\\\/KST1834-1.jpg\",\"width\":800,\"height\":800},{\"@type\":\"BreadcrumbList\",\"@id\":\"https:\\\/\\\/locsshop.eu\\\/shop\\\/soelv-grene-oereringe-sterling-soelv-925\\\/#breadcrumb\",\"itemListElement\":[{\"@type\":\"ListItem\",\"position\":1,\"name\":\"Hjem\",\"item\":\"https:\\\/\\\/locsshop.eu\\\/\"},{\"@type\":\"ListItem\",\"position\":2,\"name\":\"Shop\",\"item\":\"https:\\\/\\\/locsshop.eu\\\/shop\\\/\"},{\"@type\":\"ListItem\",\"position\":3,\"name\":\"S\u00f8lv grene \u00f8reringe | Sterling s\u00f8lv 925\"}]},{\"@type\":\"WebSite\",\"@id\":\"https:\\\/\\\/locsshop.eu\\\/#website\",\"url\":\"https:\\\/\\\/locsshop.eu\\\/\",\"name\":\"Locs Sunglasses - LOCS Supplier in EU\",\"description\":\"We sell cheap LOCS Sunglasses\",\"publisher\":{\"@id\":\"https:\\\/\\\/locsshop.eu\\\/#organization\"},\"potentialAction\":[{\"@type\":\"SearchAction\",\"target\":{\"@type\":\"EntryPoint\",\"urlTemplate\":\"https:\\\/\\\/locsshop.eu\\\/?s={search_term_string}\"},\"query-input\":{\"@type\":\"PropertyValueSpecification\",\"valueRequired\":true,\"valueName\":\"search_term_string\"}}],\"inLanguage\":\"pl-PL\"},{\"@type\":\"Organization\",\"@id\":\"https:\\\/\\\/locsshop.eu\\\/#organization\",\"name\":\"Locsshop.eu\",\"url\":\"https:\\\/\\\/locsshop.eu\\\/\",\"logo\":{\"@type\":\"ImageObject\",\"inLanguage\":\"pl-PL\",\"@id\":\"https:\\\/\\\/locsshop.eu\\\/#\\\/schema\\\/logo\\\/image\\\/\",\"url\":\"https:\\\/\\\/locsshop.eu\\\/wp-content\\\/uploads\\\/2022\\\/02\\\/Locsshop-logo.png\",\"contentUrl\":\"https:\\\/\\\/locsshop.eu\\\/wp-content\\\/uploads\\\/2022\\\/02\\\/Locsshop-logo.png\",\"width\":930,\"height\":200,\"caption\":\"Locsshop.eu\"},\"image\":{\"@id\":\"https:\\\/\\\/locsshop.eu\\\/#\\\/schema\\\/logo\\\/image\\\/\"}}]}<\/script>\n<!-- \/ Yoast SEO plugin. -->","yoast_head_json":{"title":"Kolczyki srebrne ga\u0142\u0105zki | Srebro pr\u00f3by 925 | Kup online tutaj | LOKI","description":"Kup kolczyki srebrne ga\u0142\u0105zki | Tutaj srebro 925 | Najwi\u0119kszy w UE wyb\u00f3r okular\u00f3w przeciws\u0142onecznych LOCS | Wysy\u0142amy z UE - bez dodatkowych koszt\u00f3w importu","robots":{"index":"index","follow":"follow","max-snippet":"max-snippet:-1","max-image-preview":"max-image-preview:large","max-video-preview":"max-video-preview:-1"},"canonical":"https:\/\/locsshop.eu\/pl\/shop\/soelv-grene-oereringe-sterling-soelv-925\/","og_locale":"pl_PL","og_type":"article","og_title":"S\u00f8lv grene \u00f8reringe | Sterling s\u00f8lv 925 | K\u00f8b online her | LOCS","og_description":"K\u00f8b S\u00f8lv grene \u00f8reringe | Sterling s\u00f8lv 925 her | EU's st\u00f8rste udvalg af LOCS solbriller | Vi sender fra EU - Ingen ekstra import udgifter","og_url":"https:\/\/locsshop.eu\/pl\/shop\/soelv-grene-oereringe-sterling-soelv-925\/","og_site_name":"Locs Sunglasses - LOCS Supplier in EU","article_modified_time":"2026-05-11T20:43:39+00:00","og_image":[{"width":800,"height":800,"url":"https:\/\/locsshop.eu\/wp-content\/uploads\/2024\/03\/KST1834-1.jpg","type":"image\/jpeg"}],"twitter_card":"summary_large_image","twitter_misc":{"Est. reading time":"3 minutes"},"schema":{"@context":"https:\/\/schema.org","@graph":[{"@type":"WebPage","@id":"https:\/\/locsshop.eu\/shop\/soelv-grene-oereringe-sterling-soelv-925\/","url":"https:\/\/locsshop.eu\/shop\/soelv-grene-oereringe-sterling-soelv-925\/","name":"Kolczyki srebrne ga\u0142\u0105zki | Srebro pr\u00f3by 925 | Kup online tutaj | LOKI","isPartOf":{"@id":"https:\/\/locsshop.eu\/#website"},"primaryImageOfPage":{"@id":"https:\/\/locsshop.eu\/shop\/soelv-grene-oereringe-sterling-soelv-925\/#primaryimage"},"image":{"@id":"https:\/\/locsshop.eu\/shop\/soelv-grene-oereringe-sterling-soelv-925\/#primaryimage"},"thumbnailUrl":"https:\/\/locsshop.eu\/wp-content\/uploads\/2024\/03\/KST1834-1.jpg","datePublished":"2024-03-03T13:21:09+00:00","dateModified":"2026-05-11T20:43:39+00:00","description":"Kup kolczyki srebrne ga\u0142\u0105zki | Tutaj srebro 925 | Najwi\u0119kszy w UE wyb\u00f3r okular\u00f3w przeciws\u0142onecznych LOCS | Wysy\u0142amy z UE - bez dodatkowych koszt\u00f3w importu","breadcrumb":{"@id":"https:\/\/locsshop.eu\/shop\/soelv-grene-oereringe-sterling-soelv-925\/#breadcrumb"},"inLanguage":"pl-PL","potentialAction":[{"@type":"ReadAction","target":["https:\/\/locsshop.eu\/shop\/soelv-grene-oereringe-sterling-soelv-925\/"]}]},{"@type":"ImageObject","inLanguage":"pl-PL","@id":"https:\/\/locsshop.eu\/shop\/soelv-grene-oereringe-sterling-soelv-925\/#primaryimage","url":"https:\/\/locsshop.eu\/wp-content\/uploads\/2024\/03\/KST1834-1.jpg","contentUrl":"https:\/\/locsshop.eu\/wp-content\/uploads\/2024\/03\/KST1834-1.jpg","width":800,"height":800},{"@type":"BreadcrumbList","@id":"https:\/\/locsshop.eu\/shop\/soelv-grene-oereringe-sterling-soelv-925\/#breadcrumb","itemListElement":[{"@type":"ListItem","position":1,"name":"Hjem","item":"https:\/\/locsshop.eu\/"},{"@type":"ListItem","position":2,"name":"Shop","item":"https:\/\/locsshop.eu\/shop\/"},{"@type":"ListItem","position":3,"name":"S\u00f8lv grene \u00f8reringe | Sterling s\u00f8lv 925"}]},{"@type":"WebSite","@id":"https:\/\/locsshop.eu\/#website","url":"https:\/\/locsshop.eu\/","name":"Okulary przeciws\u0142oneczne Locs - Dostawca LOCS w UE","description":"Sprzedajemy tanie okulary przeciws\u0142oneczne LOCS","publisher":{"@id":"https:\/\/locsshop.eu\/#organization"},"potentialAction":[{"@type":"SearchAction","target":{"@type":"EntryPoint","urlTemplate":"https:\/\/locsshop.eu\/?s={search_term_string}"},"query-input":{"@type":"PropertyValueSpecification","valueRequired":true,"valueName":"search_term_string"}}],"inLanguage":"pl-PL"},{"@type":"Organization","@id":"https:\/\/locsshop.eu\/#organization","name":"Locsshop.eu","url":"https:\/\/locsshop.eu\/","logo":{"@type":"ImageObject","inLanguage":"pl-PL","@id":"https:\/\/locsshop.eu\/#\/schema\/logo\/image\/","url":"https:\/\/locsshop.eu\/wp-content\/uploads\/2022\/02\/Locsshop-logo.png","contentUrl":"https:\/\/locsshop.eu\/wp-content\/uploads\/2022\/02\/Locsshop-logo.png","width":930,"height":200,"caption":"Locsshop.eu"},"image":{"@id":"https:\/\/locsshop.eu\/#\/schema\/logo\/image\/"}}]}},"_links":{"self":[{"href":"https:\/\/locsshop.eu\/pl\/wp-json\/wp\/v2\/product\/12211","targetHints":{"allow":["GET"]}}],"collection":[{"href":"https:\/\/locsshop.eu\/pl\/wp-json\/wp\/v2\/product"}],"about":[{"href":"https:\/\/locsshop.eu\/pl\/wp-json\/wp\/v2\/types\/product"}],"replies":[{"embeddable":true,"href":"https:\/\/locsshop.eu\/pl\/wp-json\/wp\/v2\/comments?post=12211"}],"wp:featuredmedia":[{"embeddable":true,"href":"https:\/\/locsshop.eu\/pl\/wp-json\/wp\/v2\/media\/12208"}],"wp:attachment":[{"href":"https:\/\/locsshop.eu\/pl\/wp-json\/wp\/v2\/media?parent=12211"}],"wp:term":[{"taxonomy":"product_brand","embeddable":true,"href":"https:\/\/locsshop.eu\/pl\/wp-json\/wp\/v2\/product_brand?post=12211"},{"taxonomy":"product_cat","embeddable":true,"href":"https:\/\/locsshop.eu\/pl\/wp-json\/wp\/v2\/product_cat?post=12211"},{"taxonomy":"product_tag","embeddable":true,"href":"https:\/\/locsshop.eu\/pl\/wp-json\/wp\/v2\/product_tag?post=12211"}],"curies":[{"name":"wp","href":"https:\/\/api.w.org\/{rel}","templated":true}]}}