{"id":12257,"date":"2024-03-20T22:35:19","date_gmt":"2024-03-20T21:35:19","guid":{"rendered":"https:\/\/locsshop.eu\/da\/shop\/matsorte-hurtigbriller-sportssolbriller-roed-detalje-trentino\/"},"modified":"2024-07-11T23:49:07","modified_gmt":"2024-07-11T21:49:07","slug":"matsorte-hurtigbriller-sportssolbriller-roed-detalje-trentino","status":"publish","type":"product","link":"https:\/\/locsshop.eu\/pl\/shop\/matsorte-hurtigbriller-sportssolbriller-roed-detalje-trentino\/","title":{"rendered":"Matowe czarne okulary Speed \/ sportowe okulary przeciws\u0142oneczne z czerwonymi miedzianymi detalami | Trydent"},"content":{"rendered":"<p><strong>Optymalna wydajno\u015b\u0107 dzi\u0119ki naszym sportowym okularom przeciws\u0142onecznym \u2014 doskona\u0142a widoczno\u015b\u0107, gdziekolwiek jeste\u015b!<\/strong><\/p>\n<p>Przygotuj si\u0119 na wyniesienie swoich wyst\u0119p\u00f3w na nowy poziom dzi\u0119ki naszym najwy\u017cszej jako\u015bci sportowym okularom przeciws\u0142onecznym. Niezale\u017cnie od tego, czy jeste\u015b zawodowym sportowcem, zapalonym \u0107wicz\u0105cym, czy po prostu uwielbiasz zaj\u0119cia na \u015bwie\u017cym powietrzu, nasze okulary przeciws\u0142oneczne zosta\u0142y zaprojektowane tak, aby zapewni\u0107 najlepsze po\u0142\u0105czenie stylu, ochrony i wydajno\u015bci.<\/p>\n<p><strong>Dlaczego nasze sportowe okulary przeciws\u0142oneczne wyr\u00f3\u017cniaj\u0105 si\u0119:<\/strong><\/p>\n<ol>\n<li><strong>Zaawansowana ochrona:<\/strong> Chro\u0144 swoje oczy przed szkodliwym promieniowaniem UV, wiatrem, kurzem i owadami dzi\u0119ki naszym zaawansowanym sportowym okularom przeciws\u0142onecznym. Priorytetem jest dla nas bezpiecze\u0144stwo i zdrowie Twoich oczu, aby\u015b m\u00f3g\u0142 w spokoju skupi\u0107 si\u0119 na swojej wydajno\u015bci.<\/li>\n<li><strong>Trwa\u0142a konstrukcja:<\/strong> Rozumiemy znaczenie trwa\u0142o\u015bci w przypadku sprz\u0119tu sportowego. Nasze okulary przeciws\u0142oneczne s\u0105 wykonane z trwa\u0142ych materia\u0142\u00f3w i maj\u0105 lekk\u0105 konstrukcj\u0119, kt\u00f3ra zapewnia wygod\u0119 i niezawodno\u015b\u0107 przez ca\u0142y dzie\u0144.<\/li>\n<li><strong>Stylowy wygl\u0105d:<\/strong> Opr\u00f3cz zapewniania najwy\u017cszej wydajno\u015bci, nasze sportowe okulary przeciws\u0142oneczne s\u0105 r\u00f3wnie\u017c stylowe i nowoczesne. Niezale\u017cnie od Twojego stylu i preferencji, mamy okulary przeciws\u0142oneczne, kt\u00f3re pasuj\u0105 do Twojej osobowo\u015bci i zapewniaj\u0105 wyrazisty wygl\u0105d podczas treningu lub w czasie wolnym.<\/li>\n<\/ol>\n<p><strong>Dlaczego warto wybra\u0107 nasze sportowe okulary przeciws\u0142oneczne?<\/strong><\/p>\n<ul>\n<li><strong>Poprawiona wizja:<\/strong> Zoptymalizuj swoj\u0105 wydajno\u015b\u0107 dzi\u0119ki ostremu widzeniu i zmniejszonemu odblaskowi.<\/li>\n<li><strong>Ochrona:<\/strong> Bezpiecze\u0144stwo przede wszystkim \u2013 chro\u0144 swoje oczy przed szkodliwym promieniowaniem s\u0142onecznym i czynnikami zewn\u0119trznymi.<\/li>\n<li><strong>Komfort:<\/strong> Lekka konstrukcja i regulowane funkcje zapewniaj\u0105 wygodne dopasowanie przez ca\u0142y dzie\u0144.<\/li>\n<li><strong>Styl:<\/strong> Wyra\u017a sw\u00f3j styl dzi\u0119ki naszym stylowym sportowym okularom przeciws\u0142onecznym, kt\u00f3re pasuj\u0105 do Twojego aktywnego stylu \u017cycia.<\/li>\n<\/ul>\n<p>Przenie\u015b swoje treningi i przygody na \u015bwie\u017cym powietrzu na wy\u017cszy poziom dzi\u0119ki naszym sportowym okularom przeciws\u0142onecznym. Poznaj idealne po\u0142\u0105czenie stylu, ochrony i wydajno\u015bci i przygotuj si\u0119 na zobaczenie \u015bwiata w zupe\u0142nie nowym \u015bwietle!<\/p>\n<p>&nbsp;<\/p>\n<h4>Materia\u0142: <strong>Szk\u0142o plastikowe i poliw\u0119glanowe<\/strong><\/h4>\n<p>&nbsp;<\/p>\n<h3><strong>Okulary s\u0105 polaryzacyjne<br \/>\n<img loading=\"lazy\" decoding=\"async\" class=\"alignnone size-full wp-image-11712\" src=\"https:\/\/bazarsalg.dk\/wp-content\/uploads\/polarized-logo.jpg\" alt=\"\" width=\"200\" height=\"108\" \/><br \/>\n<\/strong><\/h3>\n<p><em>Spolaryzowane okulary przeciws\u0142oneczne to popularny rodzaj okular\u00f3w przeciws\u0142onecznych zaprojektowanych w celu zmniejszenia odblask\u00f3w od powierzchni odbijaj\u0105cych \u015bwiat\u0142o, takich jak woda, \u015bnieg lub nawierzchnie drogowe. Osi\u0105ga si\u0119 to za pomoc\u0105 folii polaryzacyjnej, kt\u00f3ra blokuje fale \u015bwietlne poruszaj\u0105ce si\u0119 po okre\u015blonej osi. Zmniejsza to odbicia i zapewnia wyra\u017aniejszy i bardziej szczeg\u00f3\u0142owy obraz, zw\u0142aszcza w jasnym \u015bwietle s\u0142onecznym. Je\u015bli sp\u0119dzasz du\u017co czasu na \u015bwie\u017cym powietrzu, zw\u0142aszcza w pobli\u017cu wody lub podczas aktywno\u015bci, takich jak jazda na nartach lub jazda na rowerze, dobrym pomys\u0142em jest wyb\u00f3r okular\u00f3w przeciws\u0142onecznych z polaryzacj\u0105.<br \/>\nDlatego te okulary przeciws\u0142oneczne s\u0105 r\u00f3wnie\u017c bardzo dobre do w\u0119dkowania, poniewa\u017c mo\u017cesz wyra\u017aniej i lepiej widzie\u0107 wod\u0119 podczas wios\u0142owania w kajaku lub innego \u017ceglowania.<\/em><\/p>\n<p>&nbsp;<\/p>\n<h3>Okulary przeciws\u0142oneczne s\u0105 super fajne przez ca\u0142y rok i niezwykle modne.<br \/>\nOkulary przeciws\u0142oneczne Speed \u2013 Okulary przeciws\u0142oneczne na rower \u2013 Okulary w\u0119dkarskie \u2013 Okulary przeciws\u0142oneczne festiwalowe \u2013 Okulary sportowe, tak, drogie dziecko, ma wiele imion\u2026<\/h3>\n<p>&nbsp;<\/p>\n<p>&nbsp;<\/p>\n<table style=\"width: 100%;border-collapse: collapse;border-style: dashed\" border=\"1\">\n<tbody>\n<tr>\n<td style=\"width: 100%\">\n<h2 style=\"text-align: center\"><strong>Rozmiar okular\u00f3w przeciws\u0142onecznych<\/strong><\/h2>\n<\/td>\n<\/tr>\n<\/tbody>\n<\/table>\n<table style=\"width: 100%;border-collapse: collapse;border-style: hidden;margin-left: auto;margin-right: auto\" border=\"1\" cellspacing=\"20\" cellpadding=\"20\">\n<tbody>\n<tr>\n<td style=\"width: 33.3333%;text-align: center\"><strong><img decoding=\"async\" src=\"https:\/\/bazarsalg.dk\/wp-content\/uploads\/bredde.png\" \/><\/strong><\/td>\n<td style=\"width: 33.3333%;text-align: center\"><strong>Szeroko\u015b\u0107<\/strong><\/td>\n<td style=\"width: 33.3333%;text-align: center\"><strong>13,7 cm.<\/strong><\/td>\n<\/tr>\n<tr>\n<td style=\"width: 33.3333%;text-align: center\"><strong><img decoding=\"async\" src=\"https:\/\/bazarsalg.dk\/wp-content\/uploads\/hoejde.png\" \/><\/strong><\/td>\n<td style=\"width: 33.3333%;text-align: center\"><strong>Wysoko\u015b\u0107<\/strong><\/td>\n<td style=\"width: 33.3333%;text-align: center\"><strong>4,2cm.<\/strong><\/td>\n<\/tr>\n<tr>\n<td style=\"width: 33.3333%;text-align: center\"><strong><img decoding=\"async\" src=\"https:\/\/bazarsalg.dk\/wp-content\/uploads\/stang.png\" \/><\/strong><\/td>\n<td style=\"width: 33.3333%;text-align: center\"><strong>D\u0142ugo\u015b\u0107 obiektywu<\/strong><\/td>\n<td style=\"width: 33.3333%;text-align: center\"><strong>13 cm.<\/strong><\/td>\n<\/tr>\n<tr>\n<td style=\"width: 33.3333%;text-align: center\"><strong><img decoding=\"async\" src=\"https:\/\/bazarsalg.dk\/wp-content\/uploads\/glas-bredde.png\" \/><\/strong><\/td>\n<td style=\"width: 33.3333%;text-align: center\"><strong>Szeroko\u015b\u0107 szk\u0142a<\/strong><\/td>\n<td style=\"width: 33.3333%;text-align: center\"><strong>13,2 cm.<\/strong><\/td>\n<\/tr>\n<tr>\n<td style=\"width: 33.3333%;text-align: center\"><strong><img decoding=\"async\" src=\"https:\/\/bazarsalg.dk\/wp-content\/uploads\/bredde-naese.png\" \/><\/strong><\/td>\n<td style=\"width: 33.3333%;text-align: center\"><strong>Przestrze\u0144 mi\u0119dzy szk\u0142em<\/strong><\/td>\n<td style=\"width: 33.3333%;text-align: center\"><strong>Nic<\/strong><\/td>\n<\/tr>\n<\/tbody>\n<\/table>\n<p>&nbsp;<\/p>\n<p><strong>\u00a0<\/strong><\/p>\n<table style=\"width: 100%;border-collapse: collapse;border-style: hidden;margin-left: auto;margin-right: auto\" border=\"1\" cellspacing=\"50\" cellpadding=\"20\">\n<caption>\u00a0<\/caption>\n<caption>\u00a0<\/caption>\n<tbody>\n<tr>\n<td style=\"width: 25%;text-align: center\"><img decoding=\"async\" class=\"aligncenter\" src=\"https:\/\/bazarsalg.dk\/wp-content\/uploads\/UV.png\" \/><\/td>\n<td style=\"width: 25%;text-align: center\"><img decoding=\"async\" src=\"https:\/\/bazarsalg.dk\/wp-content\/uploads\/ce.png\" \/><\/td>\n<td style=\"width: 25%;text-align: center\"><img decoding=\"async\" src=\"https:\/\/bazarsalg.dk\/wp-content\/uploads\/box.png\" \/><\/td>\n<\/tr>\n<tr>\n<td style=\"width: 25%;text-align: center\"><strong>Okulary posiadaj\u0105 ochron\u0119 UV400<\/strong><\/p>\n<p>Blokuje od 99 do 100 procent wszystkich promieni UVA i UVB i chroni oczy przed promieniami s\u0142onecznymi.<\/td>\n<td style=\"width: 25%;text-align: center\"><strong>Certyfikat CE <\/strong><\/p>\n<p>Okulary przeciws\u0142oneczne spe\u0142niaj\u0105 wszystkie wymogi prawne obowi\u0105zuj\u0105ce w UE, co gwarantuje, \u017ce s\u0105 one testowane i zatwierdzane.<\/td>\n<td style=\"width: 25%;text-align: center\"><strong>Wysy\u0142ane w kartonowym pude\u0142ku, aby si\u0119 nie po\u0142ama\u0142y <\/strong><\/p>\n<p>Zawsze bezpiecznie pakujemy okulary przeciws\u0142oneczne, aby dotar\u0142y w dobrym stanie.<\/td>\n<\/tr>\n<\/tbody>\n<\/table>","protected":false},"excerpt":{"rendered":"<p><strong>Czarna matowa ramka<\/strong><br \/>\n<strong>Guma na kierownicy, dzi\u0119ki czemu lepiej le\u017c\u0105<br \/>\nSzk\u0142o polaryzacyjne dla optymalnej widoczno\u015bci<br \/>\nSzk\u0142o wielokolorowe<\/strong><\/p>\n<p><em>Certyfikat CE<\/em><br \/>\n<em>Ochrona UV400<\/em><\/p>","protected":false},"featured_media":12256,"comment_status":"open","ping_status":"closed","template":"","meta":{"om_disable_all_campaigns":false,"_monsterinsights_skip_tracking":false,"_monsterinsights_sitenote_active":false,"_monsterinsights_sitenote_note":"","_monsterinsights_sitenote_category":0},"product_brand":[],"product_cat":[1026,1029,1025,1046,1546],"product_tag":[1547,1548,870],"class_list":{"0":"post-12257","1":"product","2":"type-product","3":"status-publish","4":"has-post-thumbnail","6":"product_cat-dame-solbriller","7":"product_cat-herre-solbriller","8":"product_cat-billige-solbriller","9":"product_cat-cykelbriller","10":"product_cat-hurtigbriller","11":"product_tag-cykelsolbriller","12":"product_tag-hurtigbriller","13":"product_tag-p693","15":"first","16":"instock","17":"shipping-taxable","18":"purchasable","19":"product-type-simple"},"yoast_head":"<!-- This site is optimized with the Yoast SEO plugin v27.2 - https:\/\/yoast.com\/product\/yoast-seo-wordpress\/ -->\n<title>Matsorte hurtigbriller \/ sportssolbriller med r\u00f8d kobber detalje | Trentino | K\u00f8b online her | LOCS<\/title>\n<meta name=\"description\" content=\"K\u00f8b Matsorte hurtigbriller \/ sportssolbriller med r\u00f8d kobber detalje | Trentino her | EU&#039;s st\u00f8rste udvalg af LOCS solbriller | Vi sender fra EU - Ingen ekstra import udgifter\" \/>\n<meta name=\"robots\" content=\"index, follow, max-snippet:-1, max-image-preview:large, max-video-preview:-1\" \/>\n<link rel=\"canonical\" href=\"https:\/\/locsshop.eu\/pl\/shop\/matsorte-hurtigbriller-sportssolbriller-roed-detalje-trentino\/\" \/>\n<meta property=\"og:locale\" content=\"pl_PL\" \/>\n<meta property=\"og:type\" content=\"article\" \/>\n<meta property=\"og:title\" content=\"Matsorte hurtigbriller \/ sportssolbriller med r\u00f8d kobber detalje | Trentino | K\u00f8b online her | LOCS\" \/>\n<meta property=\"og:description\" content=\"K\u00f8b Matsorte hurtigbriller \/ sportssolbriller med r\u00f8d kobber detalje | Trentino her | EU&#039;s st\u00f8rste udvalg af LOCS solbriller | Vi sender fra EU - Ingen ekstra import udgifter\" \/>\n<meta property=\"og:url\" content=\"https:\/\/locsshop.eu\/pl\/shop\/matsorte-hurtigbriller-sportssolbriller-roed-detalje-trentino\/\" \/>\n<meta property=\"og:site_name\" content=\"Locs Sunglasses - LOCS Supplier in EU\" \/>\n<meta property=\"article:modified_time\" content=\"2024-07-11T21:49:07+00:00\" \/>\n<meta property=\"og:image\" content=\"https:\/\/locsshop.eu\/wp-content\/uploads\/2024\/03\/BM6011-RD-polarized.jpg\" \/>\n\t<meta property=\"og:image:width\" content=\"800\" \/>\n\t<meta property=\"og:image:height\" content=\"800\" \/>\n\t<meta property=\"og:image:type\" content=\"image\/jpeg\" \/>\n<meta name=\"twitter:card\" content=\"summary_large_image\" \/>\n<meta name=\"twitter:label1\" content=\"Est. reading time\" \/>\n\t<meta name=\"twitter:data1\" content=\"3 minutes\" \/>\n<script type=\"application\/ld+json\" class=\"yoast-schema-graph\">{\"@context\":\"https:\/\/schema.org\",\"@graph\":[{\"@type\":\"WebPage\",\"@id\":\"https:\/\/locsshop.eu\/shop\/matsorte-hurtigbriller-sportssolbriller-roed-detalje-trentino\/\",\"url\":\"https:\/\/locsshop.eu\/shop\/matsorte-hurtigbriller-sportssolbriller-roed-detalje-trentino\/\",\"name\":\"Matsorte hurtigbriller \/ sportssolbriller med r\u00f8d kobber detalje | Trentino | K\u00f8b online her | LOCS\",\"isPartOf\":{\"@id\":\"https:\/\/locsshop.eu\/#website\"},\"primaryImageOfPage\":{\"@id\":\"https:\/\/locsshop.eu\/shop\/matsorte-hurtigbriller-sportssolbriller-roed-detalje-trentino\/#primaryimage\"},\"image\":{\"@id\":\"https:\/\/locsshop.eu\/shop\/matsorte-hurtigbriller-sportssolbriller-roed-detalje-trentino\/#primaryimage\"},\"thumbnailUrl\":\"https:\/\/locsshop.eu\/wp-content\/uploads\/2024\/03\/BM6011-RD-polarized.jpg\",\"datePublished\":\"2024-03-20T21:35:19+00:00\",\"dateModified\":\"2024-07-11T21:49:07+00:00\",\"description\":\"K\u00f8b Matsorte hurtigbriller \/ sportssolbriller med r\u00f8d kobber detalje | Trentino her | EU's st\u00f8rste udvalg af LOCS solbriller | Vi sender fra EU - Ingen ekstra import udgifter\",\"breadcrumb\":{\"@id\":\"https:\/\/locsshop.eu\/shop\/matsorte-hurtigbriller-sportssolbriller-roed-detalje-trentino\/#breadcrumb\"},\"inLanguage\":\"pl-PL\",\"potentialAction\":[{\"@type\":\"ReadAction\",\"target\":[\"https:\/\/locsshop.eu\/shop\/matsorte-hurtigbriller-sportssolbriller-roed-detalje-trentino\/\"]}]},{\"@type\":\"ImageObject\",\"inLanguage\":\"pl-PL\",\"@id\":\"https:\/\/locsshop.eu\/shop\/matsorte-hurtigbriller-sportssolbriller-roed-detalje-trentino\/#primaryimage\",\"url\":\"https:\/\/locsshop.eu\/wp-content\/uploads\/2024\/03\/BM6011-RD-polarized.jpg\",\"contentUrl\":\"https:\/\/locsshop.eu\/wp-content\/uploads\/2024\/03\/BM6011-RD-polarized.jpg\",\"width\":800,\"height\":800},{\"@type\":\"BreadcrumbList\",\"@id\":\"https:\/\/locsshop.eu\/shop\/matsorte-hurtigbriller-sportssolbriller-roed-detalje-trentino\/#breadcrumb\",\"itemListElement\":[{\"@type\":\"ListItem\",\"position\":1,\"name\":\"Hjem\",\"item\":\"https:\/\/locsshop.eu\/\"},{\"@type\":\"ListItem\",\"position\":2,\"name\":\"Shop\",\"item\":\"https:\/\/locsshop.eu\/shop\/\"},{\"@type\":\"ListItem\",\"position\":3,\"name\":\"Matsorte hurtigbriller \/ sportssolbriller med r\u00f8d kobber detalje | Trentino\"}]},{\"@type\":\"WebSite\",\"@id\":\"https:\/\/locsshop.eu\/#website\",\"url\":\"https:\/\/locsshop.eu\/\",\"name\":\"Locs Sunglasses - LOCS Supplier in EU\",\"description\":\"We sell cheap LOCS Sunglasses\",\"publisher\":{\"@id\":\"https:\/\/locsshop.eu\/#organization\"},\"potentialAction\":[{\"@type\":\"SearchAction\",\"target\":{\"@type\":\"EntryPoint\",\"urlTemplate\":\"https:\/\/locsshop.eu\/?s={search_term_string}\"},\"query-input\":{\"@type\":\"PropertyValueSpecification\",\"valueRequired\":true,\"valueName\":\"search_term_string\"}}],\"inLanguage\":\"pl-PL\"},{\"@type\":\"Organization\",\"@id\":\"https:\/\/locsshop.eu\/#organization\",\"name\":\"Locsshop.eu\",\"url\":\"https:\/\/locsshop.eu\/\",\"logo\":{\"@type\":\"ImageObject\",\"inLanguage\":\"pl-PL\",\"@id\":\"https:\/\/locsshop.eu\/#\/schema\/logo\/image\/\",\"url\":\"https:\/\/locsshop.eu\/wp-content\/uploads\/2022\/02\/Locsshop-logo.png\",\"contentUrl\":\"https:\/\/locsshop.eu\/wp-content\/uploads\/2022\/02\/Locsshop-logo.png\",\"width\":930,\"height\":200,\"caption\":\"Locsshop.eu\"},\"image\":{\"@id\":\"https:\/\/locsshop.eu\/#\/schema\/logo\/image\/\"}}]}<\/script>\n<!-- \/ Yoast SEO plugin. -->","yoast_head_json":{"title":"Matowe czarne okulary Speed \/ sportowe okulary przeciws\u0142oneczne z czerwonymi miedzianymi detalami | Trydent | Kup online tutaj | LOKI","description":"Kup Matowe czarne okulary Speed \/ sportowe okulary przeciws\u0142oneczne z zielonymi detalami | Tutaj Trentino | Najwi\u0119kszy w UE wyb\u00f3r okular\u00f3w przeciws\u0142onecznych LOCS | Wysy\u0142amy z UE - bez dodatkowych koszt\u00f3w importu","robots":{"index":"index","follow":"follow","max-snippet":"max-snippet:-1","max-image-preview":"max-image-preview:large","max-video-preview":"max-video-preview:-1"},"canonical":"https:\/\/locsshop.eu\/pl\/shop\/matsorte-hurtigbriller-sportssolbriller-roed-detalje-trentino\/","og_locale":"pl_PL","og_type":"article","og_title":"Matsorte hurtigbriller \/ sportssolbriller med r\u00f8d kobber detalje | Trentino | K\u00f8b online her | LOCS","og_description":"K\u00f8b Matsorte hurtigbriller \/ sportssolbriller med r\u00f8d kobber detalje | Trentino her | EU's st\u00f8rste udvalg af LOCS solbriller | Vi sender fra EU - Ingen ekstra import udgifter","og_url":"https:\/\/locsshop.eu\/pl\/shop\/matsorte-hurtigbriller-sportssolbriller-roed-detalje-trentino\/","og_site_name":"Locs Sunglasses - LOCS Supplier in EU","article_modified_time":"2024-07-11T21:49:07+00:00","og_image":[{"width":800,"height":800,"url":"https:\/\/locsshop.eu\/wp-content\/uploads\/2024\/03\/BM6011-RD-polarized.jpg","type":"image\/jpeg"}],"twitter_card":"summary_large_image","twitter_misc":{"Est. reading time":"3 minutes"},"schema":{"@context":"https:\/\/schema.org","@graph":[{"@type":"WebPage","@id":"https:\/\/locsshop.eu\/shop\/matsorte-hurtigbriller-sportssolbriller-roed-detalje-trentino\/","url":"https:\/\/locsshop.eu\/shop\/matsorte-hurtigbriller-sportssolbriller-roed-detalje-trentino\/","name":"Matowe czarne okulary Speed \/ sportowe okulary przeciws\u0142oneczne z czerwonymi miedzianymi detalami | Trydent | Kup online tutaj | LOKI","isPartOf":{"@id":"https:\/\/locsshop.eu\/#website"},"primaryImageOfPage":{"@id":"https:\/\/locsshop.eu\/shop\/matsorte-hurtigbriller-sportssolbriller-roed-detalje-trentino\/#primaryimage"},"image":{"@id":"https:\/\/locsshop.eu\/shop\/matsorte-hurtigbriller-sportssolbriller-roed-detalje-trentino\/#primaryimage"},"thumbnailUrl":"https:\/\/locsshop.eu\/wp-content\/uploads\/2024\/03\/BM6011-RD-polarized.jpg","datePublished":"2024-03-20T21:35:19+00:00","dateModified":"2024-07-11T21:49:07+00:00","description":"Kup Matowe czarne okulary Speed \/ sportowe okulary przeciws\u0142oneczne z zielonymi detalami | Tutaj Trentino | Najwi\u0119kszy w UE wyb\u00f3r okular\u00f3w przeciws\u0142onecznych LOCS | Wysy\u0142amy z UE - bez dodatkowych koszt\u00f3w importu","breadcrumb":{"@id":"https:\/\/locsshop.eu\/shop\/matsorte-hurtigbriller-sportssolbriller-roed-detalje-trentino\/#breadcrumb"},"inLanguage":"pl-PL","potentialAction":[{"@type":"ReadAction","target":["https:\/\/locsshop.eu\/shop\/matsorte-hurtigbriller-sportssolbriller-roed-detalje-trentino\/"]}]},{"@type":"ImageObject","inLanguage":"pl-PL","@id":"https:\/\/locsshop.eu\/shop\/matsorte-hurtigbriller-sportssolbriller-roed-detalje-trentino\/#primaryimage","url":"https:\/\/locsshop.eu\/wp-content\/uploads\/2024\/03\/BM6011-RD-polarized.jpg","contentUrl":"https:\/\/locsshop.eu\/wp-content\/uploads\/2024\/03\/BM6011-RD-polarized.jpg","width":800,"height":800},{"@type":"BreadcrumbList","@id":"https:\/\/locsshop.eu\/shop\/matsorte-hurtigbriller-sportssolbriller-roed-detalje-trentino\/#breadcrumb","itemListElement":[{"@type":"ListItem","position":1,"name":"Hjem","item":"https:\/\/locsshop.eu\/"},{"@type":"ListItem","position":2,"name":"Shop","item":"https:\/\/locsshop.eu\/shop\/"},{"@type":"ListItem","position":3,"name":"Matsorte hurtigbriller \/ sportssolbriller med r\u00f8d kobber detalje | Trentino"}]},{"@type":"WebSite","@id":"https:\/\/locsshop.eu\/#website","url":"https:\/\/locsshop.eu\/","name":"Okulary przeciws\u0142oneczne Locs - Dostawca LOCS w UE","description":"Sprzedajemy tanie okulary przeciws\u0142oneczne LOCS","publisher":{"@id":"https:\/\/locsshop.eu\/#organization"},"potentialAction":[{"@type":"SearchAction","target":{"@type":"EntryPoint","urlTemplate":"https:\/\/locsshop.eu\/?s={search_term_string}"},"query-input":{"@type":"PropertyValueSpecification","valueRequired":true,"valueName":"search_term_string"}}],"inLanguage":"pl-PL"},{"@type":"Organization","@id":"https:\/\/locsshop.eu\/#organization","name":"Locsshop.eu","url":"https:\/\/locsshop.eu\/","logo":{"@type":"ImageObject","inLanguage":"pl-PL","@id":"https:\/\/locsshop.eu\/#\/schema\/logo\/image\/","url":"https:\/\/locsshop.eu\/wp-content\/uploads\/2022\/02\/Locsshop-logo.png","contentUrl":"https:\/\/locsshop.eu\/wp-content\/uploads\/2022\/02\/Locsshop-logo.png","width":930,"height":200,"caption":"Locsshop.eu"},"image":{"@id":"https:\/\/locsshop.eu\/#\/schema\/logo\/image\/"}}]}},"_links":{"self":[{"href":"https:\/\/locsshop.eu\/pl\/wp-json\/wp\/v2\/product\/12257","targetHints":{"allow":["GET"]}}],"collection":[{"href":"https:\/\/locsshop.eu\/pl\/wp-json\/wp\/v2\/product"}],"about":[{"href":"https:\/\/locsshop.eu\/pl\/wp-json\/wp\/v2\/types\/product"}],"replies":[{"embeddable":true,"href":"https:\/\/locsshop.eu\/pl\/wp-json\/wp\/v2\/comments?post=12257"}],"wp:featuredmedia":[{"embeddable":true,"href":"https:\/\/locsshop.eu\/pl\/wp-json\/wp\/v2\/media\/12256"}],"wp:attachment":[{"href":"https:\/\/locsshop.eu\/pl\/wp-json\/wp\/v2\/media?parent=12257"}],"wp:term":[{"taxonomy":"product_brand","embeddable":true,"href":"https:\/\/locsshop.eu\/pl\/wp-json\/wp\/v2\/product_brand?post=12257"},{"taxonomy":"product_cat","embeddable":true,"href":"https:\/\/locsshop.eu\/pl\/wp-json\/wp\/v2\/product_cat?post=12257"},{"taxonomy":"product_tag","embeddable":true,"href":"https:\/\/locsshop.eu\/pl\/wp-json\/wp\/v2\/product_tag?post=12257"}],"curies":[{"name":"wp","href":"https:\/\/api.w.org\/{rel}","templated":true}]}}