{"id":12274,"date":"2024-03-20T23:33:42","date_gmt":"2024-03-20T22:33:42","guid":{"rendered":"https:\/\/locsshop.eu\/da\/shop\/matsorte-fit-over-solbriller-der-kan-vippes-op-moerke-glas\/"},"modified":"2026-04-09T08:26:40","modified_gmt":"2026-04-09T06:26:40","slug":"matsorte-fit-over-solbriller-der-kan-vippes-op-moerke-glas","status":"publish","type":"product","link":"https:\/\/locsshop.eu\/pl\/shop\/matsorte-fit-over-solbriller-der-kan-vippes-op-moerke-glas\/","title":{"rendered":"Matowe czarne okulary przeciws\u0142oneczne Fit-Over z mo\u017cliwo\u015bci\u0105 odchylenia do g\u00f3ry - Ciemne soczewki"},"content":{"rendered":"<h2>Czarne okulary przeciws\u0142oneczne Fit-Over, kt\u00f3re mo\u017cesz nosi\u0107 poza ja\u0142mu\u017cn\u0105. okulary<\/h2>\n<p>Je\u015bli nosisz okulary i chcesz okulary przeciws\u0142oneczne, kt\u00f3re mo\u017cesz za\u0142o\u017cy\u0107 opr\u00f3cz okular\u00f3w, musisz kupi\u0107 par\u0119 dopasowanych okular\u00f3w przeciws\u0142onecznych.<br \/>\nPosiadaj\u0105 wygodne br\u0105zowe okulary z inteligentn\u0105 funkcj\u0105 pochylania, dzi\u0119ki czemu mo\u017cna je otworzy\u0107, gdy nie jest potrzebny efekt okular\u00f3w przeciws\u0142onecznych (na przyk\u0142ad podczas wchodzenia do sklepu)<\/p>\n<p><strong>Okulary Fit over s\u0105 zaprojektowane tak, aby mo\u017cna je by\u0142o nosi\u0107 na normalnych okularach.<br \/>\nSkorzystaj z poni\u017cszych wymiar\u00f3w i sprawd\u017a, czy pasuj\u0105 do Twoich okular\u00f3w<\/strong><\/p>\n<p>Szeroko\u015b\u0107 wewn\u0119trzna: 13,7 cm.<br \/>\nWysoko\u015b\u0107 wewn\u0119trzna: 4,1 cm.<br \/>\nD\u0142ugo\u015b\u0107 boku wewn\u0119trznego: 15,2 cm.<\/p>\n<p>Rama materia\u0142owa: plastik;<br \/>\nOchrona UV400<\/p>\n<h3><strong>Okulary s\u0105 polaryzacyjne<br \/>\n<img loading=\"lazy\" decoding=\"async\" class=\"alignnone size-full wp-image-11712\" src=\"https:\/\/bazarsalg.dk\/wp-content\/uploads\/polarized-logo.jpg\" alt=\"\" width=\"200\" height=\"108\" \/><br \/>\n<\/strong><\/h3>\n<p><em>Spolaryzowane okulary przeciws\u0142oneczne to popularny rodzaj okular\u00f3w przeciws\u0142onecznych zaprojektowanych w celu zmniejszenia odblask\u00f3w od powierzchni odbijaj\u0105cych \u015bwiat\u0142o, takich jak woda, \u015bnieg lub nawierzchnie drogowe. Osi\u0105ga si\u0119 to za pomoc\u0105 folii polaryzacyjnej, kt\u00f3ra blokuje fale \u015bwietlne poruszaj\u0105ce si\u0119 po okre\u015blonej osi. Zmniejsza to odbicia i zapewnia wyra\u017aniejszy i bardziej szczeg\u00f3\u0142owy obraz, zw\u0142aszcza w jasnym \u015bwietle s\u0142onecznym. Je\u015bli sp\u0119dzasz du\u017co czasu na \u015bwie\u017cym powietrzu, zw\u0142aszcza w pobli\u017cu wody lub podczas aktywno\u015bci, takich jak jazda na nartach lub jazda na rowerze, dobrym pomys\u0142em jest wyb\u00f3r okular\u00f3w przeciws\u0142onecznych z polaryzacj\u0105.<\/em><\/p>","protected":false},"excerpt":{"rendered":"<ul>\n<li><strong>Noszone na zewn\u0105trz przez genera\u0142a. okulary<\/strong><\/li>\n<li><strong>Matowa powierzchnia<\/strong><\/li>\n<li><strong>Soczewki polaryzacyjne dla optymalnej widoczno\u015bci<\/strong><\/li>\n<\/ul>","protected":false},"featured_media":12273,"comment_status":"open","ping_status":"closed","template":"","meta":{"om_disable_all_campaigns":false,"_monsterinsights_skip_tracking":false,"_monsterinsights_sitenote_active":false,"_monsterinsights_sitenote_note":"","_monsterinsights_sitenote_category":0},"product_brand":[],"product_cat":[1026,1029,1025,1032],"product_tag":[445,1297,447,870],"class_list":{"0":"post-12274","1":"product","2":"type-product","3":"status-publish","4":"has-post-thumbnail","6":"product_cat-dame-solbriller","7":"product_cat-herre-solbriller","8":"product_cat-billige-solbriller","9":"product_cat-fit-over-solbriller","10":"product_tag-fit","11":"product_tag-fit-over","12":"product_tag-over","13":"product_tag-p693","15":"first","16":"outofstock","17":"shipping-taxable","18":"purchasable","19":"product-type-simple"},"yoast_head":"<!-- This site is optimized with the Yoast SEO plugin v27.5 - https:\/\/yoast.com\/product\/yoast-seo-wordpress\/ -->\n<title>Matsorte Fit-Over solbriller der kan vippes op - M\u00f8rke glas | K\u00f8b online her | LOCS<\/title>\n<meta name=\"description\" content=\"K\u00f8b Matsorte Fit-Over solbriller der kan vippes op - M\u00f8rke glas her | EU&#039;s st\u00f8rste udvalg af LOCS solbriller | Vi sender fra EU - Ingen ekstra import udgifter\" \/>\n<meta name=\"robots\" content=\"index, follow, max-snippet:-1, max-image-preview:large, max-video-preview:-1\" \/>\n<link rel=\"canonical\" href=\"https:\/\/locsshop.eu\/pl\/shop\/matsorte-fit-over-solbriller-der-kan-vippes-op-moerke-glas\/\" \/>\n<meta property=\"og:locale\" content=\"pl_PL\" \/>\n<meta property=\"og:type\" content=\"article\" \/>\n<meta property=\"og:title\" content=\"Matsorte Fit-Over solbriller der kan vippes op - M\u00f8rke glas | K\u00f8b online her | LOCS\" \/>\n<meta property=\"og:description\" content=\"K\u00f8b Matsorte Fit-Over solbriller der kan vippes op - M\u00f8rke glas her | EU&#039;s st\u00f8rste udvalg af LOCS solbriller | Vi sender fra EU - Ingen ekstra import udgifter\" \/>\n<meta property=\"og:url\" content=\"https:\/\/locsshop.eu\/pl\/shop\/matsorte-fit-over-solbriller-der-kan-vippes-op-moerke-glas\/\" \/>\n<meta property=\"og:site_name\" content=\"Locs Sunglasses - LOCS Supplier in EU\" \/>\n<meta property=\"article:modified_time\" content=\"2026-04-09T06:26:40+00:00\" \/>\n<meta property=\"og:image\" content=\"https:\/\/locsshop.eu\/wp-content\/uploads\/2024\/03\/Fit-over-Mat-sort.jpg\" \/>\n\t<meta property=\"og:image:width\" content=\"800\" \/>\n\t<meta property=\"og:image:height\" content=\"800\" \/>\n\t<meta property=\"og:image:type\" content=\"image\/jpeg\" \/>\n<meta name=\"twitter:card\" content=\"summary_large_image\" \/>\n<meta name=\"twitter:label1\" content=\"Est. reading time\" \/>\n\t<meta name=\"twitter:data1\" content=\"1 minute\" \/>\n<script type=\"application\/ld+json\" class=\"yoast-schema-graph\">{\"@context\":\"https:\\\/\\\/schema.org\",\"@graph\":[{\"@type\":\"WebPage\",\"@id\":\"https:\\\/\\\/locsshop.eu\\\/shop\\\/matsorte-fit-over-solbriller-der-kan-vippes-op-moerke-glas\\\/\",\"url\":\"https:\\\/\\\/locsshop.eu\\\/shop\\\/matsorte-fit-over-solbriller-der-kan-vippes-op-moerke-glas\\\/\",\"name\":\"Matsorte Fit-Over solbriller der kan vippes op - M\u00f8rke glas | K\u00f8b online her | LOCS\",\"isPartOf\":{\"@id\":\"https:\\\/\\\/locsshop.eu\\\/#website\"},\"primaryImageOfPage\":{\"@id\":\"https:\\\/\\\/locsshop.eu\\\/shop\\\/matsorte-fit-over-solbriller-der-kan-vippes-op-moerke-glas\\\/#primaryimage\"},\"image\":{\"@id\":\"https:\\\/\\\/locsshop.eu\\\/shop\\\/matsorte-fit-over-solbriller-der-kan-vippes-op-moerke-glas\\\/#primaryimage\"},\"thumbnailUrl\":\"https:\\\/\\\/locsshop.eu\\\/wp-content\\\/uploads\\\/2024\\\/03\\\/Fit-over-Mat-sort.jpg\",\"datePublished\":\"2024-03-20T22:33:42+00:00\",\"dateModified\":\"2026-04-09T06:26:40+00:00\",\"description\":\"K\u00f8b Matsorte Fit-Over solbriller der kan vippes op - M\u00f8rke glas her | EU's st\u00f8rste udvalg af LOCS solbriller | Vi sender fra EU - Ingen ekstra import udgifter\",\"breadcrumb\":{\"@id\":\"https:\\\/\\\/locsshop.eu\\\/shop\\\/matsorte-fit-over-solbriller-der-kan-vippes-op-moerke-glas\\\/#breadcrumb\"},\"inLanguage\":\"pl-PL\",\"potentialAction\":[{\"@type\":\"ReadAction\",\"target\":[\"https:\\\/\\\/locsshop.eu\\\/shop\\\/matsorte-fit-over-solbriller-der-kan-vippes-op-moerke-glas\\\/\"]}]},{\"@type\":\"ImageObject\",\"inLanguage\":\"pl-PL\",\"@id\":\"https:\\\/\\\/locsshop.eu\\\/shop\\\/matsorte-fit-over-solbriller-der-kan-vippes-op-moerke-glas\\\/#primaryimage\",\"url\":\"https:\\\/\\\/locsshop.eu\\\/wp-content\\\/uploads\\\/2024\\\/03\\\/Fit-over-Mat-sort.jpg\",\"contentUrl\":\"https:\\\/\\\/locsshop.eu\\\/wp-content\\\/uploads\\\/2024\\\/03\\\/Fit-over-Mat-sort.jpg\",\"width\":800,\"height\":800},{\"@type\":\"BreadcrumbList\",\"@id\":\"https:\\\/\\\/locsshop.eu\\\/shop\\\/matsorte-fit-over-solbriller-der-kan-vippes-op-moerke-glas\\\/#breadcrumb\",\"itemListElement\":[{\"@type\":\"ListItem\",\"position\":1,\"name\":\"Hjem\",\"item\":\"https:\\\/\\\/locsshop.eu\\\/\"},{\"@type\":\"ListItem\",\"position\":2,\"name\":\"Shop\",\"item\":\"https:\\\/\\\/locsshop.eu\\\/shop\\\/\"},{\"@type\":\"ListItem\",\"position\":3,\"name\":\"Matsorte Fit-Over solbriller der kan vippes op &#8211; M\u00f8rke glas\"}]},{\"@type\":\"WebSite\",\"@id\":\"https:\\\/\\\/locsshop.eu\\\/#website\",\"url\":\"https:\\\/\\\/locsshop.eu\\\/\",\"name\":\"Locs Sunglasses - LOCS Supplier in EU\",\"description\":\"We sell cheap LOCS Sunglasses\",\"publisher\":{\"@id\":\"https:\\\/\\\/locsshop.eu\\\/#organization\"},\"potentialAction\":[{\"@type\":\"SearchAction\",\"target\":{\"@type\":\"EntryPoint\",\"urlTemplate\":\"https:\\\/\\\/locsshop.eu\\\/?s={search_term_string}\"},\"query-input\":{\"@type\":\"PropertyValueSpecification\",\"valueRequired\":true,\"valueName\":\"search_term_string\"}}],\"inLanguage\":\"pl-PL\"},{\"@type\":\"Organization\",\"@id\":\"https:\\\/\\\/locsshop.eu\\\/#organization\",\"name\":\"Locsshop.eu\",\"url\":\"https:\\\/\\\/locsshop.eu\\\/\",\"logo\":{\"@type\":\"ImageObject\",\"inLanguage\":\"pl-PL\",\"@id\":\"https:\\\/\\\/locsshop.eu\\\/#\\\/schema\\\/logo\\\/image\\\/\",\"url\":\"https:\\\/\\\/locsshop.eu\\\/wp-content\\\/uploads\\\/2022\\\/02\\\/Locsshop-logo.png\",\"contentUrl\":\"https:\\\/\\\/locsshop.eu\\\/wp-content\\\/uploads\\\/2022\\\/02\\\/Locsshop-logo.png\",\"width\":930,\"height\":200,\"caption\":\"Locsshop.eu\"},\"image\":{\"@id\":\"https:\\\/\\\/locsshop.eu\\\/#\\\/schema\\\/logo\\\/image\\\/\"}}]}<\/script>\n<!-- \/ Yoast SEO plugin. -->","yoast_head_json":{"title":"B\u0142yszcz\u0105ce czarne okulary przeciws\u0142oneczne Flip Up Fit-Over - ciemne soczewki | Kup online tutaj | LOKI","description":"Kup b\u0142yszcz\u0105ce czarne dopasowane okulary przeciws\u0142oneczne z mo\u017cliwo\u015bci\u0105 odchylenia do g\u00f3ry \u2013 ciemne soczewki tutaj | Najwi\u0119kszy w UE wyb\u00f3r okular\u00f3w przeciws\u0142onecznych LOCS | Wysy\u0142amy z UE - bez dodatkowych koszt\u00f3w importu","robots":{"index":"index","follow":"follow","max-snippet":"max-snippet:-1","max-image-preview":"max-image-preview:large","max-video-preview":"max-video-preview:-1"},"canonical":"https:\/\/locsshop.eu\/pl\/shop\/matsorte-fit-over-solbriller-der-kan-vippes-op-moerke-glas\/","og_locale":"pl_PL","og_type":"article","og_title":"Matsorte Fit-Over solbriller der kan vippes op - M\u00f8rke glas | K\u00f8b online her | LOCS","og_description":"K\u00f8b Matsorte Fit-Over solbriller der kan vippes op - M\u00f8rke glas her | EU's st\u00f8rste udvalg af LOCS solbriller | Vi sender fra EU - Ingen ekstra import udgifter","og_url":"https:\/\/locsshop.eu\/pl\/shop\/matsorte-fit-over-solbriller-der-kan-vippes-op-moerke-glas\/","og_site_name":"Locs Sunglasses - LOCS Supplier in EU","article_modified_time":"2026-04-09T06:26:40+00:00","og_image":[{"width":800,"height":800,"url":"https:\/\/locsshop.eu\/wp-content\/uploads\/2024\/03\/Fit-over-Mat-sort.jpg","type":"image\/jpeg"}],"twitter_card":"summary_large_image","twitter_misc":{"Est. reading time":"1 minute"},"schema":{"@context":"https:\/\/schema.org","@graph":[{"@type":"WebPage","@id":"https:\/\/locsshop.eu\/shop\/matsorte-fit-over-solbriller-der-kan-vippes-op-moerke-glas\/","url":"https:\/\/locsshop.eu\/shop\/matsorte-fit-over-solbriller-der-kan-vippes-op-moerke-glas\/","name":"B\u0142yszcz\u0105ce czarne okulary przeciws\u0142oneczne Flip Up Fit-Over - ciemne soczewki | Kup online tutaj | LOKI","isPartOf":{"@id":"https:\/\/locsshop.eu\/#website"},"primaryImageOfPage":{"@id":"https:\/\/locsshop.eu\/shop\/matsorte-fit-over-solbriller-der-kan-vippes-op-moerke-glas\/#primaryimage"},"image":{"@id":"https:\/\/locsshop.eu\/shop\/matsorte-fit-over-solbriller-der-kan-vippes-op-moerke-glas\/#primaryimage"},"thumbnailUrl":"https:\/\/locsshop.eu\/wp-content\/uploads\/2024\/03\/Fit-over-Mat-sort.jpg","datePublished":"2024-03-20T22:33:42+00:00","dateModified":"2026-04-09T06:26:40+00:00","description":"Kup b\u0142yszcz\u0105ce czarne dopasowane okulary przeciws\u0142oneczne z mo\u017cliwo\u015bci\u0105 odchylenia do g\u00f3ry \u2013 ciemne soczewki tutaj | Najwi\u0119kszy w UE wyb\u00f3r okular\u00f3w przeciws\u0142onecznych LOCS | Wysy\u0142amy z UE - bez dodatkowych koszt\u00f3w importu","breadcrumb":{"@id":"https:\/\/locsshop.eu\/shop\/matsorte-fit-over-solbriller-der-kan-vippes-op-moerke-glas\/#breadcrumb"},"inLanguage":"pl-PL","potentialAction":[{"@type":"ReadAction","target":["https:\/\/locsshop.eu\/shop\/matsorte-fit-over-solbriller-der-kan-vippes-op-moerke-glas\/"]}]},{"@type":"ImageObject","inLanguage":"pl-PL","@id":"https:\/\/locsshop.eu\/shop\/matsorte-fit-over-solbriller-der-kan-vippes-op-moerke-glas\/#primaryimage","url":"https:\/\/locsshop.eu\/wp-content\/uploads\/2024\/03\/Fit-over-Mat-sort.jpg","contentUrl":"https:\/\/locsshop.eu\/wp-content\/uploads\/2024\/03\/Fit-over-Mat-sort.jpg","width":800,"height":800},{"@type":"BreadcrumbList","@id":"https:\/\/locsshop.eu\/shop\/matsorte-fit-over-solbriller-der-kan-vippes-op-moerke-glas\/#breadcrumb","itemListElement":[{"@type":"ListItem","position":1,"name":"Hjem","item":"https:\/\/locsshop.eu\/"},{"@type":"ListItem","position":2,"name":"Shop","item":"https:\/\/locsshop.eu\/shop\/"},{"@type":"ListItem","position":3,"name":"Matsorte Fit-Over solbriller der kan vippes op &#8211; M\u00f8rke glas"}]},{"@type":"WebSite","@id":"https:\/\/locsshop.eu\/#website","url":"https:\/\/locsshop.eu\/","name":"Okulary przeciws\u0142oneczne Locs - Dostawca LOCS w UE","description":"Sprzedajemy tanie okulary przeciws\u0142oneczne LOCS","publisher":{"@id":"https:\/\/locsshop.eu\/#organization"},"potentialAction":[{"@type":"SearchAction","target":{"@type":"EntryPoint","urlTemplate":"https:\/\/locsshop.eu\/?s={search_term_string}"},"query-input":{"@type":"PropertyValueSpecification","valueRequired":true,"valueName":"search_term_string"}}],"inLanguage":"pl-PL"},{"@type":"Organization","@id":"https:\/\/locsshop.eu\/#organization","name":"Locsshop.eu","url":"https:\/\/locsshop.eu\/","logo":{"@type":"ImageObject","inLanguage":"pl-PL","@id":"https:\/\/locsshop.eu\/#\/schema\/logo\/image\/","url":"https:\/\/locsshop.eu\/wp-content\/uploads\/2022\/02\/Locsshop-logo.png","contentUrl":"https:\/\/locsshop.eu\/wp-content\/uploads\/2022\/02\/Locsshop-logo.png","width":930,"height":200,"caption":"Locsshop.eu"},"image":{"@id":"https:\/\/locsshop.eu\/#\/schema\/logo\/image\/"}}]}},"_links":{"self":[{"href":"https:\/\/locsshop.eu\/pl\/wp-json\/wp\/v2\/product\/12274","targetHints":{"allow":["GET"]}}],"collection":[{"href":"https:\/\/locsshop.eu\/pl\/wp-json\/wp\/v2\/product"}],"about":[{"href":"https:\/\/locsshop.eu\/pl\/wp-json\/wp\/v2\/types\/product"}],"replies":[{"embeddable":true,"href":"https:\/\/locsshop.eu\/pl\/wp-json\/wp\/v2\/comments?post=12274"}],"wp:featuredmedia":[{"embeddable":true,"href":"https:\/\/locsshop.eu\/pl\/wp-json\/wp\/v2\/media\/12273"}],"wp:attachment":[{"href":"https:\/\/locsshop.eu\/pl\/wp-json\/wp\/v2\/media?parent=12274"}],"wp:term":[{"taxonomy":"product_brand","embeddable":true,"href":"https:\/\/locsshop.eu\/pl\/wp-json\/wp\/v2\/product_brand?post=12274"},{"taxonomy":"product_cat","embeddable":true,"href":"https:\/\/locsshop.eu\/pl\/wp-json\/wp\/v2\/product_cat?post=12274"},{"taxonomy":"product_tag","embeddable":true,"href":"https:\/\/locsshop.eu\/pl\/wp-json\/wp\/v2\/product_tag?post=12274"}],"curies":[{"name":"wp","href":"https:\/\/api.w.org\/{rel}","templated":true}]}}