{"id":12426,"date":"2024-03-23T14:16:52","date_gmt":"2024-03-23T13:16:52","guid":{"rendered":"https:\/\/locsshop.eu\/da\/shop\/firkantede-y2k-solbriller-med-brune-fade-glas-og-guld-metal-stel-costa-brava\/"},"modified":"2025-06-17T23:33:22","modified_gmt":"2025-06-17T21:33:22","slug":"firkantede-y2k-solbriller-med-brune-fade-glas-og-guld-metal-stel-costa-brava","status":"publish","type":"product","link":"https:\/\/locsshop.eu\/pl\/shop\/firkantede-y2k-solbriller-med-brune-fade-glas-og-guld-metal-stel-costa-brava\/","title":{"rendered":"Kwadratowe okulary przeciws\u0142oneczne Y2K z br\u0105zowymi p\u0142askimi soczewkami i z\u0142ot\u0105 metalow\u0105 oprawk\u0105 | Costa Brava"},"content":{"rendered":"<h3><strong>Zosta\u0144 najwi\u0119kszym szefem dzi\u0119ki tym popularnym kwadratowym okularom przeciws\u0142onecznym Y2K, kt\u00f3re s\u0105 absolutnie modne.<br \/>\nDzi\u0119ki pi\u0119knej z\u0142otej ramce i pi\u0119knym detalom okular\u00f3w i oprawek b\u0119dziesz wygl\u0105da\u0107 najfajniej, gdziekolwiek si\u0119 udasz.<br \/>\nWi\u0119c pospiesz si\u0119, aby kupi\u0107 par\u0119, zanim zostan\u0105 wyprzedane<\/strong><\/h3>\n<p>&nbsp;<\/p>\n<p><strong>Poczuj nostalgi\u0119 dzi\u0119ki okularom przeciws\u0142onecznym Y2K<\/strong><br \/>\nWr\u00f3\u0107 do kultowego prze\u0142omu tysi\u0105cleci dzi\u0119ki naszym okularom przeciws\u0142onecznym Y2K, kt\u00f3re \u0142\u0105cz\u0105 styl retro z nowoczesnym stylem. Te okulary przeciws\u0142oneczne sk\u0142adaj\u0105 ho\u0142d futurystycznemu designowi, kt\u00f3ry zdefiniowa\u0142 er\u0119 mody na pocz\u0105tku XXI wieku.<\/p>\n<p><strong>Awangarda Technologiczna:<\/strong> Dzi\u0119ki unikalnemu wzornictwu te okulary przeciws\u0142oneczne uciele\u015bniaj\u0105 styl inspirowany technologi\u0105 tysi\u0105clecia. Ostra, futurystyczna estetyka dodaje emocji ka\u017cdemu strojowi.<\/p>\n<p><strong>Ochrona i styl:<\/strong> Opr\u00f3cz modnego wygl\u0105du, okulary przeciws\u0142oneczne Y2K zapewniaj\u0105 r\u00f3wnie\u017c optymaln\u0105 ochron\u0119 oczu dzi\u0119ki soczewkom ochronnym UV400, kt\u00f3re skutecznie chroni\u0105 przed szkodliwym promieniowaniem s\u0142onecznym, zapewniaj\u0105c jednocze\u015bnie klarowno\u015b\u0107 i klarowno\u015b\u0107 widzenia.<\/p>\n<p><strong>Uniwersalne dopasowanie:<\/strong> Zaprojektowane z my\u015bl\u0105 o wygodzie, te okulary przeciws\u0142oneczne pasuj\u0105 do wi\u0119kszo\u015bci kszta\u0142t\u00f3w i rozmiar\u00f3w twarzy. Ich lekka konstrukcja sprawia, \u017ce mo\u017cna je nosi\u0107 przez ca\u0142y dzie\u0144 bez uczucia dyskomfortu.<\/p>\n<p><strong>Ikona stylu na ka\u017cd\u0105 okazj\u0119:<\/strong> Niezale\u017cnie od tego, czy wybierasz si\u0119 na festiwal, wycieczk\u0119 po mie\u015bcie, czy jako wyrazisty dodatek, okulary przeciws\u0142oneczne Y2K dodadz\u0105 niepowtarzalnego charakteru ka\u017cdej okazji i podkre\u015bl\u0105 Tw\u00f3j osobisty styl odrobin\u0105 nostalgicznego ch\u0142odu.<\/p>\n<p><strong>Kup okulary przeciws\u0142oneczne Y2K ju\u017c dzi\u015b i ciesz si\u0119 futurystycznym wygl\u0105dem retro, kt\u00f3ry wci\u0105\u017c ma swoje miejsce w dzisiejszej modzie!<\/strong><\/p>\n<p>&nbsp;<\/p>\n<h4>Materia\u0142: <strong>Metal i poliw\u0119glan<\/strong><\/h4>\n<h3>Okulary przeciws\u0142oneczne s\u0105 super fajne przez ca\u0142y rok i niezwykle modne.<br \/>\nOkulary przeciws\u0142oneczne Y2K \u2013 Okulary przeciws\u0142oneczne w stylu vintage \u2013 Okulary przeciws\u0142oneczne w stylu retro<\/h3>\n<p>&nbsp;<\/p>\n<p>&nbsp;<\/p>\n<table style=\"width: 100%;border-collapse: collapse;border-style: dashed\" border=\"1\">\n<tbody>\n<tr>\n<td style=\"width: 100%\">\n<h2 style=\"text-align: center\"><strong>Rozmiar okular\u00f3w przeciws\u0142onecznych<\/strong><\/h2>\n<\/td>\n<\/tr>\n<\/tbody>\n<\/table>\n<table style=\"width: 100%;border-collapse: collapse;border-style: hidden;margin-left: auto;margin-right: auto\" border=\"1\" cellspacing=\"20\" cellpadding=\"20\">\n<tbody>\n<tr>\n<td style=\"width: 33.3333%;text-align: center\"><strong><img decoding=\"async\" src=\"https:\/\/bazarsalg.dk\/wp-content\/uploads\/bredde.png\" \/><\/strong><\/td>\n<td style=\"width: 33.3333%;text-align: center\"><strong>Szeroko\u015b\u0107<\/strong><\/td>\n<td style=\"width: 33.3333%;text-align: center\"><strong>13,7 cm.<\/strong><\/td>\n<\/tr>\n<tr>\n<td style=\"width: 33.3333%;text-align: center\"><strong><img decoding=\"async\" src=\"https:\/\/bazarsalg.dk\/wp-content\/uploads\/hoejde.png\" \/><\/strong><\/td>\n<td style=\"width: 33.3333%;text-align: center\"><strong>Wysoko\u015b\u0107<\/strong><\/td>\n<td style=\"width: 33.3333%;text-align: center\"><strong>3,8cm.<\/strong><\/td>\n<\/tr>\n<tr>\n<td style=\"width: 33.3333%;text-align: center\"><strong><img decoding=\"async\" src=\"https:\/\/bazarsalg.dk\/wp-content\/uploads\/stang.png\" \/><\/strong><\/td>\n<td style=\"width: 33.3333%;text-align: center\"><strong>D\u0142ugo\u015b\u0107 obiektywu<\/strong><\/td>\n<td style=\"width: 33.3333%;text-align: center\"><strong>15,5 cm.<\/strong><\/td>\n<\/tr>\n<tr>\n<td style=\"width: 33.3333%;text-align: center\"><strong><img decoding=\"async\" src=\"https:\/\/bazarsalg.dk\/wp-content\/uploads\/glas-bredde.png\" \/><\/strong><\/td>\n<td style=\"width: 33.3333%;text-align: center\"><strong>Szeroko\u015b\u0107 szk\u0142a<\/strong><\/td>\n<td style=\"width: 33.3333%;text-align: center\"><strong>5,9 cm.<\/strong><\/td>\n<\/tr>\n<tr>\n<td style=\"width: 33.3333%;text-align: center\"><strong><img decoding=\"async\" src=\"https:\/\/bazarsalg.dk\/wp-content\/uploads\/bredde-naese.png\" \/><\/strong><\/td>\n<td style=\"width: 33.3333%;text-align: center\"><strong>Przestrze\u0144 mi\u0119dzy szk\u0142em<\/strong><\/td>\n<td style=\"width: 33.3333%;text-align: center\"><strong>1,5 cm.<\/strong><\/td>\n<\/tr>\n<\/tbody>\n<\/table>\n<p>&nbsp;<\/p>\n<p><strong>\u00a0<\/strong><\/p>\n<table style=\"width: 100%;border-collapse: collapse;border-style: hidden;margin-left: auto;margin-right: auto\" border=\"1\" cellspacing=\"50\" cellpadding=\"20\">\n<caption>\u00a0<\/caption>\n<caption>\u00a0<\/caption>\n<tbody>\n<tr>\n<td style=\"width: 25%;text-align: center\"><img decoding=\"async\" class=\"aligncenter\" src=\"https:\/\/bazarsalg.dk\/wp-content\/uploads\/UV.png\" \/><\/td>\n<td style=\"width: 25%;text-align: center\"><img decoding=\"async\" src=\"https:\/\/bazarsalg.dk\/wp-content\/uploads\/ce.png\" \/><\/td>\n<td style=\"width: 25%;text-align: center\"><img decoding=\"async\" src=\"https:\/\/bazarsalg.dk\/wp-content\/uploads\/box.png\" \/><\/td>\n<\/tr>\n<tr>\n<td style=\"width: 25%;text-align: center\"><strong>Okulary posiadaj\u0105 ochron\u0119 UV400<\/strong><\/p>\n<p>Blokuje od 99 do 100 procent wszystkich promieni UVA i UVB i chroni oczy przed promieniami s\u0142onecznymi.<\/td>\n<td style=\"width: 25%;text-align: center\"><strong>Certyfikat CE <\/strong><\/p>\n<p>Okulary przeciws\u0142oneczne spe\u0142niaj\u0105 wszystkie wymogi prawne obowi\u0105zuj\u0105ce w UE, co gwarantuje, \u017ce s\u0105 one testowane i zatwierdzane.<\/td>\n<td style=\"width: 25%;text-align: center\"><strong>Wysy\u0142ane w kartonowym pude\u0142ku, aby si\u0119 nie po\u0142ama\u0142y <\/strong><\/p>\n<p>Zawsze bezpiecznie pakujemy okulary przeciws\u0142oneczne, aby dotar\u0142y w dobrym stanie.<\/td>\n<\/tr>\n<\/tbody>\n<\/table>","protected":false},"excerpt":{"rendered":"<p><strong>P\u0142askie szk\u0142o<\/strong><br \/>\n<strong>Metalowa rama w kolorze z\u0142otym<\/strong><br \/>\n<strong>Dla m\u0119\u017cczyzn i kobiet<\/strong><\/p>\n<p><img loading=\"lazy\" decoding=\"async\" class=\"alignnone size-full wp-image-12899\" src=\"https:\/\/bazarsalg.dk\/wp-content\/uploads\/Y2K.jpg\" alt=\"\" width=\"200\" height=\"130\" \/><br \/>\nCertyfikat CE<br \/>\nOchrona UV400<\/p>","protected":false},"featured_media":12419,"comment_status":"open","ping_status":"closed","template":"","meta":{"om_disable_all_campaigns":false,"_monsterinsights_skip_tracking":false,"_monsterinsights_sitenote_active":false,"_monsterinsights_sitenote_note":"","_monsterinsights_sitenote_category":0},"product_brand":[],"product_cat":[1026,1029,1025,1291,1292,1461],"product_tag":[870,1464],"class_list":{"0":"post-12426","1":"product","2":"type-product","3":"status-publish","4":"has-post-thumbnail","6":"product_cat-dame-solbriller","7":"product_cat-herre-solbriller","8":"product_cat-billige-solbriller","9":"product_cat-firkantede-dame-solbriller","10":"product_cat-firkantede-solbriller","11":"product_cat-y2k-retro-vintage-solbriller","12":"product_tag-p693","13":"product_tag-y2k","15":"first","16":"instock","17":"shipping-taxable","18":"purchasable","19":"product-type-simple"},"yoast_head":"<!-- This site is optimized with the Yoast SEO plugin v27.5 - https:\/\/yoast.com\/product\/yoast-seo-wordpress\/ -->\n<title>Firkantede Y2K Solbriller med brune fade glas og guld metal stel | Costa Brava | K\u00f8b online her | LOCS<\/title>\n<meta name=\"description\" content=\"K\u00f8b Firkantede Y2K Solbriller med brune fade glas og guld metal stel | Costa Brava her | EU&#039;s st\u00f8rste udvalg af LOCS solbriller | Vi sender fra EU - Ingen ekstra import udgifter\" \/>\n<meta name=\"robots\" content=\"index, follow, max-snippet:-1, max-image-preview:large, max-video-preview:-1\" \/>\n<link rel=\"canonical\" href=\"https:\/\/locsshop.eu\/pl\/shop\/firkantede-y2k-solbriller-med-brune-fade-glas-og-guld-metal-stel-costa-brava\/\" \/>\n<meta property=\"og:locale\" content=\"pl_PL\" \/>\n<meta property=\"og:type\" content=\"article\" \/>\n<meta property=\"og:title\" content=\"Firkantede Y2K Solbriller med brune fade glas og guld metal stel | Costa Brava | K\u00f8b online her | LOCS\" \/>\n<meta property=\"og:description\" content=\"K\u00f8b Firkantede Y2K Solbriller med brune fade glas og guld metal stel | Costa Brava her | EU&#039;s st\u00f8rste udvalg af LOCS solbriller | Vi sender fra EU - Ingen ekstra import udgifter\" \/>\n<meta property=\"og:url\" content=\"https:\/\/locsshop.eu\/pl\/shop\/firkantede-y2k-solbriller-med-brune-fade-glas-og-guld-metal-stel-costa-brava\/\" \/>\n<meta property=\"og:site_name\" content=\"Locs Sunglasses - LOCS Supplier in EU\" \/>\n<meta property=\"article:modified_time\" content=\"2025-06-17T21:33:22+00:00\" \/>\n<meta property=\"og:image\" content=\"https:\/\/locsshop.eu\/wp-content\/uploads\/2024\/03\/2390_2.jpg\" \/>\n\t<meta property=\"og:image:width\" content=\"800\" \/>\n\t<meta property=\"og:image:height\" content=\"800\" \/>\n\t<meta property=\"og:image:type\" content=\"image\/jpeg\" \/>\n<meta name=\"twitter:card\" content=\"summary_large_image\" \/>\n<meta name=\"twitter:label1\" content=\"Est. reading time\" \/>\n\t<meta name=\"twitter:data1\" content=\"2 minutes\" \/>\n<script type=\"application\/ld+json\" class=\"yoast-schema-graph\">{\"@context\":\"https:\\\/\\\/schema.org\",\"@graph\":[{\"@type\":\"WebPage\",\"@id\":\"https:\\\/\\\/locsshop.eu\\\/shop\\\/firkantede-y2k-solbriller-med-brune-fade-glas-og-guld-metal-stel-costa-brava\\\/\",\"url\":\"https:\\\/\\\/locsshop.eu\\\/shop\\\/firkantede-y2k-solbriller-med-brune-fade-glas-og-guld-metal-stel-costa-brava\\\/\",\"name\":\"Firkantede Y2K Solbriller med brune fade glas og guld metal stel | Costa Brava | K\u00f8b online her | LOCS\",\"isPartOf\":{\"@id\":\"https:\\\/\\\/locsshop.eu\\\/#website\"},\"primaryImageOfPage\":{\"@id\":\"https:\\\/\\\/locsshop.eu\\\/shop\\\/firkantede-y2k-solbriller-med-brune-fade-glas-og-guld-metal-stel-costa-brava\\\/#primaryimage\"},\"image\":{\"@id\":\"https:\\\/\\\/locsshop.eu\\\/shop\\\/firkantede-y2k-solbriller-med-brune-fade-glas-og-guld-metal-stel-costa-brava\\\/#primaryimage\"},\"thumbnailUrl\":\"https:\\\/\\\/locsshop.eu\\\/wp-content\\\/uploads\\\/2024\\\/03\\\/2390_2.jpg\",\"datePublished\":\"2024-03-23T13:16:52+00:00\",\"dateModified\":\"2025-06-17T21:33:22+00:00\",\"description\":\"K\u00f8b Firkantede Y2K Solbriller med brune fade glas og guld metal stel | Costa Brava her | EU's st\u00f8rste udvalg af LOCS solbriller | Vi sender fra EU - Ingen ekstra import udgifter\",\"breadcrumb\":{\"@id\":\"https:\\\/\\\/locsshop.eu\\\/shop\\\/firkantede-y2k-solbriller-med-brune-fade-glas-og-guld-metal-stel-costa-brava\\\/#breadcrumb\"},\"inLanguage\":\"pl-PL\",\"potentialAction\":[{\"@type\":\"ReadAction\",\"target\":[\"https:\\\/\\\/locsshop.eu\\\/shop\\\/firkantede-y2k-solbriller-med-brune-fade-glas-og-guld-metal-stel-costa-brava\\\/\"]}]},{\"@type\":\"ImageObject\",\"inLanguage\":\"pl-PL\",\"@id\":\"https:\\\/\\\/locsshop.eu\\\/shop\\\/firkantede-y2k-solbriller-med-brune-fade-glas-og-guld-metal-stel-costa-brava\\\/#primaryimage\",\"url\":\"https:\\\/\\\/locsshop.eu\\\/wp-content\\\/uploads\\\/2024\\\/03\\\/2390_2.jpg\",\"contentUrl\":\"https:\\\/\\\/locsshop.eu\\\/wp-content\\\/uploads\\\/2024\\\/03\\\/2390_2.jpg\",\"width\":800,\"height\":800},{\"@type\":\"BreadcrumbList\",\"@id\":\"https:\\\/\\\/locsshop.eu\\\/shop\\\/firkantede-y2k-solbriller-med-brune-fade-glas-og-guld-metal-stel-costa-brava\\\/#breadcrumb\",\"itemListElement\":[{\"@type\":\"ListItem\",\"position\":1,\"name\":\"Hjem\",\"item\":\"https:\\\/\\\/locsshop.eu\\\/\"},{\"@type\":\"ListItem\",\"position\":2,\"name\":\"Shop\",\"item\":\"https:\\\/\\\/locsshop.eu\\\/shop\\\/\"},{\"@type\":\"ListItem\",\"position\":3,\"name\":\"Firkantede Y2K Solbriller med brune fade glas og guld metal stel | Costa Brava\"}]},{\"@type\":\"WebSite\",\"@id\":\"https:\\\/\\\/locsshop.eu\\\/#website\",\"url\":\"https:\\\/\\\/locsshop.eu\\\/\",\"name\":\"Locs Sunglasses - LOCS Supplier in EU\",\"description\":\"We sell cheap LOCS Sunglasses\",\"publisher\":{\"@id\":\"https:\\\/\\\/locsshop.eu\\\/#organization\"},\"potentialAction\":[{\"@type\":\"SearchAction\",\"target\":{\"@type\":\"EntryPoint\",\"urlTemplate\":\"https:\\\/\\\/locsshop.eu\\\/?s={search_term_string}\"},\"query-input\":{\"@type\":\"PropertyValueSpecification\",\"valueRequired\":true,\"valueName\":\"search_term_string\"}}],\"inLanguage\":\"pl-PL\"},{\"@type\":\"Organization\",\"@id\":\"https:\\\/\\\/locsshop.eu\\\/#organization\",\"name\":\"Locsshop.eu\",\"url\":\"https:\\\/\\\/locsshop.eu\\\/\",\"logo\":{\"@type\":\"ImageObject\",\"inLanguage\":\"pl-PL\",\"@id\":\"https:\\\/\\\/locsshop.eu\\\/#\\\/schema\\\/logo\\\/image\\\/\",\"url\":\"https:\\\/\\\/locsshop.eu\\\/wp-content\\\/uploads\\\/2022\\\/02\\\/Locsshop-logo.png\",\"contentUrl\":\"https:\\\/\\\/locsshop.eu\\\/wp-content\\\/uploads\\\/2022\\\/02\\\/Locsshop-logo.png\",\"width\":930,\"height\":200,\"caption\":\"Locsshop.eu\"},\"image\":{\"@id\":\"https:\\\/\\\/locsshop.eu\\\/#\\\/schema\\\/logo\\\/image\\\/\"}}]}<\/script>\n<!-- \/ Yoast SEO plugin. -->","yoast_head_json":{"title":"Kwadratowe okulary przeciws\u0142oneczne Y2K z br\u0105zowymi p\u0142askimi soczewkami i z\u0142ot\u0105 metalow\u0105 oprawk\u0105 | Costa Brava | Kup online tutaj | LOKI","description":"Kup okulary przeciws\u0142oneczne Square Y2K z ciemnymi, p\u0142askimi soczewkami i z\u0142ot\u0105 metalow\u0105 oprawk\u0105 | Costa Brava tutaj | Najwi\u0119kszy w UE wyb\u00f3r okular\u00f3w przeciws\u0142onecznych LOCS | Wysy\u0142amy z UE - bez dodatkowych koszt\u00f3w importu","robots":{"index":"index","follow":"follow","max-snippet":"max-snippet:-1","max-image-preview":"max-image-preview:large","max-video-preview":"max-video-preview:-1"},"canonical":"https:\/\/locsshop.eu\/pl\/shop\/firkantede-y2k-solbriller-med-brune-fade-glas-og-guld-metal-stel-costa-brava\/","og_locale":"pl_PL","og_type":"article","og_title":"Firkantede Y2K Solbriller med brune fade glas og guld metal stel | Costa Brava | K\u00f8b online her | LOCS","og_description":"K\u00f8b Firkantede Y2K Solbriller med brune fade glas og guld metal stel | Costa Brava her | EU's st\u00f8rste udvalg af LOCS solbriller | Vi sender fra EU - Ingen ekstra import udgifter","og_url":"https:\/\/locsshop.eu\/pl\/shop\/firkantede-y2k-solbriller-med-brune-fade-glas-og-guld-metal-stel-costa-brava\/","og_site_name":"Locs Sunglasses - LOCS Supplier in EU","article_modified_time":"2025-06-17T21:33:22+00:00","og_image":[{"width":800,"height":800,"url":"https:\/\/locsshop.eu\/wp-content\/uploads\/2024\/03\/2390_2.jpg","type":"image\/jpeg"}],"twitter_card":"summary_large_image","twitter_misc":{"Est. reading time":"2 minutes"},"schema":{"@context":"https:\/\/schema.org","@graph":[{"@type":"WebPage","@id":"https:\/\/locsshop.eu\/shop\/firkantede-y2k-solbriller-med-brune-fade-glas-og-guld-metal-stel-costa-brava\/","url":"https:\/\/locsshop.eu\/shop\/firkantede-y2k-solbriller-med-brune-fade-glas-og-guld-metal-stel-costa-brava\/","name":"Kwadratowe okulary przeciws\u0142oneczne Y2K z br\u0105zowymi p\u0142askimi soczewkami i z\u0142ot\u0105 metalow\u0105 oprawk\u0105 | Costa Brava | Kup online tutaj | LOKI","isPartOf":{"@id":"https:\/\/locsshop.eu\/#website"},"primaryImageOfPage":{"@id":"https:\/\/locsshop.eu\/shop\/firkantede-y2k-solbriller-med-brune-fade-glas-og-guld-metal-stel-costa-brava\/#primaryimage"},"image":{"@id":"https:\/\/locsshop.eu\/shop\/firkantede-y2k-solbriller-med-brune-fade-glas-og-guld-metal-stel-costa-brava\/#primaryimage"},"thumbnailUrl":"https:\/\/locsshop.eu\/wp-content\/uploads\/2024\/03\/2390_2.jpg","datePublished":"2024-03-23T13:16:52+00:00","dateModified":"2025-06-17T21:33:22+00:00","description":"Kup okulary przeciws\u0142oneczne Square Y2K z ciemnymi, p\u0142askimi soczewkami i z\u0142ot\u0105 metalow\u0105 oprawk\u0105 | Costa Brava tutaj | Najwi\u0119kszy w UE wyb\u00f3r okular\u00f3w przeciws\u0142onecznych LOCS | Wysy\u0142amy z UE - bez dodatkowych koszt\u00f3w importu","breadcrumb":{"@id":"https:\/\/locsshop.eu\/shop\/firkantede-y2k-solbriller-med-brune-fade-glas-og-guld-metal-stel-costa-brava\/#breadcrumb"},"inLanguage":"pl-PL","potentialAction":[{"@type":"ReadAction","target":["https:\/\/locsshop.eu\/shop\/firkantede-y2k-solbriller-med-brune-fade-glas-og-guld-metal-stel-costa-brava\/"]}]},{"@type":"ImageObject","inLanguage":"pl-PL","@id":"https:\/\/locsshop.eu\/shop\/firkantede-y2k-solbriller-med-brune-fade-glas-og-guld-metal-stel-costa-brava\/#primaryimage","url":"https:\/\/locsshop.eu\/wp-content\/uploads\/2024\/03\/2390_2.jpg","contentUrl":"https:\/\/locsshop.eu\/wp-content\/uploads\/2024\/03\/2390_2.jpg","width":800,"height":800},{"@type":"BreadcrumbList","@id":"https:\/\/locsshop.eu\/shop\/firkantede-y2k-solbriller-med-brune-fade-glas-og-guld-metal-stel-costa-brava\/#breadcrumb","itemListElement":[{"@type":"ListItem","position":1,"name":"Hjem","item":"https:\/\/locsshop.eu\/"},{"@type":"ListItem","position":2,"name":"Shop","item":"https:\/\/locsshop.eu\/shop\/"},{"@type":"ListItem","position":3,"name":"Firkantede Y2K Solbriller med brune fade glas og guld metal stel | Costa Brava"}]},{"@type":"WebSite","@id":"https:\/\/locsshop.eu\/#website","url":"https:\/\/locsshop.eu\/","name":"Okulary przeciws\u0142oneczne Locs - Dostawca LOCS w UE","description":"Sprzedajemy tanie okulary przeciws\u0142oneczne LOCS","publisher":{"@id":"https:\/\/locsshop.eu\/#organization"},"potentialAction":[{"@type":"SearchAction","target":{"@type":"EntryPoint","urlTemplate":"https:\/\/locsshop.eu\/?s={search_term_string}"},"query-input":{"@type":"PropertyValueSpecification","valueRequired":true,"valueName":"search_term_string"}}],"inLanguage":"pl-PL"},{"@type":"Organization","@id":"https:\/\/locsshop.eu\/#organization","name":"Locsshop.eu","url":"https:\/\/locsshop.eu\/","logo":{"@type":"ImageObject","inLanguage":"pl-PL","@id":"https:\/\/locsshop.eu\/#\/schema\/logo\/image\/","url":"https:\/\/locsshop.eu\/wp-content\/uploads\/2022\/02\/Locsshop-logo.png","contentUrl":"https:\/\/locsshop.eu\/wp-content\/uploads\/2022\/02\/Locsshop-logo.png","width":930,"height":200,"caption":"Locsshop.eu"},"image":{"@id":"https:\/\/locsshop.eu\/#\/schema\/logo\/image\/"}}]}},"_links":{"self":[{"href":"https:\/\/locsshop.eu\/pl\/wp-json\/wp\/v2\/product\/12426","targetHints":{"allow":["GET"]}}],"collection":[{"href":"https:\/\/locsshop.eu\/pl\/wp-json\/wp\/v2\/product"}],"about":[{"href":"https:\/\/locsshop.eu\/pl\/wp-json\/wp\/v2\/types\/product"}],"replies":[{"embeddable":true,"href":"https:\/\/locsshop.eu\/pl\/wp-json\/wp\/v2\/comments?post=12426"}],"wp:featuredmedia":[{"embeddable":true,"href":"https:\/\/locsshop.eu\/pl\/wp-json\/wp\/v2\/media\/12419"}],"wp:attachment":[{"href":"https:\/\/locsshop.eu\/pl\/wp-json\/wp\/v2\/media?parent=12426"}],"wp:term":[{"taxonomy":"product_brand","embeddable":true,"href":"https:\/\/locsshop.eu\/pl\/wp-json\/wp\/v2\/product_brand?post=12426"},{"taxonomy":"product_cat","embeddable":true,"href":"https:\/\/locsshop.eu\/pl\/wp-json\/wp\/v2\/product_cat?post=12426"},{"taxonomy":"product_tag","embeddable":true,"href":"https:\/\/locsshop.eu\/pl\/wp-json\/wp\/v2\/product_tag?post=12426"}],"curies":[{"name":"wp","href":"https:\/\/api.w.org\/{rel}","templated":true}]}}