{"id":13021,"date":"2024-05-25T18:16:02","date_gmt":"2024-05-25T16:16:02","guid":{"rendered":"https:\/\/locsshop.eu\/shop\/sorte-plate-wayfarer-solbriller-florida-blaa-spejlglas\/"},"modified":"2024-12-12T14:13:38","modified_gmt":"2024-12-12T13:13:38","slug":"sorte-plate-wayfarer-solbriller-florida-blaa-spejlglas","status":"publish","type":"product","link":"https:\/\/locsshop.eu\/pl\/shop\/sorte-plate-wayfarer-solbriller-florida-blaa-spejlglas\/","title":{"rendered":"Czarne okulary przeciws\u0142oneczne Wayfarer \u2013 Floryda | Niebieskie szk\u0142o lustrzane"},"content":{"rendered":"<h2><b>Niesamowicie fajne okulary przeciws\u0142oneczne Wayfarer, kt\u00f3re pasuj\u0105 na ka\u017cd\u0105 okazj\u0119.<br \/>\nJe\u015bli lubisz stylowe i ekskluzywne okulary przeciws\u0142oneczne Wayfarer, to te okulary s\u0105 dla Ciebie!<\/b><\/h2>\n<p>Czarna ramka i dzikie lustrzane szk\u0142o, kt\u00f3re przechodzi od bieguna do bieguna w jednym kawa\u0142ku, sprawiaj\u0105, \u017ce te okulary przeciws\u0142oneczne s\u0105 wyj\u0105tkowe, modne i w\u0142a\u015bnie tego brakowa\u0142o w Twojej kolekcji okular\u00f3w przeciws\u0142onecznych.<br \/>\nOkulary przeciws\u0142oneczne s\u0105 super fajne dzi\u0119ki lustrzanemu szk\u0142u Plate i ciesz\u0105 si\u0119 ogromn\u0105 popularno\u015bci\u0105 na ca\u0142ym \u015bwiecie, poniewa\u017c wygl\u0105daj\u0105 niesamowicie ekskluzywnie, poniewa\u017c nie maj\u0105 ramki wok\u00f3\u0142 szk\u0142a.<\/p>\n<p>Je\u015bli lubisz okulary przeciws\u0142oneczne, kt\u00f3re si\u0119 wyr\u00f3\u017cniaj\u0105 i zosta\u0142y zaprojektowane z my\u015bl\u0105 o modnym wygl\u0105dzie, to znalaz\u0142e\u015b odpowiednie okulary przeciws\u0142oneczne dla siebie lub bliskiej osoby.<br \/>\nMo\u017cesz nosi\u0107 te okulary przeciws\u0142oneczne zar\u00f3wno na co dzie\u0144, jak i podczas uroczystych okazji. Pasuj\u0105 do ka\u017cdego stroju.<br \/>\nDlatego pami\u0119taj, aby doda\u0107 je do koszyka, zanim zostan\u0105 wyprzedane<\/p>\n<p>&nbsp;<\/p>\n<h4>Materia\u0142: <strong>Plastik, metal i szk\u0142o poliw\u0119glanowe<\/strong><\/h4>\n<p>&nbsp;<\/p>\n<h3>Okulary przeciws\u0142oneczne s\u0105 super fajne przez ca\u0142y rok i niezwykle modne.<\/h3>\n<p>&nbsp;<\/p>\n<table style=\"width: 100%;border-collapse: collapse;border-style: dashed\" border=\"1\">\n<tbody>\n<tr>\n<td style=\"width: 100%\">\n<h2 style=\"text-align: center\"><strong>Rozmiar okular\u00f3w przeciws\u0142onecznych<\/strong><\/h2>\n<\/td>\n<\/tr>\n<\/tbody>\n<\/table>\n<table style=\"width: 100%;border-collapse: collapse;border-style: hidden;margin-left: auto;margin-right: auto\" border=\"1\" cellspacing=\"20\" cellpadding=\"20\">\n<tbody>\n<tr>\n<td style=\"width: 33.3333%;text-align: center\"><strong><img decoding=\"async\" src=\"https:\/\/bazarsalg.dk\/wp-content\/uploads\/bredde.png\" \/><\/strong><\/td>\n<td style=\"width: 33.3333%;text-align: center\"><strong>Szeroko\u015b\u0107 wewn\u0119trzna<\/strong><\/td>\n<td style=\"width: 33.3333%;text-align: center\"><strong>13,3 cm.<\/strong><\/td>\n<\/tr>\n<tr>\n<td style=\"width: 33.3333%;text-align: center\"><strong><img decoding=\"async\" src=\"https:\/\/bazarsalg.dk\/wp-content\/uploads\/hoejde.png\" \/><\/strong><\/td>\n<td style=\"width: 33.3333%;text-align: center\"><strong>Wysoko\u015b\u0107<\/strong><\/td>\n<td style=\"width: 33.3333%;text-align: center\"><strong>5 cm.<\/strong><\/td>\n<\/tr>\n<tr>\n<td style=\"width: 33.3333%;text-align: center\"><strong><img decoding=\"async\" src=\"https:\/\/bazarsalg.dk\/wp-content\/uploads\/stang.png\" \/><\/strong><\/td>\n<td style=\"width: 33.3333%;text-align: center\"><strong>D\u0142ugo\u015b\u0107 obiektywu<\/strong><\/td>\n<td style=\"width: 33.3333%;text-align: center\"><strong>13,7 cm.<\/strong><\/td>\n<\/tr>\n<tr>\n<td style=\"width: 33.3333%;text-align: center\"><strong><img decoding=\"async\" src=\"https:\/\/bazarsalg.dk\/wp-content\/uploads\/glas-bredde.png\" \/><\/strong><\/td>\n<td style=\"width: 33.3333%;text-align: center\"><strong>Szeroko\u015b\u0107 szk\u0142a<\/strong><\/td>\n<td style=\"width: 33.3333%;text-align: center\"><strong>13,8cm.<\/strong><\/td>\n<\/tr>\n<tr>\n<td style=\"width: 33.3333%;text-align: center\"><strong><img decoding=\"async\" src=\"https:\/\/bazarsalg.dk\/wp-content\/uploads\/bredde-naese.png\" \/><\/strong><\/td>\n<td style=\"width: 33.3333%;text-align: center\"><strong>Przestrze\u0144 mi\u0119dzy szk\u0142em<\/strong><\/td>\n<td style=\"width: 33.3333%;text-align: center\"><strong>- cm.<\/strong><\/td>\n<\/tr>\n<\/tbody>\n<\/table>\n<p>&nbsp;<\/p>\n<p><strong>\u00a0<\/strong><\/p>\n<table style=\"width: 100%;border-collapse: collapse;border-style: hidden;margin-left: auto;margin-right: auto\" border=\"1\" cellspacing=\"50\" cellpadding=\"20\">\n<caption>\u00a0<\/caption>\n<caption>\u00a0<\/caption>\n<tbody>\n<tr>\n<td style=\"width: 25%;text-align: center\"><img decoding=\"async\" class=\"aligncenter\" src=\"https:\/\/bazarsalg.dk\/wp-content\/uploads\/UV.png\" \/><\/td>\n<td style=\"width: 25%;text-align: center\"><img decoding=\"async\" src=\"https:\/\/bazarsalg.dk\/wp-content\/uploads\/ce.png\" \/><\/td>\n<td style=\"width: 25%;text-align: center\"><img decoding=\"async\" src=\"https:\/\/bazarsalg.dk\/wp-content\/uploads\/box.png\" \/><\/td>\n<\/tr>\n<tr>\n<td style=\"width: 25%;text-align: center\"><strong>Okulary posiadaj\u0105 ochron\u0119 UV400<\/strong><\/p>\n<p>Blokuje od 99 do 100 procent wszystkich promieni UVA i UVB i chroni oczy przed promieniami s\u0142onecznymi.<\/td>\n<td style=\"width: 25%;text-align: center\"><strong>Certyfikat CE <\/strong><\/p>\n<p>Okulary przeciws\u0142oneczne spe\u0142niaj\u0105 wszystkie wymogi prawne obowi\u0105zuj\u0105ce w UE, co gwarantuje, \u017ce s\u0105 one testowane i zatwierdzane.<\/td>\n<td style=\"width: 25%;text-align: center\"><strong>Wysy\u0142ane w kartonowym pude\u0142ku, aby si\u0119 nie po\u0142ama\u0142y <\/strong><\/p>\n<p>Zawsze bezpiecznie pakujemy okulary przeciws\u0142oneczne, aby dotar\u0142y w dobrym stanie.<\/td>\n<\/tr>\n<\/tbody>\n<\/table>","protected":false},"excerpt":{"rendered":"<p><b>Super fajne p\u0142askie lustro<br \/>\nCzarne paski<br \/>\nB\u0142yszcz\u0105ca powierzchnia<br \/>\nIdealna na co dzie\u0144, na festiwale, do ogrodu i na ka\u017cd\u0105 okazj\u0119<\/b><\/p>\n<p><em>Certyfikat CE<\/em><br \/>\n<em>Ochrona UV400<\/em><\/p>","protected":false},"featured_media":13018,"comment_status":"open","ping_status":"closed","template":"","meta":{"om_disable_all_campaigns":false,"_monsterinsights_skip_tracking":false,"_monsterinsights_sitenote_active":false,"_monsterinsights_sitenote_note":"","_monsterinsights_sitenote_category":0},"product_brand":[],"product_cat":[1026,1029,1025,1037],"product_tag":[870,769,668],"class_list":{"0":"post-13021","1":"product","2":"type-product","3":"status-publish","4":"has-post-thumbnail","6":"product_cat-dame-solbriller","7":"product_cat-herre-solbriller","8":"product_cat-billige-solbriller","9":"product_cat-wayfarer","10":"product_tag-p693","11":"product_tag-ph4131","12":"product_tag-plate","14":"first","15":"outofstock","16":"sale","17":"shipping-taxable","18":"purchasable","19":"product-type-simple"},"yoast_head":"<!-- This site is optimized with the Yoast SEO plugin v27.5 - https:\/\/yoast.com\/product\/yoast-seo-wordpress\/ -->\n<title>Sorte Plate Wayfarer solbriller - Florida | Bl\u00e5 spejlglas | K\u00f8b online her | LOCS<\/title>\n<meta name=\"description\" content=\"K\u00f8b Sorte Plate Wayfarer solbriller - Florida | Bl\u00e5 spejlglas her | EU&#039;s st\u00f8rste udvalg af LOCS solbriller | Vi sender fra EU - Ingen ekstra import udgifter\" \/>\n<meta name=\"robots\" content=\"index, follow, max-snippet:-1, max-image-preview:large, max-video-preview:-1\" \/>\n<link rel=\"canonical\" href=\"https:\/\/locsshop.eu\/pl\/shop\/sorte-plate-wayfarer-solbriller-florida-blaa-spejlglas\/\" \/>\n<meta property=\"og:locale\" content=\"pl_PL\" \/>\n<meta property=\"og:type\" content=\"article\" \/>\n<meta property=\"og:title\" content=\"Sorte Plate Wayfarer solbriller - Florida | Bl\u00e5 spejlglas | K\u00f8b online her | LOCS\" \/>\n<meta property=\"og:description\" content=\"K\u00f8b Sorte Plate Wayfarer solbriller - Florida | Bl\u00e5 spejlglas her | EU&#039;s st\u00f8rste udvalg af LOCS solbriller | Vi sender fra EU - Ingen ekstra import udgifter\" \/>\n<meta property=\"og:url\" content=\"https:\/\/locsshop.eu\/pl\/shop\/sorte-plate-wayfarer-solbriller-florida-blaa-spejlglas\/\" \/>\n<meta property=\"og:site_name\" content=\"Locs Sunglasses - LOCS Supplier in EU\" \/>\n<meta property=\"article:modified_time\" content=\"2024-12-12T13:13:38+00:00\" \/>\n<meta property=\"og:image\" content=\"https:\/\/locsshop.eu\/wp-content\/uploads\/2024\/05\/b1229-g.jpg\" \/>\n\t<meta property=\"og:image:width\" content=\"800\" \/>\n\t<meta property=\"og:image:height\" content=\"800\" \/>\n\t<meta property=\"og:image:type\" content=\"image\/jpeg\" \/>\n<meta name=\"twitter:card\" content=\"summary_large_image\" \/>\n<meta name=\"twitter:label1\" content=\"Est. reading time\" \/>\n\t<meta name=\"twitter:data1\" content=\"1 minute\" \/>\n<script type=\"application\/ld+json\" class=\"yoast-schema-graph\">{\"@context\":\"https:\\\/\\\/schema.org\",\"@graph\":[{\"@type\":\"WebPage\",\"@id\":\"https:\\\/\\\/locsshop.eu\\\/shop\\\/sorte-plate-wayfarer-solbriller-florida-blaa-spejlglas\\\/\",\"url\":\"https:\\\/\\\/locsshop.eu\\\/shop\\\/sorte-plate-wayfarer-solbriller-florida-blaa-spejlglas\\\/\",\"name\":\"Sorte Plate Wayfarer solbriller - Florida | Bl\u00e5 spejlglas | K\u00f8b online her | LOCS\",\"isPartOf\":{\"@id\":\"https:\\\/\\\/locsshop.eu\\\/#website\"},\"primaryImageOfPage\":{\"@id\":\"https:\\\/\\\/locsshop.eu\\\/shop\\\/sorte-plate-wayfarer-solbriller-florida-blaa-spejlglas\\\/#primaryimage\"},\"image\":{\"@id\":\"https:\\\/\\\/locsshop.eu\\\/shop\\\/sorte-plate-wayfarer-solbriller-florida-blaa-spejlglas\\\/#primaryimage\"},\"thumbnailUrl\":\"https:\\\/\\\/locsshop.eu\\\/wp-content\\\/uploads\\\/2024\\\/05\\\/b1229-g.jpg\",\"datePublished\":\"2024-05-25T16:16:02+00:00\",\"dateModified\":\"2024-12-12T13:13:38+00:00\",\"description\":\"K\u00f8b Sorte Plate Wayfarer solbriller - Florida | Bl\u00e5 spejlglas her | EU's st\u00f8rste udvalg af LOCS solbriller | Vi sender fra EU - Ingen ekstra import udgifter\",\"breadcrumb\":{\"@id\":\"https:\\\/\\\/locsshop.eu\\\/shop\\\/sorte-plate-wayfarer-solbriller-florida-blaa-spejlglas\\\/#breadcrumb\"},\"inLanguage\":\"pl-PL\",\"potentialAction\":[{\"@type\":\"ReadAction\",\"target\":[\"https:\\\/\\\/locsshop.eu\\\/shop\\\/sorte-plate-wayfarer-solbriller-florida-blaa-spejlglas\\\/\"]}]},{\"@type\":\"ImageObject\",\"inLanguage\":\"pl-PL\",\"@id\":\"https:\\\/\\\/locsshop.eu\\\/shop\\\/sorte-plate-wayfarer-solbriller-florida-blaa-spejlglas\\\/#primaryimage\",\"url\":\"https:\\\/\\\/locsshop.eu\\\/wp-content\\\/uploads\\\/2024\\\/05\\\/b1229-g.jpg\",\"contentUrl\":\"https:\\\/\\\/locsshop.eu\\\/wp-content\\\/uploads\\\/2024\\\/05\\\/b1229-g.jpg\",\"width\":800,\"height\":800},{\"@type\":\"BreadcrumbList\",\"@id\":\"https:\\\/\\\/locsshop.eu\\\/shop\\\/sorte-plate-wayfarer-solbriller-florida-blaa-spejlglas\\\/#breadcrumb\",\"itemListElement\":[{\"@type\":\"ListItem\",\"position\":1,\"name\":\"Hjem\",\"item\":\"https:\\\/\\\/locsshop.eu\\\/\"},{\"@type\":\"ListItem\",\"position\":2,\"name\":\"Shop\",\"item\":\"https:\\\/\\\/locsshop.eu\\\/shop\\\/\"},{\"@type\":\"ListItem\",\"position\":3,\"name\":\"Sorte Plate Wayfarer solbriller &#8211; Florida | Bl\u00e5 spejlglas\"}]},{\"@type\":\"WebSite\",\"@id\":\"https:\\\/\\\/locsshop.eu\\\/#website\",\"url\":\"https:\\\/\\\/locsshop.eu\\\/\",\"name\":\"Locs Sunglasses - LOCS Supplier in EU\",\"description\":\"We sell cheap LOCS Sunglasses\",\"publisher\":{\"@id\":\"https:\\\/\\\/locsshop.eu\\\/#organization\"},\"potentialAction\":[{\"@type\":\"SearchAction\",\"target\":{\"@type\":\"EntryPoint\",\"urlTemplate\":\"https:\\\/\\\/locsshop.eu\\\/?s={search_term_string}\"},\"query-input\":{\"@type\":\"PropertyValueSpecification\",\"valueRequired\":true,\"valueName\":\"search_term_string\"}}],\"inLanguage\":\"pl-PL\"},{\"@type\":\"Organization\",\"@id\":\"https:\\\/\\\/locsshop.eu\\\/#organization\",\"name\":\"Locsshop.eu\",\"url\":\"https:\\\/\\\/locsshop.eu\\\/\",\"logo\":{\"@type\":\"ImageObject\",\"inLanguage\":\"pl-PL\",\"@id\":\"https:\\\/\\\/locsshop.eu\\\/#\\\/schema\\\/logo\\\/image\\\/\",\"url\":\"https:\\\/\\\/locsshop.eu\\\/wp-content\\\/uploads\\\/2022\\\/02\\\/Locsshop-logo.png\",\"contentUrl\":\"https:\\\/\\\/locsshop.eu\\\/wp-content\\\/uploads\\\/2022\\\/02\\\/Locsshop-logo.png\",\"width\":930,\"height\":200,\"caption\":\"Locsshop.eu\"},\"image\":{\"@id\":\"https:\\\/\\\/locsshop.eu\\\/#\\\/schema\\\/logo\\\/image\\\/\"}}]}<\/script>\n<!-- \/ Yoast SEO plugin. -->","yoast_head_json":{"title":"Czarne okulary przeciws\u0142oneczne Wayfarer - Floryda | Niebieskie szk\u0142o lustrzane | Kup online tutaj | LOKI","description":"Kup okulary przeciws\u0142oneczne Black Plate Wayfarer - Floryda | Niebieskie szk\u0142o lustrzane tutaj | Najwi\u0119kszy w UE wyb\u00f3r okular\u00f3w przeciws\u0142onecznych LOCS | Wysy\u0142amy z UE - bez dodatkowych koszt\u00f3w importu","robots":{"index":"index","follow":"follow","max-snippet":"max-snippet:-1","max-image-preview":"max-image-preview:large","max-video-preview":"max-video-preview:-1"},"canonical":"https:\/\/locsshop.eu\/pl\/shop\/sorte-plate-wayfarer-solbriller-florida-blaa-spejlglas\/","og_locale":"pl_PL","og_type":"article","og_title":"Sorte Plate Wayfarer solbriller - Florida | Bl\u00e5 spejlglas | K\u00f8b online her | LOCS","og_description":"K\u00f8b Sorte Plate Wayfarer solbriller - Florida | Bl\u00e5 spejlglas her | EU's st\u00f8rste udvalg af LOCS solbriller | Vi sender fra EU - Ingen ekstra import udgifter","og_url":"https:\/\/locsshop.eu\/pl\/shop\/sorte-plate-wayfarer-solbriller-florida-blaa-spejlglas\/","og_site_name":"Locs Sunglasses - LOCS Supplier in EU","article_modified_time":"2024-12-12T13:13:38+00:00","og_image":[{"width":800,"height":800,"url":"https:\/\/locsshop.eu\/wp-content\/uploads\/2024\/05\/b1229-g.jpg","type":"image\/jpeg"}],"twitter_card":"summary_large_image","twitter_misc":{"Est. reading time":"1 minute"},"schema":{"@context":"https:\/\/schema.org","@graph":[{"@type":"WebPage","@id":"https:\/\/locsshop.eu\/shop\/sorte-plate-wayfarer-solbriller-florida-blaa-spejlglas\/","url":"https:\/\/locsshop.eu\/shop\/sorte-plate-wayfarer-solbriller-florida-blaa-spejlglas\/","name":"Czarne okulary przeciws\u0142oneczne Wayfarer - Floryda | Niebieskie szk\u0142o lustrzane | Kup online tutaj | LOKI","isPartOf":{"@id":"https:\/\/locsshop.eu\/#website"},"primaryImageOfPage":{"@id":"https:\/\/locsshop.eu\/shop\/sorte-plate-wayfarer-solbriller-florida-blaa-spejlglas\/#primaryimage"},"image":{"@id":"https:\/\/locsshop.eu\/shop\/sorte-plate-wayfarer-solbriller-florida-blaa-spejlglas\/#primaryimage"},"thumbnailUrl":"https:\/\/locsshop.eu\/wp-content\/uploads\/2024\/05\/b1229-g.jpg","datePublished":"2024-05-25T16:16:02+00:00","dateModified":"2024-12-12T13:13:38+00:00","description":"Kup okulary przeciws\u0142oneczne Black Plate Wayfarer - Floryda | Niebieskie szk\u0142o lustrzane tutaj | Najwi\u0119kszy w UE wyb\u00f3r okular\u00f3w przeciws\u0142onecznych LOCS | Wysy\u0142amy z UE - bez dodatkowych koszt\u00f3w importu","breadcrumb":{"@id":"https:\/\/locsshop.eu\/shop\/sorte-plate-wayfarer-solbriller-florida-blaa-spejlglas\/#breadcrumb"},"inLanguage":"pl-PL","potentialAction":[{"@type":"ReadAction","target":["https:\/\/locsshop.eu\/shop\/sorte-plate-wayfarer-solbriller-florida-blaa-spejlglas\/"]}]},{"@type":"ImageObject","inLanguage":"pl-PL","@id":"https:\/\/locsshop.eu\/shop\/sorte-plate-wayfarer-solbriller-florida-blaa-spejlglas\/#primaryimage","url":"https:\/\/locsshop.eu\/wp-content\/uploads\/2024\/05\/b1229-g.jpg","contentUrl":"https:\/\/locsshop.eu\/wp-content\/uploads\/2024\/05\/b1229-g.jpg","width":800,"height":800},{"@type":"BreadcrumbList","@id":"https:\/\/locsshop.eu\/shop\/sorte-plate-wayfarer-solbriller-florida-blaa-spejlglas\/#breadcrumb","itemListElement":[{"@type":"ListItem","position":1,"name":"Hjem","item":"https:\/\/locsshop.eu\/"},{"@type":"ListItem","position":2,"name":"Shop","item":"https:\/\/locsshop.eu\/shop\/"},{"@type":"ListItem","position":3,"name":"Sorte Plate Wayfarer solbriller &#8211; Florida | Bl\u00e5 spejlglas"}]},{"@type":"WebSite","@id":"https:\/\/locsshop.eu\/#website","url":"https:\/\/locsshop.eu\/","name":"Okulary przeciws\u0142oneczne Locs - Dostawca LOCS w UE","description":"Sprzedajemy tanie okulary przeciws\u0142oneczne LOCS","publisher":{"@id":"https:\/\/locsshop.eu\/#organization"},"potentialAction":[{"@type":"SearchAction","target":{"@type":"EntryPoint","urlTemplate":"https:\/\/locsshop.eu\/?s={search_term_string}"},"query-input":{"@type":"PropertyValueSpecification","valueRequired":true,"valueName":"search_term_string"}}],"inLanguage":"pl-PL"},{"@type":"Organization","@id":"https:\/\/locsshop.eu\/#organization","name":"Locsshop.eu","url":"https:\/\/locsshop.eu\/","logo":{"@type":"ImageObject","inLanguage":"pl-PL","@id":"https:\/\/locsshop.eu\/#\/schema\/logo\/image\/","url":"https:\/\/locsshop.eu\/wp-content\/uploads\/2022\/02\/Locsshop-logo.png","contentUrl":"https:\/\/locsshop.eu\/wp-content\/uploads\/2022\/02\/Locsshop-logo.png","width":930,"height":200,"caption":"Locsshop.eu"},"image":{"@id":"https:\/\/locsshop.eu\/#\/schema\/logo\/image\/"}}]}},"_links":{"self":[{"href":"https:\/\/locsshop.eu\/pl\/wp-json\/wp\/v2\/product\/13021","targetHints":{"allow":["GET"]}}],"collection":[{"href":"https:\/\/locsshop.eu\/pl\/wp-json\/wp\/v2\/product"}],"about":[{"href":"https:\/\/locsshop.eu\/pl\/wp-json\/wp\/v2\/types\/product"}],"replies":[{"embeddable":true,"href":"https:\/\/locsshop.eu\/pl\/wp-json\/wp\/v2\/comments?post=13021"}],"wp:featuredmedia":[{"embeddable":true,"href":"https:\/\/locsshop.eu\/pl\/wp-json\/wp\/v2\/media\/13018"}],"wp:attachment":[{"href":"https:\/\/locsshop.eu\/pl\/wp-json\/wp\/v2\/media?parent=13021"}],"wp:term":[{"taxonomy":"product_brand","embeddable":true,"href":"https:\/\/locsshop.eu\/pl\/wp-json\/wp\/v2\/product_brand?post=13021"},{"taxonomy":"product_cat","embeddable":true,"href":"https:\/\/locsshop.eu\/pl\/wp-json\/wp\/v2\/product_cat?post=13021"},{"taxonomy":"product_tag","embeddable":true,"href":"https:\/\/locsshop.eu\/pl\/wp-json\/wp\/v2\/product_tag?post=13021"}],"curies":[{"name":"wp","href":"https:\/\/api.w.org\/{rel}","templated":true}]}}