{"id":13701,"date":"2025-01-27T17:10:49","date_gmt":"2025-01-27T16:10:49","guid":{"rendered":"https:\/\/locsshop.eu\/shop\/upcycled-indiske-silkebukser-med-lommer-model-19\/"},"modified":"2025-04-13T07:11:08","modified_gmt":"2025-04-13T05:11:08","slug":"upcycled-indiske-silkebukser-med-lommer-model-19","status":"publish","type":"product","link":"https:\/\/locsshop.eu\/pl\/shop\/upcycled-indiske-silkebukser-med-lommer-model-19\/","title":{"rendered":"Regenerowane spodnie z indyjskiego jedwabiu z kieszeniami \u2013 Model 19"},"content":{"rendered":"<h2><strong>Spodnie z jedwabiu poddanego recyklingowi \u2013 od indyjskich sari \u015blubnych po wyj\u0105tkowe kreacje<\/strong><\/h2>\n<p>Nadaj swojej garderobie odrobin\u0119 historii, zr\u00f3wnowa\u017conego rozwoju i luksusu dzi\u0119ki naszym spodniom z jedwabiu poddanego recyklingowi. Te pi\u0119kne spodnie zosta\u0142y uszyte z poddanych recyklingowi indyjskich sari \u015blubnych, kt\u00f3re kiedy\u015b by\u0142y cz\u0119\u015bci\u0105 wielkich uroczysto\u015bci. Ka\u017cde sari niesie ze sob\u0105 histori\u0119 tradycji i kultury, co sprawia, \u017ce ka\u017cda para spodni jest zupe\u0142nie wyj\u0105tkowa.<\/p>\n<p>Mi\u0119kki, lekki jedwab pi\u0119knie si\u0119 uk\u0142ada i zapewnia eleganckie, a jednocze\u015bnie swobodne dopasowanie. Spodnie zaprojektowano z my\u015bl\u0105 o komforcie i maj\u0105 praktyczne kieszenie, dzi\u0119ki czemu s\u0105 zar\u00f3wno stylowe, jak i funkcjonalne. Z uwagi na fakt, \u017ce materia\u0142y s\u0105 poddawane recyklingowi, na tkaninie mog\u0105 wyst\u0119powa\u0107 drobne skazy lub r\u00f3\u017cnice \u2013 \u015bwiadcz\u0105 one po prostu o poprzednim \u017cyciu sari i dodaj\u0105 im wyj\u0105tkowego uroku.<\/p>\n<p>Wybieraj\u0105c te spodnie, inwestujesz nie tylko w ponadczasowe pi\u0119kno, ale r\u00f3wnie\u017c w bardziej zr\u00f3wnowa\u017con\u0105 przysz\u0142o\u015b\u0107, w kt\u00f3rej istniej\u0105ce materia\u0142y zyskuj\u0105 nowe \u017cycie, zamiast si\u0119 marnowa\u0107. Ka\u017cda para jest ho\u0142dem dla indyjskiego rzemios\u0142a, recyklingu i powolnej mody.<\/p>\n<p>Nadaj swojej stylizacji wyj\u0105tkowo\u015bci i wyrazu dzi\u0119ki naszym spodniom z jedwabiu poddanego recyklingowi \u2013 po\u0142\u0105czeniu historii, elegancji i odpowiedzialnej mody.<\/p>\n<p>&nbsp;<\/p>\n<h3><strong>Rozmiar:<\/strong><\/h3>\n<p><strong>JEDEN ROZMIAR<\/strong> (Pasuj\u0105 na osoby nosz\u0105ce rozmiary 36-44), poniewa\u017c s\u0105 lu\u017ane, a gumk\u0119 w pasie mo\u017cna znacznie rozszerzy\u0107.<\/p>\n<p>&nbsp;<\/p>\n<h3><strong>Opis materia\u0142u:<\/strong><\/h3>\n<p>Poniewa\u017c spodnie s\u0105 poddawane recyklingowi i wykonane z materia\u0142\u00f3w pochodz\u0105cych z recyklingu, na materiale mog\u0105 wyst\u0119powa\u0107 drobne \u201ewady\/punkty pi\u0119kna\u201d. S\u0105 one \u015bwiadectwem poprzednich wciele\u0144 sari i przyczyniaj\u0105 si\u0119 do ich wyj\u0105tkowego charakteru. Nie postrzegamy ich jako wad, ale jako cz\u0119\u015b\u0107 historii i uroku danego ubrania.<\/p>\n<p>Poniewa\u017c sari u\u017cyte do produkcji spodni s\u0105 poddawane recyklingowi, nie mo\u017cemy zagwarantowa\u0107 dok\u0142adnego sk\u0142adu materia\u0142u w ka\u017cdej konkretnej parze spodni. Wi\u0119kszo\u015b\u0107 zawiera spor\u0105 ilo\u015b\u0107 jedwabiu, cz\u0119sto 100%, ale mo\u017ce te\u017c zawiera\u0107 w\u0142\u00f3kna syntetyczne lub by\u0107 mieszank\u0105. Cho\u0107 wolimy unika\u0107 tkanin syntetycznych, nadal wierzymy, \u017ce sari z recyklingu to zr\u00f3wnowa\u017cony wyb\u00f3r, poniewa\u017c tkanina zyskuje nowe \u017cycie, zamiast si\u0119 marnowa\u0107.<\/p>\n<p>Nie mamy mo\u017cliwo\u015bci wykonania kompletnej analizy materia\u0142owej ka\u017cdej pary spodni. Etykiety umieszczone wewn\u0105trz ubra\u0144 nie zawsze s\u0105 dok\u0142adne. Dlatego wa\u017cne jest, aby to zrozumie\u0107 i zaakceptowa\u0107 dokonuj\u0105c zakup\u00f3w w naszym sklepie internetowym.<\/p>\n<p><img loading=\"lazy\" decoding=\"async\" class=\"wp-image-14921 alignnone\" src=\"https:\/\/bazarsalg.dk\/wp-content\/uploads\/Tree-of-hands-Bagside-Hangtag.jpg\" alt=\"\" width=\"319\" height=\"478\" data-wp-editing=\"1\" \/> <img loading=\"lazy\" decoding=\"async\" class=\"wp-image-14922 alignnone\" src=\"https:\/\/bazarsalg.dk\/wp-content\/uploads\/Tree-of-hands-Forside-Hangtag.jpg\" alt=\"\" width=\"319\" height=\"478\" \/><\/p>\n<h3><strong>Czym s\u0105 ubrania i torby z jedwabiu poddane recyklingowi od TREE OF HANDS?<\/strong><\/h3>\n<div>Upcycling polega na nadawaniu nowego \u017cycia materia\u0142om, kt\u00f3re w przeciwnym razie zosta\u0142yby wyrzucone, i tworzeniu czego\u015b warto\u015bciowego i ponadczasowego. W naszej kolekcji odzie\u017cy z jedwabiu poddanego recyklingowi wykorzystali\u015bmy sari, kt\u00f3re wcze\u015bniej by\u0142y u\u017cywane na indyjskich weselach. Te sari s\u0105 wykonane z luksusowego jedwabiu i cz\u0119sto zdobione misternymi haftami i szczeg\u00f3\u0142ami odzwierciedlaj\u0105cymi indyjsk\u0105 kultur\u0119 i rzemios\u0142o. Przekszta\u0142caj\u0105c te sari w nowoczesne ubrania, nie tylko zachowujemy pi\u0119kne materia\u0142y i kunszt wykonania, ale tak\u017ce nadajemy im now\u0105 funkcj\u0119 i styl.<\/div>\n<div><\/div>\n<div><strong>Zr\u00f3wnowa\u017cony rozw\u00f3j i tradycja w jednym<\/strong><\/div>\n<div>Ka\u017cde sari ma swoj\u0105 w\u0142asn\u0105, wyj\u0105tkow\u0105 palet\u0119 kolor\u00f3w, haft i histori\u0119. Dzi\u0119ki recyklingowi sari mamy okazj\u0119 zachowa\u0107 oryginalne wykonanie, a jednocze\u015bnie tworzy\u0107 ubrania, kt\u00f3re s\u0105 zar\u00f3wno pi\u0119kne, jak i zr\u00f3wnowa\u017cone. Oznacza to, \u017ce mo\u017cesz nosi\u0107 element indyjskiej tradycji, a jednocze\u015bnie przyczyni\u0107 si\u0119 do ochrony \u015brodowiska, wspieraj\u0105c ponowne wykorzystanie i recykling.<\/div>\n<div><\/div>\n<div><strong>Czego mo\u017cesz si\u0119 spodziewa\u0107?<\/strong><\/div>\n<div>Kiedy kupujesz ubrania i torby z jedwabiu poddanego recyklingowi <strong>DRZEWO R\u0104K<\/strong>, nie dostajesz po prostu pi\u0119knego i ekskluzywnego elementu ubioru \u2013 dostajesz cz\u0119\u015b\u0107 historii kultury. Ubrania TREE OF HANDS s\u0105 szyte przez wykwalifikowanych rzemie\u015blnik\u00f3w, kt\u00f3rzy starannie wybieraj\u0105 i przerabiaj\u0105 stare \u015blubne sari na eleganckie sukienki, spodnie i torby. Ka\u017cdy element ubioru jest wyj\u0105tkowy, dzi\u0119ki czemu masz pewno\u015b\u0107, \u017ce otrzymasz ubranie, kt\u00f3re jest zar\u00f3wno pi\u0119kne, jak i ekologiczne.<\/div>\n<div><\/div>\n<div><strong>Zalety odzie\u017cy z jedwabiu poddanego recyklingowi:<\/strong><\/div>\n<div>Niepowtarzalne wzory: Ka\u017cde dzie\u0142o jest jedyne w swoim rodzaju. Nie znajdziesz nigdy takiego samego po\u0142\u0105czenia kolor\u00f3w i wzor\u00f3w.<\/div>\n<div>Zr\u00f3wnowa\u017cony rozw\u00f3j: Wybieraj\u0105c odzie\u017c z jedwabiu poddanego recyklingowi, przyczyniasz si\u0119 do zmniejszenia ilo\u015bci odpad\u00f3w i wspierasz przyjazne dla \u015brodowiska wybory modowe.<\/div>\n<div>Rzemios\u0142o i tradycja: Odkryj bogactwo indyjskiego rzemios\u0142a i detale, kt\u00f3re nadaj\u0105 ka\u017cdemu elementowi ubioru wyj\u0105tkowy urok i histori\u0119.<\/div>\n<div>\n<p>Ekskluzywno\u015b\u0107: Poniewa\u017c ka\u017cde sari jest wyj\u0105tkowe, otrzymujesz ubrania i torby, kt\u00f3rych nie znajdziesz nigdzie indziej - idealne dla tych, kt\u00f3rzy chc\u0105 si\u0119 wyr\u00f3\u017cni\u0107 czym\u015b wyj\u0105tkowym.<\/p>\n<p><strong>Stw\u00f3rz sw\u00f3j w\u0142asny, niepowtarzalny wygl\u0105d<\/strong><\/p>\n<\/div>\n<div>Ubrania i torby z jedwabiu poddanego recyklingowi s\u0105 przeznaczone dla os\u00f3b, kt\u00f3re chc\u0105 nosi\u0107 co\u015b pi\u0119knego i znacz\u0105cego. Niezale\u017cnie od tego, czy szukasz efektownej sukienki na specjaln\u0105 okazj\u0119, czy stylowego stroju na co dzie\u0144, nasza odzie\u017c z jedwabiu poddanego recyklingowi zapewni Ci pi\u0119kne, ekskluzywne i zr\u00f3wnowa\u017cone rozwi\u0105zanie. Wybieraj\u0105c element kolekcji TREE OF HANDS, nie tylko zyskujesz pi\u0119kny element garderoby lub torb\u0119, ale tak\u017ce przy okazji kawa\u0142ek kultury i historii.<\/div>\n<div><\/div>\n<h3><strong>Historia Sari<\/strong><\/h3>\n<p>Jeden <strong>sari<\/strong> odgrywa centraln\u0105 rol\u0119 na indyjskim weselu i symbolizuje tradycj\u0119, elegancj\u0119 i kultur\u0119. Jest czym\u015b wi\u0119cej ni\u017c tylko elementem ubioru \u2013 niesie ze sob\u0105 znaczenie historyczne, spo\u0142eczne i rytualne, w zale\u017cno\u015bci od regionu i rodziny.<\/p>\n<h3><strong>Panna m\u0142oda i jej sari<\/strong><\/h3>\n<p>Panna m\u0142oda cz\u0119sto nosi bogato zdobione sari, zazwyczaj w kolorze czerwonym lub g\u0142\u0119boko z\u0142otym, gdy\u017c czerwie\u0144 symbolizuje mi\u0142o\u015b\u0107, szcz\u0119\u015bcie i p\u0142odno\u015b\u0107. Sari cz\u0119sto wykonuje si\u0119 z luksusowych materia\u0142\u00f3w, takich jak jedwab, i zdobi haftem, koralikami lub z\u0142otymi ni\u0107mi. W wielu regionach panna m\u0142oda otrzymuje sari jako cz\u0119\u015b\u0107 swojego <em>wyprawa panny m\u0142odej<\/em> (posag) od swojej rodziny i nosi go podczas najwa\u017cniejszych rytua\u0142\u00f3w \u015blubnych.<\/p>\n<h3><strong>Sari go\u015bci<\/strong><\/h3>\n<p>Kobiety uczestnicz\u0105ce w \u015blubie ubieraj\u0105 kolorowe i ozdobne sari, aby uczci\u0107 to wydarzenie. Wyb\u00f3r koloru i wzoru mo\u017ce odzwierciedla\u0107 status rodzinny, przynale\u017cno\u015b\u0107 lub osobiste preferencje. Krewni panny m\u0142odej lub pana m\u0142odego mog\u0105 skoordynowa\u0107 swoje stroje, aby pokaza\u0107 swoj\u0105 wsp\u00f3lnot\u0119.<\/p>\n<h3><strong>Rola sari w rytua\u0142ach<\/strong><\/h3>\n<ul>\n<li>Podczas niekt\u00f3rych rytua\u0142\u00f3w \u015blubnych, takich jak: <em>Kanyadaan<\/em> (gdzie rodzice panny m\u0142odej symbolicznie j\u0105 oddaj\u0105), sari mo\u017ce by\u0107 u\u017cyte do po\u0142\u0105czenia ubra\u0144 panny m\u0142odej i pana m\u0142odego, symbolizuj\u0105c ich nowe, wsp\u00f3lne \u017cycie.<\/li>\n<li>W niekt\u00f3rych tradycjach podczas ceremonii \u015blubnej rodzina pana m\u0142odego wr\u0119cza pannie m\u0142odej specjalne sari, co oznacza jej wej\u015bcie do nowej rodziny.<\/li>\n<li>Po \u015blubie wiele panien m\u0142odych zachowuje swoje \u015blubne sari jako cenn\u0105 pami\u0105tk\u0119 lub ponownie je wykorzystuje na specjalne okazje.<\/li>\n<\/ul>\n<p>Sari jest zatem nie tylko pi\u0119knym strojem, ale tak\u017ce wa\u017cn\u0105 cz\u0119\u015bci\u0105 rytua\u0142u i emocjonalnego znaczenia indyjskiego \u015blubu.<\/p>\n<p><img loading=\"lazy\" decoding=\"async\" class=\"size-full wp-image-14907 aligncenter\" src=\"https:\/\/bazarsalg.dk\/wp-content\/uploads\/wedding-7333870_640.png\" alt=\"\" width=\"640\" height=\"378\" \/><br \/>\n<strong>\u00a0<\/strong><\/p>\n<p>&nbsp;<\/p>\n<p><strong>\u00a0<\/strong><\/p>\n<table style=\"width: 100%;border-collapse: collapse;border-style: hidden;margin-left: auto;margin-right: auto\" border=\"1\" cellspacing=\"50\" cellpadding=\"20\">\n<caption>\u00a0<\/caption>\n<caption>\u00a0<\/caption>\n<tbody>\n<tr>\n<td style=\"width: 25%;text-align: center\"><img loading=\"lazy\" decoding=\"async\" class=\"alignnone size-full wp-image-14904\" src=\"https:\/\/bazarsalg.dk\/wp-content\/uploads\/india.png\" alt=\"\" width=\"80\" height=\"80\" \/><\/td>\n<td style=\"width: 25%;text-align: center\"><img loading=\"lazy\" decoding=\"async\" class=\"alignnone size-full wp-image-14903\" src=\"https:\/\/bazarsalg.dk\/wp-content\/uploads\/genbrug-logo-80x80-1.png\" alt=\"\" width=\"80\" height=\"80\" \/><\/td>\n<td style=\"width: 25%;text-align: center\"><img loading=\"lazy\" decoding=\"async\" class=\"alignnone size-full wp-image-14908\" src=\"https:\/\/bazarsalg.dk\/wp-content\/uploads\/quality.png\" alt=\"\" width=\"80\" height=\"80\" \/><\/td>\n<\/tr>\n<tr>\n<td style=\"width: 25%;text-align: center\"><strong><span style=\"color: #333333\"><span style=\"color: #333333\">Wyprodukowano w Indiach<\/span><\/span><\/strong><\/p>\n<p>Nasze jedwabne ubrania i torby s\u0105 produkowane w Indiach.<\/td>\n<td style=\"width: 25%;text-align: center\"><strong><span style=\"color: #333333\"><span style=\"color: #333333\">Upcykling<\/span><\/span><\/strong><\/p>\n<p><span style=\"color: #333333\">Kupuj\u0105c ubrania pochodz\u0105ce z recyklingu, wspierasz recykling i robisz co\u015b dobrego dla \u015brodowiska i naszej planety.<\/span><\/td>\n<td style=\"width: 25%;text-align: center\"><strong><span style=\"color: #333333\"><span style=\"color: #333333\">Wykonane z prawdziwego jedwabiu<\/span><\/span><\/strong><\/p>\n<p><span style=\"color: #333333\">W naszych ubraniach i torbach znajduje si\u0119 a\u017c 100% prawdziwego jedwabiu. Nie mo\u017cna jednak dok\u0142adnie okre\u015bli\u0107 procentu.<\/span><\/td>\n<\/tr>\n<\/tbody>\n<\/table>","protected":false},"excerpt":{"rendered":"<p><strong>UNIKALNE SPODNIE \u2013 TYLKO 1 SZTUKA. W MAGAZYNIE<\/strong><\/p>\n<p>ONESIZE \u2013 Rozmiar pasuje. Oko\u0142o 36-44.<\/p>\n<ul>\n<li><strong>100% tekstylia pochodz\u0105ce z recyklingu.\ud83c\udf43<\/strong><\/li>\n<li><strong>2 kieszenie z przodu.<\/strong><\/li>\n<li><strong>Gumka przy kostkach i w pasie.<\/strong><\/li>\n<li><strong>Zar\u00f3wno dla m\u0119\u017cczyzn jak i kobiet<\/strong><\/li>\n<\/ul>","protected":false},"featured_media":13699,"comment_status":"open","ping_status":"closed","template":"","meta":{"om_disable_all_campaigns":false,"_monsterinsights_skip_tracking":false,"_monsterinsights_sitenote_active":false,"_monsterinsights_sitenote_note":"","_monsterinsights_sitenote_category":0},"product_brand":[],"product_cat":[1584,1550,1583],"product_tag":[1585,1586,1587],"class_list":{"0":"post-13701","1":"product","2":"type-product","3":"status-publish","4":"has-post-thumbnail","6":"product_cat-silkebukser-med-lommer","7":"product_cat-toej-accessories","8":"product_cat-upcycled-silketoej","9":"product_tag-indien","10":"product_tag-lommer","11":"product_tag-silkebukser","13":"first","14":"instock","15":"sale","16":"shipping-taxable","17":"purchasable","18":"product-type-simple"},"yoast_head":"<!-- This site is optimized with the Yoast SEO plugin v27.2 - https:\/\/yoast.com\/product\/yoast-seo-wordpress\/ -->\n<title>Upcycled indiske Silkebukser med lommer - Model 19 | K\u00f8b online her | LOCS<\/title>\n<meta name=\"description\" content=\"K\u00f8b Upcycled indiske Silkebukser med lommer - Model 19 her | EU&#039;s st\u00f8rste udvalg af LOCS solbriller | Vi sender fra EU - Ingen ekstra import udgifter\" \/>\n<meta name=\"robots\" content=\"index, follow, max-snippet:-1, max-image-preview:large, max-video-preview:-1\" \/>\n<link rel=\"canonical\" href=\"https:\/\/locsshop.eu\/pl\/shop\/upcycled-indiske-silkebukser-med-lommer-model-19\/\" \/>\n<meta property=\"og:locale\" content=\"pl_PL\" \/>\n<meta property=\"og:type\" content=\"article\" \/>\n<meta property=\"og:title\" content=\"Upcycled indiske Silkebukser med lommer - Model 19 | K\u00f8b online her | LOCS\" \/>\n<meta property=\"og:description\" content=\"K\u00f8b Upcycled indiske Silkebukser med lommer - Model 19 her | EU&#039;s st\u00f8rste udvalg af LOCS solbriller | Vi sender fra EU - Ingen ekstra import udgifter\" \/>\n<meta property=\"og:url\" content=\"https:\/\/locsshop.eu\/pl\/shop\/upcycled-indiske-silkebukser-med-lommer-model-19\/\" \/>\n<meta property=\"og:site_name\" content=\"Locs Sunglasses - LOCS Supplier in EU\" \/>\n<meta property=\"article:modified_time\" content=\"2025-04-13T05:11:08+00:00\" \/>\n<meta property=\"og:image\" content=\"https:\/\/locsshop.eu\/wp-content\/uploads\/2025\/01\/19.jpg\" \/>\n\t<meta property=\"og:image:width\" content=\"800\" \/>\n\t<meta property=\"og:image:height\" content=\"800\" \/>\n\t<meta property=\"og:image:type\" content=\"image\/jpeg\" \/>\n<meta name=\"twitter:card\" content=\"summary_large_image\" \/>\n<meta name=\"twitter:label1\" content=\"Est. reading time\" \/>\n\t<meta name=\"twitter:data1\" content=\"6 minutes\" \/>\n<script type=\"application\/ld+json\" class=\"yoast-schema-graph\">{\"@context\":\"https:\/\/schema.org\",\"@graph\":[{\"@type\":\"WebPage\",\"@id\":\"https:\/\/locsshop.eu\/shop\/upcycled-indiske-silkebukser-med-lommer-model-19\/\",\"url\":\"https:\/\/locsshop.eu\/shop\/upcycled-indiske-silkebukser-med-lommer-model-19\/\",\"name\":\"Upcycled indiske Silkebukser med lommer - Model 19 | K\u00f8b online her | LOCS\",\"isPartOf\":{\"@id\":\"https:\/\/locsshop.eu\/#website\"},\"primaryImageOfPage\":{\"@id\":\"https:\/\/locsshop.eu\/shop\/upcycled-indiske-silkebukser-med-lommer-model-19\/#primaryimage\"},\"image\":{\"@id\":\"https:\/\/locsshop.eu\/shop\/upcycled-indiske-silkebukser-med-lommer-model-19\/#primaryimage\"},\"thumbnailUrl\":\"https:\/\/locsshop.eu\/wp-content\/uploads\/2025\/01\/19.jpg\",\"datePublished\":\"2025-01-27T16:10:49+00:00\",\"dateModified\":\"2025-04-13T05:11:08+00:00\",\"description\":\"K\u00f8b Upcycled indiske Silkebukser med lommer - Model 19 her | EU's st\u00f8rste udvalg af LOCS solbriller | Vi sender fra EU - Ingen ekstra import udgifter\",\"breadcrumb\":{\"@id\":\"https:\/\/locsshop.eu\/shop\/upcycled-indiske-silkebukser-med-lommer-model-19\/#breadcrumb\"},\"inLanguage\":\"pl-PL\",\"potentialAction\":[{\"@type\":\"ReadAction\",\"target\":[\"https:\/\/locsshop.eu\/shop\/upcycled-indiske-silkebukser-med-lommer-model-19\/\"]}]},{\"@type\":\"ImageObject\",\"inLanguage\":\"pl-PL\",\"@id\":\"https:\/\/locsshop.eu\/shop\/upcycled-indiske-silkebukser-med-lommer-model-19\/#primaryimage\",\"url\":\"https:\/\/locsshop.eu\/wp-content\/uploads\/2025\/01\/19.jpg\",\"contentUrl\":\"https:\/\/locsshop.eu\/wp-content\/uploads\/2025\/01\/19.jpg\",\"width\":800,\"height\":800},{\"@type\":\"BreadcrumbList\",\"@id\":\"https:\/\/locsshop.eu\/shop\/upcycled-indiske-silkebukser-med-lommer-model-19\/#breadcrumb\",\"itemListElement\":[{\"@type\":\"ListItem\",\"position\":1,\"name\":\"Hjem\",\"item\":\"https:\/\/locsshop.eu\/\"},{\"@type\":\"ListItem\",\"position\":2,\"name\":\"Shop\",\"item\":\"https:\/\/locsshop.eu\/shop\/\"},{\"@type\":\"ListItem\",\"position\":3,\"name\":\"Upcycled indiske Silkebukser med lommer &#8211; Model 19\"}]},{\"@type\":\"WebSite\",\"@id\":\"https:\/\/locsshop.eu\/#website\",\"url\":\"https:\/\/locsshop.eu\/\",\"name\":\"Locs Sunglasses - LOCS Supplier in EU\",\"description\":\"We sell cheap LOCS Sunglasses\",\"publisher\":{\"@id\":\"https:\/\/locsshop.eu\/#organization\"},\"potentialAction\":[{\"@type\":\"SearchAction\",\"target\":{\"@type\":\"EntryPoint\",\"urlTemplate\":\"https:\/\/locsshop.eu\/?s={search_term_string}\"},\"query-input\":{\"@type\":\"PropertyValueSpecification\",\"valueRequired\":true,\"valueName\":\"search_term_string\"}}],\"inLanguage\":\"pl-PL\"},{\"@type\":\"Organization\",\"@id\":\"https:\/\/locsshop.eu\/#organization\",\"name\":\"Locsshop.eu\",\"url\":\"https:\/\/locsshop.eu\/\",\"logo\":{\"@type\":\"ImageObject\",\"inLanguage\":\"pl-PL\",\"@id\":\"https:\/\/locsshop.eu\/#\/schema\/logo\/image\/\",\"url\":\"https:\/\/locsshop.eu\/wp-content\/uploads\/2022\/02\/Locsshop-logo.png\",\"contentUrl\":\"https:\/\/locsshop.eu\/wp-content\/uploads\/2022\/02\/Locsshop-logo.png\",\"width\":930,\"height\":200,\"caption\":\"Locsshop.eu\"},\"image\":{\"@id\":\"https:\/\/locsshop.eu\/#\/schema\/logo\/image\/\"}}]}<\/script>\n<!-- \/ Yoast SEO plugin. -->","yoast_head_json":{"title":"Spodnie z indyjskiego jedwabiu z kieszeniami - model 19 | Kup online tutaj | LOKALIZACJE","description":"Kup tutaj spodnie z indyjskiego jedwabiu z kieszeniami - model 19 | Najwi\u0119kszy w UE wyb\u00f3r okular\u00f3w przeciws\u0142onecznych LOCS | Wysy\u0142amy z UE - Bez dodatkowych koszt\u00f3w importu","robots":{"index":"index","follow":"follow","max-snippet":"max-snippet:-1","max-image-preview":"max-image-preview:large","max-video-preview":"max-video-preview:-1"},"canonical":"https:\/\/locsshop.eu\/pl\/shop\/upcycled-indiske-silkebukser-med-lommer-model-19\/","og_locale":"pl_PL","og_type":"article","og_title":"Upcycled indiske Silkebukser med lommer - Model 19 | K\u00f8b online her | LOCS","og_description":"K\u00f8b Upcycled indiske Silkebukser med lommer - Model 19 her | EU's st\u00f8rste udvalg af LOCS solbriller | Vi sender fra EU - Ingen ekstra import udgifter","og_url":"https:\/\/locsshop.eu\/pl\/shop\/upcycled-indiske-silkebukser-med-lommer-model-19\/","og_site_name":"Locs Sunglasses - LOCS Supplier in EU","article_modified_time":"2025-04-13T05:11:08+00:00","og_image":[{"width":800,"height":800,"url":"https:\/\/locsshop.eu\/wp-content\/uploads\/2025\/01\/19.jpg","type":"image\/jpeg"}],"twitter_card":"summary_large_image","twitter_misc":{"Est. reading time":"6 minutes"},"schema":{"@context":"https:\/\/schema.org","@graph":[{"@type":"WebPage","@id":"https:\/\/locsshop.eu\/shop\/upcycled-indiske-silkebukser-med-lommer-model-19\/","url":"https:\/\/locsshop.eu\/shop\/upcycled-indiske-silkebukser-med-lommer-model-19\/","name":"Spodnie z indyjskiego jedwabiu z kieszeniami - model 19 | Kup online tutaj | LOKALIZACJE","isPartOf":{"@id":"https:\/\/locsshop.eu\/#website"},"primaryImageOfPage":{"@id":"https:\/\/locsshop.eu\/shop\/upcycled-indiske-silkebukser-med-lommer-model-19\/#primaryimage"},"image":{"@id":"https:\/\/locsshop.eu\/shop\/upcycled-indiske-silkebukser-med-lommer-model-19\/#primaryimage"},"thumbnailUrl":"https:\/\/locsshop.eu\/wp-content\/uploads\/2025\/01\/19.jpg","datePublished":"2025-01-27T16:10:49+00:00","dateModified":"2025-04-13T05:11:08+00:00","description":"Kup tutaj spodnie z indyjskiego jedwabiu z kieszeniami - model 19 | Najwi\u0119kszy w UE wyb\u00f3r okular\u00f3w przeciws\u0142onecznych LOCS | Wysy\u0142amy z UE - Bez dodatkowych koszt\u00f3w importu","breadcrumb":{"@id":"https:\/\/locsshop.eu\/shop\/upcycled-indiske-silkebukser-med-lommer-model-19\/#breadcrumb"},"inLanguage":"pl-PL","potentialAction":[{"@type":"ReadAction","target":["https:\/\/locsshop.eu\/shop\/upcycled-indiske-silkebukser-med-lommer-model-19\/"]}]},{"@type":"ImageObject","inLanguage":"pl-PL","@id":"https:\/\/locsshop.eu\/shop\/upcycled-indiske-silkebukser-med-lommer-model-19\/#primaryimage","url":"https:\/\/locsshop.eu\/wp-content\/uploads\/2025\/01\/19.jpg","contentUrl":"https:\/\/locsshop.eu\/wp-content\/uploads\/2025\/01\/19.jpg","width":800,"height":800},{"@type":"BreadcrumbList","@id":"https:\/\/locsshop.eu\/shop\/upcycled-indiske-silkebukser-med-lommer-model-19\/#breadcrumb","itemListElement":[{"@type":"ListItem","position":1,"name":"Hjem","item":"https:\/\/locsshop.eu\/"},{"@type":"ListItem","position":2,"name":"Shop","item":"https:\/\/locsshop.eu\/shop\/"},{"@type":"ListItem","position":3,"name":"Upcycled indiske Silkebukser med lommer &#8211; Model 19"}]},{"@type":"WebSite","@id":"https:\/\/locsshop.eu\/#website","url":"https:\/\/locsshop.eu\/","name":"Okulary przeciws\u0142oneczne Locs - Dostawca LOCS w UE","description":"Sprzedajemy tanie okulary przeciws\u0142oneczne LOCS","publisher":{"@id":"https:\/\/locsshop.eu\/#organization"},"potentialAction":[{"@type":"SearchAction","target":{"@type":"EntryPoint","urlTemplate":"https:\/\/locsshop.eu\/?s={search_term_string}"},"query-input":{"@type":"PropertyValueSpecification","valueRequired":true,"valueName":"search_term_string"}}],"inLanguage":"pl-PL"},{"@type":"Organization","@id":"https:\/\/locsshop.eu\/#organization","name":"Locsshop.eu","url":"https:\/\/locsshop.eu\/","logo":{"@type":"ImageObject","inLanguage":"pl-PL","@id":"https:\/\/locsshop.eu\/#\/schema\/logo\/image\/","url":"https:\/\/locsshop.eu\/wp-content\/uploads\/2022\/02\/Locsshop-logo.png","contentUrl":"https:\/\/locsshop.eu\/wp-content\/uploads\/2022\/02\/Locsshop-logo.png","width":930,"height":200,"caption":"Locsshop.eu"},"image":{"@id":"https:\/\/locsshop.eu\/#\/schema\/logo\/image\/"}}]}},"_links":{"self":[{"href":"https:\/\/locsshop.eu\/pl\/wp-json\/wp\/v2\/product\/13701","targetHints":{"allow":["GET"]}}],"collection":[{"href":"https:\/\/locsshop.eu\/pl\/wp-json\/wp\/v2\/product"}],"about":[{"href":"https:\/\/locsshop.eu\/pl\/wp-json\/wp\/v2\/types\/product"}],"replies":[{"embeddable":true,"href":"https:\/\/locsshop.eu\/pl\/wp-json\/wp\/v2\/comments?post=13701"}],"wp:featuredmedia":[{"embeddable":true,"href":"https:\/\/locsshop.eu\/pl\/wp-json\/wp\/v2\/media\/13699"}],"wp:attachment":[{"href":"https:\/\/locsshop.eu\/pl\/wp-json\/wp\/v2\/media?parent=13701"}],"wp:term":[{"taxonomy":"product_brand","embeddable":true,"href":"https:\/\/locsshop.eu\/pl\/wp-json\/wp\/v2\/product_brand?post=13701"},{"taxonomy":"product_cat","embeddable":true,"href":"https:\/\/locsshop.eu\/pl\/wp-json\/wp\/v2\/product_cat?post=13701"},{"taxonomy":"product_tag","embeddable":true,"href":"https:\/\/locsshop.eu\/pl\/wp-json\/wp\/v2\/product_tag?post=13701"}],"curies":[{"name":"wp","href":"https:\/\/api.w.org\/{rel}","templated":true}]}}