{"id":13729,"date":"2025-01-27T20:21:34","date_gmt":"2025-01-27T19:21:34","guid":{"rendered":"https:\/\/locsshop.eu\/shop\/moncler-skibriller-ml0130-91x-89-mat-moerkeblaa-fejl\/"},"modified":"2026-03-10T18:43:47","modified_gmt":"2026-03-10T17:43:47","slug":"moncler-skibriller-ml0130-91x-89-mat-moerkeblaa-fejl","status":"publish","type":"product","link":"https:\/\/locsshop.eu\/pl\/shop\/moncler-skibriller-ml0130-91x-89-mat-moerkeblaa-fejl\/","title":{"rendered":"Gogle narciarskie Moncler \u2013 ML0130 91X 89 | Matowy Ciemny Niebieski \u2013 Ma ma\u0142\u0105 wad\u0119"},"content":{"rendered":"<h2><strong>Gogle narciarskie Moncler \u2013 ML0130 91X 89 | Matowy ciemnoniebieski z niebieskim lustrzanym odbiciem.<br \/>\nZawiera \u0142adna torba Moncler.<\/p>\n<p><span data-text-color=\"alert\">UWAGA: Chcieliby\u015bmy zaznaczy\u0107, \u017ce te gogle narciarskie niestety maj\u0105 ma\u0142\u0105 plamk\u0119 na jednej z soczewek, jak wida\u0107 na zdj\u0119ciu.<\/span><br \/>\n<span data-text-color=\"alert\">W zwi\u0105zku z powy\u017cszym gogli narciarskich NIE MO\u017bNA zwr\u00f3ci\u0107!!!<\/span><\/strong><\/h2>\n<h1><strong><br \/>\nSzczeg\u00f3\u0142y gogli narciarskich<\/strong><\/h1>\n<ul>\n<li style=\"list-style-type: none\">\n<ul>\n<li><strong>Super fajne gogle narciarskie marki Moncler<\/strong>. Soczewki s\u0105 <strong>soczewki kategorii 3.<\/strong> Ciemne soczewki sprawiaj\u0105, \u017ce nie o\u015blepi Ci\u0119 silne \u015bwiat\u0142o. Soczewki kategorii 3 filtruj\u0105 80-90% \u015bwiat\u0142o padaj\u0105ce<\/li>\n<li>Zapewniaj\u0105 to gogle narciarskie <strong>Ochrona UV 100%.<\/strong><\/li>\n<li><strong>W zestawie \u0142adna torba Moncler,<\/strong> dzi\u0119ki czemu mo\u017cna delikatnie przechowywa\u0107 gogle narciarskie.<\/li>\n<li><strong>Monclera<\/strong>\u00a0system wentylacji zapewnia optymaln\u0105 oddychalno\u015b\u0107.<\/li>\n<li><b>Przeciwmgielne <\/b>co zmniejsza kondensacj\u0119 podczas u\u017cytkowania.<\/li>\n<li><strong>Dla obu p\u0142ci<\/strong> model odpowiedni zar\u00f3wno dla kobiet, jak i m\u0119\u017cczyzn.<\/li>\n<li><strong>Wyprodukowano we W\u0142oszech.<\/strong><\/li>\n<li>My <strong>gwarancje<\/strong> jakimi s\u0105 nasze gogle narciarskie <strong>100% orygina\u0142<\/strong>, zakupiony od naszego zaufanego dostawcy w UE.<\/li>\n<\/ul>\n<\/li>\n<\/ul>\n<h3><img loading=\"lazy\" decoding=\"async\" class=\"size-full wp-image-14882 aligncenter\" src=\"https:\/\/bazarsalg.dk\/wp-content\/uploads\/mocler-logo.png\" alt=\"\" width=\"300\" height=\"168\" \/><\/h3>\n<h3>___________________________________________________________________________________________________________________________________________<\/h3>\n<p>&nbsp;<\/p>\n<h3>Dlaczego powiniene\u015b u\u017cywa\u0107 gogli narciarskich i dlaczego jeste\u015bmy najlepszym miejscem na zakupy<\/h3>\n<p>Kiedy wybierasz si\u0119 na stok, wa\u017cne jest, aby chroni\u0107 oczy przed wiatrem, \u015bniegiem i ostrymi promieniami UV odbijaj\u0105cymi si\u0119 od \u015bniegu. Gogle narciarskie to nie tylko stylowy dodatek \u2013 to niezb\u0119dnik ka\u017cdego narciarza i snowboardzisty. Ale dlaczego gogle narciarskie s\u0105 tak wa\u017cne i dlaczego przy kolejnym zakupie warto wybra\u0107 w\u0142a\u015bnie nas?<\/p>\n<h3><\/h3>\n<p>&nbsp;<\/p>\n<h3>Znaczenie gogli narciarskich<\/h3>\n<ol>\n<li><strong>Chroni przed szkodliwymi promieniami UV:<\/strong> \u015anieg odbija do 80% promieni s\u0142onecznych UV, co mo\u017ce prowadzi\u0107 do \u015blepoty \u015bnie\u017cnej. Gogle narciarskie z ochron\u0105 UV zapobiegaj\u0105 temu i skutecznie chroni\u0105 oczy.<\/li>\n<li><strong>Poprawia widoczno\u015b\u0107:<\/strong> Dzi\u0119ki odpowiedniemu zestawowi gogli narciarskich uzyskasz lepszy kontrast i wyrazisto\u015b\u0107, nawet w trudnych warunkach pogodowych, takich jak mg\u0142a lub obfite opady \u015bniegu. Poprawia to Twoje bezpiecze\u0144stwo na stoku.<\/li>\n<li><strong>Ekrany przed wiatrem i \u015bniegiem:<\/strong> Bez gogli narciarskich zimne powietrze i \u015bnieg mog\u0105 podra\u017cnia\u0107 oczy i utrudnia\u0107 widzenie. Gogle narciarskie zapewniaj\u0105 ciep\u0142o i sucho\u015b\u0107 oczu.<\/li>\n<li><strong>Redukuje odbicia od \u015bniegu: <\/strong>Gdy \u015bwieci s\u0142o\u0144ce, razi w oczy. Kiedy pada \u015bnieg, staje si\u0119 to jeszcze bardziej problematyczne, poniewa\u017c s\u0142o\u0144ce intensyfikuje blask i tutaj znaczenie gogli narciarskich jest bardzo du\u017ce, poniewa\u017c zapewniaj\u0105 one przyjemny widok i nie rani\u0105 oczu.<\/li>\n<\/ol>\n<p>&nbsp;<\/p>\n<h3>Dlaczego wybra\u0107 nas?<\/h3>\n<p>Z <strong>nas<\/strong> znajdziesz szeroki wyb\u00f3r wysokiej jako\u015bci gogli narciarskich w cenach, kt\u00f3re nie zrujnuj\u0105 bud\u017cetu. Oferujemy gogle narciarskie wyposa\u017cone w najnowsz\u0105 technologi\u0119, w tym pow\u0142ok\u0119 przeciwmgieln\u0105 i regulowane paski dla optymalnego komfortu.<\/p>\n<ul>\n<li><strong>Jako\u015b\u0107 w przyst\u0119pnej cenie:<\/strong> Starannie dobieramy nasz asortyment, aby zapewni\u0107 Pa\u0144stwu najlepsz\u0105 jako\u015b\u0107 w najni\u017cszej cenie.<\/li>\n<li><strong>Szybka dostawa:<\/strong> Zamawiaj\u0105c u nas, mo\u017cesz spodziewa\u0107 si\u0119 szybkiej dostawy, dzi\u0119ki czemu b\u0119dziesz gotowy na stoki w mgnieniu oka.<\/li>\n<li><strong>\u015awietna obs\u0142uga klienta:<\/strong> Nasz oddany zesp\u00f3\u0142 jest zawsze gotowy, aby pom\u00f3c Ci znale\u017a\u0107 idealne gogle narciarskie.<\/li>\n<\/ul>\n<p>Niezale\u017cnie od tego, czy jeste\u015b do\u015bwiadczonym narciarzem, czy dopiero zaczynasz przygod\u0119 ze stokami, miej to na uwadze <strong>My<\/strong> idealna para gogli narciarskich dla Ciebie. Chro\u0144 swoje oczy i ciesz si\u0119 zimow\u0105 przygod\u0105 dzi\u0119ki nowym goglom narciarskim.<\/p>","protected":false},"excerpt":{"rendered":"<ul>\n<li>Z szerokim, regulowanym, elastycznym paskiem<\/li>\n<li>Do jazdy na nartach i snowboardzie<\/li>\n<li>Zawiera Torba Moncler<\/li>\n<li>Soczewki kategorii 3<\/li>\n<li>Niebiesko-fioletowa lustrzanka<br \/>\n<strong><span data-text-color=\"alert\">UWAGA: Chcieliby\u015bmy zaznaczy\u0107, \u017ce te gogle narciarskie niestety maj\u0105 ma\u0142\u0105 plamk\u0119 na jednej z soczewek, jak wida\u0107 na zdj\u0119ciu.<\/span><br \/>\n<span data-text-color=\"alert\">W zwi\u0105zku z powy\u017cszym gogli narciarskich NIE MO\u017bNA zwr\u00f3ci\u0107!!!<\/span><\/strong><\/p>\n<p><img loading=\"lazy\" decoding=\"async\" class=\"alignnone wp-image-14882 size-thumbnail\" src=\"https:\/\/bazarsalg.dk\/wp-content\/uploads\/mocler-logo-280x168.png\" alt=\"\" width=\"280\" height=\"168\" \/><\/li>\n<\/ul>","protected":false},"featured_media":13723,"comment_status":"open","ping_status":"closed","template":"","meta":{"om_disable_all_campaigns":false,"_monsterinsights_skip_tracking":false,"_monsterinsights_sitenote_active":false,"_monsterinsights_sitenote_note":"","_monsterinsights_sitenote_category":0},"product_brand":[],"product_cat":[1560],"product_tag":[1582,1559],"class_list":{"0":"post-13729","1":"product","2":"type-product","3":"status-publish","4":"has-post-thumbnail","6":"product_cat-skibriller","7":"product_tag-moncler","8":"product_tag-skibriller","10":"first","11":"outofstock","12":"sale","13":"purchasable","14":"product-type-simple"},"yoast_head":"<!-- This site is optimized with the Yoast SEO plugin v27.5 - https:\/\/yoast.com\/product\/yoast-seo-wordpress\/ -->\n<title>Moncler skibriller - ML0130 91X 89 | Mat M\u00f8rkebl\u00e5 - Har en lille fejl | K\u00f8b online her | LOCS<\/title>\n<meta name=\"description\" content=\"K\u00f8b Moncler skibriller - ML0130 91X 89 | Mat M\u00f8rkebl\u00e5 - Har en lille fejl her | EU&#039;s st\u00f8rste udvalg af LOCS solbriller | Vi sender fra EU - Ingen ekstra import udgifter\" \/>\n<meta name=\"robots\" content=\"index, follow, max-snippet:-1, max-image-preview:large, max-video-preview:-1\" \/>\n<link rel=\"canonical\" href=\"https:\/\/locsshop.eu\/pl\/shop\/moncler-skibriller-ml0130-91x-89-mat-moerkeblaa-fejl\/\" \/>\n<meta property=\"og:locale\" content=\"pl_PL\" \/>\n<meta property=\"og:type\" content=\"article\" \/>\n<meta property=\"og:title\" content=\"Moncler skibriller - ML0130 91X 89 | Mat M\u00f8rkebl\u00e5 - Har en lille fejl | K\u00f8b online her | LOCS\" \/>\n<meta property=\"og:description\" content=\"K\u00f8b Moncler skibriller - ML0130 91X 89 | Mat M\u00f8rkebl\u00e5 - Har en lille fejl her | EU&#039;s st\u00f8rste udvalg af LOCS solbriller | Vi sender fra EU - Ingen ekstra import udgifter\" \/>\n<meta property=\"og:url\" content=\"https:\/\/locsshop.eu\/pl\/shop\/moncler-skibriller-ml0130-91x-89-mat-moerkeblaa-fejl\/\" \/>\n<meta property=\"og:site_name\" content=\"Locs Sunglasses - LOCS Supplier in EU\" \/>\n<meta property=\"article:modified_time\" content=\"2026-03-10T17:43:47+00:00\" \/>\n<meta property=\"og:image\" content=\"https:\/\/locsshop.eu\/wp-content\/uploads\/2025\/01\/moncler3.jpg\" \/>\n\t<meta property=\"og:image:width\" content=\"800\" \/>\n\t<meta property=\"og:image:height\" content=\"800\" \/>\n\t<meta property=\"og:image:type\" content=\"image\/jpeg\" \/>\n<meta name=\"twitter:card\" content=\"summary_large_image\" \/>\n<meta name=\"twitter:label1\" content=\"Est. reading time\" \/>\n\t<meta name=\"twitter:data1\" content=\"3 minutes\" \/>\n<script type=\"application\/ld+json\" class=\"yoast-schema-graph\">{\"@context\":\"https:\\\/\\\/schema.org\",\"@graph\":[{\"@type\":\"WebPage\",\"@id\":\"https:\\\/\\\/locsshop.eu\\\/shop\\\/moncler-skibriller-ml0130-91x-89-mat-moerkeblaa-fejl\\\/\",\"url\":\"https:\\\/\\\/locsshop.eu\\\/shop\\\/moncler-skibriller-ml0130-91x-89-mat-moerkeblaa-fejl\\\/\",\"name\":\"Moncler skibriller - ML0130 91X 89 | Mat M\u00f8rkebl\u00e5 - Har en lille fejl | K\u00f8b online her | LOCS\",\"isPartOf\":{\"@id\":\"https:\\\/\\\/locsshop.eu\\\/#website\"},\"primaryImageOfPage\":{\"@id\":\"https:\\\/\\\/locsshop.eu\\\/shop\\\/moncler-skibriller-ml0130-91x-89-mat-moerkeblaa-fejl\\\/#primaryimage\"},\"image\":{\"@id\":\"https:\\\/\\\/locsshop.eu\\\/shop\\\/moncler-skibriller-ml0130-91x-89-mat-moerkeblaa-fejl\\\/#primaryimage\"},\"thumbnailUrl\":\"https:\\\/\\\/locsshop.eu\\\/wp-content\\\/uploads\\\/2025\\\/01\\\/moncler3.jpg\",\"datePublished\":\"2025-01-27T19:21:34+00:00\",\"dateModified\":\"2026-03-10T17:43:47+00:00\",\"description\":\"K\u00f8b Moncler skibriller - ML0130 91X 89 | Mat M\u00f8rkebl\u00e5 - Har en lille fejl her | EU's st\u00f8rste udvalg af LOCS solbriller | Vi sender fra EU - Ingen ekstra import udgifter\",\"breadcrumb\":{\"@id\":\"https:\\\/\\\/locsshop.eu\\\/shop\\\/moncler-skibriller-ml0130-91x-89-mat-moerkeblaa-fejl\\\/#breadcrumb\"},\"inLanguage\":\"pl-PL\",\"potentialAction\":[{\"@type\":\"ReadAction\",\"target\":[\"https:\\\/\\\/locsshop.eu\\\/shop\\\/moncler-skibriller-ml0130-91x-89-mat-moerkeblaa-fejl\\\/\"]}]},{\"@type\":\"ImageObject\",\"inLanguage\":\"pl-PL\",\"@id\":\"https:\\\/\\\/locsshop.eu\\\/shop\\\/moncler-skibriller-ml0130-91x-89-mat-moerkeblaa-fejl\\\/#primaryimage\",\"url\":\"https:\\\/\\\/locsshop.eu\\\/wp-content\\\/uploads\\\/2025\\\/01\\\/moncler3.jpg\",\"contentUrl\":\"https:\\\/\\\/locsshop.eu\\\/wp-content\\\/uploads\\\/2025\\\/01\\\/moncler3.jpg\",\"width\":800,\"height\":800},{\"@type\":\"BreadcrumbList\",\"@id\":\"https:\\\/\\\/locsshop.eu\\\/shop\\\/moncler-skibriller-ml0130-91x-89-mat-moerkeblaa-fejl\\\/#breadcrumb\",\"itemListElement\":[{\"@type\":\"ListItem\",\"position\":1,\"name\":\"Hjem\",\"item\":\"https:\\\/\\\/locsshop.eu\\\/\"},{\"@type\":\"ListItem\",\"position\":2,\"name\":\"Shop\",\"item\":\"https:\\\/\\\/locsshop.eu\\\/shop\\\/\"},{\"@type\":\"ListItem\",\"position\":3,\"name\":\"Moncler skibriller &#8211; ML0130 91X 89 | Mat M\u00f8rkebl\u00e5 &#8211; Har en lille fejl\"}]},{\"@type\":\"WebSite\",\"@id\":\"https:\\\/\\\/locsshop.eu\\\/#website\",\"url\":\"https:\\\/\\\/locsshop.eu\\\/\",\"name\":\"Locs Sunglasses - LOCS Supplier in EU\",\"description\":\"We sell cheap LOCS Sunglasses\",\"publisher\":{\"@id\":\"https:\\\/\\\/locsshop.eu\\\/#organization\"},\"potentialAction\":[{\"@type\":\"SearchAction\",\"target\":{\"@type\":\"EntryPoint\",\"urlTemplate\":\"https:\\\/\\\/locsshop.eu\\\/?s={search_term_string}\"},\"query-input\":{\"@type\":\"PropertyValueSpecification\",\"valueRequired\":true,\"valueName\":\"search_term_string\"}}],\"inLanguage\":\"pl-PL\"},{\"@type\":\"Organization\",\"@id\":\"https:\\\/\\\/locsshop.eu\\\/#organization\",\"name\":\"Locsshop.eu\",\"url\":\"https:\\\/\\\/locsshop.eu\\\/\",\"logo\":{\"@type\":\"ImageObject\",\"inLanguage\":\"pl-PL\",\"@id\":\"https:\\\/\\\/locsshop.eu\\\/#\\\/schema\\\/logo\\\/image\\\/\",\"url\":\"https:\\\/\\\/locsshop.eu\\\/wp-content\\\/uploads\\\/2022\\\/02\\\/Locsshop-logo.png\",\"contentUrl\":\"https:\\\/\\\/locsshop.eu\\\/wp-content\\\/uploads\\\/2022\\\/02\\\/Locsshop-logo.png\",\"width\":930,\"height\":200,\"caption\":\"Locsshop.eu\"},\"image\":{\"@id\":\"https:\\\/\\\/locsshop.eu\\\/#\\\/schema\\\/logo\\\/image\\\/\"}}]}<\/script>\n<!-- \/ Yoast SEO plugin. -->","yoast_head_json":{"title":"Gogle narciarskie Moncler - ML0130 91X 89 | Matowy Ciemnoniebieski - Ma ma\u0142\u0105 wad\u0119 | Kup online tutaj | LOKALIZACJE","description":"Kup gogle narciarskie Moncler - ML0130 91X 89 | Matowy ciemnoniebieski - tutaj jest ma\u0142y b\u0142\u0105d | Najwi\u0119kszy w UE wyb\u00f3r okular\u00f3w przeciws\u0142onecznych LOCS | Wysy\u0142amy z UE - Bez dodatkowych koszt\u00f3w importu","robots":{"index":"index","follow":"follow","max-snippet":"max-snippet:-1","max-image-preview":"max-image-preview:large","max-video-preview":"max-video-preview:-1"},"canonical":"https:\/\/locsshop.eu\/pl\/shop\/moncler-skibriller-ml0130-91x-89-mat-moerkeblaa-fejl\/","og_locale":"pl_PL","og_type":"article","og_title":"Moncler skibriller - ML0130 91X 89 | Mat M\u00f8rkebl\u00e5 - Har en lille fejl | K\u00f8b online her | LOCS","og_description":"K\u00f8b Moncler skibriller - ML0130 91X 89 | Mat M\u00f8rkebl\u00e5 - Har en lille fejl her | EU's st\u00f8rste udvalg af LOCS solbriller | Vi sender fra EU - Ingen ekstra import udgifter","og_url":"https:\/\/locsshop.eu\/pl\/shop\/moncler-skibriller-ml0130-91x-89-mat-moerkeblaa-fejl\/","og_site_name":"Locs Sunglasses - LOCS Supplier in EU","article_modified_time":"2026-03-10T17:43:47+00:00","og_image":[{"width":800,"height":800,"url":"https:\/\/locsshop.eu\/wp-content\/uploads\/2025\/01\/moncler3.jpg","type":"image\/jpeg"}],"twitter_card":"summary_large_image","twitter_misc":{"Est. reading time":"3 minutes"},"schema":{"@context":"https:\/\/schema.org","@graph":[{"@type":"WebPage","@id":"https:\/\/locsshop.eu\/shop\/moncler-skibriller-ml0130-91x-89-mat-moerkeblaa-fejl\/","url":"https:\/\/locsshop.eu\/shop\/moncler-skibriller-ml0130-91x-89-mat-moerkeblaa-fejl\/","name":"Gogle narciarskie Moncler - ML0130 91X 89 | Matowy Ciemnoniebieski - Ma ma\u0142\u0105 wad\u0119 | Kup online tutaj | LOKALIZACJE","isPartOf":{"@id":"https:\/\/locsshop.eu\/#website"},"primaryImageOfPage":{"@id":"https:\/\/locsshop.eu\/shop\/moncler-skibriller-ml0130-91x-89-mat-moerkeblaa-fejl\/#primaryimage"},"image":{"@id":"https:\/\/locsshop.eu\/shop\/moncler-skibriller-ml0130-91x-89-mat-moerkeblaa-fejl\/#primaryimage"},"thumbnailUrl":"https:\/\/locsshop.eu\/wp-content\/uploads\/2025\/01\/moncler3.jpg","datePublished":"2025-01-27T19:21:34+00:00","dateModified":"2026-03-10T17:43:47+00:00","description":"Kup gogle narciarskie Moncler - ML0130 91X 89 | Matowy ciemnoniebieski - tutaj jest ma\u0142y b\u0142\u0105d | Najwi\u0119kszy w UE wyb\u00f3r okular\u00f3w przeciws\u0142onecznych LOCS | Wysy\u0142amy z UE - Bez dodatkowych koszt\u00f3w importu","breadcrumb":{"@id":"https:\/\/locsshop.eu\/shop\/moncler-skibriller-ml0130-91x-89-mat-moerkeblaa-fejl\/#breadcrumb"},"inLanguage":"pl-PL","potentialAction":[{"@type":"ReadAction","target":["https:\/\/locsshop.eu\/shop\/moncler-skibriller-ml0130-91x-89-mat-moerkeblaa-fejl\/"]}]},{"@type":"ImageObject","inLanguage":"pl-PL","@id":"https:\/\/locsshop.eu\/shop\/moncler-skibriller-ml0130-91x-89-mat-moerkeblaa-fejl\/#primaryimage","url":"https:\/\/locsshop.eu\/wp-content\/uploads\/2025\/01\/moncler3.jpg","contentUrl":"https:\/\/locsshop.eu\/wp-content\/uploads\/2025\/01\/moncler3.jpg","width":800,"height":800},{"@type":"BreadcrumbList","@id":"https:\/\/locsshop.eu\/shop\/moncler-skibriller-ml0130-91x-89-mat-moerkeblaa-fejl\/#breadcrumb","itemListElement":[{"@type":"ListItem","position":1,"name":"Hjem","item":"https:\/\/locsshop.eu\/"},{"@type":"ListItem","position":2,"name":"Shop","item":"https:\/\/locsshop.eu\/shop\/"},{"@type":"ListItem","position":3,"name":"Moncler skibriller &#8211; ML0130 91X 89 | Mat M\u00f8rkebl\u00e5 &#8211; Har en lille fejl"}]},{"@type":"WebSite","@id":"https:\/\/locsshop.eu\/#website","url":"https:\/\/locsshop.eu\/","name":"Okulary przeciws\u0142oneczne Locs - Dostawca LOCS w UE","description":"Sprzedajemy tanie okulary przeciws\u0142oneczne LOCS","publisher":{"@id":"https:\/\/locsshop.eu\/#organization"},"potentialAction":[{"@type":"SearchAction","target":{"@type":"EntryPoint","urlTemplate":"https:\/\/locsshop.eu\/?s={search_term_string}"},"query-input":{"@type":"PropertyValueSpecification","valueRequired":true,"valueName":"search_term_string"}}],"inLanguage":"pl-PL"},{"@type":"Organization","@id":"https:\/\/locsshop.eu\/#organization","name":"Locsshop.eu","url":"https:\/\/locsshop.eu\/","logo":{"@type":"ImageObject","inLanguage":"pl-PL","@id":"https:\/\/locsshop.eu\/#\/schema\/logo\/image\/","url":"https:\/\/locsshop.eu\/wp-content\/uploads\/2022\/02\/Locsshop-logo.png","contentUrl":"https:\/\/locsshop.eu\/wp-content\/uploads\/2022\/02\/Locsshop-logo.png","width":930,"height":200,"caption":"Locsshop.eu"},"image":{"@id":"https:\/\/locsshop.eu\/#\/schema\/logo\/image\/"}}]}},"_links":{"self":[{"href":"https:\/\/locsshop.eu\/pl\/wp-json\/wp\/v2\/product\/13729","targetHints":{"allow":["GET"]}}],"collection":[{"href":"https:\/\/locsshop.eu\/pl\/wp-json\/wp\/v2\/product"}],"about":[{"href":"https:\/\/locsshop.eu\/pl\/wp-json\/wp\/v2\/types\/product"}],"replies":[{"embeddable":true,"href":"https:\/\/locsshop.eu\/pl\/wp-json\/wp\/v2\/comments?post=13729"}],"wp:featuredmedia":[{"embeddable":true,"href":"https:\/\/locsshop.eu\/pl\/wp-json\/wp\/v2\/media\/13723"}],"wp:attachment":[{"href":"https:\/\/locsshop.eu\/pl\/wp-json\/wp\/v2\/media?parent=13729"}],"wp:term":[{"taxonomy":"product_brand","embeddable":true,"href":"https:\/\/locsshop.eu\/pl\/wp-json\/wp\/v2\/product_brand?post=13729"},{"taxonomy":"product_cat","embeddable":true,"href":"https:\/\/locsshop.eu\/pl\/wp-json\/wp\/v2\/product_cat?post=13729"},{"taxonomy":"product_tag","embeddable":true,"href":"https:\/\/locsshop.eu\/pl\/wp-json\/wp\/v2\/product_tag?post=13729"}],"curies":[{"name":"wp","href":"https:\/\/api.w.org\/{rel}","templated":true}]}}