{"id":13912,"date":"2025-03-26T10:04:53","date_gmt":"2025-03-26T09:04:53","guid":{"rendered":"https:\/\/locsshop.eu\/shop\/gummi-sports-brillesnor-pink\/"},"modified":"2025-07-15T11:59:33","modified_gmt":"2025-07-15T09:59:33","slug":"gummi-sports-brillesnor-pink","status":"publish","type":"product","link":"https:\/\/locsshop.eu\/pl\/shop\/gummi-sports-brillesnor-pink\/","title":{"rendered":"Gumowy sznurek do okular\u00f3w sportowych \u2013 r\u00f3\u017cowy"},"content":{"rendered":"<h1>gumowy sznurek do okular\u00f3w sportowych<\/h1>\n<p>Idealny do aktywnego trybu \u017cycia.<br \/>\nKiedy biegasz, \u017ceglujesz, je\u017adzisz na rowerze i wielu innych aktywno\u015bciach, ta smycz jest genialna.<br \/>\nSznurek mo\u017cna \u0142atwo przymocowa\u0107, umieszczaj\u0105c jego ko\u0144ce na ko\u0144cach okular\u00f3w przeciws\u0142onecznych.<br \/>\nDzi\u0119ki temu zmniejsza si\u0119 ryzyko zgubienia okular\u00f3w przeciws\u0142onecznych lub okular\u00f3w korekcyjnych, na przyk\u0142ad w wodzie podczas \u017ceglowania.<\/p>\n<p>D\u0142ugo\u015b\u0107: 73,5 cm.<br \/>\nGrubo\u015b\u0107: 3mm.<\/p>\n<p>Nadaje si\u0119 zar\u00f3wno do okular\u00f3w, jak i okular\u00f3w przeciws\u0142onecznych<\/p>","protected":false},"excerpt":{"rendered":"<p><strong>Gumowy sznurek do okular\u00f3w sportowych<\/strong><br \/>\nDo okular\u00f3w i okular\u00f3w przeciws\u0142onecznych \u2013 aby nie zgubi\u0107 okular\u00f3w\/okular\u00f3w przeciws\u0142onecznych podczas aktywno\u015bci<\/p>\n<p>D\u0142ugo\u015b\u0107: 73,5 cm.<br \/>\nGrubo\u015b\u0107: 3mm.<\/p>","protected":false},"featured_media":13910,"comment_status":"closed","ping_status":"closed","template":"","meta":{"om_disable_all_campaigns":false,"_monsterinsights_skip_tracking":false,"_monsterinsights_sitenote_active":false,"_monsterinsights_sitenote_note":"","_monsterinsights_sitenote_category":0},"product_brand":[],"product_cat":[1041],"product_tag":[572,574,559],"class_list":{"0":"post-13912","1":"product","2":"type-product","3":"status-publish","4":"has-post-thumbnail","6":"product_cat-etuier-tilbehoer","7":"product_tag-brillesnor","8":"product_tag-snor","9":"product_tag-sport","11":"first","12":"outofstock","13":"shipping-taxable","14":"purchasable","15":"product-type-simple"},"yoast_head":"<!-- This site is optimized with the Yoast SEO plugin v27.5 - https:\/\/yoast.com\/product\/yoast-seo-wordpress\/ -->\n<title>Gummi sports brillesnor - Pink | K\u00f8b online her | LOCS<\/title>\n<meta name=\"description\" content=\"K\u00f8b Gummi sports brillesnor - Pink her | EU&#039;s st\u00f8rste udvalg af LOCS solbriller | Vi sender fra EU - Ingen ekstra import udgifter\" \/>\n<meta name=\"robots\" content=\"index, follow, max-snippet:-1, max-image-preview:large, max-video-preview:-1\" \/>\n<link rel=\"canonical\" href=\"https:\/\/locsshop.eu\/pl\/shop\/gummi-sports-brillesnor-pink\/\" \/>\n<meta property=\"og:locale\" content=\"pl_PL\" \/>\n<meta property=\"og:type\" content=\"article\" \/>\n<meta property=\"og:title\" content=\"Gummi sports brillesnor - Pink | K\u00f8b online her | LOCS\" \/>\n<meta property=\"og:description\" content=\"K\u00f8b Gummi sports brillesnor - Pink her | EU&#039;s st\u00f8rste udvalg af LOCS solbriller | Vi sender fra EU - Ingen ekstra import udgifter\" \/>\n<meta property=\"og:url\" content=\"https:\/\/locsshop.eu\/pl\/shop\/gummi-sports-brillesnor-pink\/\" \/>\n<meta property=\"og:site_name\" content=\"Locs Sunglasses - LOCS Supplier in EU\" \/>\n<meta property=\"article:modified_time\" content=\"2025-07-15T09:59:33+00:00\" \/>\n<meta property=\"og:image\" content=\"https:\/\/locsshop.eu\/wp-content\/uploads\/2025\/03\/Gummi-Sports-brillekaede-pink.jpg\" \/>\n\t<meta property=\"og:image:width\" content=\"800\" \/>\n\t<meta property=\"og:image:height\" content=\"800\" \/>\n\t<meta property=\"og:image:type\" content=\"image\/jpeg\" \/>\n<meta name=\"twitter:card\" content=\"summary_large_image\" \/>\n<script type=\"application\/ld+json\" class=\"yoast-schema-graph\">{\"@context\":\"https:\\\/\\\/schema.org\",\"@graph\":[{\"@type\":\"WebPage\",\"@id\":\"https:\\\/\\\/locsshop.eu\\\/shop\\\/gummi-sports-brillesnor-pink\\\/\",\"url\":\"https:\\\/\\\/locsshop.eu\\\/shop\\\/gummi-sports-brillesnor-pink\\\/\",\"name\":\"Gummi sports brillesnor - Pink | K\u00f8b online her | LOCS\",\"isPartOf\":{\"@id\":\"https:\\\/\\\/locsshop.eu\\\/#website\"},\"primaryImageOfPage\":{\"@id\":\"https:\\\/\\\/locsshop.eu\\\/shop\\\/gummi-sports-brillesnor-pink\\\/#primaryimage\"},\"image\":{\"@id\":\"https:\\\/\\\/locsshop.eu\\\/shop\\\/gummi-sports-brillesnor-pink\\\/#primaryimage\"},\"thumbnailUrl\":\"https:\\\/\\\/locsshop.eu\\\/wp-content\\\/uploads\\\/2025\\\/03\\\/Gummi-Sports-brillekaede-pink.jpg\",\"datePublished\":\"2025-03-26T09:04:53+00:00\",\"dateModified\":\"2025-07-15T09:59:33+00:00\",\"description\":\"K\u00f8b Gummi sports brillesnor - Pink her | EU's st\u00f8rste udvalg af LOCS solbriller | Vi sender fra EU - Ingen ekstra import udgifter\",\"breadcrumb\":{\"@id\":\"https:\\\/\\\/locsshop.eu\\\/shop\\\/gummi-sports-brillesnor-pink\\\/#breadcrumb\"},\"inLanguage\":\"pl-PL\",\"potentialAction\":[{\"@type\":\"ReadAction\",\"target\":[\"https:\\\/\\\/locsshop.eu\\\/shop\\\/gummi-sports-brillesnor-pink\\\/\"]}]},{\"@type\":\"ImageObject\",\"inLanguage\":\"pl-PL\",\"@id\":\"https:\\\/\\\/locsshop.eu\\\/shop\\\/gummi-sports-brillesnor-pink\\\/#primaryimage\",\"url\":\"https:\\\/\\\/locsshop.eu\\\/wp-content\\\/uploads\\\/2025\\\/03\\\/Gummi-Sports-brillekaede-pink.jpg\",\"contentUrl\":\"https:\\\/\\\/locsshop.eu\\\/wp-content\\\/uploads\\\/2025\\\/03\\\/Gummi-Sports-brillekaede-pink.jpg\",\"width\":800,\"height\":800},{\"@type\":\"BreadcrumbList\",\"@id\":\"https:\\\/\\\/locsshop.eu\\\/shop\\\/gummi-sports-brillesnor-pink\\\/#breadcrumb\",\"itemListElement\":[{\"@type\":\"ListItem\",\"position\":1,\"name\":\"Hjem\",\"item\":\"https:\\\/\\\/locsshop.eu\\\/\"},{\"@type\":\"ListItem\",\"position\":2,\"name\":\"Shop\",\"item\":\"https:\\\/\\\/locsshop.eu\\\/shop\\\/\"},{\"@type\":\"ListItem\",\"position\":3,\"name\":\"Gummi sports brillesnor &#8211; Pink\"}]},{\"@type\":\"WebSite\",\"@id\":\"https:\\\/\\\/locsshop.eu\\\/#website\",\"url\":\"https:\\\/\\\/locsshop.eu\\\/\",\"name\":\"Locs Sunglasses - LOCS Supplier in EU\",\"description\":\"We sell cheap LOCS Sunglasses\",\"publisher\":{\"@id\":\"https:\\\/\\\/locsshop.eu\\\/#organization\"},\"potentialAction\":[{\"@type\":\"SearchAction\",\"target\":{\"@type\":\"EntryPoint\",\"urlTemplate\":\"https:\\\/\\\/locsshop.eu\\\/?s={search_term_string}\"},\"query-input\":{\"@type\":\"PropertyValueSpecification\",\"valueRequired\":true,\"valueName\":\"search_term_string\"}}],\"inLanguage\":\"pl-PL\"},{\"@type\":\"Organization\",\"@id\":\"https:\\\/\\\/locsshop.eu\\\/#organization\",\"name\":\"Locsshop.eu\",\"url\":\"https:\\\/\\\/locsshop.eu\\\/\",\"logo\":{\"@type\":\"ImageObject\",\"inLanguage\":\"pl-PL\",\"@id\":\"https:\\\/\\\/locsshop.eu\\\/#\\\/schema\\\/logo\\\/image\\\/\",\"url\":\"https:\\\/\\\/locsshop.eu\\\/wp-content\\\/uploads\\\/2022\\\/02\\\/Locsshop-logo.png\",\"contentUrl\":\"https:\\\/\\\/locsshop.eu\\\/wp-content\\\/uploads\\\/2022\\\/02\\\/Locsshop-logo.png\",\"width\":930,\"height\":200,\"caption\":\"Locsshop.eu\"},\"image\":{\"@id\":\"https:\\\/\\\/locsshop.eu\\\/#\\\/schema\\\/logo\\\/image\\\/\"}}]}<\/script>\n<!-- \/ Yoast SEO plugin. -->","yoast_head_json":{"title":"Gumowy sznurek do okular\u00f3w sportowych - R\u00f3\u017cowy | Kup online tutaj | LOKALIZACJE","description":"Kup gumowy sznurek do okular\u00f3w sportowych - r\u00f3\u017cowy tutaj | Najwi\u0119kszy w UE wyb\u00f3r okular\u00f3w przeciws\u0142onecznych LOCS | Wysy\u0142amy z UE - Bez dodatkowych koszt\u00f3w importu","robots":{"index":"index","follow":"follow","max-snippet":"max-snippet:-1","max-image-preview":"max-image-preview:large","max-video-preview":"max-video-preview:-1"},"canonical":"https:\/\/locsshop.eu\/pl\/shop\/gummi-sports-brillesnor-pink\/","og_locale":"pl_PL","og_type":"article","og_title":"Gummi sports brillesnor - Pink | K\u00f8b online her | LOCS","og_description":"K\u00f8b Gummi sports brillesnor - Pink her | EU's st\u00f8rste udvalg af LOCS solbriller | Vi sender fra EU - Ingen ekstra import udgifter","og_url":"https:\/\/locsshop.eu\/pl\/shop\/gummi-sports-brillesnor-pink\/","og_site_name":"Locs Sunglasses - LOCS Supplier in EU","article_modified_time":"2025-07-15T09:59:33+00:00","og_image":[{"width":800,"height":800,"url":"https:\/\/locsshop.eu\/wp-content\/uploads\/2025\/03\/Gummi-Sports-brillekaede-pink.jpg","type":"image\/jpeg"}],"twitter_card":"summary_large_image","schema":{"@context":"https:\/\/schema.org","@graph":[{"@type":"WebPage","@id":"https:\/\/locsshop.eu\/shop\/gummi-sports-brillesnor-pink\/","url":"https:\/\/locsshop.eu\/shop\/gummi-sports-brillesnor-pink\/","name":"Gumowy sznurek do okular\u00f3w sportowych - R\u00f3\u017cowy | Kup online tutaj | LOKALIZACJE","isPartOf":{"@id":"https:\/\/locsshop.eu\/#website"},"primaryImageOfPage":{"@id":"https:\/\/locsshop.eu\/shop\/gummi-sports-brillesnor-pink\/#primaryimage"},"image":{"@id":"https:\/\/locsshop.eu\/shop\/gummi-sports-brillesnor-pink\/#primaryimage"},"thumbnailUrl":"https:\/\/locsshop.eu\/wp-content\/uploads\/2025\/03\/Gummi-Sports-brillekaede-pink.jpg","datePublished":"2025-03-26T09:04:53+00:00","dateModified":"2025-07-15T09:59:33+00:00","description":"Kup gumowy sznurek do okular\u00f3w sportowych - r\u00f3\u017cowy tutaj | Najwi\u0119kszy w UE wyb\u00f3r okular\u00f3w przeciws\u0142onecznych LOCS | Wysy\u0142amy z UE - Bez dodatkowych koszt\u00f3w importu","breadcrumb":{"@id":"https:\/\/locsshop.eu\/shop\/gummi-sports-brillesnor-pink\/#breadcrumb"},"inLanguage":"pl-PL","potentialAction":[{"@type":"ReadAction","target":["https:\/\/locsshop.eu\/shop\/gummi-sports-brillesnor-pink\/"]}]},{"@type":"ImageObject","inLanguage":"pl-PL","@id":"https:\/\/locsshop.eu\/shop\/gummi-sports-brillesnor-pink\/#primaryimage","url":"https:\/\/locsshop.eu\/wp-content\/uploads\/2025\/03\/Gummi-Sports-brillekaede-pink.jpg","contentUrl":"https:\/\/locsshop.eu\/wp-content\/uploads\/2025\/03\/Gummi-Sports-brillekaede-pink.jpg","width":800,"height":800},{"@type":"BreadcrumbList","@id":"https:\/\/locsshop.eu\/shop\/gummi-sports-brillesnor-pink\/#breadcrumb","itemListElement":[{"@type":"ListItem","position":1,"name":"Hjem","item":"https:\/\/locsshop.eu\/"},{"@type":"ListItem","position":2,"name":"Shop","item":"https:\/\/locsshop.eu\/shop\/"},{"@type":"ListItem","position":3,"name":"Gummi sports brillesnor &#8211; Pink"}]},{"@type":"WebSite","@id":"https:\/\/locsshop.eu\/#website","url":"https:\/\/locsshop.eu\/","name":"Okulary przeciws\u0142oneczne Locs - Dostawca LOCS w UE","description":"Sprzedajemy tanie okulary przeciws\u0142oneczne LOCS","publisher":{"@id":"https:\/\/locsshop.eu\/#organization"},"potentialAction":[{"@type":"SearchAction","target":{"@type":"EntryPoint","urlTemplate":"https:\/\/locsshop.eu\/?s={search_term_string}"},"query-input":{"@type":"PropertyValueSpecification","valueRequired":true,"valueName":"search_term_string"}}],"inLanguage":"pl-PL"},{"@type":"Organization","@id":"https:\/\/locsshop.eu\/#organization","name":"Locsshop.eu","url":"https:\/\/locsshop.eu\/","logo":{"@type":"ImageObject","inLanguage":"pl-PL","@id":"https:\/\/locsshop.eu\/#\/schema\/logo\/image\/","url":"https:\/\/locsshop.eu\/wp-content\/uploads\/2022\/02\/Locsshop-logo.png","contentUrl":"https:\/\/locsshop.eu\/wp-content\/uploads\/2022\/02\/Locsshop-logo.png","width":930,"height":200,"caption":"Locsshop.eu"},"image":{"@id":"https:\/\/locsshop.eu\/#\/schema\/logo\/image\/"}}]}},"_links":{"self":[{"href":"https:\/\/locsshop.eu\/pl\/wp-json\/wp\/v2\/product\/13912","targetHints":{"allow":["GET"]}}],"collection":[{"href":"https:\/\/locsshop.eu\/pl\/wp-json\/wp\/v2\/product"}],"about":[{"href":"https:\/\/locsshop.eu\/pl\/wp-json\/wp\/v2\/types\/product"}],"replies":[{"embeddable":true,"href":"https:\/\/locsshop.eu\/pl\/wp-json\/wp\/v2\/comments?post=13912"}],"wp:featuredmedia":[{"embeddable":true,"href":"https:\/\/locsshop.eu\/pl\/wp-json\/wp\/v2\/media\/13910"}],"wp:attachment":[{"href":"https:\/\/locsshop.eu\/pl\/wp-json\/wp\/v2\/media?parent=13912"}],"wp:term":[{"taxonomy":"product_brand","embeddable":true,"href":"https:\/\/locsshop.eu\/pl\/wp-json\/wp\/v2\/product_brand?post=13912"},{"taxonomy":"product_cat","embeddable":true,"href":"https:\/\/locsshop.eu\/pl\/wp-json\/wp\/v2\/product_cat?post=13912"},{"taxonomy":"product_tag","embeddable":true,"href":"https:\/\/locsshop.eu\/pl\/wp-json\/wp\/v2\/product_tag?post=13912"}],"curies":[{"name":"wp","href":"https:\/\/api.w.org\/{rel}","templated":true}]}}