{"id":14138,"date":"2025-07-04T09:25:21","date_gmt":"2025-07-04T07:25:21","guid":{"rendered":"https:\/\/locsshop.eu\/shop\/vg-solbriller-affori-blaa-spejlglas\/"},"modified":"2025-07-04T22:25:03","modified_gmt":"2025-07-04T20:25:03","slug":"vg-solbriller-affori-blaa-spejlglas","status":"publish","type":"product","link":"https:\/\/locsshop.eu\/pl\/shop\/vg-solbriller-affori-blaa-spejlglas\/","title":{"rendered":"Okulary przeciws\u0142oneczne VG \u2013 Affori | Niebieskie soczewki lustrzane"},"content":{"rendered":"<h2><strong>Czarne okulary przeciws\u0142oneczne VG z niebieskimi lustrzanymi soczewkami i z\u0142otymi detalami<\/strong><\/h2>\n<h4>Stylowe, du\u017ce okulary przeciws\u0142oneczne millionaire ze z\u0142otymi detalami z przodu i na zausznikach<br \/>\nPi\u0119kne z\u0142ote detale nadaj\u0105 okularom przeciws\u0142onecznym naprawd\u0119 ekskluzywny wygl\u0105d.<br \/>\nOkulary te posiadaj\u0105 soczewki z filtrem UV400, dzi\u0119ki czemu Twoje oczy b\u0119d\u0105 dobrze chronione przed promieniami s\u0142onecznymi.<br \/>\nModel pasuje zar\u00f3wno m\u0119\u017cczyznom jak i kobietom.<\/h4>\n<h4>VG Sunglasses to ekskluzywna marka designerskich okular\u00f3w przeciws\u0142onecznych z USA. Okulary przeciws\u0142oneczne VG sta\u0142y si\u0119 bardzo popularne w bran\u017cy okular\u00f3w przeciws\u0142onecznych ze wzgl\u0119du na ich wysok\u0105 jako\u015b\u0107, pi\u0119kne wzornictwo i popularne warianty.<br \/>\nTe pi\u0119kne okulary przeciws\u0142oneczne s\u0105 idealne dla kobiet i m\u0119\u017cczyzn pod\u0105\u017caj\u0105cych za mod\u0105, kt\u00f3rzy chc\u0105 wygl\u0105da\u0107 ekskluzywnie, nie przep\u0142acaj\u0105c przy tym za drogie, markowe produkty.<\/h4>\n<p>&nbsp;<\/p>\n<h4><strong><em>Detale:<br \/>\n<\/em><\/strong><br \/>\nSzeroko\u015b\u0107 wewn\u0119trzna: 13,7 cm<br \/>\nWysoko\u015b\u0107: 5,5 cm<br \/>\nD\u0142ugo\u015b\u0107 pr\u0119ta: 14,7 cm<br \/>\nPowierzchnia: b\u0142yszcz\u0105ca<\/h4>\n<h4>Materia\u0142: tworzywo sztuczne i metal;<br \/>\nOchrona UV400<br \/>\nCertyfikat CE<\/h4>\n<h4><img loading=\"lazy\" decoding=\"async\" class=\"alignnone wp-image-11348 size-full\" src=\"https:\/\/bazarsalg.dk\/wp-content\/uploads\/VG-Logo.jpg\" alt=\"\" width=\"78\" height=\"62\" \/><\/h4>\n<h4><em>O okularach przeciws\u0142onecznych VG<\/em><\/h4>\n<p><strong><em>Okulary przeciws\u0142oneczne w modnych wzorach<\/em><\/strong><br \/>\n<em>VG Sunglasses to ameryka\u0144ska marka okular\u00f3w przeciws\u0142onecznych, kt\u00f3ra jest skierowana przede wszystkim do kobiet, ale ma r\u00f3wnie\u017c projekty dla m\u0119\u017cczyzn i czerpie inspiracj\u0119 z bran\u017cy modowej.<br \/>\nS\u0105 to okulary przeciws\u0142oneczne we wzorach nawi\u0105zuj\u0105cych do projekt\u00f3w wielkich dom\u00f3w mody.<br \/>\nOkulary przeciws\u0142oneczne VG to pi\u0119kne okulary przeciws\u0142oneczne z \u0142adnymi detalami i jako\u015bci\u0105 zdecydowanie adekwatn\u0105 do ceny.<br \/>\nWi\u0119c je\u015bli chcesz okulary przeciws\u0142oneczne, kt\u00f3re krzycz\u0105 stylem i ekskluzywno\u015bci\u0105, nie przep\u0142acaj\u0105c, kup par\u0119 okular\u00f3w przeciws\u0142onecznych VG, zanim zostan\u0105 wyprzedane.<\/em><\/p>","protected":false},"excerpt":{"rendered":"<p><strong>VG \u2013 8VG29614<\/strong><br \/>\nCzarna ramka - Niebieskie szk\u0142o lustrzane<br \/>\nMetalowe detale w kolorze z\u0142otym<br \/>\nUV400<br \/>\nCertyfikat CE<\/p>\n<p><img loading=\"lazy\" decoding=\"async\" class=\"alignnone wp-image-11348 size-full\" src=\"https:\/\/bazarsalg.dk\/wp-content\/uploads\/VG-Logo.jpg\" alt=\"\" width=\"78\" height=\"62\" \/><\/p>","protected":false},"featured_media":14137,"comment_status":"open","ping_status":"closed","template":"","meta":{"om_disable_all_campaigns":false,"_monsterinsights_skip_tracking":false,"_monsterinsights_sitenote_active":false,"_monsterinsights_sitenote_note":"","_monsterinsights_sitenote_category":0},"product_brand":[],"product_cat":[1026,1029,1025,1291,1292,1036,1049,1236],"product_tag":[1613,870,1235],"class_list":{"0":"post-14138","1":"product","2":"type-product","3":"status-publish","4":"has-post-thumbnail","6":"product_cat-dame-solbriller","7":"product_cat-herre-solbriller","8":"product_cat-billige-solbriller","9":"product_cat-firkantede-dame-solbriller","10":"product_cat-firkantede-solbriller","11":"product_cat-millionaire","12":"product_cat-premium-solbriller","13":"product_cat-vg-solbriller","14":"product_tag-8vg29614","15":"product_tag-p693","16":"product_tag-vg","18":"first","19":"instock","20":"shipping-taxable","21":"purchasable","22":"product-type-simple"},"yoast_head":"<!-- This site is optimized with the Yoast SEO plugin v27.2 - https:\/\/yoast.com\/product\/yoast-seo-wordpress\/ -->\n<title>VG Solbriller - Affori | Bl\u00e5 spejlglas | K\u00f8b online her | LOCS<\/title>\n<meta name=\"description\" content=\"K\u00f8b VG Solbriller - Affori | Bl\u00e5 spejlglas her | EU&#039;s st\u00f8rste udvalg af LOCS solbriller | Vi sender fra EU - Ingen ekstra import udgifter\" \/>\n<meta name=\"robots\" content=\"index, follow, max-snippet:-1, max-image-preview:large, max-video-preview:-1\" \/>\n<link rel=\"canonical\" href=\"https:\/\/locsshop.eu\/pl\/shop\/vg-solbriller-affori-blaa-spejlglas\/\" \/>\n<meta property=\"og:locale\" content=\"pl_PL\" \/>\n<meta property=\"og:type\" content=\"article\" \/>\n<meta property=\"og:title\" content=\"VG Solbriller - Affori | Bl\u00e5 spejlglas | K\u00f8b online her | LOCS\" \/>\n<meta property=\"og:description\" content=\"K\u00f8b VG Solbriller - Affori | Bl\u00e5 spejlglas her | EU&#039;s st\u00f8rste udvalg af LOCS solbriller | Vi sender fra EU - Ingen ekstra import udgifter\" \/>\n<meta property=\"og:url\" content=\"https:\/\/locsshop.eu\/pl\/shop\/vg-solbriller-affori-blaa-spejlglas\/\" \/>\n<meta property=\"og:site_name\" content=\"Locs Sunglasses - LOCS Supplier in EU\" \/>\n<meta property=\"article:modified_time\" content=\"2025-07-04T20:25:03+00:00\" \/>\n<meta property=\"og:image\" content=\"https:\/\/locsshop.eu\/wp-content\/uploads\/2025\/07\/8VG29614-2.jpg\" \/>\n\t<meta property=\"og:image:width\" content=\"800\" \/>\n\t<meta property=\"og:image:height\" content=\"800\" \/>\n\t<meta property=\"og:image:type\" content=\"image\/jpeg\" \/>\n<meta name=\"twitter:card\" content=\"summary_large_image\" \/>\n<meta name=\"twitter:label1\" content=\"Est. reading time\" \/>\n\t<meta name=\"twitter:data1\" content=\"1 minute\" \/>\n<script type=\"application\/ld+json\" class=\"yoast-schema-graph\">{\"@context\":\"https:\/\/schema.org\",\"@graph\":[{\"@type\":\"WebPage\",\"@id\":\"https:\/\/locsshop.eu\/shop\/vg-solbriller-affori-blaa-spejlglas\/\",\"url\":\"https:\/\/locsshop.eu\/shop\/vg-solbriller-affori-blaa-spejlglas\/\",\"name\":\"VG Solbriller - Affori | Bl\u00e5 spejlglas | K\u00f8b online her | LOCS\",\"isPartOf\":{\"@id\":\"https:\/\/locsshop.eu\/#website\"},\"primaryImageOfPage\":{\"@id\":\"https:\/\/locsshop.eu\/shop\/vg-solbriller-affori-blaa-spejlglas\/#primaryimage\"},\"image\":{\"@id\":\"https:\/\/locsshop.eu\/shop\/vg-solbriller-affori-blaa-spejlglas\/#primaryimage\"},\"thumbnailUrl\":\"https:\/\/locsshop.eu\/wp-content\/uploads\/2025\/07\/8VG29614-2.jpg\",\"datePublished\":\"2025-07-04T07:25:21+00:00\",\"dateModified\":\"2025-07-04T20:25:03+00:00\",\"description\":\"K\u00f8b VG Solbriller - Affori | Bl\u00e5 spejlglas her | EU's st\u00f8rste udvalg af LOCS solbriller | Vi sender fra EU - Ingen ekstra import udgifter\",\"breadcrumb\":{\"@id\":\"https:\/\/locsshop.eu\/shop\/vg-solbriller-affori-blaa-spejlglas\/#breadcrumb\"},\"inLanguage\":\"pl-PL\",\"potentialAction\":[{\"@type\":\"ReadAction\",\"target\":[\"https:\/\/locsshop.eu\/shop\/vg-solbriller-affori-blaa-spejlglas\/\"]}]},{\"@type\":\"ImageObject\",\"inLanguage\":\"pl-PL\",\"@id\":\"https:\/\/locsshop.eu\/shop\/vg-solbriller-affori-blaa-spejlglas\/#primaryimage\",\"url\":\"https:\/\/locsshop.eu\/wp-content\/uploads\/2025\/07\/8VG29614-2.jpg\",\"contentUrl\":\"https:\/\/locsshop.eu\/wp-content\/uploads\/2025\/07\/8VG29614-2.jpg\",\"width\":800,\"height\":800},{\"@type\":\"BreadcrumbList\",\"@id\":\"https:\/\/locsshop.eu\/shop\/vg-solbriller-affori-blaa-spejlglas\/#breadcrumb\",\"itemListElement\":[{\"@type\":\"ListItem\",\"position\":1,\"name\":\"Hjem\",\"item\":\"https:\/\/locsshop.eu\/\"},{\"@type\":\"ListItem\",\"position\":2,\"name\":\"Shop\",\"item\":\"https:\/\/locsshop.eu\/shop\/\"},{\"@type\":\"ListItem\",\"position\":3,\"name\":\"VG Solbriller &#8211; Affori | Bl\u00e5 spejlglas\"}]},{\"@type\":\"WebSite\",\"@id\":\"https:\/\/locsshop.eu\/#website\",\"url\":\"https:\/\/locsshop.eu\/\",\"name\":\"Locs Sunglasses - LOCS Supplier in EU\",\"description\":\"We sell cheap LOCS Sunglasses\",\"publisher\":{\"@id\":\"https:\/\/locsshop.eu\/#organization\"},\"potentialAction\":[{\"@type\":\"SearchAction\",\"target\":{\"@type\":\"EntryPoint\",\"urlTemplate\":\"https:\/\/locsshop.eu\/?s={search_term_string}\"},\"query-input\":{\"@type\":\"PropertyValueSpecification\",\"valueRequired\":true,\"valueName\":\"search_term_string\"}}],\"inLanguage\":\"pl-PL\"},{\"@type\":\"Organization\",\"@id\":\"https:\/\/locsshop.eu\/#organization\",\"name\":\"Locsshop.eu\",\"url\":\"https:\/\/locsshop.eu\/\",\"logo\":{\"@type\":\"ImageObject\",\"inLanguage\":\"pl-PL\",\"@id\":\"https:\/\/locsshop.eu\/#\/schema\/logo\/image\/\",\"url\":\"https:\/\/locsshop.eu\/wp-content\/uploads\/2022\/02\/Locsshop-logo.png\",\"contentUrl\":\"https:\/\/locsshop.eu\/wp-content\/uploads\/2022\/02\/Locsshop-logo.png\",\"width\":930,\"height\":200,\"caption\":\"Locsshop.eu\"},\"image\":{\"@id\":\"https:\/\/locsshop.eu\/#\/schema\/logo\/image\/\"}}]}<\/script>\n<!-- \/ Yoast SEO plugin. -->","yoast_head_json":{"title":"Okulary przeciws\u0142oneczne VG \u2013 Affori | Niebieskie soczewki lustrzane | Kup online tutaj | LOCS","description":"Kup okulary przeciws\u0142oneczne VG \u2013 Affori | Niebieskie soczewki lustrzane tutaj | Najwi\u0119kszy wyb\u00f3r okular\u00f3w przeciws\u0142onecznych LOCS w UE | Wysy\u0142ka z UE \u2013 Bez dodatkowych koszt\u00f3w importu","robots":{"index":"index","follow":"follow","max-snippet":"max-snippet:-1","max-image-preview":"max-image-preview:large","max-video-preview":"max-video-preview:-1"},"canonical":"https:\/\/locsshop.eu\/pl\/shop\/vg-solbriller-affori-blaa-spejlglas\/","og_locale":"pl_PL","og_type":"article","og_title":"VG Solbriller - Affori | Bl\u00e5 spejlglas | K\u00f8b online her | LOCS","og_description":"K\u00f8b VG Solbriller - Affori | Bl\u00e5 spejlglas her | EU's st\u00f8rste udvalg af LOCS solbriller | Vi sender fra EU - Ingen ekstra import udgifter","og_url":"https:\/\/locsshop.eu\/pl\/shop\/vg-solbriller-affori-blaa-spejlglas\/","og_site_name":"Locs Sunglasses - LOCS Supplier in EU","article_modified_time":"2025-07-04T20:25:03+00:00","og_image":[{"width":800,"height":800,"url":"https:\/\/locsshop.eu\/wp-content\/uploads\/2025\/07\/8VG29614-2.jpg","type":"image\/jpeg"}],"twitter_card":"summary_large_image","twitter_misc":{"Est. reading time":"1 minute"},"schema":{"@context":"https:\/\/schema.org","@graph":[{"@type":"WebPage","@id":"https:\/\/locsshop.eu\/shop\/vg-solbriller-affori-blaa-spejlglas\/","url":"https:\/\/locsshop.eu\/shop\/vg-solbriller-affori-blaa-spejlglas\/","name":"Okulary przeciws\u0142oneczne VG \u2013 Affori | Niebieskie soczewki lustrzane | Kup online tutaj | LOCS","isPartOf":{"@id":"https:\/\/locsshop.eu\/#website"},"primaryImageOfPage":{"@id":"https:\/\/locsshop.eu\/shop\/vg-solbriller-affori-blaa-spejlglas\/#primaryimage"},"image":{"@id":"https:\/\/locsshop.eu\/shop\/vg-solbriller-affori-blaa-spejlglas\/#primaryimage"},"thumbnailUrl":"https:\/\/locsshop.eu\/wp-content\/uploads\/2025\/07\/8VG29614-2.jpg","datePublished":"2025-07-04T07:25:21+00:00","dateModified":"2025-07-04T20:25:03+00:00","description":"Kup okulary przeciws\u0142oneczne VG \u2013 Affori | Niebieskie soczewki lustrzane tutaj | Najwi\u0119kszy wyb\u00f3r okular\u00f3w przeciws\u0142onecznych LOCS w UE | Wysy\u0142ka z UE \u2013 Bez dodatkowych koszt\u00f3w importu","breadcrumb":{"@id":"https:\/\/locsshop.eu\/shop\/vg-solbriller-affori-blaa-spejlglas\/#breadcrumb"},"inLanguage":"pl-PL","potentialAction":[{"@type":"ReadAction","target":["https:\/\/locsshop.eu\/shop\/vg-solbriller-affori-blaa-spejlglas\/"]}]},{"@type":"ImageObject","inLanguage":"pl-PL","@id":"https:\/\/locsshop.eu\/shop\/vg-solbriller-affori-blaa-spejlglas\/#primaryimage","url":"https:\/\/locsshop.eu\/wp-content\/uploads\/2025\/07\/8VG29614-2.jpg","contentUrl":"https:\/\/locsshop.eu\/wp-content\/uploads\/2025\/07\/8VG29614-2.jpg","width":800,"height":800},{"@type":"BreadcrumbList","@id":"https:\/\/locsshop.eu\/shop\/vg-solbriller-affori-blaa-spejlglas\/#breadcrumb","itemListElement":[{"@type":"ListItem","position":1,"name":"Hjem","item":"https:\/\/locsshop.eu\/"},{"@type":"ListItem","position":2,"name":"Shop","item":"https:\/\/locsshop.eu\/shop\/"},{"@type":"ListItem","position":3,"name":"VG Solbriller &#8211; Affori | Bl\u00e5 spejlglas"}]},{"@type":"WebSite","@id":"https:\/\/locsshop.eu\/#website","url":"https:\/\/locsshop.eu\/","name":"Okulary przeciws\u0142oneczne Locs - Dostawca LOCS w UE","description":"Sprzedajemy tanie okulary przeciws\u0142oneczne LOCS","publisher":{"@id":"https:\/\/locsshop.eu\/#organization"},"potentialAction":[{"@type":"SearchAction","target":{"@type":"EntryPoint","urlTemplate":"https:\/\/locsshop.eu\/?s={search_term_string}"},"query-input":{"@type":"PropertyValueSpecification","valueRequired":true,"valueName":"search_term_string"}}],"inLanguage":"pl-PL"},{"@type":"Organization","@id":"https:\/\/locsshop.eu\/#organization","name":"Locsshop.eu","url":"https:\/\/locsshop.eu\/","logo":{"@type":"ImageObject","inLanguage":"pl-PL","@id":"https:\/\/locsshop.eu\/#\/schema\/logo\/image\/","url":"https:\/\/locsshop.eu\/wp-content\/uploads\/2022\/02\/Locsshop-logo.png","contentUrl":"https:\/\/locsshop.eu\/wp-content\/uploads\/2022\/02\/Locsshop-logo.png","width":930,"height":200,"caption":"Locsshop.eu"},"image":{"@id":"https:\/\/locsshop.eu\/#\/schema\/logo\/image\/"}}]}},"_links":{"self":[{"href":"https:\/\/locsshop.eu\/pl\/wp-json\/wp\/v2\/product\/14138","targetHints":{"allow":["GET"]}}],"collection":[{"href":"https:\/\/locsshop.eu\/pl\/wp-json\/wp\/v2\/product"}],"about":[{"href":"https:\/\/locsshop.eu\/pl\/wp-json\/wp\/v2\/types\/product"}],"replies":[{"embeddable":true,"href":"https:\/\/locsshop.eu\/pl\/wp-json\/wp\/v2\/comments?post=14138"}],"wp:featuredmedia":[{"embeddable":true,"href":"https:\/\/locsshop.eu\/pl\/wp-json\/wp\/v2\/media\/14137"}],"wp:attachment":[{"href":"https:\/\/locsshop.eu\/pl\/wp-json\/wp\/v2\/media?parent=14138"}],"wp:term":[{"taxonomy":"product_brand","embeddable":true,"href":"https:\/\/locsshop.eu\/pl\/wp-json\/wp\/v2\/product_brand?post=14138"},{"taxonomy":"product_cat","embeddable":true,"href":"https:\/\/locsshop.eu\/pl\/wp-json\/wp\/v2\/product_cat?post=14138"},{"taxonomy":"product_tag","embeddable":true,"href":"https:\/\/locsshop.eu\/pl\/wp-json\/wp\/v2\/product_tag?post=14138"}],"curies":[{"name":"wp","href":"https:\/\/api.w.org\/{rel}","templated":true}]}}