{"id":14242,"date":"2025-07-05T00:39:23","date_gmt":"2025-07-04T22:39:23","guid":{"rendered":"https:\/\/locsshop.eu\/shop\/manhattan-millionaire-solbriller-gerard-guld-moerke-glas\/"},"modified":"2025-07-05T01:18:42","modified_gmt":"2025-07-04T23:18:42","slug":"manhattan-millionaire-solbriller-gerard-guld-moerke-glas","status":"publish","type":"product","link":"https:\/\/locsshop.eu\/pl\/shop\/manhattan-millionaire-solbriller-gerard-guld-moerke-glas\/","title":{"rendered":"Okulary przeciws\u0142oneczne Manhattan Millionaire \u2013 Gerard | Z\u0142oto \u2013 Ciemne soczewki"},"content":{"rendered":"<h2><strong>B\u0142yszcz\u0105ce okulary przeciws\u0142oneczne Millionaire ze z\u0142otymi detalami z przodu, po bokach i na zausznikach.<\/strong><\/h2>\n<h4>Supermodne okulary przeciws\u0142oneczne Millionaire, dzi\u0119ki kt\u00f3rym b\u0119dziesz wygl\u0105da\u0107 jak milionerka, gdziekolwiek p\u00f3jdziesz.<br \/>\nPi\u0119kne metalowe detale wynosz\u0105 te okulary przeciws\u0142oneczne na najwy\u017cszy poziom.<\/h4>\n<p>Zauszniki wykonane s\u0105 z metalu, a ich ko\u0144ce zako\u0144czone s\u0105 szerok\u0105 plastikow\u0105 ko\u0144c\u00f3wk\u0105, dzi\u0119ki kt\u00f3rej okulary przeciws\u0142oneczne pozostaj\u0105 na swoim miejscu przez ca\u0142y dzie\u0144.<\/p>\n<p>Fantastyczne okulary przeciws\u0142oneczne w tej cenie. Tutaj otrzymujesz optymaln\u0105 par\u0119 okular\u00f3w przeciws\u0142onecznych w naprawd\u0119 niskiej cenie, w por\u00f3wnaniu z du\u017cymi markami na rynku.<\/p>\n<p>Pasuje zar\u00f3wno do m\u0119\u017cczyzn jak i kobiet. Kup je, zanim si\u0119 wyprzedaj\u0105.<\/p>\n<h4><\/h4>\n<h4><img loading=\"lazy\" decoding=\"async\" class=\"alignnone wp-image-15438 size-full\" src=\"https:\/\/bazarsalg.dk\/wp-content\/uploads\/Mahattan-Logo-medium.jpg\" alt=\"\" width=\"403\" height=\"70\" \/><\/h4>\n<p>&nbsp;<\/p>\n<table style=\"width: 100%;border-collapse: collapse;border-style: dashed\" border=\"1\">\n<tbody>\n<tr>\n<td style=\"width: 100%\">\n<h2 style=\"text-align: center\"><strong>Rozmiar okular\u00f3w przeciws\u0142onecznych<\/strong><\/h2>\n<\/td>\n<\/tr>\n<\/tbody>\n<\/table>\n<table style=\"width: 100%;border-collapse: collapse;border-style: hidden;margin-left: auto;margin-right: auto\" border=\"1\" cellspacing=\"20\" cellpadding=\"20\">\n<tbody>\n<tr>\n<td style=\"width: 33.3333%;text-align: center\"><strong><img decoding=\"async\" src=\"https:\/\/bazarsalg.dk\/wp-content\/uploads\/bredde.png\" \/><\/strong><\/td>\n<td style=\"width: 33.3333%;text-align: center\"><strong>Szeroko\u015b\u0107 wewn\u0119trzna<\/strong><\/td>\n<td style=\"width: 33.3333%;text-align: center\"><strong>13,5 cm.<\/strong><\/td>\n<\/tr>\n<tr>\n<td style=\"width: 33.3333%;text-align: center\"><strong><img decoding=\"async\" src=\"https:\/\/bazarsalg.dk\/wp-content\/uploads\/hoejde.png\" \/><\/strong><\/td>\n<td style=\"width: 33.3333%;text-align: center\"><strong>Wysoko\u015b\u0107<\/strong><\/td>\n<td style=\"width: 33.3333%;text-align: center\"><strong>5 cm.<\/strong><\/td>\n<\/tr>\n<tr>\n<td style=\"width: 33.3333%;text-align: center\"><strong><img decoding=\"async\" src=\"https:\/\/bazarsalg.dk\/wp-content\/uploads\/stang.png\" \/><\/strong><\/td>\n<td style=\"width: 33.3333%;text-align: center\"><strong>D\u0142ugo\u015b\u0107 boku<\/strong><\/td>\n<td style=\"width: 33.3333%;text-align: center\"><strong>14 cm.<\/strong><\/td>\n<\/tr>\n<tr>\n<td style=\"width: 33.3333%;text-align: center\"><strong><img decoding=\"async\" src=\"https:\/\/bazarsalg.dk\/wp-content\/uploads\/glas-bredde.png\" \/><\/strong><\/td>\n<td style=\"width: 33.3333%;text-align: center\"><strong>Szeroko\u015b\u0107 szk\u0142a<\/strong><\/td>\n<td style=\"width: 33.3333%;text-align: center\"><strong>5,5 cm.<\/strong><\/td>\n<\/tr>\n<tr>\n<td style=\"width: 33.3333%;text-align: center\"><strong><img decoding=\"async\" src=\"https:\/\/bazarsalg.dk\/wp-content\/uploads\/bredde-naese.png\" \/><\/strong><\/td>\n<td style=\"width: 33.3333%;text-align: center\"><strong>Przestrze\u0144 mi\u0119dzy szk\u0142em<\/strong><\/td>\n<td style=\"width: 33.3333%;text-align: center\"><strong>1,6cm.<\/strong><\/td>\n<\/tr>\n<\/tbody>\n<\/table>\n<p>&nbsp;<\/p>\n<h4><em>O okularach przeciws\u0142onecznych Manhattan<\/em><\/h4>\n<p>Kolekcja okular\u00f3w przeciws\u0142onecznych Manhattan inspirowana jest miejsk\u0105 i metropolitaln\u0105 mod\u0105, kt\u00f3r\u0105 mo\u017cna spotka\u0107 od Nowego Jorku po Pary\u017c. Niezale\u017cnie od tego, czy nosisz trzycz\u0119\u015bciowy garnitur, czy lu\u017any str\u00f3j na wiecz\u00f3r w mie\u015bcie, okulary przeciws\u0142oneczne Manhattan s\u0105 wystarczaj\u0105co wyrafinowane i idealne dla Ciebie \u2013 m\u0119\u017cczyzny o miejskim usposobieniu, kt\u00f3ry szuka stylowych okular\u00f3w przeciws\u0142onecznych z presti\u017cem, ale bez konieczno\u015bci wydawania wysokiej ceny.<br \/>\nManhattan z USA to marka, kt\u00f3ra oddaje elegancj\u0119 wielkiego miasta czystymi liniami, praktycznymi rozwi\u0105zaniami i bezpretensjonalnym charakterem. Niezale\u017cnie od tego, czy szukasz modelu do jazdy po mie\u015bcie, czy do kawiarni, marka oferuje okulary przeciws\u0142oneczne z charakterem \u2013 zaprojektowane tak, by wygl\u0105da\u0107 jak milioner w miejskim rytmie.<\/p>\n<table style=\"width: 100%;border-collapse: collapse;border-style: hidden;margin-left: auto;margin-right: auto\" border=\"1\" cellspacing=\"50\" cellpadding=\"20\">\n<caption>\u00a0<\/caption>\n<caption>\u00a0<\/caption>\n<tbody>\n<tr>\n<td style=\"width: 25%;text-align: center\"><img decoding=\"async\" class=\"aligncenter\" src=\"https:\/\/bazarsalg.dk\/wp-content\/uploads\/UV.png\" \/><\/td>\n<td style=\"width: 25%;text-align: center\"><img decoding=\"async\" src=\"https:\/\/bazarsalg.dk\/wp-content\/uploads\/ce.png\" \/><\/td>\n<td style=\"width: 25%;text-align: center\"><img decoding=\"async\" src=\"https:\/\/bazarsalg.dk\/wp-content\/uploads\/box.png\" \/><\/td>\n<\/tr>\n<tr>\n<td style=\"width: 25%;text-align: center\"><strong>Okulary posiadaj\u0105 ochron\u0119 UV400<\/strong><\/p>\n<p>Blokuje od 99 do 100 procent wszystkich promieni UVA i UVB i chroni oczy przed promieniami s\u0142onecznymi.<\/td>\n<td style=\"width: 25%;text-align: center\"><strong>Certyfikat CE <\/strong><\/p>\n<p>Okulary przeciws\u0142oneczne spe\u0142niaj\u0105 wszystkie wymogi prawne obowi\u0105zuj\u0105ce w UE, co gwarantuje, \u017ce s\u0105 one testowane i zatwierdzane.<\/td>\n<td style=\"width: 25%;text-align: center\"><strong>Wysy\u0142ane w kartonowym pude\u0142ku, aby si\u0119 nie po\u0142ama\u0142y <\/strong><\/p>\n<p>Zawsze bezpiecznie pakujemy okulary przeciws\u0142oneczne, aby dotar\u0142y w dobrym stanie.<\/td>\n<\/tr>\n<\/tbody>\n<\/table>","protected":false},"excerpt":{"rendered":"<p><strong>Manhattan \u2013 8MH87072<\/strong><br \/>\n<img loading=\"lazy\" decoding=\"async\" class=\"alignnone wp-image-15439 size-full\" src=\"https:\/\/bazarsalg.dk\/wp-content\/uploads\/Mahattan-Logo-small.jpg\" alt=\"\" width=\"322\" height=\"56\" \/><\/p>\n<p>Z\u0142ote detale metalowe<br \/>\nPr\u0119ty metalowe<\/p>\n<p>UV400<br \/>\nCertyfikat CE<\/p>","protected":false},"featured_media":14241,"comment_status":"open","ping_status":"closed","template":"","meta":{"om_disable_all_campaigns":false,"_monsterinsights_skip_tracking":false,"_monsterinsights_sitenote_active":false,"_monsterinsights_sitenote_note":"","_monsterinsights_sitenote_category":0},"product_brand":[],"product_cat":[1026,1029,1025,1627,1036,1049],"product_tag":[1628,743,1629,870],"class_list":{"0":"post-14242","1":"product","2":"type-product","3":"status-publish","4":"has-post-thumbnail","6":"product_cat-dame-solbriller","7":"product_cat-herre-solbriller","8":"product_cat-billige-solbriller","9":"product_cat-manhattan-solbriller","10":"product_cat-millionaire","11":"product_cat-premium-solbriller","12":"product_tag-8mh87072","13":"product_tag-frosty","14":"product_tag-manhattan","15":"product_tag-p693","17":"first","18":"instock","19":"shipping-taxable","20":"purchasable","21":"product-type-simple"},"yoast_head":"<!-- This site is optimized with the Yoast SEO plugin v27.5 - https:\/\/yoast.com\/product\/yoast-seo-wordpress\/ -->\n<title>Manhattan Millionaire Solbriller - Gerard | Guld - M\u00f8rke glas | K\u00f8b online her | LOCS<\/title>\n<meta name=\"description\" content=\"K\u00f8b Manhattan Millionaire Solbriller - Gerard | Guld - M\u00f8rke glas her | EU&#039;s st\u00f8rste udvalg af LOCS solbriller | Vi sender fra EU - Ingen ekstra import udgifter\" \/>\n<meta name=\"robots\" content=\"index, follow, max-snippet:-1, max-image-preview:large, max-video-preview:-1\" \/>\n<link rel=\"canonical\" href=\"https:\/\/locsshop.eu\/pl\/shop\/manhattan-millionaire-solbriller-gerard-guld-moerke-glas\/\" \/>\n<meta property=\"og:locale\" content=\"pl_PL\" \/>\n<meta property=\"og:type\" content=\"article\" \/>\n<meta property=\"og:title\" content=\"Manhattan Millionaire Solbriller - Gerard | Guld - M\u00f8rke glas | K\u00f8b online her | LOCS\" \/>\n<meta property=\"og:description\" content=\"K\u00f8b Manhattan Millionaire Solbriller - Gerard | Guld - M\u00f8rke glas her | EU&#039;s st\u00f8rste udvalg af LOCS solbriller | Vi sender fra EU - Ingen ekstra import udgifter\" \/>\n<meta property=\"og:url\" content=\"https:\/\/locsshop.eu\/pl\/shop\/manhattan-millionaire-solbriller-gerard-guld-moerke-glas\/\" \/>\n<meta property=\"og:site_name\" content=\"Locs Sunglasses - LOCS Supplier in EU\" \/>\n<meta property=\"article:modified_time\" content=\"2025-07-04T23:18:42+00:00\" \/>\n<meta property=\"og:image\" content=\"https:\/\/locsshop.eu\/wp-content\/uploads\/2025\/07\/8MH87072-5.jpg\" \/>\n\t<meta property=\"og:image:width\" content=\"800\" \/>\n\t<meta property=\"og:image:height\" content=\"800\" \/>\n\t<meta property=\"og:image:type\" content=\"image\/jpeg\" \/>\n<meta name=\"twitter:card\" content=\"summary_large_image\" \/>\n<meta name=\"twitter:label1\" content=\"Est. reading time\" \/>\n\t<meta name=\"twitter:data1\" content=\"2 minutes\" \/>\n<script type=\"application\/ld+json\" class=\"yoast-schema-graph\">{\"@context\":\"https:\\\/\\\/schema.org\",\"@graph\":[{\"@type\":\"WebPage\",\"@id\":\"https:\\\/\\\/locsshop.eu\\\/shop\\\/manhattan-millionaire-solbriller-gerard-guld-moerke-glas\\\/\",\"url\":\"https:\\\/\\\/locsshop.eu\\\/shop\\\/manhattan-millionaire-solbriller-gerard-guld-moerke-glas\\\/\",\"name\":\"Manhattan Millionaire Solbriller - Gerard | Guld - M\u00f8rke glas | K\u00f8b online her | LOCS\",\"isPartOf\":{\"@id\":\"https:\\\/\\\/locsshop.eu\\\/#website\"},\"primaryImageOfPage\":{\"@id\":\"https:\\\/\\\/locsshop.eu\\\/shop\\\/manhattan-millionaire-solbriller-gerard-guld-moerke-glas\\\/#primaryimage\"},\"image\":{\"@id\":\"https:\\\/\\\/locsshop.eu\\\/shop\\\/manhattan-millionaire-solbriller-gerard-guld-moerke-glas\\\/#primaryimage\"},\"thumbnailUrl\":\"https:\\\/\\\/locsshop.eu\\\/wp-content\\\/uploads\\\/2025\\\/07\\\/8MH87072-5.jpg\",\"datePublished\":\"2025-07-04T22:39:23+00:00\",\"dateModified\":\"2025-07-04T23:18:42+00:00\",\"description\":\"K\u00f8b Manhattan Millionaire Solbriller - Gerard | Guld - M\u00f8rke glas her | EU's st\u00f8rste udvalg af LOCS solbriller | Vi sender fra EU - Ingen ekstra import udgifter\",\"breadcrumb\":{\"@id\":\"https:\\\/\\\/locsshop.eu\\\/shop\\\/manhattan-millionaire-solbriller-gerard-guld-moerke-glas\\\/#breadcrumb\"},\"inLanguage\":\"pl-PL\",\"potentialAction\":[{\"@type\":\"ReadAction\",\"target\":[\"https:\\\/\\\/locsshop.eu\\\/shop\\\/manhattan-millionaire-solbriller-gerard-guld-moerke-glas\\\/\"]}]},{\"@type\":\"ImageObject\",\"inLanguage\":\"pl-PL\",\"@id\":\"https:\\\/\\\/locsshop.eu\\\/shop\\\/manhattan-millionaire-solbriller-gerard-guld-moerke-glas\\\/#primaryimage\",\"url\":\"https:\\\/\\\/locsshop.eu\\\/wp-content\\\/uploads\\\/2025\\\/07\\\/8MH87072-5.jpg\",\"contentUrl\":\"https:\\\/\\\/locsshop.eu\\\/wp-content\\\/uploads\\\/2025\\\/07\\\/8MH87072-5.jpg\",\"width\":800,\"height\":800},{\"@type\":\"BreadcrumbList\",\"@id\":\"https:\\\/\\\/locsshop.eu\\\/shop\\\/manhattan-millionaire-solbriller-gerard-guld-moerke-glas\\\/#breadcrumb\",\"itemListElement\":[{\"@type\":\"ListItem\",\"position\":1,\"name\":\"Hjem\",\"item\":\"https:\\\/\\\/locsshop.eu\\\/\"},{\"@type\":\"ListItem\",\"position\":2,\"name\":\"Shop\",\"item\":\"https:\\\/\\\/locsshop.eu\\\/shop\\\/\"},{\"@type\":\"ListItem\",\"position\":3,\"name\":\"Manhattan Millionaire Solbriller &#8211; Gerard | Guld &#8211; M\u00f8rke glas\"}]},{\"@type\":\"WebSite\",\"@id\":\"https:\\\/\\\/locsshop.eu\\\/#website\",\"url\":\"https:\\\/\\\/locsshop.eu\\\/\",\"name\":\"Locs Sunglasses - LOCS Supplier in EU\",\"description\":\"We sell cheap LOCS Sunglasses\",\"publisher\":{\"@id\":\"https:\\\/\\\/locsshop.eu\\\/#organization\"},\"potentialAction\":[{\"@type\":\"SearchAction\",\"target\":{\"@type\":\"EntryPoint\",\"urlTemplate\":\"https:\\\/\\\/locsshop.eu\\\/?s={search_term_string}\"},\"query-input\":{\"@type\":\"PropertyValueSpecification\",\"valueRequired\":true,\"valueName\":\"search_term_string\"}}],\"inLanguage\":\"pl-PL\"},{\"@type\":\"Organization\",\"@id\":\"https:\\\/\\\/locsshop.eu\\\/#organization\",\"name\":\"Locsshop.eu\",\"url\":\"https:\\\/\\\/locsshop.eu\\\/\",\"logo\":{\"@type\":\"ImageObject\",\"inLanguage\":\"pl-PL\",\"@id\":\"https:\\\/\\\/locsshop.eu\\\/#\\\/schema\\\/logo\\\/image\\\/\",\"url\":\"https:\\\/\\\/locsshop.eu\\\/wp-content\\\/uploads\\\/2022\\\/02\\\/Locsshop-logo.png\",\"contentUrl\":\"https:\\\/\\\/locsshop.eu\\\/wp-content\\\/uploads\\\/2022\\\/02\\\/Locsshop-logo.png\",\"width\":930,\"height\":200,\"caption\":\"Locsshop.eu\"},\"image\":{\"@id\":\"https:\\\/\\\/locsshop.eu\\\/#\\\/schema\\\/logo\\\/image\\\/\"}}]}<\/script>\n<!-- \/ Yoast SEO plugin. -->","yoast_head_json":{"title":"Manhattan Millionaire Solbriller - Gerard | Guld - M\u00f8rke glas | K\u00f8b online her | LOCS","description":"K\u00f8b Manhattan Millionaire Solbriller - Gerard | Guld - M\u00f8rke glas her | EU's st\u00f8rste udvalg af LOCS solbriller | Vi sender fra EU - Ingen ekstra import udgifter","robots":{"index":"index","follow":"follow","max-snippet":"max-snippet:-1","max-image-preview":"max-image-preview:large","max-video-preview":"max-video-preview:-1"},"canonical":"https:\/\/locsshop.eu\/pl\/shop\/manhattan-millionaire-solbriller-gerard-guld-moerke-glas\/","og_locale":"pl_PL","og_type":"article","og_title":"Manhattan Millionaire Solbriller - Gerard | Guld - M\u00f8rke glas | K\u00f8b online her | LOCS","og_description":"K\u00f8b Manhattan Millionaire Solbriller - Gerard | Guld - M\u00f8rke glas her | EU's st\u00f8rste udvalg af LOCS solbriller | Vi sender fra EU - Ingen ekstra import udgifter","og_url":"https:\/\/locsshop.eu\/pl\/shop\/manhattan-millionaire-solbriller-gerard-guld-moerke-glas\/","og_site_name":"Locs Sunglasses - LOCS Supplier in EU","article_modified_time":"2025-07-04T23:18:42+00:00","og_image":[{"width":800,"height":800,"url":"https:\/\/locsshop.eu\/wp-content\/uploads\/2025\/07\/8MH87072-5.jpg","type":"image\/jpeg"}],"twitter_card":"summary_large_image","twitter_misc":{"Est. reading time":"2 minutes"},"schema":{"@context":"https:\/\/schema.org","@graph":[{"@type":"WebPage","@id":"https:\/\/locsshop.eu\/shop\/manhattan-millionaire-solbriller-gerard-guld-moerke-glas\/","url":"https:\/\/locsshop.eu\/shop\/manhattan-millionaire-solbriller-gerard-guld-moerke-glas\/","name":"Manhattan Millionaire Solbriller - Gerard | Guld - M\u00f8rke glas | K\u00f8b online her | LOCS","isPartOf":{"@id":"https:\/\/locsshop.eu\/#website"},"primaryImageOfPage":{"@id":"https:\/\/locsshop.eu\/shop\/manhattan-millionaire-solbriller-gerard-guld-moerke-glas\/#primaryimage"},"image":{"@id":"https:\/\/locsshop.eu\/shop\/manhattan-millionaire-solbriller-gerard-guld-moerke-glas\/#primaryimage"},"thumbnailUrl":"https:\/\/locsshop.eu\/wp-content\/uploads\/2025\/07\/8MH87072-5.jpg","datePublished":"2025-07-04T22:39:23+00:00","dateModified":"2025-07-04T23:18:42+00:00","description":"K\u00f8b Manhattan Millionaire Solbriller - Gerard | Guld - M\u00f8rke glas her | EU's st\u00f8rste udvalg af LOCS solbriller | Vi sender fra EU - Ingen ekstra import udgifter","breadcrumb":{"@id":"https:\/\/locsshop.eu\/shop\/manhattan-millionaire-solbriller-gerard-guld-moerke-glas\/#breadcrumb"},"inLanguage":"pl-PL","potentialAction":[{"@type":"ReadAction","target":["https:\/\/locsshop.eu\/shop\/manhattan-millionaire-solbriller-gerard-guld-moerke-glas\/"]}]},{"@type":"ImageObject","inLanguage":"pl-PL","@id":"https:\/\/locsshop.eu\/shop\/manhattan-millionaire-solbriller-gerard-guld-moerke-glas\/#primaryimage","url":"https:\/\/locsshop.eu\/wp-content\/uploads\/2025\/07\/8MH87072-5.jpg","contentUrl":"https:\/\/locsshop.eu\/wp-content\/uploads\/2025\/07\/8MH87072-5.jpg","width":800,"height":800},{"@type":"BreadcrumbList","@id":"https:\/\/locsshop.eu\/shop\/manhattan-millionaire-solbriller-gerard-guld-moerke-glas\/#breadcrumb","itemListElement":[{"@type":"ListItem","position":1,"name":"Hjem","item":"https:\/\/locsshop.eu\/"},{"@type":"ListItem","position":2,"name":"Shop","item":"https:\/\/locsshop.eu\/shop\/"},{"@type":"ListItem","position":3,"name":"Manhattan Millionaire Solbriller &#8211; Gerard | Guld &#8211; M\u00f8rke glas"}]},{"@type":"WebSite","@id":"https:\/\/locsshop.eu\/#website","url":"https:\/\/locsshop.eu\/","name":"Okulary przeciws\u0142oneczne Locs - Dostawca LOCS w UE","description":"Sprzedajemy tanie okulary przeciws\u0142oneczne LOCS","publisher":{"@id":"https:\/\/locsshop.eu\/#organization"},"potentialAction":[{"@type":"SearchAction","target":{"@type":"EntryPoint","urlTemplate":"https:\/\/locsshop.eu\/?s={search_term_string}"},"query-input":{"@type":"PropertyValueSpecification","valueRequired":true,"valueName":"search_term_string"}}],"inLanguage":"pl-PL"},{"@type":"Organization","@id":"https:\/\/locsshop.eu\/#organization","name":"Locsshop.eu","url":"https:\/\/locsshop.eu\/","logo":{"@type":"ImageObject","inLanguage":"pl-PL","@id":"https:\/\/locsshop.eu\/#\/schema\/logo\/image\/","url":"https:\/\/locsshop.eu\/wp-content\/uploads\/2022\/02\/Locsshop-logo.png","contentUrl":"https:\/\/locsshop.eu\/wp-content\/uploads\/2022\/02\/Locsshop-logo.png","width":930,"height":200,"caption":"Locsshop.eu"},"image":{"@id":"https:\/\/locsshop.eu\/#\/schema\/logo\/image\/"}}]}},"_links":{"self":[{"href":"https:\/\/locsshop.eu\/pl\/wp-json\/wp\/v2\/product\/14242","targetHints":{"allow":["GET"]}}],"collection":[{"href":"https:\/\/locsshop.eu\/pl\/wp-json\/wp\/v2\/product"}],"about":[{"href":"https:\/\/locsshop.eu\/pl\/wp-json\/wp\/v2\/types\/product"}],"replies":[{"embeddable":true,"href":"https:\/\/locsshop.eu\/pl\/wp-json\/wp\/v2\/comments?post=14242"}],"wp:featuredmedia":[{"embeddable":true,"href":"https:\/\/locsshop.eu\/pl\/wp-json\/wp\/v2\/media\/14241"}],"wp:attachment":[{"href":"https:\/\/locsshop.eu\/pl\/wp-json\/wp\/v2\/media?parent=14242"}],"wp:term":[{"taxonomy":"product_brand","embeddable":true,"href":"https:\/\/locsshop.eu\/pl\/wp-json\/wp\/v2\/product_brand?post=14242"},{"taxonomy":"product_cat","embeddable":true,"href":"https:\/\/locsshop.eu\/pl\/wp-json\/wp\/v2\/product_cat?post=14242"},{"taxonomy":"product_tag","embeddable":true,"href":"https:\/\/locsshop.eu\/pl\/wp-json\/wp\/v2\/product_tag?post=14242"}],"curies":[{"name":"wp","href":"https:\/\/api.w.org\/{rel}","templated":true}]}}