{"id":5584,"date":"2022-02-17T14:26:15","date_gmt":"2022-02-17T13:26:15","guid":{"rendered":"https:\/\/locsshop.eu\/shop\/opbevaringskasse-til-10-ure\/"},"modified":"2024-07-13T20:19:07","modified_gmt":"2024-07-13T18:19:07","slug":"opbevaringskasse-til-10-ure-2","status":"publish","type":"product","link":"https:\/\/locsshop.eu\/pl\/shop\/opbevaringskasse-til-10-ure-2\/","title":{"rendered":"Pude\u0142ko na 10 zegark\u00f3w"},"content":{"rendered":"<h2>\u0141adne pude\u0142ko do przechowywania 6 zegark\u00f3w i 3 okular\u00f3w przeciws\u0142onecznych<\/h2>\n<p>Eleganckie pude\u0142ko do przechowywania zegark\u00f3w z miejscem na 10 zegark\u00f3w.<br \/>\nEleganckie pude\u0142ko na zegarki posiada 10 przegr\u00f3dek, w kt\u00f3rych zmie\u015bcisz nie tylko zegarki, ale tak\u017ce inn\u0105 bi\u017cuteri\u0119.<\/p>\n<p>Pude\u0142ko posiada elegancki czarny kolor oraz widoczne jasne szwy, kt\u00f3re dodaj\u0105 elegancji i szyku. Pokrywa koperty zegarka jest przezroczysta (szk\u0142o akrylowe), dzi\u0119ki czemu koperta zegarka mo\u017ce s\u0142u\u017cy\u0107 nie tylko do przechowywania, ale tak\u017ce do eleganckiej ekspozycji twoich pi\u0119knych zegark\u00f3w. Pude\u0142ko na zegarek b\u0119dzie prawdziwym, u\u017cytecznym prezentem, kt\u00f3ry doceni ka\u017cdy. W pude\u0142ku mo\u017cna r\u00f3wnie\u017c przechowywa\u0107 bransoletki i inn\u0105 bi\u017cuteri\u0119. Przegrody posiadaj\u0105 specjalne wk\u0142adki, kt\u00f3re mo\u017cna ustawi\u0107 pod wybranym k\u0105tem lub ca\u0142kowicie wyj\u0105\u0107. Dzi\u0119ki takim opcjom pude\u0142ko na zegarki nadaje si\u0119 do przechowywania wielu r\u00f3\u017cnych rodzaj\u00f3w bi\u017cuterii i nie tylko. Koperta zegarka ma wy\u015bcie\u0142ane wn\u0119trze specjalnym, niezwykle mi\u0119kkim materia\u0142em. Materia\u0142 ten chroni zawarto\u015b\u0107 przed zarysowaniami. Przegrody s\u0105 oddzielone od siebie wy\u017cszymi \u015bciankami, co chroni przechowywane akcesoria przed niepo\u017c\u0105danym kontaktem, kt\u00f3ry m\u00f3g\u0142by spowodowa\u0107 uszkodzenie. Etui posiada r\u00f3wnie\u017c specjalny pasek, kt\u00f3ry podtrzymuje otwart\u0105 pokryw\u0119, jednocze\u015bnie chroni\u0105c wn\u0119trze i zawarto\u015b\u0107 koperty zegarka. Zanim przypadkowo wylejesz zawarto\u015b\u0107 pude\u0142ka.<\/p>\n<p>ESTETYCZNE I ELEGANCKIE \u2013 Pude\u0142ko wykonane z dba\u0142o\u015bci\u0105 o szczeg\u00f3\u0142y, pi\u0119knie si\u0119 prezentuje i wspaniale eksponuje swoj\u0105 zawarto\u015b\u0107.<\/p>\n<p>UNIWERSALNY \u2013 U\u017cyj go nie tylko do zegark\u00f3w, ale tak\u017ce do bransoletek i innej bi\u017cuterii itp.<\/p>\n<p>POW\u0141OKA OCHRONNA \u2013 Wn\u0119trze pude\u0142ka wy\u015bcie\u0142ane jest mi\u0119kkim materia\u0142em, dzi\u0119ki czemu zawarto\u015b\u0107 jest chroniona przed zarysowaniami.<\/p>\n<p>SPECYFIKACJA \u2013<br \/>\nLiczba pokoi: 10<br \/>\nKolor Czarny<br \/>\nWymiary (d\u0142 x szer x wys): 20,3 x 25,3 x 8 cm,<br \/>\nWymiary przegrody (d\u0142ugo\u015b\u0107 x szeroko\u015b\u0107): 9 x 4,5 cm.<\/p>\n<p>(Nie obejmuje zegark\u00f3w)<\/p>","protected":false},"excerpt":{"rendered":"<ul>\n<li><strong>Pude\u0142ko do przechowywania zegark\u00f3w.<\/strong><\/li>\n<li><strong>Mie\u015bci 10 zegark\u00f3w.<\/strong><\/li>\n<li><strong>Idealny do noszenia w domu.<\/strong><\/li>\n<li><strong>Unikaj zadrapa\u0144 i kurzu na zegarkach.<\/strong><\/li>\n<li><strong>Idealny na spacery<\/strong><\/li>\n<\/ul>","protected":false},"featured_media":7560,"comment_status":"open","ping_status":"closed","template":"","meta":{"om_disable_all_campaigns":false,"_monsterinsights_skip_tracking":false,"_monsterinsights_sitenote_active":false,"_monsterinsights_sitenote_note":"","_monsterinsights_sitenote_category":0},"product_brand":[],"product_cat":[1041],"product_tag":[504,505,506,507,837],"class_list":{"0":"post-5584","1":"product","2":"type-product","3":"status-publish","4":"has-post-thumbnail","6":"product_cat-etuier-tilbehoer","7":"product_tag-aeske","8":"product_tag-boks","9":"product_tag-kasse","10":"product_tag-opbevaring","11":"product_tag-s1363","13":"first","14":"outofstock","15":"shipping-taxable","16":"purchasable","17":"product-type-simple"},"yoast_head":"<!-- This site is optimized with the Yoast SEO plugin v27.5 - https:\/\/yoast.com\/product\/yoast-seo-wordpress\/ -->\n<title>Opbevaringskasse til 10 ure | K\u00f8b online her | LOCS<\/title>\n<meta name=\"description\" content=\"K\u00f8b Opbevaringskasse til 10 ure her | EU&#039;s st\u00f8rste udvalg af LOCS solbriller | Vi sender fra EU - Ingen ekstra import udgifter\" \/>\n<meta name=\"robots\" content=\"index, follow, max-snippet:-1, max-image-preview:large, max-video-preview:-1\" \/>\n<link rel=\"canonical\" href=\"https:\/\/locsshop.eu\/pl\/shop\/opbevaringskasse-til-10-ure-2\/\" \/>\n<meta property=\"og:locale\" content=\"pl_PL\" \/>\n<meta property=\"og:type\" content=\"article\" \/>\n<meta property=\"og:title\" content=\"Opbevaringskasse til 10 ure | K\u00f8b online her | LOCS\" \/>\n<meta property=\"og:description\" content=\"K\u00f8b Opbevaringskasse til 10 ure her | EU&#039;s st\u00f8rste udvalg af LOCS solbriller | Vi sender fra EU - Ingen ekstra import udgifter\" \/>\n<meta property=\"og:url\" content=\"https:\/\/locsshop.eu\/pl\/shop\/opbevaringskasse-til-10-ure-2\/\" \/>\n<meta property=\"og:site_name\" content=\"Locs Sunglasses - LOCS Supplier in EU\" \/>\n<meta property=\"article:modified_time\" content=\"2024-07-13T18:19:07+00:00\" \/>\n<meta property=\"og:image\" content=\"https:\/\/locsshop.eu\/wp-content\/uploads\/2022\/02\/10789_4-1.jpg\" \/>\n\t<meta property=\"og:image:width\" content=\"800\" \/>\n\t<meta property=\"og:image:height\" content=\"800\" \/>\n\t<meta property=\"og:image:type\" content=\"image\/jpeg\" \/>\n<meta name=\"twitter:card\" content=\"summary_large_image\" \/>\n<meta name=\"twitter:label1\" content=\"Est. reading time\" \/>\n\t<meta name=\"twitter:data1\" content=\"2 minutes\" \/>\n<script type=\"application\/ld+json\" class=\"yoast-schema-graph\">{\"@context\":\"https:\\\/\\\/schema.org\",\"@graph\":[{\"@type\":\"WebPage\",\"@id\":\"https:\\\/\\\/locsshop.eu\\\/shop\\\/opbevaringskasse-til-10-ure-2\\\/\",\"url\":\"https:\\\/\\\/locsshop.eu\\\/shop\\\/opbevaringskasse-til-10-ure-2\\\/\",\"name\":\"Opbevaringskasse til 10 ure | K\u00f8b online her | LOCS\",\"isPartOf\":{\"@id\":\"https:\\\/\\\/locsshop.eu\\\/#website\"},\"primaryImageOfPage\":{\"@id\":\"https:\\\/\\\/locsshop.eu\\\/shop\\\/opbevaringskasse-til-10-ure-2\\\/#primaryimage\"},\"image\":{\"@id\":\"https:\\\/\\\/locsshop.eu\\\/shop\\\/opbevaringskasse-til-10-ure-2\\\/#primaryimage\"},\"thumbnailUrl\":\"https:\\\/\\\/locsshop.eu\\\/wp-content\\\/uploads\\\/2022\\\/02\\\/10789_4-1.jpg\",\"datePublished\":\"2022-02-17T13:26:15+00:00\",\"dateModified\":\"2024-07-13T18:19:07+00:00\",\"description\":\"K\u00f8b Opbevaringskasse til 10 ure her | EU's st\u00f8rste udvalg af LOCS solbriller | Vi sender fra EU - Ingen ekstra import udgifter\",\"breadcrumb\":{\"@id\":\"https:\\\/\\\/locsshop.eu\\\/shop\\\/opbevaringskasse-til-10-ure-2\\\/#breadcrumb\"},\"inLanguage\":\"pl-PL\",\"potentialAction\":[{\"@type\":\"ReadAction\",\"target\":[\"https:\\\/\\\/locsshop.eu\\\/shop\\\/opbevaringskasse-til-10-ure-2\\\/\"]}]},{\"@type\":\"ImageObject\",\"inLanguage\":\"pl-PL\",\"@id\":\"https:\\\/\\\/locsshop.eu\\\/shop\\\/opbevaringskasse-til-10-ure-2\\\/#primaryimage\",\"url\":\"https:\\\/\\\/locsshop.eu\\\/wp-content\\\/uploads\\\/2022\\\/02\\\/10789_4-1.jpg\",\"contentUrl\":\"https:\\\/\\\/locsshop.eu\\\/wp-content\\\/uploads\\\/2022\\\/02\\\/10789_4-1.jpg\",\"width\":800,\"height\":800},{\"@type\":\"BreadcrumbList\",\"@id\":\"https:\\\/\\\/locsshop.eu\\\/shop\\\/opbevaringskasse-til-10-ure-2\\\/#breadcrumb\",\"itemListElement\":[{\"@type\":\"ListItem\",\"position\":1,\"name\":\"Hjem\",\"item\":\"https:\\\/\\\/locsshop.eu\\\/\"},{\"@type\":\"ListItem\",\"position\":2,\"name\":\"Shop\",\"item\":\"https:\\\/\\\/locsshop.eu\\\/shop\\\/\"},{\"@type\":\"ListItem\",\"position\":3,\"name\":\"Opbevaringskasse til 10 ure\"}]},{\"@type\":\"WebSite\",\"@id\":\"https:\\\/\\\/locsshop.eu\\\/#website\",\"url\":\"https:\\\/\\\/locsshop.eu\\\/\",\"name\":\"Locs Sunglasses - LOCS Supplier in EU\",\"description\":\"We sell cheap LOCS Sunglasses\",\"publisher\":{\"@id\":\"https:\\\/\\\/locsshop.eu\\\/#organization\"},\"potentialAction\":[{\"@type\":\"SearchAction\",\"target\":{\"@type\":\"EntryPoint\",\"urlTemplate\":\"https:\\\/\\\/locsshop.eu\\\/?s={search_term_string}\"},\"query-input\":{\"@type\":\"PropertyValueSpecification\",\"valueRequired\":true,\"valueName\":\"search_term_string\"}}],\"inLanguage\":\"pl-PL\"},{\"@type\":\"Organization\",\"@id\":\"https:\\\/\\\/locsshop.eu\\\/#organization\",\"name\":\"Locsshop.eu\",\"url\":\"https:\\\/\\\/locsshop.eu\\\/\",\"logo\":{\"@type\":\"ImageObject\",\"inLanguage\":\"pl-PL\",\"@id\":\"https:\\\/\\\/locsshop.eu\\\/#\\\/schema\\\/logo\\\/image\\\/\",\"url\":\"https:\\\/\\\/locsshop.eu\\\/wp-content\\\/uploads\\\/2022\\\/02\\\/Locsshop-logo.png\",\"contentUrl\":\"https:\\\/\\\/locsshop.eu\\\/wp-content\\\/uploads\\\/2022\\\/02\\\/Locsshop-logo.png\",\"width\":930,\"height\":200,\"caption\":\"Locsshop.eu\"},\"image\":{\"@id\":\"https:\\\/\\\/locsshop.eu\\\/#\\\/schema\\\/logo\\\/image\\\/\"}}]}<\/script>\n<!-- \/ Yoast SEO plugin. -->","yoast_head_json":{"title":"Pude\u0142ko na 10 zegark\u00f3w | Kup online tutaj | LOCS","description":"Kup etui na 10 zegark\u00f3w tutaj | Najwi\u0119kszy wyb\u00f3r okular\u00f3w przeciws\u0142onecznych LOCS w UE | Wysy\u0142amy z UE - Brak dodatkowych koszt\u00f3w importu","robots":{"index":"index","follow":"follow","max-snippet":"max-snippet:-1","max-image-preview":"max-image-preview:large","max-video-preview":"max-video-preview:-1"},"canonical":"https:\/\/locsshop.eu\/pl\/shop\/opbevaringskasse-til-10-ure-2\/","og_locale":"pl_PL","og_type":"article","og_title":"Opbevaringskasse til 10 ure | K\u00f8b online her | LOCS","og_description":"K\u00f8b Opbevaringskasse til 10 ure her | EU's st\u00f8rste udvalg af LOCS solbriller | Vi sender fra EU - Ingen ekstra import udgifter","og_url":"https:\/\/locsshop.eu\/pl\/shop\/opbevaringskasse-til-10-ure-2\/","og_site_name":"Locs Sunglasses - LOCS Supplier in EU","article_modified_time":"2024-07-13T18:19:07+00:00","og_image":[{"width":800,"height":800,"url":"https:\/\/locsshop.eu\/wp-content\/uploads\/2022\/02\/10789_4-1.jpg","type":"image\/jpeg"}],"twitter_card":"summary_large_image","twitter_misc":{"Est. reading time":"2 minutes"},"schema":{"@context":"https:\/\/schema.org","@graph":[{"@type":"WebPage","@id":"https:\/\/locsshop.eu\/shop\/opbevaringskasse-til-10-ure-2\/","url":"https:\/\/locsshop.eu\/shop\/opbevaringskasse-til-10-ure-2\/","name":"Pude\u0142ko na 10 zegark\u00f3w | Kup online tutaj | LOCS","isPartOf":{"@id":"https:\/\/locsshop.eu\/#website"},"primaryImageOfPage":{"@id":"https:\/\/locsshop.eu\/shop\/opbevaringskasse-til-10-ure-2\/#primaryimage"},"image":{"@id":"https:\/\/locsshop.eu\/shop\/opbevaringskasse-til-10-ure-2\/#primaryimage"},"thumbnailUrl":"https:\/\/locsshop.eu\/wp-content\/uploads\/2022\/02\/10789_4-1.jpg","datePublished":"2022-02-17T13:26:15+00:00","dateModified":"2024-07-13T18:19:07+00:00","description":"Kup etui na 10 zegark\u00f3w tutaj | Najwi\u0119kszy wyb\u00f3r okular\u00f3w przeciws\u0142onecznych LOCS w UE | Wysy\u0142amy z UE - Brak dodatkowych koszt\u00f3w importu","breadcrumb":{"@id":"https:\/\/locsshop.eu\/shop\/opbevaringskasse-til-10-ure-2\/#breadcrumb"},"inLanguage":"pl-PL","potentialAction":[{"@type":"ReadAction","target":["https:\/\/locsshop.eu\/shop\/opbevaringskasse-til-10-ure-2\/"]}]},{"@type":"ImageObject","inLanguage":"pl-PL","@id":"https:\/\/locsshop.eu\/shop\/opbevaringskasse-til-10-ure-2\/#primaryimage","url":"https:\/\/locsshop.eu\/wp-content\/uploads\/2022\/02\/10789_4-1.jpg","contentUrl":"https:\/\/locsshop.eu\/wp-content\/uploads\/2022\/02\/10789_4-1.jpg","width":800,"height":800},{"@type":"BreadcrumbList","@id":"https:\/\/locsshop.eu\/shop\/opbevaringskasse-til-10-ure-2\/#breadcrumb","itemListElement":[{"@type":"ListItem","position":1,"name":"Hjem","item":"https:\/\/locsshop.eu\/"},{"@type":"ListItem","position":2,"name":"Shop","item":"https:\/\/locsshop.eu\/shop\/"},{"@type":"ListItem","position":3,"name":"Opbevaringskasse til 10 ure"}]},{"@type":"WebSite","@id":"https:\/\/locsshop.eu\/#website","url":"https:\/\/locsshop.eu\/","name":"Okulary przeciws\u0142oneczne Locs - Dostawca LOCS w UE","description":"Sprzedajemy tanie okulary przeciws\u0142oneczne LOCS","publisher":{"@id":"https:\/\/locsshop.eu\/#organization"},"potentialAction":[{"@type":"SearchAction","target":{"@type":"EntryPoint","urlTemplate":"https:\/\/locsshop.eu\/?s={search_term_string}"},"query-input":{"@type":"PropertyValueSpecification","valueRequired":true,"valueName":"search_term_string"}}],"inLanguage":"pl-PL"},{"@type":"Organization","@id":"https:\/\/locsshop.eu\/#organization","name":"Locsshop.eu","url":"https:\/\/locsshop.eu\/","logo":{"@type":"ImageObject","inLanguage":"pl-PL","@id":"https:\/\/locsshop.eu\/#\/schema\/logo\/image\/","url":"https:\/\/locsshop.eu\/wp-content\/uploads\/2022\/02\/Locsshop-logo.png","contentUrl":"https:\/\/locsshop.eu\/wp-content\/uploads\/2022\/02\/Locsshop-logo.png","width":930,"height":200,"caption":"Locsshop.eu"},"image":{"@id":"https:\/\/locsshop.eu\/#\/schema\/logo\/image\/"}}]}},"_links":{"self":[{"href":"https:\/\/locsshop.eu\/pl\/wp-json\/wp\/v2\/product\/5584","targetHints":{"allow":["GET"]}}],"collection":[{"href":"https:\/\/locsshop.eu\/pl\/wp-json\/wp\/v2\/product"}],"about":[{"href":"https:\/\/locsshop.eu\/pl\/wp-json\/wp\/v2\/types\/product"}],"replies":[{"embeddable":true,"href":"https:\/\/locsshop.eu\/pl\/wp-json\/wp\/v2\/comments?post=5584"}],"wp:featuredmedia":[{"embeddable":true,"href":"https:\/\/locsshop.eu\/pl\/wp-json\/wp\/v2\/media\/7560"}],"wp:attachment":[{"href":"https:\/\/locsshop.eu\/pl\/wp-json\/wp\/v2\/media?parent=5584"}],"wp:term":[{"taxonomy":"product_brand","embeddable":true,"href":"https:\/\/locsshop.eu\/pl\/wp-json\/wp\/v2\/product_brand?post=5584"},{"taxonomy":"product_cat","embeddable":true,"href":"https:\/\/locsshop.eu\/pl\/wp-json\/wp\/v2\/product_cat?post=5584"},{"taxonomy":"product_tag","embeddable":true,"href":"https:\/\/locsshop.eu\/pl\/wp-json\/wp\/v2\/product_tag?post=5584"}],"curies":[{"name":"wp","href":"https:\/\/api.w.org\/{rel}","templated":true}]}}