{"id":5759,"date":"2021-04-10T17:46:16","date_gmt":"2021-04-10T15:46:16","guid":{"rendered":"https:\/\/locsshop.eu\/shop\/matsorte-wayfarer-boernesolbriller-gule-spejlglas\/"},"modified":"2024-05-09T12:53:40","modified_gmt":"2024-05-09T10:53:40","slug":"matsorte-wayfarer-boernesolbriller-gule-spejlglas","status":"publish","type":"product","link":"https:\/\/locsshop.eu\/pl\/shop\/matsorte-wayfarer-boernesolbriller-gule-spejlglas\/","title":{"rendered":"Czarne matowe okulary przeciws\u0142oneczne dla dzieci Wayfarer - \u017c\u00f3\u0142te lustrzane soczewki"},"content":{"rendered":"<h2>Matowe czarne okulary przeciws\u0142oneczne Wayfarer dla dzieci z \u017c\u00f3\u0142tymi lustrzanymi soczewkami<\/h2>\n<p>Naprawd\u0119 \u0142adne okulary przeciws\u0142oneczne dla dzieci w modelu Wayfarer z \u017c\u00f3\u0142tymi lustrzanymi soczewkami i matow\u0105 powierzchni\u0105, kt\u00f3ra sprawia, \u017ce okulary s\u0105 mi\u0142e w dotyku.<br \/>\nOkulary s\u0105 matowe, co daje ch\u0142odny wygl\u0105d w promieniach s\u0142o\u0144ca.<br \/>\nNaprawd\u0119 fajne okulary przeciws\u0142oneczne, kt\u00f3re dobrze chroni\u0105 oczy Twojego dziecka w letnim s\u0142o\u0144cu.<\/p>\n<p>Materia\u0142: tworzywo sztuczne;<br \/>\nPowierzchnia: matowa<br \/>\nOchrona UV400<br \/>\nCertyfikat CE<\/p>","protected":false},"excerpt":{"rendered":"<p>Czarne okulary przeciws\u0142oneczne Wayfarer z lustrzanymi soczewkami dla dzieci<\/p>\n<p>Ochrona UV400<\/p>\n<p>Znak CE<\/p>","protected":false},"featured_media":7678,"comment_status":"open","ping_status":"closed","template":"","meta":{"om_disable_all_campaigns":false,"_monsterinsights_skip_tracking":false,"_monsterinsights_sitenote_active":false,"_monsterinsights_sitenote_note":"","_monsterinsights_sitenote_category":0},"product_brand":[],"product_cat":[1043,1025,1045],"product_tag":[588,458,870,769,744,735,461],"class_list":{"0":"post-5759","1":"product","2":"type-product","3":"status-publish","4":"has-post-thumbnail","6":"product_cat-boerne-solbriller","7":"product_cat-billige-solbriller","8":"product_cat-wayfarer-boerne-solbriller","9":"product_tag-k911a","10":"product_tag-mat","11":"product_tag-p693","12":"product_tag-ph4131","13":"product_tag-s489","14":"product_tag-s726","15":"product_tag-sort","17":"first","18":"instock","19":"shipping-taxable","20":"purchasable","21":"product-type-simple"},"yoast_head":"<!-- This site is optimized with the Yoast SEO plugin v27.2 - https:\/\/yoast.com\/product\/yoast-seo-wordpress\/ -->\n<title>Matsorte Wayfarer b\u00f8rnesolbriller - Gule Spejlglas | K\u00f8b online her | LOCS<\/title>\n<meta name=\"description\" content=\"K\u00f8b Matsorte Wayfarer b\u00f8rnesolbriller - Gule Spejlglas her | EU&#039;s st\u00f8rste udvalg af LOCS solbriller | Vi sender fra EU - Ingen ekstra import udgifter\" \/>\n<meta name=\"robots\" content=\"index, follow, max-snippet:-1, max-image-preview:large, max-video-preview:-1\" \/>\n<link rel=\"canonical\" href=\"https:\/\/locsshop.eu\/pl\/shop\/matsorte-wayfarer-boernesolbriller-gule-spejlglas\/\" \/>\n<meta property=\"og:locale\" content=\"pl_PL\" \/>\n<meta property=\"og:type\" content=\"article\" \/>\n<meta property=\"og:title\" content=\"Matsorte Wayfarer b\u00f8rnesolbriller - Gule Spejlglas | K\u00f8b online her | LOCS\" \/>\n<meta property=\"og:description\" content=\"K\u00f8b Matsorte Wayfarer b\u00f8rnesolbriller - Gule Spejlglas her | EU&#039;s st\u00f8rste udvalg af LOCS solbriller | Vi sender fra EU - Ingen ekstra import udgifter\" \/>\n<meta property=\"og:url\" content=\"https:\/\/locsshop.eu\/pl\/shop\/matsorte-wayfarer-boernesolbriller-gule-spejlglas\/\" \/>\n<meta property=\"og:site_name\" content=\"Locs Sunglasses - LOCS Supplier in EU\" \/>\n<meta property=\"article:modified_time\" content=\"2024-05-09T10:53:40+00:00\" \/>\n<meta property=\"og:image\" content=\"https:\/\/locsshop.eu\/wp-content\/uploads\/2021\/04\/K911A-YW-1.jpg\" \/>\n\t<meta property=\"og:image:width\" content=\"800\" \/>\n\t<meta property=\"og:image:height\" content=\"800\" \/>\n\t<meta property=\"og:image:type\" content=\"image\/jpeg\" \/>\n<meta name=\"twitter:card\" content=\"summary_large_image\" \/>\n<script type=\"application\/ld+json\" class=\"yoast-schema-graph\">{\"@context\":\"https:\/\/schema.org\",\"@graph\":[{\"@type\":\"WebPage\",\"@id\":\"https:\/\/locsshop.eu\/shop\/matsorte-wayfarer-boernesolbriller-gule-spejlglas\/\",\"url\":\"https:\/\/locsshop.eu\/shop\/matsorte-wayfarer-boernesolbriller-gule-spejlglas\/\",\"name\":\"Matsorte Wayfarer b\u00f8rnesolbriller - Gule Spejlglas | K\u00f8b online her | LOCS\",\"isPartOf\":{\"@id\":\"https:\/\/locsshop.eu\/#website\"},\"primaryImageOfPage\":{\"@id\":\"https:\/\/locsshop.eu\/shop\/matsorte-wayfarer-boernesolbriller-gule-spejlglas\/#primaryimage\"},\"image\":{\"@id\":\"https:\/\/locsshop.eu\/shop\/matsorte-wayfarer-boernesolbriller-gule-spejlglas\/#primaryimage\"},\"thumbnailUrl\":\"https:\/\/locsshop.eu\/wp-content\/uploads\/2021\/04\/K911A-YW-1.jpg\",\"datePublished\":\"2021-04-10T15:46:16+00:00\",\"dateModified\":\"2024-05-09T10:53:40+00:00\",\"description\":\"K\u00f8b Matsorte Wayfarer b\u00f8rnesolbriller - Gule Spejlglas her | EU's st\u00f8rste udvalg af LOCS solbriller | Vi sender fra EU - Ingen ekstra import udgifter\",\"breadcrumb\":{\"@id\":\"https:\/\/locsshop.eu\/shop\/matsorte-wayfarer-boernesolbriller-gule-spejlglas\/#breadcrumb\"},\"inLanguage\":\"pl-PL\",\"potentialAction\":[{\"@type\":\"ReadAction\",\"target\":[\"https:\/\/locsshop.eu\/shop\/matsorte-wayfarer-boernesolbriller-gule-spejlglas\/\"]}]},{\"@type\":\"ImageObject\",\"inLanguage\":\"pl-PL\",\"@id\":\"https:\/\/locsshop.eu\/shop\/matsorte-wayfarer-boernesolbriller-gule-spejlglas\/#primaryimage\",\"url\":\"https:\/\/locsshop.eu\/wp-content\/uploads\/2021\/04\/K911A-YW-1.jpg\",\"contentUrl\":\"https:\/\/locsshop.eu\/wp-content\/uploads\/2021\/04\/K911A-YW-1.jpg\",\"width\":800,\"height\":800},{\"@type\":\"BreadcrumbList\",\"@id\":\"https:\/\/locsshop.eu\/shop\/matsorte-wayfarer-boernesolbriller-gule-spejlglas\/#breadcrumb\",\"itemListElement\":[{\"@type\":\"ListItem\",\"position\":1,\"name\":\"Hjem\",\"item\":\"https:\/\/locsshop.eu\/\"},{\"@type\":\"ListItem\",\"position\":2,\"name\":\"Shop\",\"item\":\"https:\/\/locsshop.eu\/shop\/\"},{\"@type\":\"ListItem\",\"position\":3,\"name\":\"Matsorte Wayfarer b\u00f8rnesolbriller &#8211; Gule Spejlglas\"}]},{\"@type\":\"WebSite\",\"@id\":\"https:\/\/locsshop.eu\/#website\",\"url\":\"https:\/\/locsshop.eu\/\",\"name\":\"Locs Sunglasses - LOCS Supplier in EU\",\"description\":\"We sell cheap LOCS Sunglasses\",\"publisher\":{\"@id\":\"https:\/\/locsshop.eu\/#organization\"},\"potentialAction\":[{\"@type\":\"SearchAction\",\"target\":{\"@type\":\"EntryPoint\",\"urlTemplate\":\"https:\/\/locsshop.eu\/?s={search_term_string}\"},\"query-input\":{\"@type\":\"PropertyValueSpecification\",\"valueRequired\":true,\"valueName\":\"search_term_string\"}}],\"inLanguage\":\"pl-PL\"},{\"@type\":\"Organization\",\"@id\":\"https:\/\/locsshop.eu\/#organization\",\"name\":\"Locsshop.eu\",\"url\":\"https:\/\/locsshop.eu\/\",\"logo\":{\"@type\":\"ImageObject\",\"inLanguage\":\"pl-PL\",\"@id\":\"https:\/\/locsshop.eu\/#\/schema\/logo\/image\/\",\"url\":\"https:\/\/locsshop.eu\/wp-content\/uploads\/2022\/02\/Locsshop-logo.png\",\"contentUrl\":\"https:\/\/locsshop.eu\/wp-content\/uploads\/2022\/02\/Locsshop-logo.png\",\"width\":930,\"height\":200,\"caption\":\"Locsshop.eu\"},\"image\":{\"@id\":\"https:\/\/locsshop.eu\/#\/schema\/logo\/image\/\"}}]}<\/script>\n<!-- \/ Yoast SEO plugin. -->","yoast_head_json":{"title":"Okulary przeciws\u0142oneczne Wayfarer w kolorze matowej czerni - \u017c\u00f3\u0142te lustrzane soczewki | Kup online tutaj | MIEJSCE","description":"Kup matowe czarne okulary przeciws\u0142oneczne dla dzieci Wayfarer - \u017c\u00f3\u0142te lustrzane soczewki tutaj | Najwi\u0119kszy wyb\u00f3r okular\u00f3w przeciws\u0142onecznych LOCS w UE | Wysy\u0142amy z UE - Bez dodatkowych koszt\u00f3w importu","robots":{"index":"index","follow":"follow","max-snippet":"max-snippet:-1","max-image-preview":"max-image-preview:large","max-video-preview":"max-video-preview:-1"},"canonical":"https:\/\/locsshop.eu\/pl\/shop\/matsorte-wayfarer-boernesolbriller-gule-spejlglas\/","og_locale":"pl_PL","og_type":"article","og_title":"Matsorte Wayfarer b\u00f8rnesolbriller - Gule Spejlglas | K\u00f8b online her | LOCS","og_description":"K\u00f8b Matsorte Wayfarer b\u00f8rnesolbriller - Gule Spejlglas her | EU's st\u00f8rste udvalg af LOCS solbriller | Vi sender fra EU - Ingen ekstra import udgifter","og_url":"https:\/\/locsshop.eu\/pl\/shop\/matsorte-wayfarer-boernesolbriller-gule-spejlglas\/","og_site_name":"Locs Sunglasses - LOCS Supplier in EU","article_modified_time":"2024-05-09T10:53:40+00:00","og_image":[{"width":800,"height":800,"url":"https:\/\/locsshop.eu\/wp-content\/uploads\/2021\/04\/K911A-YW-1.jpg","type":"image\/jpeg"}],"twitter_card":"summary_large_image","schema":{"@context":"https:\/\/schema.org","@graph":[{"@type":"WebPage","@id":"https:\/\/locsshop.eu\/shop\/matsorte-wayfarer-boernesolbriller-gule-spejlglas\/","url":"https:\/\/locsshop.eu\/shop\/matsorte-wayfarer-boernesolbriller-gule-spejlglas\/","name":"Okulary przeciws\u0142oneczne Wayfarer w kolorze matowej czerni - \u017c\u00f3\u0142te lustrzane soczewki | Kup online tutaj | MIEJSCE","isPartOf":{"@id":"https:\/\/locsshop.eu\/#website"},"primaryImageOfPage":{"@id":"https:\/\/locsshop.eu\/shop\/matsorte-wayfarer-boernesolbriller-gule-spejlglas\/#primaryimage"},"image":{"@id":"https:\/\/locsshop.eu\/shop\/matsorte-wayfarer-boernesolbriller-gule-spejlglas\/#primaryimage"},"thumbnailUrl":"https:\/\/locsshop.eu\/wp-content\/uploads\/2021\/04\/K911A-YW-1.jpg","datePublished":"2021-04-10T15:46:16+00:00","dateModified":"2024-05-09T10:53:40+00:00","description":"Kup matowe czarne okulary przeciws\u0142oneczne dla dzieci Wayfarer - \u017c\u00f3\u0142te lustrzane soczewki tutaj | Najwi\u0119kszy wyb\u00f3r okular\u00f3w przeciws\u0142onecznych LOCS w UE | Wysy\u0142amy z UE - Bez dodatkowych koszt\u00f3w importu","breadcrumb":{"@id":"https:\/\/locsshop.eu\/shop\/matsorte-wayfarer-boernesolbriller-gule-spejlglas\/#breadcrumb"},"inLanguage":"pl-PL","potentialAction":[{"@type":"ReadAction","target":["https:\/\/locsshop.eu\/shop\/matsorte-wayfarer-boernesolbriller-gule-spejlglas\/"]}]},{"@type":"ImageObject","inLanguage":"pl-PL","@id":"https:\/\/locsshop.eu\/shop\/matsorte-wayfarer-boernesolbriller-gule-spejlglas\/#primaryimage","url":"https:\/\/locsshop.eu\/wp-content\/uploads\/2021\/04\/K911A-YW-1.jpg","contentUrl":"https:\/\/locsshop.eu\/wp-content\/uploads\/2021\/04\/K911A-YW-1.jpg","width":800,"height":800},{"@type":"BreadcrumbList","@id":"https:\/\/locsshop.eu\/shop\/matsorte-wayfarer-boernesolbriller-gule-spejlglas\/#breadcrumb","itemListElement":[{"@type":"ListItem","position":1,"name":"Hjem","item":"https:\/\/locsshop.eu\/"},{"@type":"ListItem","position":2,"name":"Shop","item":"https:\/\/locsshop.eu\/shop\/"},{"@type":"ListItem","position":3,"name":"Matsorte Wayfarer b\u00f8rnesolbriller &#8211; Gule Spejlglas"}]},{"@type":"WebSite","@id":"https:\/\/locsshop.eu\/#website","url":"https:\/\/locsshop.eu\/","name":"Okulary przeciws\u0142oneczne Locs - Dostawca LOCS w UE","description":"Sprzedajemy tanie okulary przeciws\u0142oneczne LOCS","publisher":{"@id":"https:\/\/locsshop.eu\/#organization"},"potentialAction":[{"@type":"SearchAction","target":{"@type":"EntryPoint","urlTemplate":"https:\/\/locsshop.eu\/?s={search_term_string}"},"query-input":{"@type":"PropertyValueSpecification","valueRequired":true,"valueName":"search_term_string"}}],"inLanguage":"pl-PL"},{"@type":"Organization","@id":"https:\/\/locsshop.eu\/#organization","name":"Locsshop.eu","url":"https:\/\/locsshop.eu\/","logo":{"@type":"ImageObject","inLanguage":"pl-PL","@id":"https:\/\/locsshop.eu\/#\/schema\/logo\/image\/","url":"https:\/\/locsshop.eu\/wp-content\/uploads\/2022\/02\/Locsshop-logo.png","contentUrl":"https:\/\/locsshop.eu\/wp-content\/uploads\/2022\/02\/Locsshop-logo.png","width":930,"height":200,"caption":"Locsshop.eu"},"image":{"@id":"https:\/\/locsshop.eu\/#\/schema\/logo\/image\/"}}]}},"_links":{"self":[{"href":"https:\/\/locsshop.eu\/pl\/wp-json\/wp\/v2\/product\/5759","targetHints":{"allow":["GET"]}}],"collection":[{"href":"https:\/\/locsshop.eu\/pl\/wp-json\/wp\/v2\/product"}],"about":[{"href":"https:\/\/locsshop.eu\/pl\/wp-json\/wp\/v2\/types\/product"}],"replies":[{"embeddable":true,"href":"https:\/\/locsshop.eu\/pl\/wp-json\/wp\/v2\/comments?post=5759"}],"wp:featuredmedia":[{"embeddable":true,"href":"https:\/\/locsshop.eu\/pl\/wp-json\/wp\/v2\/media\/7678"}],"wp:attachment":[{"href":"https:\/\/locsshop.eu\/pl\/wp-json\/wp\/v2\/media?parent=5759"}],"wp:term":[{"taxonomy":"product_brand","embeddable":true,"href":"https:\/\/locsshop.eu\/pl\/wp-json\/wp\/v2\/product_brand?post=5759"},{"taxonomy":"product_cat","embeddable":true,"href":"https:\/\/locsshop.eu\/pl\/wp-json\/wp\/v2\/product_cat?post=5759"},{"taxonomy":"product_tag","embeddable":true,"href":"https:\/\/locsshop.eu\/pl\/wp-json\/wp\/v2\/product_tag?post=5759"}],"curies":[{"name":"wp","href":"https:\/\/api.w.org\/{rel}","templated":true}]}}