{"id":6651,"date":"2020-04-19T21:05:56","date_gmt":"2020-04-19T19:05:56","guid":{"rendered":"https:\/\/locsshop.eu\/shop\/billige-runde-cateye-solbriller-orange-spejlglas-leopard\/"},"modified":"2024-12-20T03:16:43","modified_gmt":"2024-12-20T02:16:43","slug":"runde-cateye-solbriller-med-orange-spejlglas-brun-leopard","status":"publish","type":"product","link":"https:\/\/locsshop.eu\/pl\/shop\/runde-cateye-solbriller-med-orange-spejlglas-brun-leopard\/","title":{"rendered":"Okr\u0105g\u0142e okulary przeciws\u0142oneczne Cateye z pomara\u0144czowymi lustrzanymi soczewkami - Br\u0105zowy lampart"},"content":{"rendered":"<h2>Eleganckie okulary przeciws\u0142oneczne Cateye z pomara\u0144czowymi lustrzanymi soczewkami<\/h2>\n<p>\u0141adne okulary przeciws\u0142oneczne wykonane z matowego br\u0105zowego panterki i ze z\u0142otym metalowym mostkiem<\/p>\n<p>Szeroko\u015b\u0107: 13,6 cm.<br \/>\nWysoko\u015b\u0107: 5,2 cm.<br \/>\nD\u0142ugo\u015b\u0107 ramienia: 13,6 cm.<br \/>\nPowierzchnia: matowa<br \/>\nMateria\u0142: tworzywo sztuczne i metal<br \/>\nOchrona UV400<br \/>\nCertyfikat CE<\/p>","protected":false},"excerpt":{"rendered":"<p><strong>Okulary przeciws\u0142oneczne Blistered Cateye w br\u0105zowej panterce z pomara\u0144czowymi lustrzanymi soczewkami. Idealne, je\u015bli chcesz si\u0119 troch\u0119 wyr\u00f3\u017cni\u0107..<\/strong><\/p>\n<p>Ramka matowa<br \/>\nCertyfikat CE<br \/>\nOchrona UV400<\/p>","protected":false},"featured_media":8186,"comment_status":"open","ping_status":"closed","template":"","meta":{"om_disable_all_campaigns":false,"_monsterinsights_skip_tracking":false,"_monsterinsights_sitenote_active":false,"_monsterinsights_sitenote_note":"","_monsterinsights_sitenote_category":0},"product_brand":[],"product_cat":[1026,1025,1038],"product_tag":[774,435,776,564,872,870,843,747],"class_list":{"0":"post-6651","1":"product","2":"type-product","3":"status-publish","4":"has-post-thumbnail","6":"product_cat-dame-solbriller","7":"product_cat-billige-solbriller","8":"product_cat-runde-dame-solbriller","9":"product_tag-ar8096f","10":"product_tag-cateye","11":"product_tag-giorgio","12":"product_tag-k916","13":"product_tag-p10037","14":"product_tag-p693","15":"product_tag-s455","16":"product_tag-s470","18":"first","19":"instock","20":"shipping-taxable","21":"purchasable","22":"product-type-simple"},"yoast_head":"<!-- This site is optimized with the Yoast SEO plugin v27.5 - https:\/\/yoast.com\/product\/yoast-seo-wordpress\/ -->\n<title>Runde Cateye solbriller med orange spejlglas - Brun leopard | K\u00f8b online her | LOCS<\/title>\n<meta name=\"description\" content=\"K\u00f8b Runde Cateye solbriller med orange spejlglas - Brun leopard her | EU&#039;s st\u00f8rste udvalg af LOCS solbriller | Vi sender fra EU - Ingen ekstra import udgifter\" \/>\n<meta name=\"robots\" content=\"index, follow, max-snippet:-1, max-image-preview:large, max-video-preview:-1\" \/>\n<link rel=\"canonical\" href=\"https:\/\/locsshop.eu\/pl\/shop\/runde-cateye-solbriller-med-orange-spejlglas-brun-leopard\/\" \/>\n<meta property=\"og:locale\" content=\"pl_PL\" \/>\n<meta property=\"og:type\" content=\"article\" \/>\n<meta property=\"og:title\" content=\"Runde Cateye solbriller med orange spejlglas - Brun leopard | K\u00f8b online her | LOCS\" \/>\n<meta property=\"og:description\" content=\"K\u00f8b Runde Cateye solbriller med orange spejlglas - Brun leopard her | EU&#039;s st\u00f8rste udvalg af LOCS solbriller | Vi sender fra EU - Ingen ekstra import udgifter\" \/>\n<meta property=\"og:url\" content=\"https:\/\/locsshop.eu\/pl\/shop\/runde-cateye-solbriller-med-orange-spejlglas-brun-leopard\/\" \/>\n<meta property=\"og:site_name\" content=\"Locs Sunglasses - LOCS Supplier in EU\" \/>\n<meta property=\"article:modified_time\" content=\"2024-12-20T02:16:43+00:00\" \/>\n<meta property=\"og:image\" content=\"https:\/\/locsshop.eu\/wp-content\/uploads\/2020\/04\/S455-2-1.jpg\" \/>\n\t<meta property=\"og:image:width\" content=\"800\" \/>\n\t<meta property=\"og:image:height\" content=\"800\" \/>\n\t<meta property=\"og:image:type\" content=\"image\/jpeg\" \/>\n<meta name=\"twitter:card\" content=\"summary_large_image\" \/>\n<script type=\"application\/ld+json\" class=\"yoast-schema-graph\">{\"@context\":\"https:\\\/\\\/schema.org\",\"@graph\":[{\"@type\":\"WebPage\",\"@id\":\"https:\\\/\\\/locsshop.eu\\\/shop\\\/runde-cateye-solbriller-med-orange-spejlglas-brun-leopard\\\/\",\"url\":\"https:\\\/\\\/locsshop.eu\\\/shop\\\/runde-cateye-solbriller-med-orange-spejlglas-brun-leopard\\\/\",\"name\":\"Runde Cateye solbriller med orange spejlglas - Brun leopard | K\u00f8b online her | LOCS\",\"isPartOf\":{\"@id\":\"https:\\\/\\\/locsshop.eu\\\/#website\"},\"primaryImageOfPage\":{\"@id\":\"https:\\\/\\\/locsshop.eu\\\/shop\\\/runde-cateye-solbriller-med-orange-spejlglas-brun-leopard\\\/#primaryimage\"},\"image\":{\"@id\":\"https:\\\/\\\/locsshop.eu\\\/shop\\\/runde-cateye-solbriller-med-orange-spejlglas-brun-leopard\\\/#primaryimage\"},\"thumbnailUrl\":\"https:\\\/\\\/locsshop.eu\\\/wp-content\\\/uploads\\\/2020\\\/04\\\/S455-2-1.jpg\",\"datePublished\":\"2020-04-19T19:05:56+00:00\",\"dateModified\":\"2024-12-20T02:16:43+00:00\",\"description\":\"K\u00f8b Runde Cateye solbriller med orange spejlglas - Brun leopard her | EU's st\u00f8rste udvalg af LOCS solbriller | Vi sender fra EU - Ingen ekstra import udgifter\",\"breadcrumb\":{\"@id\":\"https:\\\/\\\/locsshop.eu\\\/shop\\\/runde-cateye-solbriller-med-orange-spejlglas-brun-leopard\\\/#breadcrumb\"},\"inLanguage\":\"pl-PL\",\"potentialAction\":[{\"@type\":\"ReadAction\",\"target\":[\"https:\\\/\\\/locsshop.eu\\\/shop\\\/runde-cateye-solbriller-med-orange-spejlglas-brun-leopard\\\/\"]}]},{\"@type\":\"ImageObject\",\"inLanguage\":\"pl-PL\",\"@id\":\"https:\\\/\\\/locsshop.eu\\\/shop\\\/runde-cateye-solbriller-med-orange-spejlglas-brun-leopard\\\/#primaryimage\",\"url\":\"https:\\\/\\\/locsshop.eu\\\/wp-content\\\/uploads\\\/2020\\\/04\\\/S455-2-1.jpg\",\"contentUrl\":\"https:\\\/\\\/locsshop.eu\\\/wp-content\\\/uploads\\\/2020\\\/04\\\/S455-2-1.jpg\",\"width\":800,\"height\":800},{\"@type\":\"BreadcrumbList\",\"@id\":\"https:\\\/\\\/locsshop.eu\\\/shop\\\/runde-cateye-solbriller-med-orange-spejlglas-brun-leopard\\\/#breadcrumb\",\"itemListElement\":[{\"@type\":\"ListItem\",\"position\":1,\"name\":\"Hjem\",\"item\":\"https:\\\/\\\/locsshop.eu\\\/\"},{\"@type\":\"ListItem\",\"position\":2,\"name\":\"Shop\",\"item\":\"https:\\\/\\\/locsshop.eu\\\/shop\\\/\"},{\"@type\":\"ListItem\",\"position\":3,\"name\":\"Runde Cateye solbriller med orange spejlglas &#8211; Brun leopard\"}]},{\"@type\":\"WebSite\",\"@id\":\"https:\\\/\\\/locsshop.eu\\\/#website\",\"url\":\"https:\\\/\\\/locsshop.eu\\\/\",\"name\":\"Locs Sunglasses - LOCS Supplier in EU\",\"description\":\"We sell cheap LOCS Sunglasses\",\"publisher\":{\"@id\":\"https:\\\/\\\/locsshop.eu\\\/#organization\"},\"potentialAction\":[{\"@type\":\"SearchAction\",\"target\":{\"@type\":\"EntryPoint\",\"urlTemplate\":\"https:\\\/\\\/locsshop.eu\\\/?s={search_term_string}\"},\"query-input\":{\"@type\":\"PropertyValueSpecification\",\"valueRequired\":true,\"valueName\":\"search_term_string\"}}],\"inLanguage\":\"pl-PL\"},{\"@type\":\"Organization\",\"@id\":\"https:\\\/\\\/locsshop.eu\\\/#organization\",\"name\":\"Locsshop.eu\",\"url\":\"https:\\\/\\\/locsshop.eu\\\/\",\"logo\":{\"@type\":\"ImageObject\",\"inLanguage\":\"pl-PL\",\"@id\":\"https:\\\/\\\/locsshop.eu\\\/#\\\/schema\\\/logo\\\/image\\\/\",\"url\":\"https:\\\/\\\/locsshop.eu\\\/wp-content\\\/uploads\\\/2022\\\/02\\\/Locsshop-logo.png\",\"contentUrl\":\"https:\\\/\\\/locsshop.eu\\\/wp-content\\\/uploads\\\/2022\\\/02\\\/Locsshop-logo.png\",\"width\":930,\"height\":200,\"caption\":\"Locsshop.eu\"},\"image\":{\"@id\":\"https:\\\/\\\/locsshop.eu\\\/#\\\/schema\\\/logo\\\/image\\\/\"}}]}<\/script>\n<!-- \/ Yoast SEO plugin. -->","yoast_head_json":{"title":"Okr\u0105g\u0142e Okulary Cateye z Pomara\u0144czowymi Lustrzanymi Soczewkami - Br\u0105zowy Panterka | Kup online tutaj | MIEJSCE","description":"Kup okr\u0105g\u0142e okulary przeciws\u0142oneczne Cateye z pomara\u0144czowymi lustrzanymi soczewkami - Br\u0105zowy lampart tutaj | Najwi\u0119kszy wyb\u00f3r okular\u00f3w przeciws\u0142onecznych LOCS w UE | Wysy\u0142amy z UE - Bez dodatkowych koszt\u00f3w importu","robots":{"index":"index","follow":"follow","max-snippet":"max-snippet:-1","max-image-preview":"max-image-preview:large","max-video-preview":"max-video-preview:-1"},"canonical":"https:\/\/locsshop.eu\/pl\/shop\/runde-cateye-solbriller-med-orange-spejlglas-brun-leopard\/","og_locale":"pl_PL","og_type":"article","og_title":"Runde Cateye solbriller med orange spejlglas - Brun leopard | K\u00f8b online her | LOCS","og_description":"K\u00f8b Runde Cateye solbriller med orange spejlglas - Brun leopard her | EU's st\u00f8rste udvalg af LOCS solbriller | Vi sender fra EU - Ingen ekstra import udgifter","og_url":"https:\/\/locsshop.eu\/pl\/shop\/runde-cateye-solbriller-med-orange-spejlglas-brun-leopard\/","og_site_name":"Locs Sunglasses - LOCS Supplier in EU","article_modified_time":"2024-12-20T02:16:43+00:00","og_image":[{"width":800,"height":800,"url":"https:\/\/locsshop.eu\/wp-content\/uploads\/2020\/04\/S455-2-1.jpg","type":"image\/jpeg"}],"twitter_card":"summary_large_image","schema":{"@context":"https:\/\/schema.org","@graph":[{"@type":"WebPage","@id":"https:\/\/locsshop.eu\/shop\/runde-cateye-solbriller-med-orange-spejlglas-brun-leopard\/","url":"https:\/\/locsshop.eu\/shop\/runde-cateye-solbriller-med-orange-spejlglas-brun-leopard\/","name":"Okr\u0105g\u0142e Okulary Cateye z Pomara\u0144czowymi Lustrzanymi Soczewkami - Br\u0105zowy Panterka | Kup online tutaj | MIEJSCE","isPartOf":{"@id":"https:\/\/locsshop.eu\/#website"},"primaryImageOfPage":{"@id":"https:\/\/locsshop.eu\/shop\/runde-cateye-solbriller-med-orange-spejlglas-brun-leopard\/#primaryimage"},"image":{"@id":"https:\/\/locsshop.eu\/shop\/runde-cateye-solbriller-med-orange-spejlglas-brun-leopard\/#primaryimage"},"thumbnailUrl":"https:\/\/locsshop.eu\/wp-content\/uploads\/2020\/04\/S455-2-1.jpg","datePublished":"2020-04-19T19:05:56+00:00","dateModified":"2024-12-20T02:16:43+00:00","description":"Kup okr\u0105g\u0142e okulary przeciws\u0142oneczne Cateye z pomara\u0144czowymi lustrzanymi soczewkami - Br\u0105zowy lampart tutaj | Najwi\u0119kszy wyb\u00f3r okular\u00f3w przeciws\u0142onecznych LOCS w UE | Wysy\u0142amy z UE - Bez dodatkowych koszt\u00f3w importu","breadcrumb":{"@id":"https:\/\/locsshop.eu\/shop\/runde-cateye-solbriller-med-orange-spejlglas-brun-leopard\/#breadcrumb"},"inLanguage":"pl-PL","potentialAction":[{"@type":"ReadAction","target":["https:\/\/locsshop.eu\/shop\/runde-cateye-solbriller-med-orange-spejlglas-brun-leopard\/"]}]},{"@type":"ImageObject","inLanguage":"pl-PL","@id":"https:\/\/locsshop.eu\/shop\/runde-cateye-solbriller-med-orange-spejlglas-brun-leopard\/#primaryimage","url":"https:\/\/locsshop.eu\/wp-content\/uploads\/2020\/04\/S455-2-1.jpg","contentUrl":"https:\/\/locsshop.eu\/wp-content\/uploads\/2020\/04\/S455-2-1.jpg","width":800,"height":800},{"@type":"BreadcrumbList","@id":"https:\/\/locsshop.eu\/shop\/runde-cateye-solbriller-med-orange-spejlglas-brun-leopard\/#breadcrumb","itemListElement":[{"@type":"ListItem","position":1,"name":"Hjem","item":"https:\/\/locsshop.eu\/"},{"@type":"ListItem","position":2,"name":"Shop","item":"https:\/\/locsshop.eu\/shop\/"},{"@type":"ListItem","position":3,"name":"Runde Cateye solbriller med orange spejlglas &#8211; Brun leopard"}]},{"@type":"WebSite","@id":"https:\/\/locsshop.eu\/#website","url":"https:\/\/locsshop.eu\/","name":"Okulary przeciws\u0142oneczne Locs - Dostawca LOCS w UE","description":"Sprzedajemy tanie okulary przeciws\u0142oneczne LOCS","publisher":{"@id":"https:\/\/locsshop.eu\/#organization"},"potentialAction":[{"@type":"SearchAction","target":{"@type":"EntryPoint","urlTemplate":"https:\/\/locsshop.eu\/?s={search_term_string}"},"query-input":{"@type":"PropertyValueSpecification","valueRequired":true,"valueName":"search_term_string"}}],"inLanguage":"pl-PL"},{"@type":"Organization","@id":"https:\/\/locsshop.eu\/#organization","name":"Locsshop.eu","url":"https:\/\/locsshop.eu\/","logo":{"@type":"ImageObject","inLanguage":"pl-PL","@id":"https:\/\/locsshop.eu\/#\/schema\/logo\/image\/","url":"https:\/\/locsshop.eu\/wp-content\/uploads\/2022\/02\/Locsshop-logo.png","contentUrl":"https:\/\/locsshop.eu\/wp-content\/uploads\/2022\/02\/Locsshop-logo.png","width":930,"height":200,"caption":"Locsshop.eu"},"image":{"@id":"https:\/\/locsshop.eu\/#\/schema\/logo\/image\/"}}]}},"_links":{"self":[{"href":"https:\/\/locsshop.eu\/pl\/wp-json\/wp\/v2\/product\/6651","targetHints":{"allow":["GET"]}}],"collection":[{"href":"https:\/\/locsshop.eu\/pl\/wp-json\/wp\/v2\/product"}],"about":[{"href":"https:\/\/locsshop.eu\/pl\/wp-json\/wp\/v2\/types\/product"}],"replies":[{"embeddable":true,"href":"https:\/\/locsshop.eu\/pl\/wp-json\/wp\/v2\/comments?post=6651"}],"wp:featuredmedia":[{"embeddable":true,"href":"https:\/\/locsshop.eu\/pl\/wp-json\/wp\/v2\/media\/8186"}],"wp:attachment":[{"href":"https:\/\/locsshop.eu\/pl\/wp-json\/wp\/v2\/media?parent=6651"}],"wp:term":[{"taxonomy":"product_brand","embeddable":true,"href":"https:\/\/locsshop.eu\/pl\/wp-json\/wp\/v2\/product_brand?post=6651"},{"taxonomy":"product_cat","embeddable":true,"href":"https:\/\/locsshop.eu\/pl\/wp-json\/wp\/v2\/product_cat?post=6651"},{"taxonomy":"product_tag","embeddable":true,"href":"https:\/\/locsshop.eu\/pl\/wp-json\/wp\/v2\/product_tag?post=6651"}],"curies":[{"name":"wp","href":"https:\/\/api.w.org\/{rel}","templated":true}]}}